{"id":3361,"date":"2023-06-26T20:07:08","date_gmt":"2023-06-26T17:07:08","guid":{"rendered":"https:\/\/dev.umfst.ro\/facultatea-de-medicina\/?page_id=3361"},"modified":"2025-06-05T11:27:52","modified_gmt":"2025-06-05T08:27:52","slug":"pediatrie-i","status":"publish","type":"page","link":"https:\/\/umfst.ro\/facultatea-de-medicina\/hu\/departamente-si-discipline\/m3-discipline-clinice-si-medico-chirurgicale\/pediatrie-i\/","title":{"rendered":"Pediatrie I"},"content":{"rendered":"<div data-elementor-type=\"wp-page\" data-elementor-id=\"3361\" class=\"elementor elementor-3361\" data-elementor-post-type=\"page\">\n\t\t\t\t\t\t<section class=\"elementor-section elementor-top-section elementor-element elementor-element-7a83ac91 elementor-section-boxed elementor-section-height-default elementor-section-height-default\" data-id=\"7a83ac91\" data-element_type=\"section\" data-e-type=\"section\">\n\t\t\t\t\t\t<div class=\"elementor-container elementor-column-gap-default\">\n\t\t\t\t\t<div class=\"elementor-column elementor-col-50 elementor-top-column elementor-element elementor-element-3e42cb35\" data-id=\"3e42cb35\" data-element_type=\"column\" data-e-type=\"column\">\n\t\t\t<div class=\"elementor-widget-wrap elementor-element-populated\">\n\t\t\t\t\t\t<div class=\"elementor-element elementor-element-e466ab4 elementor-widget elementor-widget-text-editor\" data-id=\"e466ab4\" data-element_type=\"widget\" data-e-type=\"widget\" data-widget_type=\"text-editor.default\">\n\t\t\t\t<div class=\"elementor-widget-container\">\n\t\t\t\t\t\t\t\t\t<h2>Colectivul disciplinei<\/h2><p><strong>\u0218ef disciplin\u0103<\/strong><br \/>Prof. univ. dr. Cristina-Oana M\u0103rginean &#8211;\u00a0<a href=\"https:\/\/www.umfst.ro\/fileadmin\/f_medicina\/Cadre_didactice\/2025-2026\/Departament_M3\/Pediatrie_I\/CV Marginean_Cristina_Oana_RO.pdf\" target=\"_blank\" rel=\"noopener\" data-wplink-url-error=\"true\">CV<\/a><\/p><p><strong>Membri<br \/><\/strong>Prof univ. dr. Muntean Carmen &#8211; <a href=\"https:\/\/www.umfst.ro\/fileadmin\/f_medicina\/Cadre_didactice\/2025-2026\/Departament_M3\/Pediatrie_I\/CV_Muntean C site_UMFST_Ro_ 2025.pdf\" data-wplink-url-error=\"true\">CV<\/a><br \/>\u0218ef lucr. dr. Mihaela Chince\u0219an &#8211; <a href=\"https:\/\/www.umfst.ro\/fileadmin\/f_medicina\/Cadre_didactice\/2025-2026\/Departament_M3\/Pediatrie_I\/CV Chincesan M_site_UMFST 2025-1.pdf\" target=\"_blank\" rel=\"noopener\" data-wplink-url-error=\"true\">CV<\/a><br \/>\u0218ef lucr. dr. Ana-Maria Pitea &#8211; <a href=\"https:\/\/www.umfst.ro\/fileadmin\/f_medicina\/Cadre_didactice\/2025-2026\/Departament_M3\/Pediatrie_I\/CV_Pitea_Ana Maria_2025.pdf\" target=\"_blank\" rel=\"noopener\" data-wplink-url-error=\"true\">CV<\/a><br \/>\u0218ef lucr. dr. Borka Balas-Reka &#8211; <a href=\"https:\/\/www.umfst.ro\/fileadmin\/f_medicina\/Cadre_didactice\/2025-2026\/Departament_M3\/Pediatrie_I\/CV_Borka Balas_Reka_2025.pdf\" target=\"_blank\" rel=\"noopener\" data-wplink-url-error=\"true\">CV<\/a><br \/>Asist. univ. dr. Alina Grama &#8211; <a href=\"https:\/\/www.umfst.ro\/fileadmin\/f_medicina\/Cadre_didactice\/2025-2026\/Departament_M3\/Pediatrie_I\/CV Grama Alina_CV_site_UMFST.pdf\" target=\"_blank\" rel=\"noopener\" data-wplink-url-error=\"true\">CV<\/a><br \/>Asist univ. dr. Man Lidia &#8211; Medicin\u0103 englez\u0103 &#8211; <a href=\"https:\/\/www.umfst.ro\/fileadmin\/f_medicina\/Cadre_didactice\/2025-2026\/Departament_M3\/Pediatrie_I\/CV Lidia Man.pdf\" data-wplink-url-error=\"true\">CV<\/a><br \/>Asist. univ. dr. Andreea-Ligia Dinc\u0103 &#8211; <a href=\"https:\/\/www.umfst.ro\/fileadmin\/f_medicina\/Cadre_didactice\/2025-2026\/Departament_M3\/Pediatrie_I\/CV_DINCA ANDREEA 2025.pdf\" target=\"_blank\" rel=\"noopener\" data-wplink-url-error=\"true\">CV<\/a><br \/>Asist. univ. dr Mare\u0219 Cristina Roxana &#8211; Medicin\u0103 englez\u0103 &#8211; <a href=\"https:\/\/www.umfst.ro\/fileadmin\/f_medicina\/Cadre_didactice\/2025-2026\/Departament_M3\/Pediatrie_I\/cv Mares Cristina.pdf\" data-wplink-url-error=\"true\">CV<\/a><br \/>Asist univ drd. Stoica Andreea Bianca &#8211; Medicin\u0103 englez\u0103 &#8211; <a href=\"https:\/\/www.umfst.ro\/fileadmin\/f_medicina\/Cadre_didactice\/2025-2026\/Departament_M3\/Pediatrie_I\/CV Stoica Andreea 2025.pdf\" data-wplink-url-error=\"true\">CV<\/a><br \/>Asist. univ. drd. Heidrun Adumitr\u0103chioaiei &#8211; <a href=\"https:\/\/www.umfst.ro\/fileadmin\/f_medicina\/Cadre_didactice\/2025-2026\/Departament_M3\/Pediatrie_I\/CV_Adumitra\u0306chioaiei.pdf\" target=\"_blank\" rel=\"noopener\">CV<\/a><\/p>\t\t\t\t\t\t\t\t<\/div>\n\t\t\t\t<\/div>\n\t\t\t\t<div class=\"elementor-element elementor-element-7439fbb elementor-widget elementor-widget-text-editor\" data-id=\"7439fbb\" data-element_type=\"widget\" data-e-type=\"widget\" data-widget_type=\"text-editor.default\">\n\t\t\t\t<div class=\"elementor-widget-container\">\n\t\t\t\t\t\t\t\t\t<h2>Activitate didactic\u0103<\/h2>\t\t\t\t\t\t\t\t<\/div>\n\t\t\t\t<\/div>\n\t\t\t\t<div class=\"elementor-element elementor-element-84ff91c elementor-widget elementor-widget-jet-accordion\" data-id=\"84ff91c\" data-element_type=\"widget\" data-e-type=\"widget\" data-widget_type=\"jet-accordion.default\">\n\t\t\t\t<div class=\"elementor-widget-container\">\n\t\t\t\t\t\t\t\t\t<div class=\"jet-accordion\" data-settings=\"{&quot;collapsible&quot;:false,&quot;ajaxTemplate&quot;:false,&quot;switchScrolling&quot;:false,&quot;switchScrollingTablet&quot;:false,&quot;switchScrollingMobile&quot;:false,&quot;switchScrollingOffset&quot;:{&quot;size&quot;:0,&quot;unit&quot;:&quot;px&quot;},&quot;switchScrollingOffsetTablet&quot;:{&quot;size&quot;:0,&quot;unit&quot;:&quot;px&quot;},&quot;switchScrollingOffsetMobile&quot;:{&quot;size&quot;:0,&quot;unit&quot;:&quot;px&quot;},&quot;switchScrollingDelay&quot;:500,&quot;switchScrollingDelayTablet&quot;:500,&quot;switchScrollingDelayMobile&quot;:500}\">\n\t\t\t<div class=\"jet-accordion__inner\">\n\t\t\t\t<div class=\"jet-accordion__item jet-toggle jet-toggle-move-up-effect\">\n\t\t\t\t\t\t\t<div id=\"jet-toggle-control-1391\" class=\"jet-toggle__control elementor-menu-anchor\" data-toggle=\"1\" role=\"button\" tabindex=\"0\" aria-controls=\"jet-toggle-content-1391\" aria-expanded=\"false\" data-template-id=\"false\">\n\t\t\t\t\t\t\t\t<div class=\"jet-toggle__label-icon jet-toggle-icon-position-right\"><span class=\"jet-toggle__icon icon-normal jet-tabs-icon\"><svg xmlns=\"http:\/\/www.w3.org\/2000\/svg\" viewbox=\"0 0 448 512\"><path d=\"M256 80c0-17.7-14.3-32-32-32s-32 14.3-32 32V224H48c-17.7 0-32 14.3-32 32s14.3 32 32 32H192V432c0 17.7 14.3 32 32 32s32-14.3 32-32V288H400c17.7 0 32-14.3 32-32s-14.3-32-32-32H256V80z\"><\/path><\/svg><\/span><span class=\"jet-toggle__icon icon-active jet-tabs-icon\"><svg xmlns=\"http:\/\/www.w3.org\/2000\/svg\" viewbox=\"0 0 448 512\"><path d=\"M432 256c0 17.7-14.3 32-32 32L48 288c-17.7 0-32-14.3-32-32s14.3-32 32-32l352 0c17.7 0 32 14.3 32 32z\"><\/path><\/svg><\/span><\/div><div class=\"jet-toggle__label-text\">Cursuri pentru studen\u021bi<\/div>\t\t\t\t\t\t\t<\/div>\n\t\t\t\t\t\t\t<div id=\"jet-toggle-content-1391\" class=\"jet-toggle__content\" data-toggle=\"1\" role=\"region\" data-template-id=\"false\">\n\t\t\t\t\t\t\t\t<div class=\"jet-toggle__content-inner\"><p>(materie predat\u0103 \u2013 an, program de studii \u2013 titular de curs )<\/p><ol><li>Pediatrie \u2013 anul V, medicin\u0103 (LR seria II) \u2013 Prof. univ. dr. M\u0103rginean Oana<\/li><li>Pediatrie \u2013 anul V, medicin\u0103 (LE) \u2013 Prof. univ. dr. M\u0103rginean Oana, Conf. univ. dr Duicu Carmen<\/li><li>Puericultur\u0103 \u2013 engl, anul IV, MLE + Pediatrie LE an V MG \u2013 Conf. univ. dr Duicu Carmen<\/li><li>Semiologie Pediatric\u0103 op\u021bional LR\/LE\/LM \u2013 Prof. univ. dr. M\u0103rginean Oana\/Conf. univ. dr Duicu Carmen\/ \u0218ef lucr. Dr. Borka Bal\u00e1s R\u00e9ka<\/li><li>Pediatrie \u2013 Medicin\u0103 Dentar\u0103 LE \u2013 \u0218ef lucr.. Dr. Chince\u015fan Mihaela<\/li><li>Nutri\u021bia ciclului de via\u021b\u0103 \u2013 anul II, Master Nutri\u021bie \u2013 \u0218ef lucr Dr Pitea Ana Maria<\/li><li>Nutri\u021bia copilului s\u0103n\u0103tos \u0219i bolnav \u2013 anul II, Nutri\u021bie \u2013 Prof. univ. dr. M\u0103rginean Oana<\/li><li>Nursing general \u2013 anul I, Asist. Medical\u0103, LM \u2013 \u0218ef lucr. Dr. Borka Bal\u00e1s R\u00e9ka<\/li><li>Ingrijiri paleative LR \u2013 \u0218ef lucr.. Dr. Chince\u015fan Mihaela<\/li><li>Dietoterapie in intolerante si alergii alimentare, LR, Nutri\u021bie an II \u2013 \u0218ef lucr.. Dr. Chince\u015fan Mihaela<\/li><\/ol><\/div>\n\t\t\t\t\t\t\t<\/div>\n\t\t\t\t\t\t<\/div><div class=\"jet-accordion__item jet-toggle jet-toggle-move-up-effect\">\n\t\t\t\t\t\t\t<div id=\"jet-toggle-control-1392\" class=\"jet-toggle__control elementor-menu-anchor\" data-toggle=\"2\" role=\"button\" tabindex=\"0\" aria-controls=\"jet-toggle-content-1392\" aria-expanded=\"false\" data-template-id=\"false\">\n\t\t\t\t\t\t\t\t<div class=\"jet-toggle__label-icon jet-toggle-icon-position-right\"><span class=\"jet-toggle__icon icon-normal jet-tabs-icon\"><svg xmlns=\"http:\/\/www.w3.org\/2000\/svg\" viewbox=\"0 0 448 512\"><path d=\"M256 80c0-17.7-14.3-32-32-32s-32 14.3-32 32V224H48c-17.7 0-32 14.3-32 32s14.3 32 32 32H192V432c0 17.7 14.3 32 32 32s32-14.3 32-32V288H400c17.7 0 32-14.3 32-32s-14.3-32-32-32H256V80z\"><\/path><\/svg><\/span><span class=\"jet-toggle__icon icon-active jet-tabs-icon\"><svg xmlns=\"http:\/\/www.w3.org\/2000\/svg\" viewbox=\"0 0 448 512\"><path d=\"M432 256c0 17.7-14.3 32-32 32L48 288c-17.7 0-32-14.3-32-32s14.3-32 32-32l352 0c17.7 0 32 14.3 32 32z\"><\/path><\/svg><\/span><\/div><div class=\"jet-toggle__label-text\">Stagii clinice, lucr\u0103ri practice<\/div>\t\t\t\t\t\t\t<\/div>\n\t\t\t\t\t\t\t<div id=\"jet-toggle-content-1392\" class=\"jet-toggle__content\" data-toggle=\"2\" role=\"region\" data-template-id=\"false\">\n\t\t\t\t\t\t\t\t<div class=\"jet-toggle__content-inner\"><ol><li>Prof. univ. dr. M\u0103rginean Oana \u2013 Pediatrie \u2013 MG an V, LR \u2013 stagiu clinic<\/li><li>Conf. univ. dr. Duicu Carmen \u2013 Pediatrie \u2013 anul V, medicin\u0103 LE \u2013 stagiu clinic \u2013 Puericultur\u0103 \u2013 anul IV, medicin\u0103, englez\u0103 \u2013 lucr\u0103ri practice<\/li><li>\u0218ef lucr. dr. Borka Bal\u00e1s R\u00e9ka \u2013 Pediatrie \u2013 anul V, medicin\u0103 LR, LE \u2013 stagiu clinic \u2013 Puericultur\u0103 \u2013 anul IV, medicin\u0103, LR \u2013 lucr\u0103ri practice<\/li><li>\u0218ef lucr. dr. Mihaela Chince\u0219an \u2013 Pediatrie \u2013 anul V, medicin\u0103 LR \u2013 stagiu clinic \u2013 Puericultur\u0103 \u2013 anul IV, medicin\u0103, LR \u2013 lucr\u0103ri practice \u2013 Pediatrie \u2013 Medicin\u0103 Dentar\u0103 LE \u2013 Dietoterapie in intolerante si alergii alimentare, LR \u2013 LP<\/li><li>\u0218ef lucr. dr. Ana Maria Pitea \u2013 Pediatrie \u2013 anul V, medicin\u0103 LR \u2013 stagiu clinic \u2013 Nutri\u021bia copilului s\u0103n\u0103tos \u0219i bolnav an II \u2013 lucr\u0103ri practice<\/li><li>Asist. univ. dr. Alina Grama \u2013 Pediatrie \u2013 anul V, medicin\u0103 LR \u2013 stagiu clinic<\/li><li>Asist. univ. dr. Man Lidia \u2013 Pediatrie \u2013 anul V, medicin\u0103 LE \u2013 stagiu clinic \u2013 Puericultur\u0103 \u2013 anul IV, medicin\u0103, LE \u2013 lucr\u0103ri practice<\/li><li>Asist. univ. dr. Lorena Elena Meli\u021b \u2013 Pediatrie \u2013 anul V, medicin\u0103 LR \u2013 stagiu clinic \u2013 Puericultur\u0103 \u2013 anul IV, medicin\u0103, LR \u2013 lucr\u0103ri practice<\/li><\/ol><\/div>\n\t\t\t\t\t\t\t<\/div>\n\t\t\t\t\t\t<\/div><div class=\"jet-accordion__item jet-toggle jet-toggle-move-up-effect\">\n\t\t\t\t\t\t\t<div id=\"jet-toggle-control-1393\" class=\"jet-toggle__control elementor-menu-anchor\" data-toggle=\"3\" role=\"button\" tabindex=\"0\" aria-controls=\"jet-toggle-content-1393\" aria-expanded=\"false\" data-template-id=\"false\">\n\t\t\t\t\t\t\t\t<div class=\"jet-toggle__label-icon jet-toggle-icon-position-right\"><span class=\"jet-toggle__icon icon-normal jet-tabs-icon\"><svg xmlns=\"http:\/\/www.w3.org\/2000\/svg\" viewbox=\"0 0 448 512\"><path d=\"M256 80c0-17.7-14.3-32-32-32s-32 14.3-32 32V224H48c-17.7 0-32 14.3-32 32s14.3 32 32 32H192V432c0 17.7 14.3 32 32 32s32-14.3 32-32V288H400c17.7 0 32-14.3 32-32s-14.3-32-32-32H256V80z\"><\/path><\/svg><\/span><span class=\"jet-toggle__icon icon-active jet-tabs-icon\"><svg xmlns=\"http:\/\/www.w3.org\/2000\/svg\" viewbox=\"0 0 448 512\"><path d=\"M432 256c0 17.7-14.3 32-32 32L48 288c-17.7 0-32-14.3-32-32s14.3-32 32-32l352 0c17.7 0 32 14.3 32 32z\"><\/path><\/svg><\/span><\/div><div class=\"jet-toggle__label-text\">Manuale \u0219i \u00eendrum\u0103toare de lucr\u0103ri practice<\/div>\t\t\t\t\t\t\t<\/div>\n\t\t\t\t\t\t\t<div id=\"jet-toggle-content-1393\" class=\"jet-toggle__content\" data-toggle=\"3\" role=\"region\" data-template-id=\"false\">\n\t\t\t\t\t\t\t\t<div class=\"jet-toggle__content-inner\"><ol><li>M\u0103rginean CO , Meli\u021b LE. Recomand\u0103ri actuale \u00een diagnosticul obezit\u0103\u021bii la copil. Editura University Press T\u00eergu Mure\u015f 2020, 69 pg, ISBN 978-973-169-631-7, cod CNCSIS 210<\/li><li>M\u0103rginean CO , Tog\u0103nel R, Duicu C, Chince\u015fan M, Borka Balas R, Pitea AM, Grama A, Man L, Meli\u0163 LE, M\u0103rginean MO. Pediatrie Note de curs. Editura University Press T\u00eergu Mure\u015f 2018, 358 pg, ISBN 978-973-169-529-7, cod CNCSIS 210<\/li><li>M\u0103rginean O , Pop A, Martellini L, Meli\u0163 L, Chince\u015fan M, et al. Softskills in pediatrics. Editura University Press T\u00eergu Mure\u015f 2018, 123 pg, ISBN 978-973-169-528-0<\/li><li>M\u0103rginean Cmure\u0219an D, M\u0103rginean O, Nutri\u021bia femeii gravide \u0219i a nou n\u0103scutului, Editura University Press Tg. Mure\u015f, 2017, 112 pag, ISBN 978-973-169-483-2, cod CNCSIS 210<\/li><li>M\u0103rginean C O Duicu C Chince\u0219an M Borka Balas R Grama A Pitea A M Man L, Sindroame \u00een pediatrie, Editura University Press, Tg. Mure\u0219, 2016, 312 pag ISBN 978-973-169-469-6, cod CNCSIS 210, editor coordonator \u0219i autor principal<\/li><li>M\u0103rginean C O M\u0103rginean C Duicu C Chince\u0219an M Borka Balas R Grama A Pitea A M Man L Meli\u021b L Clinical Cases in pediatrics, Editura University Press, Tg. Mure\u0219, 2016, 294 pag, ISBN 978-973-169-423-8, cod CNCSIS 210, editor coordonator \u0219i autor principal<\/li><li>M\u0103rginean C O M\u0103rginean C Duicu C Chince\u0219an M Borka Balas R Grama A Pitea A M Man L Meli\u021b L Cazuri Clinice \u00een Pediatrie, Editura University Press, Tg. Mure\u0219, 2015, 275 pag, ISBN 978-973-169-423-8, cod CNCSIS 210, editor coordonator \u0219i autor principal<\/li><li>Georgescu A M M\u0103rginean C O Tarcea M Nutri\u021bia \u00een bolile hepatice. Editura University Press T\u00eergu Mure\u0219, 2014, 186 pg, ISBN 978-973-169-320-0, cod CNCSIS 210<\/li><li>M\u0103rginean C O Tog\u0103nel R Cucerea M Balas Borka R Duicu C Chince\u0219an M Grama A Pitea A M Pediatrie \u2013 Note de curs, Publishing Company University Press Tg. Mure\u0219, 2013, 280 pg, ISBN 978-973-169-265-4, CIP 616-053.2(075.8), CNCSIS code 210<\/li><li>M\u0103rginean C O Tog\u0103nel R Cucerea M Balas Borka R Duicu C Chince\u0219an M Grama A Pitea A M Pediatrics \u2013 course notes, Publishing Company University Press Tg. Mure\u0219, 2013, 268 pg, ISBN 978-973-169-266-41, CIP 616-053.2(075.8), CNCSIS code 210<\/li><li>M\u0103rginean C O Care and nutrition of newborn and toddler, Publishing Company University Press Tg. Mure\u0219, 2012, 169 pg, ISBN 978-973-169-179-4, CIP 616-053.2, CNCSIS code 210<\/li><li>Cristina Oana M\u0103rginean: Nutri\u021bia copilului s\u0103n\u0103tos \u0219i bolnav, Ed. University Press Tg. Mure\u0219, 2010, ISBN 978-973-169-134-3<\/li><li>Baghiu Maria Despina, Grama Alina Corina, M\u0103rginean Cristina Oana, Cap\u00eelna Br\u00eendu\u0219a, Borka Balas Reka, Sava Cristian Nicolae. Caiete de semiologie pediatric\u0103, Ed. University Press Tg. Mure\u0219, 2012, ISBN 978-973-169-178-7<\/li><li>Baghiu Maria Despina, Chince\u0219an Mihaela, M\u0103rginean Oana, Moldovan Diana, Pitea Ana Maria. \u00cendreptar practic de diagnostic diferen\u021bial \u00een pediatrie, Ed. University Press Tg. Mure\u0219, 2011, ISBN 978-973-169-162-6<\/li><li>Cristina Oana M\u0103rginean: Lec\u021biuni de nursing general, Litografia UMF Tg. Mure\u0219, 2005<\/li><li>Cristina Oana M\u0103rginean: Nutri\u021bia \u0219i Alimenta\u021bia sugarului \u0219i copilului mic, Litografia UMF Tg. Mure\u0219, 2004<\/li><\/ol><\/div>\n\t\t\t\t\t\t\t<\/div>\n\t\t\t\t\t\t<\/div>\t\t\t<\/div>\n\t\t<\/div>\n\t\t\t\t\t\t<\/div>\n\t\t\t\t<\/div>\n\t\t\t\t\t<\/div>\n\t\t<\/div>\n\t\t\t\t<div class=\"elementor-column elementor-col-50 elementor-top-column elementor-element elementor-element-72fa887\" data-id=\"72fa887\" data-element_type=\"column\" data-e-type=\"column\">\n\t\t\t<div class=\"elementor-widget-wrap elementor-element-populated\">\n\t\t\t\t\t\t<section class=\"elementor-section elementor-inner-section elementor-element elementor-element-7485cfc elementor-section-boxed elementor-section-height-default elementor-section-height-default\" data-id=\"7485cfc\" data-element_type=\"section\" data-e-type=\"section\">\n\t\t\t\t\t\t<div class=\"elementor-container elementor-column-gap-default\">\n\t\t\t\t\t<div data-dce-background-color=\"#F2F7FF\" class=\"elementor-column elementor-col-100 elementor-inner-column elementor-element elementor-element-c962b57\" data-id=\"c962b57\" data-element_type=\"column\" data-e-type=\"column\" data-settings=\"{&quot;background_background&quot;:&quot;classic&quot;}\">\n\t\t\t<div class=\"elementor-widget-wrap elementor-element-populated\">\n\t\t\t\t\t\t<div class=\"elementor-element elementor-element-e19ec94 elementor-widget elementor-widget-heading\" data-id=\"e19ec94\" data-element_type=\"widget\" data-e-type=\"widget\" data-widget_type=\"heading.default\">\n\t\t\t\t<div class=\"elementor-widget-container\">\n\t\t\t\t\t<h5 class=\"elementor-heading-title elementor-size-default\">Contact<\/h5>\t\t\t\t<\/div>\n\t\t\t\t<\/div>\n\t\t\t\t<div class=\"elementor-element elementor-element-59f48a3 elementor-widget-divider--view-line elementor-widget elementor-widget-divider\" data-id=\"59f48a3\" data-element_type=\"widget\" data-e-type=\"widget\" data-widget_type=\"divider.default\">\n\t\t\t\t<div class=\"elementor-widget-container\">\n\t\t\t\t\t\t\t<div class=\"elementor-divider\">\n\t\t\t<span class=\"elementor-divider-separator\">\n\t\t\t\t\t\t<\/span>\n\t\t<\/div>\n\t\t\t\t\t\t<\/div>\n\t\t\t\t<\/div>\n\t\t\t\t<div class=\"elementor-element elementor-element-939886c elementor-widget elementor-widget-icon-box\" data-id=\"939886c\" data-element_type=\"widget\" data-e-type=\"widget\" data-widget_type=\"icon-box.default\">\n\t\t\t\t<div class=\"elementor-widget-container\">\n\t\t\t\t\t\t\t<div class=\"elementor-icon-box-wrapper\">\n\n\t\t\t\n\t\t\t\t\t\t<div class=\"elementor-icon-box-content\">\n\n\t\t\t\t\t\t\t\t\t<h3 class=\"elementor-icon-box-title\">\n\t\t\t\t\t\t<span  >\n\t\t\t\t\t\t\tSec\u021bia clinic\u0103\t\t\t\t\t\t<\/span>\n\t\t\t\t\t<\/h3>\n\t\t\t\t\n\t\t\t\t\t\t\t\t\t<p class=\"elementor-icon-box-description\">\n\t\t\t\t\t\tPediatrie \u2013 SCJU Tg. Mure\u0219\t\t\t\t\t<\/p>\n\t\t\t\t\n\t\t\t<\/div>\n\t\t\t\n\t\t<\/div>\n\t\t\t\t\t\t<\/div>\n\t\t\t\t<\/div>\n\t\t\t\t<div class=\"elementor-element elementor-element-df4fd2c elementor-widget elementor-widget-icon-box\" data-id=\"df4fd2c\" data-element_type=\"widget\" data-e-type=\"widget\" data-widget_type=\"icon-box.default\">\n\t\t\t\t<div class=\"elementor-widget-container\">\n\t\t\t\t\t\t\t<div class=\"elementor-icon-box-wrapper\">\n\n\t\t\t\n\t\t\t\t\t\t<div class=\"elementor-icon-box-content\">\n\n\t\t\t\t\t\t\t\t\t<h3 class=\"elementor-icon-box-title\">\n\t\t\t\t\t\t<span  >\n\t\t\t\t\t\t\tAdres\u0103\t\t\t\t\t\t<\/span>\n\t\t\t\t\t<\/h3>\n\t\t\t\t\n\t\t\t\t\t\t\t\t\t<p class=\"elementor-icon-box-description\">\n\t\t\t\t\t\tSpitalul Clinic Jude\u021bean de Urgen\u021b\u0103 Mure\u0219, <br>\nStr. Gheorghe Marinescu Nr. 50\nT\u00e2rgu Mure\u0219, 540136 Rom\u00e2nia\n\n \t\t\t\t\t<\/p>\n\t\t\t\t\n\t\t\t<\/div>\n\t\t\t\n\t\t<\/div>\n\t\t\t\t\t\t<\/div>\n\t\t\t\t<\/div>\n\t\t\t\t<div class=\"elementor-element elementor-element-1cc5292 elementor-widget elementor-widget-icon-box\" data-id=\"1cc5292\" data-element_type=\"widget\" data-e-type=\"widget\" data-widget_type=\"icon-box.default\">\n\t\t\t\t<div class=\"elementor-widget-container\">\n\t\t\t\t\t\t\t<div class=\"elementor-icon-box-wrapper\">\n\n\t\t\t\n\t\t\t\t\t\t<div class=\"elementor-icon-box-content\">\n\n\t\t\t\t\t\t\t\t\t<h3 class=\"elementor-icon-box-title\">\n\t\t\t\t\t\t<span  >\n\t\t\t\t\t\t\tE-mail\t\t\t\t\t\t<\/span>\n\t\t\t\t\t<\/h3>\n\t\t\t\t\n\t\t\t\t\t\t\t\t\t<p class=\"elementor-icon-box-description\">\n\t\t\t\t\t\toana.marginean@umfst.ro\t\t\t\t\t<\/p>\n\t\t\t\t\n\t\t\t<\/div>\n\t\t\t\n\t\t<\/div>\n\t\t\t\t\t\t<\/div>\n\t\t\t\t<\/div>\n\t\t\t\t<div class=\"elementor-element elementor-element-2c3b4d3 elementor-widget elementor-widget-icon-box\" data-id=\"2c3b4d3\" data-element_type=\"widget\" data-e-type=\"widget\" data-widget_type=\"icon-box.default\">\n\t\t\t\t<div class=\"elementor-widget-container\">\n\t\t\t\t\t\t\t<div class=\"elementor-icon-box-wrapper\">\n\n\t\t\t\n\t\t\t\t\t\t<div class=\"elementor-icon-box-content\">\n\n\t\t\t\t\t\t\t\t\t<h3 class=\"elementor-icon-box-title\">\n\t\t\t\t\t\t<span  >\n\t\t\t\t\t\t\tTelefon\t\t\t\t\t\t<\/span>\n\t\t\t\t\t<\/h3>\n\t\t\t\t\n\t\t\t\t\t\t\t\t\t<p class=\"elementor-icon-box-description\">\n\t\t\t\t\t\t0265-211518<br>\n0723-278543\t\t\t\t\t<\/p>\n\t\t\t\t\n\t\t\t<\/div>\n\t\t\t\n\t\t<\/div>\n\t\t\t\t\t\t<\/div>\n\t\t\t\t<\/div>\n\t\t\t\t\t<\/div>\n\t\t<\/div>\n\t\t\t\t\t<\/div>\n\t\t<\/section>\n\t\t\t\t\t<\/div>\n\t\t<\/div>\n\t\t\t\t\t<\/div>\n\t\t<\/section>\n\t\t\t\t<\/div>","protected":false},"excerpt":{"rendered":"<p>Colectivul disciplinei \u0218ef disciplin\u0103Prof. univ. dr. Cristina-Oana M\u0103rginean &#8211;\u00a0CV MembriProf univ. dr. Muntean Carmen &#8211; CV\u0218ef lucr. dr. Mihaela Chince\u0219an &#8211; CV\u0218ef lucr. dr. Ana-Maria Pitea &#8211; CV\u0218ef lucr. dr. Borka Balas-Reka &#8211; CVAsist. univ. dr. Alina Grama &#8211; CVAsist univ. dr. Man Lidia &#8211; Medicin\u0103 englez\u0103 &#8211; CVAsist. univ. dr. Andreea-Ligia Dinc\u0103 &#8211; CVAsist. [&hellip;]<\/p>\n","protected":false},"author":14,"featured_media":0,"parent":263,"menu_order":17,"comment_status":"closed","ping_status":"closed","template":"","meta":{"_relevanssi_hide_post":"","_relevanssi_hide_content":"","_relevanssi_pin_for_all":"","_relevanssi_pin_keywords":"","_relevanssi_unpin_keywords":"","_relevanssi_related_keywords":"","_relevanssi_related_include_ids":"","_relevanssi_related_exclude_ids":"","_relevanssi_related_no_append":"","_relevanssi_related_not_related":"","_relevanssi_related_posts":"1","_relevanssi_noindex_reason":"","footnotes":""},"categories":[13,40],"tags":[],"class_list":["post-3361","page","type-page","status-publish","hentry","category-pagina-cu-sidebar","category-pagina-departamente-si-discipline"],"meta_box":[],"_links":{"self":[{"href":"https:\/\/umfst.ro\/facultatea-de-medicina\/hu\/wp-json\/wp\/v2\/pages\/3361","targetHints":{"allow":["GET"]}}],"collection":[{"href":"https:\/\/umfst.ro\/facultatea-de-medicina\/hu\/wp-json\/wp\/v2\/pages"}],"about":[{"href":"https:\/\/umfst.ro\/facultatea-de-medicina\/hu\/wp-json\/wp\/v2\/types\/page"}],"author":[{"embeddable":true,"href":"https:\/\/umfst.ro\/facultatea-de-medicina\/hu\/wp-json\/wp\/v2\/users\/14"}],"replies":[{"embeddable":true,"href":"https:\/\/umfst.ro\/facultatea-de-medicina\/hu\/wp-json\/wp\/v2\/comments?post=3361"}],"version-history":[{"count":31,"href":"https:\/\/umfst.ro\/facultatea-de-medicina\/hu\/wp-json\/wp\/v2\/pages\/3361\/revisions"}],"predecessor-version":[{"id":8464,"href":"https:\/\/umfst.ro\/facultatea-de-medicina\/hu\/wp-json\/wp\/v2\/pages\/3361\/revisions\/8464"}],"up":[{"embeddable":true,"href":"https:\/\/umfst.ro\/facultatea-de-medicina\/hu\/wp-json\/wp\/v2\/pages\/263"}],"wp:attachment":[{"href":"https:\/\/umfst.ro\/facultatea-de-medicina\/hu\/wp-json\/wp\/v2\/media?parent=3361"}],"wp:term":[{"taxonomy":"category","embeddable":true,"href":"https:\/\/umfst.ro\/facultatea-de-medicina\/hu\/wp-json\/wp\/v2\/categories?post=3361"},{"taxonomy":"post_tag","embeddable":true,"href":"https:\/\/umfst.ro\/facultatea-de-medicina\/hu\/wp-json\/wp\/v2\/tags?post=3361"}],"curies":[{"name":"wp","href":"https:\/\/api.w.org\/{rel}","templated":true}]}}