{"id":3379,"date":"2023-06-26T20:19:16","date_gmt":"2023-06-26T17:19:16","guid":{"rendered":"https:\/\/dev.umfst.ro\/facultatea-de-medicina\/?page_id=3379"},"modified":"2025-06-05T11:55:11","modified_gmt":"2025-06-05T08:55:11","slug":"reumatologie-bfk-si-recuperare-medicala","status":"publish","type":"page","link":"https:\/\/umfst.ro\/facultatea-de-medicina\/hu\/departamente-si-discipline\/m3-discipline-clinice-si-medico-chirurgicale\/reumatologie-bfk-si-recuperare-medicala\/","title":{"rendered":"Reumatologie, BFK \u0219i recuperare medical\u0103"},"content":{"rendered":"<div data-elementor-type=\"wp-page\" data-elementor-id=\"3379\" class=\"elementor elementor-3379\" data-elementor-post-type=\"page\">\n\t\t\t\t\t\t<section class=\"elementor-section elementor-top-section elementor-element elementor-element-7a83ac91 elementor-section-boxed elementor-section-height-default elementor-section-height-default\" data-id=\"7a83ac91\" data-element_type=\"section\" data-e-type=\"section\">\n\t\t\t\t\t\t<div class=\"elementor-container elementor-column-gap-default\">\n\t\t\t\t\t<div class=\"elementor-column elementor-col-50 elementor-top-column elementor-element elementor-element-3e42cb35\" data-id=\"3e42cb35\" data-element_type=\"column\" data-e-type=\"column\">\n\t\t\t<div class=\"elementor-widget-wrap elementor-element-populated\">\n\t\t\t\t\t\t<div class=\"elementor-element elementor-element-e0a2cd2 elementor-widget elementor-widget-text-editor\" data-id=\"e0a2cd2\" data-element_type=\"widget\" data-e-type=\"widget\" data-widget_type=\"text-editor.default\">\n\t\t\t\t<div class=\"elementor-widget-container\">\n\t\t\t\t\t\t\t\t\t<h2>Colectivul disciplinei<\/h2><p><strong>Sef disciplina<\/strong><br \/>\u0218ef lucr. dr. Hora\u021biu-Valeriu Popoviciu &#8211; <a href=\"https:\/\/www.umfst.ro\/fileadmin\/f_medicina\/Cadre_didactice\/2025-2026\/Departament_M3\/Reumatologie\/Popoviciu Horatiu-Valeriu_CV_site_UMFST .pdf\" target=\"_blank\" rel=\"noopener\" data-wplink-url-error=\"true\">CV<\/a><\/p><p><strong>Membrii<\/strong><br \/>Asist. univ. dr. Bordean Liliana &#8211; <a href=\"https:\/\/www.umfst.ro\/fileadmin\/f_medicina\/Cadre_didactice\/2025-2026\/Departament_M3\/Reumatologie\/Bordean Liliana_CV_site_UMFST.pdf\" data-wplink-url-error=\"true\">CV<\/a><br \/>\u0218ef lucr. dr. Biro Anna-Iuliana &#8211; <a href=\"https:\/\/www.umfst.ro\/fileadmin\/f_medicina\/Cadre_didactice\/2025-2026\/Departament_M3\/Reumatologie\/Biro Anna-Iuliana_CV_site_UMFST.pdf\" target=\"_blank\" rel=\"noopener\" data-wplink-url-error=\"true\">CV<\/a><br \/>\u0218ef lucr. dr. Chi\u0219 Monica &#8211; ME2 &#8211; <a href=\"https:\/\/www.umfst.ro\/fileadmin\/f_medicina\/Cadre_didactice\/2025-2026\/Departament_M3\/Reumatologie\/Chis(Copotoiu) Monica(ME2)_CV_site_UMFST.pdf\" data-wplink-url-error=\"true\">CV<\/a><br \/>Asist. univ. dr. Nagy-Finna Timea-Csilla &#8211; <a href=\"https:\/\/www.umfst.ro\/fileadmin\/f_medicina\/Cadre_didactice\/2025-2026\/Departament_M3\/Reumatologie\/Nagy-Finna Timea-Csilla_CV_site_UMFST.pdf\" data-wplink-url-error=\"true\">CV<\/a><br \/>\u0218ef lucr. dr. Mirela P\u00e2rvu &#8211; <a href=\"https:\/\/www.umfst.ro\/fileadmin\/f_medicina\/Cadre_didactice\/2025-2026\/Departament_M3\/Reumatologie\/Parvu Mirela_CV_site_UMFST .pdf\" target=\"_blank\" rel=\"noopener\" data-wplink-url-error=\"true\">CV<\/a><br \/>Asist. univ. dr. Popescu Daniela-Manuela &#8211; ME2 &#8211; <a href=\"https:\/\/www.umfst.ro\/fileadmin\/f_medicina\/Cadre_didactice\/2025-2026\/Departament_M3\/Reumatologie\/Popescu Daniela-Manuela(ME2)_CV_site_UMFST.pdf\" data-wplink-url-error=\"true\">CV<\/a><br \/>\u0218ef lucr. dr. Szasz Simona &#8211; <a href=\"https:\/\/www.umfst.ro\/fileadmin\/f_medicina\/Cadre_didactice\/2025-2026\/Departament_M3\/Reumatologie\/Szasz Simona_CV_site_UMFST.pdf\" target=\"_blank\" rel=\"noopener\" data-wplink-url-error=\"true\">CV<\/a><br \/>Asist. univ. dr. Maria-Mihaela \u0218usc\u0103 &#8211; <a href=\"https:\/\/www.umfst.ro\/fileadmin\/f_medicina\/Cadre_didactice\/2025-2026\/Departament_M3\/Reumatologie\/Susca Maria-mihaela_CV_site_UMFST.pdf\" target=\"_blank\" rel=\"noopener\" data-wplink-url-error=\"true\">CV<\/a><\/p>\t\t\t\t\t\t\t\t<\/div>\n\t\t\t\t<\/div>\n\t\t\t\t<div class=\"elementor-element elementor-element-22c9da6 elementor-widget elementor-widget-text-editor\" data-id=\"22c9da6\" data-element_type=\"widget\" data-e-type=\"widget\" data-widget_type=\"text-editor.default\">\n\t\t\t\t<div class=\"elementor-widget-container\">\n\t\t\t\t\t\t\t\t\t<h2>Activitate didactic\u0103<\/h2>\t\t\t\t\t\t\t\t<\/div>\n\t\t\t\t<\/div>\n\t\t\t\t<div class=\"elementor-element elementor-element-84ff91c elementor-widget elementor-widget-jet-accordion\" data-id=\"84ff91c\" data-element_type=\"widget\" data-e-type=\"widget\" data-widget_type=\"jet-accordion.default\">\n\t\t\t\t<div class=\"elementor-widget-container\">\n\t\t\t\t\t\t\t\t\t<div class=\"jet-accordion\" data-settings=\"{&quot;collapsible&quot;:false,&quot;ajaxTemplate&quot;:false,&quot;switchScrolling&quot;:false,&quot;switchScrollingTablet&quot;:false,&quot;switchScrollingMobile&quot;:false,&quot;switchScrollingOffset&quot;:{&quot;size&quot;:0,&quot;unit&quot;:&quot;px&quot;},&quot;switchScrollingOffsetTablet&quot;:{&quot;size&quot;:0,&quot;unit&quot;:&quot;px&quot;},&quot;switchScrollingOffsetMobile&quot;:{&quot;size&quot;:0,&quot;unit&quot;:&quot;px&quot;},&quot;switchScrollingDelay&quot;:500,&quot;switchScrollingDelayTablet&quot;:500,&quot;switchScrollingDelayMobile&quot;:500}\">\n\t\t\t<div class=\"jet-accordion__inner\">\n\t\t\t\t<div class=\"jet-accordion__item jet-toggle jet-toggle-move-up-effect\">\n\t\t\t\t\t\t\t<div id=\"jet-toggle-control-1391\" class=\"jet-toggle__control elementor-menu-anchor\" data-toggle=\"1\" role=\"button\" tabindex=\"0\" aria-controls=\"jet-toggle-content-1391\" aria-expanded=\"false\" data-template-id=\"false\">\n\t\t\t\t\t\t\t\t<div class=\"jet-toggle__label-icon jet-toggle-icon-position-right\"><span class=\"jet-toggle__icon icon-normal jet-tabs-icon\"><svg xmlns=\"http:\/\/www.w3.org\/2000\/svg\" viewbox=\"0 0 448 512\"><path d=\"M256 80c0-17.7-14.3-32-32-32s-32 14.3-32 32V224H48c-17.7 0-32 14.3-32 32s14.3 32 32 32H192V432c0 17.7 14.3 32 32 32s32-14.3 32-32V288H400c17.7 0 32-14.3 32-32s-14.3-32-32-32H256V80z\"><\/path><\/svg><\/span><span class=\"jet-toggle__icon icon-active jet-tabs-icon\"><svg xmlns=\"http:\/\/www.w3.org\/2000\/svg\" viewbox=\"0 0 448 512\"><path d=\"M432 256c0 17.7-14.3 32-32 32L48 288c-17.7 0-32-14.3-32-32s14.3-32 32-32l352 0c17.7 0 32 14.3 32 32z\"><\/path><\/svg><\/span><\/div><div class=\"jet-toggle__label-text\">Cursuri pentru studen\u021bi<\/div>\t\t\t\t\t\t\t<\/div>\n\t\t\t\t\t\t\t<div id=\"jet-toggle-content-1391\" class=\"jet-toggle__content\" data-toggle=\"1\" role=\"region\" data-template-id=\"false\">\n\t\t\t\t\t\t\t\t<div class=\"jet-toggle__content-inner\"><p>\u0218ef lucr. Horatiu Valeriu Popoviciu<\/p><p>-Reumatologie MG an V LR \u2013 curs\/stagii<\/p><p>-Recuperare, Medicin\u0103 Fizic\u0103 \u0219i Balneologie MG an V LR \u2013 curs\/stagii<\/p><p>-Fizioterapie \u0219i recuperare \u00een medicina dentar\u0103 MD an V LR \u2013 curs<\/p><p>-\u00cendrumare reziden\u021bi Reumatologie<\/p><p>\u0218ef lucr. Biro Julianna Anna<\/p><p>-Reumatologie MG an V LM \u2013 curs\/stagii<\/p><p>-Recuperare, Medicin\u0103 Fizic\u0103 \u0219i Balneologie MG an V LM \u2013 curs<\/p><p>-Fizioterapie \u0219i recuperare \u00een medicina dentar\u0103 MD an V LM \u2013 curs<\/p><p>-\u00cengrijiri calificate \u00een reumatologie, balneologie AMG an III LM- curs<\/p><p>-Kinetoterapie \u0219i educa\u021bie fizic\u0103 medical\u0103 AMG an II LM- curs<\/p><p>\u0218ef lucr. Monica Chi\u0219 (Copotoiu) Departament ME2<\/p><p>-Reumatologie MG an V LE \u2013 curs\/stagii<\/p><p>-Recuperare, Medicin\u0103 Fizic\u0103 \u0219i Balneologie MG an V LE \u2013 curs\/stagii<\/p><p>-Geriatrie \u0219i recuperarea pacientului v\u00e2rstnic BFK an III LR \u2013 curs<\/p><p>-Fizioterapie \u0219i recuperare \u00een medicina dentar\u0103 MD an V LE \u2013 curs\/LP<\/p><p>-Elemente de terapie a durerii BFK an I LR \u2013 curs<\/p><p>\u0218ef lucr. Simona Szasz<\/p><p>-Reumatologie \u0219i recuperare \u00een boli reumatologice BFK an II LR \u2013 curs\/LP<\/p><p>-Balneoclimatologie BFK an II LR \u2013 curs\/LP<\/p><p>-Tehnici de reabilitare \u0219i reeducare func\u021bional\u0103 BFK an III LR \u2013 curs<\/p><p>-Electroterapie BFK an III LR \u2013 curs\/LP<\/p><p>-Masoterapie. Tehnici complementare. BFK an III LR \u2013 curs\/LP<\/p><p>-\u00cendrumare reziden\u021bi Reabilitare medical\u0103<\/p><p>\u0218ef lucr. Mirela P\u00e2rvu<\/p><p>-Terapia ocupational\u0103 BFK an I LR \u2013 curs\/LP<\/p><p>-Kinetoterapie \u0219i educa\u021bie fizic\u0103 medical\u0103 AMG an II LR \u2013 curs<\/p><p>-Reabilitare func\u021bional\u0103-MTFRF (masterat) \u2013 curs\/LP<\/p><p>-\u00cengrijiri calificate \u00een reumatologie, balneologie AMG an III LR \u2013 curs\/stagii<\/p><p>\u00a0<\/p><p>\u00a0<\/p><\/div>\n\t\t\t\t\t\t\t<\/div>\n\t\t\t\t\t\t<\/div><div class=\"jet-accordion__item jet-toggle jet-toggle-move-up-effect\">\n\t\t\t\t\t\t\t<div id=\"jet-toggle-control-1392\" class=\"jet-toggle__control elementor-menu-anchor\" data-toggle=\"2\" role=\"button\" tabindex=\"0\" aria-controls=\"jet-toggle-content-1392\" aria-expanded=\"false\" data-template-id=\"false\">\n\t\t\t\t\t\t\t\t<div class=\"jet-toggle__label-icon jet-toggle-icon-position-right\"><span class=\"jet-toggle__icon icon-normal jet-tabs-icon\"><svg xmlns=\"http:\/\/www.w3.org\/2000\/svg\" viewbox=\"0 0 448 512\"><path d=\"M256 80c0-17.7-14.3-32-32-32s-32 14.3-32 32V224H48c-17.7 0-32 14.3-32 32s14.3 32 32 32H192V432c0 17.7 14.3 32 32 32s32-14.3 32-32V288H400c17.7 0 32-14.3 32-32s-14.3-32-32-32H256V80z\"><\/path><\/svg><\/span><span class=\"jet-toggle__icon icon-active jet-tabs-icon\"><svg xmlns=\"http:\/\/www.w3.org\/2000\/svg\" viewbox=\"0 0 448 512\"><path d=\"M432 256c0 17.7-14.3 32-32 32L48 288c-17.7 0-32-14.3-32-32s14.3-32 32-32l352 0c17.7 0 32 14.3 32 32z\"><\/path><\/svg><\/span><\/div><div class=\"jet-toggle__label-text\">Stagii clinice, lucr\u0103ri practice<\/div>\t\t\t\t\t\t\t<\/div>\n\t\t\t\t\t\t\t<div id=\"jet-toggle-content-1392\" class=\"jet-toggle__content\" data-toggle=\"2\" role=\"region\" data-template-id=\"false\">\n\t\t\t\t\t\t\t\t<div class=\"jet-toggle__content-inner\"><p>\u0218ef lucr. Horatiu Valeriu Popoviciu<\/p><p>-Reumatologie MG an V LR \u2013 stagii<\/p><p>-Recuperare,Medicina Fizica si Balneologie MG an V LR\u2013 stagii<\/p><p>-Indrumare rezidenti Reumatologie<\/p><p>\u0218ef lucr. Biro Julianna Anna<\/p><p>-Reumatologie MG an V LM \u2013 stagii<\/p><p>\u0218ef lucr. Monica Chi\u0219 (Copotoiu) Departament ME2<\/p><p>-Reumatologie MG an V LE \u2013 stagii<\/p><p>-Recuperare, Medicin\u0103 Fizic\u0103 \u0219i Balneologie MG an V LE \u2013 stagii<\/p><p>-Fizioterapie \u0219i recuperare \u00een medicina dentar\u0103 MD an V LE \u2013 LP<\/p><p>\u0218ef lucr. Simona Szasz<\/p><p>-Reumatologie \u0219i recuperare \u00een boli reumatologice BFK an II LR \u2013 LP<\/p><p>-Balneoclimatologie BFK an II LR \u2013 LP<\/p><p>-Tehnici de reabilitare \u0219i reeducare func\u021bional\u0103 BFK an III LR \u2013 curs<\/p><p>-Electroterapie BFK an III LR \u2013 LP<\/p><p>-Masoterapie. Tehnici complementare. BFK an III LR \u2013 LP<\/p><p>-\u00cendrumare reziden\u021bi Reabilitare medical\u0103<\/p><p>\u0218ef lucr. Mirela P\u00e2rvu<\/p><p>-Terapia ocupational\u0103 BFK an I LR \u2013 LP<\/p><p>-Reabilitare func\u021bional\u0103-MTFRF (masterat) \u2013 LP<\/p><p>-\u00cengrijiri calificate \u00een reumatologie, balneologie AMG an III LR \u2013 stagii<\/p><p>-Reumatologie MG an V LR \u2013 stagii<\/p><p>Asistent universitar perioad\u0103 determinat\u0103 dr. Maria Mihaela Su\u0219c\u0103<\/p><p>-Recuperare, Medicin\u0103 Fizic\u0103 \u0219i Balneologie MG an V LR \u2013 stagii<\/p><p>-Kinetoterapie \u0219i educa\u021bie fizic\u0103 medical\u0103 AMG an II LR \u2013 LP<\/p><p>-Geriatrie \u0219i recuperarea pacientului v\u00e2rstnic BFK an III LR \u2013 LP<\/p><p>-Fizioterapie \u0219i recuperare \u00een medicina dentar\u0103 MD an V LR \u2013 LP<\/p><p>Asistent universitar perioad\u0103 determinat\u0103 dr. Liliana Bordean<\/p><p>-Recuperare, Medicin\u0103 Fizic\u0103 \u0219i Balneologie MG an V LR \u2013 stagii<\/p><p>-Tehnici de reabilitare \u0219i reeducare func\u021bional\u0103 BFK an III LR \u2013 LP<\/p><p>-Electroterapie BFK an III LR \u2013 LP<\/p><p>Asistent universitar perioad\u0103 determinat\u0103 dr. Nagy-Finna Timea Csilla<\/p><p>-Recuperare, Medicin\u0103 Fizic\u0103 \u0219i Balneologie MG an V \u2013 stagii<\/p><p>-Reumatologie MG an V &#8211; stagii<\/p><p>Asistent universitar perioad\u0103 determinat\u0103 dr. Claudiu Neagu Departament ME2<\/p><p>-Reumatologie MG an V LE &#8211; stagii<\/p><p>-Recuperare, Medicin\u0103 Fizic\u0103 \u0219i Balneologie MG an V LE \u2013 stagii<\/p><\/div>\n\t\t\t\t\t\t\t<\/div>\n\t\t\t\t\t\t<\/div><div class=\"jet-accordion__item jet-toggle jet-toggle-move-up-effect\">\n\t\t\t\t\t\t\t<div id=\"jet-toggle-control-1393\" class=\"jet-toggle__control elementor-menu-anchor\" data-toggle=\"3\" role=\"button\" tabindex=\"0\" aria-controls=\"jet-toggle-content-1393\" aria-expanded=\"false\" data-template-id=\"false\">\n\t\t\t\t\t\t\t\t<div class=\"jet-toggle__label-icon jet-toggle-icon-position-right\"><span class=\"jet-toggle__icon icon-normal jet-tabs-icon\"><svg xmlns=\"http:\/\/www.w3.org\/2000\/svg\" viewbox=\"0 0 448 512\"><path d=\"M256 80c0-17.7-14.3-32-32-32s-32 14.3-32 32V224H48c-17.7 0-32 14.3-32 32s14.3 32 32 32H192V432c0 17.7 14.3 32 32 32s32-14.3 32-32V288H400c17.7 0 32-14.3 32-32s-14.3-32-32-32H256V80z\"><\/path><\/svg><\/span><span class=\"jet-toggle__icon icon-active jet-tabs-icon\"><svg xmlns=\"http:\/\/www.w3.org\/2000\/svg\" viewbox=\"0 0 448 512\"><path d=\"M432 256c0 17.7-14.3 32-32 32L48 288c-17.7 0-32-14.3-32-32s14.3-32 32-32l352 0c17.7 0 32 14.3 32 32z\"><\/path><\/svg><\/span><\/div><div class=\"jet-toggle__label-text\">Manuale \u0219i \u00eendrum\u0103toare de lucr\u0103ri practice<\/div>\t\t\t\t\t\t\t<\/div>\n\t\t\t\t\t\t\t<div id=\"jet-toggle-content-1393\" class=\"jet-toggle__content\" data-toggle=\"3\" role=\"region\" data-template-id=\"false\">\n\t\t\t\t\t\t\t\t<div class=\"jet-toggle__content-inner\"><ol><li>Elemente de reumatologie-Curs pentru uzul studen\u0163ilor, UMF Tg Mure\u015f, 2010, Lia Georgescu, Biro Anna-Julianna, Horatiu Valeriu Popoviciu, Monica Copotoiu<\/li><li>Materiale \u00een format virtual \u2013 platforma e-learning a UMF T\u00e2rgu Mure\u0219<\/li><\/ol><\/div>\n\t\t\t\t\t\t\t<\/div>\n\t\t\t\t\t\t<\/div>\t\t\t<\/div>\n\t\t<\/div>\n\t\t\t\t\t\t<\/div>\n\t\t\t\t<\/div>\n\t\t\t\t\t<\/div>\n\t\t<\/div>\n\t\t\t\t<div class=\"elementor-column elementor-col-50 elementor-top-column elementor-element elementor-element-bcf7d09\" data-id=\"bcf7d09\" data-element_type=\"column\" data-e-type=\"column\">\n\t\t\t<div class=\"elementor-widget-wrap elementor-element-populated\">\n\t\t\t\t\t\t<section class=\"elementor-section elementor-inner-section elementor-element elementor-element-c3961d0 elementor-section-boxed elementor-section-height-default elementor-section-height-default\" data-id=\"c3961d0\" data-element_type=\"section\" data-e-type=\"section\">\n\t\t\t\t\t\t<div class=\"elementor-container elementor-column-gap-default\">\n\t\t\t\t\t<div data-dce-background-color=\"#F2F7FF\" class=\"elementor-column elementor-col-100 elementor-inner-column elementor-element elementor-element-3f2148f\" data-id=\"3f2148f\" data-element_type=\"column\" data-e-type=\"column\" data-settings=\"{&quot;background_background&quot;:&quot;classic&quot;}\">\n\t\t\t<div class=\"elementor-widget-wrap elementor-element-populated\">\n\t\t\t\t\t\t<div class=\"elementor-element elementor-element-fa25249 elementor-widget elementor-widget-heading\" data-id=\"fa25249\" data-element_type=\"widget\" data-e-type=\"widget\" data-widget_type=\"heading.default\">\n\t\t\t\t<div class=\"elementor-widget-container\">\n\t\t\t\t\t<h5 class=\"elementor-heading-title elementor-size-default\">Contact<\/h5>\t\t\t\t<\/div>\n\t\t\t\t<\/div>\n\t\t\t\t<div class=\"elementor-element elementor-element-3f8c805 elementor-widget-divider--view-line elementor-widget elementor-widget-divider\" data-id=\"3f8c805\" data-element_type=\"widget\" data-e-type=\"widget\" data-widget_type=\"divider.default\">\n\t\t\t\t<div class=\"elementor-widget-container\">\n\t\t\t\t\t\t\t<div class=\"elementor-divider\">\n\t\t\t<span class=\"elementor-divider-separator\">\n\t\t\t\t\t\t<\/span>\n\t\t<\/div>\n\t\t\t\t\t\t<\/div>\n\t\t\t\t<\/div>\n\t\t\t\t<div class=\"elementor-element elementor-element-759599c elementor-widget elementor-widget-icon-box\" data-id=\"759599c\" data-element_type=\"widget\" data-e-type=\"widget\" data-widget_type=\"icon-box.default\">\n\t\t\t\t<div class=\"elementor-widget-container\">\n\t\t\t\t\t\t\t<div class=\"elementor-icon-box-wrapper\">\n\n\t\t\t\n\t\t\t\t\t\t<div class=\"elementor-icon-box-content\">\n\n\t\t\t\t\t\t\t\t\t<h3 class=\"elementor-icon-box-title\">\n\t\t\t\t\t\t<span  >\n\t\t\t\t\t\t\tSec\u021bia clinic\u0103\t\t\t\t\t\t<\/span>\n\t\t\t\t\t<\/h3>\n\t\t\t\t\n\t\t\t\t\t\t\t\t\t<p class=\"elementor-icon-box-description\">\n\t\t\t\t\t\tSectia Clinica Reumatologie SCJU Tirgu Mures\t\t\t\t\t<\/p>\n\t\t\t\t\n\t\t\t<\/div>\n\t\t\t\n\t\t<\/div>\n\t\t\t\t\t\t<\/div>\n\t\t\t\t<\/div>\n\t\t\t\t<div class=\"elementor-element elementor-element-691ef02 elementor-widget elementor-widget-icon-box\" data-id=\"691ef02\" data-element_type=\"widget\" data-e-type=\"widget\" data-widget_type=\"icon-box.default\">\n\t\t\t\t<div class=\"elementor-widget-container\">\n\t\t\t\t\t\t\t<div class=\"elementor-icon-box-wrapper\">\n\n\t\t\t\n\t\t\t\t\t\t<div class=\"elementor-icon-box-content\">\n\n\t\t\t\t\t\t\t\t\t<h3 class=\"elementor-icon-box-title\">\n\t\t\t\t\t\t<span  >\n\t\t\t\t\t\t\tAdres\u0103\t\t\t\t\t\t<\/span>\n\t\t\t\t\t<\/h3>\n\t\t\t\t\n\t\t\t\t\t\t\t\t\t<p class=\"elementor-icon-box-description\">\n\t\t\t\t\t\tStr. Gheorghe Marinescu Nr. 38\nT\u00e2rgu Mure\u0219, 540142\nRom\u00e2nia\t\t\t\t\t<\/p>\n\t\t\t\t\n\t\t\t<\/div>\n\t\t\t\n\t\t<\/div>\n\t\t\t\t\t\t<\/div>\n\t\t\t\t<\/div>\n\t\t\t\t<div class=\"elementor-element elementor-element-951b47b elementor-widget elementor-widget-icon-box\" data-id=\"951b47b\" data-element_type=\"widget\" data-e-type=\"widget\" data-widget_type=\"icon-box.default\">\n\t\t\t\t<div class=\"elementor-widget-container\">\n\t\t\t\t\t\t\t<div class=\"elementor-icon-box-wrapper\">\n\n\t\t\t\n\t\t\t\t\t\t<div class=\"elementor-icon-box-content\">\n\n\t\t\t\t\t\t\t\t\t<h3 class=\"elementor-icon-box-title\">\n\t\t\t\t\t\t<span  >\n\t\t\t\t\t\t\tE-mail\t\t\t\t\t\t<\/span>\n\t\t\t\t\t<\/h3>\n\t\t\t\t\n\t\t\t\t\t\t\t\t\t<p class=\"elementor-icon-box-description\">\n\t\t\t\t\t\thoratiu.popoviciu@umfst.ro <br>\ncsilla.nagy-finna@umfst.ro\t\t\t\t\t<\/p>\n\t\t\t\t\n\t\t\t<\/div>\n\t\t\t\n\t\t<\/div>\n\t\t\t\t\t\t<\/div>\n\t\t\t\t<\/div>\n\t\t\t\t<div class=\"elementor-element elementor-element-57d8b67 elementor-widget elementor-widget-icon-box\" data-id=\"57d8b67\" data-element_type=\"widget\" data-e-type=\"widget\" data-widget_type=\"icon-box.default\">\n\t\t\t\t<div class=\"elementor-widget-container\">\n\t\t\t\t\t\t\t<div class=\"elementor-icon-box-wrapper\">\n\n\t\t\t\n\t\t\t\t\t\t<div class=\"elementor-icon-box-content\">\n\n\t\t\t\t\t\t\t\t\t<h3 class=\"elementor-icon-box-title\">\n\t\t\t\t\t\t<span  >\n\t\t\t\t\t\t\tTelefon\t\t\t\t\t\t<\/span>\n\t\t\t\t\t<\/h3>\n\t\t\t\t\n\t\t\t\t\t\t\t\t\t<p class=\"elementor-icon-box-description\">\n\t\t\t\t\t\t+40-365-430.606 Int 164\t\t\t\t\t<\/p>\n\t\t\t\t\n\t\t\t<\/div>\n\t\t\t\n\t\t<\/div>\n\t\t\t\t\t\t<\/div>\n\t\t\t\t<\/div>\n\t\t\t\t\t<\/div>\n\t\t<\/div>\n\t\t\t\t\t<\/div>\n\t\t<\/section>\n\t\t\t\t\t<\/div>\n\t\t<\/div>\n\t\t\t\t\t<\/div>\n\t\t<\/section>\n\t\t\t\t<\/div>","protected":false},"excerpt":{"rendered":"<p>Colectivul disciplinei Sef disciplina\u0218ef lucr. dr. Hora\u021biu-Valeriu Popoviciu &#8211; CV MembriiAsist. univ. dr. Bordean Liliana &#8211; CV\u0218ef lucr. dr. Biro Anna-Iuliana &#8211; CV\u0218ef lucr. dr. Chi\u0219 Monica &#8211; ME2 &#8211; CVAsist. univ. dr. Nagy-Finna Timea-Csilla &#8211; CV\u0218ef lucr. dr. Mirela P\u00e2rvu &#8211; CVAsist. univ. dr. Popescu Daniela-Manuela &#8211; ME2 &#8211; CV\u0218ef lucr. dr. Szasz Simona [&hellip;]<\/p>\n","protected":false},"author":14,"featured_media":0,"parent":263,"menu_order":19,"comment_status":"closed","ping_status":"closed","template":"","meta":{"_relevanssi_hide_post":"","_relevanssi_hide_content":"","_relevanssi_pin_for_all":"","_relevanssi_pin_keywords":"","_relevanssi_unpin_keywords":"","_relevanssi_related_keywords":"","_relevanssi_related_include_ids":"","_relevanssi_related_exclude_ids":"","_relevanssi_related_no_append":"","_relevanssi_related_not_related":"","_relevanssi_related_posts":"1","_relevanssi_noindex_reason":"","footnotes":""},"categories":[13,40],"tags":[],"class_list":["post-3379","page","type-page","status-publish","hentry","category-pagina-cu-sidebar","category-pagina-departamente-si-discipline"],"meta_box":[],"_links":{"self":[{"href":"https:\/\/umfst.ro\/facultatea-de-medicina\/hu\/wp-json\/wp\/v2\/pages\/3379","targetHints":{"allow":["GET"]}}],"collection":[{"href":"https:\/\/umfst.ro\/facultatea-de-medicina\/hu\/wp-json\/wp\/v2\/pages"}],"about":[{"href":"https:\/\/umfst.ro\/facultatea-de-medicina\/hu\/wp-json\/wp\/v2\/types\/page"}],"author":[{"embeddable":true,"href":"https:\/\/umfst.ro\/facultatea-de-medicina\/hu\/wp-json\/wp\/v2\/users\/14"}],"replies":[{"embeddable":true,"href":"https:\/\/umfst.ro\/facultatea-de-medicina\/hu\/wp-json\/wp\/v2\/comments?post=3379"}],"version-history":[{"count":48,"href":"https:\/\/umfst.ro\/facultatea-de-medicina\/hu\/wp-json\/wp\/v2\/pages\/3379\/revisions"}],"predecessor-version":[{"id":8474,"href":"https:\/\/umfst.ro\/facultatea-de-medicina\/hu\/wp-json\/wp\/v2\/pages\/3379\/revisions\/8474"}],"up":[{"embeddable":true,"href":"https:\/\/umfst.ro\/facultatea-de-medicina\/hu\/wp-json\/wp\/v2\/pages\/263"}],"wp:attachment":[{"href":"https:\/\/umfst.ro\/facultatea-de-medicina\/hu\/wp-json\/wp\/v2\/media?parent=3379"}],"wp:term":[{"taxonomy":"category","embeddable":true,"href":"https:\/\/umfst.ro\/facultatea-de-medicina\/hu\/wp-json\/wp\/v2\/categories?post=3379"},{"taxonomy":"post_tag","embeddable":true,"href":"https:\/\/umfst.ro\/facultatea-de-medicina\/hu\/wp-json\/wp\/v2\/tags?post=3379"}],"curies":[{"name":"wp","href":"https:\/\/api.w.org\/{rel}","templated":true}]}}