{"id":34,"date":"2022-11-03T18:05:15","date_gmt":"2022-11-03T16:05:15","guid":{"rendered":"https:\/\/dev.umfst.ro\/facultatea-de-medicina\/?page_id=34"},"modified":"2026-01-14T11:36:43","modified_gmt":"2026-01-14T09:36:43","slug":"fogadoorak-dekan-dekanhelyettesek-2","status":"publish","type":"page","link":"https:\/\/umfst.ro\/facultatea-de-medicina\/hu\/prezentare\/program-de-audiente-decan-prodecani\/","title":{"rendered":"Program de audien\u021be"},"content":{"rendered":"\t\t<div data-elementor-type=\"wp-page\" data-elementor-id=\"34\" class=\"elementor elementor-34\" data-elementor-post-type=\"page\">\n\t\t\t\t\t\t<section class=\"elementor-section elementor-top-section elementor-element elementor-element-d5cf8f2 elementor-section-boxed elementor-section-height-default elementor-section-height-default\" data-id=\"d5cf8f2\" data-element_type=\"section\" data-e-type=\"section\">\n\t\t\t\t\t\t<div class=\"elementor-container elementor-column-gap-default\">\n\t\t\t\t\t<div class=\"elementor-column elementor-col-100 elementor-top-column elementor-element elementor-element-473bc605\" data-id=\"473bc605\" data-element_type=\"column\" data-e-type=\"column\">\n\t\t\t<div class=\"elementor-widget-wrap elementor-element-populated\">\n\t\t\t\t\t\t<div class=\"elementor-element elementor-element-2d3833e5 elementor-widget elementor-widget-text-editor\" data-id=\"2d3833e5\" data-element_type=\"widget\" data-e-type=\"widget\" data-widget_type=\"text-editor.default\">\n\t\t\t\t<div class=\"elementor-widget-container\">\n\t\t\t\t\t\t\t\t\t<h2>PROGRAM\u00a0 DE AUDIEN\u021aE\u00a0 DECAN, PRODECANI<\/h2><div><p><!-- [if gte mso 9]&gt;--><\/p><p><!-- [if gte mso 10]&gt;--><\/p><p style=\"margin-top: 0cm;background: white\"><strong><span style=\"font-family: 'Lato',sans-serif;color: #0f0f0f\">Decan<\/span><\/strong><span style=\"font-family: 'Lato',sans-serif;color: #0f0f0f\"> <br \/>Prof. univ. dr. Alina Scridon<br \/><\/span><span style=\"font-family: 'Lato',sans-serif;color: #0f0f0f\">Program de audien\u021be: mar\u021bi 12<\/span><span lang=\"RO\" style=\"font-family: 'Lato',sans-serif;color: #0f0f0f\">:<\/span><span style=\"font-family: 'Lato',sans-serif;color: #0f0f0f\">00 \u2013 14<\/span><span lang=\"RO\" style=\"font-family: 'Lato',sans-serif;color: #0f0f0f\">:<\/span><span style=\"font-family: 'Lato',sans-serif;color: #0f0f0f\">00<br \/>E-mail:\u00a0<\/span><a href=\"mailto:\" target=\"_blank\" rel=\"noopener\"><span style=\"font-family: 'Lato',sans-serif;color: #2359b3\">decanat.medicina@umfst.ro<\/span><\/a><span style=\"font-family: 'Lato',sans-serif;color: #0f0f0f\"><br \/>Tel: +40<\/span><span lang=\"RO\" style=\"font-family: 'Lato',sans-serif;color: #0f0f0f\">&#8211;<\/span><span style=\"font-family: 'Lato',sans-serif;color: #0f0f0f\">0265-215.551<\/span><\/p><p style=\"margin-top: 0cm;background: white\"><strong><span style=\"font-family: 'Lato',sans-serif;color: #0f0f0f\">Prodecan <\/span><\/strong><span style=\"font-family: 'Lato',sans-serif;color: #0f0f0f\"><br \/>Conf. univ. dr. Andrada Loghin<br \/><\/span><span style=\"font-family: 'Lato',sans-serif;color: #0f0f0f\">Program de audien\u021be: joi 12<\/span><span lang=\"RO\" style=\"font-family: 'Lato',sans-serif;color: #0f0f0f\">:<\/span><span style=\"font-family: 'Lato',sans-serif;color: #0f0f0f\">00 \u2013 14<\/span><span lang=\"RO\" style=\"font-family: 'Lato',sans-serif;color: #0f0f0f\">:<\/span><span style=\"font-family: 'Lato',sans-serif;color: #0f0f0f\">00<br \/>E-mail: <a href=\"mailto:\" target=\"_blank\" rel=\"noopener\">decanat.medicina@umfst.ro<\/a><\/span><br \/>Tel<span style=\"font-family: 'Lato',sans-serif;color: #0f0f0f\">: +40<\/span><span lang=\"RO\" style=\"font-family: 'Lato',sans-serif;color: #0f0f0f\">&#8211;<\/span><span style=\"font-family: 'Lato',sans-serif;color: #0f0f0f\">0265-215.551<\/span><\/p><p style=\"margin-top: 0cm;background: white\"><strong><span style=\"font-family: 'Lato',sans-serif;color: #0f0f0f\">Prodecan<br \/><\/span><\/strong><span style=\"font-family: 'Lato',sans-serif;color: #0f0f0f\">\u0218ef lucr. dr. Lorena-Elena Meli\u021b<\/span><span style=\"font-family: 'Lato',sans-serif;color: #0f0f0f\"><br \/>Program de audien\u021be: miercuri 12:00 \u2013 14:00<br \/>E-mail:\u00a0<a href=\"mailto:\">decanat.medicina@umfst.ro<\/a>;\u00a0<br \/><\/span><span style=\"font-family: 'Lato',sans-serif;color: #0f0f0f\">Tel: +40\u20130265-215.551<\/span><strong><span style=\"font-family: 'Lato',sans-serif;color: #0f0f0f\"><br \/><\/span><\/strong><\/p><p style=\"margin-top: 0cm;background: white\"><strong><span style=\"font-family: 'Lato',sans-serif;color: #0f0f0f\">Prodecan\u00a0<\/span><\/strong><strong><span style=\"font-family: 'Lato',sans-serif;color: #0f0f0f\"> <br \/><\/span><\/strong><span style=\"font-family: 'Lato',sans-serif;color: #0f0f0f\">Conf. univ. dr. Sz\u00e1sz J\u00f3zsef-Attila<br \/><\/span><span style=\"font-family: 'Lato',sans-serif;color: #0f0f0f\">Program de audien\u021be: mar\u021bi 11.00 \u2013 13.00<br \/>E-mail:<\/span><a href=\"mailto:\" target=\"_blank\" rel=\"noopener\"><span style=\"font-family: 'Lato',sans-serif;color: #2359b3\">\u00a0prodecan_stiintific@umfst.ro<\/span><\/a><span style=\"font-family: 'Lato',sans-serif;color: #0f0f0f\"><br \/>Tel: +40<\/span><span lang=\"RO\" style=\"font-family: 'Lato',sans-serif;color: #0f0f0f\">&#8211;<\/span><span style=\"font-family: 'Lato',sans-serif;color: #0f0f0f\">0265-215.551<\/span><\/p><p style=\"margin-top: 0cm;background: white\"><strong><span style=\"font-family: 'Lato',sans-serif;color: #0f0f0f\">Secretar<\/span><\/strong><strong><span style=\"font-family: 'Lato',sans-serif;color: #0f0f0f\"> <span lang=\"RO\">\u0219<\/span><\/span><\/strong><strong><span style=\"font-family: 'Lato',sans-serif;color: #0f0f0f\">ef Facultatea de Medicin\u0103:\u00a0<\/span><\/strong><span style=\"font-family: 'Lato',sans-serif;color: #0f0f0f\">Ec. Alina-Janeta Tru\u021ba<\/span><\/p><p>\u00censcriere \u00een audien\u0163e: <br \/>completare formular la adresa: <a href=\"https:\/\/umfst.ro\/facultatea-de-medicina\/contact\/\">https:\/\/umfst.ro\/facultatea-de-medicina\/contact\/<\/a><\/p><\/div><div><p><!-- [if gte mso 9]&gt;--><\/p><p><!-- [if gte mso 9]&gt;--><\/p><\/div><p><!-- \/wp:heading --><\/p>\t\t\t\t\t\t\t\t<\/div>\n\t\t\t\t<\/div>\n\t\t\t\t\t<\/div>\n\t\t<\/div>\n\t\t\t\t\t<\/div>\n\t\t<\/section>\n\t\t\t\t<\/div>\n\t\t","protected":false},"excerpt":{"rendered":"<p>PROGRAM\u00a0 DE AUDIEN\u021aE\u00a0 DECAN, PRODECANI Decan Prof. univ. dr. Alina ScridonProgram de audien\u021be: mar\u021bi 12:00 \u2013 14:00E-mail:\u00a0decanat.medicina@umfst.roTel: +40-0265-215.551 Prodecan Conf. univ. dr. Andrada LoghinProgram de audien\u021be: joi 12:00 \u2013 14:00E-mail: decanat.medicina@umfst.roTel: +40-0265-215.551 Prodecan\u0218ef lucr. dr. Lorena-Elena Meli\u021bProgram de audien\u021be: miercuri 12:00 \u2013 14:00E-mail:\u00a0decanat.medicina@umfst.ro;\u00a0Tel: +40\u20130265-215.551 Prodecan\u00a0 Conf. univ. dr. Sz\u00e1sz J\u00f3zsef-AttilaProgram de audien\u021be: mar\u021bi 11.00 \u2013 [&hellip;]<\/p>\n","protected":false},"author":4,"featured_media":0,"parent":27,"menu_order":0,"comment_status":"closed","ping_status":"closed","template":"","meta":{"_relevanssi_hide_post":"","_relevanssi_hide_content":"","_relevanssi_pin_for_all":"","_relevanssi_pin_keywords":"","_relevanssi_unpin_keywords":"","_relevanssi_related_keywords":"","_relevanssi_related_include_ids":"","_relevanssi_related_exclude_ids":"","_relevanssi_related_no_append":"","_relevanssi_related_not_related":"","_relevanssi_related_posts":"1","_relevanssi_noindex_reason":"","footnotes":""},"categories":[13],"tags":[],"class_list":["post-34","page","type-page","status-publish","hentry","category-pagina-cu-sidebar"],"meta_box":[],"_links":{"self":[{"href":"https:\/\/umfst.ro\/facultatea-de-medicina\/hu\/wp-json\/wp\/v2\/pages\/34","targetHints":{"allow":["GET"]}}],"collection":[{"href":"https:\/\/umfst.ro\/facultatea-de-medicina\/hu\/wp-json\/wp\/v2\/pages"}],"about":[{"href":"https:\/\/umfst.ro\/facultatea-de-medicina\/hu\/wp-json\/wp\/v2\/types\/page"}],"author":[{"embeddable":true,"href":"https:\/\/umfst.ro\/facultatea-de-medicina\/hu\/wp-json\/wp\/v2\/users\/4"}],"replies":[{"embeddable":true,"href":"https:\/\/umfst.ro\/facultatea-de-medicina\/hu\/wp-json\/wp\/v2\/comments?post=34"}],"version-history":[{"count":76,"href":"https:\/\/umfst.ro\/facultatea-de-medicina\/hu\/wp-json\/wp\/v2\/pages\/34\/revisions"}],"predecessor-version":[{"id":8952,"href":"https:\/\/umfst.ro\/facultatea-de-medicina\/hu\/wp-json\/wp\/v2\/pages\/34\/revisions\/8952"}],"up":[{"embeddable":true,"href":"https:\/\/umfst.ro\/facultatea-de-medicina\/hu\/wp-json\/wp\/v2\/pages\/27"}],"wp:attachment":[{"href":"https:\/\/umfst.ro\/facultatea-de-medicina\/hu\/wp-json\/wp\/v2\/media?parent=34"}],"wp:term":[{"taxonomy":"category","embeddable":true,"href":"https:\/\/umfst.ro\/facultatea-de-medicina\/hu\/wp-json\/wp\/v2\/categories?post=34"},{"taxonomy":"post_tag","embeddable":true,"href":"https:\/\/umfst.ro\/facultatea-de-medicina\/hu\/wp-json\/wp\/v2\/tags?post=34"}],"curies":[{"name":"wp","href":"https:\/\/api.w.org\/{rel}","templated":true}]}}