{"id":3424,"date":"2023-06-26T21:21:06","date_gmt":"2023-06-26T18:21:06","guid":{"rendered":"https:\/\/dev.umfst.ro\/facultatea-de-medicina\/?page_id=3424"},"modified":"2025-11-06T13:08:48","modified_gmt":"2025-11-06T11:08:48","slug":"boli-infectioase","status":"publish","type":"page","link":"https:\/\/umfst.ro\/facultatea-de-medicina\/hu\/departamente-si-discipline\/m4-discipline-clinice-si-medico-chirurgicale\/boli-infectioase\/","title":{"rendered":"Boli Infec\u021bioase"},"content":{"rendered":"<div data-elementor-type=\"wp-page\" data-elementor-id=\"3424\" class=\"elementor elementor-3424\" data-elementor-post-type=\"page\">\n\t\t\t\t\t\t<section class=\"elementor-section elementor-top-section elementor-element elementor-element-7a83ac91 elementor-section-boxed elementor-section-height-default elementor-section-height-default\" data-id=\"7a83ac91\" data-element_type=\"section\" data-e-type=\"section\">\n\t\t\t\t\t\t<div class=\"elementor-container elementor-column-gap-default\">\n\t\t\t\t\t<div class=\"elementor-column elementor-col-50 elementor-top-column elementor-element elementor-element-3e42cb35\" data-id=\"3e42cb35\" data-element_type=\"column\" data-e-type=\"column\">\n\t\t\t<div class=\"elementor-widget-wrap elementor-element-populated\">\n\t\t\t\t\t\t<div class=\"elementor-element elementor-element-7df5388 elementor-widget elementor-widget-text-editor\" data-id=\"7df5388\" data-element_type=\"widget\" data-e-type=\"widget\" data-widget_type=\"text-editor.default\">\n\t\t\t\t<div class=\"elementor-widget-container\">\n\t\t\t\t\t\t\t\t\t<h2>Colectivul disciplinei<\/h2><p><strong>\u0218ef disciplin\u0103<\/strong><br \/>Prof. univ. dr. Anca-Meda V\u0103sie\u0219iu &#8211; <a href=\"https:\/\/www.umfst.ro\/fileadmin\/f_medicina\/Cadre_didactice\/2025-2026\/Departament_M4\/Boli_infectioase\/Vasiesiu_Anca_CV_RO.pdf\" target=\"_blank\" rel=\"noopener\">CV<\/a><\/p><p><strong>Membri<br \/><\/strong><span lang=\"FR\" style=\"font-size: 12.0pt;line-height: 107%\">Conf. univ. dr. Br\u00eendu\u0219a \u021ailea &#8211; <\/span><a href=\"https:\/\/www.umfst.ro\/fileadmin\/f_medicina\/Cadre_didactice\/2025-2026\/Departament_M4\/Boli_infectioase\/Tilea_Brindusa_CV_RO.pdf\" target=\"_blank\" rel=\"noopener\">CV<\/a><br \/><span lang=\"FR\" style=\"font-size: 12.0pt;line-height: 107%\">\u0218ef lucr. dr. Elena-Cristina G\u00e2rbovan &#8211; <\/span><a href=\"https:\/\/www.umfst.ro\/fileadmin\/f_medicina\/Cadre_didactice\/2025-2026\/Departament_M4\/Boli_infectioase\/Girbovan_Cristina_CV_RO.pdf\" target=\"_blank\" rel=\"noopener\">CV<\/a><br \/><span lang=\"FR\" style=\"font-size: 12.0pt;line-height: 107%\">\u0218ef lucr. dr. Zaharia-Kezdi Iringo &#8211; <a href=\"https:\/\/www.umfst.ro\/fileadmin\/f_medicina\/Cadre_didactice\/2025-2026\/Departament_M4\/Boli_infectioase\/Zaharia_Kezdi_Erzsebet_Iringo_CV_RO.pdf\" target=\"_blank\" rel=\"noopener\">CV<\/a><br \/>\u0218ef lucr. dr. Incze Andrea &#8211; <\/span><a href=\"https:\/\/www.umfst.ro\/fileadmin\/f_medicina\/Cadre_didactice\/2025-2026\/Departament_M4\/Boli_infectioase\/Incze_Andrea_CV_RO.pdf\" target=\"_blank\" rel=\"noopener\">CV<\/a><br \/><span lang=\"FR\" style=\"font-size: 12.0pt;line-height: 107%\">\u0218ef lucr. dr. Bodnar Nina-Ioana &#8211; ME2 &#8211; <a href=\"https:\/\/www.umfst.ro\/fileadmin\/f_medicina_engleza\/cadre_didactice\/2024\/ME_M2\/Sincu_Bodnar_Nina-Ioana_CV_RO.pdf\">CV<\/a><\/span><br \/><span lang=\"FR\" style=\"font-size: 12.0pt;line-height: 107%\">Asist. univ. drd. Andrejkovits Akos-Vince &#8211; <\/span><a href=\"https:\/\/www.umfst.ro\/fileadmin\/f_medicina\/Cadre_didactice\/2025-2026\/Departament_M4\/Boli_infectioase\/Andrejkovits_Akos_Vince_CV_RO.pdf\" target=\"_blank\" rel=\"noopener\">CV<\/a><br \/><span lang=\"FR\" style=\"font-size: 12.0pt;line-height: 107%\">Asist. univ. drd. <\/span>Iancu Daniela<span lang=\"FR\" style=\"font-size: 12.0pt;line-height: 107%\"> &#8211; <\/span><a href=\"https:\/\/www.umfst.ro\/fileadmin\/f_medicina\/Cadre_didactice\/2025-2026\/Departament_M4\/Boli_infectioase\/Iancu_Daniela_CV UMFST.pdf\" target=\"_blank\" rel=\"noopener\" data-wplink-url-error=\"true\">CV<\/a><br \/><span lang=\"FR\" style=\"font-size: 12.0pt;line-height: 107%\"><span lang=\"FR\">Asist. univ. drd. <\/span>Fle\u0219eriu Tudor &#8211; ME2 &#8211; <a href=\"https:\/\/www.umfst.ro\/fileadmin\/f_medicina_engleza\/cadre_didactice\/2025\/CV_FMLE_RO\/CV%20site_UMFST_Ro_Fleseriu%20Tudor.pdf\">CV<\/a><\/span><\/p>\t\t\t\t\t\t\t\t<\/div>\n\t\t\t\t<\/div>\n\t\t\t\t<div class=\"elementor-element elementor-element-d112cfa elementor-widget elementor-widget-heading\" data-id=\"d112cfa\" data-element_type=\"widget\" data-e-type=\"widget\" data-widget_type=\"heading.default\">\n\t\t\t\t<div class=\"elementor-widget-container\">\n\t\t\t\t\t<h2 class=\"elementor-heading-title elementor-size-default\">Activitate didactic\u0103<\/h2>\t\t\t\t<\/div>\n\t\t\t\t<\/div>\n\t\t\t\t<div class=\"elementor-element elementor-element-84ff91c elementor-widget elementor-widget-jet-accordion\" data-id=\"84ff91c\" data-element_type=\"widget\" data-e-type=\"widget\" data-widget_type=\"jet-accordion.default\">\n\t\t\t\t<div class=\"elementor-widget-container\">\n\t\t\t\t\t\t\t\t\t<div class=\"jet-accordion\" data-settings=\"{&quot;collapsible&quot;:false,&quot;ajaxTemplate&quot;:false,&quot;switchScrolling&quot;:false,&quot;switchScrollingTablet&quot;:false,&quot;switchScrollingMobile&quot;:false,&quot;switchScrollingOffset&quot;:{&quot;size&quot;:0,&quot;unit&quot;:&quot;px&quot;},&quot;switchScrollingOffsetTablet&quot;:{&quot;size&quot;:0,&quot;unit&quot;:&quot;px&quot;},&quot;switchScrollingOffsetMobile&quot;:{&quot;size&quot;:0,&quot;unit&quot;:&quot;px&quot;},&quot;switchScrollingDelay&quot;:500,&quot;switchScrollingDelayTablet&quot;:500,&quot;switchScrollingDelayMobile&quot;:500}\">\n\t\t\t<div class=\"jet-accordion__inner\">\n\t\t\t\t<div class=\"jet-accordion__item jet-toggle jet-toggle-move-up-effect\">\n\t\t\t\t\t\t\t<div id=\"jet-toggle-control-1391\" class=\"jet-toggle__control elementor-menu-anchor\" data-toggle=\"1\" role=\"button\" tabindex=\"0\" aria-controls=\"jet-toggle-content-1391\" aria-expanded=\"false\" data-template-id=\"false\">\n\t\t\t\t\t\t\t\t<div class=\"jet-toggle__label-icon jet-toggle-icon-position-right\"><span class=\"jet-toggle__icon icon-normal jet-tabs-icon\"><svg xmlns=\"http:\/\/www.w3.org\/2000\/svg\" viewbox=\"0 0 448 512\"><path d=\"M256 80c0-17.7-14.3-32-32-32s-32 14.3-32 32V224H48c-17.7 0-32 14.3-32 32s14.3 32 32 32H192V432c0 17.7 14.3 32 32 32s32-14.3 32-32V288H400c17.7 0 32-14.3 32-32s-14.3-32-32-32H256V80z\"><\/path><\/svg><\/span><span class=\"jet-toggle__icon icon-active jet-tabs-icon\"><svg xmlns=\"http:\/\/www.w3.org\/2000\/svg\" viewbox=\"0 0 448 512\"><path d=\"M432 256c0 17.7-14.3 32-32 32L48 288c-17.7 0-32-14.3-32-32s14.3-32 32-32l352 0c17.7 0 32 14.3 32 32z\"><\/path><\/svg><\/span><\/div><div class=\"jet-toggle__label-text\">Cursuri pentru studen\u021bi<\/div>\t\t\t\t\t\t\t<\/div>\n\t\t\t\t\t\t\t<div id=\"jet-toggle-content-1391\" class=\"jet-toggle__content\" data-toggle=\"1\" role=\"region\" data-template-id=\"false\">\n\t\t\t\t\t\t\t\t<div class=\"jet-toggle__content-inner\"><p>Boli infec\u021bioase \u2013 anul VI, Medicin\u0103 Generala<\/p><ul><li>LR \u2013 Prof. Dr. Anca Meda Georgescu, Conf. Dr. Br\u00eendu\u0219a \u021ailea<\/li><li>LM \u2013 \u0219ef de lucr\u0103ri dr. Zaharia-K\u00e9zdi Erzs\u00e9bet Iring\u00f3<\/li><li>LE \u2013 \u0219ef de lucr\u0103ri dr. Nina-Ioana Bodnar<\/li><\/ul><p>Boli infec\u021bioase \u2013 anul IV, Medicin\u0103 Dentar\u0103<\/p><ul><li>LR \u2013 Dr Carmen Lucia Chiriac (pe post vacant)<\/li><li>LM \u2013 \u0219ef de lucr\u0103ri dr. Zaharia-K\u00e9zdi Erzs\u00e9bet Iring\u00f3<\/li><li>LE \u2013 Sef de lucr\u0103ri dr. Incze Andra (pe post vacant)<\/li><\/ul><p>Boli infec\u021bioase \u2013 anul IV, Asisten\u021b\u0103 Medical\u0103 General\u0103<\/p><ul><li>LR \u2013 \u0219ef de lucr\u0103ri dr. Cristina Elena G\u00eerbovan<\/li><li>LM \u2013 \u0219ef de lucr\u0103ri dr. Incze Andrea<\/li><\/ul><p>Boli infec\u021bioase \u2013 anul III, Nutri\u021bie<\/p><ul><li>LR \u2013 Conf. Dr. Br\u00eendu\u0219a \u021ailea<\/li><\/ul><\/div>\n\t\t\t\t\t\t\t<\/div>\n\t\t\t\t\t\t<\/div><div class=\"jet-accordion__item jet-toggle jet-toggle-move-up-effect\">\n\t\t\t\t\t\t\t<div id=\"jet-toggle-control-1392\" class=\"jet-toggle__control elementor-menu-anchor\" data-toggle=\"2\" role=\"button\" tabindex=\"0\" aria-controls=\"jet-toggle-content-1392\" aria-expanded=\"false\" data-template-id=\"false\">\n\t\t\t\t\t\t\t\t<div class=\"jet-toggle__label-icon jet-toggle-icon-position-right\"><span class=\"jet-toggle__icon icon-normal jet-tabs-icon\"><svg xmlns=\"http:\/\/www.w3.org\/2000\/svg\" viewbox=\"0 0 448 512\"><path d=\"M256 80c0-17.7-14.3-32-32-32s-32 14.3-32 32V224H48c-17.7 0-32 14.3-32 32s14.3 32 32 32H192V432c0 17.7 14.3 32 32 32s32-14.3 32-32V288H400c17.7 0 32-14.3 32-32s-14.3-32-32-32H256V80z\"><\/path><\/svg><\/span><span class=\"jet-toggle__icon icon-active jet-tabs-icon\"><svg xmlns=\"http:\/\/www.w3.org\/2000\/svg\" viewbox=\"0 0 448 512\"><path d=\"M432 256c0 17.7-14.3 32-32 32L48 288c-17.7 0-32-14.3-32-32s14.3-32 32-32l352 0c17.7 0 32 14.3 32 32z\"><\/path><\/svg><\/span><\/div><div class=\"jet-toggle__label-text\">Stagii clinice, lucr\u0103ri practice<\/div>\t\t\t\t\t\t\t<\/div>\n\t\t\t\t\t\t\t<div id=\"jet-toggle-content-1392\" class=\"jet-toggle__content\" data-toggle=\"2\" role=\"region\" data-template-id=\"false\">\n\t\t\t\t\t\t\t\t<div class=\"jet-toggle__content-inner\"><p>(Materie \u2013 an, program de studii \u2013 stagiu clinic\/lucr\u0103ri practice)<\/p><ol><li>Boli infec\u021bioase \u2013 anul VI, Medicin\u0103 \u2013 stagiu clinic<\/li><li>Boli infec\u021bioase \u2013 anul IV, Medicin\u0103 Dentar\u0103 \u2013 lucr\u0103ri practice<\/li><li>Boli infec\u021bioase \u2013 anul IV, Asisten\u021b\u0103 Medical\u0103 General\u0103 \u2013 lucr\u0103ri practice<\/li><li>Boli infec\u021bioase \u2013 anul III, Nutri\u021bie \u2013 lucr\u0103ri practice<\/li><\/ol><\/div>\n\t\t\t\t\t\t\t<\/div>\n\t\t\t\t\t\t<\/div><div class=\"jet-accordion__item jet-toggle jet-toggle-move-up-effect\">\n\t\t\t\t\t\t\t<div id=\"jet-toggle-control-1393\" class=\"jet-toggle__control elementor-menu-anchor\" data-toggle=\"3\" role=\"button\" tabindex=\"0\" aria-controls=\"jet-toggle-content-1393\" aria-expanded=\"false\" data-template-id=\"false\">\n\t\t\t\t\t\t\t\t<div class=\"jet-toggle__label-icon jet-toggle-icon-position-right\"><span class=\"jet-toggle__icon icon-normal jet-tabs-icon\"><svg xmlns=\"http:\/\/www.w3.org\/2000\/svg\" viewbox=\"0 0 448 512\"><path d=\"M256 80c0-17.7-14.3-32-32-32s-32 14.3-32 32V224H48c-17.7 0-32 14.3-32 32s14.3 32 32 32H192V432c0 17.7 14.3 32 32 32s32-14.3 32-32V288H400c17.7 0 32-14.3 32-32s-14.3-32-32-32H256V80z\"><\/path><\/svg><\/span><span class=\"jet-toggle__icon icon-active jet-tabs-icon\"><svg xmlns=\"http:\/\/www.w3.org\/2000\/svg\" viewbox=\"0 0 448 512\"><path d=\"M432 256c0 17.7-14.3 32-32 32L48 288c-17.7 0-32-14.3-32-32s14.3-32 32-32l352 0c17.7 0 32 14.3 32 32z\"><\/path><\/svg><\/span><\/div><div class=\"jet-toggle__label-text\">Manuale \u0219i \u00eendrum\u0103toare de lucr\u0103ri practice<\/div>\t\t\t\t\t\t\t<\/div>\n\t\t\t\t\t\t\t<div id=\"jet-toggle-content-1393\" class=\"jet-toggle__content\" data-toggle=\"3\" role=\"region\" data-template-id=\"false\">\n\t\t\t\t\t\t\t\t<div class=\"jet-toggle__content-inner\"><\/div>\n\t\t\t\t\t\t\t<\/div>\n\t\t\t\t\t\t<\/div>\t\t\t<\/div>\n\t\t<\/div>\n\t\t\t\t\t\t<\/div>\n\t\t\t\t<\/div>\n\t\t\t\t\t<\/div>\n\t\t<\/div>\n\t\t\t\t<div class=\"elementor-column elementor-col-50 elementor-top-column elementor-element elementor-element-695f5c3\" data-id=\"695f5c3\" data-element_type=\"column\" data-e-type=\"column\">\n\t\t\t<div class=\"elementor-widget-wrap elementor-element-populated\">\n\t\t\t\t\t\t<section class=\"elementor-section elementor-inner-section elementor-element elementor-element-cce53af elementor-section-boxed elementor-section-height-default elementor-section-height-default\" data-id=\"cce53af\" data-element_type=\"section\" data-e-type=\"section\">\n\t\t\t\t\t\t<div class=\"elementor-container elementor-column-gap-default\">\n\t\t\t\t\t<div data-dce-background-color=\"#F2F7FF\" class=\"elementor-column elementor-col-100 elementor-inner-column elementor-element elementor-element-8ad3478\" data-id=\"8ad3478\" data-element_type=\"column\" data-e-type=\"column\" data-settings=\"{&quot;background_background&quot;:&quot;classic&quot;}\">\n\t\t\t<div class=\"elementor-widget-wrap elementor-element-populated\">\n\t\t\t\t\t\t<div class=\"elementor-element elementor-element-3a83c64 elementor-widget elementor-widget-heading\" data-id=\"3a83c64\" data-element_type=\"widget\" data-e-type=\"widget\" data-widget_type=\"heading.default\">\n\t\t\t\t<div class=\"elementor-widget-container\">\n\t\t\t\t\t<h5 class=\"elementor-heading-title elementor-size-default\">Contact<\/h5>\t\t\t\t<\/div>\n\t\t\t\t<\/div>\n\t\t\t\t<div class=\"elementor-element elementor-element-6e5448c elementor-widget-divider--view-line elementor-widget elementor-widget-divider\" data-id=\"6e5448c\" data-element_type=\"widget\" data-e-type=\"widget\" data-widget_type=\"divider.default\">\n\t\t\t\t<div class=\"elementor-widget-container\">\n\t\t\t\t\t\t\t<div class=\"elementor-divider\">\n\t\t\t<span class=\"elementor-divider-separator\">\n\t\t\t\t\t\t<\/span>\n\t\t<\/div>\n\t\t\t\t\t\t<\/div>\n\t\t\t\t<\/div>\n\t\t\t\t<div class=\"elementor-element elementor-element-ef9cc3d elementor-widget elementor-widget-icon-box\" data-id=\"ef9cc3d\" data-element_type=\"widget\" data-e-type=\"widget\" data-widget_type=\"icon-box.default\">\n\t\t\t\t<div class=\"elementor-widget-container\">\n\t\t\t\t\t\t\t<div class=\"elementor-icon-box-wrapper\">\n\n\t\t\t\n\t\t\t\t\t\t<div class=\"elementor-icon-box-content\">\n\n\t\t\t\t\t\t\t\t\t<h3 class=\"elementor-icon-box-title\">\n\t\t\t\t\t\t<span  >\n\t\t\t\t\t\t\tSec\u021bia clinic\u0103\t\t\t\t\t\t<\/span>\n\t\t\t\t\t<\/h3>\n\t\t\t\t\n\t\t\t\t\t\t\t\t\t<p class=\"elementor-icon-box-description\">\n\t\t\t\t\t\tClinica de Boli Infec\u021bioase I\t\t\t\t\t<\/p>\n\t\t\t\t\n\t\t\t<\/div>\n\t\t\t\n\t\t<\/div>\n\t\t\t\t\t\t<\/div>\n\t\t\t\t<\/div>\n\t\t\t\t<div class=\"elementor-element elementor-element-bd683ee elementor-widget elementor-widget-icon-box\" data-id=\"bd683ee\" data-element_type=\"widget\" data-e-type=\"widget\" data-widget_type=\"icon-box.default\">\n\t\t\t\t<div class=\"elementor-widget-container\">\n\t\t\t\t\t\t\t<div class=\"elementor-icon-box-wrapper\">\n\n\t\t\t\n\t\t\t\t\t\t<div class=\"elementor-icon-box-content\">\n\n\t\t\t\t\t\t\t\t\t<h3 class=\"elementor-icon-box-title\">\n\t\t\t\t\t\t<span  >\n\t\t\t\t\t\t\tAdres\u0103\t\t\t\t\t\t<\/span>\n\t\t\t\t\t<\/h3>\n\t\t\t\t\n\t\t\t\t\t\t\t\t\t<p class=\"elementor-icon-box-description\">\n\t\t\t\t\t\tStr Gh. Doja, nr. 89,<br>\nT\u00e2rgu Mure\u0219, 540394\n Rom\u00e2nia\t\t\t\t\t<\/p>\n\t\t\t\t\n\t\t\t<\/div>\n\t\t\t\n\t\t<\/div>\n\t\t\t\t\t\t<\/div>\n\t\t\t\t<\/div>\n\t\t\t\t<div class=\"elementor-element elementor-element-eab2000 elementor-widget elementor-widget-icon-box\" data-id=\"eab2000\" data-element_type=\"widget\" data-e-type=\"widget\" data-widget_type=\"icon-box.default\">\n\t\t\t\t<div class=\"elementor-widget-container\">\n\t\t\t\t\t\t\t<div class=\"elementor-icon-box-wrapper\">\n\n\t\t\t\n\t\t\t\t\t\t<div class=\"elementor-icon-box-content\">\n\n\t\t\t\t\t\t\t\t\t<h3 class=\"elementor-icon-box-title\">\n\t\t\t\t\t\t<span  >\n\t\t\t\t\t\t\tE-mail\t\t\t\t\t\t<\/span>\n\t\t\t\t\t<\/h3>\n\t\t\t\t\n\t\t\t\t\t\t\t\t\t<p class=\"elementor-icon-box-description\">\n\t\t\t\t\t\tboli.infectioase@umfst.ro<br>\nanca-meda.vasiesiu@umfst.ro\t\t\t\t\t<\/p>\n\t\t\t\t\n\t\t\t<\/div>\n\t\t\t\n\t\t<\/div>\n\t\t\t\t\t\t<\/div>\n\t\t\t\t<\/div>\n\t\t\t\t<div class=\"elementor-element elementor-element-9d877a0 elementor-widget elementor-widget-icon-box\" data-id=\"9d877a0\" data-element_type=\"widget\" data-e-type=\"widget\" data-widget_type=\"icon-box.default\">\n\t\t\t\t<div class=\"elementor-widget-container\">\n\t\t\t\t\t\t\t<div class=\"elementor-icon-box-wrapper\">\n\n\t\t\t\n\t\t\t\t\t\t<div class=\"elementor-icon-box-content\">\n\n\t\t\t\t\t\t\t\t\t<h3 class=\"elementor-icon-box-title\">\n\t\t\t\t\t\t<span  >\n\t\t\t\t\t\t\tTelefon\t\t\t\t\t\t<\/span>\n\t\t\t\t\t<\/h3>\n\t\t\t\t\n\t\t\t\t\t\t\t\t\t<p class=\"elementor-icon-box-description\">\n\t\t\t\t\t\t+40-365-882.613, +40-365-882.611 \t\t\t\t\t<\/p>\n\t\t\t\t\n\t\t\t<\/div>\n\t\t\t\n\t\t<\/div>\n\t\t\t\t\t\t<\/div>\n\t\t\t\t<\/div>\n\t\t\t\t\t<\/div>\n\t\t<\/div>\n\t\t\t\t\t<\/div>\n\t\t<\/section>\n\t\t\t\t\t<\/div>\n\t\t<\/div>\n\t\t\t\t\t<\/div>\n\t\t<\/section>\n\t\t\t\t<\/div>","protected":false},"excerpt":{"rendered":"<p>Colectivul disciplinei \u0218ef disciplin\u0103Prof. univ. dr. Anca-Meda V\u0103sie\u0219iu &#8211; CV MembriConf. univ. dr. Br\u00eendu\u0219a \u021ailea &#8211; CV\u0218ef lucr. dr. Elena-Cristina G\u00e2rbovan &#8211; CV\u0218ef lucr. dr. Zaharia-Kezdi Iringo &#8211; CV\u0218ef lucr. dr. Incze Andrea &#8211; CV\u0218ef lucr. dr. Bodnar Nina-Ioana &#8211; ME2 &#8211; CVAsist. univ. drd. Andrejkovits Akos-Vince &#8211; CVAsist. univ. drd. Iancu Daniela &#8211; CVAsist. [&hellip;]<\/p>\n","protected":false},"author":14,"featured_media":0,"parent":419,"menu_order":2,"comment_status":"closed","ping_status":"closed","template":"","meta":{"_relevanssi_hide_post":"","_relevanssi_hide_content":"","_relevanssi_pin_for_all":"","_relevanssi_pin_keywords":"","_relevanssi_unpin_keywords":"","_relevanssi_related_keywords":"","_relevanssi_related_include_ids":"","_relevanssi_related_exclude_ids":"","_relevanssi_related_no_append":"","_relevanssi_related_not_related":"","_relevanssi_related_posts":"1","_relevanssi_noindex_reason":"","footnotes":""},"categories":[13,40],"tags":[],"class_list":["post-3424","page","type-page","status-publish","hentry","category-pagina-cu-sidebar","category-pagina-departamente-si-discipline"],"meta_box":[],"_links":{"self":[{"href":"https:\/\/umfst.ro\/facultatea-de-medicina\/hu\/wp-json\/wp\/v2\/pages\/3424","targetHints":{"allow":["GET"]}}],"collection":[{"href":"https:\/\/umfst.ro\/facultatea-de-medicina\/hu\/wp-json\/wp\/v2\/pages"}],"about":[{"href":"https:\/\/umfst.ro\/facultatea-de-medicina\/hu\/wp-json\/wp\/v2\/types\/page"}],"author":[{"embeddable":true,"href":"https:\/\/umfst.ro\/facultatea-de-medicina\/hu\/wp-json\/wp\/v2\/users\/14"}],"replies":[{"embeddable":true,"href":"https:\/\/umfst.ro\/facultatea-de-medicina\/hu\/wp-json\/wp\/v2\/comments?post=3424"}],"version-history":[{"count":53,"href":"https:\/\/umfst.ro\/facultatea-de-medicina\/hu\/wp-json\/wp\/v2\/pages\/3424\/revisions"}],"predecessor-version":[{"id":8895,"href":"https:\/\/umfst.ro\/facultatea-de-medicina\/hu\/wp-json\/wp\/v2\/pages\/3424\/revisions\/8895"}],"up":[{"embeddable":true,"href":"https:\/\/umfst.ro\/facultatea-de-medicina\/hu\/wp-json\/wp\/v2\/pages\/419"}],"wp:attachment":[{"href":"https:\/\/umfst.ro\/facultatea-de-medicina\/hu\/wp-json\/wp\/v2\/media?parent=3424"}],"wp:term":[{"taxonomy":"category","embeddable":true,"href":"https:\/\/umfst.ro\/facultatea-de-medicina\/hu\/wp-json\/wp\/v2\/categories?post=3424"},{"taxonomy":"post_tag","embeddable":true,"href":"https:\/\/umfst.ro\/facultatea-de-medicina\/hu\/wp-json\/wp\/v2\/tags?post=3424"}],"curies":[{"name":"wp","href":"https:\/\/api.w.org\/{rel}","templated":true}]}}