{"id":3500,"date":"2023-06-26T22:27:53","date_gmt":"2023-06-26T19:27:53","guid":{"rendered":"https:\/\/dev.umfst.ro\/facultatea-de-medicina\/?page_id=3500"},"modified":"2025-06-06T11:11:27","modified_gmt":"2025-06-06T08:11:27","slug":"medicala-iv-2","status":"publish","type":"page","link":"https:\/\/umfst.ro\/facultatea-de-medicina\/hu\/departamente-si-discipline\/m4-discipline-clinice-si-medico-chirurgicale\/medicala-iv-2\/","title":{"rendered":"Medical\u0103 IV"},"content":{"rendered":"<div data-elementor-type=\"wp-page\" data-elementor-id=\"3500\" class=\"elementor elementor-3500\" data-elementor-post-type=\"page\">\n\t\t\t\t\t\t<section class=\"elementor-section elementor-top-section elementor-element elementor-element-7a83ac91 elementor-section-boxed elementor-section-height-default elementor-section-height-default\" data-id=\"7a83ac91\" data-element_type=\"section\" data-e-type=\"section\">\n\t\t\t\t\t\t<div class=\"elementor-container elementor-column-gap-default\">\n\t\t\t\t\t<div class=\"elementor-column elementor-col-50 elementor-top-column elementor-element elementor-element-3e42cb35\" data-id=\"3e42cb35\" data-element_type=\"column\" data-e-type=\"column\">\n\t\t\t<div class=\"elementor-widget-wrap elementor-element-populated\">\n\t\t\t\t\t\t<div class=\"elementor-element elementor-element-3abb3f8 elementor-widget elementor-widget-text-editor\" data-id=\"3abb3f8\" data-element_type=\"widget\" data-e-type=\"widget\" data-widget_type=\"text-editor.default\">\n\t\t\t\t<div class=\"elementor-widget-container\">\n\t\t\t\t\t\t\t\t\t<h2>Colectivul disciplinei<\/h2><p><strong>\u0218ef disciplin\u0103<br \/><\/strong>Conf. univ. dr. Carmen Denise C\u0103ld\u0103raru &#8211; <a href=\"https:\/\/www.umfst.ro\/fileadmin\/f_medicina\/Cadre_didactice\/2025-2026\/Departament_M4\/Medicala_IV\/Caldararu Carmen_CV_site_UMFST.pdf\" data-wplink-url-error=\"true\">CV<\/a><\/p><p><strong>Membri<br \/><\/strong>Prof. univ. dr. Mure\u0219an Simona Silviana &#8211; ME2 &#8211; <a href=\"https:\/\/www.umfst.ro\/fileadmin\/f_medicina\/Cadre_didactice\/2025-2026\/Departament_M4\/Medicala_IV\/Muresan Simona_CV_site_UMFST.pdf\" data-wplink-url-error=\"true\">CV<\/a><br \/>Conf. univ. dr. Frigy Attila &#8211; <a href=\"https:\/\/www.umfst.ro\/fileadmin\/f_medicina\/Cadre_didactice\/2025-2026\/Departament_M4\/Medicala_IV\/Frigy Attila_CV_site_UMFST.pdf\" data-wplink-url-error=\"true\">CV<\/a><br \/>Conf. univ. dr. Cristian Podoleanu &#8211; <a href=\"https:\/\/www.umfst.ro\/fileadmin\/f_medicina\/Cadre_didactice\/2025-2026\/Departament_M4\/Medicala_IV\/Podoleanu Cristian_CV_site_UMFST.pdf\" data-wplink-url-error=\"true\">CV<\/a><br \/>\u0218ef lucr. dr. Stoica Mihai Ciprian &#8211; ME2 &#8211; <a href=\"https:\/\/www.umfst.ro\/fileadmin\/f_medicina\/Cadre_didactice\/2025-2026\/Departament_M4\/Medicala_IV\/Stoica Ciprian_CV_site_UMFST.pdf\" data-wplink-url-error=\"true\">CV<\/a><br \/>\u0218ef lucr. dr. Mathe Lehel &#8211; <a href=\"https:\/\/www.umfst.ro\/fileadmin\/f_medicina\/Cadre_didactice\/2025-2026\/Departament_M4\/Medicala_IV\/Mathe Lehel_CV_site_UMFST.pdf\" data-wplink-url-error=\"true\">CV<\/a><br \/>\u0218ef lucr. dr. Magdas Annamaria &#8211; <a href=\"https:\/\/www.umfst.ro\/fileadmin\/f_medicina\/Cadre_didactice\/2025-2026\/Departament_M4\/Medicala_IV\/Magdas Annamaria_CV_site_UMFST.pdf\" data-wplink-url-error=\"true\">CV<\/a><br \/>\u0218ef lucr. dr. Mirela Liana Gliga &#8211; <a href=\"https:\/\/www.umfst.ro\/fileadmin\/f_medicina\/Cadre_didactice\/2025-2026\/Departament_M4\/Medicala_IV\/Gliga Mirela_CV_site_UMFST.pdf\" data-wplink-url-error=\"true\">CV<\/a><br \/>Asist. univ. dr. Dorgo Monica Leti\u021bia &#8211; ME2 &#8211; <a href=\"https:\/\/www.umfst.ro\/fileadmin\/f_medicina\/Cadre_didactice\/2025-2026\/Departament_M4\/Medicala_IV\/Dorgo Monica_CV_site_UMFST.pdf\" data-wplink-url-error=\"true\">CV<\/a><br \/>Asist. univ. dr. Cristian-Nicolae Chiril\u0103 &#8211; <a href=\"https:\/\/www.umfst.ro\/fileadmin\/f_medicina\/Cadre_didactice\/2025-2026\/Departament_M4\/Medicala_IV\/Chirila Cristian_CV_site_UMFST.pdf\" data-wplink-url-error=\"true\">CV<\/a><br \/>Asist. univ. dr. Murariu-Gligor Emma Eugenia &#8211; ME2 &#8211; <a href=\"https:\/\/www.umfst.ro\/fileadmin\/f_medicina\/Cadre_didactice\/2025-2026\/Departament_M4\/Medicala_IV\/Murariu-Gligor Emma_CV_site_UMFST.pdf\" data-wplink-url-error=\"true\">CV<\/a><\/p>\t\t\t\t\t\t\t\t<\/div>\n\t\t\t\t<\/div>\n\t\t\t\t<div class=\"elementor-element elementor-element-d112cfa elementor-widget elementor-widget-heading\" data-id=\"d112cfa\" data-element_type=\"widget\" data-e-type=\"widget\" data-widget_type=\"heading.default\">\n\t\t\t\t<div class=\"elementor-widget-container\">\n\t\t\t\t\t<h2 class=\"elementor-heading-title elementor-size-default\">Activitate didactic\u0103<\/h2>\t\t\t\t<\/div>\n\t\t\t\t<\/div>\n\t\t\t\t<div class=\"elementor-element elementor-element-84ff91c elementor-widget elementor-widget-jet-accordion\" data-id=\"84ff91c\" data-element_type=\"widget\" data-e-type=\"widget\" data-widget_type=\"jet-accordion.default\">\n\t\t\t\t<div class=\"elementor-widget-container\">\n\t\t\t\t\t\t\t\t\t<div class=\"jet-accordion\" data-settings=\"{&quot;collapsible&quot;:false,&quot;ajaxTemplate&quot;:false,&quot;switchScrolling&quot;:false,&quot;switchScrollingTablet&quot;:false,&quot;switchScrollingMobile&quot;:false,&quot;switchScrollingOffset&quot;:{&quot;size&quot;:0,&quot;unit&quot;:&quot;px&quot;},&quot;switchScrollingOffsetTablet&quot;:{&quot;size&quot;:0,&quot;unit&quot;:&quot;px&quot;},&quot;switchScrollingOffsetMobile&quot;:{&quot;size&quot;:0,&quot;unit&quot;:&quot;px&quot;},&quot;switchScrollingDelay&quot;:500,&quot;switchScrollingDelayTablet&quot;:500,&quot;switchScrollingDelayMobile&quot;:500}\">\n\t\t\t<div class=\"jet-accordion__inner\">\n\t\t\t\t<div class=\"jet-accordion__item jet-toggle jet-toggle-move-up-effect\">\n\t\t\t\t\t\t\t<div id=\"jet-toggle-control-1391\" class=\"jet-toggle__control elementor-menu-anchor\" data-toggle=\"1\" role=\"button\" tabindex=\"0\" aria-controls=\"jet-toggle-content-1391\" aria-expanded=\"false\" data-template-id=\"false\">\n\t\t\t\t\t\t\t\t<div class=\"jet-toggle__label-icon jet-toggle-icon-position-right\"><span class=\"jet-toggle__icon icon-normal jet-tabs-icon\"><svg xmlns=\"http:\/\/www.w3.org\/2000\/svg\" viewbox=\"0 0 448 512\"><path d=\"M256 80c0-17.7-14.3-32-32-32s-32 14.3-32 32V224H48c-17.7 0-32 14.3-32 32s14.3 32 32 32H192V432c0 17.7 14.3 32 32 32s32-14.3 32-32V288H400c17.7 0 32-14.3 32-32s-14.3-32-32-32H256V80z\"><\/path><\/svg><\/span><span class=\"jet-toggle__icon icon-active jet-tabs-icon\"><svg xmlns=\"http:\/\/www.w3.org\/2000\/svg\" viewbox=\"0 0 448 512\"><path d=\"M432 256c0 17.7-14.3 32-32 32L48 288c-17.7 0-32-14.3-32-32s14.3-32 32-32l352 0c17.7 0 32 14.3 32 32z\"><\/path><\/svg><\/span><\/div><div class=\"jet-toggle__label-text\">Cursuri pentru studen\u021bi<\/div>\t\t\t\t\t\t\t<\/div>\n\t\t\t\t\t\t\t<div id=\"jet-toggle-content-1391\" class=\"jet-toggle__content\" data-toggle=\"1\" role=\"region\" data-template-id=\"false\">\n\t\t\t\t\t\t\t\t<div class=\"jet-toggle__content-inner\"><p>(Materie \u2013 an, program de studii, limb\u0103\u00a0 \u2013 titular de curs )<\/p><ol><li>Medicin\u0103 Intern\u0103 \u2013 anul V, medicin\u0103,(Respirator) LR \u2013 Prof. univ. dr. Emilian Cara\u0219ca<\/li><li>Medicin\u0103 Intern\u0103 \u2013 anul V, medicin\u0103,(Respirator, Renal) LM \u2013 Prof. univ. dr. Incze Alexandru<\/li><li>Medicin\u0103 Intern\u0103 \u2013 anul V, medicin\u0103,(renal) LR \u2013 Prof. univ. dr. Grigore Dogaru<\/li><li>Medicina intern\u0103-an IV(Diabet) LR+Prof dr. Emilian Cara\u015fca<\/li><li>Imunologie \u0219i alergologie \u2013 anul IV, medicin\u0103, LR, LM, LE \u2013 Conf. univ. dr. \u00a0Dumitru Moldovan<\/li><li>Patologie si terminologie medical\u0103, Farmacie anul III, LR-<\/li><li>Ingrijiri specializate in medicina, asistenta medicala anul IV, LR- Conf. univ. dr. C\u0103ld\u0103raru Carmen<\/li><li>Nutri\u021bia \u00een diabet, obezitate \u0219i boli de metabolism \u2013 anul IV, LR\u00a0\u00a0 \u2013\u00a0 \u0218ef lucr. Dr. Gina Camelia Suciu\u00a0\u00a0\u00a0<\/li><li>Nutri\u021bia adultului s\u0103n\u0103tos \u2013 anul II, nutri\u021bie, LR \u2013\u00a0 \u0218ef lucr. Dr. Gina Camelia Suciu<\/li><li>Nutri\u021bie \u0219i dietetic\u0103 \u2013 anul II, asisten\u021b\u0103 medical\u0103, LR \u2013 \u0218ef lucr. Dr. Gina Camelia Suciu<\/li><li>Diabet \u0219i boli de nutri\u021bie, anul IV, LR- \u0218ef lucr. Dr. Cernea Simona\u00a0\u00a0\u00a0\u00a0\u00a0\u00a0\u00a0\u00a0\u00a0<\/li><li>Semiologie medical\u0103 \u2013 anul II, asisten\u021b\u0103 medical\u0103, LM \u2013 \u0218ef lucr. Dr. Frigy Attila<\/li><li>Medicin\u0103 intern\u0103 (Cardiologie, Hematologie, Respirator, Nefrologie, Diabet) \u2013 anul V, medicin\u0103, LE \u2013 \u0218ef lucr. Dr. Cristian Podoleanu<\/li><li>Nutri\u021bia \u00een patologia renal\u0103 \u2013 anul III, nutri\u021bie, LR \u2013 \u0218ef lucr. Dr. Mirela Gliga<\/li><\/ol><\/div>\n\t\t\t\t\t\t\t<\/div>\n\t\t\t\t\t\t<\/div><div class=\"jet-accordion__item jet-toggle jet-toggle-move-up-effect\">\n\t\t\t\t\t\t\t<div id=\"jet-toggle-control-1392\" class=\"jet-toggle__control elementor-menu-anchor\" data-toggle=\"2\" role=\"button\" tabindex=\"0\" aria-controls=\"jet-toggle-content-1392\" aria-expanded=\"false\" data-template-id=\"false\">\n\t\t\t\t\t\t\t\t<div class=\"jet-toggle__label-icon jet-toggle-icon-position-right\"><span class=\"jet-toggle__icon icon-normal jet-tabs-icon\"><svg xmlns=\"http:\/\/www.w3.org\/2000\/svg\" viewbox=\"0 0 448 512\"><path d=\"M256 80c0-17.7-14.3-32-32-32s-32 14.3-32 32V224H48c-17.7 0-32 14.3-32 32s14.3 32 32 32H192V432c0 17.7 14.3 32 32 32s32-14.3 32-32V288H400c17.7 0 32-14.3 32-32s-14.3-32-32-32H256V80z\"><\/path><\/svg><\/span><span class=\"jet-toggle__icon icon-active jet-tabs-icon\"><svg xmlns=\"http:\/\/www.w3.org\/2000\/svg\" viewbox=\"0 0 448 512\"><path d=\"M432 256c0 17.7-14.3 32-32 32L48 288c-17.7 0-32-14.3-32-32s14.3-32 32-32l352 0c17.7 0 32 14.3 32 32z\"><\/path><\/svg><\/span><\/div><div class=\"jet-toggle__label-text\">Stagii clinice, lucr\u0103ri practice<\/div>\t\t\t\t\t\t\t<\/div>\n\t\t\t\t\t\t\t<div id=\"jet-toggle-content-1392\" class=\"jet-toggle__content\" data-toggle=\"2\" role=\"region\" data-template-id=\"false\">\n\t\t\t\t\t\t\t\t<div class=\"jet-toggle__content-inner\"><p>(Materie \u2013 an, program de studii- stagiu clinic\/lucrare practic\u0103)<\/p><ol><li>Medicin\u0103 Intern\u0103 \u2013 anul V, medicin\u0103 \u2013 stagiu clinic<\/li><li>Nutri\u021bia \u00een diabet, obezitate \u0219i boli de metabolism \u2013 anul III, nutri\u021bie \u2013 lucr\u0103re practic\u0103<\/li><li>Nutri\u021bia adultului s\u0103n\u0103tos \u2013 anul II, nutri\u021bie \u2013 lucr\u0103re practic\u0103<\/li><li>Nutri\u021bia \u00een bolile renale \u2013 anul III, nutri\u021bie \u2013 lucr\u0103re practic\u0103<\/li><\/ol><\/div>\n\t\t\t\t\t\t\t<\/div>\n\t\t\t\t\t\t<\/div><div class=\"jet-accordion__item jet-toggle jet-toggle-move-up-effect\">\n\t\t\t\t\t\t\t<div id=\"jet-toggle-control-1393\" class=\"jet-toggle__control elementor-menu-anchor\" data-toggle=\"3\" role=\"button\" tabindex=\"0\" aria-controls=\"jet-toggle-content-1393\" aria-expanded=\"false\" data-template-id=\"false\">\n\t\t\t\t\t\t\t\t<div class=\"jet-toggle__label-icon jet-toggle-icon-position-right\"><span class=\"jet-toggle__icon icon-normal jet-tabs-icon\"><svg xmlns=\"http:\/\/www.w3.org\/2000\/svg\" viewbox=\"0 0 448 512\"><path d=\"M256 80c0-17.7-14.3-32-32-32s-32 14.3-32 32V224H48c-17.7 0-32 14.3-32 32s14.3 32 32 32H192V432c0 17.7 14.3 32 32 32s32-14.3 32-32V288H400c17.7 0 32-14.3 32-32s-14.3-32-32-32H256V80z\"><\/path><\/svg><\/span><span class=\"jet-toggle__icon icon-active jet-tabs-icon\"><svg xmlns=\"http:\/\/www.w3.org\/2000\/svg\" viewbox=\"0 0 448 512\"><path d=\"M432 256c0 17.7-14.3 32-32 32L48 288c-17.7 0-32-14.3-32-32s14.3-32 32-32l352 0c17.7 0 32 14.3 32 32z\"><\/path><\/svg><\/span><\/div><div class=\"jet-toggle__label-text\">Manuale \u0219i \u00eendrum\u0103toare de lucr\u0103ri practice<\/div>\t\t\t\t\t\t\t<\/div>\n\t\t\t\t\t\t\t<div id=\"jet-toggle-content-1393\" class=\"jet-toggle__content\" data-toggle=\"3\" role=\"region\" data-template-id=\"false\">\n\t\t\t\t\t\t\t\t<div class=\"jet-toggle__content-inner\"><\/div>\n\t\t\t\t\t\t\t<\/div>\n\t\t\t\t\t\t<\/div>\t\t\t<\/div>\n\t\t<\/div>\n\t\t\t\t\t\t<\/div>\n\t\t\t\t<\/div>\n\t\t\t\t\t<\/div>\n\t\t<\/div>\n\t\t\t\t<div class=\"elementor-column elementor-col-50 elementor-top-column elementor-element elementor-element-1a332919\" data-id=\"1a332919\" data-element_type=\"column\" data-e-type=\"column\">\n\t\t\t<div class=\"elementor-widget-wrap elementor-element-populated\">\n\t\t\t\t\t\t<section class=\"elementor-section elementor-inner-section elementor-element elementor-element-4dd9e1c7 elementor-section-boxed elementor-section-height-default elementor-section-height-default\" data-id=\"4dd9e1c7\" data-element_type=\"section\" data-e-type=\"section\">\n\t\t\t\t\t\t<div class=\"elementor-container elementor-column-gap-default\">\n\t\t\t\t\t<div data-dce-background-color=\"#F2F7FF\" class=\"elementor-column elementor-col-100 elementor-inner-column elementor-element elementor-element-d476fcc\" data-id=\"d476fcc\" data-element_type=\"column\" data-e-type=\"column\" data-settings=\"{&quot;background_background&quot;:&quot;classic&quot;}\">\n\t\t\t<div class=\"elementor-widget-wrap elementor-element-populated\">\n\t\t\t\t\t\t<div class=\"elementor-element elementor-element-2e768da1 elementor-widget elementor-widget-heading\" data-id=\"2e768da1\" data-element_type=\"widget\" data-e-type=\"widget\" data-widget_type=\"heading.default\">\n\t\t\t\t<div class=\"elementor-widget-container\">\n\t\t\t\t\t<h5 class=\"elementor-heading-title elementor-size-default\">Contact<\/h5>\t\t\t\t<\/div>\n\t\t\t\t<\/div>\n\t\t\t\t<div class=\"elementor-element elementor-element-5d8d0f68 elementor-widget-divider--view-line elementor-widget elementor-widget-divider\" data-id=\"5d8d0f68\" data-element_type=\"widget\" data-e-type=\"widget\" data-widget_type=\"divider.default\">\n\t\t\t\t<div class=\"elementor-widget-container\">\n\t\t\t\t\t\t\t<div class=\"elementor-divider\">\n\t\t\t<span class=\"elementor-divider-separator\">\n\t\t\t\t\t\t<\/span>\n\t\t<\/div>\n\t\t\t\t\t\t<\/div>\n\t\t\t\t<\/div>\n\t\t\t\t<div class=\"elementor-element elementor-element-1807572 elementor-widget elementor-widget-icon-box\" data-id=\"1807572\" data-element_type=\"widget\" data-e-type=\"widget\" data-widget_type=\"icon-box.default\">\n\t\t\t\t<div class=\"elementor-widget-container\">\n\t\t\t\t\t\t\t<div class=\"elementor-icon-box-wrapper\">\n\n\t\t\t\n\t\t\t\t\t\t<div class=\"elementor-icon-box-content\">\n\n\t\t\t\t\t\t\t\t\t<h3 class=\"elementor-icon-box-title\">\n\t\t\t\t\t\t<span  >\n\t\t\t\t\t\t\tSec\u021bie clinic\u0103\t\t\t\t\t\t<\/span>\n\t\t\t\t\t<\/h3>\n\t\t\t\t\n\t\t\t\t\t\t\t\t\t<p class=\"elementor-icon-box-description\">\n\t\t\t\t\t\tSpitalul Clinic Jude\u021bean Mure\u0219, <br>\nClinica Medicin\u0103 Intern\u0103\t\t\t\t\t<\/p>\n\t\t\t\t\n\t\t\t<\/div>\n\t\t\t\n\t\t<\/div>\n\t\t\t\t\t\t<\/div>\n\t\t\t\t<\/div>\n\t\t\t\t<div class=\"elementor-element elementor-element-cf58950 elementor-widget elementor-widget-icon-box\" data-id=\"cf58950\" data-element_type=\"widget\" data-e-type=\"widget\" data-widget_type=\"icon-box.default\">\n\t\t\t\t<div class=\"elementor-widget-container\">\n\t\t\t\t\t\t\t<div class=\"elementor-icon-box-wrapper\">\n\n\t\t\t\n\t\t\t\t\t\t<div class=\"elementor-icon-box-content\">\n\n\t\t\t\t\t\t\t\t\t<h3 class=\"elementor-icon-box-title\">\n\t\t\t\t\t\t<span  >\n\t\t\t\t\t\t\tAdres\u0103\t\t\t\t\t\t<\/span>\n\t\t\t\t\t<\/h3>\n\t\t\t\t\n\t\t\t\t\t\t\t\t\t<p class=\"elementor-icon-box-description\">\n\t\t\t\t\t\tStr. Gh. Marinescu, nr. 1, et. 3, T\u00e2rgu Mure\u0219, 540103 Rom\u00e2nia\t\t\t\t\t<\/p>\n\t\t\t\t\n\t\t\t<\/div>\n\t\t\t\n\t\t<\/div>\n\t\t\t\t\t\t<\/div>\n\t\t\t\t<\/div>\n\t\t\t\t<div class=\"elementor-element elementor-element-3d0976d elementor-widget elementor-widget-icon-box\" data-id=\"3d0976d\" data-element_type=\"widget\" data-e-type=\"widget\" data-widget_type=\"icon-box.default\">\n\t\t\t\t<div class=\"elementor-widget-container\">\n\t\t\t\t\t\t\t<div class=\"elementor-icon-box-wrapper\">\n\n\t\t\t\n\t\t\t\t\t\t<div class=\"elementor-icon-box-content\">\n\n\t\t\t\t\t\t\t\t\t<h3 class=\"elementor-icon-box-title\">\n\t\t\t\t\t\t<span  >\n\t\t\t\t\t\t\tTelefon\t\t\t\t\t\t<\/span>\n\t\t\t\t\t<\/h3>\n\t\t\t\t\n\t\t\t\t\t\t\t\t\t<p class=\"elementor-icon-box-description\">\n\t\t\t\t\t\t+40-265-215.133, int. 227\t\t\t\t\t<\/p>\n\t\t\t\t\n\t\t\t<\/div>\n\t\t\t\n\t\t<\/div>\n\t\t\t\t\t\t<\/div>\n\t\t\t\t<\/div>\n\t\t\t\t\t<\/div>\n\t\t<\/div>\n\t\t\t\t\t<\/div>\n\t\t<\/section>\n\t\t\t\t\t<\/div>\n\t\t<\/div>\n\t\t\t\t\t<\/div>\n\t\t<\/section>\n\t\t\t\t<\/div>","protected":false},"excerpt":{"rendered":"<p>Colectivul disciplinei \u0218ef disciplin\u0103Conf. univ. dr. Carmen Denise C\u0103ld\u0103raru &#8211; CV MembriProf. univ. dr. Mure\u0219an Simona Silviana &#8211; ME2 &#8211; CVConf. univ. dr. Frigy Attila &#8211; CVConf. univ. dr. Cristian Podoleanu &#8211; CV\u0218ef lucr. dr. Stoica Mihai Ciprian &#8211; ME2 &#8211; CV\u0218ef lucr. dr. Mathe Lehel &#8211; CV\u0218ef lucr. dr. Magdas Annamaria &#8211; CV\u0218ef lucr. [&hellip;]<\/p>\n","protected":false},"author":14,"featured_media":0,"parent":419,"menu_order":7,"comment_status":"closed","ping_status":"closed","template":"","meta":{"_relevanssi_hide_post":"","_relevanssi_hide_content":"","_relevanssi_pin_for_all":"","_relevanssi_pin_keywords":"","_relevanssi_unpin_keywords":"","_relevanssi_related_keywords":"","_relevanssi_related_include_ids":"","_relevanssi_related_exclude_ids":"","_relevanssi_related_no_append":"","_relevanssi_related_not_related":"","_relevanssi_related_posts":"1","_relevanssi_noindex_reason":"","footnotes":""},"categories":[13,40],"tags":[],"class_list":["post-3500","page","type-page","status-publish","hentry","category-pagina-cu-sidebar","category-pagina-departamente-si-discipline"],"meta_box":[],"_links":{"self":[{"href":"https:\/\/umfst.ro\/facultatea-de-medicina\/hu\/wp-json\/wp\/v2\/pages\/3500","targetHints":{"allow":["GET"]}}],"collection":[{"href":"https:\/\/umfst.ro\/facultatea-de-medicina\/hu\/wp-json\/wp\/v2\/pages"}],"about":[{"href":"https:\/\/umfst.ro\/facultatea-de-medicina\/hu\/wp-json\/wp\/v2\/types\/page"}],"author":[{"embeddable":true,"href":"https:\/\/umfst.ro\/facultatea-de-medicina\/hu\/wp-json\/wp\/v2\/users\/14"}],"replies":[{"embeddable":true,"href":"https:\/\/umfst.ro\/facultatea-de-medicina\/hu\/wp-json\/wp\/v2\/comments?post=3500"}],"version-history":[{"count":29,"href":"https:\/\/umfst.ro\/facultatea-de-medicina\/hu\/wp-json\/wp\/v2\/pages\/3500\/revisions"}],"predecessor-version":[{"id":8496,"href":"https:\/\/umfst.ro\/facultatea-de-medicina\/hu\/wp-json\/wp\/v2\/pages\/3500\/revisions\/8496"}],"up":[{"embeddable":true,"href":"https:\/\/umfst.ro\/facultatea-de-medicina\/hu\/wp-json\/wp\/v2\/pages\/419"}],"wp:attachment":[{"href":"https:\/\/umfst.ro\/facultatea-de-medicina\/hu\/wp-json\/wp\/v2\/media?parent=3500"}],"wp:term":[{"taxonomy":"category","embeddable":true,"href":"https:\/\/umfst.ro\/facultatea-de-medicina\/hu\/wp-json\/wp\/v2\/categories?post=3500"},{"taxonomy":"post_tag","embeddable":true,"href":"https:\/\/umfst.ro\/facultatea-de-medicina\/hu\/wp-json\/wp\/v2\/tags?post=3500"}],"curies":[{"name":"wp","href":"https:\/\/api.w.org\/{rel}","templated":true}]}}