{"id":3645,"date":"2023-06-26T23:36:52","date_gmt":"2023-06-26T20:36:52","guid":{"rendered":"https:\/\/dev.umfst.ro\/facultatea-de-medicina\/?page_id=3645"},"modified":"2025-10-08T09:10:29","modified_gmt":"2025-10-08T06:10:29","slug":"oncologie","status":"publish","type":"page","link":"https:\/\/umfst.ro\/facultatea-de-medicina\/hu\/departamente-si-discipline\/m4-discipline-clinice-si-medico-chirurgicale\/oncologie\/","title":{"rendered":"Oncologie \u0219i \u00eengrijiri paleative"},"content":{"rendered":"<div data-elementor-type=\"wp-page\" data-elementor-id=\"3645\" class=\"elementor elementor-3645\" data-elementor-post-type=\"page\">\n\t\t\t\t\t\t<section class=\"elementor-section elementor-top-section elementor-element elementor-element-7a83ac91 elementor-section-boxed elementor-section-height-default elementor-section-height-default\" data-id=\"7a83ac91\" data-element_type=\"section\" data-e-type=\"section\">\n\t\t\t\t\t\t<div class=\"elementor-container elementor-column-gap-default\">\n\t\t\t\t\t<div class=\"elementor-column elementor-col-50 elementor-top-column elementor-element elementor-element-3e42cb35\" data-id=\"3e42cb35\" data-element_type=\"column\" data-e-type=\"column\">\n\t\t\t<div class=\"elementor-widget-wrap elementor-element-populated\">\n\t\t\t\t\t\t<div class=\"elementor-element elementor-element-5addade elementor-widget elementor-widget-text-editor\" data-id=\"5addade\" data-element_type=\"widget\" data-e-type=\"widget\" data-widget_type=\"text-editor.default\">\n\t\t\t\t<div class=\"elementor-widget-container\">\n\t\t\t\t\t\t\t\t\t<h2>Colectivul disciplinei<\/h2><p><strong>\u0218ef disciplin\u0103<\/strong><br \/>\u0218ef lucr. dr. Sorin-Adrian Albu &#8211; <a href=\"https:\/\/www.umfst.ro\/fileadmin\/f_medicina\/Cadre_didactice\/2025-2026\/Departament_M4\/Oncologie\/Albu_Sorin_Adrian_CV_site_UMFST.pdf\" target=\"_blank\" rel=\"noopener\">CV<\/a><\/p><p><strong>Membri<br \/><\/strong>\u0218ef lucr. dr. Kadar Zoltan-Szabolcs &#8211; <a href=\"https:\/\/www.umfst.ro\/fileadmin\/f_medicina\/Cadre_didactice\/2025-2026\/Departament_M4\/Oncologie\/Kadar_Zoltan_Szabolcs_CV_site_UMFST.pdf\" target=\"_blank\" rel=\"noopener\">CV<\/a><br \/>Asist. univ. dr. Radu Florin Demian &#8211; <a href=\"https:\/\/www.umfst.ro\/fileadmin\/f_medicina\/Cadre_didactice\/2025-2026\/Departament_M4\/Oncologie\/Demian_Radu_Florin_CV_site_UMFST.pdf\" target=\"_blank\" rel=\"noopener\">CV<\/a><br \/>Asist. univ. dr. Corina M\u0103rginean &#8211; <a href=\"https:\/\/www.umfst.ro\/fileadmin\/f_medicina\/Cadre_didactice\/2025-2026\/Departament_M4\/Oncologie\/Ma\u0306rginean_Corina_CV_site_UMFST.pdf\" target=\"_blank\" rel=\"noopener\">CV<\/a><br \/>Asist. univ. drd. Szekely Tiberiu Bogdan &#8211; <a href=\"https:\/\/www.umfst.ro\/fileadmin\/f_medicina\/Cadre_didactice\/2025-2026\/Departament_M4\/Oncologie\/Szekely_Tiberiu_Bogdan_CV_site_UMFST.pdf\" target=\"_blank\" rel=\"noopener\">CV<\/a><br \/>Asist. univ. drd. Alexandra Daniela Sava &#8211; <a href=\"https:\/\/www.umfst.ro\/fileadmin\/f_medicina\/Cadre_didactice\/2025-2026\/Departament_M4\/Oncologie\/Szabo (Sava)_Alexandra_Daniela_CV_site_UMFST.pdf\" target=\"_blank\" rel=\"noopener\" data-wplink-url-error=\"true\">CV<\/a><\/p>\t\t\t\t\t\t\t\t<\/div>\n\t\t\t\t<\/div>\n\t\t\t\t<div class=\"elementor-element elementor-element-d112cfa elementor-widget elementor-widget-heading\" data-id=\"d112cfa\" data-element_type=\"widget\" data-e-type=\"widget\" data-widget_type=\"heading.default\">\n\t\t\t\t<div class=\"elementor-widget-container\">\n\t\t\t\t\t<h2 class=\"elementor-heading-title elementor-size-default\">Activitate didactic\u0103<\/h2>\t\t\t\t<\/div>\n\t\t\t\t<\/div>\n\t\t\t\t<div class=\"elementor-element elementor-element-84ff91c elementor-widget elementor-widget-jet-accordion\" data-id=\"84ff91c\" data-element_type=\"widget\" data-e-type=\"widget\" data-widget_type=\"jet-accordion.default\">\n\t\t\t\t<div class=\"elementor-widget-container\">\n\t\t\t\t\t\t\t\t\t<div class=\"jet-accordion\" data-settings=\"{&quot;collapsible&quot;:false,&quot;ajaxTemplate&quot;:false,&quot;switchScrolling&quot;:false,&quot;switchScrollingTablet&quot;:false,&quot;switchScrollingMobile&quot;:false,&quot;switchScrollingOffset&quot;:{&quot;size&quot;:0,&quot;unit&quot;:&quot;px&quot;},&quot;switchScrollingOffsetTablet&quot;:{&quot;size&quot;:0,&quot;unit&quot;:&quot;px&quot;},&quot;switchScrollingOffsetMobile&quot;:{&quot;size&quot;:0,&quot;unit&quot;:&quot;px&quot;},&quot;switchScrollingDelay&quot;:500,&quot;switchScrollingDelayTablet&quot;:500,&quot;switchScrollingDelayMobile&quot;:500}\">\n\t\t\t<div class=\"jet-accordion__inner\">\n\t\t\t\t<div class=\"jet-accordion__item jet-toggle jet-toggle-move-up-effect\">\n\t\t\t\t\t\t\t<div id=\"jet-toggle-control-1391\" class=\"jet-toggle__control elementor-menu-anchor\" data-toggle=\"1\" role=\"button\" tabindex=\"0\" aria-controls=\"jet-toggle-content-1391\" aria-expanded=\"false\" data-template-id=\"false\">\n\t\t\t\t\t\t\t\t<div class=\"jet-toggle__label-icon jet-toggle-icon-position-right\"><span class=\"jet-toggle__icon icon-normal jet-tabs-icon\"><svg xmlns=\"http:\/\/www.w3.org\/2000\/svg\" viewbox=\"0 0 448 512\"><path d=\"M256 80c0-17.7-14.3-32-32-32s-32 14.3-32 32V224H48c-17.7 0-32 14.3-32 32s14.3 32 32 32H192V432c0 17.7 14.3 32 32 32s32-14.3 32-32V288H400c17.7 0 32-14.3 32-32s-14.3-32-32-32H256V80z\"><\/path><\/svg><\/span><span class=\"jet-toggle__icon icon-active jet-tabs-icon\"><svg xmlns=\"http:\/\/www.w3.org\/2000\/svg\" viewbox=\"0 0 448 512\"><path d=\"M432 256c0 17.7-14.3 32-32 32L48 288c-17.7 0-32-14.3-32-32s14.3-32 32-32l352 0c17.7 0 32 14.3 32 32z\"><\/path><\/svg><\/span><\/div><div class=\"jet-toggle__label-text\">Cursuri pentru studen\u021bi<\/div>\t\t\t\t\t\t\t<\/div>\n\t\t\t\t\t\t\t<div id=\"jet-toggle-content-1391\" class=\"jet-toggle__content\" data-toggle=\"1\" role=\"region\" data-template-id=\"false\">\n\t\t\t\t\t\t\t\t<div class=\"jet-toggle__content-inner\"><p><span data-sheets-value=\"{&quot;1&quot;:2,&quot;2&quot;:&quot;Medicin\u0103 general\u0103\\n1. Oncologie Medical\u0103 - Tog\u0103nel Cornelia, Kadar Zoltan Szabolcs, Demian Radu, Szekely Tiberiu Bogdan - Medicin\u0103, anul V\\n2. \u00cengrijiri paliative. Geriatrie \u0219i gerontologie - Albu Sorin, Kadar Zoltan Szabolcs, Szabo Monika, M\u0103rginean Corina - Medicin\u0103, anul VI\\n3. Medical Oncology - Kadar Zoltan Szabolcs, Szekely Tiberiu Bogdan - Medicin\u0103, anul V\\n\\nAsisten\u021b\u0103 medical\u0103 general\u0103\\n1. \u00cengrijiri calificate \u00een oncologie \u0219i \u00eengrijiri paliative - Albu Sorin, Kadar Zoltan Szabolcs, M\u0103rginean Corina - AMG, anul III\\n\\nNutri\u021bie \u0219i dietetic\u0103\\n1. Dietoterapia \u00een patologia oncologic\u0103 \u0219i chirurgical\u0103 - Szekely Tiberiu Bogdan - Nutri\u021bie \u0219i Dietetic\u0103, anul III&quot;}\" data-sheets-userformat=\"{&quot;2&quot;:513,&quot;3&quot;:{&quot;1&quot;:0},&quot;12&quot;:0}\">Medicin\u0103 general\u0103<br \/>1. Oncologie Medical\u0103 &#8211; Tog\u0103nel Cornelia, Kadar Zoltan Szabolcs, Demian Radu, Szekely Tiberiu Bogdan &#8211; Medicin\u0103, anul V<br \/>2. \u00cengrijiri paliative. Geriatrie \u0219i gerontologie &#8211; Albu Sorin, Kadar Zoltan Szabolcs, Szabo Monika, M\u0103rginean Corina &#8211; Medicin\u0103, anul VI<br \/>3. Medical Oncology &#8211; Kadar Zoltan Szabolcs, Szekely Tiberiu Bogdan &#8211; Medicin\u0103, anul V<br \/><br \/>Asisten\u021b\u0103 medical\u0103 general\u0103<br \/>1. \u00cengrijiri calificate \u00een oncologie \u0219i \u00eengrijiri paliative &#8211; Albu Sorin, Kadar Zoltan Szabolcs, M\u0103rginean Corina &#8211; AMG, anul III<br \/><br \/>Nutri\u021bie \u0219i dietetic\u0103<br \/>1. Dietoterapia \u00een patologia oncologic\u0103 \u0219i chirurgical\u0103 &#8211; Szekely Tiberiu Bogdan &#8211; Nutri\u021bie \u0219i Dietetic\u0103, anul III<\/span><\/p><\/div>\n\t\t\t\t\t\t\t<\/div>\n\t\t\t\t\t\t<\/div><div class=\"jet-accordion__item jet-toggle jet-toggle-move-up-effect\">\n\t\t\t\t\t\t\t<div id=\"jet-toggle-control-1392\" class=\"jet-toggle__control elementor-menu-anchor\" data-toggle=\"2\" role=\"button\" tabindex=\"0\" aria-controls=\"jet-toggle-content-1392\" aria-expanded=\"false\" data-template-id=\"false\">\n\t\t\t\t\t\t\t\t<div class=\"jet-toggle__label-icon jet-toggle-icon-position-right\"><span class=\"jet-toggle__icon icon-normal jet-tabs-icon\"><svg xmlns=\"http:\/\/www.w3.org\/2000\/svg\" viewbox=\"0 0 448 512\"><path d=\"M256 80c0-17.7-14.3-32-32-32s-32 14.3-32 32V224H48c-17.7 0-32 14.3-32 32s14.3 32 32 32H192V432c0 17.7 14.3 32 32 32s32-14.3 32-32V288H400c17.7 0 32-14.3 32-32s-14.3-32-32-32H256V80z\"><\/path><\/svg><\/span><span class=\"jet-toggle__icon icon-active jet-tabs-icon\"><svg xmlns=\"http:\/\/www.w3.org\/2000\/svg\" viewbox=\"0 0 448 512\"><path d=\"M432 256c0 17.7-14.3 32-32 32L48 288c-17.7 0-32-14.3-32-32s14.3-32 32-32l352 0c17.7 0 32 14.3 32 32z\"><\/path><\/svg><\/span><\/div><div class=\"jet-toggle__label-text\">Stagii clinice, lucr\u0103ri practice<\/div>\t\t\t\t\t\t\t<\/div>\n\t\t\t\t\t\t\t<div id=\"jet-toggle-content-1392\" class=\"jet-toggle__content\" data-toggle=\"2\" role=\"region\" data-template-id=\"false\">\n\t\t\t\t\t\t\t\t<div class=\"jet-toggle__content-inner\"><p><span data-sheets-value=\"{&quot;1&quot;:2,&quot;2&quot;:&quot;1. Oncologie medical\u0103 - Medicin\u0103, LP, anul V\\n\\n2. \u00cengrijiri paliative. Geriatrie \u0219i gerontologie - Medicin\u0103, LP, anul VI\\n\\n3. Medical Oncology - Medicin\u0103, LP, anul V\\n\\n4. \u00cengrijiri calificate \u00een oncologie \u0219i \u00eengrijiri paliative - Asisten\u021b\u0103 medical\u0103, LP, anul III\\n\\n5. Dietoterapia \u00een patologia oncologic\u0103 \u0219i chirurgical\u0103 - Nutri\u021bie \u0219i Dietetic\u0103, stagiu clinic, anul III&quot;}\" data-sheets-userformat=\"{&quot;2&quot;:513,&quot;3&quot;:{&quot;1&quot;:0},&quot;12&quot;:0}\">1. Oncologie medical\u0103 &#8211; Medicin\u0103, LP, anul V<br \/><br \/>2. \u00cengrijiri paliative. Geriatrie \u0219i gerontologie &#8211; Medicin\u0103, LP, anul VI<br \/><br \/>3. Medical Oncology &#8211; Medicin\u0103, LP, anul V<br \/><br \/>4. \u00cengrijiri calificate \u00een oncologie \u0219i \u00eengrijiri paliative &#8211; Asisten\u021b\u0103 medical\u0103, LP, anul III<br \/><br \/>5. Dietoterapia \u00een patologia oncologic\u0103 \u0219i chirurgical\u0103 &#8211; Nutri\u021bie \u0219i Dietetic\u0103, stagiu clinic, anul III<\/span><\/p><\/div>\n\t\t\t\t\t\t\t<\/div>\n\t\t\t\t\t\t<\/div><div class=\"jet-accordion__item jet-toggle jet-toggle-move-up-effect\">\n\t\t\t\t\t\t\t<div id=\"jet-toggle-control-1393\" class=\"jet-toggle__control elementor-menu-anchor\" data-toggle=\"3\" role=\"button\" tabindex=\"0\" aria-controls=\"jet-toggle-content-1393\" aria-expanded=\"false\" data-template-id=\"false\">\n\t\t\t\t\t\t\t\t<div class=\"jet-toggle__label-icon jet-toggle-icon-position-right\"><span class=\"jet-toggle__icon icon-normal jet-tabs-icon\"><svg xmlns=\"http:\/\/www.w3.org\/2000\/svg\" viewbox=\"0 0 448 512\"><path d=\"M256 80c0-17.7-14.3-32-32-32s-32 14.3-32 32V224H48c-17.7 0-32 14.3-32 32s14.3 32 32 32H192V432c0 17.7 14.3 32 32 32s32-14.3 32-32V288H400c17.7 0 32-14.3 32-32s-14.3-32-32-32H256V80z\"><\/path><\/svg><\/span><span class=\"jet-toggle__icon icon-active jet-tabs-icon\"><svg xmlns=\"http:\/\/www.w3.org\/2000\/svg\" viewbox=\"0 0 448 512\"><path d=\"M432 256c0 17.7-14.3 32-32 32L48 288c-17.7 0-32-14.3-32-32s14.3-32 32-32l352 0c17.7 0 32 14.3 32 32z\"><\/path><\/svg><\/span><\/div><div class=\"jet-toggle__label-text\">Manuale \u0219i \u00eendrum\u0103toare de lucr\u0103ri practice<\/div>\t\t\t\t\t\t\t<\/div>\n\t\t\t\t\t\t\t<div id=\"jet-toggle-content-1393\" class=\"jet-toggle__content\" data-toggle=\"3\" role=\"region\" data-template-id=\"false\">\n\t\t\t\t\t\t\t\t<div class=\"jet-toggle__content-inner\"><p><span data-sheets-value=\"{&quot;1&quot;:2,&quot;2&quot;:&quot;1. Cursuri \u0219i LP-uri de oncologie medical\u0103 - slide-uri powerpoint presentation\\n\\n2. Medical oncology courses and practical courses - powerpoint presentations\\n\\n3. \u00cengrijiri paliative. Geriatrie \u0219i gerontologie - slide-uri powerpoint presentation\\n\\n4. \u00cengrijiri calificate \u00een oncologie \u0219i \u00eengrijiri paliative - slide-uri powerpoint presentation\\n\\n5. Dietoterapia \u00een patologia oncologic\u0103 \u0219i chirurgical\u0103 - slide-uri powerpoint presentation&quot;}\" data-sheets-userformat=\"{&quot;2&quot;:513,&quot;3&quot;:{&quot;1&quot;:0},&quot;12&quot;:0}\">1. Cursuri \u0219i LP-uri de oncologie medical\u0103 &#8211; slide-uri powerpoint presentation<br \/><br \/>2. Medical oncology courses and practical courses &#8211; powerpoint presentations<br \/><br \/>3. \u00cengrijiri paliative. Geriatrie \u0219i gerontologie &#8211; slide-uri powerpoint presentation<br \/><br \/>4. \u00cengrijiri calificate \u00een oncologie \u0219i \u00eengrijiri paliative &#8211; slide-uri powerpoint presentation<br \/><br \/>5. Dietoterapia \u00een patologia oncologic\u0103 \u0219i chirurgical\u0103 &#8211; slide-uri powerpoint presentation<\/span><\/p><\/div>\n\t\t\t\t\t\t\t<\/div>\n\t\t\t\t\t\t<\/div>\t\t\t<\/div>\n\t\t<\/div>\n\t\t\t\t\t\t<\/div>\n\t\t\t\t<\/div>\n\t\t\t\t\t<\/div>\n\t\t<\/div>\n\t\t\t\t<div class=\"elementor-column elementor-col-50 elementor-top-column elementor-element elementor-element-1a332919\" data-id=\"1a332919\" data-element_type=\"column\" data-e-type=\"column\">\n\t\t\t<div class=\"elementor-widget-wrap elementor-element-populated\">\n\t\t\t\t\t\t<section class=\"elementor-section elementor-inner-section elementor-element elementor-element-4dd9e1c7 elementor-section-boxed elementor-section-height-default elementor-section-height-default\" data-id=\"4dd9e1c7\" data-element_type=\"section\" data-e-type=\"section\">\n\t\t\t\t\t\t<div class=\"elementor-container elementor-column-gap-default\">\n\t\t\t\t\t<div data-dce-background-color=\"#F2F7FF\" class=\"elementor-column elementor-col-100 elementor-inner-column elementor-element elementor-element-d476fcc\" data-id=\"d476fcc\" data-element_type=\"column\" data-e-type=\"column\" data-settings=\"{&quot;background_background&quot;:&quot;classic&quot;}\">\n\t\t\t<div class=\"elementor-widget-wrap elementor-element-populated\">\n\t\t\t\t\t\t<div class=\"elementor-element elementor-element-2e768da1 elementor-widget elementor-widget-heading\" data-id=\"2e768da1\" data-element_type=\"widget\" data-e-type=\"widget\" data-widget_type=\"heading.default\">\n\t\t\t\t<div class=\"elementor-widget-container\">\n\t\t\t\t\t<h5 class=\"elementor-heading-title elementor-size-default\">Contact<\/h5>\t\t\t\t<\/div>\n\t\t\t\t<\/div>\n\t\t\t\t<div class=\"elementor-element elementor-element-5d8d0f68 elementor-widget-divider--view-line elementor-widget elementor-widget-divider\" data-id=\"5d8d0f68\" data-element_type=\"widget\" data-e-type=\"widget\" data-widget_type=\"divider.default\">\n\t\t\t\t<div class=\"elementor-widget-container\">\n\t\t\t\t\t\t\t<div class=\"elementor-divider\">\n\t\t\t<span class=\"elementor-divider-separator\">\n\t\t\t\t\t\t<\/span>\n\t\t<\/div>\n\t\t\t\t\t\t<\/div>\n\t\t\t\t<\/div>\n\t\t\t\t<div class=\"elementor-element elementor-element-cf58950 elementor-widget elementor-widget-icon-box\" data-id=\"cf58950\" data-element_type=\"widget\" data-e-type=\"widget\" data-widget_type=\"icon-box.default\">\n\t\t\t\t<div class=\"elementor-widget-container\">\n\t\t\t\t\t\t\t<div class=\"elementor-icon-box-wrapper\">\n\n\t\t\t\n\t\t\t\t\t\t<div class=\"elementor-icon-box-content\">\n\n\t\t\t\t\t\t\t\t\t<h3 class=\"elementor-icon-box-title\">\n\t\t\t\t\t\t<span  >\n\t\t\t\t\t\t\tSec\u021bia clinic\u0103\t\t\t\t\t\t<\/span>\n\t\t\t\t\t<\/h3>\n\t\t\t\t\n\t\t\t\t\t\t\t\t\t<p class=\"elementor-icon-box-description\">\n\t\t\t\t\t\tClinica de Oncologie, Spitalul Clinic Jude\u021bean Mure\u0219\t\t\t\t\t<\/p>\n\t\t\t\t\n\t\t\t<\/div>\n\t\t\t\n\t\t<\/div>\n\t\t\t\t\t\t<\/div>\n\t\t\t\t<\/div>\n\t\t\t\t<div class=\"elementor-element elementor-element-4a03e6a elementor-widget elementor-widget-icon-box\" data-id=\"4a03e6a\" data-element_type=\"widget\" data-e-type=\"widget\" data-widget_type=\"icon-box.default\">\n\t\t\t\t<div class=\"elementor-widget-container\">\n\t\t\t\t\t\t\t<div class=\"elementor-icon-box-wrapper\">\n\n\t\t\t\n\t\t\t\t\t\t<div class=\"elementor-icon-box-content\">\n\n\t\t\t\t\t\t\t\t\t<h3 class=\"elementor-icon-box-title\">\n\t\t\t\t\t\t<span  >\n\t\t\t\t\t\t\tAdres\u0103\t\t\t\t\t\t<\/span>\n\t\t\t\t\t<\/h3>\n\t\t\t\t\n\t\t\t\t\t\t\t\t\t<p class=\"elementor-icon-box-description\">\n\t\t\t\t\t\tStr. Gheorghe Marinescu nr. 3, T\u00e2rgu Mure\u0219, 540098, Rom\u00e2nia\t\t\t\t\t<\/p>\n\t\t\t\t\n\t\t\t<\/div>\n\t\t\t\n\t\t<\/div>\n\t\t\t\t\t\t<\/div>\n\t\t\t\t<\/div>\n\t\t\t\t<div class=\"elementor-element elementor-element-9670eb4 elementor-widget elementor-widget-icon-box\" data-id=\"9670eb4\" data-element_type=\"widget\" data-e-type=\"widget\" data-widget_type=\"icon-box.default\">\n\t\t\t\t<div class=\"elementor-widget-container\">\n\t\t\t\t\t\t\t<div class=\"elementor-icon-box-wrapper\">\n\n\t\t\t\n\t\t\t\t\t\t<div class=\"elementor-icon-box-content\">\n\n\t\t\t\t\t\t\t\t\t<h3 class=\"elementor-icon-box-title\">\n\t\t\t\t\t\t<span  >\n\t\t\t\t\t\t\tE-mail\t\t\t\t\t\t<\/span>\n\t\t\t\t\t<\/h3>\n\t\t\t\t\n\t\t\t\t\t\t\t\t\t<p class=\"elementor-icon-box-description\">\n\t\t\t\t\t\tcornelia.toganel@umfst.ro\t\t\t\t\t<\/p>\n\t\t\t\t\n\t\t\t<\/div>\n\t\t\t\n\t\t<\/div>\n\t\t\t\t\t\t<\/div>\n\t\t\t\t<\/div>\n\t\t\t\t<div class=\"elementor-element elementor-element-3d0976d elementor-widget elementor-widget-icon-box\" data-id=\"3d0976d\" data-element_type=\"widget\" data-e-type=\"widget\" data-widget_type=\"icon-box.default\">\n\t\t\t\t<div class=\"elementor-widget-container\">\n\t\t\t\t\t\t\t<div class=\"elementor-icon-box-wrapper\">\n\n\t\t\t\n\t\t\t\t\t\t<div class=\"elementor-icon-box-content\">\n\n\t\t\t\t\t\t\t\t\t<h3 class=\"elementor-icon-box-title\">\n\t\t\t\t\t\t<span  >\n\t\t\t\t\t\t\tTelefon\t\t\t\t\t\t<\/span>\n\t\t\t\t\t<\/h3>\n\t\t\t\t\n\t\t\t\t\t\t\t\t\t<p class=\"elementor-icon-box-description\">\n\t\t\t\t\t\t+40-265-215-133, int. 283\t\t\t\t\t<\/p>\n\t\t\t\t\n\t\t\t<\/div>\n\t\t\t\n\t\t<\/div>\n\t\t\t\t\t\t<\/div>\n\t\t\t\t<\/div>\n\t\t\t\t\t<\/div>\n\t\t<\/div>\n\t\t\t\t\t<\/div>\n\t\t<\/section>\n\t\t\t\t\t<\/div>\n\t\t<\/div>\n\t\t\t\t\t<\/div>\n\t\t<\/section>\n\t\t\t\t<\/div>","protected":false},"excerpt":{"rendered":"<p>Colectivul disciplinei \u0218ef disciplin\u0103\u0218ef lucr. dr. Sorin-Adrian Albu &#8211; CV Membri\u0218ef lucr. dr. Kadar Zoltan-Szabolcs &#8211; CVAsist. univ. dr. Radu Florin Demian &#8211; CVAsist. univ. dr. Corina M\u0103rginean &#8211; CVAsist. univ. drd. Szekely Tiberiu Bogdan &#8211; CVAsist. univ. drd. Alexandra Daniela Sava &#8211; CV Activitate didactic\u0103 Cursuri pentru studen\u021bi Medicin\u0103 general\u01031. Oncologie Medical\u0103 &#8211; Tog\u0103nel [&hellip;]<\/p>\n","protected":false},"author":14,"featured_media":0,"parent":419,"menu_order":15,"comment_status":"closed","ping_status":"closed","template":"","meta":{"_relevanssi_hide_post":"","_relevanssi_hide_content":"","_relevanssi_pin_for_all":"","_relevanssi_pin_keywords":"","_relevanssi_unpin_keywords":"","_relevanssi_related_keywords":"","_relevanssi_related_include_ids":"","_relevanssi_related_exclude_ids":"","_relevanssi_related_no_append":"","_relevanssi_related_not_related":"","_relevanssi_related_posts":"1","_relevanssi_noindex_reason":"","footnotes":""},"categories":[13,40],"tags":[],"class_list":["post-3645","page","type-page","status-publish","hentry","category-pagina-cu-sidebar","category-pagina-departamente-si-discipline"],"meta_box":[],"_links":{"self":[{"href":"https:\/\/umfst.ro\/facultatea-de-medicina\/hu\/wp-json\/wp\/v2\/pages\/3645","targetHints":{"allow":["GET"]}}],"collection":[{"href":"https:\/\/umfst.ro\/facultatea-de-medicina\/hu\/wp-json\/wp\/v2\/pages"}],"about":[{"href":"https:\/\/umfst.ro\/facultatea-de-medicina\/hu\/wp-json\/wp\/v2\/types\/page"}],"author":[{"embeddable":true,"href":"https:\/\/umfst.ro\/facultatea-de-medicina\/hu\/wp-json\/wp\/v2\/users\/14"}],"replies":[{"embeddable":true,"href":"https:\/\/umfst.ro\/facultatea-de-medicina\/hu\/wp-json\/wp\/v2\/comments?post=3645"}],"version-history":[{"count":41,"href":"https:\/\/umfst.ro\/facultatea-de-medicina\/hu\/wp-json\/wp\/v2\/pages\/3645\/revisions"}],"predecessor-version":[{"id":8733,"href":"https:\/\/umfst.ro\/facultatea-de-medicina\/hu\/wp-json\/wp\/v2\/pages\/3645\/revisions\/8733"}],"up":[{"embeddable":true,"href":"https:\/\/umfst.ro\/facultatea-de-medicina\/hu\/wp-json\/wp\/v2\/pages\/419"}],"wp:attachment":[{"href":"https:\/\/umfst.ro\/facultatea-de-medicina\/hu\/wp-json\/wp\/v2\/media?parent=3645"}],"wp:term":[{"taxonomy":"category","embeddable":true,"href":"https:\/\/umfst.ro\/facultatea-de-medicina\/hu\/wp-json\/wp\/v2\/categories?post=3645"},{"taxonomy":"post_tag","embeddable":true,"href":"https:\/\/umfst.ro\/facultatea-de-medicina\/hu\/wp-json\/wp\/v2\/tags?post=3645"}],"curies":[{"name":"wp","href":"https:\/\/api.w.org\/{rel}","templated":true}]}}