{"id":3670,"date":"2023-06-26T23:46:53","date_gmt":"2023-06-26T20:46:53","guid":{"rendered":"https:\/\/dev.umfst.ro\/facultatea-de-medicina\/?page_id=3670"},"modified":"2025-10-27T13:51:57","modified_gmt":"2025-10-27T11:51:57","slug":"psihiatrie","status":"publish","type":"page","link":"https:\/\/umfst.ro\/facultatea-de-medicina\/hu\/departamente-si-discipline\/m4-discipline-clinice-si-medico-chirurgicale\/psihiatrie\/","title":{"rendered":"Psihiatrie"},"content":{"rendered":"<div data-elementor-type=\"wp-page\" data-elementor-id=\"3670\" class=\"elementor elementor-3670\" data-elementor-post-type=\"page\">\n\t\t\t\t\t\t<section class=\"elementor-section elementor-top-section elementor-element elementor-element-7a83ac91 elementor-section-boxed elementor-section-height-default elementor-section-height-default\" data-id=\"7a83ac91\" data-element_type=\"section\" data-e-type=\"section\">\n\t\t\t\t\t\t<div class=\"elementor-container elementor-column-gap-default\">\n\t\t\t\t\t<div class=\"elementor-column elementor-col-50 elementor-top-column elementor-element elementor-element-3e42cb35\" data-id=\"3e42cb35\" data-element_type=\"column\" data-e-type=\"column\">\n\t\t\t<div class=\"elementor-widget-wrap elementor-element-populated\">\n\t\t\t\t\t\t<div class=\"elementor-element elementor-element-b263cbd elementor-widget elementor-widget-text-editor\" data-id=\"b263cbd\" data-element_type=\"widget\" data-e-type=\"widget\" data-widget_type=\"text-editor.default\">\n\t\t\t\t<div class=\"elementor-widget-container\">\n\t\t\t\t\t\t\t\t\t<h2>Colectivul disciplinei<\/h2><p><span data-sheets-value=\"{&quot;1&quot;:2,&quot;2&quot;:&quot;Prof. univ. dr. Nire\u0219tean Aurel - \u0218ef de disciplin\u0103\\nConf. univ. dr. Mihai Adriana \\n\u0218ef lucr. dr. Strete Elena Gabriela \\n\u0218ef lucr. dr. Lukacs Emese\\n\u0218ef lucr. dr. Gabos Grecu Cristian\\nAsist. univ. dr. Grebeni\u0219an Lorena Mihaela\\nAsist. univ. drd. Sima-Comaniciu Andreea&quot;}\" data-sheets-userformat=\"{&quot;2&quot;:513,&quot;3&quot;:{&quot;1&quot;:0},&quot;12&quot;:0}\"><strong>\u0218ef disciplin\u0103<\/strong><br \/>Prof. univ. dr. Adriana Mihai &#8211; ME2 &#8211; <\/span><a href=\"https:\/\/www.umfst.ro\/fileadmin\/f_medicina\/Cadre_didactice\/2025-2026\/Departament_M4\/Psihiatrie\/CV Mihai Adriana-2.pdf\" target=\"_blank\" rel=\"noopener\">CV<\/a><\/p><p><span data-sheets-value=\"{&quot;1&quot;:2,&quot;2&quot;:&quot;Prof. univ. dr. Nire\u0219tean Aurel - \u0218ef de disciplin\u0103\\nConf. univ. dr. Mihai Adriana \\n\u0218ef lucr. dr. Strete Elena Gabriela \\n\u0218ef lucr. dr. Lukacs Emese\\n\u0218ef lucr. dr. Gabos Grecu Cristian\\nAsist. univ. dr. Grebeni\u0219an Lorena Mihaela\\nAsist. univ. drd. Sima-Comaniciu Andreea&quot;}\" data-sheets-userformat=\"{&quot;2&quot;:513,&quot;3&quot;:{&quot;1&quot;:0},&quot;12&quot;:0}\"><strong>Membri<\/strong><br \/><\/span><span data-sheets-value=\"{&quot;1&quot;:2,&quot;2&quot;:&quot;Prof. univ. dr. Nire\u0219tean Aurel - \u0218ef de disciplin\u0103\\nConf. univ. dr. Mihai Adriana \\n\u0218ef lucr. dr. Strete Elena Gabriela \\n\u0218ef lucr. dr. Lukacs Emese\\n\u0218ef lucr. dr. Gabos Grecu Cristian\\nAsist. univ. dr. Grebeni\u0219an Lorena Mihaela\\nAsist. univ. drd. Sima-Comaniciu Andreea&quot;}\" data-sheets-userformat=\"{&quot;2&quot;:513,&quot;3&quot;:{&quot;1&quot;:0},&quot;12&quot;:0}\">\u0218ef lucr. dr. Elena-Gabriela Strete &#8211; <a href=\"https:\/\/www.umfst.ro\/fileadmin\/f_medicina\/Cadre_didactice\/2025-2026\/Departament_M4\/Psihiatrie\/Model_CV_ GS_site_UMFST.pdf\" target=\"_blank\" rel=\"noopener\">CV<\/a><br \/>\u0218ef lucr. dr. Lukacs Emese-Erika &#8211; <\/span><a href=\"https:\/\/www.umfst.ro\/fileadmin\/f_medicina\/Cadre_didactice\/2025-2026\/Departament_M4\/Psihiatrie\/Lukacs_Emese_CV_UMFST.pdf\" target=\"_blank\" rel=\"noopener\">CV<\/a><br \/><span data-sheets-value=\"{&quot;1&quot;:2,&quot;2&quot;:&quot;Prof. univ. dr. Nire\u0219tean Aurel - \u0218ef de disciplin\u0103\\nConf. univ. dr. Mihai Adriana \\n\u0218ef lucr. dr. Strete Elena Gabriela \\n\u0218ef lucr. dr. Lukacs Emese\\n\u0218ef lucr. dr. Gabos Grecu Cristian\\nAsist. univ. dr. Grebeni\u0219an Lorena Mihaela\\nAsist. univ. drd. Sima-Comaniciu Andreea&quot;}\" data-sheets-userformat=\"{&quot;2&quot;:513,&quot;3&quot;:{&quot;1&quot;:0},&quot;12&quot;:0}\">Asist. univ. dr. Lorena-Mihaela Grebeni\u0219an &#8211; <\/span><a href=\"https:\/\/www.umfst.ro\/fileadmin\/f_medicina\/Cadre_didactice\/2025-2026\/Departament_M4\/Psihiatrie\/Cv Grebenisan Lorena.pdf\" target=\"_blank\" rel=\"noopener\">CV<\/a><br \/><span data-sheets-value=\"{&quot;1&quot;:2,&quot;2&quot;:&quot;Prof. univ. dr. Nire\u0219tean Aurel - \u0218ef de disciplin\u0103\\nConf. univ. dr. Mihai Adriana \\n\u0218ef lucr. dr. Strete Elena Gabriela \\n\u0218ef lucr. dr. Lukacs Emese\\n\u0218ef lucr. dr. Gabos Grecu Cristian\\nAsist. univ. dr. Grebeni\u0219an Lorena Mihaela\\nAsist. univ. drd. Sima-Comaniciu Andreea&quot;}\" data-sheets-userformat=\"{&quot;2&quot;:513,&quot;3&quot;:{&quot;1&quot;:0},&quot;12&quot;:0}\">Asist. univ. dr. <\/span>Marchean Horia &#8211; ME2 &#8211; <a href=\"https:\/\/www.umfst.ro\/fileadmin\/f_medicina_engleza\/cadre_didactice\/2025\/CV_FMLE_RO\/CV%20site_UMFST_Ro_Marchean%20Horia.pdf\">CV<\/a><br \/><span data-sheets-value=\"{&quot;1&quot;:2,&quot;2&quot;:&quot;Prof. univ. dr. Nire\u0219tean Aurel - \u0218ef de disciplin\u0103\\nConf. univ. dr. Mihai Adriana \\n\u0218ef lucr. dr. Strete Elena Gabriela \\n\u0218ef lucr. dr. Lukacs Emese\\n\u0218ef lucr. dr. Gabos Grecu Cristian\\nAsist. univ. dr. Grebeni\u0219an Lorena Mihaela\\nAsist. univ. drd. Sima-Comaniciu Andreea&quot;}\" data-sheets-userformat=\"{&quot;2&quot;:513,&quot;3&quot;:{&quot;1&quot;:0},&quot;12&quot;:0}\">Asist. univ. dr. <\/span>Bu\u021biu Otilia &#8211; ME2 &#8211; <a href=\"https:\/\/www.umfst.ro\/fileadmin\/f_medicina_engleza\/cadre_didactice\/2025\/CV_FMLE_RO\/CV%20site_UMFST_Ro_Butiu%20Otilia.pdf\">CV<\/a><br \/><span data-sheets-value=\"{&quot;1&quot;:2,&quot;2&quot;:&quot;Prof. univ. dr. Nire\u0219tean Aurel - \u0218ef de disciplin\u0103\\nConf. univ. dr. Mihai Adriana \\n\u0218ef lucr. dr. Strete Elena Gabriela \\n\u0218ef lucr. dr. Lukacs Emese\\n\u0218ef lucr. dr. Gabos Grecu Cristian\\nAsist. univ. dr. Grebeni\u0219an Lorena Mihaela\\nAsist. univ. drd. Sima-Comaniciu Andreea&quot;}\" data-sheets-userformat=\"{&quot;2&quot;:513,&quot;3&quot;:{&quot;1&quot;:0},&quot;12&quot;:0}\">Asist. univ. drd. Alex-Claudiu Boac\u0103 &#8211; <a href=\"https:\/\/www.umfst.ro\/fileadmin\/f_medicina\/Cadre_didactice\/2025-2026\/Departament_M4\/Psihiatrie\/CV Boaca Alex Claudiu.pdf\" target=\"_blank\" rel=\"noopener\">CV<\/a><br \/>Asist. univ. drd. Nicoleta-Flavia Buta-Jianu &#8211; <\/span><a href=\"https:\/\/www.umfst.ro\/fileadmin\/f_medicina\/Cadre_didactice\/2025-2026\/Departament_M4\/Psihiatrie\/Cv BUTA JIANU NICOLETA FLAVIA.pdf\" target=\"_blank\" rel=\"noopener\">CV<\/a><\/p>\t\t\t\t\t\t\t\t<\/div>\n\t\t\t\t<\/div>\n\t\t\t\t<div class=\"elementor-element elementor-element-e799e79 elementor-hidden-widescreen elementor-hidden-desktop elementor-hidden-tablet elementor-hidden-mobile elementor-widget elementor-widget-text-editor\" data-id=\"e799e79\" data-element_type=\"widget\" data-e-type=\"widget\" data-widget_type=\"text-editor.default\">\n\t\t\t\t<div class=\"elementor-widget-container\">\n\t\t\t\t\t\t\t\t\t<h5>Personalul didactic auxiliar al disciplinei:<\/h5><table width=\"75%\"><tbody><tr><td width=\"12%\"><strong>Sz\u00e1m<\/strong><\/td><td width=\"53%\"><strong>Pozi\u021bia \u00een disciplin\u0103<\/strong><\/td><td width=\"33%\"><strong>Nume \u0219i prenume<\/strong><\/td><\/tr><tr><td width=\"12%\">1.<\/td><td width=\"53%\">Preparator<\/td><td width=\"33%\">Ujlaki alex<\/td><\/tr><tr><td width=\"12%\">2.<\/td><td width=\"53%\">Preparator<\/td><td width=\"33%\">Abala\u0219ei bianca<\/td><\/tr><\/tbody><\/table>\t\t\t\t\t\t\t\t<\/div>\n\t\t\t\t<\/div>\n\t\t\t\t<div class=\"elementor-element elementor-element-d112cfa elementor-widget elementor-widget-heading\" data-id=\"d112cfa\" data-element_type=\"widget\" data-e-type=\"widget\" data-widget_type=\"heading.default\">\n\t\t\t\t<div class=\"elementor-widget-container\">\n\t\t\t\t\t<h2 class=\"elementor-heading-title elementor-size-default\">Activitate didactic\u0103<\/h2>\t\t\t\t<\/div>\n\t\t\t\t<\/div>\n\t\t\t\t<div class=\"elementor-element elementor-element-84ff91c elementor-widget elementor-widget-jet-accordion\" data-id=\"84ff91c\" data-element_type=\"widget\" data-e-type=\"widget\" data-widget_type=\"jet-accordion.default\">\n\t\t\t\t<div class=\"elementor-widget-container\">\n\t\t\t\t\t\t\t\t\t<div class=\"jet-accordion\" data-settings=\"{&quot;collapsible&quot;:false,&quot;ajaxTemplate&quot;:false,&quot;switchScrolling&quot;:false,&quot;switchScrollingTablet&quot;:false,&quot;switchScrollingMobile&quot;:false,&quot;switchScrollingOffset&quot;:{&quot;size&quot;:0,&quot;unit&quot;:&quot;px&quot;},&quot;switchScrollingOffsetTablet&quot;:{&quot;size&quot;:0,&quot;unit&quot;:&quot;px&quot;},&quot;switchScrollingOffsetMobile&quot;:{&quot;size&quot;:0,&quot;unit&quot;:&quot;px&quot;},&quot;switchScrollingDelay&quot;:500,&quot;switchScrollingDelayTablet&quot;:500,&quot;switchScrollingDelayMobile&quot;:500}\">\n\t\t\t<div class=\"jet-accordion__inner\">\n\t\t\t\t<div class=\"jet-accordion__item jet-toggle jet-toggle-move-up-effect\">\n\t\t\t\t\t\t\t<div id=\"jet-toggle-control-1391\" class=\"jet-toggle__control elementor-menu-anchor\" data-toggle=\"1\" role=\"button\" tabindex=\"0\" aria-controls=\"jet-toggle-content-1391\" aria-expanded=\"false\" data-template-id=\"false\">\n\t\t\t\t\t\t\t\t<div class=\"jet-toggle__label-icon jet-toggle-icon-position-right\"><span class=\"jet-toggle__icon icon-normal jet-tabs-icon\"><svg xmlns=\"http:\/\/www.w3.org\/2000\/svg\" viewbox=\"0 0 448 512\"><path d=\"M256 80c0-17.7-14.3-32-32-32s-32 14.3-32 32V224H48c-17.7 0-32 14.3-32 32s14.3 32 32 32H192V432c0 17.7 14.3 32 32 32s32-14.3 32-32V288H400c17.7 0 32-14.3 32-32s-14.3-32-32-32H256V80z\"><\/path><\/svg><\/span><span class=\"jet-toggle__icon icon-active jet-tabs-icon\"><svg xmlns=\"http:\/\/www.w3.org\/2000\/svg\" viewbox=\"0 0 448 512\"><path d=\"M432 256c0 17.7-14.3 32-32 32L48 288c-17.7 0-32-14.3-32-32s14.3-32 32-32l352 0c17.7 0 32 14.3 32 32z\"><\/path><\/svg><\/span><\/div><div class=\"jet-toggle__label-text\">Cursuri pentru studen\u021bi<\/div>\t\t\t\t\t\t\t<\/div>\n\t\t\t\t\t\t\t<div id=\"jet-toggle-content-1391\" class=\"jet-toggle__content\" data-toggle=\"1\" role=\"region\" data-template-id=\"false\">\n\t\t\t\t\t\t\t\t<div class=\"jet-toggle__content-inner\"><p><span data-sheets-value=\"{&quot;1&quot;:2,&quot;2&quot;:&quot;1. Psihiatrie - Nire\u0219tean Aurel, Strete Elena Gabriela, Lukacs Emese, Gabos Grecu Cristian, Grebeni\u0219an Lorena Mihaela, Sima-Comaniciu Andreea, Medicin\u0103, anul VI\\n2. Psihiatrie \u0219i i\u0302ngrijirea pacientului cu tulbur\u0103ri i\u0302n sfera s\u0103n\u0103t\u0103\u021bii mintale \u0219i a psihiatriei - Lukacs Emese, Grebeni\u0219an Lorena Mihaela, Asisten\u021b\u0103 medical\u0103 general\u0103, anul IV\\n3. Psihiatrie - Strete Elena Gabriela, Sima-Comaniciu Andreea, Medicin\u0103 dentar\u0103, anul IV\\n4. \u0218tiin\u021bele comportamentului. Sociologie medical\u0103. Psihologie medical\u0103 - Gabos-Grecu Cristian, Balneofiziokinetoterapie \u0219i recuperare, anul II\\n5. Psychiatry - Mihai Adriana, Medicine english, 6th year\\n6.  Psychiatry - Mihai Adriana, Dental medicine english, 4th year\\n7. Personalit\u0103\u021bi normale \u0219i patologice - Nire\u0219tean Aurel, Lukacs Emese, Medicin\u0103, anii 3-4-5 (op\u021bional)\\n8. Hipnoterapie - Nire\u0219tean Aurel, Medicin\u0103, anii 3-4-5 (op\u021bional)\\n9. Child and Adolescent Psychiatry - Mihai Adriana, Medicine english, 4th year (optional subject)\\n10. Psychopharmacology - Mihai Adriana, Medicine english, 4-5th year (optional subject)&quot;}\" data-sheets-userformat=\"{&quot;2&quot;:513,&quot;3&quot;:{&quot;1&quot;:0},&quot;12&quot;:0}\">1. Psihiatrie &#8211; Nire\u0219tean Aurel, Strete Elena Gabriela, Lukacs Emese, Gabos Grecu Cristian, Grebeni\u0219an Lorena Mihaela, Sima-Comaniciu Andreea, Medicin\u0103, anul VI<br \/>2. Psihiatrie \u0219i i\u0302ngrijirea pacientului cu tulbur\u0103ri i\u0302n sfera s\u0103n\u0103t\u0103\u021bii mintale \u0219i a psihiatriei &#8211; Lukacs Emese, Grebeni\u0219an Lorena Mihaela, Asisten\u021b\u0103 medical\u0103 general\u0103, anul IV<br \/>3. Psihiatrie &#8211; Strete Elena Gabriela, Sima-Comaniciu Andreea, Medicin\u0103 dentar\u0103, anul IV<br \/>4. \u0218tiin\u021bele comportamentului. Sociologie medical\u0103. Psihologie medical\u0103 &#8211; Gabos-Grecu Cristian, Balneofiziokinetoterapie \u0219i recuperare, anul II<br \/>5. Psychiatry &#8211; Mihai Adriana, Medicine english, 6th year<br \/>6. Psychiatry &#8211; Mihai Adriana, Dental medicine english, 4th year<br \/>7. Personalit\u0103\u021bi normale \u0219i patologice &#8211; Nire\u0219tean Aurel, Lukacs Emese, Medicin\u0103, anii 3-4-5 (op\u021bional)<br \/>8. Hipnoterapie &#8211; Nire\u0219tean Aurel, Medicin\u0103, anii 3-4-5 (op\u021bional)<br \/>9. Child and Adolescent Psychiatry &#8211; Mihai Adriana, Medicine english, 4th year (optional subject)<br \/>10. Psychopharmacology &#8211; Mihai Adriana, Medicine english, 4-5th year (optional subject)<\/span><\/p><\/div>\n\t\t\t\t\t\t\t<\/div>\n\t\t\t\t\t\t<\/div><div class=\"jet-accordion__item jet-toggle jet-toggle-move-up-effect\">\n\t\t\t\t\t\t\t<div id=\"jet-toggle-control-1392\" class=\"jet-toggle__control elementor-menu-anchor\" data-toggle=\"2\" role=\"button\" tabindex=\"0\" aria-controls=\"jet-toggle-content-1392\" aria-expanded=\"false\" data-template-id=\"false\">\n\t\t\t\t\t\t\t\t<div class=\"jet-toggle__label-icon jet-toggle-icon-position-right\"><span class=\"jet-toggle__icon icon-normal jet-tabs-icon\"><svg xmlns=\"http:\/\/www.w3.org\/2000\/svg\" viewbox=\"0 0 448 512\"><path d=\"M256 80c0-17.7-14.3-32-32-32s-32 14.3-32 32V224H48c-17.7 0-32 14.3-32 32s14.3 32 32 32H192V432c0 17.7 14.3 32 32 32s32-14.3 32-32V288H400c17.7 0 32-14.3 32-32s-14.3-32-32-32H256V80z\"><\/path><\/svg><\/span><span class=\"jet-toggle__icon icon-active jet-tabs-icon\"><svg xmlns=\"http:\/\/www.w3.org\/2000\/svg\" viewbox=\"0 0 448 512\"><path d=\"M432 256c0 17.7-14.3 32-32 32L48 288c-17.7 0-32-14.3-32-32s14.3-32 32-32l352 0c17.7 0 32 14.3 32 32z\"><\/path><\/svg><\/span><\/div><div class=\"jet-toggle__label-text\">Stagii clinice, lucr\u0103ri practice<\/div>\t\t\t\t\t\t\t<\/div>\n\t\t\t\t\t\t\t<div id=\"jet-toggle-content-1392\" class=\"jet-toggle__content\" data-toggle=\"2\" role=\"region\" data-template-id=\"false\">\n\t\t\t\t\t\t\t\t<div class=\"jet-toggle__content-inner\"><p><span data-sheets-value=\"{&quot;1&quot;:2,&quot;2&quot;:&quot;1. Psihiatrie - Medicin\u0103, stagiu, anul VI\\n2. Psihiatrie \u0219i i\u0302ngrijirea pacientului cu tulbur\u0103ri i\u0302n sfera s\u0103n\u0103t\u0103\u021bii mintale \u0219i a psihiatriei - Asisten\u021b\u0103 medical\u0103 general\u0103, LP, anul IV\\n3. Psihiatrie - Medicin\u0103 dentar\u0103, LP, anul IV\\n4. \u0218tiin\u021bele comportamentului. Sociologie medical\u0103. Psihologie medical\u0103 - Balneofiziokinetoterapie \u0219i recuperare, LP, anul II\\n5. Psychiatry - Medicine english, PA, 6th year\\n6.  Psychiatry - Dental medicine english, PA, 4th year\\n7. Personalit\u0103\u021bi normale \u0219i patologice - Medicin\u0103, LP, anii 3-4-5 (op\u021bional)\\n8. Hipnoterapie - Medicin\u0103, LP, anii 3-4-5 (op\u021bional)\\n9. Child and Adolescent Psychiatry - Medicine english, PA, 4th year \\n10. Psychopharmacology - Medicine english, PA, 4-5th year\\n&quot;}\" data-sheets-userformat=\"{&quot;2&quot;:513,&quot;3&quot;:{&quot;1&quot;:0},&quot;12&quot;:0}\">1. Psihiatrie &#8211; Medicin\u0103, stagiu, anul VI<br \/>2. Psihiatrie \u0219i i\u0302ngrijirea pacientului cu tulbur\u0103ri i\u0302n sfera s\u0103n\u0103t\u0103\u021bii mintale \u0219i a psihiatriei &#8211; Asisten\u021b\u0103 medical\u0103 general\u0103, LP, anul IV<br \/>3. Psihiatrie &#8211; Medicin\u0103 dentar\u0103, LP, anul IV<br \/>4. \u0218tiin\u021bele comportamentului. Sociologie medical\u0103. Psihologie medical\u0103 &#8211; Balneofiziokinetoterapie \u0219i recuperare, LP, anul II<br \/>5. Psychiatry &#8211; Medicine english, PA, 6th year<br \/>6. Psychiatry &#8211; Dental medicine english, PA, 4th year<br \/>7. Personalit\u0103\u021bi normale \u0219i patologice &#8211; Medicin\u0103, LP, anii 3-4-5 (op\u021bional)<br \/>8. Hipnoterapie &#8211; Medicin\u0103, LP, anii 3-4-5 (op\u021bional)<br \/>9. Child and Adolescent Psychiatry &#8211; Medicine english, PA, 4th year <br \/>10. Psychopharmacology &#8211; Medicine english, PA, 4-5th year<br \/><\/span><\/p><\/div>\n\t\t\t\t\t\t\t<\/div>\n\t\t\t\t\t\t<\/div><div class=\"jet-accordion__item jet-toggle jet-toggle-move-up-effect\">\n\t\t\t\t\t\t\t<div id=\"jet-toggle-control-1393\" class=\"jet-toggle__control elementor-menu-anchor\" data-toggle=\"3\" role=\"button\" tabindex=\"0\" aria-controls=\"jet-toggle-content-1393\" aria-expanded=\"false\" data-template-id=\"false\">\n\t\t\t\t\t\t\t\t<div class=\"jet-toggle__label-icon jet-toggle-icon-position-right\"><span class=\"jet-toggle__icon icon-normal jet-tabs-icon\"><svg xmlns=\"http:\/\/www.w3.org\/2000\/svg\" viewbox=\"0 0 448 512\"><path d=\"M256 80c0-17.7-14.3-32-32-32s-32 14.3-32 32V224H48c-17.7 0-32 14.3-32 32s14.3 32 32 32H192V432c0 17.7 14.3 32 32 32s32-14.3 32-32V288H400c17.7 0 32-14.3 32-32s-14.3-32-32-32H256V80z\"><\/path><\/svg><\/span><span class=\"jet-toggle__icon icon-active jet-tabs-icon\"><svg xmlns=\"http:\/\/www.w3.org\/2000\/svg\" viewbox=\"0 0 448 512\"><path d=\"M432 256c0 17.7-14.3 32-32 32L48 288c-17.7 0-32-14.3-32-32s14.3-32 32-32l352 0c17.7 0 32 14.3 32 32z\"><\/path><\/svg><\/span><\/div><div class=\"jet-toggle__label-text\">Manuale \u0219i \u00eendrum\u0103toare de lucr\u0103ri practice<\/div>\t\t\t\t\t\t\t<\/div>\n\t\t\t\t\t\t\t<div id=\"jet-toggle-content-1393\" class=\"jet-toggle__content\" data-toggle=\"3\" role=\"region\" data-template-id=\"false\">\n\t\t\t\t\t\t\t\t<div class=\"jet-toggle__content-inner\"><p><span data-sheets-value=\"{&quot;1&quot;:2,&quot;2&quot;:&quot;Curs de psihiatrie - Aurel Nire\u0219tean, Medicin\u0103, University Press, T\u00e2rgu Mure\u0219, 2015\\nEvaluare psihiatrica. Dinamic\u0103 \u0219i particularit\u0103\u021bi - Aurel Nire\u0219tean, Emese Lukacs, University Press, T\u00e2rgu Mure\u0219, 2018&quot;}\" data-sheets-userformat=\"{&quot;2&quot;:513,&quot;3&quot;:{&quot;1&quot;:0},&quot;12&quot;:0}\">Curs de psihiatrie &#8211; Aurel Nire\u0219tean, Medicin\u0103, University Press, T\u00e2rgu Mure\u0219, 2015<br \/>Evaluare psihiatrica. Dinamic\u0103 \u0219i particularit\u0103\u021bi &#8211; Aurel Nire\u0219tean, Emese Lukacs, University Press, T\u00e2rgu Mure\u0219, 2018<\/span><\/p><\/div>\n\t\t\t\t\t\t\t<\/div>\n\t\t\t\t\t\t<\/div>\t\t\t<\/div>\n\t\t<\/div>\n\t\t\t\t\t\t<\/div>\n\t\t\t\t<\/div>\n\t\t\t\t\t<\/div>\n\t\t<\/div>\n\t\t\t\t<div class=\"elementor-column elementor-col-50 elementor-top-column elementor-element elementor-element-1a332919\" data-id=\"1a332919\" data-element_type=\"column\" data-e-type=\"column\">\n\t\t\t<div class=\"elementor-widget-wrap elementor-element-populated\">\n\t\t\t\t\t\t<section class=\"elementor-section elementor-inner-section elementor-element elementor-element-4dd9e1c7 elementor-section-boxed elementor-section-height-default elementor-section-height-default\" data-id=\"4dd9e1c7\" data-element_type=\"section\" data-e-type=\"section\">\n\t\t\t\t\t\t<div class=\"elementor-container elementor-column-gap-default\">\n\t\t\t\t\t<div data-dce-background-color=\"#F2F7FF\" class=\"elementor-column elementor-col-100 elementor-inner-column elementor-element elementor-element-d476fcc\" data-id=\"d476fcc\" data-element_type=\"column\" data-e-type=\"column\" data-settings=\"{&quot;background_background&quot;:&quot;classic&quot;}\">\n\t\t\t<div class=\"elementor-widget-wrap elementor-element-populated\">\n\t\t\t\t\t\t<div class=\"elementor-element elementor-element-2e768da1 elementor-widget elementor-widget-heading\" data-id=\"2e768da1\" data-element_type=\"widget\" data-e-type=\"widget\" data-widget_type=\"heading.default\">\n\t\t\t\t<div class=\"elementor-widget-container\">\n\t\t\t\t\t<h5 class=\"elementor-heading-title elementor-size-default\">Contact<\/h5>\t\t\t\t<\/div>\n\t\t\t\t<\/div>\n\t\t\t\t<div class=\"elementor-element elementor-element-5d8d0f68 elementor-widget-divider--view-line elementor-widget elementor-widget-divider\" data-id=\"5d8d0f68\" data-element_type=\"widget\" data-e-type=\"widget\" data-widget_type=\"divider.default\">\n\t\t\t\t<div class=\"elementor-widget-container\">\n\t\t\t\t\t\t\t<div class=\"elementor-divider\">\n\t\t\t<span class=\"elementor-divider-separator\">\n\t\t\t\t\t\t<\/span>\n\t\t<\/div>\n\t\t\t\t\t\t<\/div>\n\t\t\t\t<\/div>\n\t\t\t\t<div class=\"elementor-element elementor-element-cf58950 elementor-widget elementor-widget-icon-box\" data-id=\"cf58950\" data-element_type=\"widget\" data-e-type=\"widget\" data-widget_type=\"icon-box.default\">\n\t\t\t\t<div class=\"elementor-widget-container\">\n\t\t\t\t\t\t\t<div class=\"elementor-icon-box-wrapper\">\n\n\t\t\t\n\t\t\t\t\t\t<div class=\"elementor-icon-box-content\">\n\n\t\t\t\t\t\t\t\t\t<h3 class=\"elementor-icon-box-title\">\n\t\t\t\t\t\t<span  >\n\t\t\t\t\t\t\tSec\u021bia clinic\u0103\t\t\t\t\t\t<\/span>\n\t\t\t\t\t<\/h3>\n\t\t\t\t\n\t\t\t\t\t\t\t\t\t<p class=\"elementor-icon-box-description\">\n\t\t\t\t\t\tClinica Psihiatrie I, Spital Clinic Jude\u021bean Mure\u0219\t\t\t\t\t<\/p>\n\t\t\t\t\n\t\t\t<\/div>\n\t\t\t\n\t\t<\/div>\n\t\t\t\t\t\t<\/div>\n\t\t\t\t<\/div>\n\t\t\t\t<div class=\"elementor-element elementor-element-9a8e9f9 elementor-widget elementor-widget-icon-box\" data-id=\"9a8e9f9\" data-element_type=\"widget\" data-e-type=\"widget\" data-widget_type=\"icon-box.default\">\n\t\t\t\t<div class=\"elementor-widget-container\">\n\t\t\t\t\t\t\t<div class=\"elementor-icon-box-wrapper\">\n\n\t\t\t\n\t\t\t\t\t\t<div class=\"elementor-icon-box-content\">\n\n\t\t\t\t\t\t\t\t\t<h3 class=\"elementor-icon-box-title\">\n\t\t\t\t\t\t<span  >\n\t\t\t\t\t\t\tAdres\u0103\t\t\t\t\t\t<\/span>\n\t\t\t\t\t<\/h3>\n\t\t\t\t\n\t\t\t\t\t\t\t\t\t<p class=\"elementor-icon-box-description\">\n\t\t\t\t\t\tStr. Gheorghe Marinescu Nr. 46,  T\u00e2rgu Mure\u0219, Mure\u0219,  Rom\u00e2nia\t\t\t\t\t<\/p>\n\t\t\t\t\n\t\t\t<\/div>\n\t\t\t\n\t\t<\/div>\n\t\t\t\t\t\t<\/div>\n\t\t\t\t<\/div>\n\t\t\t\t<div class=\"elementor-element elementor-element-9670eb4 elementor-widget elementor-widget-icon-box\" data-id=\"9670eb4\" data-element_type=\"widget\" data-e-type=\"widget\" data-widget_type=\"icon-box.default\">\n\t\t\t\t<div class=\"elementor-widget-container\">\n\t\t\t\t\t\t\t<div class=\"elementor-icon-box-wrapper\">\n\n\t\t\t\n\t\t\t\t\t\t<div class=\"elementor-icon-box-content\">\n\n\t\t\t\t\t\t\t\t\t<h3 class=\"elementor-icon-box-title\">\n\t\t\t\t\t\t<span  >\n\t\t\t\t\t\t\tE-mail\t\t\t\t\t\t<\/span>\n\t\t\t\t\t<\/h3>\n\t\t\t\t\n\t\t\t\t\t\t\t\t\t<p class=\"elementor-icon-box-description\">\n\t\t\t\t\t\tadriana.mihai@umfst.ro\t\t\t\t\t<\/p>\n\t\t\t\t\n\t\t\t<\/div>\n\t\t\t\n\t\t<\/div>\n\t\t\t\t\t\t<\/div>\n\t\t\t\t<\/div>\n\t\t\t\t<div class=\"elementor-element elementor-element-3d0976d elementor-widget elementor-widget-icon-box\" data-id=\"3d0976d\" data-element_type=\"widget\" data-e-type=\"widget\" data-widget_type=\"icon-box.default\">\n\t\t\t\t<div class=\"elementor-widget-container\">\n\t\t\t\t\t\t\t<div class=\"elementor-icon-box-wrapper\">\n\n\t\t\t\n\t\t\t\t\t\t<div class=\"elementor-icon-box-content\">\n\n\t\t\t\t\t\t\t\t\t<h3 class=\"elementor-icon-box-title\">\n\t\t\t\t\t\t<span  >\n\t\t\t\t\t\t\tTelefon\t\t\t\t\t\t<\/span>\n\t\t\t\t\t<\/h3>\n\t\t\t\t\n\t\t\t\t\t\t\t\t\t<p class=\"elementor-icon-box-description\">\n\t\t\t\t\t\t-\t\t\t\t\t<\/p>\n\t\t\t\t\n\t\t\t<\/div>\n\t\t\t\n\t\t<\/div>\n\t\t\t\t\t\t<\/div>\n\t\t\t\t<\/div>\n\t\t\t\t\t<\/div>\n\t\t<\/div>\n\t\t\t\t\t<\/div>\n\t\t<\/section>\n\t\t\t\t\t<\/div>\n\t\t<\/div>\n\t\t\t\t\t<\/div>\n\t\t<\/section>\n\t\t\t\t<\/div>","protected":false},"excerpt":{"rendered":"<p>Colectivul disciplinei \u0218ef disciplin\u0103Prof. univ. dr. Adriana Mihai &#8211; ME2 &#8211; CV Membri\u0218ef lucr. dr. Elena-Gabriela Strete &#8211; CV\u0218ef lucr. dr. Lukacs Emese-Erika &#8211; CVAsist. univ. dr. Lorena-Mihaela Grebeni\u0219an &#8211; CVAsist. univ. dr. Marchean Horia &#8211; ME2 &#8211; CVAsist. univ. dr. Bu\u021biu Otilia &#8211; ME2 &#8211; CVAsist. univ. drd. Alex-Claudiu Boac\u0103 &#8211; CVAsist. univ. drd. [&hellip;]<\/p>\n","protected":false},"author":14,"featured_media":0,"parent":419,"menu_order":18,"comment_status":"closed","ping_status":"closed","template":"","meta":{"_relevanssi_hide_post":"","_relevanssi_hide_content":"","_relevanssi_pin_for_all":"","_relevanssi_pin_keywords":"","_relevanssi_unpin_keywords":"","_relevanssi_related_keywords":"","_relevanssi_related_include_ids":"","_relevanssi_related_exclude_ids":"","_relevanssi_related_no_append":"","_relevanssi_related_not_related":"","_relevanssi_related_posts":"1","_relevanssi_noindex_reason":"","footnotes":""},"categories":[13,40],"tags":[],"class_list":["post-3670","page","type-page","status-publish","hentry","category-pagina-cu-sidebar","category-pagina-departamente-si-discipline"],"meta_box":[],"_links":{"self":[{"href":"https:\/\/umfst.ro\/facultatea-de-medicina\/hu\/wp-json\/wp\/v2\/pages\/3670","targetHints":{"allow":["GET"]}}],"collection":[{"href":"https:\/\/umfst.ro\/facultatea-de-medicina\/hu\/wp-json\/wp\/v2\/pages"}],"about":[{"href":"https:\/\/umfst.ro\/facultatea-de-medicina\/hu\/wp-json\/wp\/v2\/types\/page"}],"author":[{"embeddable":true,"href":"https:\/\/umfst.ro\/facultatea-de-medicina\/hu\/wp-json\/wp\/v2\/users\/14"}],"replies":[{"embeddable":true,"href":"https:\/\/umfst.ro\/facultatea-de-medicina\/hu\/wp-json\/wp\/v2\/comments?post=3670"}],"version-history":[{"count":49,"href":"https:\/\/umfst.ro\/facultatea-de-medicina\/hu\/wp-json\/wp\/v2\/pages\/3670\/revisions"}],"predecessor-version":[{"id":8873,"href":"https:\/\/umfst.ro\/facultatea-de-medicina\/hu\/wp-json\/wp\/v2\/pages\/3670\/revisions\/8873"}],"up":[{"embeddable":true,"href":"https:\/\/umfst.ro\/facultatea-de-medicina\/hu\/wp-json\/wp\/v2\/pages\/419"}],"wp:attachment":[{"href":"https:\/\/umfst.ro\/facultatea-de-medicina\/hu\/wp-json\/wp\/v2\/media?parent=3670"}],"wp:term":[{"taxonomy":"category","embeddable":true,"href":"https:\/\/umfst.ro\/facultatea-de-medicina\/hu\/wp-json\/wp\/v2\/categories?post=3670"},{"taxonomy":"post_tag","embeddable":true,"href":"https:\/\/umfst.ro\/facultatea-de-medicina\/hu\/wp-json\/wp\/v2\/tags?post=3670"}],"curies":[{"name":"wp","href":"https:\/\/api.w.org\/{rel}","templated":true}]}}