{"id":42,"date":"2022-11-03T18:54:24","date_gmt":"2022-11-03T18:54:24","guid":{"rendered":"https:\/\/dev.umfst.ro\/facultatea-de-medicina\/?page_id=42"},"modified":"2026-02-06T09:50:47","modified_gmt":"2026-02-06T07:50:47","slug":"consiliul-facultatii-de-medicina","status":"publish","type":"page","link":"https:\/\/umfst.ro\/facultatea-de-medicina\/hu\/organizare\/consiliul-facultatii-de-medicina\/","title":{"rendered":"Consiliul Facult\u0103\u021bii de Medicin\u0103"},"content":{"rendered":"<div data-elementor-type=\"wp-page\" data-elementor-id=\"42\" class=\"elementor elementor-42\" data-elementor-post-type=\"page\">\n\t\t\t\t\t\t<section class=\"elementor-section elementor-top-section elementor-element elementor-element-268863d4 elementor-section-boxed elementor-section-height-default elementor-section-height-default\" data-id=\"268863d4\" data-element_type=\"section\" data-e-type=\"section\">\n\t\t\t\t\t\t<div class=\"elementor-container elementor-column-gap-default\">\n\t\t\t\t\t<div class=\"elementor-column elementor-col-100 elementor-top-column elementor-element elementor-element-472e37c5\" data-id=\"472e37c5\" data-element_type=\"column\" data-e-type=\"column\">\n\t\t\t<div class=\"elementor-widget-wrap elementor-element-populated\">\n\t\t\t\t\t\t<div class=\"elementor-element elementor-element-4036724e elementor-widget elementor-widget-text-editor\" data-id=\"4036724e\" data-element_type=\"widget\" data-e-type=\"widget\" data-widget_type=\"text-editor.default\">\n\t\t\t\t<div class=\"elementor-widget-container\">\n\t\t\t\t\t\t\t\t\t<h2 role=\"heading\" data-uw-rm-heading=\"level\">Consiliul Facult\u0103\u021bii de Medicin\u0103<\/h2>\n<p>\u00a0<\/p>\n<p><!-- \/wp:heading --><!-- wp:table --><\/p>\n<figure>\n<p><strong>Membrii Consiliului<br \/><\/strong><\/p>\n<p>Prof. univ. dr. Azamfirei Leonard<br \/>Prof. univ. dr. Bac\u00e2rea Vladimir<br \/>Prof. univ. dr. B\u0103nescu Claudia-Violeta<br \/>Prof. univ. dr. Br\u00eenzaniuc Klara<br \/>Prof. univ. dr. Cotoi Ovidiu-Simion<br \/>Prof. univ. dr. Dobreanu Minodora<br \/>Prof. univ. dr. M\u00e1rtha Orsolya-Katalin-Ilona<br \/>Prof. univ. dr. M\u0103rginean Claudiu<br \/>Prof. univ. dr. M\u0103rginean Cristina-Oana<br \/>Prof. univ. dr. Molnar C\u0103lin<br \/>Prof. univ. dr. Neagoe Radu-Mircea<br \/>Prof. univ. dr. Scridon Alina<br \/>Prof. univ. dr. Suciu Hora\u021biu<br \/>Prof. univ. dr. Suciu-Bogdan-Andrei<br \/>Prof. univ. dr. Szil\u00e1gyi Tibor<br \/>Prof. univ. dr. Tarcea Monica<br \/>Dr. \u021ailea Ioan egyetemi el\u0151ad\u00f3tan\u00e1r<br \/>Prof. univ. dr. V\u0103\u0219iesiu Anca-Meda<br \/>Dr. Void\u0103zan Toader-Septimiu egyetemi el\u0151ad\u00f3tan\u00e1r<br \/>Conf. univ. dr. Boeriu Cristian<br \/>Conf. univ. dr. Chibelean Bogdan-C\u0103lin<br \/>Conf. univ. dr. D\u00e9nes L\u00f3r\u00e1nd<br \/>Conf. univ. dr. Frigy Attila<br \/>Conf. univ. dr. Grigorescu Bianca-Liana<br \/>Conf. univ. dr. Horv\u00e1th Em\u0151ke<br \/>Conf. univ. dr. Loghin Andrada<br \/>Conf. univ. dr. Mezei Tibor-L\u00e1szl\u00f3<br \/>Conf. univ. dr. Meli\u021b Lorena-Elena<br \/>Conf. univ. dr. Mure\u0219an Vasile Adrian<br \/>Conf. univ. dr. Orb\u00e1n-Kis K\u00e1roly<br \/>Conf. univ. dr. Sz\u00e1sz J\u00f3zsef-Attila<br \/>Conf. univ. dr. Sz\u00e9kely Edit<br \/>\u0218ef lucr. dr. Georgescu Rare\u0219-Adrian<br \/>\u0218ef lucr. dr. Germ\u00e1n-Sall\u00f3 M\u00e1rta<br \/>\u0218ef lucr. dr. Iv\u0103nescu Adrian-Dumitru<br \/>\u0218ef lucr. dr. Molnar-Varlam Claudiu<br \/>\u0218ef lucr. dr. Nicolescu Cosmin-Lucian<br \/>\u0218ef lucr. dr. Popoviciu Hora\u0163iu-Valeriu<br \/>\u0218ef lucr. dr. Russu Octav-Marius<br \/>\u0218ef lucr. dr. Solyom \u00c1rp\u00e1d<br \/>\u0218ef lucr. dr. Stoian Mircea<br \/>\u0218ef lucr. dr. \u0218ipo\u0219 Remus-Sebastian<br \/>\u0218ef lucr. dr. T\u00f6r\u00f6k Arpad<br \/>\u0218ef lucr. dr. Turos Janos-Levente<br \/>\u0218ef lucr. dr. Ureche Corina<br \/>Stud. Achi\u021bei Ioana<br \/>Stud. B\u0103lan Andra Daniela<br \/>Stud. Ciobanu George<br \/>Stud. Cs\u00e1k\u00e1ny Oliv\u00e9r<br \/>Stud. Gy\u00f6rgy-Fazakas Borb\u00e1la<br \/>Stud. Jank\u00f3-Sz\u00e9p \u00c1kos-S\u00e1ndor<br \/>Stud. Micu Magda-Melisa<br \/>Stud. Orban Attila-Zsigmond <br \/>Stud. Pughiuc Paula Dana<br \/>Stud. Ro\u0219u Alexandru<br \/>Stud. Rusu Vlad Nicolae<br \/>Stud. Teacu Iustina<br \/>Stud. Ureche Maria Cristina<br \/>Stud. Vu\u021b\u0103 Ioana<br \/>Stud. Zsombori Zal\u00e1n<\/p>\n<p>\u00a0<\/p>\n<\/figure>\n<p><!-- \/wp:table --><!-- wp:heading --><\/p>\n<h2>Hot\u0103r\u00e2ri ale Consiliului facult\u0103\u021bii<\/h2>\n<p><!-- \/wp:heading --><!-- wp:paragraph --><\/p>\n<p><a href=\"https:\/\/documente.umfst.ro\/documente\/hotarari-ale-consiliului-facultatii\/medicina\/\" target=\"_blank\" rel=\"noopener\" data-uw-rm-brl=\"PR\" data-uw-original-href=\"https:\/\/documente.umfst.ro\/documente\/hotarari-ale-consiliului-facultatii\/medicina\/\" aria-label=\"Hot\u0103r\u00e2ri ale Consiliului Facult\u0103\u021bii - deschide \u00eentr-o fil\u0103 nou\u0103\" data-uw-rm-ext-link=\"\">Hot\u0103r\u00e2ri ale Consiliului Facult\u0103\u021bii<\/a><\/p>\n<p><!-- \/wp:paragraph --><\/p>\t\t\t\t\t\t\t\t<\/div>\n\t\t\t\t<\/div>\n\t\t\t\t\t<\/div>\n\t\t<\/div>\n\t\t\t\t\t<\/div>\n\t\t<\/section>\n\t\t\t\t<\/div>","protected":false},"excerpt":{"rendered":"<p>Consiliul Facult\u0103\u021bii de Medicin\u0103 \u00a0 Membrii Consiliului Prof. univ. dr. Azamfirei LeonardProf. univ. dr. Bac\u00e2rea VladimirProf. univ. dr. B\u0103nescu Claudia-VioletaProf. univ. dr. Br\u00eenzaniuc KlaraProf. univ. dr. Cotoi Ovidiu-SimionProf. univ. dr. Dobreanu MinodoraProf. univ. dr. M\u00e1rtha Orsolya-Katalin-IlonaProf. univ. dr. M\u0103rginean ClaudiuProf. univ. dr. M\u0103rginean Cristina-OanaProf. univ. dr. Molnar C\u0103linProf. univ. dr. Neagoe Radu-MirceaProf. univ. dr. Scridon [&hellip;]<\/p>\n","protected":false},"author":4,"featured_media":0,"parent":36,"menu_order":0,"comment_status":"closed","ping_status":"closed","template":"","meta":{"_relevanssi_hide_post":"","_relevanssi_hide_content":"","_relevanssi_pin_for_all":"","_relevanssi_pin_keywords":"","_relevanssi_unpin_keywords":"","_relevanssi_related_keywords":"","_relevanssi_related_include_ids":"","_relevanssi_related_exclude_ids":"","_relevanssi_related_no_append":"","_relevanssi_related_not_related":"","_relevanssi_related_posts":"1","_relevanssi_noindex_reason":"","footnotes":""},"categories":[13],"tags":[],"class_list":["post-42","page","type-page","status-publish","hentry","category-pagina-cu-sidebar"],"meta_box":[],"_links":{"self":[{"href":"https:\/\/umfst.ro\/facultatea-de-medicina\/hu\/wp-json\/wp\/v2\/pages\/42","targetHints":{"allow":["GET"]}}],"collection":[{"href":"https:\/\/umfst.ro\/facultatea-de-medicina\/hu\/wp-json\/wp\/v2\/pages"}],"about":[{"href":"https:\/\/umfst.ro\/facultatea-de-medicina\/hu\/wp-json\/wp\/v2\/types\/page"}],"author":[{"embeddable":true,"href":"https:\/\/umfst.ro\/facultatea-de-medicina\/hu\/wp-json\/wp\/v2\/users\/4"}],"replies":[{"embeddable":true,"href":"https:\/\/umfst.ro\/facultatea-de-medicina\/hu\/wp-json\/wp\/v2\/comments?post=42"}],"version-history":[{"count":49,"href":"https:\/\/umfst.ro\/facultatea-de-medicina\/hu\/wp-json\/wp\/v2\/pages\/42\/revisions"}],"predecessor-version":[{"id":9025,"href":"https:\/\/umfst.ro\/facultatea-de-medicina\/hu\/wp-json\/wp\/v2\/pages\/42\/revisions\/9025"}],"up":[{"embeddable":true,"href":"https:\/\/umfst.ro\/facultatea-de-medicina\/hu\/wp-json\/wp\/v2\/pages\/36"}],"wp:attachment":[{"href":"https:\/\/umfst.ro\/facultatea-de-medicina\/hu\/wp-json\/wp\/v2\/media?parent=42"}],"wp:term":[{"taxonomy":"category","embeddable":true,"href":"https:\/\/umfst.ro\/facultatea-de-medicina\/hu\/wp-json\/wp\/v2\/categories?post=42"},{"taxonomy":"post_tag","embeddable":true,"href":"https:\/\/umfst.ro\/facultatea-de-medicina\/hu\/wp-json\/wp\/v2\/tags?post=42"}],"curies":[{"name":"wp","href":"https:\/\/api.w.org\/{rel}","templated":true}]}}