{"id":44,"date":"2022-11-03T19:00:26","date_gmt":"2022-11-03T17:00:26","guid":{"rendered":"https:\/\/dev.umfst.ro\/facultatea-de-medicina\/?page_id=44"},"modified":"2026-02-20T13:19:52","modified_gmt":"2026-02-20T11:19:52","slug":"comisii-de-lucru","status":"publish","type":"page","link":"https:\/\/umfst.ro\/facultatea-de-medicina\/hu\/organizare\/comisii-de-lucru\/","title":{"rendered":"Comisii de lucru"},"content":{"rendered":"<div data-elementor-type=\"wp-page\" data-elementor-id=\"44\" class=\"elementor elementor-44\" data-elementor-post-type=\"page\">\n\t\t\t\t\t\t<section class=\"elementor-section elementor-top-section elementor-element elementor-element-0772a5e elementor-section-boxed elementor-section-height-default elementor-section-height-default\" data-id=\"0772a5e\" data-element_type=\"section\" data-e-type=\"section\">\n\t\t\t\t\t\t<div class=\"elementor-container elementor-column-gap-default\">\n\t\t\t\t\t<div class=\"elementor-column elementor-col-100 elementor-top-column elementor-element elementor-element-6145f6d\" data-id=\"6145f6d\" data-element_type=\"column\" data-e-type=\"column\">\n\t\t\t<div class=\"elementor-widget-wrap elementor-element-populated\">\n\t\t\t\t\t\t<div class=\"elementor-element elementor-element-5912b7b elementor-widget elementor-widget-jet-accordion\" data-id=\"5912b7b\" data-element_type=\"widget\" data-e-type=\"widget\" data-widget_type=\"jet-accordion.default\">\n\t\t\t\t<div class=\"elementor-widget-container\">\n\t\t\t\t\t\t\t\t\t<div class=\"jet-accordion\" data-settings=\"{&quot;collapsible&quot;:false,&quot;ajaxTemplate&quot;:false,&quot;switchScrolling&quot;:false,&quot;switchScrollingTablet&quot;:false,&quot;switchScrollingMobile&quot;:false,&quot;switchScrollingOffset&quot;:{&quot;size&quot;:0,&quot;unit&quot;:&quot;px&quot;},&quot;switchScrollingOffsetTablet&quot;:{&quot;size&quot;:0,&quot;unit&quot;:&quot;px&quot;},&quot;switchScrollingOffsetMobile&quot;:{&quot;size&quot;:0,&quot;unit&quot;:&quot;px&quot;},&quot;switchScrollingDelay&quot;:500,&quot;switchScrollingDelayTablet&quot;:500,&quot;switchScrollingDelayMobile&quot;:500}\">\n\t\t\t<div class=\"jet-accordion__inner\">\n\t\t\t\t<div class=\"jet-accordion__item jet-toggle jet-toggle-move-up-effect\">\n\t\t\t\t\t\t\t<div id=\"jet-toggle-control-9331\" class=\"jet-toggle__control elementor-menu-anchor\" data-toggle=\"1\" role=\"button\" tabindex=\"0\" aria-controls=\"jet-toggle-content-9331\" aria-expanded=\"false\" data-template-id=\"false\">\n\t\t\t\t\t\t\t\t<div class=\"jet-toggle__label-icon jet-toggle-icon-position-right\"><span class=\"jet-toggle__icon icon-normal jet-tabs-icon\"><svg xmlns=\"http:\/\/www.w3.org\/2000\/svg\" viewbox=\"0 0 448 512\"><path d=\"M256 80c0-17.7-14.3-32-32-32s-32 14.3-32 32V224H48c-17.7 0-32 14.3-32 32s14.3 32 32 32H192V432c0 17.7 14.3 32 32 32s32-14.3 32-32V288H400c17.7 0 32-14.3 32-32s-14.3-32-32-32H256V80z\"><\/path><\/svg><\/span><span class=\"jet-toggle__icon icon-active jet-tabs-icon\"><svg xmlns=\"http:\/\/www.w3.org\/2000\/svg\" viewbox=\"0 0 448 512\"><path d=\"M432 256c0 17.7-14.3 32-32 32L48 288c-17.7 0-32-14.3-32-32s14.3-32 32-32l352 0c17.7 0 32 14.3 32 32z\"><\/path><\/svg><\/span><\/div><div class=\"jet-toggle__label-text\">Comisia de Strategie \u0219i Reform\u0103 Curricular\u0103<\/div>\t\t\t\t\t\t\t<\/div>\n\t\t\t\t\t\t\t<div id=\"jet-toggle-content-9331\" class=\"jet-toggle__content\" data-toggle=\"1\" role=\"region\" data-template-id=\"false\">\n\t\t\t\t\t\t\t\t<div class=\"jet-toggle__content-inner\"><p><strong>Pre\u0219edinte<br \/><\/strong>Prof. univ. dr. Alina Scridon<\/p><p><strong>Membri<\/strong><\/p><p>Prof. univ. dr. Oana-Cristina M\u0103rginean<br \/>Prof. univ. dr. M\u00e1rtha Orsolya Katalin Ilona<br \/>Prof. univ. dr. Ovidiu Simion Cotoi \u00a0<br \/>Prof. univ. dr. Bogdan Suciu<br \/>Prof. univ. dr. Septimiu Void\u0103zan<br \/>Prof. univ. dr. Ioan \u021ailea<br \/>dr. Andrada Loghin egyetemi el\u0151ad\u00f3tan\u00e1r <br \/>Conf. univ. dr. Lorena Elena Meli\u021b<br \/>Conf. univ. dr. Cristian-Marius Boeriu<br \/>Conf. univ. dr. Szasz J\u00f3zsef-Attila <br \/>Conf. univ. dr. Raluca Pop<br \/>Conf. univ. dr. Bianca-Liana Grigorescu<br \/>\u0218ef lucr. dr. Cosmin Nicolescu<br \/>\u0218ef lucr\u0103ri dr. Vasile Bogdan Hala\u021biu<br \/>Student Andra B\u0103lan<br \/>Student Czink Gergo<\/p><p><a href=\"https:\/\/www.umfst.ro\/fileadmin\/f_medicina\/Comisii\/regulamente\/2025\/6.2_2025_Regulament_Comisie_Strategie_si_Dezvoltare_curriculara.pdf\">Regulamentul comisiei<\/a><\/p><p><a href=\"https:\/\/www.umfst.ro\/fileadmin\/f_medicina\/rapoarte\/Rapoarte_comisii\/2025\/4.2.Raport Comisie reforma curiculara 2024.pdf\" data-wplink-url-error=\"true\">Raportul comisiei &#8211; 2024<\/a><br \/><a href=\"https:\/\/www.umfst.ro\/fileadmin\/f_medicina\/rapoarte\/2024\/RaportComisieStrategie2023.pdf\">Raportul comisiei \u2013 2023<\/a><\/p><\/div>\n\t\t\t\t\t\t\t<\/div>\n\t\t\t\t\t\t<\/div><div class=\"jet-accordion__item jet-toggle jet-toggle-move-up-effect\">\n\t\t\t\t\t\t\t<div id=\"jet-toggle-control-9332\" class=\"jet-toggle__control elementor-menu-anchor\" data-toggle=\"2\" role=\"button\" tabindex=\"0\" aria-controls=\"jet-toggle-content-9332\" aria-expanded=\"false\" data-template-id=\"false\">\n\t\t\t\t\t\t\t\t<div class=\"jet-toggle__label-icon jet-toggle-icon-position-right\"><span class=\"jet-toggle__icon icon-normal jet-tabs-icon\"><svg xmlns=\"http:\/\/www.w3.org\/2000\/svg\" viewbox=\"0 0 448 512\"><path d=\"M256 80c0-17.7-14.3-32-32-32s-32 14.3-32 32V224H48c-17.7 0-32 14.3-32 32s14.3 32 32 32H192V432c0 17.7 14.3 32 32 32s32-14.3 32-32V288H400c17.7 0 32-14.3 32-32s-14.3-32-32-32H256V80z\"><\/path><\/svg><\/span><span class=\"jet-toggle__icon icon-active jet-tabs-icon\"><svg xmlns=\"http:\/\/www.w3.org\/2000\/svg\" viewbox=\"0 0 448 512\"><path d=\"M432 256c0 17.7-14.3 32-32 32L48 288c-17.7 0-32-14.3-32-32s14.3-32 32-32l352 0c17.7 0 32 14.3 32 32z\"><\/path><\/svg><\/span><\/div><div class=\"jet-toggle__label-text\">Comisia de Recunoa\u0219tere Credite<\/div>\t\t\t\t\t\t\t<\/div>\n\t\t\t\t\t\t\t<div id=\"jet-toggle-content-9332\" class=\"jet-toggle__content\" data-toggle=\"2\" role=\"region\" data-template-id=\"false\">\n\t\t\t\t\t\t\t\t<div class=\"jet-toggle__content-inner\"><p><strong>Pre\u0219edinte<\/strong><br \/>dr. Andrada Loghin egyetemi el\u0151ad\u00f3tan\u00e1r<\/p><p><strong>Membri<br \/><\/strong>Prof. univ. dr. Angela Borda <br \/>Prof. univ. dr. Szilagy Tibor <br \/>Conf. univ. dr. Pap Zsuzsanna <br \/>Conf. univ. dr. Simona F\u0103g\u0103ra\u0219 <br \/>\u0218ef lucr. dr. Corina Budin<br \/>\u0218ef lucr. dr. Cosmin Nicolescu<br \/>\u0218ef lucr. dr. Pataki Simona Tunde <br \/>Conf. univ. dr. Anca-Delia Mare <br \/>Asist. univ. dr. Marius Beleaua<\/p><p><a href=\"https:\/\/www.umfst.ro\/fileadmin\/f_medicina\/Comisii\/regulamente\/2025\/6.3_.2025_Regulament_Comisie_ECTS.pdf\">Regulamentul comisiei<\/a><\/p><p><a href=\"https:\/\/www.umfst.ro\/fileadmin\/f_medicina\/rapoarte\/Rapoarte_comisii\/2025\/4.3.Raport activitate comisie ECTS 2024.pdf\" data-wplink-url-error=\"true\">Raportul comisiei &#8211; 2024<\/a><br \/><a href=\"https:\/\/www.umfst.ro\/fileadmin\/f_medicina\/rapoarte\/2024\/RaportComisieECTS2023.pdf\">Raportul comisiei \u2013 2023<\/a><\/p><\/div>\n\t\t\t\t\t\t\t<\/div>\n\t\t\t\t\t\t<\/div><div class=\"jet-accordion__item jet-toggle jet-toggle-move-up-effect\">\n\t\t\t\t\t\t\t<div id=\"jet-toggle-control-9333\" class=\"jet-toggle__control elementor-menu-anchor\" data-toggle=\"3\" role=\"button\" tabindex=\"0\" aria-controls=\"jet-toggle-content-9333\" aria-expanded=\"false\" data-template-id=\"false\">\n\t\t\t\t\t\t\t\t<div class=\"jet-toggle__label-icon jet-toggle-icon-position-right\"><span class=\"jet-toggle__icon icon-normal jet-tabs-icon\"><svg xmlns=\"http:\/\/www.w3.org\/2000\/svg\" viewbox=\"0 0 448 512\"><path d=\"M256 80c0-17.7-14.3-32-32-32s-32 14.3-32 32V224H48c-17.7 0-32 14.3-32 32s14.3 32 32 32H192V432c0 17.7 14.3 32 32 32s32-14.3 32-32V288H400c17.7 0 32-14.3 32-32s-14.3-32-32-32H256V80z\"><\/path><\/svg><\/span><span class=\"jet-toggle__icon icon-active jet-tabs-icon\"><svg xmlns=\"http:\/\/www.w3.org\/2000\/svg\" viewbox=\"0 0 448 512\"><path d=\"M432 256c0 17.7-14.3 32-32 32L48 288c-17.7 0-32-14.3-32-32s14.3-32 32-32l352 0c17.7 0 32 14.3 32 32z\"><\/path><\/svg><\/span><\/div><div class=\"jet-toggle__label-text\">Comisia de Evaluare \u015fi Asigurare a Calit\u0103\u0163ii<\/div>\t\t\t\t\t\t\t<\/div>\n\t\t\t\t\t\t\t<div id=\"jet-toggle-content-9333\" class=\"jet-toggle__content\" data-toggle=\"3\" role=\"region\" data-template-id=\"false\">\n\t\t\t\t\t\t\t\t<div class=\"jet-toggle__content-inner\"><p><strong>Pre\u0219edinte<\/strong><br \/>Conf. univ. dr. Lorena-Elena Meli\u021b<\/p><p><strong>Membri<\/strong><\/p><p>Prof. univ. dr. Alina Scridon <br \/>Prof. univ. dr. Angela Borda<br \/>Prof. univ. dr. Cristina Oana Marginean<br \/>Prof. univ. dr. Silviu Morariu<br \/>Prof. univ. dr. Septimiu Voidazan <br \/>Prof. univ. dr. Corneliu Tanase <br \/>dr. Andrada Loghin egyetemi el\u0151ad\u00f3tan\u00e1r <br \/>Conf. univ. dr. Karoly Orban-Kis <br \/>Conf. univ. dr. Emoke Horvath <br \/>Conf. univ. dr. Marian Pop<br \/>Stud. Paula-Dana Pughiuc<\/p><p><a href=\"https:\/\/www.umfst.ro\/fileadmin\/f_medicina\/Comisii\/regulamente\/2025\/6.4_2025_Regulament_CEAC.pdf\">Regulamentul comisiei<\/a><\/p><p><a href=\"https:\/\/umfst.ro\/fileadmin\/f_medicina\/Comisii\/2026\/Evaluarea_cadrelor_didactice_de_catre_studenti_Modul_I_2025-2026.pdf\">lerarhia cadrelor didactice conform rezultatelor evalu\u0103rii de c\u0103tre studen\u0163i pe facultate &#8211; Modul I<\/a><\/p><p><a href=\"https:\/\/www.umfst.ro\/fileadmin\/f_medicina\/Comisii\/2025\/Plan_Masuri_Evaluarea_cadrelor_didactice_de_catre_studenti.pdf\">Planul de m\u0103suri al evalu\u0103rii cadrelor didactice de c\u0103tre studen\u021bi<\/a><\/p><p><a href=\"https:\/\/www.umfst.ro\/fileadmin\/f_medicina\/rapoarte\/Rapoarte_comisii\/2025\/4.4.Raport Comisie asigurare calitate 2024.pdf\" data-wplink-url-error=\"true\">Raportul comisiei &#8211; 2024<\/a><br \/><a href=\"https:\/\/www.umfst.ro\/fileadmin\/f_medicina\/rapoarte\/2024\/RaportComisieEvaluareCalitate2023.pdf\">Raportul comisiei \u2013 2023<\/a><\/p><\/div>\n\t\t\t\t\t\t\t<\/div>\n\t\t\t\t\t\t<\/div><div class=\"jet-accordion__item jet-toggle jet-toggle-move-up-effect\">\n\t\t\t\t\t\t\t<div id=\"jet-toggle-control-9334\" class=\"jet-toggle__control elementor-menu-anchor\" data-toggle=\"4\" role=\"button\" tabindex=\"0\" aria-controls=\"jet-toggle-content-9334\" aria-expanded=\"false\" data-template-id=\"false\">\n\t\t\t\t\t\t\t\t<div class=\"jet-toggle__label-icon jet-toggle-icon-position-right\"><span class=\"jet-toggle__icon icon-normal jet-tabs-icon\"><svg xmlns=\"http:\/\/www.w3.org\/2000\/svg\" viewbox=\"0 0 448 512\"><path d=\"M256 80c0-17.7-14.3-32-32-32s-32 14.3-32 32V224H48c-17.7 0-32 14.3-32 32s14.3 32 32 32H192V432c0 17.7 14.3 32 32 32s32-14.3 32-32V288H400c17.7 0 32-14.3 32-32s-14.3-32-32-32H256V80z\"><\/path><\/svg><\/span><span class=\"jet-toggle__icon icon-active jet-tabs-icon\"><svg xmlns=\"http:\/\/www.w3.org\/2000\/svg\" viewbox=\"0 0 448 512\"><path d=\"M432 256c0 17.7-14.3 32-32 32L48 288c-17.7 0-32-14.3-32-32s14.3-32 32-32l352 0c17.7 0 32 14.3 32 32z\"><\/path><\/svg><\/span><\/div><div class=\"jet-toggle__label-text\">Comisia de Cercetare \u0218tiin\u021bific\u0103<\/div>\t\t\t\t\t\t\t<\/div>\n\t\t\t\t\t\t\t<div id=\"jet-toggle-content-9334\" class=\"jet-toggle__content\" data-toggle=\"4\" role=\"region\" data-template-id=\"false\">\n\t\t\t\t\t\t\t\t<div class=\"jet-toggle__content-inner\"><p><strong>Pre\u0219edinte<br \/><\/strong>Conf. univ. dr. Sz\u00e1sz J\u00f3zsef Attila, Prodecan<\/p><p><strong>Membri<\/strong><\/p><p>D\u00e9k\u00e1n, \u00c1ltal\u00e1nos Orvostudom\u00e1nyi Kar <br \/>Prof. univ. dr. Claudia B\u0103nescu <br \/>Prof. univ. dr. Theodora Benedek<br \/>Prof. univ. dr. Minodora Dobreanu <br \/>Prof. univ. dr. Vladimir Bac\u00e2rea <br \/>Conf. univ. dr. Sz\u00e9kely Edit<br \/>Conf. univ. dr. Valentin N\u0103d\u0103\u0219an <br \/>Conf. univ. dr. Mezei Tibor \u00a0<br \/>Conf. univ. dr. Ol\u00e1h P\u00e9ter <br \/>Nicoleta Suciu<\/p><p><a href=\"https:\/\/www.umfst.ro\/fileadmin\/f_medicina\/Comisii\/regulamente\/2025\/6.5_2025_Regulament_Comisie_Cercetare_stiintifica.pdf\">Regulamentul comisiei<\/a><\/p><p><a href=\"https:\/\/www.umfst.ro\/fileadmin\/f_medicina\/rapoarte\/Rapoarte_comisii\/2025\/4.5. Raport_Comisie Cercetare_2024.pdf\" data-wplink-url-error=\"true\">Raportul comisiei &#8211; 2024<\/a><br \/><a href=\"https:\/\/www.umfst.ro\/fileadmin\/f_medicina\/rapoarte\/2024\/RaportComisieCercetare2023.pdf\">Raportul comisiei \u2013 2023<\/a><\/p><\/div>\n\t\t\t\t\t\t\t<\/div>\n\t\t\t\t\t\t<\/div><div class=\"jet-accordion__item jet-toggle jet-toggle-move-up-effect\">\n\t\t\t\t\t\t\t<div id=\"jet-toggle-control-9335\" class=\"jet-toggle__control elementor-menu-anchor\" data-toggle=\"5\" role=\"button\" tabindex=\"0\" aria-controls=\"jet-toggle-content-9335\" aria-expanded=\"false\" data-template-id=\"false\">\n\t\t\t\t\t\t\t\t<div class=\"jet-toggle__label-icon jet-toggle-icon-position-right\"><span class=\"jet-toggle__icon icon-normal jet-tabs-icon\"><svg xmlns=\"http:\/\/www.w3.org\/2000\/svg\" viewbox=\"0 0 448 512\"><path d=\"M256 80c0-17.7-14.3-32-32-32s-32 14.3-32 32V224H48c-17.7 0-32 14.3-32 32s14.3 32 32 32H192V432c0 17.7 14.3 32 32 32s32-14.3 32-32V288H400c17.7 0 32-14.3 32-32s-14.3-32-32-32H256V80z\"><\/path><\/svg><\/span><span class=\"jet-toggle__icon icon-active jet-tabs-icon\"><svg xmlns=\"http:\/\/www.w3.org\/2000\/svg\" viewbox=\"0 0 448 512\"><path d=\"M432 256c0 17.7-14.3 32-32 32L48 288c-17.7 0-32-14.3-32-32s14.3-32 32-32l352 0c17.7 0 32 14.3 32 32z\"><\/path><\/svg><\/span><\/div><div class=\"jet-toggle__label-text\">Comisia pentru activit\u0103\u021bi studen\u021be\u0219ti<\/div>\t\t\t\t\t\t\t<\/div>\n\t\t\t\t\t\t\t<div id=\"jet-toggle-content-9335\" class=\"jet-toggle__content\" data-toggle=\"5\" role=\"region\" data-template-id=\"false\">\n\t\t\t\t\t\t\t\t<div class=\"jet-toggle__content-inner\"><p><strong>Pre\u0219edinte<\/strong><br \/>Conf. univ. dr. Sz\u00e1sz J\u00f3zsef-Attila, Prodecan<\/p><p><strong>Membri<br \/><\/strong>Prof. univ. dr. Simona B\u0103\u021bag\u0103<br \/>Prof. univ. dr. Monica Tarcea<br \/>\u015eef lucr. dr. Claudiu Molnar-Varlam <br \/>\u015eef lucr. dr. Ferencz J\u00f3zsef Lor\u00e1nd <br \/>\u0218ef lucr\u0103ri dr. \u00a0Cocuz Iuliu<br \/>Asist. univ. dr. Dan Alexandru Cozac<br \/>Student linia rom\u00e2n\u0103 Andra B\u0103lan<br \/>Student linia maghiar\u0103 Czink Gerg\u0151<\/p><p><a href=\"https:\/\/www.umfst.ro\/fileadmin\/f_medicina\/Comisii\/regulamente\/2025\/6.6_2025_Regulament_Comisie_Activitati_studentesti.pdf\">Regulamentul comisiei<\/a><\/p><p><a href=\"https:\/\/www.umfst.ro\/fileadmin\/f_medicina\/rapoarte\/Rapoarte_comisii\/2025\/4.6. Raport_Comisie Studenti_Liga_ASM_2024.pdf\" data-wplink-url-error=\"true\">Raportul comisiei &#8211; 2024<\/a><br \/><a href=\"https:\/\/www.umfst.ro\/fileadmin\/f_medicina\/rapoarte\/2024\/RaportComisieProblemeStudentesti2023.pdf\">Raportul comisiei \u2013 2023<\/a><\/p><\/div>\n\t\t\t\t\t\t\t<\/div>\n\t\t\t\t\t\t<\/div><div class=\"jet-accordion__item jet-toggle jet-toggle-move-up-effect\">\n\t\t\t\t\t\t\t<div id=\"jet-toggle-control-9336\" class=\"jet-toggle__control elementor-menu-anchor\" data-toggle=\"6\" role=\"button\" tabindex=\"0\" aria-controls=\"jet-toggle-content-9336\" aria-expanded=\"false\" data-template-id=\"false\">\n\t\t\t\t\t\t\t\t<div class=\"jet-toggle__label-icon jet-toggle-icon-position-right\"><span class=\"jet-toggle__icon icon-normal jet-tabs-icon\"><svg xmlns=\"http:\/\/www.w3.org\/2000\/svg\" viewbox=\"0 0 448 512\"><path d=\"M256 80c0-17.7-14.3-32-32-32s-32 14.3-32 32V224H48c-17.7 0-32 14.3-32 32s14.3 32 32 32H192V432c0 17.7 14.3 32 32 32s32-14.3 32-32V288H400c17.7 0 32-14.3 32-32s-14.3-32-32-32H256V80z\"><\/path><\/svg><\/span><span class=\"jet-toggle__icon icon-active jet-tabs-icon\"><svg xmlns=\"http:\/\/www.w3.org\/2000\/svg\" viewbox=\"0 0 448 512\"><path d=\"M432 256c0 17.7-14.3 32-32 32L48 288c-17.7 0-32-14.3-32-32s14.3-32 32-32l352 0c17.7 0 32 14.3 32 32z\"><\/path><\/svg><\/span><\/div><div class=\"jet-toggle__label-text\">Comisia de Consiliere \u0219i Orientare \u00een Carier\u0103<\/div>\t\t\t\t\t\t\t<\/div>\n\t\t\t\t\t\t\t<div id=\"jet-toggle-content-9336\" class=\"jet-toggle__content\" data-toggle=\"6\" role=\"region\" data-template-id=\"false\">\n\t\t\t\t\t\t\t\t<div class=\"jet-toggle__content-inner\"><p><strong>Pre\u0219edinte<br \/><\/strong>Conf. univ. dr. Sz\u00e1sz J\u00f3zsef Attila, Prodecan<\/p><p><strong>Membri<br \/><\/strong>Prof. univ. dr. C\u0103lin Molnar<br \/>Prof. univ. dr. Monica Tarcea <br \/>Conf. univ. dr. Andreea S\u0103lcudean <br \/>Conf. univ. dr. D\u00e9nes L\u00f3r\u00e1nd<br \/>\u0218ef lucr\u0103ri dr.\u00a0 Octav Russu <br \/>Ec. Alina Janeta Tru\u021ba<br \/>Student linia rom\u00e2n\u0103 Andra B\u0103lan<br \/>Student linia maghiar\u0103 Czink Gerg\u0151<\/p><p><a href=\"https:\/\/www.umfst.ro\/fileadmin\/f_medicina\/Comisii\/regulamente\/2025\/6.7_2025_Regulament_Comisie_Consiliere_Cariera.pdf\">Regulamentul comisiei<\/a><\/p><p><a href=\"https:\/\/www.umfst.ro\/fileadmin\/f_medicina\/rapoarte\/Rapoarte_comisii\/2025\/4.7.Raport_Comisie consiliere si orientare profesionala_2024.pdf\" data-wplink-url-error=\"true\">Raportul comisiei &#8211; 2024<\/a><br \/><a href=\"https:\/\/www.umfst.ro\/fileadmin\/f_medicina\/rapoarte\/2024\/RaportComisieConsiliere2023.pdf\">Raportul comisiei \u2013 2023<\/a><\/p><\/div>\n\t\t\t\t\t\t\t<\/div>\n\t\t\t\t\t\t<\/div><div class=\"comisie-hidden jet-accordion__item jet-toggle jet-toggle-move-up-effect\">\n\t\t\t\t\t\t\t<div id=\"jet-toggle-control-9337\" class=\"jet-toggle__control elementor-menu-anchor\" data-toggle=\"7\" role=\"button\" tabindex=\"0\" aria-controls=\"jet-toggle-content-9337\" aria-expanded=\"false\" data-template-id=\"false\">\n\t\t\t\t\t\t\t\t<div class=\"jet-toggle__label-icon jet-toggle-icon-position-right\"><span class=\"jet-toggle__icon icon-normal jet-tabs-icon\"><svg xmlns=\"http:\/\/www.w3.org\/2000\/svg\" viewbox=\"0 0 448 512\"><path d=\"M256 80c0-17.7-14.3-32-32-32s-32 14.3-32 32V224H48c-17.7 0-32 14.3-32 32s14.3 32 32 32H192V432c0 17.7 14.3 32 32 32s32-14.3 32-32V288H400c17.7 0 32-14.3 32-32s-14.3-32-32-32H256V80z\"><\/path><\/svg><\/span><span class=\"jet-toggle__icon icon-active jet-tabs-icon\"><svg xmlns=\"http:\/\/www.w3.org\/2000\/svg\" viewbox=\"0 0 448 512\"><path d=\"M432 256c0 17.7-14.3 32-32 32L48 288c-17.7 0-32-14.3-32-32s14.3-32 32-32l352 0c17.7 0 32 14.3 32 32z\"><\/path><\/svg><\/span><\/div><div class=\"jet-toggle__label-text\">Comisie de Formare Continu\u0103 \u0219i Reziden\u021biat<\/div>\t\t\t\t\t\t\t<\/div>\n\t\t\t\t\t\t\t<div id=\"jet-toggle-content-9337\" class=\"jet-toggle__content\" data-toggle=\"7\" role=\"region\" data-template-id=\"false\">\n\t\t\t\t\t\t\t\t<div class=\"jet-toggle__content-inner\"><p><strong>Pre\u0219edinte<\/strong><br \/>Conf. univ. dr. Lorena Elena Meli\u021b<\/p><p><strong>Membri<\/strong><br \/>Prof. univ. dr. Anca Meda V\u0103sie\u0219iu<br \/>Prof. univ. dr. Martha Orsolya<br \/>Prof. univ. dr. Oana-Cristina M\u0103rginean<br \/>Prof. univ. dr. Szab\u00f3 B\u00e9la<br \/>Conf. univ. dr. Cristian-Marius Boeriu<br \/>Conf. univ. dr. Frigy Attila<br \/>\u0218ef lucr. dr. Hora\u021biu-Valeriu Popoviciu<br \/>Asist. univ. dr. Marius Beleaua<\/p><p><a href=\"https:\/\/www.umfst.ro\/fileadmin\/f_medicina\/Comisii\/regulamente\/Regulament_Comisie_2_Pregatire_continua_si_rezidentiat.pdf\">Regulamentul comisiei<\/a><\/p><p><a href=\"https:\/\/www.umfst.ro\/fileadmin\/f_medicina\/rapoarte\/Rapoarte_comisii\/2025\/4.1.Raport Comisie formare continua 2024.pdf\" data-wplink-url-error=\"true\">Raportul comisiei &#8211; 2024<\/a><br \/><a href=\"https:\/\/www.umfst.ro\/fileadmin\/f_medicina\/rapoarte\/2024\/RaportComisieFormareContinuaRezidentiat2023.pdf\">Raportul comisiei &#8211; 2023<\/a><\/p><\/div>\n\t\t\t\t\t\t\t<\/div>\n\t\t\t\t\t\t<\/div><div class=\"jet-accordion__item jet-toggle jet-toggle-move-up-effect\">\n\t\t\t\t\t\t\t<div id=\"jet-toggle-control-9338\" class=\"jet-toggle__control elementor-menu-anchor\" data-toggle=\"8\" role=\"button\" tabindex=\"0\" aria-controls=\"jet-toggle-content-9338\" aria-expanded=\"false\" data-template-id=\"false\">\n\t\t\t\t\t\t\t\t<div class=\"jet-toggle__label-icon jet-toggle-icon-position-right\"><span class=\"jet-toggle__icon icon-normal jet-tabs-icon\"><svg xmlns=\"http:\/\/www.w3.org\/2000\/svg\" viewbox=\"0 0 448 512\"><path d=\"M256 80c0-17.7-14.3-32-32-32s-32 14.3-32 32V224H48c-17.7 0-32 14.3-32 32s14.3 32 32 32H192V432c0 17.7 14.3 32 32 32s32-14.3 32-32V288H400c17.7 0 32-14.3 32-32s-14.3-32-32-32H256V80z\"><\/path><\/svg><\/span><span class=\"jet-toggle__icon icon-active jet-tabs-icon\"><svg xmlns=\"http:\/\/www.w3.org\/2000\/svg\" viewbox=\"0 0 448 512\"><path d=\"M432 256c0 17.7-14.3 32-32 32L48 288c-17.7 0-32-14.3-32-32s14.3-32 32-32l352 0c17.7 0 32 14.3 32 32z\"><\/path><\/svg><\/span><\/div><div class=\"jet-toggle__label-text\">Comisia de Reprezentare \u0219i Promovare<\/div>\t\t\t\t\t\t\t<\/div>\n\t\t\t\t\t\t\t<div id=\"jet-toggle-content-9338\" class=\"jet-toggle__content\" data-toggle=\"8\" role=\"region\" data-template-id=\"false\">\n\t\t\t\t\t\t\t\t<div class=\"jet-toggle__content-inner\"><p><strong>Pre\u0219edinte<\/strong><br \/>Conf. univ. dr. Lorena Elena Meli\u021b<\/p><p><strong>Membri<br \/><\/strong>Prof. univ. dr. Alina Scridon<br \/>Prof. univ. dr. M\u00e1rtha Orsolya Katalin Ilona<br \/>Ovidiu-Constantin Chel\u0103rescu- Consilier<br \/>\u0218ef lucr. dr. Iuliu-Gabriel Cocuz <br \/>Asist. univ. dr. Andrada Raicea<br \/>Asist. drd. dr. Karina Najjar <br \/>Dr. Andrei Modiga<br \/>Dr. Dimitris Bello <br \/>Stud. Radu Mesaro\u0219<br \/>Stud. Edoardo Popescu<\/p><p><a href=\"https:\/\/www.umfst.ro\/fileadmin\/f_medicina\/Comisii\/regulamente\/2025\/6.1._2025_Regulament_Comisie_PR.pdf\">Regulamentul comisiei<\/a><\/p><\/div>\n\t\t\t\t\t\t\t<\/div>\n\t\t\t\t\t\t<\/div>\t\t\t<\/div>\n\t\t<\/div>\n\t\t\t\t\t\t<\/div>\n\t\t\t\t<\/div>\n\t\t\t\t\t<\/div>\n\t\t<\/div>\n\t\t\t\t\t<\/div>\n\t\t<\/section>\n\t\t\t\t<section class=\"elementor-section elementor-top-section elementor-element elementor-element-a97c68b elementor-section-boxed elementor-section-height-default elementor-section-height-default\" data-id=\"a97c68b\" data-element_type=\"section\" data-e-type=\"section\">\n\t\t\t\t\t\t<div class=\"elementor-container elementor-column-gap-default\">\n\t\t\t\t\t<div class=\"elementor-column elementor-col-100 elementor-top-column elementor-element elementor-element-44cada3\" data-id=\"44cada3\" data-element_type=\"column\" data-e-type=\"column\">\n\t\t\t<div class=\"elementor-widget-wrap elementor-element-populated\">\n\t\t\t\t\t\t<section class=\"elementor-section elementor-inner-section elementor-element elementor-element-90a8733 elementor-section-boxed elementor-section-height-default elementor-section-height-default\" data-id=\"90a8733\" data-element_type=\"section\" data-e-type=\"section\">\n\t\t\t\t\t\t<div class=\"elementor-container elementor-column-gap-default\">\n\t\t\t\t\t<div class=\"elementor-column elementor-col-100 elementor-inner-column elementor-element elementor-element-be4d31d\" data-id=\"be4d31d\" data-element_type=\"column\" data-e-type=\"column\">\n\t\t\t<div class=\"elementor-widget-wrap\">\n\t\t\t\t\t\t\t<\/div>\n\t\t<\/div>\n\t\t\t\t\t<\/div>\n\t\t<\/section>\n\t\t\t\t\t<\/div>\n\t\t<\/div>\n\t\t\t\t\t<\/div>\n\t\t<\/section>\n\t\t\t\t<section class=\"elementor-section elementor-top-section elementor-element elementor-element-7b29c6d elementor-section-boxed elementor-section-height-default elementor-section-height-default\" data-id=\"7b29c6d\" data-element_type=\"section\" data-e-type=\"section\">\n\t\t\t\t\t\t<div class=\"elementor-container elementor-column-gap-default\">\n\t\t\t\t\t<div class=\"elementor-column elementor-col-100 elementor-top-column elementor-element elementor-element-86b3bd3\" data-id=\"86b3bd3\" data-element_type=\"column\" data-e-type=\"column\">\n\t\t\t<div class=\"elementor-widget-wrap elementor-element-populated\">\n\t\t\t\t\t\t<div class=\"elementor-element elementor-element-6a7def0 elementor-widget elementor-widget-text-editor\" data-id=\"6a7def0\" data-element_type=\"widget\" data-e-type=\"widget\" data-widget_type=\"text-editor.default\">\n\t\t\t\t<div class=\"elementor-widget-container\">\n\t\t\t\t\t\t\t\t\t<a href=\"https:\/\/arhiva.umfst.ro\/medicina\/planuri-si-rapoarte\/rapoarte.html\" target=\"_blank\" rel=\"noopener\">Arhiv\u0103 Rapoarte<\/a>\t\t\t\t\t\t\t\t<\/div>\n\t\t\t\t<\/div>\n\t\t\t\t\t<\/div>\n\t\t<\/div>\n\t\t\t\t\t<\/div>\n\t\t<\/section>\n\t\t\t\t<\/div>","protected":false},"excerpt":{"rendered":"<p>Comisia de Strategie \u0219i Reform\u0103 Curricular\u0103 Pre\u0219edinteProf. univ. dr. Alina Scridon Membri Prof. univ. dr. Oana-Cristina M\u0103rgineanProf. univ. dr. M\u00e1rtha Orsolya Katalin IlonaProf. univ. dr. Ovidiu Simion Cotoi \u00a0Prof. univ. dr. Bogdan SuciuProf. univ. dr. Septimiu Void\u0103zanProf. univ. dr. Ioan \u021aileaConf. univ. dr. Andrada Loghin Conf. univ. dr. Lorena Elena Meli\u021bConf. univ. dr. Cristian-Marius BoeriuConf. [&hellip;]<\/p>\n","protected":false},"author":4,"featured_media":0,"parent":36,"menu_order":0,"comment_status":"closed","ping_status":"closed","template":"","meta":{"_relevanssi_hide_post":"","_relevanssi_hide_content":"","_relevanssi_pin_for_all":"","_relevanssi_pin_keywords":"","_relevanssi_unpin_keywords":"","_relevanssi_related_keywords":"","_relevanssi_related_include_ids":"","_relevanssi_related_exclude_ids":"","_relevanssi_related_no_append":"","_relevanssi_related_not_related":"","_relevanssi_related_posts":"1","_relevanssi_noindex_reason":"","footnotes":""},"categories":[13,37],"tags":[],"class_list":["post-44","page","type-page","status-publish","hentry","category-pagina-cu-sidebar","category-pagina-generala"],"meta_box":[],"_links":{"self":[{"href":"https:\/\/umfst.ro\/facultatea-de-medicina\/hu\/wp-json\/wp\/v2\/pages\/44","targetHints":{"allow":["GET"]}}],"collection":[{"href":"https:\/\/umfst.ro\/facultatea-de-medicina\/hu\/wp-json\/wp\/v2\/pages"}],"about":[{"href":"https:\/\/umfst.ro\/facultatea-de-medicina\/hu\/wp-json\/wp\/v2\/types\/page"}],"author":[{"embeddable":true,"href":"https:\/\/umfst.ro\/facultatea-de-medicina\/hu\/wp-json\/wp\/v2\/users\/4"}],"replies":[{"embeddable":true,"href":"https:\/\/umfst.ro\/facultatea-de-medicina\/hu\/wp-json\/wp\/v2\/comments?post=44"}],"version-history":[{"count":280,"href":"https:\/\/umfst.ro\/facultatea-de-medicina\/hu\/wp-json\/wp\/v2\/pages\/44\/revisions"}],"predecessor-version":[{"id":9038,"href":"https:\/\/umfst.ro\/facultatea-de-medicina\/hu\/wp-json\/wp\/v2\/pages\/44\/revisions\/9038"}],"up":[{"embeddable":true,"href":"https:\/\/umfst.ro\/facultatea-de-medicina\/hu\/wp-json\/wp\/v2\/pages\/36"}],"wp:attachment":[{"href":"https:\/\/umfst.ro\/facultatea-de-medicina\/hu\/wp-json\/wp\/v2\/media?parent=44"}],"wp:term":[{"taxonomy":"category","embeddable":true,"href":"https:\/\/umfst.ro\/facultatea-de-medicina\/hu\/wp-json\/wp\/v2\/categories?post=44"},{"taxonomy":"post_tag","embeddable":true,"href":"https:\/\/umfst.ro\/facultatea-de-medicina\/hu\/wp-json\/wp\/v2\/tags?post=44"}],"curies":[{"name":"wp","href":"https:\/\/api.w.org\/{rel}","templated":true}]}}