{"id":46,"date":"2022-11-03T19:02:16","date_gmt":"2022-11-03T17:02:16","guid":{"rendered":"https:\/\/dev.umfst.ro\/facultatea-de-medicina\/?page_id=46"},"modified":"2026-02-05T14:45:31","modified_gmt":"2026-02-05T12:45:31","slug":"titkarsag-2","status":"publish","type":"page","link":"https:\/\/umfst.ro\/facultatea-de-medicina\/hu\/organizare\/personal-didactic-auxiliar\/","title":{"rendered":"Secretariat"},"content":{"rendered":"<div data-elementor-type=\"wp-page\" data-elementor-id=\"46\" class=\"elementor elementor-46\" data-elementor-post-type=\"page\">\n\t\t\t\t\t\t<section class=\"elementor-section elementor-top-section elementor-element elementor-element-1a510d14 elementor-section-boxed elementor-section-height-default elementor-section-height-default\" data-id=\"1a510d14\" data-element_type=\"section\" data-e-type=\"section\">\n\t\t\t\t\t\t<div class=\"elementor-container elementor-column-gap-default\">\n\t\t\t\t\t<div class=\"elementor-column elementor-col-100 elementor-top-column elementor-element elementor-element-28e543f1\" data-id=\"28e543f1\" data-element_type=\"column\" data-e-type=\"column\">\n\t\t\t<div class=\"elementor-widget-wrap elementor-element-populated\">\n\t\t\t\t\t\t<div class=\"elementor-element elementor-element-4ee2715 elementor-widget elementor-widget-heading\" data-id=\"4ee2715\" data-element_type=\"widget\" data-e-type=\"widget\" data-widget_type=\"heading.default\">\n\t\t\t\t<div class=\"elementor-widget-container\">\n\t\t\t\t\t<h2 class=\"elementor-heading-title elementor-size-default\">SECRETARIAT<\/h2>\t\t\t\t<\/div>\n\t\t\t\t<\/div>\n\t\t\t\t<div class=\"elementor-element elementor-element-1ce07117 elementor-widget elementor-widget-text-editor\" data-id=\"1ce07117\" data-element_type=\"widget\" data-e-type=\"widget\" data-widget_type=\"text-editor.default\">\n\t\t\t\t<div class=\"elementor-widget-container\">\n\t\t\t\t\t\t\t\t\t<p><strong>Secretar-\u0219ef<\/strong>\u00a0<strong>facultate<\/strong>\u00a0Ec. Tru\u021ba Alina-Janeta<\/p><ul><li>Toate programele de studii de licen\u021b\u0103<\/li><\/ul><p>Tel: +40-265-215.551, int. 110<br \/>E-mail:\u00a0<a href=\"https:\/\/umfst.ro\/facultatea-de-medicina\/wp-admin\/linkTo_UnCryptMailto(%27nbjmup%2Bbmjob%5C%2FusvubAvngtu%5C%2Fsp%27);\">alina.truta@umfst.ro<\/a><\/p><p><strong>Secretar facultate<\/strong>\u00a0Kiss Ildiko<\/p><ul><li>Anul VI Medicin\u0103<\/li><\/ul><p>Tel: +40-265-215.551, int. 220<br \/>E-mail:\u00a0<a href=\"https:\/\/umfst.ro\/facultatea-de-medicina\/wp-admin\/linkTo_UnCryptMailto(%27nbjmup%2Bjmejlp%5C%2FljttAvngtu%5C%2Fsp%27);\">ildiko.kiss@umfst.ro<\/a><\/p><p><strong>Secretar facultate<\/strong>\u00a0Moldovan Maria<\/p><ul><li>Anul I Medicin\u0103<\/li><\/ul><p>Tel: +40-265-215.551, int. 130<br \/>E-mail:\u00a0<a href=\"https:\/\/umfst.ro\/facultatea-de-medicina\/wp-admin\/linkTo_UnCryptMailto(%27nbjmup%2Bnpmepwbo%5C%2FnbsjbAvngtu%5C%2Fsp%27);\">moldovan.maria@umfst.ro<\/a><\/p><p><strong>Secretar facultate<\/strong>\u00a0Conchi Maria<\/p><ul><li>Anul II Medicin\u0103<\/li><\/ul><p>Tel: +40-265-215.551, int. 130<br \/>E-mail:\u00a0<a href=\"https:\/\/umfst.ro\/facultatea-de-medicina\/wp-admin\/linkTo_UnCryptMailto(%27nbjmup%2Bnbsjb%5C%2FdpodijAvngtu%5C%2Fsp%27);\">maria.conchi@umfst.ro<\/a><\/p><p><strong>Secretar facultate<\/strong>\u00a0Rus Lumini\u021ba<\/p><ul><li>Anul III Medicin\u0103<\/li><li>Anul II Balneofiziokinetoterapie \u0219i Recuperare<\/li><\/ul><p>Tel: +40-265-215.551, int. 210<br \/>E-mail:\u00a0<a href=\"https:\/\/umfst.ro\/facultatea-de-medicina\/wp-admin\/linkTo_UnCryptMailto(%27nbjmup%2Bmvnjojub%5C%2FsvtAvngtu%5C%2Fsp%27);\">luminita.rus@umfst.ro<\/a><\/p><p><strong>Secretar facultate<\/strong>\u00a0\u0218andor Claudia<\/p><ul><li>Anul IV Medicin\u0103<\/li><li>Anul III Balneofiziokinetoterapie \u0219i Recuperare<\/li><\/ul><p>Tel: +40-265-215.551, int. 210<br \/>E-mail:\u00a0<a href=\"https:\/\/umfst.ro\/facultatea-de-medicina\/wp-admin\/linkTo_UnCryptMailto(%27nbjmup%2Bdmbvejb%5C%2FtboepsAvngtu%5C%2Fsp%27);\">claudia.sandor@umfst.ro<\/a><\/p><p><strong>Secretar facultate<\/strong>\u00a0Florea Camelia<\/p><ul><li>Anul V Medicin\u0103<\/li><li>Anul I Balneofiziokinetoterapie \u0219i Recuperare<\/li><\/ul><p>Tel: +40-265-215.551, int. 120<br \/>E-mail:\u00a0<a href=\"https:\/\/umfst.ro\/facultatea-de-medicina\/wp-admin\/linkTo_UnCryptMailto(%27nbjmup%2Bdbnfmjb%5C%2FgmpsfbAvngtu%5C%2Fsp%27);\">camelia.florea@umfst.ro<\/a><\/p><p><strong>Secretar facultate<\/strong>\u00a0Sab\u0103u Margareta<\/p><ul><li>Anii I \u2013 IV Asisten\u021b\u0103 medical\u0103 general\u0103<\/li><li>AnII I-II Asisten\u021b\u0103 medical\u0103 general\u0103 militar\u0103<\/li><li>Tel: +40-265-215.551, int. 221<br \/>E-mail:\u00a0<a href=\"https:\/\/umfst.ro\/facultatea-de-medicina\/wp-admin\/linkTo_UnCryptMailto(%27nbjmup%2Bnbshbsfub%5C%2FtbcbvAvngtu%5C%2Fsp%27);\">margareta.sabau@umfst.ro<\/a><\/li><\/ul><p><strong>Secretar facultate<\/strong>\u00a0Bucur Diana-Maria<\/p><ul><li>Anul I-IV Asisten\u021b\u0103 medical\u0103 general\u0103 \u2013 extensia Bistri\u021ba<\/li><\/ul><p>Tel: +40-265-215.551, int. 440<br \/>E-mail:\u00a0<a href=\"https:\/\/umfst.ro\/facultatea-de-medicina\/wp-admin\/linkTo_UnCryptMailto(%27nbjmup%2Bejbob%5C%2FcvdvsAvngtu%5C%2Fsp%27);\">diana.bucur@umfst.ro<\/a><\/p><p><strong>Secretar facultate<\/strong>\u00a0Korpos Csilla<\/p><p><strong>Masterate:<\/strong><\/p><ul><li>Tehnici avansate de laborator<\/li><li>Managementul serviciilor de s\u0103n\u0103tate<\/li><li>Nutri\u021bie clinic\u0103 \u0219i comunitar\u0103<\/li><li>Terapie fizic\u0103 \u0219i reabilitare func\u021bional\u0103<\/li><li>Asisten\u021b\u0103 medical\u0103 de specialitate<\/li><\/ul><p>Tel: +40-265-215.551, int. 221<br \/>E-mail: <a href=\"mailto:masterate.medicina@umfst.ro\">masterate.medicina@umfst.ro<\/a>, <a href=\"mailto:csilla.korpos@umfst.ro\">csilla.korpos@umfst.ro<\/a><\/p>\t\t\t\t\t\t\t\t<\/div>\n\t\t\t\t<\/div>\n\t\t\t\t\t<\/div>\n\t\t<\/div>\n\t\t\t\t\t<\/div>\n\t\t<\/section>\n\t\t\t\t<\/div>","protected":false},"excerpt":{"rendered":"<p>SECRETARIAT Secretar-\u0219ef\u00a0facultate\u00a0Ec. Tru\u021ba Alina-Janeta Toate programele de studii de licen\u021b\u0103 Tel: +40-265-215.551, int. 110E-mail:\u00a0alina.truta@umfst.ro Secretar facultate\u00a0Kiss Ildiko Anul VI Medicin\u0103 Tel: +40-265-215.551, int. 220E-mail:\u00a0ildiko.kiss@umfst.ro Secretar facultate\u00a0Moldovan Maria Anul I Medicin\u0103 Tel: +40-265-215.551, int. 130E-mail:\u00a0moldovan.maria@umfst.ro Secretar facultate\u00a0Conchi Maria Anul II Medicin\u0103 Tel: +40-265-215.551, int. 130E-mail:\u00a0maria.conchi@umfst.ro Secretar facultate\u00a0Rus Lumini\u021ba Anul III Medicin\u0103 Anul II Balneofiziokinetoterapie \u0219i Recuperare [&hellip;]<\/p>\n","protected":false},"author":4,"featured_media":0,"parent":36,"menu_order":0,"comment_status":"closed","ping_status":"closed","template":"","meta":{"_relevanssi_hide_post":"","_relevanssi_hide_content":"","_relevanssi_pin_for_all":"","_relevanssi_pin_keywords":"","_relevanssi_unpin_keywords":"","_relevanssi_related_keywords":"","_relevanssi_related_include_ids":"","_relevanssi_related_exclude_ids":"","_relevanssi_related_no_append":"","_relevanssi_related_not_related":"","_relevanssi_related_posts":"1","_relevanssi_noindex_reason":"","footnotes":""},"categories":[13],"tags":[],"class_list":["post-46","page","type-page","status-publish","hentry","category-pagina-cu-sidebar"],"meta_box":[],"_links":{"self":[{"href":"https:\/\/umfst.ro\/facultatea-de-medicina\/hu\/wp-json\/wp\/v2\/pages\/46","targetHints":{"allow":["GET"]}}],"collection":[{"href":"https:\/\/umfst.ro\/facultatea-de-medicina\/hu\/wp-json\/wp\/v2\/pages"}],"about":[{"href":"https:\/\/umfst.ro\/facultatea-de-medicina\/hu\/wp-json\/wp\/v2\/types\/page"}],"author":[{"embeddable":true,"href":"https:\/\/umfst.ro\/facultatea-de-medicina\/hu\/wp-json\/wp\/v2\/users\/4"}],"replies":[{"embeddable":true,"href":"https:\/\/umfst.ro\/facultatea-de-medicina\/hu\/wp-json\/wp\/v2\/comments?post=46"}],"version-history":[{"count":67,"href":"https:\/\/umfst.ro\/facultatea-de-medicina\/hu\/wp-json\/wp\/v2\/pages\/46\/revisions"}],"predecessor-version":[{"id":9019,"href":"https:\/\/umfst.ro\/facultatea-de-medicina\/hu\/wp-json\/wp\/v2\/pages\/46\/revisions\/9019"}],"up":[{"embeddable":true,"href":"https:\/\/umfst.ro\/facultatea-de-medicina\/hu\/wp-json\/wp\/v2\/pages\/36"}],"wp:attachment":[{"href":"https:\/\/umfst.ro\/facultatea-de-medicina\/hu\/wp-json\/wp\/v2\/media?parent=46"}],"wp:term":[{"taxonomy":"category","embeddable":true,"href":"https:\/\/umfst.ro\/facultatea-de-medicina\/hu\/wp-json\/wp\/v2\/categories?post=46"},{"taxonomy":"post_tag","embeddable":true,"href":"https:\/\/umfst.ro\/facultatea-de-medicina\/hu\/wp-json\/wp\/v2\/tags?post=46"}],"curies":[{"name":"wp","href":"https:\/\/api.w.org\/{rel}","templated":true}]}}