{"id":587,"date":"2022-11-15T10:19:12","date_gmt":"2022-11-15T08:19:12","guid":{"rendered":"https:\/\/dev.umfst.ro\/facultatea-de-medicina\/?page_id=587"},"modified":"2025-10-20T13:51:32","modified_gmt":"2025-10-20T10:51:32","slug":"programul-de-studiu-asistenta-medicala-generala","status":"publish","type":"page","link":"https:\/\/umfst.ro\/facultatea-de-medicina\/hu\/oferta-educationala\/studii-de-licenta\/programul-de-studiu-asistenta-medicala-generala\/","title":{"rendered":"Asisten\u021b\u0103 medical\u0103 general\u0103"},"content":{"rendered":"<div data-elementor-type=\"wp-page\" data-elementor-id=\"587\" class=\"elementor elementor-587\" data-elementor-post-type=\"page\">\n\t\t\t\t\t\t<section class=\"elementor-section elementor-top-section elementor-element elementor-element-081db2d elementor-section-boxed elementor-section-height-default elementor-section-height-default\" data-id=\"081db2d\" data-element_type=\"section\" data-e-type=\"section\">\n\t\t\t\t\t\t<div class=\"elementor-container elementor-column-gap-default\">\n\t\t\t\t\t<div class=\"elementor-column elementor-col-50 elementor-top-column elementor-element elementor-element-3c2864b\" data-id=\"3c2864b\" data-element_type=\"column\" data-e-type=\"column\">\n\t\t\t<div class=\"elementor-widget-wrap elementor-element-populated\">\n\t\t\t\t\t\t<div class=\"elementor-element elementor-element-be8019f elementor-widget elementor-widget-heading\" data-id=\"be8019f\" data-element_type=\"widget\" data-e-type=\"widget\" data-widget_type=\"heading.default\">\n\t\t\t\t<div class=\"elementor-widget-container\">\n\t\t\t\t\t<h2 class=\"elementor-heading-title elementor-size-default\">Descriere<\/h2>\t\t\t\t<\/div>\n\t\t\t\t<\/div>\n\t\t\t\t<div class=\"elementor-element elementor-element-a3489ba elementor-widget elementor-widget-text-editor\" data-id=\"a3489ba\" data-element_type=\"widget\" data-e-type=\"widget\" data-widget_type=\"text-editor.default\">\n\t\t\t\t<div class=\"elementor-widget-container\">\n\t\t\t\t\t\t\t\t\t<p>Pe m\u0103sur\u0103 ce medicina se perfec\u021bioneaz\u0103 \u0219i devine tot mai tehnic\u0103, dimensiunea umanist\u0103 a acestei profesiuni devine din ce \u00een ce mai important\u0103. Pacientul zilelor noastre este pus \u00een fa\u021ba unor decizii din ce \u00een ce mai complexe, legate de tehnici de diagnostic \u0219i terapie complexe, a c\u0103ror implica\u021bii prognostice sunt deosebite. \u00cen acest context, pozi\u021bia clasic\u0103 de asistent\u0103 medical\u0103 &#8211; simpl\u0103 executant\u0103 a unor tehnici dictate \u0219i supravegheate de medic &#8211; nu mai este compatibil\u0103 cu realitatea actual\u0103. \u00cen func\u021bie de specificul fiec\u0103rui domeniu medical, asistenta este pus\u0103 \u00een fa\u021ba unor situa\u021bii pentru gestionarea c\u0103rora este nevoie de competen\u021b\u0103 \u0219i profesionalism. Ca urmare, educa\u021bia medical\u0103 \u00een aceast\u0103 profesie s-a modificat radical, asistenta medical\u0103 trebuind s\u0103 aib\u0103 solide cuno\u0219tiin\u021be at\u00e2t \u00een \u0219tiin\u021bele biologice fundamentale c\u00e2t \u0219i legate de domeniile sociale ale medicinii.<\/p><p>Programul de licen\u021b\u0103 \u00een\u00a0<em>Asisten\u021b\u0103 Medical\u0103 General\u0103<\/em> apar\u021bine din punct de vedere administrativ de Facultatea de Medicin\u0103. Informa\u021biile privind admiterea sunt afi\u0219ate pe site la adresa: <a href=\"https:\/\/adminfo.umfst.ro\/medicina\/\">https:\/\/adminfo.umfst.ro\/medicina\/<\/a><\/p><p>Programul de studii de licen\u021b\u0103 \u00een\u00a0<em>Asisten\u021b\u0103 Medical\u0103 General\u0103<\/em>\u00a0asigur\u0103\u00a0<strong>preg\u0103tirea studen\u021bilor<\/strong>, timp de patru ani, structurat \u00een opt semestre, utiliz\u00e2ndu-se sistemul creditelor transferabile (240 ECTS). Procesul educativ asigur\u0103 formarea de noi cuno\u0219tin\u021be, competen\u021be \u0219i abilit\u0103\u021bi, care vor servi, at\u00e2t pentru formarea profesional\u0103, c\u00e2t \u0219i ca liant de comunicare \u0219i inter-rela\u021bionare cu al\u021bi speciali\u0219ti \u00een domeniul s\u0103n\u0103t\u0103\u021bii.<\/p><p>La Facultatea de Medicin\u0103 din T\u00e2rgu Mure\u0219\u00a0<strong>cursurile<\/strong>\u00a0pentru specializarea\u00a0<em>Asisten\u021b\u0103 Medical\u0103 General\u0103\u00a0<\/em>se desf\u0103\u0219oar\u0103 \u00een prezent <strong>\u00een dou\u0103 limbi<\/strong>, rom\u00e2n\u0103 \u0219i maghiar\u0103, iar lucr\u0103rile practice \u0219i seminariile \u00een limba rom\u00e2n\u0103.<\/p><p>Cei patru ani de studiu ai specializ\u0103rii de\u00a0<em>Asisten\u021b\u0103 Medical\u0103 General\u0103<\/em>\u00a0se \u00eencheie cu examenul de licen\u021b\u0103, \u00een urma c\u0103ruia se ob\u021bine\u00a0<strong>diploma de licen\u021b\u0103 \u00een asisten\u021b\u0103 medical\u0103<\/strong>\u00a0(asistent medical licen\u021biat). Preg\u0103tirea \u00een specialitate poate fi continuat\u0103 prin masterat \u0219i doctorat.<\/p><p>Inser\u021bia absolven\u021bilor programului de studiu de\u00a0<em>Asisten\u021b\u0103 Medical\u0103 General<\/em>\u0103 pe pia\u021ba muncii este una foarte bun\u0103, marea majoritate fiind \u00eencadra\u021bi imediat dup\u0103 absolvire pe posturi corespunz\u0103toare specializ\u0103rii ob\u021binute.<\/p>\t\t\t\t\t\t\t\t<\/div>\n\t\t\t\t<\/div>\n\t\t\t\t\t<\/div>\n\t\t<\/div>\n\t\t\t\t<div class=\"elementor-column elementor-col-50 elementor-top-column elementor-element elementor-element-e31f09f\" data-id=\"e31f09f\" data-element_type=\"column\" data-e-type=\"column\">\n\t\t\t<div class=\"elementor-widget-wrap elementor-element-populated\">\n\t\t\t\t\t\t<section class=\"elementor-section elementor-inner-section elementor-element elementor-element-31c1949 elementor-section-boxed elementor-section-height-default elementor-section-height-default\" data-id=\"31c1949\" data-element_type=\"section\" data-e-type=\"section\">\n\t\t\t\t\t\t<div class=\"elementor-container elementor-column-gap-default\">\n\t\t\t\t\t<div data-dce-background-color=\"#F2F7FF\" class=\"elementor-column elementor-col-100 elementor-inner-column elementor-element elementor-element-541f9fc\" data-id=\"541f9fc\" data-element_type=\"column\" data-e-type=\"column\" data-settings=\"{&quot;background_background&quot;:&quot;classic&quot;}\">\n\t\t\t<div class=\"elementor-widget-wrap elementor-element-populated\">\n\t\t\t\t\t\t<div class=\"elementor-element elementor-element-6d0bd2f elementor-widget elementor-widget-heading\" data-id=\"6d0bd2f\" data-element_type=\"widget\" data-e-type=\"widget\" data-widget_type=\"heading.default\">\n\t\t\t\t<div class=\"elementor-widget-container\">\n\t\t\t\t\t<h5 class=\"elementor-heading-title elementor-size-default\">Informa\u021bii generale<\/h5>\t\t\t\t<\/div>\n\t\t\t\t<\/div>\n\t\t\t\t<div class=\"elementor-element elementor-element-f860403 elementor-widget-divider--view-line elementor-widget elementor-widget-divider\" data-id=\"f860403\" data-element_type=\"widget\" data-e-type=\"widget\" data-widget_type=\"divider.default\">\n\t\t\t\t<div class=\"elementor-widget-container\">\n\t\t\t\t\t\t\t<div class=\"elementor-divider\">\n\t\t\t<span class=\"elementor-divider-separator\">\n\t\t\t\t\t\t<\/span>\n\t\t<\/div>\n\t\t\t\t\t\t<\/div>\n\t\t\t\t<\/div>\n\t\t\t\t<div class=\"elementor-element elementor-element-202daf7 elementor-widget elementor-widget-icon-box\" data-id=\"202daf7\" data-element_type=\"widget\" data-e-type=\"widget\" data-widget_type=\"icon-box.default\">\n\t\t\t\t<div class=\"elementor-widget-container\">\n\t\t\t\t\t\t\t<div class=\"elementor-icon-box-wrapper\">\n\n\t\t\t\n\t\t\t\t\t\t<div class=\"elementor-icon-box-content\">\n\n\t\t\t\t\t\t\t\t\t<h3 class=\"elementor-icon-box-title\">\n\t\t\t\t\t\t<span  >\n\t\t\t\t\t\t\tDurat\u0103\t\t\t\t\t\t<\/span>\n\t\t\t\t\t<\/h3>\n\t\t\t\t\n\t\t\t\t\t\t\t\t\t<p class=\"elementor-icon-box-description\">\n\t\t\t\t\t\t4 ani (8 semestre); 240 ECTS\t\t\t\t\t<\/p>\n\t\t\t\t\n\t\t\t<\/div>\n\t\t\t\n\t\t<\/div>\n\t\t\t\t\t\t<\/div>\n\t\t\t\t<\/div>\n\t\t\t\t<div class=\"elementor-element elementor-element-d889300 elementor-widget elementor-widget-icon-box\" data-id=\"d889300\" data-element_type=\"widget\" data-e-type=\"widget\" data-widget_type=\"icon-box.default\">\n\t\t\t\t<div class=\"elementor-widget-container\">\n\t\t\t\t\t\t\t<div class=\"elementor-icon-box-wrapper\">\n\n\t\t\t\n\t\t\t\t\t\t<div class=\"elementor-icon-box-content\">\n\n\t\t\t\t\t\t\t\t\t<h3 class=\"elementor-icon-box-title\">\n\t\t\t\t\t\t<span  >\n\t\t\t\t\t\t\tForma de \u00eenv\u0103\u021b\u0103m\u00e2nt\t\t\t\t\t\t<\/span>\n\t\t\t\t\t<\/h3>\n\t\t\t\t\n\t\t\t\t\t\t\t\t\t<p class=\"elementor-icon-box-description\">\n\t\t\t\t\t\tCu frecven\u021b\u0103\t\t\t\t\t<\/p>\n\t\t\t\t\n\t\t\t<\/div>\n\t\t\t\n\t\t<\/div>\n\t\t\t\t\t\t<\/div>\n\t\t\t\t<\/div>\n\t\t\t\t<div class=\"elementor-element elementor-element-a5c727e elementor-widget elementor-widget-icon-box\" data-id=\"a5c727e\" data-element_type=\"widget\" data-e-type=\"widget\" data-widget_type=\"icon-box.default\">\n\t\t\t\t<div class=\"elementor-widget-container\">\n\t\t\t\t\t\t\t<div class=\"elementor-icon-box-wrapper\">\n\n\t\t\t\n\t\t\t\t\t\t<div class=\"elementor-icon-box-content\">\n\n\t\t\t\t\t\t\t\t\t<h3 class=\"elementor-icon-box-title\">\n\t\t\t\t\t\t<span  >\n\t\t\t\t\t\t\tLimba de predare\t\t\t\t\t\t<\/span>\n\t\t\t\t\t<\/h3>\n\t\t\t\t\n\t\t\t\t\t\t\t\t\t<p class=\"elementor-icon-box-description\">\n\t\t\t\t\t\tRom\u00e2n\u0103, Maghiar\u0103\t\t\t\t\t<\/p>\n\t\t\t\t\n\t\t\t<\/div>\n\t\t\t\n\t\t<\/div>\n\t\t\t\t\t\t<\/div>\n\t\t\t\t<\/div>\n\t\t\t\t<div class=\"elementor-element elementor-element-2c434c7 elementor-widget elementor-widget-icon-box\" data-id=\"2c434c7\" data-element_type=\"widget\" data-e-type=\"widget\" data-widget_type=\"icon-box.default\">\n\t\t\t\t<div class=\"elementor-widget-container\">\n\t\t\t\t\t\t\t<div class=\"elementor-icon-box-wrapper\">\n\n\t\t\t\n\t\t\t\t\t\t<div class=\"elementor-icon-box-content\">\n\n\t\t\t\t\t\t\t\t\t<h3 class=\"elementor-icon-box-title\">\n\t\t\t\t\t\t<span  >\n\t\t\t\t\t\t\tProgram de studiu\t\t\t\t\t\t<\/span>\n\t\t\t\t\t<\/h3>\n\t\t\t\t\n\t\t\t\t\t\t\t\t\t<p class=\"elementor-icon-box-description\">\n\t\t\t\t\t\tAcreditat\t\t\t\t\t<\/p>\n\t\t\t\t\n\t\t\t<\/div>\n\t\t\t\n\t\t<\/div>\n\t\t\t\t\t\t<\/div>\n\t\t\t\t<\/div>\n\t\t\t\t<div class=\"elementor-element elementor-element-1a9618e elementor-widget elementor-widget-icon-box\" data-id=\"1a9618e\" data-element_type=\"widget\" data-e-type=\"widget\" data-widget_type=\"icon-box.default\">\n\t\t\t\t<div class=\"elementor-widget-container\">\n\t\t\t\t\t\t\t<div class=\"elementor-icon-box-wrapper\">\n\n\t\t\t\n\t\t\t\t\t\t<div class=\"elementor-icon-box-content\">\n\n\t\t\t\t\t\t\t\t\t<h3 class=\"elementor-icon-box-title\">\n\t\t\t\t\t\t<span  >\n\t\t\t\t\t\t\tCifra de \u0219colarizare\t\t\t\t\t\t<\/span>\n\t\t\t\t\t<\/h3>\n\t\t\t\t\n\t\t\t\t\t\t\t\t\t<p class=\"elementor-icon-box-description\">\n\t\t\t\t\t\tBuget  <\/br>\n60 limba roman\u0103 <\/br>\n            60 limba maghiar\u0103 <\/br>\n            50 extensie Bistri\u021ba <\/br> <\/br>\nTax\u0103   50 extensie Bistri\u021ba\t\t\t\t\t<\/p>\n\t\t\t\t\n\t\t\t<\/div>\n\t\t\t\n\t\t<\/div>\n\t\t\t\t\t\t<\/div>\n\t\t\t\t<\/div>\n\t\t\t\t\t<\/div>\n\t\t<\/div>\n\t\t\t\t\t<\/div>\n\t\t<\/section>\n\t\t\t\t\t<\/div>\n\t\t<\/div>\n\t\t\t\t\t<\/div>\n\t\t<\/section>\n\t\t\t\t<section class=\"elementor-section elementor-top-section elementor-element elementor-element-18a14eb elementor-section-boxed elementor-section-height-default elementor-section-height-default\" data-id=\"18a14eb\" data-element_type=\"section\" data-e-type=\"section\">\n\t\t\t\t\t\t<div class=\"elementor-container elementor-column-gap-default\">\n\t\t\t\t\t<div class=\"elementor-column elementor-col-100 elementor-top-column elementor-element elementor-element-4a3d61e\" data-id=\"4a3d61e\" data-element_type=\"column\" data-e-type=\"column\">\n\t\t\t<div class=\"elementor-widget-wrap elementor-element-populated\">\n\t\t\t\t\t\t<div class=\"elementor-element elementor-element-cf89b2b elementor-widget elementor-widget-heading\" data-id=\"cf89b2b\" data-element_type=\"widget\" data-e-type=\"widget\" data-widget_type=\"heading.default\">\n\t\t\t\t<div class=\"elementor-widget-container\">\n\t\t\t\t\t<h2 class=\"elementor-heading-title elementor-size-default\">Planuri de \u00eenv\u0103\u021b\u0103m\u00e2nt<\/h2>\t\t\t\t<\/div>\n\t\t\t\t<\/div>\n\t\t\t\t<div data-dce-background-color=\"#2359B317\" class=\"elementor-element elementor-element-919b3fd elementor-widget__width-auto elementor-widget elementor-widget-button\" data-id=\"919b3fd\" data-element_type=\"widget\" data-e-type=\"widget\" data-widget_type=\"button.default\">\n\t\t\t\t<div class=\"elementor-widget-container\">\n\t\t\t\t\t\t\t\t\t<div class=\"elementor-button-wrapper\">\n\t\t\t\t\t<a class=\"elementor-button elementor-button-link elementor-size-sm\" href=\"https:\/\/www.umfst.ro\/fileadmin\/f_medicina\/plan_inv\/2025-2026\/Plan_invatamant_aplicat_AMG_2025-26_7%20august.pdf\" target=\"_blank\">\n\t\t\t\t\t\t<span class=\"elementor-button-content-wrapper\">\n\t\t\t\t\t\t<span class=\"elementor-button-icon\">\n\t\t\t\t<i aria-hidden=\"true\" class=\"fas fa-file-pdf\"><\/i>\t\t\t<\/span>\n\t\t\t\t\t\t\t\t\t<span class=\"elementor-button-text\">Plan invatamant aplicat 2025-2026<\/span>\n\t\t\t\t\t<\/span>\n\t\t\t\t\t<\/a>\n\t\t\t\t<\/div>\n\t\t\t\t\t\t\t\t<\/div>\n\t\t\t\t<\/div>\n\t\t\t\t<div data-dce-background-color=\"#2359B317\" class=\"elementor-element elementor-element-0dbe258 elementor-widget__width-auto elementor-widget elementor-widget-button\" data-id=\"0dbe258\" data-element_type=\"widget\" data-e-type=\"widget\" data-widget_type=\"button.default\">\n\t\t\t\t<div class=\"elementor-widget-container\">\n\t\t\t\t\t\t\t\t\t<div class=\"elementor-button-wrapper\">\n\t\t\t\t\t<a class=\"elementor-button elementor-button-link elementor-size-sm\" href=\"https:\/\/www.umfst.ro\/fileadmin\/f_medicina\/plan_inv\/2025-2026\/Plan_invatamant_AMG_2025-2029.pdf\" target=\"_blank\">\n\t\t\t\t\t\t<span class=\"elementor-button-content-wrapper\">\n\t\t\t\t\t\t<span class=\"elementor-button-icon\">\n\t\t\t\t<i aria-hidden=\"true\" class=\"fas fa-file-pdf\"><\/i>\t\t\t<\/span>\n\t\t\t\t\t\t\t\t\t<span class=\"elementor-button-text\">Plan 2025 - 2029<\/span>\n\t\t\t\t\t<\/span>\n\t\t\t\t\t<\/a>\n\t\t\t\t<\/div>\n\t\t\t\t\t\t\t\t<\/div>\n\t\t\t\t<\/div>\n\t\t\t\t<div data-dce-background-color=\"#2359B317\" class=\"elementor-element elementor-element-0bb08f9 elementor-widget__width-auto elementor-widget elementor-widget-button\" data-id=\"0bb08f9\" data-element_type=\"widget\" data-e-type=\"widget\" data-widget_type=\"button.default\">\n\t\t\t\t<div class=\"elementor-widget-container\">\n\t\t\t\t\t\t\t\t\t<div class=\"elementor-button-wrapper\">\n\t\t\t\t\t<a class=\"elementor-button elementor-button-link elementor-size-sm\" href=\"https:\/\/www.umfst.ro\/fileadmin\/f_medicina\/plan_inv\/2024-2025\/Plan_invatamant_APLICAT_AMG_2024-2025.pdf\" target=\"_blank\">\n\t\t\t\t\t\t<span class=\"elementor-button-content-wrapper\">\n\t\t\t\t\t\t<span class=\"elementor-button-icon\">\n\t\t\t\t<i aria-hidden=\"true\" class=\"fas fa-file-pdf\"><\/i>\t\t\t<\/span>\n\t\t\t\t\t\t\t\t\t<span class=\"elementor-button-text\">Plan 2024 - 2025<\/span>\n\t\t\t\t\t<\/span>\n\t\t\t\t\t<\/a>\n\t\t\t\t<\/div>\n\t\t\t\t\t\t\t\t<\/div>\n\t\t\t\t<\/div>\n\t\t\t\t<div data-dce-background-color=\"#2359B317\" class=\"elementor-element elementor-element-5c47bee elementor-widget__width-auto elementor-widget elementor-widget-button\" data-id=\"5c47bee\" data-element_type=\"widget\" data-e-type=\"widget\" data-widget_type=\"button.default\">\n\t\t\t\t<div class=\"elementor-widget-container\">\n\t\t\t\t\t\t\t\t\t<div class=\"elementor-button-wrapper\">\n\t\t\t\t\t<a class=\"elementor-button elementor-button-link elementor-size-sm\" href=\"https:\/\/www.umfst.ro\/fileadmin\/f_medicina\/plan_inv\/2023-2024\/2._PI_AMG_2023-2024.pdf\" target=\"_blank\">\n\t\t\t\t\t\t<span class=\"elementor-button-content-wrapper\">\n\t\t\t\t\t\t<span class=\"elementor-button-icon\">\n\t\t\t\t<i aria-hidden=\"true\" class=\"fas fa-file-pdf\"><\/i>\t\t\t<\/span>\n\t\t\t\t\t\t\t\t\t<span class=\"elementor-button-text\">Plan 2023 - 2024<\/span>\n\t\t\t\t\t<\/span>\n\t\t\t\t\t<\/a>\n\t\t\t\t<\/div>\n\t\t\t\t\t\t\t\t<\/div>\n\t\t\t\t<\/div>\n\t\t\t\t<div data-dce-background-color=\"#2359B317\" class=\"elementor-element elementor-element-5f4276f elementor-widget__width-auto elementor-widget elementor-widget-button\" data-id=\"5f4276f\" data-element_type=\"widget\" data-e-type=\"widget\" data-widget_type=\"button.default\">\n\t\t\t\t<div class=\"elementor-widget-container\">\n\t\t\t\t\t\t\t\t\t<div class=\"elementor-button-wrapper\">\n\t\t\t\t\t<a class=\"elementor-button elementor-button-link elementor-size-sm\" href=\"https:\/\/www.umfst.ro\/fileadmin\/f_medicina\/plan_inv\/2022-2023\/2._PI_AMG_2022-2023_-_16.09.2022.pdf\" target=\"_blank\">\n\t\t\t\t\t\t<span class=\"elementor-button-content-wrapper\">\n\t\t\t\t\t\t<span class=\"elementor-button-icon\">\n\t\t\t\t<i aria-hidden=\"true\" class=\"fas fa-file-pdf\"><\/i>\t\t\t<\/span>\n\t\t\t\t\t\t\t\t\t<span class=\"elementor-button-text\">2022 - 2023<\/span>\n\t\t\t\t\t<\/span>\n\t\t\t\t\t<\/a>\n\t\t\t\t<\/div>\n\t\t\t\t\t\t\t\t<\/div>\n\t\t\t\t<\/div>\n\t\t\t\t<div data-dce-background-color=\"#2359B317\" class=\"elementor-element elementor-element-a42168b elementor-widget__width-auto elementor-widget elementor-widget-button\" data-id=\"a42168b\" data-element_type=\"widget\" data-e-type=\"widget\" data-widget_type=\"button.default\">\n\t\t\t\t<div class=\"elementor-widget-container\">\n\t\t\t\t\t\t\t\t\t<div class=\"elementor-button-wrapper\">\n\t\t\t\t\t<a class=\"elementor-button elementor-button-link elementor-size-sm\" href=\"https:\/\/www.umfst.ro\/fileadmin\/f_medicina\/plan_inv\/2021-2022\/Plan_invatamant_AMG_an_univ._2021-2022.pdf\" target=\"_blank\">\n\t\t\t\t\t\t<span class=\"elementor-button-content-wrapper\">\n\t\t\t\t\t\t<span class=\"elementor-button-icon\">\n\t\t\t\t<i aria-hidden=\"true\" class=\"fas fa-file-pdf\"><\/i>\t\t\t<\/span>\n\t\t\t\t\t\t\t\t\t<span class=\"elementor-button-text\">2021 - 2022<\/span>\n\t\t\t\t\t<\/span>\n\t\t\t\t\t<\/a>\n\t\t\t\t<\/div>\n\t\t\t\t\t\t\t\t<\/div>\n\t\t\t\t<\/div>\n\t\t\t\t<div data-dce-background-color=\"#2359B317\" class=\"elementor-element elementor-element-5ed179c elementor-widget__width-auto elementor-widget elementor-widget-button\" data-id=\"5ed179c\" data-element_type=\"widget\" data-e-type=\"widget\" data-widget_type=\"button.default\">\n\t\t\t\t<div class=\"elementor-widget-container\">\n\t\t\t\t\t\t\t\t\t<div class=\"elementor-button-wrapper\">\n\t\t\t\t\t<a class=\"elementor-button elementor-button-link elementor-size-sm\" href=\"https:\/\/www.umfst.ro\/fileadmin\/f_medicina\/plan_inv\/2020-2021\/PI_AMG_2020-2021.pdf\" target=\"_blank\">\n\t\t\t\t\t\t<span class=\"elementor-button-content-wrapper\">\n\t\t\t\t\t\t<span class=\"elementor-button-icon\">\n\t\t\t\t<i aria-hidden=\"true\" class=\"fas fa-file-pdf\"><\/i>\t\t\t<\/span>\n\t\t\t\t\t\t\t\t\t<span class=\"elementor-button-text\">2020 - 2021<\/span>\n\t\t\t\t\t<\/span>\n\t\t\t\t\t<\/a>\n\t\t\t\t<\/div>\n\t\t\t\t\t\t\t\t<\/div>\n\t\t\t\t<\/div>\n\t\t\t\t<div data-dce-background-color=\"#2359B317\" class=\"elementor-element elementor-element-19c68ed elementor-widget__width-auto elementor-widget elementor-widget-button\" data-id=\"19c68ed\" data-element_type=\"widget\" data-e-type=\"widget\" data-widget_type=\"button.default\">\n\t\t\t\t<div class=\"elementor-widget-container\">\n\t\t\t\t\t\t\t\t\t<div class=\"elementor-button-wrapper\">\n\t\t\t\t\t<a class=\"elementor-button elementor-button-link elementor-size-sm\" href=\"https:\/\/www.umfst.ro\/fileadmin\/f_medicina\/plan_inv\/2019_2020\/PI_AMG_2019-2020.pdf\" target=\"_blank\">\n\t\t\t\t\t\t<span class=\"elementor-button-content-wrapper\">\n\t\t\t\t\t\t<span class=\"elementor-button-icon\">\n\t\t\t\t<i aria-hidden=\"true\" class=\"fas fa-file-pdf\"><\/i>\t\t\t<\/span>\n\t\t\t\t\t\t\t\t\t<span class=\"elementor-button-text\">2019 - 2020<\/span>\n\t\t\t\t\t<\/span>\n\t\t\t\t\t<\/a>\n\t\t\t\t<\/div>\n\t\t\t\t\t\t\t\t<\/div>\n\t\t\t\t<\/div>\n\t\t\t\t<div class=\"elementor-element elementor-element-dac6109 elementor-widget elementor-widget-heading\" data-id=\"dac6109\" data-element_type=\"widget\" data-e-type=\"widget\" data-widget_type=\"heading.default\">\n\t\t\t\t<div class=\"elementor-widget-container\">\n\t\t\t\t\t<h2 class=\"elementor-heading-title elementor-size-default\">Fi\u0219ele disciplinelor<\/h2>\t\t\t\t<\/div>\n\t\t\t\t<\/div>\n\t\t\t\t<div data-dce-background-color=\"#2359B317\" class=\"elementor-element elementor-element-8c901d1 elementor-widget__width-auto elementor-widget elementor-widget-button\" data-id=\"8c901d1\" data-element_type=\"widget\" data-e-type=\"widget\" data-widget_type=\"button.default\">\n\t\t\t\t<div class=\"elementor-widget-container\">\n\t\t\t\t\t\t\t\t\t<div class=\"elementor-button-wrapper\">\n\t\t\t\t\t<a class=\"elementor-button elementor-button-link elementor-size-sm\" href=\"https:\/\/www.umfst.ro\/fileadmin\/f_medicina\/fise_disciplina\/2023-2024\/Fise%202023-2024%20AMG%20LR.pdf\" target=\"_blank\">\n\t\t\t\t\t\t<span class=\"elementor-button-content-wrapper\">\n\t\t\t\t\t\t<span class=\"elementor-button-icon\">\n\t\t\t\t<i aria-hidden=\"true\" class=\"fas fa-file-pdf\"><\/i>\t\t\t<\/span>\n\t\t\t\t\t\t\t\t\t<span class=\"elementor-button-text\">2023-2024 LR<\/span>\n\t\t\t\t\t<\/span>\n\t\t\t\t\t<\/a>\n\t\t\t\t<\/div>\n\t\t\t\t\t\t\t\t<\/div>\n\t\t\t\t<\/div>\n\t\t\t\t<div data-dce-background-color=\"#2359B317\" class=\"elementor-element elementor-element-8fe9920 elementor-widget__width-auto elementor-widget elementor-widget-button\" data-id=\"8fe9920\" data-element_type=\"widget\" data-e-type=\"widget\" data-widget_type=\"button.default\">\n\t\t\t\t<div class=\"elementor-widget-container\">\n\t\t\t\t\t\t\t\t\t<div class=\"elementor-button-wrapper\">\n\t\t\t\t\t<a class=\"elementor-button elementor-button-link elementor-size-sm\" href=\"https:\/\/www.umfst.ro\/fileadmin\/f_medicina\/fise_disciplina\/2023-2024\/Fise%202023-2024%20AMG%20LM.pdf\" target=\"_blank\">\n\t\t\t\t\t\t<span class=\"elementor-button-content-wrapper\">\n\t\t\t\t\t\t<span class=\"elementor-button-icon\">\n\t\t\t\t<i aria-hidden=\"true\" class=\"fas fa-file-pdf\"><\/i>\t\t\t<\/span>\n\t\t\t\t\t\t\t\t\t<span class=\"elementor-button-text\">2023-2024 LM <\/span>\n\t\t\t\t\t<\/span>\n\t\t\t\t\t<\/a>\n\t\t\t\t<\/div>\n\t\t\t\t\t\t\t\t<\/div>\n\t\t\t\t<\/div>\n\t\t\t\t\t<\/div>\n\t\t<\/div>\n\t\t\t\t\t<\/div>\n\t\t<\/section>\n\t\t\t\t<\/div>","protected":false},"excerpt":{"rendered":"<p>Descriere Pe m\u0103sur\u0103 ce medicina se perfec\u021bioneaz\u0103 \u0219i devine tot mai tehnic\u0103, dimensiunea umanist\u0103 a acestei profesiuni devine din ce \u00een ce mai important\u0103. Pacientul zilelor noastre este pus \u00een fa\u021ba unor decizii din ce \u00een ce mai complexe, legate de tehnici de diagnostic \u0219i terapie complexe, a c\u0103ror implica\u021bii prognostice sunt deosebite. \u00cen acest [&hellip;]<\/p>\n","protected":false},"author":4,"featured_media":0,"parent":583,"menu_order":0,"comment_status":"closed","ping_status":"closed","template":"","meta":{"_relevanssi_hide_post":"","_relevanssi_hide_content":"","_relevanssi_pin_for_all":"","_relevanssi_pin_keywords":"","_relevanssi_unpin_keywords":"","_relevanssi_related_keywords":"","_relevanssi_related_include_ids":"","_relevanssi_related_exclude_ids":"","_relevanssi_related_no_append":"","_relevanssi_related_not_related":"","_relevanssi_related_posts":"1","_relevanssi_noindex_reason":"","footnotes":""},"categories":[13,41],"tags":[],"class_list":["post-587","page","type-page","status-publish","hentry","category-pagina-cu-sidebar","category-pagina-oferta-educationala"],"meta_box":[],"_links":{"self":[{"href":"https:\/\/umfst.ro\/facultatea-de-medicina\/hu\/wp-json\/wp\/v2\/pages\/587","targetHints":{"allow":["GET"]}}],"collection":[{"href":"https:\/\/umfst.ro\/facultatea-de-medicina\/hu\/wp-json\/wp\/v2\/pages"}],"about":[{"href":"https:\/\/umfst.ro\/facultatea-de-medicina\/hu\/wp-json\/wp\/v2\/types\/page"}],"author":[{"embeddable":true,"href":"https:\/\/umfst.ro\/facultatea-de-medicina\/hu\/wp-json\/wp\/v2\/users\/4"}],"replies":[{"embeddable":true,"href":"https:\/\/umfst.ro\/facultatea-de-medicina\/hu\/wp-json\/wp\/v2\/comments?post=587"}],"version-history":[{"count":32,"href":"https:\/\/umfst.ro\/facultatea-de-medicina\/hu\/wp-json\/wp\/v2\/pages\/587\/revisions"}],"predecessor-version":[{"id":8777,"href":"https:\/\/umfst.ro\/facultatea-de-medicina\/hu\/wp-json\/wp\/v2\/pages\/587\/revisions\/8777"}],"up":[{"embeddable":true,"href":"https:\/\/umfst.ro\/facultatea-de-medicina\/hu\/wp-json\/wp\/v2\/pages\/583"}],"wp:attachment":[{"href":"https:\/\/umfst.ro\/facultatea-de-medicina\/hu\/wp-json\/wp\/v2\/media?parent=587"}],"wp:term":[{"taxonomy":"category","embeddable":true,"href":"https:\/\/umfst.ro\/facultatea-de-medicina\/hu\/wp-json\/wp\/v2\/categories?post=587"},{"taxonomy":"post_tag","embeddable":true,"href":"https:\/\/umfst.ro\/facultatea-de-medicina\/hu\/wp-json\/wp\/v2\/tags?post=587"}],"curies":[{"name":"wp","href":"https:\/\/api.w.org\/{rel}","templated":true}]}}