{"id":626,"date":"2022-11-15T10:42:40","date_gmt":"2022-11-15T10:42:40","guid":{"rendered":"https:\/\/dev.umfst.ro\/facultatea-de-medicina\/?page_id=626"},"modified":"2026-01-26T14:41:47","modified_gmt":"2026-01-26T12:41:47","slug":"garzi","status":"publish","type":"page","link":"https:\/\/umfst.ro\/facultatea-de-medicina\/hu\/informatii-pentru-studenti\/informatii-specifice-facultatii\/garzi\/","title":{"rendered":"G\u0103rzi"},"content":{"rendered":"<div data-elementor-type=\"wp-page\" data-elementor-id=\"626\" class=\"elementor elementor-626\" data-elementor-post-type=\"page\">\n\t\t\t\t\t\t<section class=\"elementor-section elementor-top-section elementor-element elementor-element-0c48663 elementor-section-boxed elementor-section-height-default elementor-section-height-default\" data-id=\"0c48663\" data-element_type=\"section\" data-e-type=\"section\">\n\t\t\t\t\t\t<div class=\"elementor-container elementor-column-gap-default\">\n\t\t\t\t\t<div class=\"elementor-column elementor-col-100 elementor-top-column elementor-element elementor-element-98d4134\" data-id=\"98d4134\" data-element_type=\"column\" data-e-type=\"column\">\n\t\t\t<div class=\"elementor-widget-wrap elementor-element-populated\">\n\t\t\t\t\t\t<div class=\"elementor-element elementor-element-637aa7c elementor-widget elementor-widget-text-editor\" data-id=\"637aa7c\" data-element_type=\"widget\" data-e-type=\"widget\" data-widget_type=\"text-editor.default\">\n\t\t\t\t<div class=\"elementor-widget-container\">\n\t\t\t\t\t\t\t\t\t<h2>TABELE GARZI PROGRAM DE STUDIU ASISTEN\u021a\u0102 MEDICAL\u0102 GENERAL\u0102<\/h2>\n<p><a href=\"https:\/\/umfst.ro\/fileadmin\/f_medicina\/Garzi\/2025-2026\/GARZI_AMG1_2025_2026.pdf\">G\u0103rzi AMG anul I<\/a><\/p>\n<p><a href=\"https:\/\/umfst.ro\/fileadmin\/f_medicina\/Garzi\/2025-2026\/GARZI_AMG2_2025_2026.pdf\">G\u0103rzi AMG anul II<\/a><\/p>\n<p><!-- \/wp:paragraph --><!-- wp:paragraph --><\/p>\n<p><a href=\"https:\/\/umfst.ro\/fileadmin\/f_medicina\/Garzi\/2025-2026\/GARZI_AMG3_2025_2026.pdf\">G\u0103rzi AMG anul III<\/a><\/p>\n<p><!-- \/wp:paragraph --><!-- wp:paragraph --><\/p>\n<p><a href=\"https:\/\/umfst.ro\/fileadmin\/f_medicina\/Garzi\/2025-2026\/GARZI_AMG4_2025_2026.pdf\">G\u0103rzi AMG anul IV<\/a><\/p>\t\t\t\t\t\t\t\t<\/div>\n\t\t\t\t<\/div>\n\t\t\t\t\t<\/div>\n\t\t<\/div>\n\t\t\t\t\t<\/div>\n\t\t<\/section>\n\t\t\t\t<section class=\"elementor-section elementor-top-section elementor-element elementor-element-435329fd elementor-hidden-widescreen elementor-hidden-desktop elementor-hidden-tablet elementor-hidden-mobile elementor-section-boxed elementor-section-height-default elementor-section-height-default\" data-id=\"435329fd\" data-element_type=\"section\" data-e-type=\"section\">\n\t\t\t\t\t\t<div class=\"elementor-container elementor-column-gap-default\">\n\t\t\t\t\t<div class=\"elementor-column elementor-col-100 elementor-top-column elementor-element elementor-element-4ee09726\" data-id=\"4ee09726\" data-element_type=\"column\" data-e-type=\"column\">\n\t\t\t<div class=\"elementor-widget-wrap elementor-element-populated\">\n\t\t\t\t\t\t<div class=\"elementor-element elementor-element-7ddc342d elementor-widget elementor-widget-text-editor\" data-id=\"7ddc342d\" data-element_type=\"widget\" data-e-type=\"widget\" data-widget_type=\"text-editor.default\">\n\t\t\t\t<div class=\"elementor-widget-container\">\n\t\t\t\t\t\t\t\t\t<!-- wp:heading {\"level\":1} -->\n<p><a href=\"https:\/\/umfst.ro\/fileadmin\/f_medicina\/Abilitati_fisa\/2025-2026\/Anexa 1.2.1_Fise abilitati Asistenta Medicala Generala.pdf\" data-wplink-url-error=\"true\">Fisele de abilitati pentru Asistenta medicala generala an universitar 2025-2026<\/a><\/p>\n<p>\u00a0<\/p>\n<h2 class=\"wp-block-heading\">G\u0102RZI 2024-2025<\/h2>\n<!-- \/wp:heading --><!-- wp:paragraph \/--><!-- wp:paragraph -->\n<p>G\u0103rzi AMG anul I\u00a0 &#8211; <a href=\"https:\/\/www.umfst.ro\/fileadmin\/f_medicina\/Garzi\/2024-2025\/GARZI_AMG1.pdf\">vezi aici<\/a><\/p>\n<p>G\u0103rzi AMG anul II\u00a0 &#8211;\u00a0<a href=\"https:\/\/www.umfst.ro\/fileadmin\/f_medicina\/Garzi\/2024-2025\/GARZI_AMG2.pdf\">vezi aici<\/a><\/p>\n<!-- \/wp:paragraph --><!-- wp:paragraph -->\n<p>G\u0103rzi AMG anul III &#8211;\u00a0<a href=\"https:\/\/www.umfst.ro\/fileadmin\/f_medicina\/Garzi\/2024-2025\/GARZI_AMG3.pdf\">vezi aici<\/a><\/p>\n<!-- \/wp:paragraph --><!-- wp:paragraph -->\n<p>G\u0103rzi AMG anul IV &#8211;\u00a0<a href=\"https:\/\/www.umfst.ro\/fileadmin\/f_medicina\/Garzi\/2024-2025\/GARZI_AMG4.pdf\">vezi aici<\/a><\/p>\n<!-- \/wp:paragraph --><!-- wp:heading \/-->\t\t\t\t\t\t\t\t<\/div>\n\t\t\t\t<\/div>\n\t\t\t\t\t<\/div>\n\t\t<\/div>\n\t\t\t\t\t<\/div>\n\t\t<\/section>\n\t\t\t\t<\/div>","protected":false},"excerpt":{"rendered":"<p>TABELE GARZI PROGRAM DE STUDIU ASISTEN\u021a\u0102 MEDICAL\u0102 GENERAL\u0102 G\u0103rzi AMG anul I G\u0103rzi AMG anul II G\u0103rzi AMG anul III G\u0103rzi AMG anul IV Fisele de abilitati pentru Asistenta medicala generala an universitar 2025-2026 \u00a0 G\u0102RZI 2024-2025 G\u0103rzi AMG anul I\u00a0 &#8211; vezi aici G\u0103rzi AMG anul II\u00a0 &#8211;\u00a0vezi aici G\u0103rzi AMG anul III &#8211;\u00a0vezi [&hellip;]<\/p>\n","protected":false},"author":4,"featured_media":0,"parent":620,"menu_order":0,"comment_status":"closed","ping_status":"closed","template":"","meta":{"_relevanssi_hide_post":"","_relevanssi_hide_content":"","_relevanssi_pin_for_all":"","_relevanssi_pin_keywords":"","_relevanssi_unpin_keywords":"","_relevanssi_related_keywords":"","_relevanssi_related_include_ids":"","_relevanssi_related_exclude_ids":"","_relevanssi_related_no_append":"","_relevanssi_related_not_related":"","_relevanssi_related_posts":"1","_relevanssi_noindex_reason":"","footnotes":""},"categories":[13,42],"tags":[],"class_list":["post-626","page","type-page","status-publish","hentry","category-pagina-cu-sidebar","category-pagina-studenti"],"meta_box":[],"_links":{"self":[{"href":"https:\/\/umfst.ro\/facultatea-de-medicina\/hu\/wp-json\/wp\/v2\/pages\/626","targetHints":{"allow":["GET"]}}],"collection":[{"href":"https:\/\/umfst.ro\/facultatea-de-medicina\/hu\/wp-json\/wp\/v2\/pages"}],"about":[{"href":"https:\/\/umfst.ro\/facultatea-de-medicina\/hu\/wp-json\/wp\/v2\/types\/page"}],"author":[{"embeddable":true,"href":"https:\/\/umfst.ro\/facultatea-de-medicina\/hu\/wp-json\/wp\/v2\/users\/4"}],"replies":[{"embeddable":true,"href":"https:\/\/umfst.ro\/facultatea-de-medicina\/hu\/wp-json\/wp\/v2\/comments?post=626"}],"version-history":[{"count":28,"href":"https:\/\/umfst.ro\/facultatea-de-medicina\/hu\/wp-json\/wp\/v2\/pages\/626\/revisions"}],"predecessor-version":[{"id":8975,"href":"https:\/\/umfst.ro\/facultatea-de-medicina\/hu\/wp-json\/wp\/v2\/pages\/626\/revisions\/8975"}],"up":[{"embeddable":true,"href":"https:\/\/umfst.ro\/facultatea-de-medicina\/hu\/wp-json\/wp\/v2\/pages\/620"}],"wp:attachment":[{"href":"https:\/\/umfst.ro\/facultatea-de-medicina\/hu\/wp-json\/wp\/v2\/media?parent=626"}],"wp:term":[{"taxonomy":"category","embeddable":true,"href":"https:\/\/umfst.ro\/facultatea-de-medicina\/hu\/wp-json\/wp\/v2\/categories?post=626"},{"taxonomy":"post_tag","embeddable":true,"href":"https:\/\/umfst.ro\/facultatea-de-medicina\/hu\/wp-json\/wp\/v2\/tags?post=626"}],"curies":[{"name":"wp","href":"https:\/\/api.w.org\/{rel}","templated":true}]}}