{"id":630,"date":"2022-11-15T10:44:02","date_gmt":"2022-11-15T10:44:02","guid":{"rendered":"https:\/\/dev.umfst.ro\/facultatea-de-medicina\/?page_id=630"},"modified":"2025-10-06T09:02:17","modified_gmt":"2025-10-06T06:02:17","slug":"oferta-cursuri-optionale","status":"publish","type":"page","link":"https:\/\/umfst.ro\/facultatea-de-medicina\/hu\/informatii-pentru-studenti\/informatii-specifice-facultatii\/oferta-cursuri-optionale\/","title":{"rendered":"Ofert\u0103 cursuri op\u021bionale"},"content":{"rendered":"<div data-elementor-type=\"wp-page\" data-elementor-id=\"630\" class=\"elementor elementor-630\" data-elementor-post-type=\"page\">\n\t\t\t\t\t\t<section class=\"elementor-section elementor-top-section elementor-element elementor-element-3ad34d2a elementor-section-boxed elementor-section-height-default elementor-section-height-default\" data-id=\"3ad34d2a\" data-element_type=\"section\" data-e-type=\"section\">\n\t\t\t\t\t\t<div class=\"elementor-container elementor-column-gap-default\">\n\t\t\t\t\t<div class=\"elementor-column elementor-col-100 elementor-top-column elementor-element elementor-element-6086add5\" data-id=\"6086add5\" data-element_type=\"column\" data-e-type=\"column\">\n\t\t\t<div class=\"elementor-widget-wrap elementor-element-populated\">\n\t\t\t\t\t\t<div class=\"elementor-element elementor-element-3708c05a elementor-widget elementor-widget-text-editor\" data-id=\"3708c05a\" data-element_type=\"widget\" data-e-type=\"widget\" data-widget_type=\"text-editor.default\">\n\t\t\t\t<div class=\"elementor-widget-container\">\n\t\t\t\t\t\t\t\t\t<h2 role=\"heading\" data-uw-rm-heading=\"level\">Ofert\u0103 cursuri op\u021bionale 2025-2026<\/h2>\n<p><!-- \/wp:heading --><!-- wp:paragraph --><\/p>\n<p><a href=\"https:\/\/www.umfst.ro\/fileadmin\/f_medicina\/Cursuri_optionale\/2025-2026\/5_Discipline_optionale_Mastere_2025-26.pdf\" data-uw-pdf-br=\"2\" data-uw-pdf-doc=\"\">Discipline op\u021bionale Masterate din domeniul Medicina<\/a><\/p>\n<p><a href=\"https:\/\/www.umfst.ro\/fileadmin\/f_medicina\/Cursuri_optionale\/2025-2026\/2.1_Discipline_optionale_Medicina_2025-26.pdf\" target=\"_blank\" rel=\"noopener\" aria-label=\"Discipline op\u021bionale Medicina - deschide \u00eentr-o fil\u0103 nou\u0103\" data-uw-rm-ext-link=\"\" data-uw-pdf-br=\"2\" data-uw-pdf-doc=\"\">Discipline op\u021bionale Medicina<\/a><\/p>\n<p><a href=\"https:\/\/umfst.ro\/fileadmin\/f_medicina\/Cursuri_optionale\/2025-2026\/Traiectorii_academice_op\u021bionale.pdf\">Traiectorii academice op\u021bionale \u2013 pentru un parcurs personalizat \u00een cariera medical\u0103<\/a><\/p>\n<p><a href=\"https:\/\/umfst.ro\/fileadmin\/f_medicina\/Cursuri_optionale\/2025-2026\/Propunere_Discipline_Optionale_Medicina_2025_2026.pdf\">Direc\u021bii de dezvoltare academic\u0103<\/a><\/p>\n<p><a href=\"https:\/\/www.umfst.ro\/fileadmin\/f_medicina\/Cursuri_optionale\/2025-2026\/2.2_Discipline_optionale_AMG_2025-26.pdf\" target=\"_blank\" rel=\"noopener\" aria-label=\"Discipline op\u021bionale AMG - deschide \u00eentr-o fil\u0103 nou\u0103\" data-uw-rm-ext-link=\"\" data-uw-pdf-br=\"2\" data-uw-pdf-doc=\"\">Discipline op\u021bionale AMG<\/a><\/p>\n<p><a href=\"https:\/\/www.umfst.ro\/fileadmin\/f_medicina\/Cursuri_optionale\/2025-2026\/2.3_Discipline_optionale_AMG_Bistrita_2025-26 (1).pdf\" target=\"_blank\" rel=\"noopener\" aria-label=\"Discipline op\u021bionale AMG \u2013 Bistri\u021ba - deschide \u00eentr-o fil\u0103 nou\u0103\" data-uw-rm-ext-link=\"\" data-uw-pdf-br=\"2\" data-uw-pdf-doc=\"\">Discipline op\u021bionale AMG \u2013 Bistri\u021ba<\/a><\/p>\n<p><a href=\"https:\/\/www.umfst.ro\/fileadmin\/f_medicina\/Cursuri_optionale\/2025-2026\/2.4_Discipline_optionale_BFK_2025-26.pdf\" target=\"_blank\" rel=\"noopener\">Discipline op\u021bionale BFK<\/a><\/p>\n<p>\u00a0<\/p>\n<p><!-- \/wp:paragraph --><\/p>\n<p><!-- \/wp:list --><!-- wp:paragraph --><\/p>\n<p><!-- \/wp:paragraph --><\/p>\t\t\t\t\t\t\t\t<\/div>\n\t\t\t\t<\/div>\n\t\t\t\t\t<\/div>\n\t\t<\/div>\n\t\t\t\t\t<\/div>\n\t\t<\/section>\n\t\t\t\t<section class=\"elementor-section elementor-top-section elementor-element elementor-element-d8e0eb2 elementor-section-boxed elementor-section-height-default elementor-section-height-default\" data-id=\"d8e0eb2\" data-element_type=\"section\" data-e-type=\"section\">\n\t\t\t\t\t\t<div class=\"elementor-container elementor-column-gap-default\">\n\t\t\t\t\t<div class=\"elementor-column elementor-col-100 elementor-top-column elementor-element elementor-element-b5cc0e9\" data-id=\"b5cc0e9\" data-element_type=\"column\" data-e-type=\"column\">\n\t\t\t<div class=\"elementor-widget-wrap elementor-element-populated\">\n\t\t\t\t\t\t<div class=\"elementor-element elementor-element-d2f0162 elementor-widget elementor-widget-text-editor\" data-id=\"d2f0162\" data-element_type=\"widget\" data-e-type=\"widget\" data-widget_type=\"text-editor.default\">\n\t\t\t\t<div class=\"elementor-widget-container\">\n\t\t\t\t\t\t\t\t\t<h2 role=\"heading\" data-uw-rm-heading=\"level\">Ofert\u0103 cursuri op\u021bionale 2024-2025<\/h2>\n<p><!-- \/wp:heading --><!-- wp:paragraph --><\/p>\n<p><a href=\"https:\/\/www.umfst.ro\/fileadmin\/f_medicina\/Cursuri_optionale\/2024-2025\/Discipline_optionale_Masterate_2024-2026.pdf\" target=\"_blank\" rel=\"noopener\" aria-label=\"Discipline op\u021bionale Masterate din domeniul Medicina - deschide \u00eentr-o fil\u0103 nou\u0103\" data-uw-rm-ext-link=\"\">Discipline op\u021bionale Masterate din domeniul Medicina<\/a><\/p>\n<p><a href=\"https:\/\/www.umfst.ro\/fileadmin\/f_medicina\/Cursuri_optionale\/2024-2025\/PROPUNERI DISCIPLINE OPTIONALE MEDICINA_LR si LM_2024-2025.pdf\" target=\"_blank\" rel=\"noopener\" aria-label=\"Discipline op\u021bionale Medicina - deschide \u00eentr-o fil\u0103 nou\u0103\" data-uw-rm-ext-link=\"\" data-wplink-url-error=\"true\">Discipline op\u021bionale Medicina<\/a><\/p>\n<p><a href=\"https:\/\/www.umfst.ro\/fileadmin\/f_medicina\/Cursuri_optionale\/2024-2025\/DISCIPLINE OPTIONALE AMG_LR si LM_2024-2025.pdf\" target=\"_blank\" rel=\"noopener\" aria-label=\"Discipline op\u021bionale AMG - deschide \u00eentr-o fil\u0103 nou\u0103\" data-uw-rm-ext-link=\"\">Discipline op\u021bionale AMG<\/a><\/p>\n<p><a href=\"https:\/\/www.umfst.ro\/fileadmin\/f_medicina\/Cursuri_optionale\/2024-2025\/DISCIPLINE OPTIONALE AMG Bistrita_2024-2025.pdf\" target=\"_blank\" rel=\"noopener\" aria-label=\"Discipline op\u021bionale AMG \u2013 Bistri\u021ba - deschide \u00eentr-o fil\u0103 nou\u0103\" data-uw-rm-ext-link=\"\">Discipline op\u021bionale AMG \u2013 Bistri\u021ba<\/a><\/p>\n<p><a href=\"https:\/\/www.umfst.ro\/fileadmin\/f_medicina\/Cursuri_optionale\/2024-2025\/DISCIPLINE OPTIONALE BFK 2024-2025.pdf\" target=\"_blank\" rel=\"noopener\">Discipline op\u021bionale BFK<\/a><\/p>\n<p>\u00a0<\/p>\n<p><!-- \/wp:paragraph --><\/p>\n<p><!-- \/wp:list --><!-- wp:paragraph --><\/p>\n<p><!-- \/wp:paragraph --><\/p>\t\t\t\t\t\t\t\t<\/div>\n\t\t\t\t<\/div>\n\t\t\t\t\t<\/div>\n\t\t<\/div>\n\t\t\t\t\t<\/div>\n\t\t<\/section>\n\t\t\t\t<section class=\"elementor-section elementor-top-section elementor-element elementor-element-c5baf8f elementor-section-boxed elementor-section-height-default elementor-section-height-default\" data-id=\"c5baf8f\" data-element_type=\"section\" data-e-type=\"section\">\n\t\t\t\t\t\t<div class=\"elementor-container elementor-column-gap-default\">\n\t\t\t\t\t<div class=\"elementor-column elementor-col-100 elementor-top-column elementor-element elementor-element-55bb080\" data-id=\"55bb080\" data-element_type=\"column\" data-e-type=\"column\">\n\t\t\t<div class=\"elementor-widget-wrap elementor-element-populated\">\n\t\t\t\t\t\t<div class=\"elementor-element elementor-element-0ba4ee1 elementor-widget elementor-widget-text-editor\" data-id=\"0ba4ee1\" data-element_type=\"widget\" data-e-type=\"widget\" data-widget_type=\"text-editor.default\">\n\t\t\t\t<div class=\"elementor-widget-container\">\n\t\t\t\t\t\t\t\t\t<p><!-- wp:heading --><\/p>\n<h2 data-uw-rm-heading=\"level\" role=\"heading\">Ofert\u0103 cursuri op\u021bionale 2023-2024<\/h2>\n<p><!-- \/wp:heading --><!-- wp:paragraph --><\/p>\n<p><\/p>\n<p><a href=\"https:\/\/www.umfst.ro\/fileadmin\/f_medicina\/Cursuri_optionale\/2023-2024\/FINAL_PROPUNERI_DISCIPLINE_OPTIONALE_MEDICINA_LR_si_LM_2023-2024_-_An_III_Modificat.pdf\" target=\"_blank\" aria-label=\"Discipline op\u021bionale Medicina - deschide \u00eentr-o fil\u0103 nou\u0103\" data-uw-rm-ext-link=\"\">Discipline op\u021bionale Medicina<\/a><\/p>\n<p><a href=\"https:\/\/www.umfst.ro\/fileadmin\/f_medicina\/Cursuri_optionale\/2023-2024\/PROPUNERI_DISCIPLINE_OPTIONALE_AMG_LR_si_LM_2023-2024.pdf\" target=\"_blank\" aria-label=\"Discipline op\u021bionale AMG - deschide \u00eentr-o fil\u0103 nou\u0103\" data-uw-rm-ext-link=\"\">Discipline op\u021bionale AMG<\/a><\/p>\n<p><a href=\"https:\/\/www.umfst.ro\/fileadmin\/f_medicina\/Cursuri_optionale\/2023-2024\/PROPUNERI_DISCIPLINE_OPTIONALE_AMG_Bistrita_2023-2024.pdf\" target=\"_blank\" aria-label=\"Discipline op\u021bionale AMG \u2013 Bistri\u021ba - deschide \u00eentr-o fil\u0103 nou\u0103\" data-uw-rm-ext-link=\"\">Discipline op\u021bionale AMG \u2013 Bistri\u021ba<\/a><\/p>\n<p><a href=\"https:\/\/www.umfst.ro\/fileadmin\/f_medicina\/Cursuri_optionale\/2023-2024\/PROPUNERI_DISCIPLINE_OPTIONALE_ND_2023-2024_.pdf\" target=\"_blank\" aria-label=\"Discipline op\u021bionale ND - deschide \u00eentr-o fil\u0103 nou\u0103\" data-uw-rm-ext-link=\"\">Discipline op\u021bionale ND<\/a><\/p>\n<p><a href=\"https:\/\/www.umfst.ro\/fileadmin\/f_medicina\/Cursuri_optionale\/2023-2024\/PROPUNERI_DISCIPLINE_OPTIONALE_BFK_2023-2024.pdf\" target=\"_blank\">Discipline op\u021bionale BFK<\/a><\/p>\n<p><!-- \/wp:paragraph --><\/p>\n<p><!-- \/wp:list --><!-- wp:paragraph --><\/p>\n<p><!-- \/wp:paragraph --><\/p>\t\t\t\t\t\t\t\t<\/div>\n\t\t\t\t<\/div>\n\t\t\t\t\t<\/div>\n\t\t<\/div>\n\t\t\t\t\t<\/div>\n\t\t<\/section>\n\t\t\t\t<\/div>","protected":false},"excerpt":{"rendered":"<p>Ofert\u0103 cursuri op\u021bionale 2025-2026 Discipline op\u021bionale Masterate din domeniul Medicina Discipline op\u021bionale Medicina Traiectorii academice op\u021bionale \u2013 pentru un parcurs personalizat \u00een cariera medical\u0103 Direc\u021bii de dezvoltare academic\u0103 Discipline op\u021bionale AMG Discipline op\u021bionale AMG \u2013 Bistri\u021ba Discipline op\u021bionale BFK \u00a0 Ofert\u0103 cursuri op\u021bionale 2024-2025 Discipline op\u021bionale Masterate din domeniul Medicina Discipline op\u021bionale Medicina Discipline op\u021bionale [&hellip;]<\/p>\n","protected":false},"author":4,"featured_media":0,"parent":620,"menu_order":0,"comment_status":"closed","ping_status":"closed","template":"","meta":{"_relevanssi_hide_post":"","_relevanssi_hide_content":"","_relevanssi_pin_for_all":"","_relevanssi_pin_keywords":"","_relevanssi_unpin_keywords":"","_relevanssi_related_keywords":"","_relevanssi_related_include_ids":"","_relevanssi_related_exclude_ids":"","_relevanssi_related_no_append":"","_relevanssi_related_not_related":"","_relevanssi_related_posts":"1","_relevanssi_noindex_reason":"","footnotes":""},"categories":[13,42],"tags":[],"class_list":["post-630","page","type-page","status-publish","hentry","category-pagina-cu-sidebar","category-pagina-studenti"],"meta_box":[],"_links":{"self":[{"href":"https:\/\/umfst.ro\/facultatea-de-medicina\/hu\/wp-json\/wp\/v2\/pages\/630","targetHints":{"allow":["GET"]}}],"collection":[{"href":"https:\/\/umfst.ro\/facultatea-de-medicina\/hu\/wp-json\/wp\/v2\/pages"}],"about":[{"href":"https:\/\/umfst.ro\/facultatea-de-medicina\/hu\/wp-json\/wp\/v2\/types\/page"}],"author":[{"embeddable":true,"href":"https:\/\/umfst.ro\/facultatea-de-medicina\/hu\/wp-json\/wp\/v2\/users\/4"}],"replies":[{"embeddable":true,"href":"https:\/\/umfst.ro\/facultatea-de-medicina\/hu\/wp-json\/wp\/v2\/comments?post=630"}],"version-history":[{"count":32,"href":"https:\/\/umfst.ro\/facultatea-de-medicina\/hu\/wp-json\/wp\/v2\/pages\/630\/revisions"}],"predecessor-version":[{"id":8713,"href":"https:\/\/umfst.ro\/facultatea-de-medicina\/hu\/wp-json\/wp\/v2\/pages\/630\/revisions\/8713"}],"up":[{"embeddable":true,"href":"https:\/\/umfst.ro\/facultatea-de-medicina\/hu\/wp-json\/wp\/v2\/pages\/620"}],"wp:attachment":[{"href":"https:\/\/umfst.ro\/facultatea-de-medicina\/hu\/wp-json\/wp\/v2\/media?parent=630"}],"wp:term":[{"taxonomy":"category","embeddable":true,"href":"https:\/\/umfst.ro\/facultatea-de-medicina\/hu\/wp-json\/wp\/v2\/categories?post=630"},{"taxonomy":"post_tag","embeddable":true,"href":"https:\/\/umfst.ro\/facultatea-de-medicina\/hu\/wp-json\/wp\/v2\/tags?post=630"}],"curies":[{"name":"wp","href":"https:\/\/api.w.org\/{rel}","templated":true}]}}