{"id":637,"date":"2022-11-15T10:47:25","date_gmt":"2022-11-15T10:47:25","guid":{"rendered":"https:\/\/dev.umfst.ro\/facultatea-de-medicina\/?page_id=637"},"modified":"2025-03-06T10:02:55","modified_gmt":"2025-03-06T08:02:55","slug":"teste-licenta","status":"publish","type":"page","link":"https:\/\/umfst.ro\/facultatea-de-medicina\/hu\/informatii-pentru-studenti\/informatii-specifice-facultatii\/informatii-examen-de-licenta\/teste-licenta\/","title":{"rendered":"Teste licen\u021b\u0103"},"content":{"rendered":"<div data-elementor-type=\"wp-page\" data-elementor-id=\"637\" class=\"elementor elementor-637\" data-elementor-post-type=\"page\">\n\t\t\t\t\t\t<section class=\"elementor-section elementor-top-section elementor-element elementor-element-174ceb9c elementor-section-boxed elementor-section-height-default elementor-section-height-default\" data-id=\"174ceb9c\" data-element_type=\"section\" data-e-type=\"section\">\n\t\t\t\t\t\t<div class=\"elementor-container elementor-column-gap-default\">\n\t\t\t\t\t<div class=\"elementor-column elementor-col-100 elementor-top-column elementor-element elementor-element-5e5e4f37\" data-id=\"5e5e4f37\" data-element_type=\"column\" data-e-type=\"column\">\n\t\t\t<div class=\"elementor-widget-wrap elementor-element-populated\">\n\t\t\t\t\t\t<div class=\"elementor-element elementor-element-53ac6fb1 elementor-widget elementor-widget-text-editor\" data-id=\"53ac6fb1\" data-element_type=\"widget\" data-e-type=\"widget\" data-widget_type=\"text-editor.default\">\n\t\t\t\t<div class=\"elementor-widget-container\">\n\t\t\t\t\t\t\t\t\t<h2>INTREB\u0102RI TIP PENTRU EXAMENUL DE LICEN\u021a\u0102 2025<\/h2>\n<p><a href=\"https:\/\/www.umfst.ro\/fileadmin\/f_medicina\/licenta\/2023\/Teste_AMG_2023.pdf\">Program de studiu Asisten\u021b\u0103 Medical\u0103 General\u0103<\/a><\/p>\n<p><a href=\"https:\/\/www.umfst.ro\/fileadmin\/f_medicina\/licenta\/2025\/intrebari_tip_bfk_2025.pdf\" target=\"_blank\" rel=\"noopener\">Program de studiu Balneofiziokinetoterapie \u0219i Recuperare<\/a><br \/><br \/><\/p>\n<h2>\u00a0<\/h2>\n<h2>INTREB\u0102RI TIP PENTRU EXAMENUL DE LICEN\u021a\u0102 2024<\/h2>\n<p><a href=\"https:\/\/www.umfst.ro\/fileadmin\/f_medicina\/licenta\/2024\/Subiecte_licenta_medicina-romana_2024.pdf\" target=\"_blank\" rel=\"noopener\">Program de studiu Medicin\u0103<\/a><\/p>\n<p><a href=\"https:\/\/www.umfst.ro\/fileadmin\/f_medicina\/licenta\/2023\/Teste_AMG_2023.pdf\">Program de studiu Asisten\u021b\u0103 Medical\u0103 General\u0103<\/a><\/p>\n<p>\u00a0<\/p>\n<p><a href=\"https:\/\/www.umfst.ro\/fileadmin\/f_medicina\/licenta\/2024\/CAIET_Teste_Licenta_ND_2024.pdf\" target=\"_blank\" rel=\"noopener\">Program de studiu Nutri\u021bie \u0219i Dietetic\u0103<\/a><\/p>\n<p><a href=\"https:\/\/www.umfst.ro\/fileadmin\/f_medicina\/licenta\/2024\/intrebari_tip_bfk_2024.pdf\" target=\"_blank\" rel=\"noopener\">Program de studiu Balneofiziokinetoterapie \u0219i Recuperare<\/a><\/p>\n<p>\u00a0<\/p>\n<h2>\u00a0<\/h2>\n<h2>INTREB\u0102RI TIP PENTRU EXAMENUL DE LICEN\u021a\u0102 2023<\/h2>\n<p><a href=\"https:\/\/www.umfst.ro\/fileadmin\/f_medicina\/licenta\/2023\/Subiecte_licenta-romana_fara_raspunsuri.pdf\">Program de studiu Medicin\u0103<\/a><\/p>\n<p><a href=\"https:\/\/www.umfst.ro\/fileadmin\/f_medicina\/licenta\/2023\/Teste_AMG_2023.pdf\">Program de studiu Asisten\u021b\u0103 Medical\u0103 General\u0103<\/a><\/p>\n<p><a href=\"https:\/\/www.umfst.ro\/fileadmin\/f_medicina\/licenta\/2023\/Teste_Licenta_ND_2023.pdf\">Program de studiu Nutri\u021bie \u0219i Dietetic\u0103<\/a><\/p>\n<p><a href=\"https:\/\/www.umfst.ro\/fileadmin\/f_medicina\/licenta\/2023\/Modele_orientative_de_grile_licenta_BFK_2023.pdf\">Program de studiu Balneofiziokinetoterapie \u0219i Recuperare<\/a><\/p>\n<h2>INTREB\u0102RI TIP PENTRU EXAMENUL DE LICEN\u021a\u0102 2022<\/h2>\n<p><!-- \/wp:heading --><!-- wp:paragraph --><\/p>\n<p><a href=\"https:\/\/www.umfst.ro\/fileadmin\/f_medicina\/licenta\/2022\/model_teste_licenta_2022.pdf\">Program de studiu Medicin\u0103<\/a><\/p>\n<p><!-- \/wp:paragraph --><!-- wp:paragraph --><\/p>\n<p><a href=\"https:\/\/www.umfst.ro\/fileadmin\/f_medicina\/licenta\/2022\/Teste_licenta_AMG_2022.pdf\">Program de studiu Asisten\u021b\u0103 Medical\u0103 General\u0103<\/a><\/p>\n<p><!-- \/wp:paragraph --><!-- wp:paragraph --><\/p>\n<p><a href=\"https:\/\/www.umfst.ro\/fileadmin\/f_medicina\/licenta\/2022\/CAIET_Teste_TIP_Licenta_ND_2022.pdf\">Program de studiu Nutri\u021bie \u0219i Dietetic\u0103<\/a><\/p>\n<p><!-- \/wp:paragraph --><!-- wp:paragraph --><\/p>\n<p><a href=\"https:\/\/www.umfst.ro\/fileadmin\/f_medicina\/licenta\/2022\/Teste_tip_Examen_teoretic_licenta_BFK_2022.pdf\">Program de studiu Balneofiziokinetoterapie \u0219i Recuperare<\/a><\/p>\n<p><!-- \/wp:paragraph --><!-- wp:heading --><\/p>\n<h2>INTREB\u0102RI TIP PENTRU EXAMENUL DE LICEN\u021a\u0102 2021<\/h2>\n<p><!-- \/wp:heading --><!-- wp:paragraph --><\/p>\n<p><a href=\"https:\/\/www.umfst.ro\/fileadmin\/f_medicina\/licenta\/2021\/model_teste_licenta_2021.pdf\">Program de studiu Medicin\u0103<\/a><\/p>\n<p><!-- \/wp:paragraph --><!-- wp:paragraph --><\/p>\n<p><a href=\"https:\/\/www.umfst.ro\/fileadmin\/f_medicina\/licenta\/2021\/Teste_licenta_AMG_2021.pdf\">Program de studiu Asisten\u021b\u0103 Medical\u0103 General\u0103<\/a><\/p>\n<p><!-- \/wp:paragraph --><!-- wp:paragraph --><\/p>\n<p><a href=\"https:\/\/www.umfst.ro\/fileadmin\/f_medicina\/licenta\/2021\/_CAIET_Teste_Licenta_ND_2021.pdf\">Program de studiu Nutri\u021bie \u0219i Dietetic\u0103<\/a><\/p>\n<p><!-- \/wp:paragraph --><!-- wp:paragraph --><\/p>\n<p><a href=\"https:\/\/www.umfst.ro\/fileadmin\/f_medicina\/licenta\/2021\/Teste_tip_Examen_teoretic_licenta_BFK_2021.pdf\">Program de studiu Balneofiziokinetoterapie \u0219i Recuperare<\/a><\/p>\n<p><!-- \/wp:paragraph --><!-- wp:heading --><\/p>\n<h2>INTREB\u0102RI TIP PENTRU EXAMENUL DE LICEN\u021a\u0102 2020<\/h2>\n<p><!-- \/wp:heading --><!-- wp:paragraph --><\/p>\n<p><a href=\"https:\/\/www.umfst.ro\/fileadmin\/f_medicina\/licenta\/2020\/intrebari_tip\/Teste_licenta_MG_2020.pdf\">Program de studiu Medicin\u0103<\/a><\/p>\n<p><!-- \/wp:paragraph --><!-- wp:paragraph --><\/p>\n<p><a href=\"https:\/\/www.umfst.ro\/fileadmin\/f_medicina\/licenta\/2020\/intrebari_tip\/Teste_licenta_AMG_2020.pdf\">Program de studiu Asisten\u021b\u0103 Medical\u0103 General\u0103<\/a><\/p>\n<p><!-- \/wp:paragraph --><!-- wp:paragraph --><\/p>\n<p><a href=\"https:\/\/www.umfst.ro\/fileadmin\/f_medicina\/licenta\/2020\/intrebari_tip\/Teste_Licenta_ND_2020.pdf\">Program de studiu Nutri\u021bie \u0219i Dietetic\u0103<\/a><\/p>\n<p><!-- \/wp:paragraph --><!-- wp:paragraph --><\/p>\n<p><a href=\"https:\/\/www.umfst.ro\/fileadmin\/f_medicina\/licenta\/2020\/intrebari_tip\/Teste_Licenta_BFK_2020.pdf\">Program de studiu Balneofiziokinetoterapie \u0219i Recuperare<\/a><\/p>\n<p><!-- \/wp:paragraph --><\/p>\t\t\t\t\t\t\t\t<\/div>\n\t\t\t\t<\/div>\n\t\t\t\t\t<\/div>\n\t\t<\/div>\n\t\t\t\t\t<\/div>\n\t\t<\/section>\n\t\t\t\t<\/div>","protected":false},"excerpt":{"rendered":"<p>INTREB\u0102RI TIP PENTRU EXAMENUL DE LICEN\u021a\u0102 2025 Program de studiu Asisten\u021b\u0103 Medical\u0103 General\u0103 Program de studiu Balneofiziokinetoterapie \u0219i Recuperare \u00a0 INTREB\u0102RI TIP PENTRU EXAMENUL DE LICEN\u021a\u0102 2024 Program de studiu Medicin\u0103 Program de studiu Asisten\u021b\u0103 Medical\u0103 General\u0103 \u00a0 Program de studiu Nutri\u021bie \u0219i Dietetic\u0103 Program de studiu Balneofiziokinetoterapie \u0219i Recuperare \u00a0 \u00a0 INTREB\u0102RI TIP PENTRU [&hellip;]<\/p>\n","protected":false},"author":4,"featured_media":0,"parent":634,"menu_order":0,"comment_status":"closed","ping_status":"closed","template":"","meta":{"_relevanssi_hide_post":"","_relevanssi_hide_content":"","_relevanssi_pin_for_all":"","_relevanssi_pin_keywords":"","_relevanssi_unpin_keywords":"","_relevanssi_related_keywords":"","_relevanssi_related_include_ids":"","_relevanssi_related_exclude_ids":"","_relevanssi_related_no_append":"","_relevanssi_related_not_related":"","_relevanssi_related_posts":"1","_relevanssi_noindex_reason":"","footnotes":""},"categories":[13,42],"tags":[],"class_list":["post-637","page","type-page","status-publish","hentry","category-pagina-cu-sidebar","category-pagina-studenti"],"meta_box":[],"_links":{"self":[{"href":"https:\/\/umfst.ro\/facultatea-de-medicina\/hu\/wp-json\/wp\/v2\/pages\/637","targetHints":{"allow":["GET"]}}],"collection":[{"href":"https:\/\/umfst.ro\/facultatea-de-medicina\/hu\/wp-json\/wp\/v2\/pages"}],"about":[{"href":"https:\/\/umfst.ro\/facultatea-de-medicina\/hu\/wp-json\/wp\/v2\/types\/page"}],"author":[{"embeddable":true,"href":"https:\/\/umfst.ro\/facultatea-de-medicina\/hu\/wp-json\/wp\/v2\/users\/4"}],"replies":[{"embeddable":true,"href":"https:\/\/umfst.ro\/facultatea-de-medicina\/hu\/wp-json\/wp\/v2\/comments?post=637"}],"version-history":[{"count":19,"href":"https:\/\/umfst.ro\/facultatea-de-medicina\/hu\/wp-json\/wp\/v2\/pages\/637\/revisions"}],"predecessor-version":[{"id":8226,"href":"https:\/\/umfst.ro\/facultatea-de-medicina\/hu\/wp-json\/wp\/v2\/pages\/637\/revisions\/8226"}],"up":[{"embeddable":true,"href":"https:\/\/umfst.ro\/facultatea-de-medicina\/hu\/wp-json\/wp\/v2\/pages\/634"}],"wp:attachment":[{"href":"https:\/\/umfst.ro\/facultatea-de-medicina\/hu\/wp-json\/wp\/v2\/media?parent=637"}],"wp:term":[{"taxonomy":"category","embeddable":true,"href":"https:\/\/umfst.ro\/facultatea-de-medicina\/hu\/wp-json\/wp\/v2\/categories?post=637"},{"taxonomy":"post_tag","embeddable":true,"href":"https:\/\/umfst.ro\/facultatea-de-medicina\/hu\/wp-json\/wp\/v2\/tags?post=637"}],"curies":[{"name":"wp","href":"https:\/\/api.w.org\/{rel}","templated":true}]}}