{"id":643,"date":"2022-11-15T10:50:19","date_gmt":"2022-11-15T10:50:19","guid":{"rendered":"https:\/\/dev.umfst.ro\/facultatea-de-medicina\/?page_id=643"},"modified":"2025-12-19T15:40:02","modified_gmt":"2025-12-19T13:40:02","slug":"cercuri-stiintifice-studentesti","status":"publish","type":"page","link":"https:\/\/umfst.ro\/facultatea-de-medicina\/hu\/informatii-pentru-studenti\/informatii-specifice-facultatii\/cercuri-stiintifice-studentesti\/","title":{"rendered":"Cercuri \u0219tiin\u021bifice studen\u021be\u0219ti"},"content":{"rendered":"<div data-elementor-type=\"wp-page\" data-elementor-id=\"643\" class=\"elementor elementor-643\" data-elementor-post-type=\"page\">\n\t\t\t\t\t\t<section class=\"elementor-section elementor-top-section elementor-element elementor-element-74896517 elementor-section-boxed elementor-section-height-default elementor-section-height-default\" data-id=\"74896517\" data-element_type=\"section\" data-e-type=\"section\">\n\t\t\t\t\t\t<div class=\"elementor-container elementor-column-gap-default\">\n\t\t\t\t\t<div class=\"elementor-column elementor-col-100 elementor-top-column elementor-element elementor-element-5fad113c\" data-id=\"5fad113c\" data-element_type=\"column\" data-e-type=\"column\">\n\t\t\t<div class=\"elementor-widget-wrap elementor-element-populated\">\n\t\t\t\t\t\t<div class=\"elementor-element elementor-element-1f1050ba elementor-widget elementor-widget-text-editor\" data-id=\"1f1050ba\" data-element_type=\"widget\" data-e-type=\"widget\" data-widget_type=\"text-editor.default\">\n\t\t\t\t<div class=\"elementor-widget-container\">\n\t\t\t\t\t\t\t\t\t<p><a href=\"https:\/\/www.umfst.ro\/fileadmin\/f_medicina\/Cerc_stiintific\/Cercuri_stiintifice_studentesti_2025-2026.pdf\" target=\"_blank\" rel=\"noopener\" aria-label=\"Cercuri \u0219tiin\u021bifice studen\u021be\u0219ti 2024-2025 - deschide \u00eentr-o fil\u0103 nou\u0103\" data-uw-rm-ext-link=\"\">Cercuri \u0219tiin\u021bifice studen\u021be\u0219ti 2025 &#8211; 2026<\/a><\/p>\n<p><a href=\"https:\/\/www.umfst.ro\/fileadmin\/f_medicina\/Cerc_stiintific\/Cercuri_stiintifice_studentesti_2024-2025.pdf\" target=\"_blank\" rel=\"noopener\" aria-label=\"Cercuri \u0219tiin\u021bifice studen\u021be\u0219ti 2024-2025 - deschide \u00eentr-o fil\u0103 nou\u0103\" data-uw-rm-ext-link=\"\">Cercuri \u0219tiin\u021bifice studen\u021be\u0219ti 2024 &#8211; 2025<\/a><\/p>\n<p><a href=\"https:\/\/www.umfst.ro\/fileadmin\/f_medicina\/Cerc_stiintific\/06.12.2023_Facultatea_de_medicina_cercuri_stiintifice_an_universitar_2023-2024.pdf\" target=\"_blank\" rel=\"noopener\" aria-label=\"Cercuri \u0219tiin\u021bifice studen\u021be\u0219ti 2023 - 2024 - deschide \u00eentr-o fil\u0103 nou\u0103\" data-uw-rm-ext-link=\"\">Cercuri \u0219tiin\u021bifice studen\u021be\u0219ti 2023 &#8211; 2024<\/a><\/p>\n<p><a href=\"https:\/\/www.umfst.ro\/fileadmin\/f_medicina\/Cerc_stiintific\/Cercuri_stiintifice_Fac_de_Medicina_2022-2023_FINAL.pdf\">Cercuri \u0219tiin\u021bifice studen\u021be\u0219ti 2022 &#8211; 2023<\/a><\/p>\n<p><a href=\"https:\/\/www.umfst.ro\/fileadmin\/f_medicina\/Cerc_stiintific\/Cercuri_stiintifice_studentesti_2021-2022.pdf\">Cercuri \u0219tiin\u021bifice studen\u021be\u0219ti 2021 &#8211; 2022<\/a><\/p>\n<p><!-- \/wp:heading --><\/p>\n<p><!-- wp:paragraph --><\/p>\n<p><a href=\"https:\/\/www.umfst.ro\/fileadmin\/f_medicina\/Cerc_stiintific\/Cercuri_stiintifice_02.11.2020.pdf\">Cercuri \u0219tiin\u021bifice studen\u021be\u0219ti 2020 &#8211; 2021<\/a><\/p>\n<p><!-- \/wp:paragraph --><\/p>\n<p><!-- wp:paragraph --><\/p>\n<p><a href=\"https:\/\/www.umfst.ro\/fileadmin\/f_medicina\/Cerc_stiintific\/Cercuri_stiintifice_studentesti_2019-2020.pdf\">Cercuri \u0219tiin\u021bifice studen\u021be\u0219ti 2019 &#8211; 2020<\/a><\/p>\n<p><!-- \/wp:paragraph --><\/p>\t\t\t\t\t\t\t\t<\/div>\n\t\t\t\t<\/div>\n\t\t\t\t\t<\/div>\n\t\t<\/div>\n\t\t\t\t\t<\/div>\n\t\t<\/section>\n\t\t\t\t<\/div>","protected":false},"excerpt":{"rendered":"<p>Cercuri \u0219tiin\u021bifice studen\u021be\u0219ti 2025 &#8211; 2026 Cercuri \u0219tiin\u021bifice studen\u021be\u0219ti 2024 &#8211; 2025 Cercuri \u0219tiin\u021bifice studen\u021be\u0219ti 2023 &#8211; 2024 Cercuri \u0219tiin\u021bifice studen\u021be\u0219ti 2022 &#8211; 2023 Cercuri \u0219tiin\u021bifice studen\u021be\u0219ti 2021 &#8211; 2022 Cercuri \u0219tiin\u021bifice studen\u021be\u0219ti 2020 &#8211; 2021 Cercuri \u0219tiin\u021bifice studen\u021be\u0219ti 2019 &#8211; 2020<\/p>","protected":false},"author":4,"featured_media":0,"parent":620,"menu_order":0,"comment_status":"closed","ping_status":"closed","template":"","meta":{"_relevanssi_hide_post":"","_relevanssi_hide_content":"","_relevanssi_pin_for_all":"","_relevanssi_pin_keywords":"","_relevanssi_unpin_keywords":"","_relevanssi_related_keywords":"","_relevanssi_related_include_ids":"","_relevanssi_related_exclude_ids":"","_relevanssi_related_no_append":"","_relevanssi_related_not_related":"","_relevanssi_related_posts":"1","_relevanssi_noindex_reason":"","footnotes":""},"categories":[13,42],"tags":[],"class_list":["post-643","page","type-page","status-publish","hentry","category-pagina-cu-sidebar","category-pagina-studenti"],"meta_box":[],"_links":{"self":[{"href":"https:\/\/umfst.ro\/facultatea-de-medicina\/hu\/wp-json\/wp\/v2\/pages\/643","targetHints":{"allow":["GET"]}}],"collection":[{"href":"https:\/\/umfst.ro\/facultatea-de-medicina\/hu\/wp-json\/wp\/v2\/pages"}],"about":[{"href":"https:\/\/umfst.ro\/facultatea-de-medicina\/hu\/wp-json\/wp\/v2\/types\/page"}],"author":[{"embeddable":true,"href":"https:\/\/umfst.ro\/facultatea-de-medicina\/hu\/wp-json\/wp\/v2\/users\/4"}],"replies":[{"embeddable":true,"href":"https:\/\/umfst.ro\/facultatea-de-medicina\/hu\/wp-json\/wp\/v2\/comments?post=643"}],"version-history":[{"count":16,"href":"https:\/\/umfst.ro\/facultatea-de-medicina\/hu\/wp-json\/wp\/v2\/pages\/643\/revisions"}],"predecessor-version":[{"id":8949,"href":"https:\/\/umfst.ro\/facultatea-de-medicina\/hu\/wp-json\/wp\/v2\/pages\/643\/revisions\/8949"}],"up":[{"embeddable":true,"href":"https:\/\/umfst.ro\/facultatea-de-medicina\/hu\/wp-json\/wp\/v2\/pages\/620"}],"wp:attachment":[{"href":"https:\/\/umfst.ro\/facultatea-de-medicina\/hu\/wp-json\/wp\/v2\/media?parent=643"}],"wp:term":[{"taxonomy":"category","embeddable":true,"href":"https:\/\/umfst.ro\/facultatea-de-medicina\/hu\/wp-json\/wp\/v2\/categories?post=643"},{"taxonomy":"post_tag","embeddable":true,"href":"https:\/\/umfst.ro\/facultatea-de-medicina\/hu\/wp-json\/wp\/v2\/tags?post=643"}],"curies":[{"name":"wp","href":"https:\/\/api.w.org\/{rel}","templated":true}]}}