{"id":7285,"date":"2024-06-26T15:45:16","date_gmt":"2024-06-26T12:45:16","guid":{"rendered":"https:\/\/umfst.ro\/facultatea-de-medicina\/?page_id=7285"},"modified":"2026-01-28T15:39:21","modified_gmt":"2026-01-28T13:39:21","slug":"disertatie","status":"publish","type":"page","link":"https:\/\/umfst.ro\/facultatea-de-medicina\/hu\/informatii-pentru-studenti\/informatii-specifice-facultatii\/disertatie\/","title":{"rendered":"Diserta\u021bie"},"content":{"rendered":"\t\t<div data-elementor-type=\"wp-post\" data-elementor-id=\"7285\" class=\"elementor elementor-7285\" data-elementor-post-type=\"page\">\n\t\t\t\t\t\t<section class=\"elementor-section elementor-top-section elementor-element elementor-element-6543725 elementor-section-boxed elementor-section-height-default elementor-section-height-default\" data-id=\"6543725\" data-element_type=\"section\" data-e-type=\"section\">\n\t\t\t\t\t\t<div class=\"elementor-container elementor-column-gap-default\">\n\t\t\t\t\t<div class=\"elementor-column elementor-col-100 elementor-top-column elementor-element elementor-element-735a30f\" data-id=\"735a30f\" data-element_type=\"column\" data-e-type=\"column\">\n\t\t\t<div class=\"elementor-widget-wrap elementor-element-populated\">\n\t\t\t\t\t\t<div class=\"elementor-element elementor-element-df76d61 elementor-widget elementor-widget-text-editor\" data-id=\"df76d61\" data-element_type=\"widget\" data-e-type=\"widget\" data-widget_type=\"text-editor.default\">\n\t\t\t\t<div class=\"elementor-widget-container\">\n\t\t\t\t\t\t\t\t\t<h2>Sesiunea iulie 2026<\/h2><p>Regulamentul de organizare \u015fi desf\u0103\u0219urare a examenelor de absolvire, licen\u0163\u0103\/diplom\u0103 \u015fi diserta\u021bie <br \/>Cod regulament: <a href=\"https:\/\/umfst.ro\/fileadmin\/documente_oficiale\/regulamente\/UMFST-REG-18%20Ed.11.pdf\" target=\"_blank\" rel=\"noopener\">UMFST-REG-18 Edi\u0163ia 11<\/a><\/p><h2>Sesiunea iulie 2025<\/h2><p><strong>\u00cen aten\u021bia studen\u021bilor \u0219i masteranzilor, viitori absolven\u021bi ai Facult\u0103\u021bii de Medicin\u0103 a UMFST \u201cG. E. Palade\u201d din T\u00e2rgu Mure\u0219<\/strong><\/p><p>\u00cen vederea preg\u0103tirii examenului de licen\u021b\u0103\/diserta\u021bie, aducem la cuno\u0219tin\u021ba studen\u021bilor \u0219i masteranzilor, viitori absolven\u021bi, urm\u0103toarele:<\/p><ul><li>Lucr\u0103rile de licen\u021b\u0103 \u0219i diserta\u021bie vor fi \u00eenc\u0103rcate \u00een platforma Microsoft Forms, acces\u00e2nd urm\u0103torul <em>link<\/em>:<\/li><\/ul><p><a href=\"https:\/\/forms.office.com\/pages\/responsepage.aspx?id=ftE5uhw6yEOtrxFkeg7eYdBggUCOzgtChxaS98cY70dUQkNTNjMzOEYzNDlDOU1CWUg0UE03STg4WS4u&amp;route=shorturl\" target=\"_blank\" rel=\"noopener\">https:\/\/forms.office.com\/pages\/responsepage.aspx?id=ftE5uhw6yEOtrxFkeg7eYdBggUCOzgtChxaS98cY70dUQkNTNjMzOEYzNDlDOU1CWUg0UE03STg4WS4u&amp;route=shorturl<\/a>.<\/p><ul><li><em><u>Link<\/u><\/em><u>-ul va deveni activ \u00eencep\u00e2nd cu data de 13 iunie 2025.<\/u><\/li><li>Conform Hot\u0103r\u00e2rii CA nr. 24\/13.03.2025, fiecare lucrare de licen\u021b\u0103\/diserta\u021bie va fi scanat\u0103 antiplagiat o singur\u0103 dat\u0103, \u00een momentul finaliz\u0103rii \u0219i depunerii lucr\u0103rilor. Pentru cei care doresc o scanare anterior depunerii lucr\u0103rii, aceasta se va face prin resurse proprii.<\/li><li>Conform Hot\u0103r\u00e2rii CA nr. 7\/12.04.2024, &#8222;toate lucr\u0103rile de licen\u021b\u0103 [\u0219i] de diserta\u021bie [&#8230;] se vor scana \u00een procent de 100% antiplagiat \u0219i \u00een procent de 25%, prin sondaj, anti-AI.&#8221;<\/li><\/ul><p>Fi\u0219ierul va fi denumit astfel: <em>Licen\u021b\u0103\/Diserta\u021bie_202X_num eAbsolvent_Ini\u021biala tat\u0103lui_prenume Absolvent_Ini\u021biale program de studiu.<\/em><\/p><p>V\u0103 rug\u0103m s\u0103 ave\u021bi \u00een vedere urm\u0103toarele <strong><u>termene limit\u0103<\/u><\/strong><u>:<\/u><\/p><ul><li>13 iunie 2025 \u2013 deschiderea platformei pentru \u00eenc\u0103rcarea lucr\u0103rilor de licen\u021b\u0103\/diserta\u021bie \u2013 folosind <em>link<\/em>-ul men\u021bionat mai sus;<\/li><li>4 iulie 2025 \u2013 termenul limit\u0103 pentru \u00eenc\u0103rcarea \u00een platform\u0103 a lucr\u0103rilor de licen\u021b\u0103\/diserta\u021bie;<\/li><li>7 iulie 2025 \u2013 termenul limit\u0103 pentru scanarea antiplagiat +\/- anti-AI a lucr\u0103rilor de licen\u021b\u0103\/diserta\u021bie.<\/li><\/ul><p><strong>Av\u00e2nd \u00een vedere intervalul scurt de timp disponibil pentru scanarea lucr\u0103rilor, v\u0103 recomand\u0103m s\u0103 \u00eenc\u0103rca\u021bi c\u00e2t mai rapid lucr\u0103rile de licen\u021b\u0103\/diserta\u021bie \u00een platform\u0103, pentru a le oferi cadrelor didactice timpul necesar pentru scanarea lucr\u0103rilor \u0219i pentru a permite rezolvarea eventualelor probleme care ar putea ap\u0103rea.<\/strong><\/p><p>1. Regulamentul de organizare \u015fi desf\u0103\u0219urare a examenelor de absolvire, licen\u0163\u0103\/diplom\u0103 \u015fi diserta\u021bie din cadrul Universit\u0103\u021bii de Medicin\u0103, Farmacie, \u0218tiin\u021be \u0219i Tehnologie George Emil Palade din T\u00e2rgu Mure\u0219 Cod regulament: <a href=\"https:\/\/www.umfst.ro\/fileadmin\/documente_oficiale\/regulamente\/UMFST-REG-18.pdf\">UMFST-REG-18 &#8211; Edi\u0163ia\u00a010<\/a><\/p><p>2. <a href=\"https:\/\/www.umfst.ro\/fileadmin\/f_medicina\/masterat\/2025\/Facultatea de Medicina_Comisii examene de disertatie Iulie 2025.pdf\" data-uw-pdf-br=\"2\" data-uw-pdf-doc=\"\">Comisii de disertatie<\/a> \u2013 Sesiunea IULIE 2025<\/p>\t\t\t\t\t\t\t\t<\/div>\n\t\t\t\t<\/div>\n\t\t\t\t<div class=\"elementor-element elementor-element-661506a elementor-widget elementor-widget-text-editor\" data-id=\"661506a\" data-element_type=\"widget\" data-e-type=\"widget\" data-widget_type=\"text-editor.default\">\n\t\t\t\t<div class=\"elementor-widget-container\">\n\t\t\t\t\t\t\t\t\t<h2>Sesiunea iulie 2024<\/h2><p>1 Regulamentul de organizare \u015fi desf\u0103\u0219urare a examenelor de absolvire, licen\u0163\u0103\/diplom\u0103 \u015fi diserta\u021bie din cadrul Universit\u0103\u021bii de Medicin\u0103, Farmacie, \u0218tiin\u021be \u0219i Tehnologie George Emil Palade din T\u00e2rgu Mure\u0219 Cod regulament: <a href=\"https:\/\/www.umfst.ro\/fileadmin\/f_medicina\/masterat\/2024\/UMFST-REG-18-ed09.pdf\">UMFST-REG-18 Edi\u0163ia 09<\/a><\/p><p>2 <a href=\"https:\/\/www.umfst.ro\/fileadmin\/f_medicina\/masterat\/2024\/Medicina_Comisii%20disertatie%20masterate%202024.pdf\">Comisii de disertatie<\/a> &#8211; Sesiunea IULIE 2024<\/p><p>3 <a href=\"https:\/\/www.umfst.ro\/fileadmin\/f_medicina\/masterat\/2024\/Instruc%C8%9Biuni%20%C3%AEnc%C4%83rcare%20lucrare%20licen%C8%9B%C4%83%20%C8%99i%20diserta%C8%9Bie.pdf\">Instruc\u021biuni \u00eenc\u0103rcare lucrare licen\u021b\u0103 \u0219i diserta\u021bie<\/a><\/p><p>4 <a href=\"https:\/\/www.umfst.ro\/fileadmin\/f_medicina\/masterat\/2024\/Indrumari_privind_examenul_de_disertatie-Sesiunea_Iulie_2024.pdf\">Indrum\u0103ri privind examenul de disertatie<\/a> &#8211; Sesiunea Iulie 2024<\/p>\t\t\t\t\t\t\t\t<\/div>\n\t\t\t\t<\/div>\n\t\t\t\t\t<\/div>\n\t\t<\/div>\n\t\t\t\t\t<\/div>\n\t\t<\/section>\n\t\t\t\t<\/div>\n\t\t","protected":false},"excerpt":{"rendered":"<p>Sesiunea iulie 2026 Regulamentul de organizare \u015fi desf\u0103\u0219urare a examenelor de absolvire, licen\u0163\u0103\/diplom\u0103 \u015fi diserta\u021bie Cod regulament: UMFST-REG-18 Edi\u0163ia 11 Sesiunea iulie 2025 \u00cen aten\u021bia studen\u021bilor \u0219i masteranzilor, viitori absolven\u021bi ai Facult\u0103\u021bii de Medicin\u0103 a UMFST \u201cG. E. Palade\u201d din T\u00e2rgu Mure\u0219 \u00cen vederea preg\u0103tirii examenului de licen\u021b\u0103\/diserta\u021bie, aducem la cuno\u0219tin\u021ba studen\u021bilor \u0219i masteranzilor, viitori [&hellip;]<\/p>\n","protected":false},"author":25,"featured_media":0,"parent":620,"menu_order":11,"comment_status":"closed","ping_status":"closed","template":"","meta":{"_relevanssi_hide_post":"","_relevanssi_hide_content":"","_relevanssi_pin_for_all":"","_relevanssi_pin_keywords":"","_relevanssi_unpin_keywords":"","_relevanssi_related_keywords":"","_relevanssi_related_include_ids":"","_relevanssi_related_exclude_ids":"","_relevanssi_related_no_append":"","_relevanssi_related_not_related":"","_relevanssi_related_posts":"1","_relevanssi_noindex_reason":"","footnotes":""},"categories":[13,42],"tags":[],"class_list":["post-7285","page","type-page","status-publish","hentry","category-pagina-cu-sidebar","category-pagina-studenti"],"meta_box":[],"_links":{"self":[{"href":"https:\/\/umfst.ro\/facultatea-de-medicina\/hu\/wp-json\/wp\/v2\/pages\/7285","targetHints":{"allow":["GET"]}}],"collection":[{"href":"https:\/\/umfst.ro\/facultatea-de-medicina\/hu\/wp-json\/wp\/v2\/pages"}],"about":[{"href":"https:\/\/umfst.ro\/facultatea-de-medicina\/hu\/wp-json\/wp\/v2\/types\/page"}],"author":[{"embeddable":true,"href":"https:\/\/umfst.ro\/facultatea-de-medicina\/hu\/wp-json\/wp\/v2\/users\/25"}],"replies":[{"embeddable":true,"href":"https:\/\/umfst.ro\/facultatea-de-medicina\/hu\/wp-json\/wp\/v2\/comments?post=7285"}],"version-history":[{"count":20,"href":"https:\/\/umfst.ro\/facultatea-de-medicina\/hu\/wp-json\/wp\/v2\/pages\/7285\/revisions"}],"predecessor-version":[{"id":9005,"href":"https:\/\/umfst.ro\/facultatea-de-medicina\/hu\/wp-json\/wp\/v2\/pages\/7285\/revisions\/9005"}],"up":[{"embeddable":true,"href":"https:\/\/umfst.ro\/facultatea-de-medicina\/hu\/wp-json\/wp\/v2\/pages\/620"}],"wp:attachment":[{"href":"https:\/\/umfst.ro\/facultatea-de-medicina\/hu\/wp-json\/wp\/v2\/media?parent=7285"}],"wp:term":[{"taxonomy":"category","embeddable":true,"href":"https:\/\/umfst.ro\/facultatea-de-medicina\/hu\/wp-json\/wp\/v2\/categories?post=7285"},{"taxonomy":"post_tag","embeddable":true,"href":"https:\/\/umfst.ro\/facultatea-de-medicina\/hu\/wp-json\/wp\/v2\/tags?post=7285"}],"curies":[{"name":"wp","href":"https:\/\/api.w.org\/{rel}","templated":true}]}}