{"id":73,"date":"2022-11-07T16:14:33","date_gmt":"2022-11-07T14:14:33","guid":{"rendered":"https:\/\/dev.umfst.ro\/facultatea-de-medicina\/?page_id=73"},"modified":"2024-04-17T11:00:48","modified_gmt":"2024-04-17T08:00:48","slug":"m1fotanszek-morfologiai-tudomanyok-2","status":"publish","type":"page","link":"https:\/\/umfst.ro\/facultatea-de-medicina\/hu\/departamente-si-discipline\/m1-stiinte-morfologice\/","title":{"rendered":"M1F\u0151tansz\u00e9k \u2013 Morfol\u00f3giai tudom\u00e1nyok"},"content":{"rendered":"<div data-elementor-type=\"wp-post\" data-elementor-id=\"73\" class=\"elementor elementor-73\" data-elementor-post-type=\"page\">\n\t\t\t\t\t\t<section class=\"elementor-section elementor-top-section elementor-element elementor-element-1a021ad elementor-section-boxed elementor-section-height-default elementor-section-height-default\" data-id=\"1a021ad\" data-element_type=\"section\" data-e-type=\"section\">\n\t\t\t\t\t\t<div class=\"elementor-container elementor-column-gap-default\">\n\t\t\t\t\t<div class=\"elementor-column elementor-col-50 elementor-top-column elementor-element elementor-element-8219089\" data-id=\"8219089\" data-element_type=\"column\" data-e-type=\"column\">\n\t\t\t<div class=\"elementor-widget-wrap elementor-element-populated\">\n\t\t\t\t\t\t<div class=\"elementor-element elementor-element-62789b9 elementor-widget__width-initial elementor-widget elementor-widget-text-editor\" data-id=\"62789b9\" data-element_type=\"widget\" data-e-type=\"widget\" data-widget_type=\"text-editor.default\">\n\t\t\t\t<div class=\"elementor-widget-container\">\n\t\t\t\t\t\t\t\t\t<h2>Membrii ale\u0219i Consiliu Departament M1 LR<\/h2><p>Prof. univ. dr. Klara Br\u00eenzaniuc<br \/>Prof. univ. dr. Claudia Violeta Banescu<br \/>Prof. univ. dr. Ileana-Anca Sin<br \/>dr. Andrada Loghin egyetemi el\u0151ad\u00f3tan\u00e1r<br \/>\u0218ef lucr. dr. Cosmin Nicolescu<br \/>\u015eef lucr. dr. Remus-Sebastian \u0218ipo\u0219<br \/>\u0218ef lucr. dr. C\u0103t\u0103lin Co\u0219arc\u0103<\/p><h2>Membrii ale\u0219i Consiliu Departament M1 LM<\/h2><p>Conf. univ. dr. D\u00e9nes L\u00f3r\u00e1nd<br \/>Conf. univ. dr. Horv\u00e1th Em\u0151ke<br \/>\u0218ef lucr. dr. Raduly Gergely<\/p>\t\t\t\t\t\t\t\t<\/div>\n\t\t\t\t<\/div>\n\t\t\t\t\t<\/div>\n\t\t<\/div>\n\t\t\t\t<div class=\"elementor-column elementor-col-50 elementor-top-column elementor-element elementor-element-484765e\" data-id=\"484765e\" data-element_type=\"column\" data-e-type=\"column\">\n\t\t\t<div class=\"elementor-widget-wrap elementor-element-populated\">\n\t\t\t\t\t\t<section class=\"elementor-section elementor-inner-section elementor-element elementor-element-c805c6e elementor-section-boxed elementor-section-height-default elementor-section-height-default\" data-id=\"c805c6e\" data-element_type=\"section\" data-e-type=\"section\">\n\t\t\t\t\t\t<div class=\"elementor-container elementor-column-gap-default\">\n\t\t\t\t\t<div data-dce-background-color=\"#F2F7FF\" class=\"elementor-column elementor-col-100 elementor-inner-column elementor-element elementor-element-7df3f69\" data-id=\"7df3f69\" data-element_type=\"column\" data-e-type=\"column\" data-settings=\"{&quot;background_background&quot;:&quot;classic&quot;}\">\n\t\t\t<div class=\"elementor-widget-wrap elementor-element-populated\">\n\t\t\t\t\t\t<div class=\"elementor-element elementor-element-276ec67 elementor-widget elementor-widget-heading\" data-id=\"276ec67\" data-element_type=\"widget\" data-e-type=\"widget\" data-widget_type=\"heading.default\">\n\t\t\t\t<div class=\"elementor-widget-container\">\n\t\t\t\t\t<h5 class=\"elementor-heading-title elementor-size-default\">Contact<\/h5>\t\t\t\t<\/div>\n\t\t\t\t<\/div>\n\t\t\t\t<div class=\"elementor-element elementor-element-fa5cc48 elementor-widget-divider--view-line elementor-widget elementor-widget-divider\" data-id=\"fa5cc48\" data-element_type=\"widget\" data-e-type=\"widget\" data-widget_type=\"divider.default\">\n\t\t\t\t<div class=\"elementor-widget-container\">\n\t\t\t\t\t\t\t<div class=\"elementor-divider\">\n\t\t\t<span class=\"elementor-divider-separator\">\n\t\t\t\t\t\t<\/span>\n\t\t<\/div>\n\t\t\t\t\t\t<\/div>\n\t\t\t\t<\/div>\n\t\t\t\t<div class=\"elementor-element elementor-element-934c7b5 elementor-widget elementor-widget-icon-box\" data-id=\"934c7b5\" data-element_type=\"widget\" data-e-type=\"widget\" data-widget_type=\"icon-box.default\">\n\t\t\t\t<div class=\"elementor-widget-container\">\n\t\t\t\t\t\t\t<div class=\"elementor-icon-box-wrapper\">\n\n\t\t\t\n\t\t\t\t\t\t<div class=\"elementor-icon-box-content\">\n\n\t\t\t\t\t\t\t\t\t<h3 class=\"elementor-icon-box-title\">\n\t\t\t\t\t\t<span  >\n\t\t\t\t\t\t\tAdres\u0103\t\t\t\t\t\t<\/span>\n\t\t\t\t\t<\/h3>\n\t\t\t\t\n\t\t\t\t\t\t\t\t\t<p class=\"elementor-icon-box-description\">\n\t\t\t\t\t\tStr. Gheorghe Marinescu Nr. 38\nT\u00e2rgu Mure\u0219, 540139\nROM\u00c2NIA\t\t\t\t\t<\/p>\n\t\t\t\t\n\t\t\t<\/div>\n\t\t\t\n\t\t<\/div>\n\t\t\t\t\t\t<\/div>\n\t\t\t\t<\/div>\n\t\t\t\t<div class=\"elementor-element elementor-element-db86ed5 elementor-widget elementor-widget-icon-box\" data-id=\"db86ed5\" data-element_type=\"widget\" data-e-type=\"widget\" data-widget_type=\"icon-box.default\">\n\t\t\t\t<div class=\"elementor-widget-container\">\n\t\t\t\t\t\t\t<div class=\"elementor-icon-box-wrapper\">\n\n\t\t\t\n\t\t\t\t\t\t<div class=\"elementor-icon-box-content\">\n\n\t\t\t\t\t\t\t\t\t<h3 class=\"elementor-icon-box-title\">\n\t\t\t\t\t\t<span  >\n\t\t\t\t\t\t\tPersoan\u0103 de contact\t\t\t\t\t\t<\/span>\n\t\t\t\t\t<\/h3>\n\t\t\t\t\n\t\t\t\t\n\t\t\t<\/div>\n\t\t\t\n\t\t<\/div>\n\t\t\t\t\t\t<\/div>\n\t\t\t\t<\/div>\n\t\t\t\t<div class=\"elementor-element elementor-element-5fe71d5 elementor-widget elementor-widget-icon-box\" data-id=\"5fe71d5\" data-element_type=\"widget\" data-e-type=\"widget\" data-widget_type=\"icon-box.default\">\n\t\t\t\t<div class=\"elementor-widget-container\">\n\t\t\t\t\t\t\t<div class=\"elementor-icon-box-wrapper\">\n\n\t\t\t\n\t\t\t\t\t\t<div class=\"elementor-icon-box-content\">\n\n\t\t\t\t\t\t\t\t\t<h3 class=\"elementor-icon-box-title\">\n\t\t\t\t\t\t<span  >\n\t\t\t\t\t\t\tEmail\t\t\t\t\t\t<\/span>\n\t\t\t\t\t<\/h3>\n\t\t\t\t\n\t\t\t\t\n\t\t\t<\/div>\n\t\t\t\n\t\t<\/div>\n\t\t\t\t\t\t<\/div>\n\t\t\t\t<\/div>\n\t\t\t\t<div class=\"elementor-element elementor-element-9bff6a8 elementor-widget elementor-widget-icon-box\" data-id=\"9bff6a8\" data-element_type=\"widget\" data-e-type=\"widget\" data-widget_type=\"icon-box.default\">\n\t\t\t\t<div class=\"elementor-widget-container\">\n\t\t\t\t\t\t\t<div class=\"elementor-icon-box-wrapper\">\n\n\t\t\t\n\t\t\t\t\t\t<div class=\"elementor-icon-box-content\">\n\n\t\t\t\t\t\t\t\t\t<h3 class=\"elementor-icon-box-title\">\n\t\t\t\t\t\t<span  >\n\t\t\t\t\t\t\tTelefon\t\t\t\t\t\t<\/span>\n\t\t\t\t\t<\/h3>\n\t\t\t\t\n\t\t\t\t\n\t\t\t<\/div>\n\t\t\t\n\t\t<\/div>\n\t\t\t\t\t\t<\/div>\n\t\t\t\t<\/div>\n\t\t\t\t\t<\/div>\n\t\t<\/div>\n\t\t\t\t\t<\/div>\n\t\t<\/section>\n\t\t\t\t\t<\/div>\n\t\t<\/div>\n\t\t\t\t\t<\/div>\n\t\t<\/section>\n\t\t\t\t<\/div>","protected":false},"excerpt":{"rendered":"<p>Membrii ale\u0219i Consiliu Departament M1 LR Prof. univ. dr. Klara Br\u00eenzaniucProf. univ. dr. Claudia Violeta BanescuProf. univ. dr. Ileana-Anca SinConf. univ. dr. Andrada Loghin\u0218ef lucr. dr. Cosmin Nicolescu\u015eef lucr. dr. Remus-Sebastian \u0218ipo\u0219\u0218ef lucr. dr. C\u0103t\u0103lin Co\u0219arc\u0103 Membrii ale\u0219i Consiliu Departament M1 LM Conf. univ. dr. D\u00e9nes L\u00f3r\u00e1ndConf. univ. dr. Horv\u00e1th Em\u0151ke\u0218ef lucr. dr. Raduly Gergely [&hellip;]<\/p>\n","protected":false},"author":4,"featured_media":0,"parent":69,"menu_order":0,"comment_status":"closed","ping_status":"closed","template":"","meta":{"_relevanssi_hide_post":"","_relevanssi_hide_content":"","_relevanssi_pin_for_all":"","_relevanssi_pin_keywords":"","_relevanssi_unpin_keywords":"","_relevanssi_related_keywords":"","_relevanssi_related_include_ids":"","_relevanssi_related_exclude_ids":"","_relevanssi_related_no_append":"","_relevanssi_related_not_related":"","_relevanssi_related_posts":"1","_relevanssi_noindex_reason":"","footnotes":""},"categories":[13,40],"tags":[],"class_list":["post-73","page","type-page","status-publish","hentry","category-pagina-cu-sidebar","category-pagina-departamente-si-discipline"],"meta_box":[],"_links":{"self":[{"href":"https:\/\/umfst.ro\/facultatea-de-medicina\/hu\/wp-json\/wp\/v2\/pages\/73","targetHints":{"allow":["GET"]}}],"collection":[{"href":"https:\/\/umfst.ro\/facultatea-de-medicina\/hu\/wp-json\/wp\/v2\/pages"}],"about":[{"href":"https:\/\/umfst.ro\/facultatea-de-medicina\/hu\/wp-json\/wp\/v2\/types\/page"}],"author":[{"embeddable":true,"href":"https:\/\/umfst.ro\/facultatea-de-medicina\/hu\/wp-json\/wp\/v2\/users\/4"}],"replies":[{"embeddable":true,"href":"https:\/\/umfst.ro\/facultatea-de-medicina\/hu\/wp-json\/wp\/v2\/comments?post=73"}],"version-history":[{"count":67,"href":"https:\/\/umfst.ro\/facultatea-de-medicina\/hu\/wp-json\/wp\/v2\/pages\/73\/revisions"}],"predecessor-version":[{"id":6973,"href":"https:\/\/umfst.ro\/facultatea-de-medicina\/hu\/wp-json\/wp\/v2\/pages\/73\/revisions\/6973"}],"up":[{"embeddable":true,"href":"https:\/\/umfst.ro\/facultatea-de-medicina\/hu\/wp-json\/wp\/v2\/pages\/69"}],"wp:attachment":[{"href":"https:\/\/umfst.ro\/facultatea-de-medicina\/hu\/wp-json\/wp\/v2\/media?parent=73"}],"wp:term":[{"taxonomy":"category","embeddable":true,"href":"https:\/\/umfst.ro\/facultatea-de-medicina\/hu\/wp-json\/wp\/v2\/categories?post=73"},{"taxonomy":"post_tag","embeddable":true,"href":"https:\/\/umfst.ro\/facultatea-de-medicina\/hu\/wp-json\/wp\/v2\/tags?post=73"}],"curies":[{"name":"wp","href":"https:\/\/api.w.org\/{rel}","templated":true}]}}