{"id":3048,"date":"2023-06-21T17:10:50","date_gmt":"2023-06-21T14:10:50","guid":{"rendered":"https:\/\/dev.umfst.ro\/facultatea-de-medicina\/?page_id=3048"},"modified":"2025-10-21T14:41:15","modified_gmt":"2025-10-21T11:41:15","slug":"sanatate-publica-si-managementul-sanitar","status":"publish","type":"page","link":"https:\/\/umfst.ro\/facultatea-de-medicina\/departamente-si-discipline\/m2-stiinte-functionale-complementare\/sanatate-publica-si-managementul-sanitar\/","title":{"rendered":"S\u0103n\u0103tate public\u0103 \u0219i managementul sanitar"},"content":{"rendered":"\t\t<div data-elementor-type=\"wp-page\" data-elementor-id=\"3048\" class=\"elementor elementor-3048\" data-elementor-post-type=\"page\">\n\t\t\t\t\t\t<section class=\"elementor-section elementor-top-section elementor-element elementor-element-7a83ac91 elementor-section-boxed elementor-section-height-default elementor-section-height-default\" data-id=\"7a83ac91\" data-element_type=\"section\" data-e-type=\"section\">\n\t\t\t\t\t\t<div class=\"elementor-container elementor-column-gap-default\">\n\t\t\t\t\t<div class=\"elementor-column elementor-col-50 elementor-top-column elementor-element elementor-element-3e42cb35\" data-id=\"3e42cb35\" data-element_type=\"column\" data-e-type=\"column\">\n\t\t\t<div class=\"elementor-widget-wrap elementor-element-populated\">\n\t\t\t\t\t\t<div class=\"elementor-element elementor-element-3bc7ea5 elementor-widget elementor-widget-text-editor\" data-id=\"3bc7ea5\" data-element_type=\"widget\" data-e-type=\"widget\" data-widget_type=\"text-editor.default\">\n\t\t\t\t<div class=\"elementor-widget-container\">\n\t\t\t\t\t\t\t\t\t<h2>Colectivul disciplinei<\/h2><p><strong>\u0218ef disciplin\u0103<\/strong><br \/>Prof. univ. dr. Corneliu-Florin Buicu &#8211; <a href=\"https:\/\/www.umfst.ro\/fileadmin\/f_medicina\/Cadre_didactice\/2025-2026\/Departament_M2\/Sanatate_publica_si_management_sanitar\/SPMS_Buicu_C_F_CV.pdf\" target=\"_blank\" rel=\"noopener\">CV<\/a><\/p><p><strong>Membri<br \/><\/strong>Conf. univ. dr. Gasparik Andrea Ildiko &#8211; <a href=\"https:\/\/www.umfst.ro\/fileadmin\/f_medicina\/Cadre_didactice\/2025-2026\/Departament_M2\/Sanatate_publica_si_management_sanitar\/SPMS_Gasparik_A_I_CV.pdf\">CV<\/a><br \/>\u0218ef lucr. dr. Daniela-Edith Cean\u0103 &#8211; <a href=\"https:\/\/www.umfst.ro\/fileadmin\/f_medicina\/Cadre_didactice\/2025-2026\/Departament_M2\/Sanatate_publica_si_management_sanitar\/SPMS_Ceana_D_E_CV.pdf\" target=\"_blank\" rel=\"noopener\">CV<\/a><br \/>\u0218ef lucr. dr. Finta Hajnal &#8211; <a href=\"https:\/\/www.umfst.ro\/fileadmin\/f_medicina\/Cadre_didactice\/2025-2026\/Departament_M2\/Sanatate_publica_si_management_sanitar\/SPMS_Finta_H_CV.pdf\">CV<\/a><br \/>Asist. univ. dr. Iuliu Moldovan &#8211; <a href=\"https:\/\/www.umfst.ro\/fileadmin\/f_medicina\/Cadre_didactice\/2025-2026\/Departament_M2\/Sanatate_publica_si_management_sanitar\/SPMS_Moldovan_I_CV.pdf\" target=\"_blank\" rel=\"noopener\">CV<\/a><\/p>\t\t\t\t\t\t\t\t<\/div>\n\t\t\t\t<\/div>\n\t\t\t\t<div class=\"elementor-element elementor-element-5a40efe elementor-widget elementor-widget-text-editor\" data-id=\"5a40efe\" data-element_type=\"widget\" data-e-type=\"widget\" data-widget_type=\"text-editor.default\">\n\t\t\t\t<div class=\"elementor-widget-container\">\n\t\t\t\t\t\t\t\t\t<h2>Activitate didactic\u0103<\/h2>\t\t\t\t\t\t\t\t<\/div>\n\t\t\t\t<\/div>\n\t\t\t\t<div class=\"elementor-element elementor-element-84ff91c elementor-widget elementor-widget-jet-accordion\" data-id=\"84ff91c\" data-element_type=\"widget\" data-e-type=\"widget\" data-widget_type=\"jet-accordion.default\">\n\t\t\t\t<div class=\"elementor-widget-container\">\n\t\t\t\t\t\t\t\t\t<div class=\"jet-accordion\" data-settings=\"{&quot;collapsible&quot;:false,&quot;ajaxTemplate&quot;:false,&quot;switchScrolling&quot;:false,&quot;switchScrollingTablet&quot;:false,&quot;switchScrollingMobile&quot;:false,&quot;switchScrollingOffset&quot;:{&quot;size&quot;:0,&quot;unit&quot;:&quot;px&quot;},&quot;switchScrollingOffsetTablet&quot;:{&quot;size&quot;:0,&quot;unit&quot;:&quot;px&quot;},&quot;switchScrollingOffsetMobile&quot;:{&quot;size&quot;:0,&quot;unit&quot;:&quot;px&quot;},&quot;switchScrollingDelay&quot;:500,&quot;switchScrollingDelayTablet&quot;:500,&quot;switchScrollingDelayMobile&quot;:500}\">\n\t\t\t<div class=\"jet-accordion__inner\">\n\t\t\t\t<div class=\" jet-accordion__item jet-toggle jet-toggle-move-up-effect \">\n\t\t\t\t\t\t\t<div id=\"jet-toggle-control-1391\" class=\"jet-toggle__control elementor-menu-anchor\" data-toggle=\"1\" role=\"button\" tabindex=\"0\" aria-controls=\"jet-toggle-content-1391\" aria-expanded=\"false\" data-template-id=\"false\">\n\t\t\t\t\t\t\t\t<div class=\"jet-toggle__label-icon jet-toggle-icon-position-right\"><span class=\"jet-toggle__icon icon-normal jet-tabs-icon\"><svg xmlns=\"http:\/\/www.w3.org\/2000\/svg\" viewBox=\"0 0 448 512\"><path d=\"M256 80c0-17.7-14.3-32-32-32s-32 14.3-32 32V224H48c-17.7 0-32 14.3-32 32s14.3 32 32 32H192V432c0 17.7 14.3 32 32 32s32-14.3 32-32V288H400c17.7 0 32-14.3 32-32s-14.3-32-32-32H256V80z\"><\/path><\/svg><\/span><span class=\"jet-toggle__icon icon-active jet-tabs-icon\"><svg xmlns=\"http:\/\/www.w3.org\/2000\/svg\" viewBox=\"0 0 448 512\"><path d=\"M432 256c0 17.7-14.3 32-32 32L48 288c-17.7 0-32-14.3-32-32s14.3-32 32-32l352 0c17.7 0 32 14.3 32 32z\"><\/path><\/svg><\/span><\/div><div class=\"jet-toggle__label-text\">Cursuri pentru studen\u021bi<\/div>\t\t\t\t\t\t\t<\/div>\n\t\t\t\t\t\t\t<div id=\"jet-toggle-content-1391\" class=\"jet-toggle__content\" data-toggle=\"1\" role=\"region\" data-template-id=\"false\">\n\t\t\t\t\t\t\t\t<div class=\"jet-toggle__content-inner\"><p style=\"margin-top: 0cm;background: white\"><strong><span style=\"font-family: 'Arial',sans-serif;color: #0f0f0f\">CONF. UNIV. DR. BUICU CORNELIU FLORIN<\/span><\/strong><\/p><p style=\"margin-top: 0cm;background: white\"><span style=\"font-family: 'Arial',sans-serif;color: #0f0f0f\">1. Sanatate Publica si Management Sanitar_L,R, curs, FMED, ANUL VI, MG<\/span><\/p><p style=\"margin-top: 0cm;background: white\"><span style=\"font-family: 'Arial',sans-serif;color: #0f0f0f\">2. Asistenta primara a starii de sanatate_L,R, curs, FMED, ANUL VI, MG<\/span><\/p><p style=\"margin-top: 0cm;background: white\"><span style=\"font-family: 'Arial',sans-serif;color: #0f0f0f\">3. Organizare, func\u021bionare \u0219i legisla\u021bia serviciilor de s\u0103n\u0103tate, curs, FMED, MMSS<\/span><\/p><p style=\"margin-top: 0cm;background: white\"><span style=\"font-family: 'Arial',sans-serif;color: #0f0f0f\">4. S\u0103n\u0103tate Public\u0103, curs, FMED, MMSS<\/span><\/p><p style=\"margin-top: 0cm;background: white\"><span style=\"font-family: 'Arial',sans-serif;color: #0f0f0f\">5. S\u0103n\u0103tate Public\u0103 Nutri\u021bional\u0103, , curs, FMED, MNCC<\/span><\/p><p style=\"margin-top: 0cm;background: white\"><span style=\"font-family: 'Arial',sans-serif;color: #0f0f0f\">6. Interven\u021bia fiziokinetoterapeutului \u00een s\u0103n\u0103tatea public\u0103, curs, FMED, MTFRF<\/span><\/p><p style=\"margin-top: 0cm;background: white\"><strong><span style=\"font-family: 'Arial',sans-serif;color: #0f0f0f\">\u0218EF LUCR. DR. CEAN\u0102 DANIELA-EDITH<\/span><\/strong><\/p><p style=\"margin-top: 0cm;background: white\"><span style=\"font-family: 'Arial',sans-serif;color: #0f0f0f\">1. Sanatate Publica si Management Sanitar_L,R, curs \u0219i lucr\u0103ri practice, FMED, ANUL VI, MG<\/span><\/p><p style=\"margin-top: 0cm;background: white\"><span style=\"font-family: 'Arial',sans-serif;color: #0f0f0f\">2. Sanatate Publica si Management Sanitar, curs \u0219i lucr\u0103ri practice, FMED, ANUL I, NUT<\/span><\/p><p style=\"margin-top: 0cm;background: white\"><span style=\"font-family: 'Arial',sans-serif;color: #0f0f0f\">3. Legisla\u021bie, principii de administra\u021bi \u0219i organizare a serviciilor de nutri\u021bie, curs \u0219i lucr\u0103ri practice, FMED, ANUL II, NUT<\/span><\/p><p style=\"margin-top: 0cm;background: white\"><span style=\"font-family: 'Arial',sans-serif;color: #0f0f0f\">4. Organizare, func\u021bionare \u0219i legisla\u021bia serviciilor de s\u0103n\u0103tate, lucr\u0103ri practice, FMED, MMSS<\/span><\/p><p style=\"margin-top: 0cm;background: white\"><span style=\"font-family: 'Arial',sans-serif;color: #0f0f0f\">5. S\u0103n\u0103tate Public\u0103, lucr\u0103ri practice, FMED, MMSS<\/span><\/p><p style=\"margin-top: 0cm;background: white\"><span style=\"font-family: 'Arial',sans-serif;color: #0f0f0f\">6. Interven\u021bia fiziokinetoterapeutului \u00een s\u0103n\u0103tatea public\u0103, lucr\u0103ri practice, FMED, MTFRF<\/span><\/p><p style=\"margin-top: 0cm;background: white\"><span style=\"font-family: 'Arial',sans-serif;color: #0f0f0f\">7. Managementul cabinetului dentar_L,R, curs, FMDE, ANUL VI, MD<\/span><\/p><p style=\"margin-top: 0cm;background: white\"><span style=\"font-family: 'Arial',sans-serif;color: #0f0f0f\">8. Organizare profesionala deontologie si legislatie_L,R, curs, FMDE, ANUL VI, MD<\/span><\/p><p style=\"margin-top: 0cm;background: white\"><span style=\"font-family: 'Arial',sans-serif;color: #0f0f0f\">9. S\u0103n\u0103tate Public\u0103 Nutri\u021bional\u0103, , lucr\u0103ri practice, FMED, MNCC<\/span><\/p><p style=\"margin-top: 0cm;background: white\"><strong><span style=\"font-family: 'Arial',sans-serif;color: #0f0f0f\">\u0218EF LUCR. DR. GASPARIK ANDREA ILDIKO<\/span><\/strong><\/p><p style=\"margin-top: 0cm;background: white\"><span style=\"font-family: 'Arial',sans-serif;color: #0f0f0f\">1. Sanatate publica si Management Sanitar_L,M, curs \u0219i lucr\u0103ri practice, FMED, ANUL VI, MG<\/span><\/p><p style=\"margin-top: 0cm;background: white\"><span style=\"font-family: 'Arial',sans-serif;color: #0f0f0f\">2. Managementul cabinetului dentar_L,M, curs, FMDE, ANUL VI, MD<\/span><\/p><p style=\"margin-top: 0cm;background: white\"><span style=\"font-family: 'Arial',sans-serif;color: #0f0f0f\">3. Organizare profesionala deontologie si legislatie_L,M, curs, FMDE, ANUL VI, MD<\/span><\/p><p style=\"margin-top: 0cm;background: white\"><span style=\"font-family: 'Arial',sans-serif;color: #0f0f0f\">4. Sanatate publica si Management Sanitar_L,E curs \u0219i lucr\u0103ri practice, FMEDEng., ANUL VI, MG<\/span><\/p><p style=\"margin-top: 0cm;background: white\"><span style=\"font-family: 'Arial',sans-serif;color: #0f0f0f\">5. Asistenta primara a starii de sanatate_L,E, curs \u0219i lucr\u0103ri practice, FMEDEngl., ANUL VI, MG<\/span><\/p><p style=\"margin-top: 0cm;background: white\"><strong><span style=\"font-family: 'Arial',sans-serif;color: #0f0f0f\">ASIST. UNIV. DR. MOLDOVAN IULIU<\/span><\/strong><\/p><p style=\"margin-top: 0cm;background: white\"><span style=\"font-family: 'Arial',sans-serif;color: #0f0f0f\">1. Asistenta primara a starii de sanatate_L,R, lucr\u0103ri practice, FMED, ANUL VI, MG<\/span><\/p><\/div>\n\t\t\t\t\t\t\t<\/div>\n\t\t\t\t\t\t<\/div><div class=\" jet-accordion__item jet-toggle jet-toggle-move-up-effect \">\n\t\t\t\t\t\t\t<div id=\"jet-toggle-control-1392\" class=\"jet-toggle__control elementor-menu-anchor\" data-toggle=\"2\" role=\"button\" tabindex=\"0\" aria-controls=\"jet-toggle-content-1392\" aria-expanded=\"false\" data-template-id=\"false\">\n\t\t\t\t\t\t\t\t<div class=\"jet-toggle__label-icon jet-toggle-icon-position-right\"><span class=\"jet-toggle__icon icon-normal jet-tabs-icon\"><svg xmlns=\"http:\/\/www.w3.org\/2000\/svg\" viewBox=\"0 0 448 512\"><path d=\"M256 80c0-17.7-14.3-32-32-32s-32 14.3-32 32V224H48c-17.7 0-32 14.3-32 32s14.3 32 32 32H192V432c0 17.7 14.3 32 32 32s32-14.3 32-32V288H400c17.7 0 32-14.3 32-32s-14.3-32-32-32H256V80z\"><\/path><\/svg><\/span><span class=\"jet-toggle__icon icon-active jet-tabs-icon\"><svg xmlns=\"http:\/\/www.w3.org\/2000\/svg\" viewBox=\"0 0 448 512\"><path d=\"M432 256c0 17.7-14.3 32-32 32L48 288c-17.7 0-32-14.3-32-32s14.3-32 32-32l352 0c17.7 0 32 14.3 32 32z\"><\/path><\/svg><\/span><\/div><div class=\"jet-toggle__label-text\">Stagii clinice, lucr\u0103ri practice<\/div>\t\t\t\t\t\t\t<\/div>\n\t\t\t\t\t\t\t<div id=\"jet-toggle-content-1392\" class=\"jet-toggle__content\" data-toggle=\"2\" role=\"region\" data-template-id=\"false\">\n\t\t\t\t\t\t\t\t<div class=\"jet-toggle__content-inner\"><\/div>\n\t\t\t\t\t\t\t<\/div>\n\t\t\t\t\t\t<\/div><div class=\" jet-accordion__item jet-toggle jet-toggle-move-up-effect \">\n\t\t\t\t\t\t\t<div id=\"jet-toggle-control-1393\" class=\"jet-toggle__control elementor-menu-anchor\" data-toggle=\"3\" role=\"button\" tabindex=\"0\" aria-controls=\"jet-toggle-content-1393\" aria-expanded=\"false\" data-template-id=\"false\">\n\t\t\t\t\t\t\t\t<div class=\"jet-toggle__label-icon jet-toggle-icon-position-right\"><span class=\"jet-toggle__icon icon-normal jet-tabs-icon\"><svg xmlns=\"http:\/\/www.w3.org\/2000\/svg\" viewBox=\"0 0 448 512\"><path d=\"M256 80c0-17.7-14.3-32-32-32s-32 14.3-32 32V224H48c-17.7 0-32 14.3-32 32s14.3 32 32 32H192V432c0 17.7 14.3 32 32 32s32-14.3 32-32V288H400c17.7 0 32-14.3 32-32s-14.3-32-32-32H256V80z\"><\/path><\/svg><\/span><span class=\"jet-toggle__icon icon-active jet-tabs-icon\"><svg xmlns=\"http:\/\/www.w3.org\/2000\/svg\" viewBox=\"0 0 448 512\"><path d=\"M432 256c0 17.7-14.3 32-32 32L48 288c-17.7 0-32-14.3-32-32s14.3-32 32-32l352 0c17.7 0 32 14.3 32 32z\"><\/path><\/svg><\/span><\/div><div class=\"jet-toggle__label-text\">Manuale \u0219i \u00eendrum\u0103toare de lucr\u0103ri practice<\/div>\t\t\t\t\t\t\t<\/div>\n\t\t\t\t\t\t\t<div id=\"jet-toggle-content-1393\" class=\"jet-toggle__content\" data-toggle=\"3\" role=\"region\" data-template-id=\"false\">\n\t\t\t\t\t\t\t\t<div class=\"jet-toggle__content-inner\"><\/div>\n\t\t\t\t\t\t\t<\/div>\n\t\t\t\t\t\t<\/div>\t\t\t<\/div>\n\t\t<\/div>\n\t\t\t\t\t\t<\/div>\n\t\t\t\t<\/div>\n\t\t\t\t\t<\/div>\n\t\t<\/div>\n\t\t\t\t<div class=\"elementor-column elementor-col-50 elementor-top-column elementor-element elementor-element-1db40d4\" data-id=\"1db40d4\" data-element_type=\"column\" data-e-type=\"column\">\n\t\t\t<div class=\"elementor-widget-wrap elementor-element-populated\">\n\t\t\t\t\t\t<section class=\"elementor-section elementor-inner-section elementor-element elementor-element-8208fb5 elementor-section-boxed elementor-section-height-default elementor-section-height-default\" data-id=\"8208fb5\" data-element_type=\"section\" data-e-type=\"section\">\n\t\t\t\t\t\t<div class=\"elementor-container elementor-column-gap-default\">\n\t\t\t\t\t<div data-dce-background-color=\"#F2F7FF\" class=\"elementor-column elementor-col-100 elementor-inner-column elementor-element elementor-element-bb789fa\" data-id=\"bb789fa\" data-element_type=\"column\" data-e-type=\"column\" data-settings=\"{&quot;background_background&quot;:&quot;classic&quot;}\">\n\t\t\t<div class=\"elementor-widget-wrap elementor-element-populated\">\n\t\t\t\t\t\t<div class=\"elementor-element elementor-element-08ea10e elementor-widget elementor-widget-heading\" data-id=\"08ea10e\" data-element_type=\"widget\" data-e-type=\"widget\" data-widget_type=\"heading.default\">\n\t\t\t\t<div class=\"elementor-widget-container\">\n\t\t\t\t\t<h5 class=\"elementor-heading-title elementor-size-default\">Contact<\/h5>\t\t\t\t<\/div>\n\t\t\t\t<\/div>\n\t\t\t\t<div class=\"elementor-element elementor-element-5f583dd elementor-widget-divider--view-line elementor-widget elementor-widget-divider\" data-id=\"5f583dd\" data-element_type=\"widget\" data-e-type=\"widget\" data-widget_type=\"divider.default\">\n\t\t\t\t<div class=\"elementor-widget-container\">\n\t\t\t\t\t\t\t<div class=\"elementor-divider\">\n\t\t\t<span class=\"elementor-divider-separator\">\n\t\t\t\t\t\t<\/span>\n\t\t<\/div>\n\t\t\t\t\t\t<\/div>\n\t\t\t\t<\/div>\n\t\t\t\t<div class=\"elementor-element elementor-element-e5c342d elementor-widget elementor-widget-icon-box\" data-id=\"e5c342d\" data-element_type=\"widget\" data-e-type=\"widget\" data-widget_type=\"icon-box.default\">\n\t\t\t\t<div class=\"elementor-widget-container\">\n\t\t\t\t\t\t\t<div class=\"elementor-icon-box-wrapper\">\n\n\t\t\t\n\t\t\t\t\t\t<div class=\"elementor-icon-box-content\">\n\n\t\t\t\t\t\t\t\t\t<h3 class=\"elementor-icon-box-title\">\n\t\t\t\t\t\t<span  >\n\t\t\t\t\t\t\tAdres\u0103\t\t\t\t\t\t<\/span>\n\t\t\t\t\t<\/h3>\n\t\t\t\t\n\t\t\t\t\t\t\t\t\t<p class=\"elementor-icon-box-description\">\n\t\t\t\t\t\tStrada Republicii nr 38, Tg. Mure\u0219\t\t\t\t\t<\/p>\n\t\t\t\t\n\t\t\t<\/div>\n\t\t\t\n\t\t<\/div>\n\t\t\t\t\t\t<\/div>\n\t\t\t\t<\/div>\n\t\t\t\t<div class=\"elementor-element elementor-element-212a482 elementor-widget elementor-widget-icon-box\" data-id=\"212a482\" data-element_type=\"widget\" data-e-type=\"widget\" data-widget_type=\"icon-box.default\">\n\t\t\t\t<div class=\"elementor-widget-container\">\n\t\t\t\t\t\t\t<div class=\"elementor-icon-box-wrapper\">\n\n\t\t\t\n\t\t\t\t\t\t<div class=\"elementor-icon-box-content\">\n\n\t\t\t\t\t\t\t\t\t<h3 class=\"elementor-icon-box-title\">\n\t\t\t\t\t\t<span  >\n\t\t\t\t\t\t\tE-mail\t\t\t\t\t\t<\/span>\n\t\t\t\t\t<\/h3>\n\t\t\t\t\n\t\t\t\t\t\t\t\t\t<p class=\"elementor-icon-box-description\">\n\t\t\t\t\t\tflorin.buicu@umfst.ro andrea.gasparik@umfst.ro daniela.ceana@umfst.ro hajnal.finta@umfst.ro\t\t\t\t\t<\/p>\n\t\t\t\t\n\t\t\t<\/div>\n\t\t\t\n\t\t<\/div>\n\t\t\t\t\t\t<\/div>\n\t\t\t\t<\/div>\n\t\t\t\t<div class=\"elementor-element elementor-element-7722181 elementor-widget elementor-widget-icon-box\" data-id=\"7722181\" data-element_type=\"widget\" data-e-type=\"widget\" data-widget_type=\"icon-box.default\">\n\t\t\t\t<div class=\"elementor-widget-container\">\n\t\t\t\t\t\t\t<div class=\"elementor-icon-box-wrapper\">\n\n\t\t\t\n\t\t\t\t\t\t<div class=\"elementor-icon-box-content\">\n\n\t\t\t\t\t\t\t\t\t<h3 class=\"elementor-icon-box-title\">\n\t\t\t\t\t\t<span  >\n\t\t\t\t\t\t\tTelefon\t\t\t\t\t\t<\/span>\n\t\t\t\t\t<\/h3>\n\t\t\t\t\n\t\t\t\t\t\t\t\t\t<p class=\"elementor-icon-box-description\">\n\t\t\t\t\t\t+40-265-215.551, int. 186, 189\t\t\t\t\t<\/p>\n\t\t\t\t\n\t\t\t<\/div>\n\t\t\t\n\t\t<\/div>\n\t\t\t\t\t\t<\/div>\n\t\t\t\t<\/div>\n\t\t\t\t\t<\/div>\n\t\t<\/div>\n\t\t\t\t\t<\/div>\n\t\t<\/section>\n\t\t\t\t\t<\/div>\n\t\t<\/div>\n\t\t\t\t\t<\/div>\n\t\t<\/section>\n\t\t\t\t<\/div>\n\t\t","protected":false},"excerpt":{"rendered":"<p>Colectivul disciplinei \u0218ef disciplin\u0103Prof. univ. dr. Corneliu-Florin Buicu &#8211; CV MembriConf. univ. dr. Gasparik Andrea Ildiko &#8211; CV\u0218ef lucr. dr. Daniela-Edith Cean\u0103 &#8211; CV\u0218ef lucr. dr. Finta Hajnal &#8211; CVAsist. univ. dr. Iuliu Moldovan &#8211; CV Activitate didactic\u0103 Cursuri pentru studen\u021bi CONF. UNIV. DR. BUICU CORNELIU FLORIN 1. Sanatate Publica si Management Sanitar_L,R, curs, FMED, [&hellip;]<\/p>\n","protected":false},"author":14,"featured_media":0,"parent":150,"menu_order":0,"comment_status":"closed","ping_status":"closed","template":"","meta":{"_relevanssi_hide_post":"","_relevanssi_hide_content":"","_relevanssi_pin_for_all":"","_relevanssi_pin_keywords":"","_relevanssi_unpin_keywords":"","_relevanssi_related_keywords":"","_relevanssi_related_include_ids":"","_relevanssi_related_exclude_ids":"","_relevanssi_related_no_append":"","_relevanssi_related_not_related":"","_relevanssi_related_posts":"1","_relevanssi_noindex_reason":"","footnotes":""},"categories":[13,40],"tags":[],"class_list":["post-3048","page","type-page","status-publish","hentry","category-pagina-cu-sidebar","category-pagina-departamente-si-discipline"],"meta_box":[],"_links":{"self":[{"href":"https:\/\/umfst.ro\/facultatea-de-medicina\/wp-json\/wp\/v2\/pages\/3048","targetHints":{"allow":["GET"]}}],"collection":[{"href":"https:\/\/umfst.ro\/facultatea-de-medicina\/wp-json\/wp\/v2\/pages"}],"about":[{"href":"https:\/\/umfst.ro\/facultatea-de-medicina\/wp-json\/wp\/v2\/types\/page"}],"author":[{"embeddable":true,"href":"https:\/\/umfst.ro\/facultatea-de-medicina\/wp-json\/wp\/v2\/users\/14"}],"replies":[{"embeddable":true,"href":"https:\/\/umfst.ro\/facultatea-de-medicina\/wp-json\/wp\/v2\/comments?post=3048"}],"version-history":[{"count":37,"href":"https:\/\/umfst.ro\/facultatea-de-medicina\/wp-json\/wp\/v2\/pages\/3048\/revisions"}],"predecessor-version":[{"id":8816,"href":"https:\/\/umfst.ro\/facultatea-de-medicina\/wp-json\/wp\/v2\/pages\/3048\/revisions\/8816"}],"up":[{"embeddable":true,"href":"https:\/\/umfst.ro\/facultatea-de-medicina\/wp-json\/wp\/v2\/pages\/150"}],"wp:attachment":[{"href":"https:\/\/umfst.ro\/facultatea-de-medicina\/wp-json\/wp\/v2\/media?parent=3048"}],"wp:term":[{"taxonomy":"category","embeddable":true,"href":"https:\/\/umfst.ro\/facultatea-de-medicina\/wp-json\/wp\/v2\/categories?post=3048"},{"taxonomy":"post_tag","embeddable":true,"href":"https:\/\/umfst.ro\/facultatea-de-medicina\/wp-json\/wp\/v2\/tags?post=3048"}],"curies":[{"name":"wp","href":"https:\/\/api.w.org\/{rel}","templated":true}]}}