{"id":419,"date":"2022-11-14T18:07:31","date_gmt":"2022-11-14T16:07:31","guid":{"rendered":"https:\/\/dev.umfst.ro\/facultatea-de-medicina\/?page_id=419"},"modified":"2024-05-03T21:08:14","modified_gmt":"2024-05-03T18:08:14","slug":"m4-discipline-clinice-si-medico-chirurgicale","status":"publish","type":"page","link":"https:\/\/umfst.ro\/facultatea-de-medicina\/departamente-si-discipline\/m4-discipline-clinice-si-medico-chirurgicale\/","title":{"rendered":"M4 \u2013 Discipline clinice \u0219i medico-chirurgicale"},"content":{"rendered":"\t\t<div data-elementor-type=\"wp-post\" data-elementor-id=\"419\" class=\"elementor elementor-419\" data-elementor-post-type=\"page\">\n\t\t\t\t\t\t<section class=\"elementor-section elementor-top-section elementor-element elementor-element-a3d515b elementor-section-boxed elementor-section-height-default elementor-section-height-default\" data-id=\"a3d515b\" data-element_type=\"section\" data-e-type=\"section\">\n\t\t\t\t\t\t<div class=\"elementor-container elementor-column-gap-default\">\n\t\t\t\t\t<div class=\"elementor-column elementor-col-50 elementor-top-column elementor-element elementor-element-dab1278\" data-id=\"dab1278\" data-element_type=\"column\" data-e-type=\"column\">\n\t\t\t<div class=\"elementor-widget-wrap elementor-element-populated\">\n\t\t\t\t\t\t<div class=\"elementor-element elementor-element-8e747e6 elementor-widget__width-initial elementor-widget elementor-widget-text-editor\" data-id=\"8e747e6\" data-element_type=\"widget\" data-e-type=\"widget\" data-widget_type=\"text-editor.default\">\n\t\t\t\t<div class=\"elementor-widget-container\">\n\t\t\t\t\t\t\t\t\t<h5><strong>Director departament<\/strong><\/h5><p>Prof. univ. dr. Ioan \u021ailea <\/p>\t\t\t\t\t\t\t\t<\/div>\n\t\t\t\t<\/div>\n\t\t\t\t\t<\/div>\n\t\t<\/div>\n\t\t\t\t<div class=\"elementor-column elementor-col-50 elementor-top-column elementor-element elementor-element-8b0b2ad\" data-id=\"8b0b2ad\" data-element_type=\"column\" data-e-type=\"column\">\n\t\t\t<div class=\"elementor-widget-wrap\">\n\t\t\t\t\t\t\t<\/div>\n\t\t<\/div>\n\t\t\t\t\t<\/div>\n\t\t<\/section>\n\t\t\t\t<section class=\"elementor-section elementor-top-section elementor-element elementor-element-a5475a9 elementor-section-boxed elementor-section-height-default elementor-section-height-default\" data-id=\"a5475a9\" data-element_type=\"section\" data-e-type=\"section\">\n\t\t\t\t\t\t<div class=\"elementor-container elementor-column-gap-default\">\n\t\t\t\t\t<div class=\"elementor-column elementor-col-50 elementor-top-column elementor-element elementor-element-162bed2\" data-id=\"162bed2\" data-element_type=\"column\" data-e-type=\"column\">\n\t\t\t<div class=\"elementor-widget-wrap elementor-element-populated\">\n\t\t\t\t\t\t<div class=\"elementor-element elementor-element-34d5840 elementor-widget elementor-widget-heading\" data-id=\"34d5840\" data-element_type=\"widget\" data-e-type=\"widget\" data-widget_type=\"heading.default\">\n\t\t\t\t<div class=\"elementor-widget-container\">\n\t\t\t\t\t<h2 class=\"elementor-heading-title elementor-size-default\">Membrii ale\u0219i Consiliu Departament M4 LR<\/h2>\t\t\t\t<\/div>\n\t\t\t\t<\/div>\n\t\t\t\t<div class=\"elementor-element elementor-element-469d285 elementor-widget elementor-widget-text-editor\" data-id=\"469d285\" data-element_type=\"widget\" data-e-type=\"widget\" data-widget_type=\"text-editor.default\">\n\t\t\t\t<div class=\"elementor-widget-container\">\n\t\t\t\t\t\t\t\t\t<p><strong>Membri<br \/><\/strong>Prof. univ. dr. Claudiu M\u0103rginean <br \/>Prof. univ. dr. Anca-Meda V\u0103sie\u0219iu (Georgescu)\u00a0 <br \/>Conf. univ. dr. Bogdan-C\u0103lin Chibelean <br \/>\u0218ef lucr. dr. \u0218tefania-Raluca Fodor <br \/>\u0218ef lucr. dr. Rare\u0219-Adrian Georgescu <br \/>\u0218ef lucr. dr. Mirela-Liana Gliga <br \/>\u0218ef lucr. dr. Octav-Marius Russu <br \/>\u0218ef lucr. dr. Mircea Stoian <\/p>\t\t\t\t\t\t\t\t<\/div>\n\t\t\t\t<\/div>\n\t\t\t\t<div class=\"elementor-element elementor-element-9b0eba4 elementor-widget elementor-widget-heading\" data-id=\"9b0eba4\" data-element_type=\"widget\" data-e-type=\"widget\" data-widget_type=\"heading.default\">\n\t\t\t\t<div class=\"elementor-widget-container\">\n\t\t\t\t\t<h2 class=\"elementor-heading-title elementor-size-default\">Membrii ale\u0219i Consiliu Departament M4 LM<\/h2>\t\t\t\t<\/div>\n\t\t\t\t<\/div>\n\t\t\t\t<div class=\"elementor-element elementor-element-22cf01f elementor-widget elementor-widget-text-editor\" data-id=\"22cf01f\" data-element_type=\"widget\" data-e-type=\"widget\" data-widget_type=\"text-editor.default\">\n\t\t\t\t<div class=\"elementor-widget-container\">\n\t\t\t\t\t\t\t\t\t<p><strong>Membri<br \/><\/strong>Prof. univ. dr. Martha Orsolya-Katalin-Ilona<br \/>Conf. univ. dr. Frigy Attila<br \/>\u0218ef lucr. dr. Germ\u00e1n-Sall\u00f3 M\u00e1rta<br \/>\u0218ef lucr. dr. Ianosi Edith-Simona<br \/><br \/><br \/><br \/><\/p>\t\t\t\t\t\t\t\t<\/div>\n\t\t\t\t<\/div>\n\t\t\t\t\t<\/div>\n\t\t<\/div>\n\t\t\t\t<div class=\"elementor-column elementor-col-50 elementor-top-column elementor-element elementor-element-e83ff6c\" data-id=\"e83ff6c\" data-element_type=\"column\" data-e-type=\"column\">\n\t\t\t<div class=\"elementor-widget-wrap elementor-element-populated\">\n\t\t\t\t\t\t<section class=\"elementor-section elementor-inner-section elementor-element elementor-element-422064e elementor-section-boxed elementor-section-height-default elementor-section-height-default\" data-id=\"422064e\" data-element_type=\"section\" data-e-type=\"section\">\n\t\t\t\t\t\t<div class=\"elementor-container elementor-column-gap-default\">\n\t\t\t\t\t<div class=\"elementor-column elementor-col-100 elementor-inner-column elementor-element elementor-element-cda1d64\" data-id=\"cda1d64\" data-element_type=\"column\" data-e-type=\"column\">\n\t\t\t<div class=\"elementor-widget-wrap\">\n\t\t\t\t\t\t\t<\/div>\n\t\t<\/div>\n\t\t\t\t\t<\/div>\n\t\t<\/section>\n\t\t\t\t\t<\/div>\n\t\t<\/div>\n\t\t\t\t\t<\/div>\n\t\t<\/section>\n\t\t\t\t<section class=\"elementor-section elementor-top-section elementor-element elementor-element-95a980a elementor-section-boxed elementor-section-height-default elementor-section-height-default\" data-id=\"95a980a\" data-element_type=\"section\" data-e-type=\"section\">\n\t\t\t\t\t\t<div class=\"elementor-container elementor-column-gap-default\">\n\t\t\t\t\t<div class=\"elementor-column elementor-col-100 elementor-top-column elementor-element elementor-element-62bda76\" data-id=\"62bda76\" data-element_type=\"column\" data-e-type=\"column\">\n\t\t\t<div class=\"elementor-widget-wrap\">\n\t\t\t\t\t\t\t<\/div>\n\t\t<\/div>\n\t\t\t\t\t<\/div>\n\t\t<\/section>\n\t\t\t\t<\/div>\n\t\t","protected":false},"excerpt":{"rendered":"<p>Director departament Prof. univ. dr. Ioan \u021ailea Membrii ale\u0219i Consiliu Departament M4 LR MembriProf. univ. dr. Claudiu M\u0103rginean Prof. univ. dr. Anca-Meda V\u0103sie\u0219iu (Georgescu)\u00a0 Conf. univ. dr. Bogdan-C\u0103lin Chibelean \u0218ef lucr. dr. \u0218tefania-Raluca Fodor \u0218ef lucr. dr. Rare\u0219-Adrian Georgescu \u0218ef lucr. dr. Mirela-Liana Gliga \u0218ef lucr. dr. Octav-Marius Russu \u0218ef lucr. dr. Mircea Stoian Membrii [&hellip;]<\/p>\n","protected":false},"author":4,"featured_media":0,"parent":69,"menu_order":0,"comment_status":"closed","ping_status":"closed","template":"","meta":{"_relevanssi_hide_post":"","_relevanssi_hide_content":"","_relevanssi_pin_for_all":"","_relevanssi_pin_keywords":"","_relevanssi_unpin_keywords":"","_relevanssi_related_keywords":"","_relevanssi_related_include_ids":"","_relevanssi_related_exclude_ids":"","_relevanssi_related_no_append":"","_relevanssi_related_not_related":"","_relevanssi_related_posts":"1","_relevanssi_noindex_reason":"","footnotes":""},"categories":[13,40],"tags":[],"class_list":["post-419","page","type-page","status-publish","hentry","category-pagina-cu-sidebar","category-pagina-departamente-si-discipline"],"meta_box":[],"_links":{"self":[{"href":"https:\/\/umfst.ro\/facultatea-de-medicina\/wp-json\/wp\/v2\/pages\/419","targetHints":{"allow":["GET"]}}],"collection":[{"href":"https:\/\/umfst.ro\/facultatea-de-medicina\/wp-json\/wp\/v2\/pages"}],"about":[{"href":"https:\/\/umfst.ro\/facultatea-de-medicina\/wp-json\/wp\/v2\/types\/page"}],"author":[{"embeddable":true,"href":"https:\/\/umfst.ro\/facultatea-de-medicina\/wp-json\/wp\/v2\/users\/4"}],"replies":[{"embeddable":true,"href":"https:\/\/umfst.ro\/facultatea-de-medicina\/wp-json\/wp\/v2\/comments?post=419"}],"version-history":[{"count":234,"href":"https:\/\/umfst.ro\/facultatea-de-medicina\/wp-json\/wp\/v2\/pages\/419\/revisions"}],"predecessor-version":[{"id":7199,"href":"https:\/\/umfst.ro\/facultatea-de-medicina\/wp-json\/wp\/v2\/pages\/419\/revisions\/7199"}],"up":[{"embeddable":true,"href":"https:\/\/umfst.ro\/facultatea-de-medicina\/wp-json\/wp\/v2\/pages\/69"}],"wp:attachment":[{"href":"https:\/\/umfst.ro\/facultatea-de-medicina\/wp-json\/wp\/v2\/media?parent=419"}],"wp:term":[{"taxonomy":"category","embeddable":true,"href":"https:\/\/umfst.ro\/facultatea-de-medicina\/wp-json\/wp\/v2\/categories?post=419"},{"taxonomy":"post_tag","embeddable":true,"href":"https:\/\/umfst.ro\/facultatea-de-medicina\/wp-json\/wp\/v2\/tags?post=419"}],"curies":[{"name":"wp","href":"https:\/\/api.w.org\/{rel}","templated":true}]}}