{"id":187,"date":"2022-11-04T10:37:41","date_gmt":"2022-11-04T08:37:41","guid":{"rendered":"https:\/\/dev.umfst.ro\/?page_id=187"},"modified":"2026-03-03T11:12:19","modified_gmt":"2026-03-03T09:12:19","slug":"consiliul-de-administratie","status":"publish","type":"page","link":"https:\/\/umfst.ro\/hu\/universitate\/conducere\/consiliul-de-administratie\/","title":{"rendered":"Consiliul de administra\u021bie"},"content":{"rendered":"<div data-elementor-type=\"wp-page\" data-elementor-id=\"187\" class=\"elementor elementor-187\" data-elementor-post-type=\"page\">\n\t\t\t\t\t\t<section class=\"elementor-section elementor-top-section elementor-element elementor-element-7b8fc07a elementor-section-boxed elementor-section-height-default elementor-section-height-default\" data-id=\"7b8fc07a\" data-element_type=\"section\" data-e-type=\"section\">\n\t\t\t\t\t\t<div class=\"elementor-container elementor-column-gap-default\">\n\t\t\t\t\t<div class=\"elementor-column elementor-col-100 elementor-top-column elementor-element elementor-element-298916be\" data-id=\"298916be\" data-element_type=\"column\" data-e-type=\"column\">\n\t\t\t<div class=\"elementor-widget-wrap elementor-element-populated\">\n\t\t\t\t\t\t\t<\/div>\n\t\t<\/div>\n\t\t\t\t\t<\/div>\n\t\t<\/section>\n\t\t\t\t<section class=\"elementor-section elementor-top-section elementor-element elementor-element-37eb785 elementor-section-boxed elementor-section-height-default elementor-section-height-default\" data-id=\"37eb785\" data-element_type=\"section\" data-e-type=\"section\">\n\t\t\t\t\t\t<div class=\"elementor-container elementor-column-gap-default\">\n\t\t\t\t\t<div class=\"elementor-column elementor-col-100 elementor-top-column elementor-element elementor-element-9ea099a\" data-id=\"9ea099a\" data-element_type=\"column\" data-e-type=\"column\">\n\t\t\t<div class=\"elementor-widget-wrap elementor-element-populated\">\n\t\t\t\t\t\t<div class=\"elementor-element elementor-element-1ae5a79 elementor-widget elementor-widget-heading\" data-id=\"1ae5a79\" data-element_type=\"widget\" data-e-type=\"widget\" data-widget_type=\"heading.default\">\n\t\t\t\t<div class=\"elementor-widget-container\">\n\t\t\t\t\t<h2 class=\"elementor-heading-title elementor-size-default\">Consiliul de administra\u021bie al UMFST G.E. Palade T\u00e2rgu Mure\u0219<\/h2>\t\t\t\t<\/div>\n\t\t\t\t<\/div>\n\t\t\t\t\t<\/div>\n\t\t<\/div>\n\t\t\t\t\t<\/div>\n\t\t<\/section>\n\t\t\t\t<section class=\"elementor-section elementor-top-section elementor-element elementor-element-408dacf elementor-section-boxed elementor-section-height-default elementor-section-height-default\" data-id=\"408dacf\" data-element_type=\"section\" data-e-type=\"section\">\n\t\t\t\t\t\t<div class=\"elementor-container elementor-column-gap-default\">\n\t\t\t\t\t<div class=\"elementor-column elementor-col-100 elementor-top-column elementor-element elementor-element-205d6c6\" data-id=\"205d6c6\" data-element_type=\"column\" data-e-type=\"column\">\n\t\t\t<div class=\"elementor-widget-wrap elementor-element-populated\">\n\t\t\t\t\t\t<div class=\"elementor-element elementor-element-0ef3273 elementor-widget elementor-widget-text-editor\" data-id=\"0ef3273\" data-element_type=\"widget\" data-e-type=\"widget\" data-widget_type=\"text-editor.default\">\n\t\t\t\t<div class=\"elementor-widget-container\">\n\t\t\t\t\t\t\t\t\t<p><strong><span style=\"color: #94705f\">Rector<\/span><br \/><\/strong>Prof. univ. dr. Leonard Azamfirei<br \/>E-mail: <a href=\"mailto:rectorat@umfst.ro\">rectorat@umfst.ro<\/a> ; <a href=\"mailto:leonard.azamfirei@umfst.ro\">leonard.azamfirei@umfst.ro<\/a><\/p><p><strong><span style=\"color: #94705f\">Pre\u0219edinte Senat<\/span><br \/><\/strong>Prof. univ. dr. Hora\u021biu Suciu<br \/>E-mail: <a href=\"mailto:senat@umfst.ro\">senat@umfst.ro<\/a> ; <a href=\"mailto:horatiu.suciu@umfst.ro\">horatiu.suciu@umfst.ro<\/a><\/p><p><span style=\"color: #94705f\"><strong>Prorector<\/strong><\/span><br \/>Director CSUD<br \/>Prof. univ. dr. Rodica B\u0103la\u0219a<br \/>E-mail: <a href=\"mailto:scoala.doctorala@umfst.ro\">scoala.doctorala@umfst.ro<\/a> ; <a href=\"mailto:rodica.balasa@umfst.ro\">rodica.balasa@umfst.ro<\/a><\/p><p><span style=\"color: #94705f\"><strong>Prorector<br \/><\/strong><\/span>Coordonator al campusului UMFST-UMCH Hamburg<br \/>Prof. univ. dr. Simona Silviana Mure\u0219an<br \/>E-mail: <a href=\"mailto:decanat.medicina.en@umfst.ro\">decanat.medicina.en@umfst.ro<\/a>\u00a0; <a href=\"mailto:simona.muresan@umfst.ro\">simona.muresan@umfst.ro<\/a><\/p><p><strong><span style=\"color: #94705f\">Prorector<\/span><br \/><\/strong>\u00cenv\u0103\u021b\u0103m\u00e2nt universitar de licen\u021b\u0103 \u0219i master<br \/>Prof. univ. dr. Oana-Cristina M\u0103rginean<br \/>E-mail: <a href=\"mailto:prorectorat.didactic@umfst.ro\">prorectorat.didactic@umfst.ro<\/a> ; <a href=\"mailto:oana.marginean@umfst.ro\">oana.marginean@umfst.ro<\/a><\/p><p><strong><span style=\"color: #94705f\">Prorector<\/span><br \/><\/strong>Preg\u0103tire \u00een reziden\u021biat, formare continu\u0103 medico-farmaceutic\u0103 \u0219i rela\u021bia cu spitalele<br \/>Prof. univ. dr. Anca-Meda V\u0103sie\u0219iu<br \/>E-mail: <a href=\"mailto:prorectorat.postuniversitar@umfst.ro\">prorectorat.postuniversitar@umfst.ro<\/a> ; <a href=\"mailto:anca-meda.vasiesiu@umfst.ro\">anca-meda.vasiesiu@umfst.ro<\/a><\/p><p><strong><span style=\"color: #94705f\">Prorector<\/span><br \/><\/strong>Asigurarea calit\u0103\u021bii \u0219i resurse umane<br \/>Prof. univ. dr. Ovidiu S. Cotoi<br \/>E-mail: <a href=\"mailto:prorectorat.calitate@umfst.ro\" target=\"_blank\" rel=\"noopener\">prorectorat.calitate@umfst.ro<\/a>\u00a0; <a href=\"mailto:ovidiu.cotoi@umfst.ro\" target=\"_blank\" rel=\"noopener\">ovidiu.cotoi@umfst.ro<\/a><\/p><p><strong><span style=\"color: #94705f\">Prorector<\/span><br \/><\/strong>Cercetare, dezvoltare \u0219i transfer tehnologic<br \/>Prof. univ. dr. Claudia Violeta B\u0103nescu<br \/>E-mail: <a href=\"mailto:prorectorat.stiintific@umfst.ro\">prorectorat.stiintific@umfst.ro<\/a> ; <a href=\"mailto:claudia.banescu@umfst.ro\">claudia.banescu@umfst.ro<\/a><\/p><p><strong><span style=\"color: #94705f\">Prorector<\/span><br \/><\/strong>Management economico-financiar, rela\u021bia cu pia\u021ba muncii \u0219i \u00eenv\u0103\u021b\u0103m\u00e2nt pre \u0219i postuniversitar<br \/>Conf. univ. dr. Daniela \u0218tef\u0103nescu<br \/>E-mail: <a href=\"mailto:prorectorat.economic@umfst.ro\">prorectorat.economic@umfst.ro<\/a>; <a href=\"mailto:daniela.stefanescu@umfst.ro\">daniela.stefanescu@umfst.ro<\/a><\/p><p><span style=\"color: #94705f\"><strong>Prorector<\/strong><\/span><br \/>Rela\u021bii interna\u021bionale, re\u021bele universitare \u0219i rela\u021bii publice<br \/>Prof. univ. dr. Mihaela Kardos<br \/>E-mail: <a href=\"mailto:prorectorat.international@umfst.ro\">prorectorat.international@umfst.ro<\/a> ; <a href=\"mailto:mihaela.kardos@umfst.ro\">mihaela.kardos@umfst.ro<\/a><\/p><p><strong><span style=\"color: #94705f\">Prorector<\/span><br \/><\/strong>Activit\u0103\u021bi studen\u021be\u0219ti \u0219i \u00eenv\u0103\u021b\u0103m\u00e2nt \u00een limba maghiar\u0103<br \/>Prof. univ. dr. Nagy El\u0151d Ern\u0151<br \/>E-mail: <a href=\"mailto:prorectorat.activitati-studentesti.ilm@umfst.ro\" target=\"_blank\" rel=\"noopener\">prorectorat.activitati-studentesti.ilm@umfst.ro<\/a>; <a href=\"mailto:elod.nagy@umfst.ro\">elod.nagy@umfst.ro<\/a><\/p><p><strong><span style=\"color: #94705f\">Decan<\/span><br \/><\/strong>Orvosi Kar<br \/>Prof. univ. dr. Alina Scridon<br \/>E-mail: <a href=\"mailto:decanat.medicina@umfst.ro\">decanat.medicina@umfst.ro<\/a> ; <a href=\"mailto:alina.scridon@umfst.ro\" target=\"_blank\" rel=\"noopener\">alina.scridon@umfst.ro<\/a><\/p><p><strong><span style=\"color: #94705f\">Decan<\/span><br \/><\/strong>Facultatea de Medicin\u0103 \u00een Limba Englez\u0103<br \/>Prof. univ. dr. Simona Gurzu-Prundaru<br \/>E-mail:\u00a0<a href=\"mailto:decanat.medicina.en@umfst.ro\">decanat.medicina.en@umfst.ro<\/a>\u00a0; <a href=\"mailto:simona.gurzu@umfst.ro\">simona.gurzu@umfst.ro<\/a><\/p><p><strong><span style=\"color: #94705f\">Decan<\/span><br \/><\/strong>Fogorvosi Kar<br \/>Prof. univ. dr. Cristina Bica<br \/>E-mail: <a href=\"mailto:decanat.dentara@umfst.ro\">decanat.dentara@umfst.ro<\/a> ; <a href=\"mailto:cristina.bica@umfst.ro\">cristina.bica@umfst.ro<\/a><\/p><p><span style=\"color: #94705f\"><strong>Decan<\/strong><\/span><br \/>Gy\u00f3gyszer\u00e9szeti Kar<br \/>Prof. univ. dr. Daniela Muntean<br \/>E-mail: <a href=\"mailto:decanat.farmacie@umfst.ro\">decanat.farmacie@umfst.ro<\/a> ; <a href=\"mailto:daniela.muntean@umfst.ro\">daniela.muntean@umfst.ro<\/a><\/p><p><span style=\"color: #94705f\"><strong>Decan<\/strong><\/span><br \/>Facultatea de \u0218tiin\u021be \u0219i Litere \u201ePetru Maior&#8221;<br \/>Prof. univ. dr. Giordano Altarozzi<br \/>E-mail: <a href=\"mailto:decanat.stiintelitere@umfst.ro\">decanat.stiintelitere@umfst.ro<\/a> ; <a href=\"mailto:giordano.altarozzi@umfst.ro\">giordano.altarozzi@umfst.ro<\/a><\/p><p><span style=\"color: #94705f\"><strong>Decan<\/strong><\/span><br \/>Facultatea de Inginerie \u0219i Tehnologia Informa\u021biei<br \/>Prof. univ. dr. ing. habil. Liviu Moldovan<br \/>E-mail: <a href=\"mailto:decanat.inginerie@umfst.ro\">decanat.inginerie@umfst.ro<\/a> ; <a href=\"mailto:liviu.moldovan@umfst.ro\">liviu.moldovan@umfst.ro<\/a><\/p><p><span style=\"color: #94705f\"><strong>Decan<\/strong><\/span><br \/>Facultatea de Economie \u0219i Drept<br \/>Prof. univ. dr. Daniel \u0218tefan<br \/>E-mail: <a href=\"mailto:decanat.economiedrept@umfst.ro\">decanat.economiedrept@umfst.ro<\/a> ; <a href=\"mailto:daniel.stefan@umfst.ro\">daniel.stefan@umfst.ro<\/a><\/p><p><span style=\"color: #94705f\"><strong>Director general administrativ<\/strong><\/span><br \/>Jr. Sabin Bota<br \/>E-mail: <a href=\"mailto:administrativ@umfst.ro\">administrativ@umfst.ro<\/a> ; <a href=\"mailto:sabin.bota@umfst.ro\">sabin.bota@umfst.ro<\/a><\/p><p><span style=\"color: #94705f\"><strong>Director general administrativ adj<\/strong><\/span><br \/>Ing. Mircea Nistor<br style=\"text-align: start\" \/>E-mail: <a href=\"mailto:administrativ@umfst.ro\">administrativ@umfst.ro<\/a> ; <a href=\"mailto:mircea.nistor@umfst.ro\">mircea.nistor@umfst.ro<\/a><\/p><p><span style=\"color: #94705f\"><strong>Secretar-\u0219ef universitate<br \/><\/strong><\/span>Ioana M\u0103tea<br \/>E-mail: <a href=\"mailto:rectorat@umfst.ro\">rectorat@umfst.ro<\/a> ; <a href=\"mailto:ioana.matea@umfst.ro\">ioana.matea@umfst.ro<\/a><\/p><p><span style=\"color: #94705f\"><strong>Secretar-\u0219ef adjunct<\/strong><\/span><br \/>Irina B\u00eersan<br \/>E-mail: <a href=\"mailto:rectorat@umfst.ro\">rectorat@umfst.ro<\/a> ; <a href=\"mailto:irina.birsan@umfst.ro\">irina.birsan@umfst.ro<\/a><\/p><p>Maria Cristina Ureche &#8211; reprezentant studen\u021bi LSTGM<br \/>E-mail: <a href=\"mailto:presedinte@lstgm.ro\">presedinte@lstgm.ro<\/a><\/p><p>Jank\u00f3-Sz\u00e9p \u00c1kos \u2013 reprezentant studen\u021bi ASM<br \/>E-mail: <a class=\"text-blue-dark underline leading-loose cursor-pointer\" href=\"mailto:akos.janko-szep@umfst.ro\">akos.janko-szep@umfst.ro<\/a><\/p>\t\t\t\t\t\t\t\t<\/div>\n\t\t\t\t<\/div>\n\t\t\t\t\t<\/div>\n\t\t<\/div>\n\t\t\t\t\t<\/div>\n\t\t<\/section>\n\t\t\t\t<section class=\"elementor-section elementor-top-section elementor-element elementor-element-55cb661 elementor-section-boxed elementor-section-height-default elementor-section-height-default\" data-id=\"55cb661\" data-element_type=\"section\" data-e-type=\"section\">\n\t\t\t\t\t\t<div class=\"elementor-container elementor-column-gap-default\">\n\t\t\t\t\t<div class=\"elementor-column elementor-col-100 elementor-top-column elementor-element elementor-element-77f5a68\" data-id=\"77f5a68\" data-element_type=\"column\" data-e-type=\"column\">\n\t\t\t<div class=\"elementor-widget-wrap elementor-element-populated\">\n\t\t\t\t\t\t<div data-dce-background-color=\"#2359B317\" class=\"elementor-element elementor-element-6f4d396 elementor-widget__width-auto elementor-widget elementor-widget-button\" data-id=\"6f4d396\" data-element_type=\"widget\" data-e-type=\"widget\" data-widget_type=\"button.default\">\n\t\t\t\t<div class=\"elementor-widget-container\">\n\t\t\t\t\t\t\t\t\t<div class=\"elementor-button-wrapper\">\n\t\t\t\t\t<a class=\"elementor-button elementor-button-link elementor-size-sm\" href=\"https:\/\/umfst.ro\/fileadmin\/documente_oficiale\/regulamente\/UMFST-REG-13.pdf\" target=\"_blank\">\n\t\t\t\t\t\t<span class=\"elementor-button-content-wrapper\">\n\t\t\t\t\t\t<span class=\"elementor-button-icon\">\n\t\t\t\t<i aria-hidden=\"true\" class=\"fas fa-file-download\"><\/i>\t\t\t<\/span>\n\t\t\t\t\t\t\t\t\t<span class=\"elementor-button-text\">Regulament<\/span>\n\t\t\t\t\t<\/span>\n\t\t\t\t\t<\/a>\n\t\t\t\t<\/div>\n\t\t\t\t\t\t\t\t<\/div>\n\t\t\t\t<\/div>\n\t\t\t\t<div data-dce-background-color=\"#2359B317\" class=\"elementor-element elementor-element-6ddff71 elementor-widget__width-auto elementor-widget elementor-widget-button\" data-id=\"6ddff71\" data-element_type=\"widget\" data-e-type=\"widget\" data-widget_type=\"button.default\">\n\t\t\t\t<div class=\"elementor-widget-container\">\n\t\t\t\t\t\t\t\t\t<div class=\"elementor-button-wrapper\">\n\t\t\t\t\t<a class=\"elementor-button elementor-button-link elementor-size-sm\" href=\"https:\/\/documente.umfst.ro\/documente\/hotarari-ale-consiliului-de-administratie-umfst\/\" target=\"_blank\">\n\t\t\t\t\t\t<span class=\"elementor-button-content-wrapper\">\n\t\t\t\t\t\t<span class=\"elementor-button-icon\">\n\t\t\t\t<i aria-hidden=\"true\" class=\"fas fa-file-download\"><\/i>\t\t\t<\/span>\n\t\t\t\t\t\t\t\t\t<span class=\"elementor-button-text\">Hot\u0103r\u00e2ri CA<\/span>\n\t\t\t\t\t<\/span>\n\t\t\t\t\t<\/a>\n\t\t\t\t<\/div>\n\t\t\t\t\t\t\t\t<\/div>\n\t\t\t\t<\/div>\n\t\t\t\t\t<\/div>\n\t\t<\/div>\n\t\t\t\t\t<\/div>\n\t\t<\/section>\n\t\t\t\t<section class=\"elementor-section elementor-top-section elementor-element elementor-element-8ebc134 elementor-section-boxed elementor-section-height-default elementor-section-height-default\" data-id=\"8ebc134\" data-element_type=\"section\" data-e-type=\"section\">\n\t\t\t\t\t\t<div class=\"elementor-container elementor-column-gap-default\">\n\t\t\t\t\t<div class=\"elementor-column elementor-col-100 elementor-top-column elementor-element elementor-element-45fcb10\" data-id=\"45fcb10\" data-element_type=\"column\" data-e-type=\"column\">\n\t\t\t<div class=\"elementor-widget-wrap\">\n\t\t\t\t\t\t\t<\/div>\n\t\t<\/div>\n\t\t\t\t\t<\/div>\n\t\t<\/section>\n\t\t\t\t<\/div>","protected":false},"excerpt":{"rendered":"<p>Consiliul de administra\u021bie al UMFST G.E. Palade T\u00e2rgu Mure\u0219 RectorProf. univ. dr. Leonard AzamfireiE-mail: rectorat@umfst.ro ; leonard.azamfirei@umfst.ro Pre\u0219edinte SenatProf. univ. dr. Hora\u021biu SuciuE-mail: senat@umfst.ro ; horatiu.suciu@umfst.ro ProrectorDirector CSUDProf. univ. dr. Rodica B\u0103la\u0219aE-mail: scoala.doctorala@umfst.ro ; rodica.balasa@umfst.ro ProrectorCoordonator al campusului UMFST-UMCH HamburgProf. univ. dr. Simona Silviana Mure\u0219anE-mail: decanat.medicina.en@umfst.ro\u00a0; simona.muresan@umfst.ro Prorector\u00cenv\u0103\u021b\u0103m\u00e2nt universitar de licen\u021b\u0103 \u0219i masterProf. univ. dr. [&hellip;]<\/p>\n","protected":false},"author":3,"featured_media":0,"parent":111,"menu_order":2,"comment_status":"closed","ping_status":"closed","template":"","meta":{"_relevanssi_hide_post":"","_relevanssi_hide_content":"","_relevanssi_pin_for_all":"","_relevanssi_pin_keywords":"","_relevanssi_unpin_keywords":"","_relevanssi_related_keywords":"","_relevanssi_related_include_ids":"","_relevanssi_related_exclude_ids":"","_relevanssi_related_no_append":"","_relevanssi_related_not_related":"","_relevanssi_related_posts":"150,154","_relevanssi_noindex_reason":"","footnotes":""},"categories":[16],"tags":[],"class_list":["post-187","page","type-page","status-publish","hentry","category-pagina-sidebar"],"meta_box":[],"_links":{"self":[{"href":"https:\/\/umfst.ro\/hu\/wp-json\/wp\/v2\/pages\/187","targetHints":{"allow":["GET"]}}],"collection":[{"href":"https:\/\/umfst.ro\/hu\/wp-json\/wp\/v2\/pages"}],"about":[{"href":"https:\/\/umfst.ro\/hu\/wp-json\/wp\/v2\/types\/page"}],"author":[{"embeddable":true,"href":"https:\/\/umfst.ro\/hu\/wp-json\/wp\/v2\/users\/3"}],"replies":[{"embeddable":true,"href":"https:\/\/umfst.ro\/hu\/wp-json\/wp\/v2\/comments?post=187"}],"version-history":[{"count":217,"href":"https:\/\/umfst.ro\/hu\/wp-json\/wp\/v2\/pages\/187\/revisions"}],"predecessor-version":[{"id":46727,"href":"https:\/\/umfst.ro\/hu\/wp-json\/wp\/v2\/pages\/187\/revisions\/46727"}],"up":[{"embeddable":true,"href":"https:\/\/umfst.ro\/hu\/wp-json\/wp\/v2\/pages\/111"}],"wp:attachment":[{"href":"https:\/\/umfst.ro\/hu\/wp-json\/wp\/v2\/media?parent=187"}],"wp:term":[{"taxonomy":"category","embeddable":true,"href":"https:\/\/umfst.ro\/hu\/wp-json\/wp\/v2\/categories?post=187"},{"taxonomy":"post_tag","embeddable":true,"href":"https:\/\/umfst.ro\/hu\/wp-json\/wp\/v2\/tags?post=187"}],"curies":[{"name":"wp","href":"https:\/\/api.w.org\/{rel}","templated":true}]}}