{"id":204,"date":"2022-11-07T10:34:10","date_gmt":"2022-11-07T08:34:10","guid":{"rendered":"https:\/\/dev.umfst.ro\/?page_id=204"},"modified":"2022-11-07T12:15:35","modified_gmt":"2022-11-07T10:15:35","slug":"componenta","status":"publish","type":"page","link":"https:\/\/umfst.ro\/hu\/universitate\/comisii-de-etica\/comisia-de-etica-si-deontologie\/componenta\/","title":{"rendered":"Componen\u021ba"},"content":{"rendered":"<p class=\" translation-block\">Prof. univ. dr. Camil Vari<br>Prof. univ. dr. Silviu Morariu<br>Prof. univ. dr. Radu Neagoe<br>Conf. univ. dr. Lacrima Rodica Boil\u0103<br>Sef lucr\u0103ri dr. Derzsi Zolt\u00e1n<br>Sef lucr\u0103ri dr. Cosmin Nicolescu<br>Lector univ. dr. Mona Cristescu<br>Ing. Ana-Ioana M\u0103tea<br>Administrator financiar Edit Luca<br>Student \u2013 Vacant<br>Student M\u00e1rton L\u00e1szl\u00f3<\/p>\n\n\n\n<h1 class=\"wp-block-heading\">REGULAMENTE &#8211; PROCEDURI<\/h1>\n\n\n\n<p><a href=\"https:\/\/www.umfst.ro\/fileadmin\/documente_oficiale\/regulamente\/UMFST-REG-02.pdf\">Codul de Etic\u0103 \u0219i Deontologie Profesional\u0103<\/a><\/p>\n\n\n\n<p><a href=\"https:\/\/www.umfst.ro\/fileadmin\/documente_oficiale\/regulamente\/UMFST-REG-22.pdf\">Regulamentul de functionare a Comisiei de Etica \u0219i Deontologie<\/a><\/p>\n\n\n\n<p><a href=\"https:\/\/www.umfst.ro\/fileadmin\/documente_oficiale\/proceduri\/UMFST-PO-CET-01.pdf\">Procedura operational\u0103 privind activitatea de tratare a reclamatiilor\/sesiz\u0103rilor in cadrul Comisiei de Etic\u0103 \u0219i Deontologie<\/a><\/p>\n\n\n\n<h1 class=\"wp-block-heading\">CONTACT<\/h1>\n\n\n\n<p>Contact:&nbsp;<a href=\"linkTo_UnCryptMailto(%27nbjmup%2Bdpnjtjb_fujdbAvngtu%5C%2Fsp%27);\">comisia_etica@umfst.ro<\/a><\/p>","protected":false},"excerpt":{"rendered":"<p>Prof. univ. dr. Camil VariProf. univ. dr. Silviu MorariuProf. univ. dr. Radu NeagoeConf. univ. dr. Lacrima Rodica Boil\u0103Sef lucr\u0103ri dr. Derzsi Zolt\u00e1nSef lucr\u0103ri dr. Cosmin NicolescuLector univ. dr. Mona CristescuIng. Ana-Ioana M\u0103teaAdministrator financiar Edit LucaStudent &#8211; VacantStudent M\u00e1rton L\u00e1szl\u00f3 REGULAMENTE &#8211; PROCEDURI Codul de Etic\u0103 \u0219i Deontologie Profesional\u0103 Regulamentul de functionare a Comisiei de Etica [&hellip;]<\/p>\n","protected":false},"author":3,"featured_media":0,"parent":202,"menu_order":0,"comment_status":"closed","ping_status":"closed","template":"","meta":{"_relevanssi_hide_post":"","_relevanssi_hide_content":"","_relevanssi_pin_for_all":"","_relevanssi_pin_keywords":"","_relevanssi_unpin_keywords":"","_relevanssi_related_keywords":"","_relevanssi_related_include_ids":"","_relevanssi_related_exclude_ids":"","_relevanssi_related_no_append":"","_relevanssi_related_not_related":"","_relevanssi_related_posts":"","_relevanssi_noindex_reason":"","footnotes":""},"categories":[16],"tags":[],"class_list":["post-204","page","type-page","status-publish","hentry","category-pagina-sidebar"],"meta_box":[],"_links":{"self":[{"href":"https:\/\/umfst.ro\/hu\/wp-json\/wp\/v2\/pages\/204","targetHints":{"allow":["GET"]}}],"collection":[{"href":"https:\/\/umfst.ro\/hu\/wp-json\/wp\/v2\/pages"}],"about":[{"href":"https:\/\/umfst.ro\/hu\/wp-json\/wp\/v2\/types\/page"}],"author":[{"embeddable":true,"href":"https:\/\/umfst.ro\/hu\/wp-json\/wp\/v2\/users\/3"}],"replies":[{"embeddable":true,"href":"https:\/\/umfst.ro\/hu\/wp-json\/wp\/v2\/comments?post=204"}],"version-history":[{"count":0,"href":"https:\/\/umfst.ro\/hu\/wp-json\/wp\/v2\/pages\/204\/revisions"}],"up":[{"embeddable":true,"href":"https:\/\/umfst.ro\/hu\/wp-json\/wp\/v2\/pages\/202"}],"wp:attachment":[{"href":"https:\/\/umfst.ro\/hu\/wp-json\/wp\/v2\/media?parent=204"}],"wp:term":[{"taxonomy":"category","embeddable":true,"href":"https:\/\/umfst.ro\/hu\/wp-json\/wp\/v2\/categories?post=204"},{"taxonomy":"post_tag","embeddable":true,"href":"https:\/\/umfst.ro\/hu\/wp-json\/wp\/v2\/tags?post=204"}],"curies":[{"name":"wp","href":"https:\/\/api.w.org\/{rel}","templated":true}]}}