{"id":211,"date":"2022-11-07T10:52:51","date_gmt":"2022-11-07T08:52:51","guid":{"rendered":"https:\/\/dev.umfst.ro\/?page_id=211"},"modified":"2022-11-15T16:20:54","modified_gmt":"2022-11-15T14:20:54","slug":"componenta","status":"publish","type":"page","link":"https:\/\/umfst.ro\/hu\/universitate\/comisii-de-etica\/comisia-de-etica-a-cercetarii-stiintifice\/componenta\/","title":{"rendered":"Componen\u021ba"},"content":{"rendered":"<p class=\" translation-block\">Prof. univ. dr. Sanda Maria Copotoiu<br>Prof. univ. dr. Sorin Pop\u0219or<br>Conf. univ. dr. Orb\u00e1n-Kis K\u00e1roly<br>Conf. univ. dr. Kolcs\u00e1r Melinda<br>Conf. univ. dr. Bara Tivadar Jr.<br>Conf. univ. dr. Ioana H\u0103lmaciu<br>Conf. univ. dr. Anca Negovan<br>\u0218ef lucr\u0103ri dr. Hora\u021biu Moldovan<br>\u0218ef lucr\u0103ri dr. Daniel Porav<\/p>","protected":false},"excerpt":{"rendered":"<p class=\" translation-block\">Prof. univ. dr. Sanda Maria Copotoiu<br>Prof. univ. dr. Sorin Pop\u0219or<br>Conf. univ. dr. Orb\u00e1n-Kis K\u00e1roly<br>Conf. univ. dr. Kolcs\u00e1r Melinda<br>Conf. univ. dr. Bara Tivadar Jr.<br>Conf. univ. dr. Ioana H\u0103lmaciu<br>Conf. univ. dr. Anca Negovan<br>\u0218ef lucr\u0103ri dr. Hora\u021biu Moldovan<br>\u0218ef lucr\u0103ri dr. Daniel Porav<\/p>","protected":false},"author":3,"featured_media":0,"parent":209,"menu_order":0,"comment_status":"closed","ping_status":"closed","template":"","meta":{"_relevanssi_hide_post":"","_relevanssi_hide_content":"","_relevanssi_pin_for_all":"","_relevanssi_pin_keywords":"","_relevanssi_unpin_keywords":"","_relevanssi_related_keywords":"","_relevanssi_related_include_ids":"","_relevanssi_related_exclude_ids":"","_relevanssi_related_no_append":"","_relevanssi_related_not_related":"","_relevanssi_related_posts":"150,154","_relevanssi_noindex_reason":"","footnotes":""},"categories":[16],"tags":[],"class_list":["post-211","page","type-page","status-publish","hentry","category-pagina-sidebar"],"meta_box":[],"_links":{"self":[{"href":"https:\/\/umfst.ro\/hu\/wp-json\/wp\/v2\/pages\/211","targetHints":{"allow":["GET"]}}],"collection":[{"href":"https:\/\/umfst.ro\/hu\/wp-json\/wp\/v2\/pages"}],"about":[{"href":"https:\/\/umfst.ro\/hu\/wp-json\/wp\/v2\/types\/page"}],"author":[{"embeddable":true,"href":"https:\/\/umfst.ro\/hu\/wp-json\/wp\/v2\/users\/3"}],"replies":[{"embeddable":true,"href":"https:\/\/umfst.ro\/hu\/wp-json\/wp\/v2\/comments?post=211"}],"version-history":[{"count":0,"href":"https:\/\/umfst.ro\/hu\/wp-json\/wp\/v2\/pages\/211\/revisions"}],"up":[{"embeddable":true,"href":"https:\/\/umfst.ro\/hu\/wp-json\/wp\/v2\/pages\/209"}],"wp:attachment":[{"href":"https:\/\/umfst.ro\/hu\/wp-json\/wp\/v2\/media?parent=211"}],"wp:term":[{"taxonomy":"category","embeddable":true,"href":"https:\/\/umfst.ro\/hu\/wp-json\/wp\/v2\/categories?post=211"},{"taxonomy":"post_tag","embeddable":true,"href":"https:\/\/umfst.ro\/hu\/wp-json\/wp\/v2\/tags?post=211"}],"curies":[{"name":"wp","href":"https:\/\/api.w.org\/{rel}","templated":true}]}}