{"id":240,"date":"2022-11-07T12:20:25","date_gmt":"2022-11-07T10:20:25","guid":{"rendered":"https:\/\/dev.umfst.ro\/?page_id=240"},"modified":"2026-03-26T14:27:55","modified_gmt":"2026-03-26T12:27:55","slug":"serviciul-contabilitate","status":"publish","type":"page","link":"https:\/\/umfst.ro\/hu\/universitate\/directia-administrativa\/serviciul-contabilitate\/","title":{"rendered":"Serviciul Financiar &#8211; Contabil"},"content":{"rendered":"<div data-elementor-type=\"wp-page\" data-elementor-id=\"240\" class=\"elementor elementor-240\" data-elementor-post-type=\"page\">\n\t\t\t\t\t\t<section class=\"elementor-section elementor-top-section elementor-element elementor-element-4550518 elementor-section-boxed elementor-section-height-default elementor-section-height-default\" data-id=\"4550518\" data-element_type=\"section\" data-e-type=\"section\">\n\t\t\t\t\t\t<div class=\"elementor-container elementor-column-gap-default\">\n\t\t\t\t\t<div class=\"elementor-column elementor-col-50 elementor-top-column elementor-element elementor-element-ef750de\" data-id=\"ef750de\" data-element_type=\"column\" data-e-type=\"column\">\n\t\t\t<div class=\"elementor-widget-wrap elementor-element-populated\">\n\t\t\t\t\t\t<div class=\"elementor-element elementor-element-22e7095 elementor-widget__width-initial elementor-widget elementor-widget-text-editor\" data-id=\"22e7095\" data-element_type=\"widget\" data-e-type=\"widget\" data-widget_type=\"text-editor.default\">\n\t\t\t\t<div class=\"elementor-widget-container\">\n\t\t\t\t\t\t\t\t\t<h2>Componen\u021ba serviciului<\/h2><p><strong>Contabil-\u0219ef <\/strong>\u00a0\u00a0\u00a0\u00a0\u00a0\u00a0 <br \/>T\u0103ma\u0219 Simona<\/p><p><strong>Administratori financiari<br \/><\/strong>C\u00eempian Ileana\u00a0 <br \/>Tel. +40-265-215.551, int. 118<\/p><p>Duda\u0219 Manuela <br \/>Tel. +40-265-215.551, int. 171<\/p><p>Pantelimon Felicia\u00a0\u00a0\u00a0\u00a0\u00a0\u00a0\u00a0\u00a0\u00a0\u00a0 <br \/>Tel. +40-265-215.551, int. 289<\/p><p>Pop Adriana-Maria\u00a0\u00a0\u00a0\u00a0\u00a0\u00a0\u00a0\u00a0\u00a0\u00a0 <br \/>Tel. +40-265-215.551, int. 201<\/p><p>Pentek Raluca-Liana\u00a0\u00a0\u00a0\u00a0\u00a0\u00a0\u00a0 <br \/>Tel. +40-265-215.551, int. 201<\/p><p>T\u0103tar Ioana-Alexandra\u00a0\u00a0\u00a0 <br \/>Tel. +40-265-215.551, int. 137<\/p><p>Todoran Liliana\u00a0 <br \/>Tel. +40-265-215.551, int. 137<\/p><p>Morar Tatiana <br \/>Tel. +40-265-215.551, int. 289<\/p><p>Rusu Dana-Adriana\u00a0\u00a0\u00a0\u00a0\u00a0\u00a0\u00a0\u00a0\u00a0 <br \/>Tel. +40-265-215.551, int. 137<\/p><p>Olariu Alexandra-Laura<br \/>Tel. +40-265-215.551, int. 189<\/p><p>Casier Haba Felicia Agneta<br \/>Tel. +40-265-215.551, int. 138<\/p><p>\u00a0<\/p>\t\t\t\t\t\t\t\t<\/div>\n\t\t\t\t<\/div>\n\t\t\t\t\t<\/div>\n\t\t<\/div>\n\t\t\t\t<div class=\"elementor-column elementor-col-50 elementor-top-column elementor-element elementor-element-388406c\" data-id=\"388406c\" data-element_type=\"column\" data-e-type=\"column\">\n\t\t\t<div class=\"elementor-widget-wrap elementor-element-populated\">\n\t\t\t\t\t\t<section class=\"elementor-section elementor-inner-section elementor-element elementor-element-f015fe0 elementor-section-boxed elementor-section-height-default elementor-section-height-default\" data-id=\"f015fe0\" data-element_type=\"section\" data-e-type=\"section\">\n\t\t\t\t\t\t<div class=\"elementor-container elementor-column-gap-default\">\n\t\t\t\t\t<div data-dce-background-color=\"#F2F7FF\" class=\"elementor-column elementor-col-100 elementor-inner-column elementor-element elementor-element-c625b6f\" data-id=\"c625b6f\" data-element_type=\"column\" data-e-type=\"column\" data-settings=\"{&quot;background_background&quot;:&quot;classic&quot;}\">\n\t\t\t<div class=\"elementor-widget-wrap elementor-element-populated\">\n\t\t\t\t\t\t<div class=\"elementor-element elementor-element-c743566 elementor-widget elementor-widget-heading\" data-id=\"c743566\" data-element_type=\"widget\" data-e-type=\"widget\" data-widget_type=\"heading.default\">\n\t\t\t\t<div class=\"elementor-widget-container\">\n\t\t\t\t\t<h5 class=\"elementor-heading-title elementor-size-default\">Kapcsolat<\/h5>\t\t\t\t<\/div>\n\t\t\t\t<\/div>\n\t\t\t\t<div class=\"elementor-element elementor-element-88c5ee2 elementor-widget-divider--view-line elementor-widget elementor-widget-divider\" data-id=\"88c5ee2\" data-element_type=\"widget\" data-e-type=\"widget\" data-widget_type=\"divider.default\">\n\t\t\t\t<div class=\"elementor-widget-container\">\n\t\t\t\t\t\t\t<div class=\"elementor-divider\">\n\t\t\t<span class=\"elementor-divider-separator\">\n\t\t\t\t\t\t<\/span>\n\t\t<\/div>\n\t\t\t\t\t\t<\/div>\n\t\t\t\t<\/div>\n\t\t\t\t<div class=\"elementor-element elementor-element-7ab1b9d elementor-widget elementor-widget-heading\" data-id=\"7ab1b9d\" data-element_type=\"widget\" data-e-type=\"widget\" data-widget_type=\"heading.default\">\n\t\t\t\t<div class=\"elementor-widget-container\">\n\t\t\t\t\t<h5 class=\"elementor-heading-title elementor-size-default\">Adres\u0103<\/h5>\t\t\t\t<\/div>\n\t\t\t\t<\/div>\n\t\t\t\t<div class=\"elementor-element elementor-element-dd159da elementor-widget elementor-widget-heading\" data-id=\"dd159da\" data-element_type=\"widget\" data-e-type=\"widget\" data-widget_type=\"heading.default\">\n\t\t\t\t<div class=\"elementor-widget-container\">\n\t\t\t\t\t<h6 class=\"elementor-heading-title elementor-size-default\">T\u00e2rgu Mure\u0219, Strada <br>Gh. Marinescu, nr. 38,  <br>\nCl\u0103direa Administra\u021biei<br>\nCod Po\u0219tal: 540142<\/h6>\t\t\t\t<\/div>\n\t\t\t\t<\/div>\n\t\t\t\t<div class=\"elementor-element elementor-element-4128aee elementor-widget elementor-widget-heading\" data-id=\"4128aee\" data-element_type=\"widget\" data-e-type=\"widget\" data-widget_type=\"heading.default\">\n\t\t\t\t<div class=\"elementor-widget-container\">\n\t\t\t\t\t<h5 class=\"elementor-heading-title elementor-size-default\">Persoan\u0103 de contact<\/h5>\t\t\t\t<\/div>\n\t\t\t\t<\/div>\n\t\t\t\t<div class=\"elementor-element elementor-element-13ac077 elementor-widget elementor-widget-heading\" data-id=\"13ac077\" data-element_type=\"widget\" data-e-type=\"widget\" data-widget_type=\"heading.default\">\n\t\t\t\t<div class=\"elementor-widget-container\">\n\t\t\t\t\t<h6 class=\"elementor-heading-title elementor-size-default\">Contabil-\u0219ef T\u0103ma\u0219 Simona<\/h6>\t\t\t\t<\/div>\n\t\t\t\t<\/div>\n\t\t\t\t<div class=\"elementor-element elementor-element-5ae3a17 elementor-widget elementor-widget-heading\" data-id=\"5ae3a17\" data-element_type=\"widget\" data-e-type=\"widget\" data-widget_type=\"heading.default\">\n\t\t\t\t<div class=\"elementor-widget-container\">\n\t\t\t\t\t<h5 class=\"elementor-heading-title elementor-size-default\">Telefon<\/h5>\t\t\t\t<\/div>\n\t\t\t\t<\/div>\n\t\t\t\t<div data-dce-title-color=\"#2359B3\" class=\"elementor-element elementor-element-7e79dee elementor-widget elementor-widget-heading\" data-id=\"7e79dee\" data-element_type=\"widget\" data-e-type=\"widget\" data-widget_type=\"heading.default\">\n\t\t\t\t<div class=\"elementor-widget-container\">\n\t\t\t\t\t<h6 class=\"elementor-heading-title elementor-size-default\"><a href=\"tel:%20+40265215551\">+40-265-215.551, int. 156<\/a><\/h6>\t\t\t\t<\/div>\n\t\t\t\t<\/div>\n\t\t\t\t<div class=\"elementor-element elementor-element-64eebd5 elementor-widget elementor-widget-heading\" data-id=\"64eebd5\" data-element_type=\"widget\" data-e-type=\"widget\" data-widget_type=\"heading.default\">\n\t\t\t\t<div class=\"elementor-widget-container\">\n\t\t\t\t\t<h5 class=\"elementor-heading-title elementor-size-default\">E-mail<\/h5>\t\t\t\t<\/div>\n\t\t\t\t<\/div>\n\t\t\t\t<div data-dce-title-color=\"#2359B3\" class=\"elementor-element elementor-element-61fda1c elementor-widget elementor-widget-heading\" data-id=\"61fda1c\" data-element_type=\"widget\" data-e-type=\"widget\" data-widget_type=\"heading.default\">\n\t\t\t\t<div class=\"elementor-widget-container\">\n\t\t\t\t\t<h6 class=\"elementor-heading-title elementor-size-default\"><a href=\"mailto:%20simona.tamas@umfst.ro\">simona.tamas@umfst.ro<\/a><\/h6>\t\t\t\t<\/div>\n\t\t\t\t<\/div>\n\t\t\t\t\t<\/div>\n\t\t<\/div>\n\t\t\t\t\t<\/div>\n\t\t<\/section>\n\t\t\t\t\t<\/div>\n\t\t<\/div>\n\t\t\t\t\t<\/div>\n\t\t<\/section>\n\t\t\t\t<section class=\"elementor-section elementor-top-section elementor-element elementor-element-6cb0d9c elementor-section-boxed elementor-section-height-default elementor-section-height-default\" data-id=\"6cb0d9c\" data-element_type=\"section\" data-e-type=\"section\">\n\t\t\t\t\t\t<div class=\"elementor-container elementor-column-gap-default\">\n\t\t\t\t\t<div class=\"elementor-column elementor-col-50 elementor-top-column elementor-element elementor-element-e09daf6\" data-id=\"e09daf6\" data-element_type=\"column\" data-e-type=\"column\">\n\t\t\t<div class=\"elementor-widget-wrap elementor-element-populated\">\n\t\t\t\t\t\t<div class=\"elementor-element elementor-element-95529a8 elementor-widget__width-initial elementor-widget elementor-widget-text-editor\" data-id=\"95529a8\" data-element_type=\"widget\" data-e-type=\"widget\" data-widget_type=\"text-editor.default\">\n\t\t\t\t<div class=\"elementor-widget-container\">\n\t\t\t\t\t\t\t\t\t<h2>Achitarea taxelor universitare<\/h2><p>Taxele se pot achita:<\/p><ul><li>online, pe platforma academica SOLARIS, dup\u0103 autentificarea pe baza contutui de student \u00een carnetul online<\/li><li>prin virament bancar\/mandat po\u0219tal \u00een contul RO32TREZ47620F330500XXXX deschis la Trezoreria T\u00e2rgu Mure\u0219 cu urmatoarele informatii: Universitatea de Medicin\u0103, Farmacie, \u0218tiin\u021be \u0219i Tehnologie \u201eGeorge Emil Palade\u201d (UMFST) din T\u00e2rgu Mure\u0219, CF 4322742, Str. Gh. Marinescu nr. 38, Mure\u0219<\/li><li>\u00een numerar la toate agen\u021biile B\u0103ncii Transilvania<\/li><li>\u00een numerar la casieria Universit\u0103\u021bii zilnic \u00eentre orele 08:00 \u2013 14:00<\/li><\/ul><p>Pe documentul de plat\u0103 se vor men\u021biona: numele \u0219i prenumele, CNP-ul, facultatea, anul de studiu \u0219i specializarea pentru care se achit\u0103 taxa, disciplina, num\u0103rul de credite achitat, numele profesorului.<\/p>\t\t\t\t\t\t\t\t<\/div>\n\t\t\t\t<\/div>\n\t\t\t\t\t<\/div>\n\t\t<\/div>\n\t\t\t\t<div class=\"elementor-column elementor-col-50 elementor-top-column elementor-element elementor-element-38a6044\" data-id=\"38a6044\" data-element_type=\"column\" data-e-type=\"column\">\n\t\t\t<div class=\"elementor-widget-wrap\">\n\t\t\t\t\t\t\t<\/div>\n\t\t<\/div>\n\t\t\t\t\t<\/div>\n\t\t<\/section>\n\t\t\t\t<section class=\"elementor-section elementor-top-section elementor-element elementor-element-ba46d4c elementor-section-boxed elementor-section-height-default elementor-section-height-default\" data-id=\"ba46d4c\" data-element_type=\"section\" data-e-type=\"section\">\n\t\t\t\t\t\t<div class=\"elementor-container elementor-column-gap-default\">\n\t\t\t\t\t<div class=\"elementor-column elementor-col-50 elementor-top-column elementor-element elementor-element-b4d0efa\" data-id=\"b4d0efa\" data-element_type=\"column\" data-e-type=\"column\">\n\t\t\t<div class=\"elementor-widget-wrap elementor-element-populated\">\n\t\t\t\t\t\t<div class=\"elementor-element elementor-element-559675c elementor-widget__width-initial elementor-widget elementor-widget-text-editor\" data-id=\"559675c\" data-element_type=\"widget\" data-e-type=\"widget\" data-widget_type=\"text-editor.default\">\n\t\t\t\t<div class=\"elementor-widget-container\">\n\t\t\t\t\t\t\t\t\t<h2 data-uw-rm-heading=\"prs\">Informa\u021bii de interes public<\/h2>\n<p><a href=\"https:\/\/umfst.ro\/fileadmin\/directia_adm\/contabilitate\/situatii_financiare2025.zip\" target=\"_blank\" rel=\"noopener\" data-uw-rm-brl=\"PR\" data-uw-original-href=\"https:\/\/umfst.ro\/fileadmin\/directia_adm\/contabilitate\/situatii_financiare2025.zip\" aria-label=\"Bilan\u021b contabil \u0219i contul de executie bugetar\u0103 2025 - deschide \u00eentr-o fil\u0103 nou\u0103\" data-uw-rm-ext-link=\"\">Bilan\u021b contabil \u0219i contul de executie bugetar\u0103 2025<\/a><\/p>\n<p><a href=\"https:\/\/www.umfst.ro\/fileadmin\/documente_oficiale\/alte_doc\/UMFST BVC 2025.pdf\" target=\"_blank\" rel=\"noopener\" aria-label=\"Bugetul de venituri \u0219i cheltuieli pe anul 2025 - deschide \u00eentr-o fil\u0103 nou\u0103\" data-uw-rm-ext-link=\"\" data-uw-pdf-br=\"2\" data-uw-pdf-doc=\"\">Bugetul de venituri \u0219i cheltuieli pe anul 2025<\/a><\/p>\n<p><a href=\"https:\/\/umfst.ro\/fileadmin\/directia_adm\/contabilitate\/situatii_financiare2024.zip\" target=\"_blank\" rel=\"noopener\" data-uw-rm-brl=\"PR\" data-uw-original-href=\"https:\/\/umfst.ro\/fileadmin\/directia_adm\/contabilitate\/situatii_financiare2024.zip\" aria-label=\"Bilan\u021b contabil \u0219i contul de executie bugetar\u0103 2024 - deschide \u00eentr-o fil\u0103 nou\u0103\" data-uw-rm-ext-link=\"\">Bilan\u021b contabil \u0219i contul de executie bugetar\u0103 2024<\/a><\/p>\n<p><a href=\"https:\/\/www.umfst.ro\/fileadmin\/documente_oficiale\/alte_doc\/UMFST Bugetul de Venituri si Cheltuieli final 2024.pdf\" target=\"_blank\" rel=\"noopener\" aria-label=\"Bugetul de venituri \u0219i cheltuieli pe anul 2024 - final - deschide \u00eentr-o fil\u0103 nou\u0103\" data-uw-rm-ext-link=\"\" data-uw-pdf-br=\"2\" data-uw-pdf-doc=\"\">Bugetul de venituri \u0219i cheltuieli pe anul 2024<\/a><\/p>\n<p><a href=\"https:\/\/umfst.ro\/fileadmin\/directia_adm\/contabilitate\/situatii_financiare2023.zip\" target=\"_blank\" rel=\"noopener\" data-uw-rm-brl=\"PR\" data-uw-original-href=\"https:\/\/umfst.ro\/fileadmin\/directia_adm\/contabilitate\/situatii_financiare2023.zip\" aria-label=\"Bilan\u021b contabil \u0219i contul de executie bugetar\u0103 2023 - deschide \u00eentr-o fil\u0103 nou\u0103\" data-uw-rm-ext-link=\"\">Bilan\u021b contabil \u0219i contul de executie bugetar\u0103 2023<\/a><\/p>\n<p><a href=\"https:\/\/www.umfst.ro\/fileadmin\/documente_oficiale\/alte_doc\/BVC_2023.pdf\" data-uw-pdf-br=\"2\" data-uw-pdf-doc=\"\">Bugetul de venituri \u0219i cheltuieli pe anul 2023<\/a> &nbsp;<\/p>\n<p><a href=\"https:\/\/umfst.ro\/fileadmin\/directia_adm\/contabilitate\/situatii_financiare2022.zip\" target=\"_blank\" rel=\"noopener\" data-uw-rm-brl=\"PR\" data-uw-original-href=\"https:\/\/umfst.ro\/fileadmin\/directia_adm\/contabilitate\/situatii_financiare2022.zip\" aria-label=\"Bilan\u021b contabil \u0219i contul de executie bugetar\u0103 2022 - deschide \u00eentr-o fil\u0103 nou\u0103\" data-uw-rm-ext-link=\"\">Bilan\u021b contabil \u0219i contul de executie bugetar\u0103 2022<\/a><\/p>\n<p><a href=\"https:\/\/www.umfst.ro\/fileadmin\/documente_oficiale\/UMFST_BVC_2022.pdf\" data-uw-pdf-br=\"2\" data-uw-pdf-doc=\"\">Bugetul de venituri si cheltuieli pe anul 2022<\/a><\/p>\n<p><a href=\"https:\/\/umfst.ro\/fileadmin\/directia_adm\/contabilitate\/situatii_financiare2018.zip\" target=\"_blank\" rel=\"noopener\" data-uw-rm-brl=\"PR\" data-uw-original-href=\"https:\/\/umfst.ro\/fileadmin\/directia_adm\/contabilitate\/situatii_financiare2018.zip\" aria-label=\"Bilan\u021b contabil \u0219i contul de executie bugetar\u0103 2021 - deschide \u00eentr-o fil\u0103 nou\u0103\" data-uw-rm-ext-link=\"\">Bilan\u021b contabil \u0219i contul de executie bugetar\u0103 2021<\/a><\/p><p><a href=\"https:\/\/www.umfst.ro\/fileadmin\/documente_oficiale\/UMFST_BVC_2021.PDF\" data-uw-rm-brl=\"PR\" data-uw-original-href=\"https:\/\/www.umfst.ro\/fileadmin\/documente_oficiale\/UMFST_BVC_2021.PDF\" data-uw-pdf-br=\"2\" data-uw-pdf-doc=\"\">Bugetul de venituri si cheltuieli pe anul 2021<\/a><\/p>\n<p><a href=\"https:\/\/umfst.ro\/fileadmin\/directia_adm\/contabilitate\/situatii_financiare2020.zip\" target=\"_blank\" rel=\"noopener\" data-uw-rm-brl=\"PR\" data-uw-original-href=\"https:\/\/umfst.ro\/fileadmin\/directia_adm\/contabilitate\/situatii_financiare2020.zip\" aria-label=\"Bilan\u021b contabil \u0219i contul de executie bugetar\u0103 2020 - deschide \u00eentr-o fil\u0103 nou\u0103\" data-uw-rm-ext-link=\"\">Bilan\u021b contabil \u0219i contul de executie bugetar\u0103 2020<\/a><\/p>\n<p><a href=\"https:\/\/umfst.ro\/fileadmin\/directia_adm\/contabilitate\/situatii_financiare2019.zip\" target=\"_blank\" rel=\"noopener\" data-uw-rm-brl=\"PR\" data-uw-original-href=\"https:\/\/umfst.ro\/fileadmin\/directia_adm\/contabilitate\/situatii_financiare2019.zip\" aria-label=\"Bilan\u021b contabil \u0219i contul de executie bugetar\u0103 2019 - deschide \u00eentr-o fil\u0103 nou\u0103\" data-uw-rm-ext-link=\"\">Bilan\u021b contabil \u0219i contul de executie bugetar\u0103 2019<\/a><\/p>\n<p><a href=\"https:\/\/umfst.ro\/fileadmin\/directia_adm\/contabilitate\/situatii_financiare2018.zip\" target=\"_blank\" rel=\"noopener\" data-uw-rm-brl=\"PR\" data-uw-original-href=\"https:\/\/umfst.ro\/fileadmin\/directia_adm\/contabilitate\/situatii_financiare2018.zip\" aria-label=\"Bilan\u021b contabil \u0219i contul de executie bugetar\u0103 2018 - deschide \u00eentr-o fil\u0103 nou\u0103\" data-uw-rm-ext-link=\"\">Bilan\u021b contabil \u0219i contul de executie bugetar\u0103 2018<\/a><\/p>\n<p><a href=\"https:\/\/umfst.ro\/fileadmin\/directia_adm\/contabilitate\/situatii_financiare2018.zip\" target=\"_blank\" rel=\"noopener\" data-uw-rm-brl=\"PR\" data-uw-original-href=\"https:\/\/umfst.ro\/fileadmin\/directia_adm\/contabilitate\/situatii_financiare2018.zip\" aria-label=\"Bilan\u021b contabil \u0219i contul de executie bugetar\u0103 2018 - deschide \u00eentr-o fil\u0103 nou\u0103\" data-uw-rm-ext-link=\"\">Bilan\u021b contabil \u0219i contul de executie bugetar\u0103 2018<\/a><\/p>\t\t\t\t\t\t\t\t<\/div>\n\t\t\t\t<\/div>\n\t\t\t\t\t<\/div>\n\t\t<\/div>\n\t\t\t\t<div class=\"elementor-column elementor-col-50 elementor-top-column elementor-element elementor-element-707ed2b\" data-id=\"707ed2b\" data-element_type=\"column\" data-e-type=\"column\">\n\t\t\t<div class=\"elementor-widget-wrap\">\n\t\t\t\t\t\t\t<\/div>\n\t\t<\/div>\n\t\t\t\t\t<\/div>\n\t\t<\/section>\n\t\t\t\t<section class=\"elementor-section elementor-top-section elementor-element elementor-element-5691568 elementor-hidden-widescreen elementor-hidden-desktop elementor-hidden-tablet elementor-hidden-mobile elementor-section-boxed elementor-section-height-default elementor-section-height-default\" data-id=\"5691568\" data-element_type=\"section\" data-e-type=\"section\">\n\t\t\t\t\t\t<div class=\"elementor-container elementor-column-gap-default\">\n\t\t\t\t\t<div class=\"elementor-column elementor-col-50 elementor-top-column elementor-element elementor-element-3e01ab9\" data-id=\"3e01ab9\" data-element_type=\"column\" data-e-type=\"column\">\n\t\t\t<div class=\"elementor-widget-wrap elementor-element-populated\">\n\t\t\t\t\t\t<div class=\"elementor-element elementor-element-1b62e0e elementor-widget__width-initial elementor-widget elementor-widget-text-editor\" data-id=\"1b62e0e\" data-element_type=\"widget\" data-e-type=\"widget\" data-widget_type=\"text-editor.default\">\n\t\t\t\t<div class=\"elementor-widget-container\">\n\t\t\t\t\t\t\t\t\t<h2>Achitarea taxelor universitare<\/h2><p>Taxele se pot achita:<\/p><ul><li>\u00een numerar la casieria universit\u0103\u021bii zilnic \u00eentre orele 08:00 &#8211; 14:00;<\/li><li>\u00een numerar la toate agen\u021biile B\u0103ncii Transilvania;<\/li><li>prin virament bancar\/mandat po\u0219tal \u00een contul RO32TREZ47620F330500XXXX deschis la Trezoreria T\u00e2rgu Mure\u0219 cu urmatoarele informatii: Universitatea de Medicin\u0103, Farmacie, \u0218tiin\u021be \u0219i Tehnologie \u201eGeorge Emil Palade\u201d (UMFST) din T\u00e2rgu Mure\u0219, CF 4322742, Str. Gh. Marinescu nr. 38, Mure\u0219.<\/li><\/ul><p>Pe documentul de plat\u0103 se vor men\u021biona: numele \u0219i prenumele, CNP-ul, facultatea, anul de studiu \u0219i specializarea pentru care se achit\u0103 taxa, disciplina, num\u0103rul de credite achitat, numele profesorului.<\/p>\t\t\t\t\t\t\t\t<\/div>\n\t\t\t\t<\/div>\n\t\t\t\t\t<\/div>\n\t\t<\/div>\n\t\t\t\t<div class=\"elementor-column elementor-col-50 elementor-top-column elementor-element elementor-element-df87d3f\" data-id=\"df87d3f\" data-element_type=\"column\" data-e-type=\"column\">\n\t\t\t<div class=\"elementor-widget-wrap\">\n\t\t\t\t\t\t\t<\/div>\n\t\t<\/div>\n\t\t\t\t\t<\/div>\n\t\t<\/section>\n\t\t\t\t<\/div>","protected":false},"excerpt":{"rendered":"<p>Componen\u021ba serviciului Contabil-\u0219ef \u00a0\u00a0\u00a0\u00a0\u00a0\u00a0 T\u0103ma\u0219 Simona Administratori financiariC\u00eempian Ileana\u00a0 Tel. +40-265-215.551, int. 118 Duda\u0219 Manuela Tel. +40-265-215.551, int. 171 Pantelimon Felicia\u00a0\u00a0\u00a0\u00a0\u00a0\u00a0\u00a0\u00a0\u00a0\u00a0 Tel. +40-265-215.551, int. 289 Pop Adriana-Maria\u00a0\u00a0\u00a0\u00a0\u00a0\u00a0\u00a0\u00a0\u00a0\u00a0 Tel. +40-265-215.551, int. 201 Pentek Raluca-Liana\u00a0\u00a0\u00a0\u00a0\u00a0\u00a0\u00a0 Tel. +40-265-215.551, int. 201 T\u0103tar Ioana-Alexandra\u00a0\u00a0\u00a0 Tel. +40-265-215.551, int. 137 Todoran Liliana\u00a0 Tel. +40-265-215.551, int. 137 Rusu Dana-Adriana\u00a0\u00a0\u00a0\u00a0\u00a0\u00a0\u00a0\u00a0\u00a0 Tel. +40-265-215.551, int. 137 [&hellip;]<\/p>\n","protected":false},"author":3,"featured_media":0,"parent":238,"menu_order":1,"comment_status":"closed","ping_status":"closed","template":"","meta":{"_relevanssi_hide_post":"","_relevanssi_hide_content":"","_relevanssi_pin_for_all":"","_relevanssi_pin_keywords":"","_relevanssi_unpin_keywords":"","_relevanssi_related_keywords":"","_relevanssi_related_include_ids":"","_relevanssi_related_exclude_ids":"","_relevanssi_related_no_append":"","_relevanssi_related_not_related":"","_relevanssi_related_posts":"2388,2383,5940,2390,5016,2386","_relevanssi_noindex_reason":"","footnotes":""},"categories":[16,141],"tags":[],"class_list":["post-240","page","type-page","status-publish","hentry","category-pagina-sidebar","category-pagina-directia-administrativa"],"meta_box":[],"_links":{"self":[{"href":"https:\/\/umfst.ro\/hu\/wp-json\/wp\/v2\/pages\/240","targetHints":{"allow":["GET"]}}],"collection":[{"href":"https:\/\/umfst.ro\/hu\/wp-json\/wp\/v2\/pages"}],"about":[{"href":"https:\/\/umfst.ro\/hu\/wp-json\/wp\/v2\/types\/page"}],"author":[{"embeddable":true,"href":"https:\/\/umfst.ro\/hu\/wp-json\/wp\/v2\/users\/3"}],"replies":[{"embeddable":true,"href":"https:\/\/umfst.ro\/hu\/wp-json\/wp\/v2\/comments?post=240"}],"version-history":[{"count":161,"href":"https:\/\/umfst.ro\/hu\/wp-json\/wp\/v2\/pages\/240\/revisions"}],"predecessor-version":[{"id":47316,"href":"https:\/\/umfst.ro\/hu\/wp-json\/wp\/v2\/pages\/240\/revisions\/47316"}],"up":[{"embeddable":true,"href":"https:\/\/umfst.ro\/hu\/wp-json\/wp\/v2\/pages\/238"}],"wp:attachment":[{"href":"https:\/\/umfst.ro\/hu\/wp-json\/wp\/v2\/media?parent=240"}],"wp:term":[{"taxonomy":"category","embeddable":true,"href":"https:\/\/umfst.ro\/hu\/wp-json\/wp\/v2\/categories?post=240"},{"taxonomy":"post_tag","embeddable":true,"href":"https:\/\/umfst.ro\/hu\/wp-json\/wp\/v2\/tags?post=240"}],"curies":[{"name":"wp","href":"https:\/\/api.w.org\/{rel}","templated":true}]}}