{"id":259,"date":"2022-11-07T13:45:48","date_gmt":"2022-11-07T11:45:48","guid":{"rendered":"https:\/\/dev.umfst.ro\/?page_id=259"},"modified":"2025-07-22T11:08:14","modified_gmt":"2025-07-22T08:08:14","slug":"anunturi","status":"publish","type":"page","link":"https:\/\/umfst.ro\/hu\/universitate\/directia-administrativa\/serviciul-social\/camine-studentesti\/anunturi\/","title":{"rendered":"Anun\u021buri"},"content":{"rendered":"<div data-elementor-type=\"wp-page\" data-elementor-id=\"259\" class=\"elementor elementor-259\" data-elementor-post-type=\"page\">\n\t\t\t\t\t\t<section class=\"elementor-section elementor-top-section elementor-element elementor-element-023cb09 elementor-section-boxed elementor-section-height-default elementor-section-height-default\" data-id=\"023cb09\" data-element_type=\"section\" data-e-type=\"section\">\n\t\t\t\t\t\t<div class=\"elementor-container elementor-column-gap-default\">\n\t\t\t\t\t<div class=\"elementor-column elementor-col-100 elementor-top-column elementor-element elementor-element-22a5196\" data-id=\"22a5196\" data-element_type=\"column\" data-e-type=\"column\">\n\t\t\t<div class=\"elementor-widget-wrap elementor-element-populated\">\n\t\t\t\t\t\t<div class=\"elementor-element elementor-element-18eaa9a elementor-widget elementor-widget-text-editor\" data-id=\"18eaa9a\" data-element_type=\"widget\" data-e-type=\"widget\" data-widget_type=\"text-editor.default\">\n\t\t\t\t<div class=\"elementor-widget-container\">\n\t\t\t\t\t\t\t\t\t<h2 role=\"heading\" data-uw-rm-heading=\"level\">Cazare pe perioada vacan\u021bei de var\u0103 2025<\/h2>\n<p>Conform Hot\u0103r\u00e2rii Consiliului de Administra\u021bie nr. 30\/18.06.2025, \u00een perioada 1 august \u2013 16 septembrie 2025 C\u0103minele studen\u021be\u0219ti numerele 1C, 2, 3, 4, 5 \u0219i 6 sunt \u00eenchise.<\/p>\n<p>C\u0103minul studen\u021besc nr. 1 va func\u021biona \u00een limita locurilor disponibile, dup\u0103 cum urmeaz\u0103:<\/p>\n<p><\/p>\n<table>\n<tbody>\n<tr>\n<td width=\"66\">\n<p><strong>Nr. crt.<\/strong><\/p>\n<\/td>\n<td width=\"340\">\n<p><strong>Categorii de&nbsp; studen\u021bi<\/strong><\/p>\n<\/td>\n<td width=\"208\">\n<p><strong>Tarif de cazare<\/strong><\/p>\n<\/td>\n<\/tr>\n<tr>\n<td width=\"66\">\n<p><strong>1.<\/strong><\/p>\n<\/td>\n<td width=\"340\">\n<p><strong>Tarife nesubven\u021bionate<\/strong><\/p>\n<\/td>\n<td width=\"208\">\n<p><strong>&nbsp;<\/strong><\/p>\n<\/td>\n<\/tr>\n<tr>\n<td width=\"66\">\n<p><strong>&nbsp;<\/strong><\/p>\n<\/td>\n<td width=\"340\">\n<p>Studen\u021bi st\u0103ini cu mobilitate Erasmus<\/p>\n<\/td>\n<td width=\"208\">\n<p>590\/lei\/pers\/lun\u0103,<\/p>\n<p>20 lei\/pers\/zi<\/p>\n<\/td>\n<\/tr>\n<tr>\n<td width=\"66\">\n<p><strong>2.<\/strong><\/p>\n<\/td>\n<td width=\"340\">\n<p><strong>Tarife subven\u021bionate<\/strong><\/p>\n<\/td>\n<td width=\"208\">\n<p><strong>&nbsp;<\/strong><\/p>\n<\/td>\n<\/tr>\n<tr>\n<td width=\"66\">\n<p><strong>&nbsp;<\/strong><\/p>\n<\/td>\n<td width=\"340\">\n<p>Studen\u021bii str\u0103ini, etnici, bursieri ai statului Rom\u00e2n<\/p>\n<\/td>\n<td width=\"208\">\n<p>372 lei\/pers\/lun\u0103,<\/p>\n<p>13 lei\/pers\/zi<\/p>\n<\/td>\n<\/tr>\n<tr>\n<td width=\"66\">\n<p><strong>&nbsp;<\/strong><\/p>\n<\/td>\n<td width=\"340\">\n<p>C.S.U.<\/p>\n<\/td>\n<td width=\"208\">\n<p>Conform Protocol<\/p>\n<\/td>\n<\/tr>\n<tr>\n<td width=\"66\">\n<p><strong>&nbsp;<\/strong><\/p>\n<\/td>\n<td width=\"340\">\n<p>U.M.<\/p>\n<\/td>\n<td width=\"208\">\n<p>Conform Conven\u021bie<\/p>\n<\/td>\n<\/tr>\n<tr>\n<td width=\"66\">\n<p><strong>3.<\/strong><\/p>\n<\/td>\n<td width=\"340\">\n<p><strong>Caz\u0103ri ocazionale<\/strong><\/p>\n<\/td>\n<td width=\"208\">\n<p><strong>75 lei\/pers\/zi<\/strong><\/p>\n<\/td>\n<\/tr>\n<\/tbody>\n<\/table>\n<p><strong>Serviciul social administrativ<\/strong><\/p><p><strong><br><\/strong><\/p>\n<h2 role=\"heading\" data-uw-rm-heading=\"level\"><strong>CAZARE PENTRU CANDIDA\u0162II ADMI\u015eI LA EXAMENUL DE ADMITERE PENTRU ANUL UNIVERSITAR 2025\/2026<\/strong><\/h2>\n<p><em>&nbsp;&nbsp;&nbsp;&nbsp;&nbsp;&nbsp;&nbsp;&nbsp;&nbsp;&nbsp;&nbsp; <\/em><em>Candida\u0163ii admi\u015fi<\/em>&nbsp;la examenul de admitere, cu domiciliul \u00een afara municipiului T\u00e2rgu Mure\u015f \u015fi zonele limitrofe, pot depune&nbsp;cereri de cazare doar pentru c\u0103minele studen\u0163e\u015fti nr. 2, 3, 4 \u0219i 5, pe anul universitar 2025\/2026, exclusiv \u00een Platforma de cazare online, \u00een perioada 29.07.2025 ora 10<sup>00<\/sup>&nbsp;\u2013 31.07.2025 ora 10<sup>00&nbsp;<\/sup>la adresa&nbsp;<a href=\"https:\/\/cazare.umfst.ro\/\" data-uw-rm-brl=\"PR\" data-uw-original-href=\"https:\/\/cazare.umfst.ro\/\"><strong>https:\/\/cazare.umfst.ro<\/strong><\/a>.<\/p>\n<p><em>&nbsp;&nbsp;&nbsp;&nbsp;&nbsp;&nbsp;&nbsp;&nbsp;&nbsp;&nbsp;&nbsp; Locurile de cazare sunt limitate<\/em>. Conform Regulamentului de organizare \u015fi func\u0163ionare a c\u0103minelor studen\u0163e\u015fti,&nbsp;<em>repartizarea studen\u0163ilor din anul I, de la toate programele de studiu, se efectueaz\u0103 \u00een func\u0163ie de media ob\u0163inut\u0103 la concursul de admitere \u015fi cifra de \u015fcolarizare aprobat\u0103 de minister.<\/em><\/p>\n<p><em><u>I. Beneficiaz\u0103 de gratuitate la cazare \u00een c\u0103minele studen\u0163e\u015fti urm\u0103torii studen\u021bi:<\/u><\/em><\/p>\n<ol>\n<li style=\"list-style-type: none\">\n<ol>\n<li><strong>p\u0103rinte cadru didactic<\/strong>\u2013 Studen\u0163ii\/elevii personalului aflat \u00een activitate \u00een sistemul de \u00eenv\u0103\u021b\u0103m\u00e2nt, celor care s-au pensionat din sistemul de \u00eenv\u0103\u021b\u0103m\u00e2nt, precum \u0219i copiii cu unul sau ambii p\u0103rin\u021bi deceda\u021bi care au activat \u00een sistemul de \u00eenv\u0103\u021b\u0103m\u00e2nt vor \u00eenc\u0103rca documentul justificativ:<\/li>\n<\/ol>\n<\/li>\n<\/ol>\n<p>&#8211;&nbsp; adeverin\u021b\u0103 actualizat\u0103 stampilat\u0103 \u0219i semnat\u0103 de c\u0103tre instiu\u021bia de \u00eenv\u0103\u021b\u0103m\u00e2nt.<\/p>\n<ol>\n<li style=\"list-style-type: none\">\n<ol>\n<li>orfan\/familie monoparental\u0103&nbsp;\u2013 Studen\u0163ii\/elevii cu unul sau ambii p\u0103rin\u0163i deceda\u0163i sau care provin din familii monoparentale p\u00e2n\u0103 la v\u00e2rsta de 26 ani,<\/li>\n<\/ol>\n<\/li>\n<\/ol>\n<p><em>&nbsp;&nbsp;&nbsp;&nbsp;&nbsp;&nbsp;&nbsp;&nbsp;&nbsp;&nbsp;&nbsp; Termenul familie monoparental\u0103 desemneaz\u0103 familia format\u0103 din persoana singur\u0103 \u015fi copilul\/copiii afla\u0163i \u00een \u00eentre\u0163inere \u015fi care locuiesc \u00eempreun\u0103 cu aceasta. Prin persoan\u0103 singur\u0103, se \u00een\u0163elege persoana care se afl\u0103 \u00een una dintre urm\u0103toarele situa\u0163ii:<\/em><\/p>\n<ol>\n<li style=\"list-style-type: none\">\n<ol>\n<li>este nec\u0103s\u0103torit\u0103 (\u0219i nu se afl\u0103 \u00eentr-o rela\u021bie de uniune consensual\u0103 \u2013 concubinaj, se depune o declara\u021bie pe propria r\u0103spundere)<\/li>\n<li>este v\u0103duv\/\u0103 (document doveditor: certificat de deces so\u021b\/so\u021bie, cu o declara\u021bie pe propria r\u0103spundere c\u0103 nu este rec\u0103s\u0103torit\/\u0103)<\/li>\n<li>este divor\u021bat\/\u0103 (document doveditor: hot\u0103r\u00e2re judec\u0103toreasc\u0103 de divor\u021b\/ procedur\u0103 notarial\u0103 de divor\u021b, cu o declara\u021bie pe propria r\u0103spundere c\u0103 nu este rec\u0103s\u0103torit\/\u0103)<\/li>\n<li>al c\u0103rei so\u0163\/so\u021bie este declarat\/declarat\u0103 disp\u0103rut\/disparut\u0103 prin hot\u0103r\u00e2re judec\u0103toreasc\u0103, declara\u021bie pe propria r\u0103spundere c\u0103 nu este rec\u0103s\u0103torit\/\u0103<\/li>\n<li>al c\u0103rei so\u0163\/sotie este arestat\/arestat\u0103 preventiv pe o perioad\u0103 mai mare de 30 de zile sau execut\u0103 o pedeaps\u0103 privativ\u0103 de libertate \u015fi nu particip\u0103 la \u00eentre\u0163inerea copiilor (document doveditor emis de unitatea \u00een care se execut\u0103 pedeapsa, \u00een care s\u0103 se precizeze perioada deten\u021biei)<\/li>\n<\/ol>\n<\/li>\n<li><strong>plasament familial<\/strong> \u2013 studen\u021bii\/elevii institu\u021bionaliza\u021bi sau proveni\u021bi din plasament familial p\u00e2n\u0103 la v\u00e2rsta de 26 ani, vor depune documente justificative:<\/li>\n<\/ol>\n<p>&#8211; Sentin\u021ba judec\u0103toreasc\u0103\/Adeverin\u021b\u0103 de la Direc\u021bia general\u0103 de asisten\u021b\u0103 social\u0103 \u0219i protec\u021bia copilului, actualizat\u0103.<\/p>\n<p><u>Studen\u021bii\/elevii care beneficiaz\u0103 de gratuitate conform Legii \u00eenv\u0103\u021b\u0103m\u00e2ntului superior nr. 199\/04.07.2023, pot solicita cazare doar \u00een C\u0103minele studen\u021be\u0219ti nr. 2, 3, 4, 5 \u0219i 1C la capacitate normat\u0103 de 4 locuri\/camer\u0103.<\/u><\/p>\n<p><em><u>II. Beneficiaz\u0103 de reducere cu 50 % la taxa de cazare \u00een c\u0103minele studen\u0163e\u015fti urm\u0103torii studen\u021bi:<\/u><\/em><\/p>\n<p>\u2013 la cerere, studen\u0163ii \u0219i elevii cu dizabilit\u0103\u021bi \/handicap grav \u015fi accentuat conform Legii nr. 448\/2006 republicat\u0103, \u0219i a Ordinului nr. 4481\/29.05.2024, anex\u00e2ndu-se documente doveditoare.<\/p>\n<h2><strong>Cazare online&nbsp;pentru studen\u021bii anilor de studiu II \u2013 VI&nbsp;an universitar 2025\/2026<\/strong><\/h2>\n<p>Pentru ob\u021binerea unui loc de cazare \u00een c\u0103minele studen\u021be\u0219ti pe anul universitar 2025\/2026 etapa 1, studen\u021bii \u00ee\u0219i vor putea depune cerere de cazare \u00een platforma&nbsp;<a href=\"https:\/\/cazare.umfst.ro\/\" data-uw-rm-brl=\"PR\" data-uw-original-href=\"https:\/\/cazare.umfst.ro\/\"><strong>https:\/\/cazare.umfst.ro<\/strong><\/a>&nbsp;deschis\u0103 din data de 04.07.2025 ora 10:00 p\u00e2n\u0103 \u00een data de 08.07.2025 ora 10:00 c\u00e2nd se va \u00eenchide platforma.<\/p>\n<p>Totalul punctelor credite \u00eenregistrate \u00een platforma de cazare online vizualizate la finalizarea cererii de cazare este unul care nu include examene restante \u0219i practica de var\u0103.<\/p>\n<p>Studen\u021bii absolven\u021bi (din anii terminali 2024\/2025) care vor fi \u00eenmatricula\u021bi la alt\u0103 form\u0103 de \u00eenv\u0103\u021b\u0103m\u00e2nt (master) vor putea s\u0103 \u00ee\u0219i depun\u0103 cerere de cazare \u00een etapa 2, \u00eentr-o alt\u0103 perioad\u0103 care va fi anun\u021bat\u0103 \u00een timp util.<\/p>\n<p><strong><em><u>I. Beneficiaz\u0103 de gratuitate la cazare \u00een c\u0103minele studen\u0163e\u015fti urm\u0103torii studen\u021bi:<\/u><\/em><\/strong><\/p>\n<ol>\n<li><strong>p\u0103rinte cadru didactic<\/strong> &#8211; Studen\u0163ii\/elevii personalului aflat \u00een activitate \u00een sistemul de \u00eenv\u0103\u021b\u0103m\u00e2nt, celor care s-au pensionat din sistemul de \u00eenv\u0103\u021b\u0103m\u00e2nt, precum \u0219i copiii cu unul sau ambii p\u0103rin\u021bi deceda\u021bi care au activat \u00een sistemul de \u00eenv\u0103\u021b\u0103m\u00e2nt vor \u00eenc\u0103rca documentul justificativ:-&nbsp; adeverin\u021b\u0103 actualizat\u0103 stampilat\u0103 \u0219i semnat\u0103 de c\u0103tre instiu\u021bia de \u00eenv\u0103\u021b\u0103m\u00e2nt.<\/li>\n<li><strong>orfan\/familie monoparental\u0103 <\/strong>&#8211; Studen\u0163ii\/elevii cu unul sau ambii p\u0103rin\u0163i deceda\u0163i sau care provin din familii monoparentale p\u00e2n\u0103 la v\u00e2rsta de 26 ani,<br><em><em><br>Termenul familie monoparental\u0103 desemneaz\u0103 familia format\u0103 din persoana singur\u0103 \u015fi copilul\/copiii afla\u0163i \u00een \u00eentre\u0163inere \u015fi care locuiesc \u00eempreun\u0103 cu aceasta. Prin persoan\u0103 singur\u0103, se \u00een\u0163elege persoana care se afl\u0103 \u00een una dintre urm\u0103toarele situa\u0163ii:<\/em><\/em>\n<ol>\n<li>este nec\u0103s\u0103torit\u0103 (\u0219i nu se afl\u0103 \u00eentr-o rela\u021bie de uniune consensual\u0103 \u2013 concubinaj, se depune o declara\u021bie pe propria r\u0103spundere);<\/li>\n<li>este v\u0103duv\/\u0103 (document doveditor: certificat de deces so\u021b\/so\u021bie, cu o declara\u021bie pe propria r\u0103spundere c\u0103 nu este rec\u0103s\u0103torit\/\u0103);<\/li>\n<li>este divor\u021bat\/\u0103 (document doveditor: hot\u0103r\u00e2re judec\u0103toreasc\u0103 de divor\u021b\/ procedur\u0103 notarial\u0103 de divor\u021b, cu o declara\u021bie pe propria r\u0103spundere c\u0103 nu este rec\u0103s\u0103torit\/\u0103);<\/li>\n<li>al c\u0103rei so\u0163\/so\u021bie este declarat\/declarat\u0103 disp\u0103rut\/disparut\u0103 prin hot\u0103r\u00e2re judec\u0103toreasc\u0103, declara\u021bie pe propria r\u0103spundere c\u0103 nu este rec\u0103s\u0103torit\/\u0103;<\/li>\n<li>al c\u0103rei so\u0163\/sotie este arestat\/arestat\u0103 preventiv pe o perioad\u0103 mai mare de 30 de zile sau execut\u0103 o pedeaps\u0103 privativ\u0103 de libertate \u015fi nu particip\u0103 la \u00eentre\u0163inerea copiilor (document doveditor emis de unitatea \u00een care se execut\u0103 pedeapsa, \u00een care s\u0103 se precizeze perioada deten\u021biei);<\/li>\n<\/ol>\n<\/li>\n<li><strong>plasament familial &#8211; <\/strong>studen\u021bii\/elevii institu\u021bionaliza\u021bi sau proveni\u021bi din plasament familial p\u00e2n\u0103 la v\u00e2rsta de 26 ani, vor depune documente justificative:a. Sentin\u021ba judec\u0103toreasc\u0103\/Adeverin\u021b\u0103 de la Direc\u021bia general\u0103 de asisten\u021b\u0103 social\u0103 \u0219i protec\u021bia copilului, actualizat\u0103.<br><u><u><br>Studen\u021bii\/elevii care beneficiaz\u0103 de gratuitate conform Legii \u00eenv\u0103\u021b\u0103m\u00e2ntului superior nr. 199\/04.07.2023, pot solicita cazare doar \u00een C\u0103minele studen\u021be\u0219ti nr. 2, 3, 4, 5 \u0219i 1C la capacitate normat\u0103 de 4 locuri\/camer\u0103.<\/u><\/u><\/li>\n<\/ol>\n<p><strong><em><u>II. Beneficiaz\u0103 de reducere cu 50 % la taxa de cazare \u00een c\u0103minele studen\u0163e\u015fti urm\u0103torii studen\u021bi:<br><\/u><\/em><\/strong><\/p>\n<p>&#8211; la cerere, studen\u0163ii \u0219i elevii cu dizabilit\u0103\u021bi \/handicap grav \u015fi accentuat conform Legii nr. 448\/2006 republicat\u0103, \u0219i a Ordinului nr. 4481\/29.05.2024, anex\u00e2ndu-se documente doveditoare.<\/p>\t\t\t\t\t\t\t\t<\/div>\n\t\t\t\t<\/div>\n\t\t\t\t\t<\/div>\n\t\t<\/div>\n\t\t\t\t\t<\/div>\n\t\t<\/section>\n\t\t\t\t<section class=\"elementor-section elementor-top-section elementor-element elementor-element-e94e453 elementor-section-boxed elementor-section-height-default elementor-section-height-default\" data-id=\"e94e453\" data-element_type=\"section\" data-e-type=\"section\">\n\t\t\t\t\t\t<div class=\"elementor-container elementor-column-gap-default\">\n\t\t\t\t\t<div class=\"elementor-column elementor-col-100 elementor-top-column elementor-element elementor-element-90ddd53\" data-id=\"90ddd53\" data-element_type=\"column\" data-e-type=\"column\">\n\t\t\t<div class=\"elementor-widget-wrap elementor-element-populated\">\n\t\t\t\t\t\t<div class=\"elementor-element elementor-element-8e5b635 elementor-widget elementor-widget-text-editor\" data-id=\"8e5b635\" data-element_type=\"widget\" data-e-type=\"widget\" data-widget_type=\"text-editor.default\">\n\t\t\t\t<div class=\"elementor-widget-container\">\n\t\t\t\t\t\t\t\t\t<h2>Cazare pe perioada vacantei de vara<\/h2><p>\u00cen perioada 1 august \u2013 12 septembrie 2023<\/p><p>&#8211; C\u0103minele studen\u0163e\u015fti nr. 1, nr. 2, nr. 3, nr. 4, \u0219i nr. 1C sunt \u00eenchise.<\/p><p>&#8211; C\u0103minul studen\u021besc nr. 5 va func\u0163iona cu tariful de cazare nesubven\u021bionat, dup\u0103 cum urmeaz\u0103:<\/p>\t\t\t\t\t\t\t\t<\/div>\n\t\t\t\t<\/div>\n\t\t\t\t\t<\/div>\n\t\t<\/div>\n\t\t\t\t\t<\/div>\n\t\t<\/section>\n\t\t\t\t<section class=\"elementor-section elementor-top-section elementor-element elementor-element-51496eec elementor-section-boxed elementor-section-height-default elementor-section-height-default\" data-id=\"51496eec\" data-element_type=\"section\" data-e-type=\"section\">\n\t\t\t\t\t\t<div class=\"elementor-container elementor-column-gap-default\">\n\t\t\t\t\t<div class=\"elementor-column elementor-col-50 elementor-top-column elementor-element elementor-element-ae45986\" data-id=\"ae45986\" data-element_type=\"column\" data-e-type=\"column\">\n\t\t\t<div class=\"elementor-widget-wrap elementor-element-populated\">\n\t\t\t\t\t\t<div class=\"elementor-element elementor-element-39af8b6 elementor-widget elementor-widget-text-editor\" data-id=\"39af8b6\" data-element_type=\"widget\" data-e-type=\"widget\" data-widget_type=\"text-editor.default\">\n\t\t\t\t<div class=\"elementor-widget-container\">\n\t\t\t\t\t\t\t\t\t<p>\u00a0<\/p>\n<table style=\"height: 357px\" width=\"350\">\n<tbody>\n<tr style=\"height: 5px\">\n<td>\n<p>Categorii de studen\u021bi<\/p>\n<\/td>\n<td>\n<p>TAXA DE CAZARE<\/p>\n<\/td>\n<\/tr>\n<tr>\n<td>Studen\u0163i str\u0103ini cu mobilitate Erasmus (practic\u0103)<\/td>\n<td rowspan=\"3\">\n<p><b><strong>385<\/strong><\/b><\/p>\n<p><b><strong>lei\/lun\u0103\/pers<\/strong><\/b><\/p>\n<p>15 lei\/zi\/pers<\/p>\n<\/td>\n<\/tr>\n<tr>\n<td>Studen\u0163i participan\u0163i la tab\u0103ra de var\u0103 Basic and Advanced Emergency Training Camp<\/td>\n<\/tr>\n<tr>\n<td>\n<p>Studen\u0163i str\u0103ini etnici rom\u00e2ni din afara grani\u021belor<\/p>\n<\/td>\n<\/tr>\n<tr>\n<td>\n<p>C.S.U.<\/p>\n<\/td>\n<td>\n<p>Conform Protocol<\/p>\n<\/td>\n<\/tr>\n<tr>\n<td>\n<p>U.M.<\/p>\n<\/td>\n<td>\n<p>Conform Conven\u021biei<\/p>\n<\/td>\n<\/tr>\n<tr>\n<td>\n<p>Caz\u0103ri ocazionale<\/p>\n<\/td>\n<td>\n<p>65 lei\/loc\/zi<\/p>\n<\/td>\n<\/tr>\n<\/tbody>\n<\/table>\n<p>\u00a0<\/p>\t\t\t\t\t\t\t\t<\/div>\n\t\t\t\t<\/div>\n\t\t\t\t\t<\/div>\n\t\t<\/div>\n\t\t\t\t<div class=\"elementor-column elementor-col-50 elementor-top-column elementor-element elementor-element-b78ae68\" data-id=\"b78ae68\" data-element_type=\"column\" data-e-type=\"column\">\n\t\t\t<div class=\"elementor-widget-wrap\">\n\t\t\t\t\t\t\t<\/div>\n\t\t<\/div>\n\t\t\t\t\t<\/div>\n\t\t<\/section>\n\t\t\t\t<section class=\"elementor-section elementor-top-section elementor-element elementor-element-f3b68e2 elementor-section-boxed elementor-section-height-default elementor-section-height-default\" data-id=\"f3b68e2\" data-element_type=\"section\" data-e-type=\"section\">\n\t\t\t\t\t\t<div class=\"elementor-container elementor-column-gap-default\">\n\t\t\t\t\t<div class=\"elementor-column elementor-col-100 elementor-top-column elementor-element elementor-element-127a525\" data-id=\"127a525\" data-element_type=\"column\" data-e-type=\"column\">\n\t\t\t<div class=\"elementor-widget-wrap\">\n\t\t\t\t\t\t\t<\/div>\n\t\t<\/div>\n\t\t\t\t\t<\/div>\n\t\t<\/section>\n\t\t\t\t<section class=\"elementor-section elementor-top-section elementor-element elementor-element-d4afa64 elementor-section-boxed elementor-section-height-default elementor-section-height-default\" data-id=\"d4afa64\" data-element_type=\"section\" data-e-type=\"section\">\n\t\t\t\t\t\t<div class=\"elementor-container elementor-column-gap-default\">\n\t\t\t\t\t<div class=\"elementor-column elementor-col-100 elementor-top-column elementor-element elementor-element-315b307\" data-id=\"315b307\" data-element_type=\"column\" data-e-type=\"column\">\n\t\t\t<div class=\"elementor-widget-wrap elementor-element-populated\">\n\t\t\t\t\t\t<div class=\"elementor-element elementor-element-c72266e elementor-widget__width-initial elementor-widget elementor-widget-text-editor\" data-id=\"c72266e\" data-element_type=\"widget\" data-e-type=\"widget\" data-widget_type=\"text-editor.default\">\n\t\t\t\t<div class=\"elementor-widget-container\">\n\t\t\t\t\t\t\t\t\t<h2>CAZARE PENTRU CANDIDA\u0162II ADMI\u015eI LA EXAMENUL DE ADMITERE PENTRU ANUL UNIVERSITAR 2023\/2024<\/h2>\n<p><b><strong><em>Candida\u0163ii admi\u015fi<\/em><\/strong><\/b>\u00a0la examenul de admitere, cu domiciliul \u00een afara municipiului T\u00e2rgu Mure\u015f \u015fi zonele limitrofe, pot depune\u00a0<b><strong>cereri de cazare doar pentru c\u0103minele studen\u0163e\u015fti nr. 2, 3, 4 \u0219i 5<\/strong><\/b>, pe anul universitar 2023\/2024, exclusiv \u00een Platforma de cazare online, \u00een perioada 28.07.2023 ora 10<sup>00<\/sup>\u00a0\u2013 01.08.2023 ora 10<sup>00\u00a0<\/sup>la adresa<b><strong>\u00a0<a href=\"https:\/\/cazare.umfst.ro\/\">https:\/\/cazare.umfst.ro<\/a><\/strong><\/b>.<\/p>\n<p><b><strong><em>Locurile de cazare sunt limitate<\/em><\/strong><\/b>. Conform Regulamentului de organizare \u015fi func\u0163ionare a c\u0103minelor studen\u0163e\u015fti,\u00a0<b><strong><em>repartizarea studen\u0163ilor din anul I, de la toate programele de studiu, se efectueaz\u0103 \u00een func\u0163ie de media ob\u0163inut\u0103 la concursul de admitere \u015fi cifra de \u015fcolarizare aprobat\u0103 de minister.<\/em><\/strong><\/b><\/p>\n<h2>CAZARE ONLINE PENTRU STUDEN\u021aII ANILOR DE STUDIU II \u2013 VI, AN UNIVERSITAR 2023\/2024<\/h2>\n<p>Pentru ob\u021binerea unui loc de cazare \u00een c\u0103minele studen\u021be\u0219ti pe anul universitar 2023\/2024 etapa 1, studen\u021bii anilor II &#8211; VI, \u00ee\u0219i vor putea depune cerere de cazare \u00een platforma\u00a0<b><strong><a href=\"https:\/\/cazare.umfst.ro\/\">https:\/\/cazare.umfst.ro<\/a><\/strong><\/b>\u00a0deschis\u0103 doar \u00een perioada\u00a0<b><strong>13.07.2023 ora 10:00 &#8211; 18.07.2023 ora 10:00<\/strong><\/b>.<\/p>\n<p>Totalul punctelor credite \u00eenregistrate \u00een platforma de cazare online vizualizate la finalizarea cererii de cazare este unul care nu include examene restante \u0219i practica de var\u0103.<\/p>\n<p>Studen\u021bii absolven\u021bi din anul universitar 2022\/2023 care vor fi \u00eenmatricula\u021bi la forma de \u00eenv\u0103\u021b\u0103m\u00e2nt master vor putea s\u0103 \u00ee\u0219i depun\u0103 cerere de cazare \u00een etapa 2, \u00eentr-o \u00a0perioad\u0103 care va fi anun\u021bat\u0103 \u00een timp util.\u00a0\u00a0\u00a0 <\/p>\t\t\t\t\t\t\t\t<\/div>\n\t\t\t\t<\/div>\n\t\t\t\t\t<\/div>\n\t\t<\/div>\n\t\t\t\t\t<\/div>\n\t\t<\/section>\n\t\t\t\t<\/div>","protected":false},"excerpt":{"rendered":"<p>Cazare pe perioada vacan\u021bei de var\u0103 2025 Conform Hot\u0103r\u00e2rii Consiliului de Administra\u021bie nr. 30\/18.06.2025, \u00een perioada 1 august \u2013 16 septembrie 2025 C\u0103minele studen\u021be\u0219ti numerele 1C, 2, 3, 4, 5 \u0219i 6 sunt \u00eenchise. C\u0103minul studen\u021besc nr. 1 va func\u021biona \u00een limita locurilor disponibile, dup\u0103 cum urmeaz\u0103: Nr. crt. Categorii de&nbsp; studen\u021bi Tarif de cazare [&hellip;]<\/p>\n","protected":false},"author":3,"featured_media":0,"parent":247,"menu_order":0,"comment_status":"closed","ping_status":"closed","template":"","meta":{"_relevanssi_hide_post":"","_relevanssi_hide_content":"","_relevanssi_pin_for_all":"","_relevanssi_pin_keywords":"","_relevanssi_unpin_keywords":"","_relevanssi_related_keywords":"","_relevanssi_related_include_ids":"","_relevanssi_related_exclude_ids":"","_relevanssi_related_no_append":"","_relevanssi_related_not_related":"","_relevanssi_related_posts":"150,154","_relevanssi_noindex_reason":"","footnotes":""},"categories":[16,141],"tags":[],"class_list":["post-259","page","type-page","status-publish","hentry","category-pagina-sidebar","category-pagina-directia-administrativa"],"meta_box":[],"_links":{"self":[{"href":"https:\/\/umfst.ro\/hu\/wp-json\/wp\/v2\/pages\/259","targetHints":{"allow":["GET"]}}],"collection":[{"href":"https:\/\/umfst.ro\/hu\/wp-json\/wp\/v2\/pages"}],"about":[{"href":"https:\/\/umfst.ro\/hu\/wp-json\/wp\/v2\/types\/page"}],"author":[{"embeddable":true,"href":"https:\/\/umfst.ro\/hu\/wp-json\/wp\/v2\/users\/3"}],"replies":[{"embeddable":true,"href":"https:\/\/umfst.ro\/hu\/wp-json\/wp\/v2\/comments?post=259"}],"version-history":[{"count":76,"href":"https:\/\/umfst.ro\/hu\/wp-json\/wp\/v2\/pages\/259\/revisions"}],"predecessor-version":[{"id":41822,"href":"https:\/\/umfst.ro\/hu\/wp-json\/wp\/v2\/pages\/259\/revisions\/41822"}],"up":[{"embeddable":true,"href":"https:\/\/umfst.ro\/hu\/wp-json\/wp\/v2\/pages\/247"}],"wp:attachment":[{"href":"https:\/\/umfst.ro\/hu\/wp-json\/wp\/v2\/media?parent=259"}],"wp:term":[{"taxonomy":"category","embeddable":true,"href":"https:\/\/umfst.ro\/hu\/wp-json\/wp\/v2\/categories?post=259"},{"taxonomy":"post_tag","embeddable":true,"href":"https:\/\/umfst.ro\/hu\/wp-json\/wp\/v2\/tags?post=259"}],"curies":[{"name":"wp","href":"https:\/\/api.w.org\/{rel}","templated":true}]}}