{"id":291,"date":"2022-11-07T15:16:02","date_gmt":"2022-11-07T13:16:02","guid":{"rendered":"https:\/\/dev.umfst.ro\/?page_id=291"},"modified":"2025-05-22T09:40:19","modified_gmt":"2025-05-22T06:40:19","slug":"serviciul-achizitii-investitii","status":"publish","type":"page","link":"https:\/\/umfst.ro\/hu\/universitate\/directia-administrativa\/serviciul-achizitii-investitii\/","title":{"rendered":"Direc\u021bia Achizi\u021bii &#8211; Infrastructur\u0103"},"content":{"rendered":"<div data-elementor-type=\"wp-post\" data-elementor-id=\"291\" class=\"elementor elementor-291\" data-elementor-post-type=\"page\">\n\t\t\t\t\t\t<section class=\"elementor-section elementor-top-section elementor-element elementor-element-d55465f elementor-section-boxed elementor-section-height-default elementor-section-height-default\" data-id=\"d55465f\" data-element_type=\"section\" data-e-type=\"section\">\n\t\t\t\t\t\t<div class=\"elementor-container elementor-column-gap-default\">\n\t\t\t\t\t<div class=\"elementor-column elementor-col-50 elementor-top-column elementor-element elementor-element-9a02086\" data-id=\"9a02086\" data-element_type=\"column\" data-e-type=\"column\">\n\t\t\t<div class=\"elementor-widget-wrap elementor-element-populated\">\n\t\t\t\t\t\t<div class=\"elementor-element elementor-element-ac00be9 elementor-widget elementor-widget-heading\" data-id=\"ac00be9\" data-element_type=\"widget\" data-e-type=\"widget\" data-widget_type=\"heading.default\">\n\t\t\t\t<div class=\"elementor-widget-container\">\n\t\t\t\t\t<h2 class=\"elementor-heading-title elementor-size-default\">Personal<\/h2>\t\t\t\t<\/div>\n\t\t\t\t<\/div>\n\t\t\t\t<div class=\"elementor-element elementor-element-4570508 elementor-widget elementor-widget-text-editor\" data-id=\"4570508\" data-element_type=\"widget\" data-e-type=\"widget\" data-widget_type=\"text-editor.default\">\n\t\t\t\t<div class=\"elementor-widget-container\">\n\t\t\t\t\t\t\t\t\t<p>\u00a0<\/p><p style=\"font-weight: 400\"><strong>Director Achizi\u021bii \u2013 Infrastructur\u0103<\/strong><\/p><p style=\"font-weight: 400\">Cristina Rodica Sala<br \/>E-mail: <a href=\"mailto:cristina.sala@umfst.ro\">cristina.sala@umfst.ro<\/a><\/p><p style=\"font-weight: 400\"><strong>\u0218ef Serviciu Achizi\u021bii \u2013 Investi\u021bii<\/strong><\/p><p style=\"font-weight: 400\">Ioana Andreea Cilean<br \/>E-mail: <a href=\"mailto:ioana.cilean@umfst.ro\">ioana.cilean@umfst.ro<\/a><\/p>\t\t\t\t\t\t\t\t<\/div>\n\t\t\t\t<\/div>\n\t\t\t\t\t<\/div>\n\t\t<\/div>\n\t\t\t\t<div class=\"elementor-column elementor-col-50 elementor-top-column elementor-element elementor-element-f049fb4\" data-id=\"f049fb4\" data-element_type=\"column\" data-e-type=\"column\">\n\t\t\t<div class=\"elementor-widget-wrap elementor-element-populated\">\n\t\t\t\t\t\t<section class=\"elementor-section elementor-inner-section elementor-element elementor-element-98c8ec3 elementor-section-boxed elementor-section-height-default elementor-section-height-default\" data-id=\"98c8ec3\" data-element_type=\"section\" data-e-type=\"section\">\n\t\t\t\t\t\t<div class=\"elementor-container elementor-column-gap-default\">\n\t\t\t\t\t<div data-dce-background-color=\"#F2F7FF\" class=\"elementor-column elementor-col-100 elementor-inner-column elementor-element elementor-element-4260f10\" data-id=\"4260f10\" data-element_type=\"column\" data-e-type=\"column\" data-settings=\"{&quot;background_background&quot;:&quot;classic&quot;}\">\n\t\t\t<div class=\"elementor-widget-wrap elementor-element-populated\">\n\t\t\t\t\t\t<div class=\"elementor-element elementor-element-46cc926 elementor-widget elementor-widget-heading\" data-id=\"46cc926\" data-element_type=\"widget\" data-e-type=\"widget\" data-widget_type=\"heading.default\">\n\t\t\t\t<div class=\"elementor-widget-container\">\n\t\t\t\t\t<h5 class=\"elementor-heading-title elementor-size-default\">Kapcsolat<\/h5>\t\t\t\t<\/div>\n\t\t\t\t<\/div>\n\t\t\t\t<div class=\"elementor-element elementor-element-8075f22 elementor-widget-divider--view-line elementor-widget elementor-widget-divider\" data-id=\"8075f22\" data-element_type=\"widget\" data-e-type=\"widget\" data-widget_type=\"divider.default\">\n\t\t\t\t<div class=\"elementor-widget-container\">\n\t\t\t\t\t\t\t<div class=\"elementor-divider\">\n\t\t\t<span class=\"elementor-divider-separator\">\n\t\t\t\t\t\t<\/span>\n\t\t<\/div>\n\t\t\t\t\t\t<\/div>\n\t\t\t\t<\/div>\n\t\t\t\t<div class=\"elementor-element elementor-element-031b699 elementor-widget elementor-widget-icon-box\" data-id=\"031b699\" data-element_type=\"widget\" data-e-type=\"widget\" data-widget_type=\"icon-box.default\">\n\t\t\t\t<div class=\"elementor-widget-container\">\n\t\t\t\t\t\t\t<div class=\"elementor-icon-box-wrapper\">\n\n\t\t\t\n\t\t\t\t\t\t<div class=\"elementor-icon-box-content\">\n\n\t\t\t\t\t\t\t\t\t<h3 class=\"elementor-icon-box-title\">\n\t\t\t\t\t\t<span  >\n\t\t\t\t\t\t\tAdres\u0103\t\t\t\t\t\t<\/span>\n\t\t\t\t\t<\/h3>\n\t\t\t\t\n\t\t\t\t\t\t\t\t\t<p class=\"elementor-icon-box-description\">\n\t\t\t\t\t\tCl\u0103direa Administra\u021biei\nStr. Gheorghe Marinescu Nr. 38 <br>\nT\u00e2rgu Mure\u0219, 540142\nRom\u00e2nia\n\n\n\n\t\t\t\t\t<\/p>\n\t\t\t\t\n\t\t\t<\/div>\n\t\t\t\n\t\t<\/div>\n\t\t\t\t\t\t<\/div>\n\t\t\t\t<\/div>\n\t\t\t\t<div class=\"elementor-element elementor-element-b847fa9 elementor-widget elementor-widget-icon-box\" data-id=\"b847fa9\" data-element_type=\"widget\" data-e-type=\"widget\" data-widget_type=\"icon-box.default\">\n\t\t\t\t<div class=\"elementor-widget-container\">\n\t\t\t\t\t\t\t<div class=\"elementor-icon-box-wrapper\">\n\n\t\t\t\n\t\t\t\t\t\t<div class=\"elementor-icon-box-content\">\n\n\t\t\t\t\t\t\t\t\t<h3 class=\"elementor-icon-box-title\">\n\t\t\t\t\t\t<span  >\n\t\t\t\t\t\t\tTelefon\t\t\t\t\t\t<\/span>\n\t\t\t\t\t<\/h3>\n\t\t\t\t\n\t\t\t\t\t\t\t\t\t<p class=\"elementor-icon-box-description\">\n\t\t\t\t\t\t+40-265-215.551, int. 243, 224, 134, 174, 212, 101, 102. \t\t\t\t\t<\/p>\n\t\t\t\t\n\t\t\t<\/div>\n\t\t\t\n\t\t<\/div>\n\t\t\t\t\t\t<\/div>\n\t\t\t\t<\/div>\n\t\t\t\t<div class=\"elementor-element elementor-element-e2241ce elementor-widget elementor-widget-icon-box\" data-id=\"e2241ce\" data-element_type=\"widget\" data-e-type=\"widget\" data-widget_type=\"icon-box.default\">\n\t\t\t\t<div class=\"elementor-widget-container\">\n\t\t\t\t\t\t\t<div class=\"elementor-icon-box-wrapper\">\n\n\t\t\t\n\t\t\t\t\t\t<div class=\"elementor-icon-box-content\">\n\n\t\t\t\t\t\t\t\t\t<h3 class=\"elementor-icon-box-title\">\n\t\t\t\t\t\t<span  >\n\t\t\t\t\t\t\tMagazia central\u0103 - Cl\u0103direa 42\t\t\t\t\t\t<\/span>\n\t\t\t\t\t<\/h3>\n\t\t\t\t\n\t\t\t\t\t\t\t\t\t<p class=\"elementor-icon-box-description\">\n\t\t\t\t\t\t\n\n\n\t\t\t\t\t<\/p>\n\t\t\t\t\n\t\t\t<\/div>\n\t\t\t\n\t\t<\/div>\n\t\t\t\t\t\t<\/div>\n\t\t\t\t<\/div>\n\t\t\t\t<div class=\"elementor-element elementor-element-9b025fa elementor-widget elementor-widget-icon-box\" data-id=\"9b025fa\" data-element_type=\"widget\" data-e-type=\"widget\" data-widget_type=\"icon-box.default\">\n\t\t\t\t<div class=\"elementor-widget-container\">\n\t\t\t\t\t\t\t<div class=\"elementor-icon-box-wrapper\">\n\n\t\t\t\n\t\t\t\t\t\t<div class=\"elementor-icon-box-content\">\n\n\t\t\t\t\t\t\t\t\t<h3 class=\"elementor-icon-box-title\">\n\t\t\t\t\t\t<span  >\n\t\t\t\t\t\t\tTelefon\t\t\t\t\t\t<\/span>\n\t\t\t\t\t<\/h3>\n\t\t\t\t\n\t\t\t\t\t\t\t\t\t<p class=\"elementor-icon-box-description\">\n\t\t\t\t\t\t+40-265-215.551, int. 199, 141\t\t\t\t\t<\/p>\n\t\t\t\t\n\t\t\t<\/div>\n\t\t\t\n\t\t<\/div>\n\t\t\t\t\t\t<\/div>\n\t\t\t\t<\/div>\n\t\t\t\t\t<\/div>\n\t\t<\/div>\n\t\t\t\t\t<\/div>\n\t\t<\/section>\n\t\t\t\t\t<\/div>\n\t\t<\/div>\n\t\t\t\t\t<\/div>\n\t\t<\/section>\n\t\t\t\t<section class=\"elementor-section elementor-top-section elementor-element elementor-element-16bafff elementor-section-boxed elementor-section-height-default elementor-section-height-default\" data-id=\"16bafff\" data-element_type=\"section\" data-e-type=\"section\">\n\t\t\t\t\t\t<div class=\"elementor-container elementor-column-gap-default\">\n\t\t\t\t\t<div class=\"elementor-column elementor-col-100 elementor-top-column elementor-element elementor-element-8057766\" data-id=\"8057766\" data-element_type=\"column\" data-e-type=\"column\">\n\t\t\t<div class=\"elementor-widget-wrap\">\n\t\t\t\t\t\t\t<\/div>\n\t\t<\/div>\n\t\t\t\t\t<\/div>\n\t\t<\/section>\n\t\t\t\t<section class=\"elementor-section elementor-top-section elementor-element elementor-element-204991f elementor-section-boxed elementor-section-height-default elementor-section-height-default\" data-id=\"204991f\" data-element_type=\"section\" data-e-type=\"section\">\n\t\t\t\t\t\t<div class=\"elementor-container elementor-column-gap-default\">\n\t\t\t\t\t<div class=\"elementor-column elementor-col-100 elementor-top-column elementor-element elementor-element-ff36845\" data-id=\"ff36845\" data-element_type=\"column\" data-e-type=\"column\">\n\t\t\t<div class=\"elementor-widget-wrap elementor-element-populated\">\n\t\t\t\t\t\t<div class=\"elementor-element elementor-element-f5ee49d elementor-widget elementor-widget-jet-tabs\" data-id=\"f5ee49d\" data-element_type=\"widget\" data-e-type=\"widget\" data-settings=\"{&quot;tabs_position&quot;:&quot;top&quot;,&quot;no_active_tabs&quot;:&quot;false&quot;}\" data-widget_type=\"jet-tabs.default\">\n\t\t\t\t<div class=\"elementor-widget-container\">\n\t\t\t\t\t\n\t\t<div class=\"jet-tabs jet-tabs-position-top jet-tabs-move-up-effect\" data-settings=\"{&quot;activeIndex&quot;:0,&quot;event&quot;:&quot;click&quot;,&quot;autoSwitch&quot;:false,&quot;autoSwitchDelay&quot;:3000,&quot;ajaxTemplate&quot;:false,&quot;tabsPosition&quot;:&quot;top&quot;,&quot;switchScrolling&quot;:false,&quot;switchScrollingOffset&quot;:0}\">\n\t\t\t\t\t\t<div class=\"jet-tabs__control-wrapper\" role=\"tablist\">\n\n                                    <div id=\"jet-tabs-control-2571\" class=\"jet-tabs__control jet-tabs__control-icon-right elementor-menu-anchor active-tab\" data-tab=\"1\" tabindex=\"0\" role=\"tab\" aria-controls=\"jet-tabs-content-2571\" aria-expanded=\"true\" data-template-id=\"false\"><div class=\"jet-tabs__control-inner\"><div class=\"jet-tabs__label-text\">Compartiment Achizi\u021bii Publice<\/div><\/div><\/div><div id=\"jet-tabs-control-2572\" class=\"jet-tabs__control jet-tabs__control-icon-right elementor-menu-anchor\" data-tab=\"2\" tabindex=\"0\" role=\"tab\" aria-controls=\"jet-tabs-content-2572\" aria-expanded=\"false\" data-template-id=\"false\"><div class=\"jet-tabs__control-inner\"><div class=\"jet-tabs__label-text\">Compartiment Investi\u021bii<\/div><\/div><\/div><div id=\"jet-tabs-control-2573\" class=\"jet-tabs__control jet-tabs__control-icon-right elementor-menu-anchor\" data-tab=\"3\" tabindex=\"0\" role=\"tab\" aria-controls=\"jet-tabs-content-2573\" aria-expanded=\"false\" data-template-id=\"false\"><div class=\"jet-tabs__control-inner\"><div class=\"jet-tabs__label-text\">Compartiment Aprovizionare<\/div><\/div><\/div>\n                    \t\t\t    <\/div>\n\t\t\t<div class=\"jet-tabs__content-wrapper\">\n\t\t\t\t<div id=\"jet-tabs-content-2571\" class=\"jet-tabs__content active-content\" data-tab=\"1\" role=\"tabpanel\" aria-hidden=\"false\" data-template-id=\"false\"><p style=\"font-weight: 400\">Annamaria Leb<br \/>E-mail: <a href=\"mailto:umfachizitii@umfst.ro\">umfachizitii@umfst.ro<\/a><\/p><p style=\"font-weight: 400\">Teodora Diana F\u0103g\u0103ra\u0219<br \/>E-mail: <a href=\"mailto:diana.fagaras@umfst.ro\">diana.fagaras@umfst.ro<\/a><\/p><p style=\"font-weight: 400\">Roxana Nan<br \/>E-mail: <a href=\"mailto:roxana.nan@umfst.ro\">roxana.nan@umfst.ro<\/a><\/p><p style=\"font-weight: 400\">Radu-Adrian Micheu<br \/>E-mail: <a href=\"mailto:radu.micheu@umfst.ro\">radu.micheu@umfst.ro<\/a><\/p><p style=\"font-weight: 400\">Claudiu Chilu\u021bi-Grama<br \/>E-mail: <a href=\"mailto:claudiu.chiluti@umfst.ro\">claudiu.chiluti@umfst.ro<\/a><\/p><p style=\"font-weight: 400\">Elena Gabriela Stoica<br \/>E-mail: <a href=\"mailto:gabriela.stoica@umfst.ro\">gabriela.stoica@umfst.ro<\/a><\/p><p style=\"font-weight: 400\">Iulia Andreea Morar<br \/>E-mail: <a href=\"mailto:iulia.morar@umfst.ro\">iulia.morar@umfst.ro<\/a><\/p><p style=\"font-weight: 400\">Adriana Niculici<br \/>E-mail: <a href=\"mailto:adriana.niculici@umfst.ro\">adriana.niculici@umfst.ro<\/a><\/p><p style=\"font-weight: 400\">Larisa Precup<br \/>E-mail: <a href=\"mailto:larisa.precup@umfst.ro\">larisa.precup@umfst.ro<\/a><\/p><p>\u00a0<\/p><\/div><div id=\"jet-tabs-content-2572\" class=\"jet-tabs__content\" data-tab=\"2\" role=\"tabpanel\" aria-hidden=\"true\" data-template-id=\"false\"><div><p><span lang=\"RO\">Raluca Ulcic\u0103<br \/>E-mail: <\/span><span lang=\"RO\"><a href=\"mailto:raluca.ulcica@umfst.ro\">raluca.ulcica@umfst.ro<\/a><\/span><\/p><\/div><div><p><span lang=\"RO\">Adrian Prodan<br \/>E-mail: <\/span><span lang=\"RO\"><a href=\"mailto:adrian.prodan@umfst.ro\">adrian.prodan@umfst.ro<\/a><\/span><\/p><\/div><div><p><span lang=\"RO\">Ioana-Mirela Dete\u0219an<br \/>E-mail: <\/span><span lang=\"RO\"><a href=\"mailto:ioana.detesan@umfst.ro\">ioana.detesan@umfst.ro<\/a><\/span><\/p><\/div><div><p><span lang=\"RO\">Bianca Iullia Grab<br \/>E-mail: <\/span><span lang=\"RO\"><a href=\"mailto:bianca.grab@umfst.ro\">bianca.grab@umfst.ro<\/a><\/span><\/p><\/div><p>\u00a0<\/p><\/div><div id=\"jet-tabs-content-2573\" class=\"jet-tabs__content\" data-tab=\"3\" role=\"tabpanel\" aria-hidden=\"true\" data-template-id=\"false\"><p style=\"font-weight: 400\">Maria Moldovan &#8211; Coordonator compartiment<br \/>E-mail: <a href=\"mailto:maria.moldovan@umfst.ro\">maria.moldovan@umfst.ro<\/a><\/p><p style=\"font-weight: 400\">Lumini\u021ba P\u0103curar<br \/>E-mail: <a href=\"mailto:dina.pacurar@umfst.ro\">dina.pacurar@umfst.ro<\/a><\/p><p style=\"font-weight: 400\">Ioan C\u0103pu\u0219an<br \/>E-mail: <a href=\"mailto:ioan.capusan@umfst.ro\">ioan.capusan@umfst.ro<\/a><\/p><p style=\"font-weight: 400\">Ovidiu T\u0103tar<br \/>E-mail: <a href=\"mailto:ovidiu.tatar@umfst.ro\">ovidiu.tatar@umfst.ro<\/a><\/p><p style=\"font-weight: 400\">Ana Maria Toncian<br \/>E-mail: <a href=\"mailto:anamaria.toncian@umfst.ro\">anamaria.toncian@umfst.ro<\/a><\/p><p style=\"font-weight: 400\">Bianca Neac\u0219a<br \/>E-mail: <a href=\"mailto:bianca.neacsa@umfst.ro\">bianca.neacsa@umfst.ro<\/a><\/p><p style=\"font-weight: 400\"><strong>Magazia Central\u0103<\/strong><\/p><p style=\"font-weight: 400\">Ilie Mare<br \/>E-mail: <a href=\"mailto:ilie.mare@umfst.ro\">ilie.mare@umfst.ro<\/a><\/p><p><span style=\"font-weight: 400\">Ioan Tiberiu S\u0103rm\u0103\u0219an<br \/>E-mail: <\/span><span style=\"font-weight: 400\"><a href=\"mailto:tiberiu.sarmasan@umfst.ro\">tiberiu.sarmasan@umfst.ro<\/a><\/span><\/p><p>\u00a0<\/p><\/div>\t\t\t<\/div>\n\t\t\t\t\t<\/div>\n\t\t\t\t\t\t<\/div>\n\t\t\t\t<\/div>\n\t\t\t\t<div class=\"elementor-element elementor-element-9ea3210 elementor-widget__width-auto elementor-widget elementor-widget-button\" data-id=\"9ea3210\" data-element_type=\"widget\" data-e-type=\"widget\" data-widget_type=\"button.default\">\n\t\t\t\t<div class=\"elementor-widget-container\">\n\t\t\t\t\t\t\t\t\t<div class=\"elementor-button-wrapper\">\n\t\t\t\t\t<a class=\"elementor-button elementor-button-link elementor-size-sm\" href=\"https:\/\/www.umfst.ro\/fileadmin\/directia_adm\/achizitii\/2025\/Organigrama%20Directie.docx\" target=\"_blank\">\n\t\t\t\t\t\t<span class=\"elementor-button-content-wrapper\">\n\t\t\t\t\t\t<span class=\"elementor-button-icon\">\n\t\t\t\t<i aria-hidden=\"true\" class=\"fas fa-file-pdf\"><\/i>\t\t\t<\/span>\n\t\t\t\t\t\t\t\t\t<span class=\"elementor-button-text\">Organigrama<\/span>\n\t\t\t\t\t<\/span>\n\t\t\t\t\t<\/a>\n\t\t\t\t<\/div>\n\t\t\t\t\t\t\t\t<\/div>\n\t\t\t\t<\/div>\n\t\t\t\t\t<\/div>\n\t\t<\/div>\n\t\t\t\t\t<\/div>\n\t\t<\/section>\n\t\t\t\t<\/div>","protected":false},"excerpt":{"rendered":"<p>Personal \u00a0 Director Achizi\u021bii \u2013 Infrastructur\u0103 Cristina Rodica SalaE-mail: cristina.sala@umfst.ro \u0218ef Serviciu Achizi\u021bii \u2013 Investi\u021bii Ioana Andreea CileanE-mail: ioana.cilean@umfst.ro Contact Adres\u0103 Cl\u0103direa Administra\u021biei Str. Gheorghe Marinescu Nr. 38 T\u00e2rgu Mure\u0219, 540142 Rom\u00e2nia Telefon +40-265-215.551, int. 243, 224, 134, 174, 212, 101, 102. Magazia central\u0103 &#8211; Cl\u0103direa 42 Telefon +40-265-215.551, int. 199, 141 Compartiment Achizi\u021bii PubliceCompartiment [&hellip;]<\/p>\n","protected":false},"author":3,"featured_media":0,"parent":238,"menu_order":6,"comment_status":"closed","ping_status":"closed","template":"","meta":{"_relevanssi_hide_post":"","_relevanssi_hide_content":"","_relevanssi_pin_for_all":"","_relevanssi_pin_keywords":"","_relevanssi_unpin_keywords":"","_relevanssi_related_keywords":"","_relevanssi_related_include_ids":"","_relevanssi_related_exclude_ids":"","_relevanssi_related_no_append":"","_relevanssi_related_not_related":"","_relevanssi_related_posts":"2391,2389,5016,2388,2390,2382","_relevanssi_noindex_reason":"","footnotes":""},"categories":[16,141],"tags":[],"class_list":["post-291","page","type-page","status-publish","hentry","category-pagina-sidebar","category-pagina-directia-administrativa"],"meta_box":[],"_links":{"self":[{"href":"https:\/\/umfst.ro\/hu\/wp-json\/wp\/v2\/pages\/291","targetHints":{"allow":["GET"]}}],"collection":[{"href":"https:\/\/umfst.ro\/hu\/wp-json\/wp\/v2\/pages"}],"about":[{"href":"https:\/\/umfst.ro\/hu\/wp-json\/wp\/v2\/types\/page"}],"author":[{"embeddable":true,"href":"https:\/\/umfst.ro\/hu\/wp-json\/wp\/v2\/users\/3"}],"replies":[{"embeddable":true,"href":"https:\/\/umfst.ro\/hu\/wp-json\/wp\/v2\/comments?post=291"}],"version-history":[{"count":124,"href":"https:\/\/umfst.ro\/hu\/wp-json\/wp\/v2\/pages\/291\/revisions"}],"predecessor-version":[{"id":39954,"href":"https:\/\/umfst.ro\/hu\/wp-json\/wp\/v2\/pages\/291\/revisions\/39954"}],"up":[{"embeddable":true,"href":"https:\/\/umfst.ro\/hu\/wp-json\/wp\/v2\/pages\/238"}],"wp:attachment":[{"href":"https:\/\/umfst.ro\/hu\/wp-json\/wp\/v2\/media?parent=291"}],"wp:term":[{"taxonomy":"category","embeddable":true,"href":"https:\/\/umfst.ro\/hu\/wp-json\/wp\/v2\/categories?post=291"},{"taxonomy":"post_tag","embeddable":true,"href":"https:\/\/umfst.ro\/hu\/wp-json\/wp\/v2\/tags?post=291"}],"curies":[{"name":"wp","href":"https:\/\/api.w.org\/{rel}","templated":true}]}}