{"id":29169,"date":"2024-08-20T18:56:16","date_gmt":"2024-08-20T15:56:16","guid":{"rendered":"https:\/\/umfst.ro\/?page_id=29169"},"modified":"2025-06-03T08:47:16","modified_gmt":"2025-06-03T05:47:16","slug":"colegiul-tarnaveni","status":"publish","type":"page","link":"https:\/\/umfst.ro\/hu\/info-studenti\/studii\/preuniversitar\/colegiul-tarnaveni\/","title":{"rendered":"Colegiul T\u00e2rn\u0103veni"},"content":{"rendered":"<div data-elementor-type=\"wp-page\" data-elementor-id=\"29169\" class=\"elementor elementor-29169\" data-elementor-post-type=\"page\">\n\t\t\t\t\t\t<section class=\"elementor-section elementor-top-section elementor-element elementor-element-9e20152 elementor-section-boxed elementor-section-height-default elementor-section-height-default\" data-id=\"9e20152\" data-element_type=\"section\" data-e-type=\"section\">\n\t\t\t\t\t\t<div class=\"elementor-container elementor-column-gap-default\">\n\t\t\t\t\t<div class=\"elementor-column elementor-col-100 elementor-top-column elementor-element elementor-element-9ce16f9\" data-id=\"9ce16f9\" data-element_type=\"column\" data-e-type=\"column\">\n\t\t\t<div class=\"elementor-widget-wrap elementor-element-populated\">\n\t\t\t\t\t\t<div class=\"elementor-element elementor-element-4cdaef5 elementor-widget elementor-widget-text-editor\" data-id=\"4cdaef5\" data-element_type=\"widget\" data-e-type=\"widget\" data-widget_type=\"text-editor.default\">\n\t\t\t\t<div class=\"elementor-widget-container\">\n\t\t\t\t\t\t\t\t\t<h2 style=\"text-align: left\"><strong>Colegiul UMFST \u201eGEORGE EMIL PALADE\u201d- deschiz\u0103tor de drum spre cariera de asistent medical generalist<\/strong><\/h2><p style=\"text-align: left\"><strong>Marosv\u00e1s\u00e1rhelyi \u201eGeorge Emil Palade\u201d Orvosi, Gy\u00f3gyszer\u00e9szeti, Tudom\u00e1ny \u00e9s Technol\u00f3giai Egyetem<\/strong> ofer\u0103 \u0219ansa de a-\u0219i transforma visul \u00een realitate celor care \u00ee\u0219i doresc s\u0103 \u00eembr\u0103\u021bi\u0219eze nobila voca\u021bie de asistent medical generalist, dedic\u00e2ndu-se cu profesionalism \u0219i competen\u021b\u0103 \u00eembun\u0103t\u0103\u021birii sistemului de s\u0103n\u0103tate \u0219i \u00eengrijirii medicale.<\/p><p style=\"text-align: left\">Prin intermediul\u00a0<strong>Colegiului UMFST \u201eGeorge Emil Palade\u201d<\/strong> viitorii asisten\u021bi medicali beneficiaz\u0103 de un parcurs educa\u021bional de\u00a0<strong>trei ani<\/strong> \u00een cadrul \u00eenv\u0103\u021b\u0103m\u00e2ntului ter\u021biar non-universitar. \u00cencep\u00e2nd cu\u00a0luna <strong>septembrie 2023<\/strong>, Colegiul \u00ee\u0219i desf\u0103\u0219oar\u0103 activitatea la\u00a0<strong>T\u00e2rn\u0103veni<\/strong>, oferind o preg\u0103tire profesional\u0103 de \u00eenalt\u0103 calitate, aliniat\u0103 celor mai exigente standarde din domeniul s\u0103n\u0103t\u0103\u021bii. Programul educa\u021bional este conceput pentru a r\u0103spunde nevoilor actuale ale pie\u021bei muncii, at\u00e2t la nivel na\u021bional, c\u00e2t \u0219i interna\u021bional, preg\u0103tind absolven\u021bi capabili s\u0103 aduc\u0103 un impact real \u00een comunitatea medical\u0103.<\/p><p style=\"text-align: left\">Colegiul UMFST \u201eGEORGE EMIL PALADE\u201d este alegerea ideal\u0103 pentru viitorul vostru, cursan\u021bii no\u0219tri, fiindc\u0103 dac\u0103 ve\u021bi alege Colegiul nostru, ve\u021bi p\u0103\u0219i \u00eentr-un mediu academic\u00a0<strong>dinamic \u0219i prestigios<\/strong>, parte a unei universit\u0103\u021bi de renume, unde educa\u021bia se \u00eemplete\u0219te armonios cu excelen\u021ba \u0219i inova\u021bia. Colegiul nostru dispune de\u00a0<strong>o infrastructur\u0103 modern\u0103 \u0219i bine echipat\u0103<\/strong>, menit\u0103 s\u0103 sprijine procesul de \u00eenv\u0103\u021bare, iar formarea cursan\u021bilor no\u0219tri este ghidat\u0103 de\u00a0<strong>cadre didactice cu vast\u0103 experien\u021b\u0103<\/strong>, dedicate s\u0103 \u00eei \u00eenso\u021beasc\u0103 pe drumul devenirii profesionale.<\/p><p style=\"text-align: left\">\u00cen plus,\u00a0<strong>preg\u0103tirea practic\u0103<\/strong>\u00a0este organizat\u0103 \u00een\u00a0<strong>spitalele partenere<\/strong>\u00a0din T\u00e2rn\u0103veni \u0219i T\u00e2rgu Mure\u0219, sub \u00eendrumarea\u00a0<strong>celor mai respecta\u021bi speciali\u0219ti<\/strong>\u00a0\u2013 medici \u0219i asisten\u021bi medicali generali\u0219ti, ale c\u0103ror cuno\u0219tin\u021be \u0219i expertiz\u0103 valoroas\u0103 reprezint\u0103 un fundament solid pentru cariera de asistent medical generalist. Totodat\u0103, cursan\u021bii au acces la\u00a0<strong>Centrul de Simulare \u0219i Abilit\u0103\u021bi Practice<\/strong>\u00a0din campusul universitar din T\u00e2rgu Mure\u0219, un spa\u021biu modern unde \u00ee\u0219i pot exersa \u0219i perfec\u021biona competen\u021bele esen\u021biale \u00een domeniul medical.<\/p><p style=\"text-align: left\"><strong>Colegiul UMFST \u201eGeorge Emil Palade\u201d<\/strong>\u00a0este mai mult dec\u00e2t un loc de studiu \u2013 este\u00a0<strong>un spa\u021biu al dezvolt\u0103rii personale \u0219i profesionale<\/strong>, unde fiecare cursant este\u00a0<strong>apreciat, valorizat \u0219i sus\u021binut<\/strong>\u00a0\u00een atingerea poten\u021bialului s\u0103u maxim. Printr-un proces educa\u021bional centrat pe\u00a0<strong>dob\u00e2ndirea de competen\u021be practice, inovare \u0219i motiva\u021bie personal\u0103<\/strong>, Colegiul ofer\u0103 cursan\u021bilor nu doar oportunitatea de a deveni profesioni\u0219ti de excep\u021bie, ci \u0219i de a-\u0219i construi o carier\u0103 plin\u0103 de \u00eempliniri \u0219i succes.<\/p><p style=\"text-align: left\"><strong>Cu pretuire,<\/strong><\/p><p style=\"text-align: left\"><strong>Director,<\/strong><\/p><p style=\"text-align: left\"><strong>Lector\u00a0 univ. dr. Andreea\u00a0 Ban<\/strong><\/p>\t\t\t\t\t\t\t\t<\/div>\n\t\t\t\t<\/div>\n\t\t\t\t<div class=\"elementor-element elementor-element-acf7b12 elementor-widget elementor-widget-text-editor\" data-id=\"acf7b12\" data-element_type=\"widget\" data-e-type=\"widget\" data-widget_type=\"text-editor.default\">\n\t\t\t\t<div class=\"elementor-widget-container\">\n\t\t\t\t\t\t\t\t\t<h2><strong>Informatii de interes:<\/strong><\/h2><h5><strong>Felv\u00e9teli<\/strong><\/h5><ul><li><strong>Calendarul de admitere<\/strong><\/li><\/ul><p style=\"text-align: center\"><strong>Sesiunea iulie 2025<\/strong><\/p><table><tbody><tr><td width=\"293\"><em>14 iulie 2025, ora 08:00 \u2013 24 iulie 2025, ora 12:00<\/em><\/td><td width=\"295\"><em>\u00eenscrieri online 24\/24h<\/em><\/td><\/tr><tr><td width=\"293\"><em>25 iulie 2025<\/em><\/td><td width=\"295\"><em>afi\u0219are rezultate <\/em><\/td><\/tr><tr><td width=\"293\"><em>28 iulie 2025, p\u00e2n\u0103 la ora 13:00<\/em><\/td><td width=\"295\"><em>depunere contesta\u021bii la Secretariatul Colegiului (str. Pompelor nr. 14, T\u00e2rn\u0103veni)<\/em><\/td><\/tr><tr><td width=\"293\"><em>30 iulie 2025<\/em><\/td><td width=\"295\"><em>afi\u0219are rezultate finale<\/em><\/td><\/tr><tr><td width=\"293\"><em>31 iulie 2025\u2013 5 august 2025 (interval orar 8:00-15:00)<\/em><\/td><td width=\"295\"><em>Confirmare\/\u00eenmatriculare loc <strong>online<\/strong> \u00een platforma de \u00eenscriere \u0219i depunerea dosarelor fizice la Secretariatul Colegiului<\/em><\/td><\/tr><\/tbody><\/table><p style=\"text-align: center\"><strong>Sesiunea septembrie 2025<\/strong><\/p><p><strong>(\u00een limita locurilor r\u0103mase neocupate dup\u0103 sesiunea din luna iulie)<\/strong><\/p><table><tbody><tr><td width=\"293\"><em>25 august ora 08:00 \u2013 29 august 2025, ora 12:00<\/em><\/td><td width=\"295\"><em>\u00eenscrieri online 24\/24h<\/em><\/td><\/tr><tr><td width=\"293\"><em>1 septembrie 2025<\/em><\/td><td width=\"295\"><em>afi\u0219are rezultate <\/em><\/td><\/tr><tr><td width=\"293\"><em>2-3 septembrie 2025, p\u00e2n\u0103 la ora 15:00<\/em><\/td><td width=\"295\"><em>depunere contesta\u021bii la Secretariatul Colegiului (str. Pompelor nr. 14, T\u00e2rn\u0103veni)<\/em><\/td><\/tr><tr><td width=\"293\"><em>4 septembrie 2025<\/em><\/td><td width=\"295\"><em>afi\u0219are rezultate finale<\/em><\/td><\/tr><tr><td width=\"293\"><em>5 septembrie 2025, \u00eentre orele 08:00 &#8211; 15:00<\/em><\/td><td width=\"295\"><em>Confirmare\/\u00eenmatriculare loc <strong>online<\/strong> \u00een platforma de \u00eenscriere \u0219i depunerea dosarelor fizice la Secretariatul Colegiului<\/em><\/td><\/tr><\/tbody><\/table><p>\u00a0<\/p><ul><li><a href=\"https:\/\/www.umfst.ro\/fileadmin\/colegiul_tarnaveni\/Metodologie admitere.pdf\" data-wplink-url-error=\"true\"><strong>Metodologia de admitere <\/strong><\/a><br \/><br \/><\/li><li><strong>Informatii suplimentare se gasesc la adresa<\/strong>: <a href=\"https:\/\/adminfo.umfst.ro\/hu\/\">https:\/\/adminfo.umfst.ro\/hu\/<\/a>\u00a0<\/li><\/ul>\t\t\t\t\t\t\t\t<\/div>\n\t\t\t\t<\/div>\n\t\t\t\t\t<\/div>\n\t\t<\/div>\n\t\t\t\t\t<\/div>\n\t\t<\/section>\n\t\t\t\t<\/div>","protected":false},"excerpt":{"rendered":"<p>Colegiul UMFST \u201eGEORGE EMIL PALADE\u201d- deschiz\u0103tor de drum spre cariera de asistent medical generalist Universitatea de Medicin\u0103, Farmacie, \u0218tiin\u021be \u0219i Tehnologie \u201eGeorge Emil Palade\u201d din T\u00e2rgu Mure\u0219 ofer\u0103 \u0219ansa de a-\u0219i transforma visul \u00een realitate celor care \u00ee\u0219i doresc s\u0103 \u00eembr\u0103\u021bi\u0219eze nobila voca\u021bie de asistent medical generalist, dedic\u00e2ndu-se cu profesionalism \u0219i competen\u021b\u0103 \u00eembun\u0103t\u0103\u021birii sistemului de [&hellip;]<\/p>\n","protected":false},"author":1,"featured_media":0,"parent":29157,"menu_order":0,"comment_status":"closed","ping_status":"closed","template":"","meta":{"_relevanssi_hide_post":"","_relevanssi_hide_content":"","_relevanssi_pin_for_all":"","_relevanssi_pin_keywords":"","_relevanssi_unpin_keywords":"","_relevanssi_related_keywords":"","_relevanssi_related_include_ids":"","_relevanssi_related_exclude_ids":"","_relevanssi_related_no_append":"","_relevanssi_related_not_related":"","_relevanssi_related_posts":"24487,27427,18145,17954,27176,23727","_relevanssi_noindex_reason":"","footnotes":""},"categories":[43],"tags":[],"class_list":["post-29169","page","type-page","status-publish","hentry","category-informatii-studenti"],"meta_box":[],"_links":{"self":[{"href":"https:\/\/umfst.ro\/hu\/wp-json\/wp\/v2\/pages\/29169","targetHints":{"allow":["GET"]}}],"collection":[{"href":"https:\/\/umfst.ro\/hu\/wp-json\/wp\/v2\/pages"}],"about":[{"href":"https:\/\/umfst.ro\/hu\/wp-json\/wp\/v2\/types\/page"}],"author":[{"embeddable":true,"href":"https:\/\/umfst.ro\/hu\/wp-json\/wp\/v2\/users\/1"}],"replies":[{"embeddable":true,"href":"https:\/\/umfst.ro\/hu\/wp-json\/wp\/v2\/comments?post=29169"}],"version-history":[{"count":8,"href":"https:\/\/umfst.ro\/hu\/wp-json\/wp\/v2\/pages\/29169\/revisions"}],"predecessor-version":[{"id":41688,"href":"https:\/\/umfst.ro\/hu\/wp-json\/wp\/v2\/pages\/29169\/revisions\/41688"}],"up":[{"embeddable":true,"href":"https:\/\/umfst.ro\/hu\/wp-json\/wp\/v2\/pages\/29157"}],"wp:attachment":[{"href":"https:\/\/umfst.ro\/hu\/wp-json\/wp\/v2\/media?parent=29169"}],"wp:term":[{"taxonomy":"category","embeddable":true,"href":"https:\/\/umfst.ro\/hu\/wp-json\/wp\/v2\/categories?post=29169"},{"taxonomy":"post_tag","embeddable":true,"href":"https:\/\/umfst.ro\/hu\/wp-json\/wp\/v2\/tags?post=29169"}],"curies":[{"name":"wp","href":"https:\/\/api.w.org\/{rel}","templated":true}]}}