{"id":29828,"date":"2024-09-04T11:03:11","date_gmt":"2024-09-04T08:03:11","guid":{"rendered":"https:\/\/umfst.ro\/?page_id=29828"},"modified":"2024-09-19T11:57:35","modified_gmt":"2024-09-19T08:57:35","slug":"despre-noi","status":"publish","type":"page","link":"https:\/\/umfst.ro\/hu\/universitate\/despre-noi\/","title":{"rendered":"Despre noi"},"content":{"rendered":"<div data-elementor-type=\"wp-page\" data-elementor-id=\"29828\" class=\"elementor elementor-29828\" data-elementor-post-type=\"page\">\n\t\t\t\t\t\t<section class=\"elementor-section elementor-top-section elementor-element elementor-element-e60098e elementor-section-boxed elementor-section-height-default elementor-section-height-default\" data-id=\"e60098e\" data-element_type=\"section\" data-e-type=\"section\">\n\t\t\t\t\t\t<div class=\"elementor-container elementor-column-gap-default\">\n\t\t\t\t\t<div class=\"elementor-column elementor-col-100 elementor-top-column elementor-element elementor-element-ca5c51d\" data-id=\"ca5c51d\" data-element_type=\"column\" data-e-type=\"column\">\n\t\t\t<div class=\"elementor-widget-wrap\">\n\t\t\t\t\t\t\t<\/div>\n\t\t<\/div>\n\t\t\t\t\t<\/div>\n\t\t<\/section>\n\t\t\t\t<section class=\"elementor-section elementor-top-section elementor-element elementor-element-3aeb6bf elementor-section-boxed elementor-section-height-default elementor-section-height-default\" data-id=\"3aeb6bf\" data-element_type=\"section\" data-e-type=\"section\">\n\t\t\t\t\t\t<div class=\"elementor-container elementor-column-gap-default\">\n\t\t\t\t\t<div class=\"elementor-column elementor-col-100 elementor-top-column elementor-element elementor-element-f307f88\" data-id=\"f307f88\" data-element_type=\"column\" data-e-type=\"column\">\n\t\t\t<div class=\"elementor-widget-wrap elementor-element-populated\">\n\t\t\t\t\t\t<div class=\"elementor-element elementor-element-aa8498f elementor-widget elementor-widget-text-editor\" data-id=\"aa8498f\" data-element_type=\"widget\" data-e-type=\"widget\" data-widget_type=\"text-editor.default\">\n\t\t\t\t<div class=\"elementor-widget-container\">\n\t\t\t\t\t\t\t\t\t<h2><strong>UMFST G.E. Palade T\u00e2rgu Mure\u0219, o experien\u021b\u0103 de excelen\u021b\u0103 academic\u0103<\/strong><\/h2><p>Universitatea de Medicin\u0103, Farmacie, \u0218tiin\u021be \u0219i Tehnologie \u201eGeorge Emil Palade\u201d din T\u00e2rgu Mure\u0219, un sanctuar academic emblematic, binecunoscut \u00een \u021bar\u0103 \u015fi \u00een str\u0103in\u0103tate, func\u021bioneaz\u0103 de aproape opt decenii.<\/p><p>Cl\u0103direa, care g\u0103zduie\u0219te sediul central al Universit\u0103\u021bii de Medicin\u0103, Farmacie, \u015etiin\u021be \u015fi Tehnologie \u201eGeorge Emil Palade\u201d din T\u00e2rgu Mure\u0219, a fost construit\u0103 \u00eentre anii 1906-1907, dup\u0103 un proiect conceput de fra\u021bii Gr\u03cbnwald, \u00een stil secesionist. Ini\u021bial, cl\u0103direa a g\u0103zduit o \u0219coal\u0103 militar\u0103 care a fost inaugurat\u0103 \u00een 1909.<\/p><p>Suntem mo\u0219tenitorii \u0219i mesagerii unor culturi distincte, care s-au influen\u021bat reciproc. Armonizarea acestora \u00eentr-o form\u0103 constructiv\u0103 de multiculturalism induce un efect sinergic \u0219i reprezint\u0103, totodat\u0103, un factor major pentru progresul Universit\u0103\u021bii.<\/p><p>Cei aproape 13.000 de studen\u021bi, cifr\u0103 ce reprezint\u0103 peste 10% din popula\u021bia T\u00e2rgu Mure\u0219ului, sunt \u00eenmatricula\u021bi la programele de licen\u021b\u0103, master, doctorat \u0219i reziden\u021biat de la cele \u0219apte facult\u0103\u021bi: Facultatea de Medicin\u0103, Facultatea de Medicin\u0103 \u00een Limba Englez\u0103, filiala UMFST &#8211; UMCH Hamburg, Facultatea de Medicin\u0103 Dentar\u0103, Facultatea de Farmacie, Facultatea de Inginerie \u0219i Tehnologia Informa\u021biei, Facultatea de \u0218tiin\u021be \u0219i Litere \u201ePetru Maior\u201d, Facultatea de Economie \u0219i Drept.<\/p><p>.Universitatea este competitiv\u0103 at\u00e2t prin cursurile care p\u0103streaz\u0103 componenta tradi\u021bional\u0103, c\u00e2t \u0219i prin progresul dob\u00e2ndit prin modernizarea continu\u0103 sau prin sincronizarea permanent\u0103 cu cerin\u021bele globale de competen\u021be pe pia\u021ba muncii.<\/p><p>Apar\u021binem unei comunit\u0103\u021bi academice cu o dinamic\u0103 specific\u0103, ceea ce ne determin\u0103 s\u0103 abord\u0103m ini\u021biative \u015ftiin\u021bifice \u015fi culturale majore, precum \u0219i eforturi de extindere \u0219i de interna\u021bionalizare.<\/p><p>\u00cen 2019, UMFST G.E. Palade T\u00e2rgu Mure\u0219 a inaugurat campusul din Hamburg (Germania), care se ridic\u0103 la cele mai \u00eenalte standarde occidentale, \u00een care studen\u021bii se formeaz\u0103 cu profesori \u015fi dup\u0103 o curricul\u0103 a UMFST G.E. Palade T\u00e2rgu Mure\u015f. \u00cen anul 2022 a avut loc deschiderea unei noi extensii, la Bistri\u0163a.<\/p><p>UMFST G.E. Palade T\u00e2rgu Mure\u0219 este singura universitate pe domeniul S\u0103n\u0103tate cu predare \u00een limbile maghiar\u0103 \u0219i englez\u0103, al\u0103turi de limba rom\u00e2n\u0103. UMFST G.E. Palade T\u00e2rgu Mure\u0219 este accesibil\u0103 tuturor cet\u0103\u021benilor rom\u00e2ni \u0219i str\u0103ini, f\u0103r\u0103 nici un fel de discriminare, \u0219i ofer\u0103 la nivel de centru de excelen\u021b\u0103 servicii de cunoa\u0219tere \u0219i competen\u021b\u0103 sub diverse forme: preg\u0103tire ini\u021bial\u0103 \u0219i continu\u0103 de speciali\u0219ti, cercetare, expertiz\u0103 \u0219i consultan\u021b\u0103 \u00een domeniul ei de competen\u021b\u0103.<\/p><p>Noi onor\u0103m istoria prin proiecte unice \u00een Rom\u00e2nia. UMFST G.E. Palade T\u00e2rgu Mure\u0219 va construi \u0219i va administra Spitalul Clinic Universitar \u201eGeorge Emil Palade\u201d, precum \u0219i Centrul de Dezvoltare a Competen\u021belor pentru Personalul din Sistemul Public de S\u0103n\u0103tate. Suntem \u0219i prima institu\u021bie de \u00eenv\u0103\u021b\u0103m\u00e2nt superior din Rom\u00e2nia \u00een care func\u021bioneaz\u0103 un liceu, \u00een care se preg\u0103tesc viitorii studen\u021bi ai Universit\u0103\u021bii.<\/p><p>Avem o tradi\u021bie de aproape 80 de ani \u00een \u00eenv\u0103\u021b\u0103m\u00e2ntul de excelen\u021b\u0103 din Rom\u00e2nia \u0219i suntem ancora\u021bi \u00een cele mai noi trenduri \u00een educa\u021bie. Investim \u00een viitor, oferim \u00eencredere \u0219i dep\u0103\u0219im \u00eempreun\u0103 orice provocare. C\u0103l\u0103torim al\u0103turi de fiecare dintre\u00a0 studen\u021bii no\u0219tri, \u00een dorin\u021ba lor de a atinge poten\u021bialul maxim. Aici \u00eencepe c\u0103l\u0103toria spre \u00een\u0103l\u021bimi!<\/p><p>E PLURIBUS UNUM.<\/p><h2><strong>T\u00e2rgu Mure\u0219, perl\u0103 european\u0103 arhitectural\u0103 Art Nouveau<\/strong><\/h2>\t\t\t\t\t\t\t\t<\/div>\n\t\t\t\t<\/div>\n\t\t\t\t\t<\/div>\n\t\t<\/div>\n\t\t\t\t\t<\/div>\n\t\t<\/section>\n\t\t\t\t<section class=\"elementor-section elementor-top-section elementor-element elementor-element-57ec1a3 elementor-section-boxed elementor-section-height-default elementor-section-height-default\" data-id=\"57ec1a3\" data-element_type=\"section\" data-e-type=\"section\">\n\t\t\t\t\t\t<div class=\"elementor-container elementor-column-gap-default\">\n\t\t\t\t\t<div class=\"elementor-column elementor-col-100 elementor-top-column elementor-element elementor-element-c138605\" data-id=\"c138605\" data-element_type=\"column\" data-e-type=\"column\">\n\t\t\t<div class=\"elementor-widget-wrap elementor-element-populated\">\n\t\t\t\t\t\t<div class=\"elementor-element elementor-element-64edb0f elementor-widget elementor-widget-image\" data-id=\"64edb0f\" data-element_type=\"widget\" data-e-type=\"widget\" data-widget_type=\"image.default\">\n\t\t\t\t<div class=\"elementor-widget-container\">\n\t\t\t\t\t\t\t\t\t\t\t\t\t\t\t<img fetchpriority=\"high\" decoding=\"async\" width=\"800\" height=\"530\" src=\"https:\/\/umfst.ro\/wp-content\/uploads\/2024\/09\/Foto-Targu-Mures-1024x679.jpg\" class=\"attachment-large size-large wp-image-30959\" alt=\"\" srcset=\"https:\/\/umfst.ro\/wp-content\/uploads\/2024\/09\/Foto-Targu-Mures-1024x679.jpg 1024w, https:\/\/umfst.ro\/wp-content\/uploads\/2024\/09\/Foto-Targu-Mures-300x199.jpg 300w, https:\/\/umfst.ro\/wp-content\/uploads\/2024\/09\/Foto-Targu-Mures-768x509.jpg 768w, https:\/\/umfst.ro\/wp-content\/uploads\/2024\/09\/Foto-Targu-Mures-1536x1018.jpg 1536w, https:\/\/umfst.ro\/wp-content\/uploads\/2024\/09\/Foto-Targu-Mures-18x12.jpg 18w, https:\/\/umfst.ro\/wp-content\/uploads\/2024\/09\/Foto-Targu-Mures.jpg 1920w\" sizes=\"(max-width: 800px) 100vw, 800px\" \/>\t\t\t\t\t\t\t\t\t\t\t\t\t\t\t<\/div>\n\t\t\t\t<\/div>\n\t\t\t\t\t<\/div>\n\t\t<\/div>\n\t\t\t\t\t<\/div>\n\t\t<\/section>\n\t\t\t\t<section class=\"elementor-section elementor-top-section elementor-element elementor-element-a6270f2 elementor-section-boxed elementor-section-height-default elementor-section-height-default\" data-id=\"a6270f2\" data-element_type=\"section\" data-e-type=\"section\">\n\t\t\t\t\t\t<div class=\"elementor-container elementor-column-gap-default\">\n\t\t\t\t\t<div class=\"elementor-column elementor-col-100 elementor-top-column elementor-element elementor-element-be029e7\" data-id=\"be029e7\" data-element_type=\"column\" data-e-type=\"column\">\n\t\t\t<div class=\"elementor-widget-wrap elementor-element-populated\">\n\t\t\t\t\t\t<div class=\"elementor-element elementor-element-c91bc71 elementor-widget elementor-widget-text-editor\" data-id=\"c91bc71\" data-element_type=\"widget\" data-e-type=\"widget\" data-widget_type=\"text-editor.default\">\n\t\t\t\t<div class=\"elementor-widget-container\">\n\t\t\t\t\t\t\t\t\t<p>T\u00e2rgu Mure\u0219ul este cunoscut \u0219i recunoscut pentru valen\u021bele sale educa\u021bionale. \u00cen Cetatea Medieval\u0103 din T\u00e2rgu Mure\u0219 s-a \u00eenfiin\u021bat prima \u0219coal\u0103 atestat\u0103 documentar pe teritoriul actual al Rom\u00e2niei. Se numea Schola Particola, care a func\u021bionat pe l\u00e2ng\u0103 M\u0103n\u0103stirea Franciscan\u0103.<\/p><p>Istoria Colegiului Reformat a \u00eenceput \u00een acela\u0219i spa\u021biu, \u00een ora\u0219 fiind deschis apoi, la \u00eenceput de secol XVII, Gimnaziul Catolic, actualul Colegiu Na\u021bional \u201eUnirea\u201d.<\/p><p>Au urmat \u0219coli pentru fete, \u0219coli confesionale pentru rom\u00e2ni \u0219i evrei, iar \u00een perioada interbelic\u0103 \u2013 gimnazii superioare \u0219i \u0219coli de arte \u0219i meserii. Prima universitate din ora\u0219 a fost cea de Medicin\u0103 \u0219i Farmacie, \u00eenfiin\u021bat\u0103 \u00een 1945 prin Decretul-lege semnat de Regele Mihai I al Rom\u00e2niei.<\/p><p>Din punct de vedere cultural, T\u00e2rgu Mure\u0219ul este un ora\u0219 vibrant, al c\u0103rui fundament spiritual este definit de Palatul Culturii, unul dintre simbolurile reprezentative ale stilului Art Nouveau din Rom\u00e2nia.<\/p><p>Celebrul edificiu cultural este recunoscut pentru vitraliile din Sala Oglinzilor, care, \u00een 1914, au reprezentat Europa la Expozi\u021bia de Art\u0103 Decorativ\u0103 din San Francisco.<\/p><p>Tot aici, \u00een sala mare de concerte a Palatului Culturii din T\u00e2rgu Mure\u0219, una dintre cele mai frumoase de acest gen din Rom\u00e2nia, se g\u0103se\u0219te cea mai puternic\u0103 org\u0103 din \u021bar\u0103, cu 4.488 de tuburi \u0219i trei claviaturi, care este func\u021bional\u0103 \u0219i pe care poate fi interpretat aproape orice gen muzical.<\/p><p>Tot la T\u00e2rgu Mure\u0219 se g\u0103se\u0219te \u0219i prima bibliotec\u0103 public\u0103 de pe actualul teritoriu al Rom\u00e2niei, care a fost \u00eenfiin\u021bat\u0103, \u00een 1802, de Teleki S\u00e1muel.<\/p>\t\t\t\t\t\t\t\t<\/div>\n\t\t\t\t<\/div>\n\t\t\t\t\t<\/div>\n\t\t<\/div>\n\t\t\t\t\t<\/div>\n\t\t<\/section>\n\t\t\t\t<\/div>","protected":false},"excerpt":{"rendered":"<p>UMFST G.E. Palade T\u00e2rgu Mure\u0219, o experien\u021b\u0103 de excelen\u021b\u0103 academic\u0103 Universitatea de Medicin\u0103, Farmacie, \u0218tiin\u021be \u0219i Tehnologie \u201eGeorge Emil Palade\u201d din T\u00e2rgu Mure\u0219, un sanctuar academic emblematic, binecunoscut \u00een \u021bar\u0103 \u015fi \u00een str\u0103in\u0103tate, func\u021bioneaz\u0103 de aproape opt decenii. Cl\u0103direa, care g\u0103zduie\u0219te sediul central al Universit\u0103\u021bii de Medicin\u0103, Farmacie, \u015etiin\u021be \u015fi Tehnologie \u201eGeorge Emil Palade\u201d din [&hellip;]<\/p>\n","protected":false},"author":1,"featured_media":30217,"parent":83,"menu_order":0,"comment_status":"closed","ping_status":"closed","template":"","meta":{"_relevanssi_hide_post":"","_relevanssi_hide_content":"","_relevanssi_pin_for_all":"","_relevanssi_pin_keywords":"","_relevanssi_unpin_keywords":"","_relevanssi_related_keywords":"","_relevanssi_related_include_ids":"","_relevanssi_related_exclude_ids":"","_relevanssi_related_no_append":"","_relevanssi_related_not_related":"","_relevanssi_related_posts":"28200,20710,26081,23966,22629,22632","_relevanssi_noindex_reason":"","footnotes":""},"categories":[16],"tags":[],"class_list":["post-29828","page","type-page","status-publish","has-post-thumbnail","hentry","category-pagina-sidebar"],"meta_box":[],"_links":{"self":[{"href":"https:\/\/umfst.ro\/hu\/wp-json\/wp\/v2\/pages\/29828","targetHints":{"allow":["GET"]}}],"collection":[{"href":"https:\/\/umfst.ro\/hu\/wp-json\/wp\/v2\/pages"}],"about":[{"href":"https:\/\/umfst.ro\/hu\/wp-json\/wp\/v2\/types\/page"}],"author":[{"embeddable":true,"href":"https:\/\/umfst.ro\/hu\/wp-json\/wp\/v2\/users\/1"}],"replies":[{"embeddable":true,"href":"https:\/\/umfst.ro\/hu\/wp-json\/wp\/v2\/comments?post=29828"}],"version-history":[{"count":31,"href":"https:\/\/umfst.ro\/hu\/wp-json\/wp\/v2\/pages\/29828\/revisions"}],"predecessor-version":[{"id":31151,"href":"https:\/\/umfst.ro\/hu\/wp-json\/wp\/v2\/pages\/29828\/revisions\/31151"}],"up":[{"embeddable":true,"href":"https:\/\/umfst.ro\/hu\/wp-json\/wp\/v2\/pages\/83"}],"wp:featuredmedia":[{"embeddable":true,"href":"https:\/\/umfst.ro\/hu\/wp-json\/wp\/v2\/media\/30217"}],"wp:attachment":[{"href":"https:\/\/umfst.ro\/hu\/wp-json\/wp\/v2\/media?parent=29828"}],"wp:term":[{"taxonomy":"category","embeddable":true,"href":"https:\/\/umfst.ro\/hu\/wp-json\/wp\/v2\/categories?post=29828"},{"taxonomy":"post_tag","embeddable":true,"href":"https:\/\/umfst.ro\/hu\/wp-json\/wp\/v2\/tags?post=29828"}],"curies":[{"name":"wp","href":"https:\/\/api.w.org\/{rel}","templated":true}]}}