{"id":29955,"date":"2024-09-04T19:02:08","date_gmt":"2024-09-04T16:02:08","guid":{"rendered":"https:\/\/umfst.ro\/?page_id=29955"},"modified":"2024-09-16T19:18:21","modified_gmt":"2024-09-16T16:18:21","slug":"diverse-alliance-of-european-universities","status":"publish","type":"page","link":"https:\/\/umfst.ro\/hu\/universitate\/relatii-internationale\/diverse-alliance-of-european-universities\/","title":{"rendered":"DIVERSE Alliance of European Universities"},"content":{"rendered":"<div data-elementor-type=\"wp-page\" data-elementor-id=\"29955\" class=\"elementor elementor-29955\" data-elementor-post-type=\"page\">\n\t\t\t\t\t\t<section class=\"elementor-section elementor-top-section elementor-element elementor-element-549846b elementor-section-boxed elementor-section-height-default elementor-section-height-default\" data-id=\"549846b\" data-element_type=\"section\" data-e-type=\"section\">\n\t\t\t\t\t\t<div class=\"elementor-container elementor-column-gap-default\">\n\t\t\t\t\t<div class=\"elementor-column elementor-col-100 elementor-top-column elementor-element elementor-element-6d485c3\" data-id=\"6d485c3\" data-element_type=\"column\" data-e-type=\"column\">\n\t\t\t<div class=\"elementor-widget-wrap elementor-element-populated\">\n\t\t\t\t\t\t<div class=\"elementor-element elementor-element-6ff99b1 elementor-widget elementor-widget-text-editor\" data-id=\"6ff99b1\" data-element_type=\"widget\" data-e-type=\"widget\" data-widget_type=\"text-editor.default\">\n\t\t\t\t<div class=\"elementor-widget-container\">\n\t\t\t\t\t\t\t\t\t<div class=\"elementor-container elementor-column-gap-default\"><div class=\"elementor-column elementor-col-100 elementor-top-column elementor-element elementor-element-35618ae0\" data-id=\"35618ae0\" data-element_type=\"column\"><div class=\"elementor-widget-wrap elementor-element-populated\"><p>UMFST G.E. Palade T\u00e2rgu Mure\u0219 face parte din Alian\u021ba Universitar\u0103 DIVERSE (Digital and Innovative Venture Science Education for Resilient and Sustainable Entrepreneurship), al\u0103turi de alte 11 universit\u0103\u021bi din 10 \u021b\u0103ri.<\/p><p class=\" translation-block\">Alian\u021ba DIVERSE \u00ee\u0219i propune s\u0103 devin\u0103 re\u021beaua de referin\u021b\u0103 a universit\u0103\u021bilor europene pentru <em>venture science<\/em>: necesitatea de a aplica avansurile tehnologice \u00een solu\u021bionarea principalelor provoc\u0103ri ale societ\u0103\u021bii, oferind oamenilor lucrurile pe care \u0219i le doresc cu adev\u0103rat, cre\u00e2nd astfel solu\u021bii economic sustenabile.<\/p><p>Alian\u021ba, un adev\u0103rat campus universitar european multidisciplinar, cu peste 150.000 de studen\u021bi, a fost creat\u0103 ca r\u0103spuns la provocarea Comisiei Europene de a crea re\u021bele europene de institu\u021bii de \u00eenv\u0103\u021b\u0103m\u00e2nt superior, cu scopul de a &#8222;transfera cuno\u0219tin\u021bele&#8221; \u00eentre institu\u021biile de \u00eenv\u0103\u021b\u0103m\u00e2nt superior \u0219i societate, cresc\u00e2nd puterea \u0219tiin\u021bific\u0103 a Europei \u0219i reproduc\u00e2nd-o astfel \u00een produse \u0219i servicii economic sustenabile, procese \u0219i solu\u021bii cu impact social, consolid\u00e2nd prosperitatea economic\u0103 a Uniunii Europene, precum \u0219i bun\u0103starea cet\u0103\u021benilor s\u0103i.<\/p><p>Alian\u021ba DIVERSE \u0219i-a depus propunerea de proiect \u00een cadrul ini\u021biativei UE \u201eUniversit\u0103\u021bi Europene\u201d (Erasmus+) \u00een februarie 2024. Dup\u0103 evaluare, a fost recompensat\u0103 de c\u0103tre Comisia European\u0103 cu \u201eSigiliul de Excelen\u021b\u0103\u201d, care atest\u0103 calitatea remarcabil\u0103 a propunerii, merg\u00e2nd dincolo de eligibilitatea de a primi finan\u021bare. Atribuirea \u201eSigiliului de Excelen\u021b\u0103\u201d, care reprezint\u0103 un distinc\u021bie \u00eenalt\u0103, recunoa\u0219te meritele \u0219i calitatea propunerii Alian\u021bei DIVERSE \u0219i a universit\u0103\u021bilor care o compun \u0219i poate fi utilizat at\u00e2t de Consor\u021biu ca \u00eentreg, c\u00e2t \u0219i individual de fiecare dintre cele 12 universit\u0103\u021bi partenere, fie \u00een cererile de finan\u021bare na\u021bional\u0103, european\u0103 sau extra-european\u0103.<br \/><br \/>Consor\u021biul Alian\u021bei DIVERSE este format din:<\/p><ul><li>Universitatea de Medicin\u0103, Farmacie, \u0218tiin\u021be \u0219i Tehnologie \u201dGeorge Emil Palade\u201d din T\u00e2rgu Mure\u0219<\/li><li>Algebra University, Croa\u021bia<\/li><li>PXL University of Applied Sciences and Arts, Belgia<\/li><li>Fundacion Universidad Europea Del Atlantico, Spania<\/li><li>Rosenheim Technical University of Applied Sciences, Germania<\/li><li>Griffith College, Irlanda<\/li><li>SMK University of Applied Social Sciences, Lituania<\/li><li>Satakunta University of Applied Sciences, Finlanda<\/li><li>Istanbul Beykent University, Turcia<\/li><li>Universidade Autonoma de Lisboa, Portugalia<\/li><li>Technische Hochschule N\u00fcrnberg Georg Simon Ohm, Germania<\/li><li>Windesheim University of Applied Sciences, \u021a\u0103rile de Jos<\/li><\/ul><\/div><\/div><\/div><p><a href=\"https:\/\/diverse-university.eu\/\" target=\"_blank\" rel=\"noopener\">https:\/\/diverse-university.eu\/<\/a><\/p>\t\t\t\t\t\t\t\t<\/div>\n\t\t\t\t<\/div>\n\t\t\t\t\t<\/div>\n\t\t<\/div>\n\t\t\t\t\t<\/div>\n\t\t<\/section>\n\t\t\t\t<section class=\"elementor-section elementor-top-section elementor-element elementor-element-c61fa42 elementor-section-boxed elementor-section-height-default elementor-section-height-default\" data-id=\"c61fa42\" data-element_type=\"section\" data-e-type=\"section\">\n\t\t\t\t\t\t<div class=\"elementor-container elementor-column-gap-default\">\n\t\t\t\t\t<div class=\"elementor-column elementor-col-100 elementor-top-column elementor-element elementor-element-c43c45b\" data-id=\"c43c45b\" data-element_type=\"column\" data-e-type=\"column\">\n\t\t\t<div class=\"elementor-widget-wrap\">\n\t\t\t\t\t\t\t<\/div>\n\t\t<\/div>\n\t\t\t\t\t<\/div>\n\t\t<\/section>\n\t\t\t\t<section class=\"elementor-section elementor-top-section elementor-element elementor-element-a5f0151 elementor-section-boxed elementor-section-height-default elementor-section-height-default\" data-id=\"a5f0151\" data-element_type=\"section\" data-e-type=\"section\">\n\t\t\t\t\t\t<div class=\"elementor-container elementor-column-gap-default\">\n\t\t\t\t\t<div class=\"elementor-column elementor-col-100 elementor-top-column elementor-element elementor-element-e25700f\" data-id=\"e25700f\" data-element_type=\"column\" data-e-type=\"column\">\n\t\t\t<div class=\"elementor-widget-wrap elementor-element-populated\">\n\t\t\t\t\t\t<div class=\"elementor-element elementor-element-c96fbd7 elementor-widget elementor-widget-gallery\" data-id=\"c96fbd7\" data-element_type=\"widget\" data-e-type=\"widget\" data-settings=\"{&quot;columns&quot;:&quot;3&quot;,&quot;lazyload&quot;:&quot;yes&quot;,&quot;gallery_layout&quot;:&quot;grid&quot;,&quot;columns_tablet&quot;:2,&quot;columns_mobile&quot;:1,&quot;gap&quot;:{&quot;unit&quot;:&quot;px&quot;,&quot;size&quot;:10,&quot;sizes&quot;:[]},&quot;gap_widescreen&quot;:{&quot;unit&quot;:&quot;px&quot;,&quot;size&quot;:&quot;&quot;,&quot;sizes&quot;:[]},&quot;gap_tablet&quot;:{&quot;unit&quot;:&quot;px&quot;,&quot;size&quot;:10,&quot;sizes&quot;:[]},&quot;gap_mobile&quot;:{&quot;unit&quot;:&quot;px&quot;,&quot;size&quot;:10,&quot;sizes&quot;:[]},&quot;link_to&quot;:&quot;file&quot;,&quot;aspect_ratio&quot;:&quot;3:2&quot;,&quot;overlay_background&quot;:&quot;yes&quot;,&quot;content_hover_animation&quot;:&quot;fade-in&quot;}\" data-widget_type=\"gallery.default\">\n\t\t\t\t<div class=\"elementor-widget-container\">\n\t\t\t\t\t\t\t<div class=\"elementor-gallery__container\">\n\t\t\t\t\t\t\t<a class=\"e-gallery-item elementor-gallery-item elementor-animated-content\" href=\"https:\/\/umfst.ro\/wp-content\/uploads\/2024\/09\/Diverse_1.jpg\" data-elementor-open-lightbox=\"yes\" data-elementor-lightbox-slideshow=\"c96fbd7\" data-elementor-lightbox-title=\"Diverse_1\" data-e-action-hash=\"#elementor-action%3Aaction%3Dlightbox%26settings%3DeyJpZCI6MzAyNDAsInVybCI6Imh0dHBzOlwvXC91bWZzdC5yb1wvd3AtY29udGVudFwvdXBsb2Fkc1wvMjAyNFwvMDlcL0RpdmVyc2VfMS5qcGciLCJzbGlkZXNob3ciOiJjOTZmYmQ3In0%3D\">\n\t\t\t\t\t<div class=\"e-gallery-image elementor-gallery-item__image\" data-thumbnail=\"https:\/\/umfst.ro\/wp-content\/uploads\/2024\/09\/Diverse_1-300x200.jpg\" data-width=\"300\" data-height=\"200\" aria-label=\"\" role=\"img\" ><\/div>\n\t\t\t\t\t\t\t\t\t\t\t<div class=\"elementor-gallery-item__overlay\"><\/div>\n\t\t\t\t\t\t\t\t\t\t\t\t\t\t<\/a>\n\t\t\t\t\t\t\t<a class=\"e-gallery-item elementor-gallery-item elementor-animated-content\" href=\"https:\/\/umfst.ro\/wp-content\/uploads\/2024\/09\/Diverse_2.jpg\" data-elementor-open-lightbox=\"yes\" data-elementor-lightbox-slideshow=\"c96fbd7\" data-elementor-lightbox-title=\"Diverse_2\" data-e-action-hash=\"#elementor-action%3Aaction%3Dlightbox%26settings%3DeyJpZCI6MzAyNDEsInVybCI6Imh0dHBzOlwvXC91bWZzdC5yb1wvd3AtY29udGVudFwvdXBsb2Fkc1wvMjAyNFwvMDlcL0RpdmVyc2VfMi5qcGciLCJzbGlkZXNob3ciOiJjOTZmYmQ3In0%3D\">\n\t\t\t\t\t<div class=\"e-gallery-image elementor-gallery-item__image\" data-thumbnail=\"https:\/\/umfst.ro\/wp-content\/uploads\/2024\/09\/Diverse_2-300x108.jpg\" data-width=\"300\" data-height=\"108\" aria-label=\"\" role=\"img\" ><\/div>\n\t\t\t\t\t\t\t\t\t\t\t<div class=\"elementor-gallery-item__overlay\"><\/div>\n\t\t\t\t\t\t\t\t\t\t\t\t\t\t<\/a>\n\t\t\t\t\t\t\t<a class=\"e-gallery-item elementor-gallery-item elementor-animated-content\" href=\"https:\/\/umfst.ro\/wp-content\/uploads\/2024\/09\/Diverse_3.jpg\" data-elementor-open-lightbox=\"yes\" data-elementor-lightbox-slideshow=\"c96fbd7\" data-elementor-lightbox-title=\"Diverse_3\" data-e-action-hash=\"#elementor-action%3Aaction%3Dlightbox%26settings%3DeyJpZCI6MzAyNDIsInVybCI6Imh0dHBzOlwvXC91bWZzdC5yb1wvd3AtY29udGVudFwvdXBsb2Fkc1wvMjAyNFwvMDlcL0RpdmVyc2VfMy5qcGciLCJzbGlkZXNob3ciOiJjOTZmYmQ3In0%3D\">\n\t\t\t\t\t<div class=\"e-gallery-image elementor-gallery-item__image\" data-thumbnail=\"https:\/\/umfst.ro\/wp-content\/uploads\/2024\/09\/Diverse_3-300x225.jpg\" data-width=\"300\" data-height=\"225\" aria-label=\"\" role=\"img\" ><\/div>\n\t\t\t\t\t\t\t\t\t\t\t<div class=\"elementor-gallery-item__overlay\"><\/div>\n\t\t\t\t\t\t\t\t\t\t\t\t\t\t<\/a>\n\t\t\t\t\t<\/div>\n\t\t\t\t\t<\/div>\n\t\t\t\t<\/div>\n\t\t\t\t\t<\/div>\n\t\t<\/div>\n\t\t\t\t\t<\/div>\n\t\t<\/section>\n\t\t\t\t<\/div>","protected":false},"excerpt":{"rendered":"<p>UMFST G.E. Palade T\u00e2rgu Mure\u0219 face parte din Alian\u021ba Universitar\u0103 DIVERSE (Digital and Innovative Venture Science Education for Resilient and Sustainable Entrepreneurship), al\u0103turi de alte 11 universit\u0103\u021bi din 10 \u021b\u0103ri. Alian\u021ba DIVERSE \u00ee\u0219i propune s\u0103 devin\u0103 re\u021beaua de referin\u021b\u0103 a universit\u0103\u021bilor europene pentru venture science: necesitatea de a aplica avansurile tehnologice \u00een solu\u021bionarea principalelor provoc\u0103ri [&hellip;]<\/p>\n","protected":false},"author":1,"featured_media":0,"parent":348,"menu_order":0,"comment_status":"closed","ping_status":"closed","template":"","meta":{"_relevanssi_hide_post":"","_relevanssi_hide_content":"","_relevanssi_pin_for_all":"","_relevanssi_pin_keywords":"","_relevanssi_unpin_keywords":"","_relevanssi_related_keywords":"","_relevanssi_related_include_ids":"","_relevanssi_related_exclude_ids":"","_relevanssi_related_no_append":"","_relevanssi_related_not_related":"","_relevanssi_related_posts":"26437,2387,24234,28378,20200,21938","_relevanssi_noindex_reason":"","footnotes":""},"categories":[146],"tags":[],"class_list":["post-29955","page","type-page","status-publish","hentry","category-pagina-international"],"meta_box":[],"_links":{"self":[{"href":"https:\/\/umfst.ro\/hu\/wp-json\/wp\/v2\/pages\/29955","targetHints":{"allow":["GET"]}}],"collection":[{"href":"https:\/\/umfst.ro\/hu\/wp-json\/wp\/v2\/pages"}],"about":[{"href":"https:\/\/umfst.ro\/hu\/wp-json\/wp\/v2\/types\/page"}],"author":[{"embeddable":true,"href":"https:\/\/umfst.ro\/hu\/wp-json\/wp\/v2\/users\/1"}],"replies":[{"embeddable":true,"href":"https:\/\/umfst.ro\/hu\/wp-json\/wp\/v2\/comments?post=29955"}],"version-history":[{"count":4,"href":"https:\/\/umfst.ro\/hu\/wp-json\/wp\/v2\/pages\/29955\/revisions"}],"predecessor-version":[{"id":30767,"href":"https:\/\/umfst.ro\/hu\/wp-json\/wp\/v2\/pages\/29955\/revisions\/30767"}],"up":[{"embeddable":true,"href":"https:\/\/umfst.ro\/hu\/wp-json\/wp\/v2\/pages\/348"}],"wp:attachment":[{"href":"https:\/\/umfst.ro\/hu\/wp-json\/wp\/v2\/media?parent=29955"}],"wp:term":[{"taxonomy":"category","embeddable":true,"href":"https:\/\/umfst.ro\/hu\/wp-json\/wp\/v2\/categories?post=29955"},{"taxonomy":"post_tag","embeddable":true,"href":"https:\/\/umfst.ro\/hu\/wp-json\/wp\/v2\/tags?post=29955"}],"curies":[{"name":"wp","href":"https:\/\/api.w.org\/{rel}","templated":true}]}}