{"id":321,"date":"2022-11-08T11:13:12","date_gmt":"2022-11-08T09:13:12","guid":{"rendered":"https:\/\/dev.umfst.ro\/?page_id=321"},"modified":"2025-11-11T11:36:23","modified_gmt":"2025-11-11T09:36:23","slug":"comisia-de-evaluare-si-asigurare-a-calitatii-pe-universitate","status":"publish","type":"page","link":"https:\/\/umfst.ro\/hu\/universitate\/managementul-calitatii\/comisia-de-evaluare-si-asigurare-a-calitatii-pe-universitate\/","title":{"rendered":"Comisia de evaluare \u0219i asigurare a calit\u0103\u021bii pe universitate"},"content":{"rendered":"<div data-elementor-type=\"wp-post\" data-elementor-id=\"321\" class=\"elementor elementor-321\" data-elementor-post-type=\"page\">\n\t\t\t\t\t\t<section class=\"elementor-section elementor-top-section elementor-element elementor-element-2f3d1cdf elementor-section-boxed elementor-section-height-default elementor-section-height-default\" data-id=\"2f3d1cdf\" data-element_type=\"section\" data-e-type=\"section\">\n\t\t\t\t\t\t<div class=\"elementor-container elementor-column-gap-default\">\n\t\t\t\t\t<div class=\"elementor-column elementor-col-100 elementor-top-column elementor-element elementor-element-53873ec8\" data-id=\"53873ec8\" data-element_type=\"column\" data-e-type=\"column\">\n\t\t\t<div class=\"elementor-widget-wrap elementor-element-populated\">\n\t\t\t\t\t\t<div class=\"elementor-element elementor-element-60bfb6ac elementor-widget elementor-widget-text-editor\" data-id=\"60bfb6ac\" data-element_type=\"widget\" data-e-type=\"widget\" data-widget_type=\"text-editor.default\">\n\t\t\t\t<div class=\"elementor-widget-container\">\n\t\t\t\t\t\t\t\t\t<p><\/p>\n<h2 class=\"wp-block-heading\">COMISIA PENTRU EVALUAREA \u0218I ASIGURAREA CALIT\u0102\u021aII PE UNIVERSITATE<\/h2>\n<p><\/p>\n<p><\/p>\n<p>Comisia pentru Evaluarea \u0219i Asigurarea Calit\u0103\u021bii (CEAC) urm\u0103re\u0219te implementarea strategiilor \u0219i politicilor de asigurare a calit\u0103\u021bii, \u00een raport cu viziunea, misiunea \u0219i politica Universit\u0103\u021bii \u0219i \u00een concordan\u021b\u0103 cu dinamica na\u021bional\u0103, european\u0103 \u0219i interna\u021bional\u0103 \u00een domeniu.<br \/>CEAC la nivel de universitate stabile\u0219te \u0219i ini\u021biaz\u0103 analize \u0219i evalu\u0103ri pe baza criteriilor de calitate stabilite.\u00a0<br \/>CEAC formuleaz\u0103 propuneri de \u00eembun\u0103t\u0103\u021bire a calit\u0103\u021bii educa\u021biei \u0219i elaboreaz\u0103 rapoarte de evaluare intern\u0103 privind calitatea educa\u021biei \u00een universitate care, cu m\u0103surile de \u00eembun\u0103t\u0103\u021bire adecvate, sunt aduse la cuno\u0219tin\u021ba tuturor beneficiarilor. \u00a0\u00a0<\/p>\n<p><\/p>\n<p><\/p>\n<p><\/p>\n<p><\/p>\n<p><\/p>\n<p><\/p>\t\t\t\t\t\t\t\t<\/div>\n\t\t\t\t<\/div>\n\t\t\t\t\t<\/div>\n\t\t<\/div>\n\t\t\t\t\t<\/div>\n\t\t<\/section>\n\t\t\t\t<section class=\"elementor-section elementor-top-section elementor-element elementor-element-c2b37ea elementor-section-boxed elementor-section-height-default elementor-section-height-default\" data-id=\"c2b37ea\" data-element_type=\"section\" data-e-type=\"section\">\n\t\t\t\t\t\t<div class=\"elementor-container elementor-column-gap-default\">\n\t\t\t\t\t<div class=\"elementor-column elementor-col-100 elementor-top-column elementor-element elementor-element-4420df5\" data-id=\"4420df5\" data-element_type=\"column\" data-e-type=\"column\">\n\t\t\t<div class=\"elementor-widget-wrap elementor-element-populated\">\n\t\t\t\t\t\t<div class=\"elementor-element elementor-element-0d6d802 elementor-widget elementor-widget-text-editor\" data-id=\"0d6d802\" data-element_type=\"widget\" data-e-type=\"widget\" data-widget_type=\"text-editor.default\">\n\t\t\t\t<div class=\"elementor-widget-container\">\n\t\t\t\t\t\t\t\t\t<h2>STRUCTURA COMISIEI PENTRU EVALUAREA \u0218I ASIGURAREA CALIT\u0102\u021aII<\/h2>\n<div><strong>Pre\u0219edintele comisiei<br \/><\/strong><\/div>\n<ul>\n<li>Reprezentan\u021bi ai cadrelor didactice (3)<\/li>\n<li>Un reprezentant al sindicatului<\/li>\n<li>Reprezentan\u0163i ai studen\u0163ilor (3)<\/li>\n<li>Un reprezentant al angajatorilor<\/li>\n<li>Un reprezentant al structurii administrative din Universitate, cu atribu\u0163ii \u00een domeniul asigur\u0103rii calit\u0103\u0163ii<\/li>\n<\/ul>\t\t\t\t\t\t\t\t<\/div>\n\t\t\t\t<\/div>\n\t\t\t\t\t<\/div>\n\t\t<\/div>\n\t\t\t\t\t<\/div>\n\t\t<\/section>\n\t\t\t\t<section class=\"elementor-section elementor-top-section elementor-element elementor-element-45adb4f elementor-section-boxed elementor-section-height-default elementor-section-height-default\" data-id=\"45adb4f\" data-element_type=\"section\" data-e-type=\"section\">\n\t\t\t\t\t\t<div class=\"elementor-container elementor-column-gap-default\">\n\t\t\t\t\t<div class=\"elementor-column elementor-col-100 elementor-top-column elementor-element elementor-element-85f285c\" data-id=\"85f285c\" data-element_type=\"column\" data-e-type=\"column\">\n\t\t\t<div class=\"elementor-widget-wrap elementor-element-populated\">\n\t\t\t\t\t\t<div class=\"elementor-element elementor-element-0ed23f7 elementor-widget elementor-widget-text-editor\" data-id=\"0ed23f7\" data-element_type=\"widget\" data-e-type=\"widget\" data-widget_type=\"text-editor.default\">\n\t\t\t\t<div class=\"elementor-widget-container\">\n\t\t\t\t\t\t\t\t\t<p><strong>COMPONEN\u021aA COMISIEI PENTRU EVALUAREA \u0218I ASIGURAREA CALIT\u0102\u021aII<\/strong><\/p>\n<p><strong>Pre\u0219edinte<br \/><\/strong>Prof. univ. dr. Oana M\u0103rginean<\/p>\n<p><strong>Membri<br \/><\/strong>Reprezentant corp profesoral<br \/>Prof. univ. dr. Corneliu Tanase<\/p>\n<p>Reprezentant corp profesoral<br \/>Conf. univ. dr. Frigy Attila<\/p>\n<p>Reprezentant corp profesoral<br \/>Conf. univ. dr. Stranad Gabriela<\/p>\n<p>Reprezentant Sindicat<br \/>Conf. univ. dr. Arina Modrea<\/p>\n<p>Reprezentant studen\u021bi<br \/>Paula Pughiuc<\/p>\n<p>Reprezentant studen\u021bi<br \/>Czink Gerg\u0151<\/p>\n<p>Reprezentant studen\u021bi<br \/>Katharina Gabriela \u021a\u00eentea<\/p>\n<p>Reprezentant al angajatorilor<br \/>Conf. dr. Marian Pop<\/p>\n<p>Reprezentant structuri administrative cu atribu\u021bii de calitate \u2013 Cornelia Mitache<\/p>\t\t\t\t\t\t\t\t<\/div>\n\t\t\t\t<\/div>\n\t\t\t\t\t<\/div>\n\t\t<\/div>\n\t\t\t\t\t<\/div>\n\t\t<\/section>\n\t\t\t\t<\/div>","protected":false},"excerpt":{"rendered":"<p>COMISIA PENTRU EVALUAREA \u0218I ASIGURAREA CALIT\u0102\u021aII PE UNIVERSITATE Comisia pentru Evaluarea \u0219i Asigurarea Calit\u0103\u021bii (CEAC) urm\u0103re\u0219te implementarea strategiilor \u0219i politicilor de asigurare a calit\u0103\u021bii, \u00een raport cu viziunea, misiunea \u0219i politica Universit\u0103\u021bii \u0219i \u00een concordan\u021b\u0103 cu dinamica na\u021bional\u0103, european\u0103 \u0219i interna\u021bional\u0103 \u00een domeniu.CEAC la nivel de universitate stabile\u0219te \u0219i ini\u021biaz\u0103 analize \u0219i evalu\u0103ri pe baza [&hellip;]<\/p>\n","protected":false},"author":3,"featured_media":0,"parent":313,"menu_order":2,"comment_status":"closed","ping_status":"closed","template":"","meta":{"_relevanssi_hide_post":"","_relevanssi_hide_content":"","_relevanssi_pin_for_all":"","_relevanssi_pin_keywords":"","_relevanssi_unpin_keywords":"","_relevanssi_related_keywords":"","_relevanssi_related_include_ids":"","_relevanssi_related_exclude_ids":"","_relevanssi_related_no_append":"","_relevanssi_related_not_related":"","_relevanssi_related_posts":"2384,5940,2383,2386,6273,2391","_relevanssi_noindex_reason":"","footnotes":""},"categories":[16,143],"tags":[],"class_list":["post-321","page","type-page","status-publish","hentry","category-pagina-sidebar","category-pagina-managementul-calitatii"],"meta_box":[],"_links":{"self":[{"href":"https:\/\/umfst.ro\/hu\/wp-json\/wp\/v2\/pages\/321","targetHints":{"allow":["GET"]}}],"collection":[{"href":"https:\/\/umfst.ro\/hu\/wp-json\/wp\/v2\/pages"}],"about":[{"href":"https:\/\/umfst.ro\/hu\/wp-json\/wp\/v2\/types\/page"}],"author":[{"embeddable":true,"href":"https:\/\/umfst.ro\/hu\/wp-json\/wp\/v2\/users\/3"}],"replies":[{"embeddable":true,"href":"https:\/\/umfst.ro\/hu\/wp-json\/wp\/v2\/comments?post=321"}],"version-history":[{"count":96,"href":"https:\/\/umfst.ro\/hu\/wp-json\/wp\/v2\/pages\/321\/revisions"}],"predecessor-version":[{"id":44645,"href":"https:\/\/umfst.ro\/hu\/wp-json\/wp\/v2\/pages\/321\/revisions\/44645"}],"up":[{"embeddable":true,"href":"https:\/\/umfst.ro\/hu\/wp-json\/wp\/v2\/pages\/313"}],"wp:attachment":[{"href":"https:\/\/umfst.ro\/hu\/wp-json\/wp\/v2\/media?parent=321"}],"wp:term":[{"taxonomy":"category","embeddable":true,"href":"https:\/\/umfst.ro\/hu\/wp-json\/wp\/v2\/categories?post=321"},{"taxonomy":"post_tag","embeddable":true,"href":"https:\/\/umfst.ro\/hu\/wp-json\/wp\/v2\/tags?post=321"}],"curies":[{"name":"wp","href":"https:\/\/api.w.org\/{rel}","templated":true}]}}