{"id":326,"date":"2022-11-08T11:20:40","date_gmt":"2022-11-08T09:20:40","guid":{"rendered":"https:\/\/dev.umfst.ro\/?page_id=326"},"modified":"2025-10-02T12:34:45","modified_gmt":"2025-10-02T09:34:45","slug":"departamentul-de-asigurare-a-calitatii","status":"publish","type":"page","link":"https:\/\/umfst.ro\/hu\/universitate\/managementul-calitatii\/departamentul-de-asigurare-a-calitatii\/","title":{"rendered":"Departamentul de asigurare a calit\u0103\u021bii"},"content":{"rendered":"<div data-elementor-type=\"wp-page\" data-elementor-id=\"326\" class=\"elementor elementor-326\" data-elementor-post-type=\"page\">\n\t\t\t\t\t\t<section class=\"elementor-section elementor-top-section elementor-element elementor-element-5bb6be13 elementor-section-boxed elementor-section-height-default elementor-section-height-default\" data-id=\"5bb6be13\" data-element_type=\"section\" data-e-type=\"section\">\n\t\t\t\t\t\t<div class=\"elementor-container elementor-column-gap-default\">\n\t\t\t\t\t<div class=\"elementor-column elementor-col-100 elementor-top-column elementor-element elementor-element-76c29876\" data-id=\"76c29876\" data-element_type=\"column\" data-e-type=\"column\">\n\t\t\t<div class=\"elementor-widget-wrap elementor-element-populated\">\n\t\t\t\t\t\t<div class=\"elementor-element elementor-element-59e4a400 elementor-widget elementor-widget-text-editor\" data-id=\"59e4a400\" data-element_type=\"widget\" data-e-type=\"widget\" data-widget_type=\"text-editor.default\">\n\t\t\t\t<div class=\"elementor-widget-container\">\n\t\t\t\t\t\t\t\t\t<p><\/p>\n<p>Departamentul de Asigurare a Calit\u0103\u021bii este o structur\u0103 func\u021bional\u0103, cu rol important \u00een activitatea academic\u0103, cu responsabilit\u0103\u021bi \u00een implementarea \u0219i monitorizarea cerin\u021belor calit\u0103\u021bii \u00een cadrul tuturor proceselor care se desf\u0103\u0219oar\u0103 \u00een universitate.<\/p>\n<p><\/p>\n<p><\/p>\n<h2 class=\"wp-block-heading\">OBIECTIVE<\/h2>\n<p><\/p>\n<p><\/p>\n<p><strong>Obiective strategice\u00a0<\/strong><\/p>\n<ul>\n<li>Promovarea excelen\u0163ei prin controlul calit\u0103\u021bii la nivelul tuturor proceselor didactice \u0219i suport.<\/li>\n<li>Fundamentarea \u0219i dezvoltarea unui sistem de management al calit\u0103\u021bii care s\u0103 integreze toate cerin\u021bele legale \u0219i reglementate privind calitatea, aplicabile la nivelul proceselor didactice \u0219i suport.<\/li>\n<li>Cre\u0219terea gradului de con\u0219tientizare privind importan\u021ba calit\u0103\u021bii, prin implicarea tuturor angaja\u021bilor \u0219i a studen\u021bilor \u00een activit\u0103\u021bile specifice referitoare la calitate \u0219i prin dezvoltarea unei comunic\u0103ri eficiente pentru diseminarea documentelor calit\u0103\u0163ii, precum \u015fi a rezultatelor ob\u021binute prin \u00eembun\u0103t\u0103\u021birea continu\u0103.\u00a0<\/li>\n<\/ul>\n<p><\/p>\n<p><\/p>\n<p><strong>Obiective opera\u021bionale\u00a0<\/strong><\/p>\n<ul>\n<li>Integrarea \u00een cadrul tuturor proceselor didactice \u0219i suport a cerin\u021belor comune de calitate rezultate din prevederile standardul SR EN ISO 9001:2015, cerin\u021bele de evaluare intern\u0103 \u0219i extern\u0103 a calit\u0103\u021bii educa\u021biei, respectiv ale sistemului de control intern managerial.<\/li>\n<li>Elaborarea \/ revizuirea continu\u0103 a documentelor care reglementeaz\u0103 func\u0163ionarea sistemului calit\u0103\u0163ii \u00een conformitate cu standardul SR EN ISO 9001:2015, cu cerin\u021bele de evaluare intern\u0103 \u0219i extern\u0103 a calit\u0103\u021bii educa\u021biei, respectiv ale sistemului de control intern managerial, \u00een vigoare.<\/li>\n<li>Ini\u021bierea, monitorizarea, diseminarea rezultatelor activit\u0103\u021bilor de evaluare a calit\u0103\u021bii proceselor didactice, de cercetare \u0219i suport.<\/li>\n<li>Evaluarea continu\u0103 a calit\u0103\u021bii prin planificarea \u0219i controlul auditului intern \u00een domeniul calit\u0103\u021bii \u0219i a evalu\u0103rilor interne ale programelor de studii.<\/li>\n<li>Colaborarea cu responsabilii de procese pentru stabilirea m\u0103surilor de \u00eembun\u0103t\u0103\u021bire, ca rezultat al procesului de evaluare a satisfac\u021biei clien\u021bilor interni \u0219i externi.<\/li>\n<li>Monitorizarea \u00eendeplinirii obiectivelor opera\u021bionale ale UMFST\u201eG.E. Palade\u201e Tg.Mure\u0219 \u00a0stabilite anual.<\/li>\n<li>\u00cembun\u0103t\u0103\u021birea calit\u0103\u021bii prin cre\u0219terea gradului de instruire a personalului privind calitatea.\u00a0<\/li>\n<li>Evaluarea stadiului de implementare \u0219i a eficacit\u0103\u021bii cerin\u021belor de calitate.<\/li>\n<li>Actualizarea continu\u0103 a cuno\u0219tin\u021belor \u0219i competen\u021belor privind cerin\u021bele na\u021bionale \u0219i interna\u021bionale de calitate, prin dezvoltarea de colabor\u0103ri cu alte universit\u0103\u021bi sau organisme abilitate \u00een domeniu, din \u021bar\u0103 \u0219i str\u0103in\u0103tate.<\/li>\n<li>Diseminarea continu\u0103 pe canalele de comunicare intern\u0103 a informa\u021biilor privind asigurarea calit\u0103\u021bii.<\/li>\n<\/ul>\n<p><\/p>\n<p><\/p>\n<h2 class=\"wp-block-heading\"><br \/>STRUCTUR\u0102 ORGANIZATORIC\u0102 \u0218I COMPONEN\u021a\u0102<\/h2>\n<p><\/p>\n<p><\/p>\n<p>Departamentul are \u00een componen\u021ba sa reprezentan\u021bi ai corpului profesoral de la nivelul tuturor facult\u0103\u021bilor din cadrul universit\u0103\u021bii \u0219i personal didactic auxiliar.<\/p>\n<p><\/p>\t\t\t\t\t\t\t\t<\/div>\n\t\t\t\t<\/div>\n\t\t\t\t\t<\/div>\n\t\t<\/div>\n\t\t\t\t\t<\/div>\n\t\t<\/section>\n\t\t\t\t<section class=\"elementor-section elementor-top-section elementor-element elementor-element-78283af elementor-section-boxed elementor-section-height-default elementor-section-height-default\" data-id=\"78283af\" data-element_type=\"section\" data-e-type=\"section\">\n\t\t\t\t\t\t<div class=\"elementor-container elementor-column-gap-default\">\n\t\t\t\t\t<div class=\"elementor-column elementor-col-100 elementor-top-column elementor-element elementor-element-8405da6\" data-id=\"8405da6\" data-element_type=\"column\" data-e-type=\"column\">\n\t\t\t<div class=\"elementor-widget-wrap elementor-element-populated\">\n\t\t\t\t\t\t<div class=\"elementor-element elementor-element-5d357eb elementor-widget elementor-widget-jet-accordion\" data-id=\"5d357eb\" data-element_type=\"widget\" data-e-type=\"widget\" data-widget_type=\"jet-accordion.default\">\n\t\t\t\t<div class=\"elementor-widget-container\">\n\t\t\t\t\t\t\t\t\t<div class=\"jet-accordion\" data-settings=\"{&quot;collapsible&quot;:false,&quot;ajaxTemplate&quot;:false,&quot;switchScrolling&quot;:false,&quot;switchScrollingTablet&quot;:false,&quot;switchScrollingMobile&quot;:false,&quot;switchScrollingOffset&quot;:{&quot;size&quot;:0,&quot;unit&quot;:&quot;px&quot;},&quot;switchScrollingOffsetTablet&quot;:{&quot;size&quot;:0,&quot;unit&quot;:&quot;px&quot;},&quot;switchScrollingOffsetMobile&quot;:{&quot;size&quot;:0,&quot;unit&quot;:&quot;px&quot;},&quot;switchScrollingDelay&quot;:500,&quot;switchScrollingDelayTablet&quot;:500,&quot;switchScrollingDelayMobile&quot;:500}\">\n\t\t\t<div class=\"jet-accordion__inner\">\n\t\t\t\t<div class=\"jet-accordion__item jet-toggle jet-toggle-move-up-effect\">\n\t\t\t\t\t\t\t<div id=\"jet-toggle-control-9771\" class=\"jet-toggle__control elementor-menu-anchor\" data-toggle=\"1\" role=\"button\" tabindex=\"0\" aria-controls=\"jet-toggle-content-9771\" aria-expanded=\"false\" data-template-id=\"false\">\n\t\t\t\t\t\t\t\t<div class=\"jet-toggle__label-icon jet-toggle-icon-position-right\"><span class=\"jet-toggle__icon icon-normal jet-tabs-icon\"><svg xmlns=\"http:\/\/www.w3.org\/2000\/svg\" viewbox=\"0 0 448 512\"><path d=\"M256 80c0-17.7-14.3-32-32-32s-32 14.3-32 32V224H48c-17.7 0-32 14.3-32 32s14.3 32 32 32H192V432c0 17.7 14.3 32 32 32s32-14.3 32-32V288H400c17.7 0 32-14.3 32-32s-14.3-32-32-32H256V80z\"><\/path><\/svg><\/span><span class=\"jet-toggle__icon icon-active jet-tabs-icon\"><svg xmlns=\"http:\/\/www.w3.org\/2000\/svg\" viewbox=\"0 0 448 512\"><path d=\"M432 256c0 17.7-14.3 32-32 32L48 288c-17.7 0-32-14.3-32-32s14.3-32 32-32l352 0c17.7 0 32 14.3 32 32z\"><\/path><\/svg><\/span><\/div><div class=\"jet-toggle__label-text\">Componen\u021ba DAC<\/div>\t\t\t\t\t\t\t<\/div>\n\t\t\t\t\t\t\t<div id=\"jet-toggle-content-9771\" class=\"jet-toggle__content\" data-toggle=\"1\" role=\"region\" data-template-id=\"false\">\n\t\t\t\t\t\t\t\t<div class=\"jet-toggle__content-inner\"><p><strong>Director de departament<\/strong><br \/>Prof. univ. dr. Tanase Corneliu<\/p>\n<p><strong>Director adjunct<\/strong><br \/>Asist. univ. dr. Cosmin B\u0103nceu<\/p>\n<p><strong>Membri<br \/><\/strong>Prof. univ. dr. Mure\u0219an Simona<br \/>Prof. univ. dr. Rusu Aura<br \/>Conf univ. dr. Orb\u00e1n-Kis K\u00e1roly<br \/>Conf. univ. dr. Cerghizan Diana<br \/>Conf. univ. dr. Ber\u021ba Lavina Anda<br \/>Conf. univ. dr. Strnad Gabriela<br \/>Lect. univ. dr. Boant\u0103 Adrian<br \/>Hadnagy Ildik\u00f3<br \/>Magyari Annam\u00e1ria<br \/>Mitache Cornelia<\/p><\/div>\n\t\t\t\t\t\t\t<\/div>\n\t\t\t\t\t\t<\/div>\t\t\t<\/div>\n\t\t<\/div>\n\t\t\t\t\t\t<\/div>\n\t\t\t\t<\/div>\n\t\t\t\t\t<\/div>\n\t\t<\/div>\n\t\t\t\t\t<\/div>\n\t\t<\/section>\n\t\t\t\t<section class=\"elementor-section elementor-top-section elementor-element elementor-element-3219032 elementor-section-boxed elementor-section-height-default elementor-section-height-default\" data-id=\"3219032\" data-element_type=\"section\" data-e-type=\"section\">\n\t\t\t\t\t\t<div class=\"elementor-container elementor-column-gap-default\">\n\t\t\t\t\t<div class=\"elementor-column elementor-col-100 elementor-top-column elementor-element elementor-element-14489a7\" data-id=\"14489a7\" data-element_type=\"column\" data-e-type=\"column\">\n\t\t\t<div class=\"elementor-widget-wrap elementor-element-populated\">\n\t\t\t\t\t\t<div class=\"elementor-element elementor-element-6f5b51b elementor-widget elementor-widget-jet-accordion\" data-id=\"6f5b51b\" data-element_type=\"widget\" data-e-type=\"widget\" data-widget_type=\"jet-accordion.default\">\n\t\t\t\t<div class=\"elementor-widget-container\">\n\t\t\t\t\t\t\t\t\t<div class=\"jet-accordion\" data-settings=\"{&quot;collapsible&quot;:false,&quot;ajaxTemplate&quot;:false,&quot;switchScrolling&quot;:false,&quot;switchScrollingTablet&quot;:false,&quot;switchScrollingMobile&quot;:false,&quot;switchScrollingOffset&quot;:{&quot;size&quot;:0,&quot;unit&quot;:&quot;px&quot;},&quot;switchScrollingOffsetTablet&quot;:{&quot;size&quot;:0,&quot;unit&quot;:&quot;px&quot;},&quot;switchScrollingOffsetMobile&quot;:{&quot;size&quot;:0,&quot;unit&quot;:&quot;px&quot;},&quot;switchScrollingDelay&quot;:500,&quot;switchScrollingDelayTablet&quot;:500,&quot;switchScrollingDelayMobile&quot;:500}\">\n\t\t\t<div class=\"jet-accordion__inner\">\n\t\t\t\t<div class=\"jet-accordion__item jet-toggle jet-toggle-move-up-effect\">\n\t\t\t\t\t\t\t<div id=\"jet-toggle-control-1161\" class=\"jet-toggle__control elementor-menu-anchor\" data-toggle=\"1\" role=\"button\" tabindex=\"0\" aria-controls=\"jet-toggle-content-1161\" aria-expanded=\"false\" data-template-id=\"false\">\n\t\t\t\t\t\t\t\t<div class=\"jet-toggle__label-icon jet-toggle-icon-position-right\"><span class=\"jet-toggle__icon icon-normal jet-tabs-icon\"><svg xmlns=\"http:\/\/www.w3.org\/2000\/svg\" viewbox=\"0 0 448 512\"><path d=\"M256 80c0-17.7-14.3-32-32-32s-32 14.3-32 32V224H48c-17.7 0-32 14.3-32 32s14.3 32 32 32H192V432c0 17.7 14.3 32 32 32s32-14.3 32-32V288H400c17.7 0 32-14.3 32-32s-14.3-32-32-32H256V80z\"><\/path><\/svg><\/span><span class=\"jet-toggle__icon icon-active jet-tabs-icon\"><svg xmlns=\"http:\/\/www.w3.org\/2000\/svg\" viewbox=\"0 0 448 512\"><path d=\"M432 256c0 17.7-14.3 32-32 32L48 288c-17.7 0-32-14.3-32-32s14.3-32 32-32l352 0c17.7 0 32 14.3 32 32z\"><\/path><\/svg><\/span><\/div><div class=\"jet-toggle__label-text\">Corpul auditorilor interni<\/div>\t\t\t\t\t\t\t<\/div>\n\t\t\t\t\t\t\t<div id=\"jet-toggle-content-1161\" class=\"jet-toggle__content\" data-toggle=\"1\" role=\"region\" data-template-id=\"false\">\n\t\t\t\t\t\t\t\t<div class=\"jet-toggle__content-inner\"><p>DAC coordoneaz\u0103 corpul auditorilor interni ai calit\u0103\u021bii, format din reprezenta\u021bi ai corpului profesoral, respectiv personal administrativ.<br \/>Corpul Auditorilor Interni (CAI) reune\u0219te personal didactic \u0219i administrativ, care prin ac\u021biunile de audit \u00een domeniul calit\u0103\u021bii asigur\u0103 analiza \u0219i evaluarea func\u021bion\u0103rii \u0219i eficacit\u0103\u021bii SMC, contribuind la \u00eembun\u0103t\u0103\u021birea calit\u0103\u021bii serviciilor educa\u021bionale \u0219i administrative oferite de c\u0103tre Universitatea de Medicin\u0103, Farmacie, \u0218tiin\u021be \u0219i Tehnologie \u201cGeorge Emil Palade\u2019\u201d din T\u00e2rgu Mure\u0219.<\/p>\n<p>\u00a0<\/p>\n<table>\n<tbody>\n<tr>\n<td width=\"54\">\n<p>Nr.crt.<\/p>\n<\/td>\n<td width=\"274\">\n<p>Nume \u0219i prenume<\/p>\n<\/td>\n<td width=\"274\">\n<p>Facultate \/ structur\u0103 \/ departament \/ serviciu<\/p>\n<\/td>\n<\/tr>\n<tr>\n<td width=\"54\">\n<p>1.\u00a0\u00a0\u00a0\u00a0\u00a0 \u00a0<\/p>\n<\/td>\n<td width=\"274\">\n<p>Prof. univ. dr. Tanase Corneliu<\/p>\n<\/td>\n<td width=\"274\">\n<p>Gy\u00f3gyszer\u00e9szet<\/p>\n<\/td>\n<\/tr>\n<tr>\n<td width=\"54\">\n<p>2.\u00a0\u00a0\u00a0\u00a0\u00a0 \u00a0<\/p>\n<\/td>\n<td width=\"274\">\n<p>Prof. univ. dr. Rusu Aura<\/p>\n<\/td>\n<td width=\"274\">\n<p>Gy\u00f3gyszer\u00e9szet<\/p>\n<\/td>\n<\/tr>\n<tr>\n<td width=\"54\">\n<p>3.\u00a0\u00a0\u00a0\u00a0\u00a0 \u00a0<\/p>\n<\/td>\n<td width=\"274\">\n<p>Conf. univ. dr. Ber\u021ba Lavinia Anda<\/p>\n<\/td>\n<td width=\"274\">\n<p>Gy\u00f3gyszer\u00e9szet<\/p>\n<\/td>\n<\/tr>\n<tr>\n<td width=\"54\">\n<p>4.\u00a0\u00a0\u00a0\u00a0\u00a0 \u00a0<\/p>\n<\/td>\n<td width=\"274\">\n<p>Prof. univ. dr. Mure\u0219an Simona<\/p>\n<\/td>\n<td width=\"274\">\n<p>FMLE<\/p>\n<\/td>\n<\/tr>\n<tr>\n<td width=\"54\">\n<p>5.\u00a0\u00a0\u00a0\u00a0\u00a0 \u00a0<\/p>\n<\/td>\n<td width=\"274\">\n<p>Conf. univ. dr. Orb\u00e1n Kiss K\u00e1roly\u00a0<\/p>\n<\/td>\n<td width=\"274\">\n<p>Medicin\u0103<\/p>\n<\/td>\n<\/tr>\n<tr>\n<td width=\"54\">\n<p>6.\u00a0\u00a0\u00a0\u00a0\u00a0 \u00a0<\/p>\n<\/td>\n<td width=\"274\">\n<p>Conf. univ. dr. Cerghizan Diana<\/p>\n<\/td>\n<td width=\"274\">\n<p>MD<\/p>\n<\/td>\n<\/tr>\n<tr>\n<td width=\"54\">\n<p>7.\u00a0\u00a0\u00a0\u00a0\u00a0 \u00a0<\/p>\n<\/td>\n<td width=\"274\">\n<p>Conf. univ. dr. Strnad Gabriela<\/p>\n<\/td>\n<td width=\"274\">\n<p>FITI<\/p>\n<\/td>\n<\/tr>\n<tr>\n<td width=\"54\">\n<p>8.\u00a0\u00a0\u00a0\u00a0\u00a0 \u00a0<\/p>\n<\/td>\n<td width=\"274\">\n<p>Conf. univ. dr. Han Bianca<\/p>\n<\/td>\n<td width=\"274\">\n<p>FSL<\/p>\n<\/td>\n<\/tr>\n<tr>\n<td width=\"54\">\n<p>9.\u00a0\u00a0\u00a0\u00a0\u00a0 \u00a0<\/p>\n<\/td>\n<td width=\"274\">\n<p>Conf.univ. Varga Andreea<\/p>\n<\/td>\n<td width=\"274\">\n<p>FMLE<\/p>\n<\/td>\n<\/tr>\n<tr>\n<td width=\"54\">\n<p>10.\u00a0\u00a0 \u00a0<\/p>\n<\/td>\n<td width=\"274\">\n<p>Lect. univ. dr. Boant\u0103 Adrian<\/p>\n<\/td>\n<td width=\"274\">\n<p>FED<\/p>\n<\/td>\n<\/tr>\n<tr>\n<td width=\"54\">\n<p>11.\u00a0\u00a0 \u00a0<\/p>\n<\/td>\n<td width=\"274\">\n<p>\u0218ef lucr. dr. Ion Valentin<\/p>\n<\/td>\n<td width=\"274\">\n<p>Gy\u00f3gyszer\u00e9szet<\/p>\n<\/td>\n<\/tr>\n<tr>\n<td width=\"54\">\n<p>12.\u00a0\u00a0 \u00a0<\/p>\n<\/td>\n<td width=\"274\">\n<p>\u0218ef lucr. dr. Babot\u0103 Mihai<\/p>\n<\/td>\n<td width=\"274\">\n<p>Gy\u00f3gyszer\u00e9szet<\/p>\n<\/td>\n<\/tr>\n<tr>\n<td width=\"54\">\n<p>13.\u00a0\u00a0 \u00a0<\/p>\n<\/td>\n<td width=\"274\">\n<p>\u0218ef lucr. dr. Cocuz Iuliu<\/p>\n<\/td>\n<td width=\"274\">\n<p>Medicin\u0103<\/p>\n<\/td>\n<\/tr>\n<tr>\n<td width=\"54\">\n<p>14.\u00a0\u00a0 \u00a0<\/p>\n<\/td>\n<td width=\"274\">\n<p>Asist.univ. dr. B\u0103nceu Cosmin<\/p>\n<\/td>\n<td width=\"274\">\n<p>FMLE<\/p>\n<\/td>\n<\/tr>\n<tr>\n<td width=\"54\">\n<p>15.\u00a0\u00a0 \u00a0<\/p>\n<\/td>\n<td width=\"274\">\n<p>Ing. Bor\u0219a Marina\u00a0<\/p>\n<\/td>\n<td width=\"274\">\n<p>DAC<\/p>\n<\/td>\n<\/tr>\n<tr>\n<td width=\"54\">\n<p>16.\u00a0\u00a0 \u00a0<\/p>\n<\/td>\n<td width=\"274\">\n<p>Hadnagy Ildik\u00f3<\/p>\n<\/td>\n<td width=\"274\">\n<p>DAC<\/p>\n<\/td>\n<\/tr>\n<tr>\n<td width=\"54\">\n<p>17.\u00a0\u00a0 \u00a0<\/p>\n<\/td>\n<td width=\"274\">\n<p>Magyari Annam\u00e1ria<\/p>\n<\/td>\n<td width=\"274\">\n<p>DAC<\/p>\n<\/td>\n<\/tr>\n<tr>\n<td width=\"54\">\n<p>18.\u00a0\u00a0 \u00a0<\/p>\n<\/td>\n<td width=\"274\">\n<p>Mitache Cornelia<\/p>\n<\/td>\n<td width=\"274\">\n<p>DAC<\/p>\n<\/td>\n<\/tr>\n<tr>\n<td width=\"54\">\n<p>19.\u00a0\u00a0 \u00a0<\/p>\n<\/td>\n<td width=\"274\">\n<p>Pop Gabriela<\/p>\n<\/td>\n<td width=\"274\">\n<p>Secretariat MD<\/p>\n<\/td>\n<\/tr>\n<tr>\n<td width=\"54\">\n<p>20.\u00a0\u00a0 \u00a0<\/p>\n<\/td>\n<td width=\"274\">\n<p>F\u0103rca\u0219 Diana<\/p>\n<\/td>\n<td width=\"274\">\n<p>SRU<\/p>\n<\/td>\n<\/tr>\n<tr>\n<td width=\"54\">\n<p>21.\u00a0\u00a0 \u00a0<\/p>\n<\/td>\n<td width=\"274\">\n<p>Luca Edit<\/p>\n<\/td>\n<td width=\"274\">\n<p>Serviciul Social Administrativ<\/p>\n<\/td>\n<\/tr>\n<tr>\n<td width=\"54\">\n<p>22.\u00a0\u00a0 \u00a0<\/p>\n<\/td>\n<td width=\"274\">\n<p>Gu\u021b\u0103 Ioana<\/p>\n<\/td>\n<td width=\"274\">\n<p>CEIPSCU<\/p>\n<\/td>\n<\/tr>\n<\/tbody>\n<\/table><\/div>\n\t\t\t\t\t\t\t<\/div>\n\t\t\t\t\t\t<\/div><div class=\"jet-accordion__item jet-toggle jet-toggle-move-up-effect\">\n\t\t\t\t\t\t\t<div id=\"jet-toggle-control-1162\" class=\"jet-toggle__control elementor-menu-anchor\" data-toggle=\"2\" role=\"button\" tabindex=\"0\" aria-controls=\"jet-toggle-content-1162\" aria-expanded=\"false\" data-template-id=\"false\">\n\t\t\t\t\t\t\t\t<div class=\"jet-toggle__label-icon jet-toggle-icon-position-right\"><span class=\"jet-toggle__icon icon-normal jet-tabs-icon\"><svg xmlns=\"http:\/\/www.w3.org\/2000\/svg\" viewbox=\"0 0 448 512\"><path d=\"M256 80c0-17.7-14.3-32-32-32s-32 14.3-32 32V224H48c-17.7 0-32 14.3-32 32s14.3 32 32 32H192V432c0 17.7 14.3 32 32 32s32-14.3 32-32V288H400c17.7 0 32-14.3 32-32s-14.3-32-32-32H256V80z\"><\/path><\/svg><\/span><span class=\"jet-toggle__icon icon-active jet-tabs-icon\"><svg xmlns=\"http:\/\/www.w3.org\/2000\/svg\" viewbox=\"0 0 448 512\"><path d=\"M432 256c0 17.7-14.3 32-32 32L48 288c-17.7 0-32-14.3-32-32s14.3-32 32-32l352 0c17.7 0 32 14.3 32 32z\"><\/path><\/svg><\/span><\/div><div class=\"jet-toggle__label-text\">Kapcsolat<\/div>\t\t\t\t\t\t\t<\/div>\n\t\t\t\t\t\t\t<div id=\"jet-toggle-content-1162\" class=\"jet-toggle__content\" data-toggle=\"2\" role=\"region\" data-template-id=\"false\">\n\t\t\t\t\t\t\t\t<div class=\"jet-toggle__content-inner\"><p><strong>Director Departament Asigurarea Calit\u0103\u0163ii<\/strong><br \/><strong>Reprezentant managementul calit\u0103\u0163ii<\/strong><br \/>Prof. univ. dr. Corneliu Tanase<br \/>Cl\u0103direa Facult\u0103\u021bii de Farmacie<br \/>Tel: +40 265.215551, int. 361 <br \/>Fax: +40 265.210407<br \/>E-mail: <a href=\"https:\/\/umfst.ro\/universitate\/managementul-calitatii\/departamentul-de-asigurare-a-calitatii\/linkTo_UnCryptMailto(%27nbjmup%2Bdpsofmjv%5C%2FubobtfAvngtu%5C%2Fsp%27);\">corneliu.tanase@umfst.ro<\/a><\/p>\n<p><strong>Membri<br \/><\/strong>Hadnagy Ildik\u00f3<br \/>Tel: +40 265.215551, int. 181 <br \/>Fax: +40 265.210407<br \/>E-mail: <a href=\"https:\/\/umfst.ro\/universitate\/managementul-calitatii\/departamentul-de-asigurare-a-calitatii\/linkTo_UnCryptMailto(%27nbjmup%2Bbtjhvsbsfb%5C%2FdbmjubujjAvngtu%5C%2Fsp%27);\">asigurarea.calitatii@umfst.ro<\/a><\/p>\n<p>Magyari Annam\u00e1ria<br \/>Cl\u0103direa Central\u0103<br \/>Tel: +40 265.215551, int. 181 <br \/>Fax: +40 265.21040<br \/>E-mail: <a href=\"https:\/\/umfst.ro\/universitate\/managementul-calitatii\/departamentul-de-asigurare-a-calitatii\/linkTo_UnCryptMailto(%27nbjmup%2Bboobnbsjb%5C%2FnbhzbsjAvngtu%5C%2Fsp%27);\">annamaria.magyari@umfst.ro<\/a><\/p>\n<p>Cornelia Mitache<br \/>Cl\u0103direa Central\u0103<br \/>Tel: +40 265.215551, int. 207\u00a0<br \/>E-mail:\u00a0<a href=\"mailto:cornelia.mitache@umfst.ro\">cornelia.mitache@umfst.ro<\/a><\/p><\/div>\n\t\t\t\t\t\t\t<\/div>\n\t\t\t\t\t\t<\/div><div class=\"hide jet-accordion__item jet-toggle jet-toggle-move-up-effect\">\n\t\t\t\t\t\t\t<div id=\"jet-toggle-control-1163\" class=\"jet-toggle__control elementor-menu-anchor\" data-toggle=\"3\" role=\"button\" tabindex=\"0\" aria-controls=\"jet-toggle-content-1163\" aria-expanded=\"false\" data-template-id=\"false\">\n\t\t\t\t\t\t\t\t<div class=\"jet-toggle__label-icon jet-toggle-icon-position-right\"><span class=\"jet-toggle__icon icon-normal jet-tabs-icon\"><svg xmlns=\"http:\/\/www.w3.org\/2000\/svg\" viewbox=\"0 0 448 512\"><path d=\"M256 80c0-17.7-14.3-32-32-32s-32 14.3-32 32V224H48c-17.7 0-32 14.3-32 32s14.3 32 32 32H192V432c0 17.7 14.3 32 32 32s32-14.3 32-32V288H400c17.7 0 32-14.3 32-32s-14.3-32-32-32H256V80z\"><\/path><\/svg><\/span><span class=\"jet-toggle__icon icon-active jet-tabs-icon\"><svg xmlns=\"http:\/\/www.w3.org\/2000\/svg\" viewbox=\"0 0 448 512\"><path d=\"M432 256c0 17.7-14.3 32-32 32L48 288c-17.7 0-32-14.3-32-32s14.3-32 32-32l352 0c17.7 0 32 14.3 32 32z\"><\/path><\/svg><\/span><\/div><div class=\"jet-toggle__label-text\">Kapcsolat<\/div>\t\t\t\t\t\t\t<\/div>\n\t\t\t\t\t\t\t<div id=\"jet-toggle-content-1163\" class=\"jet-toggle__content\" data-toggle=\"3\" role=\"region\" data-template-id=\"false\">\n\t\t\t\t\t\t\t\t<div class=\"jet-toggle__content-inner\"><p><strong>Director Departament Asigurarea Calit\u0103\u0163ii<\/strong><br \/><strong>Reprezentant managementul calit\u0103\u0163ii<\/strong><br \/>Prof. univ. dr. Corneliu Tanase<br \/>Cl\u0103direa Facult\u0103\u021bii de Farmacie<br \/>Tel: +40 265.215551, int. 361 <br \/>Fax: +40 265.210407<br \/>E-mail: <a href=\"https:\/\/umfst.ro\/universitate\/managementul-calitatii\/departamentul-de-asigurare-a-calitatii\/linkTo_UnCryptMailto(%27nbjmup%2Bdpsofmjv%5C%2FubobtfAvngtu%5C%2Fsp%27);\">corneliu.tanase@umfst.ro<\/a><\/p>\n<p><strong>Membri<\/strong><br \/>Ing. Marina Constan\u021ba Bor\u0219a<br \/>Cl\u0103direa Central\u0103<br \/>Tel: +40 265.215551, int. 287 <br \/>Fax: +40 265.210407<br \/>E-mail: <a href=\"https:\/\/umfst.ro\/universitate\/managementul-calitatii\/departamentul-de-asigurare-a-calitatii\/linkTo_UnCryptMailto(%27nbjmup%2Bnbsjob%5C%2FcpstbAvngtu%5C%2Fsp%27);\">marina.borsa@umfst.ro<\/a><\/p>\n<p>Hadnagy Ildik\u00f3<br \/>Tel: +40 265.215551, int. 181 <br \/>Fax: +40 265.210407<br \/>E-mail: <a href=\"https:\/\/umfst.ro\/universitate\/managementul-calitatii\/departamentul-de-asigurare-a-calitatii\/linkTo_UnCryptMailto(%27nbjmup%2Bbtjhvsbsfb%5C%2FdbmjubujjAvngtu%5C%2Fsp%27);\">asigurarea.calitatii@umfst.ro<\/a><\/p>\n<p>Magyari Annam\u00e1ria<br \/>Cl\u0103direa Central\u0103<br \/>Tel: +40 265.215551, int. 181 <br \/>Fax: +40 265.21040<br \/>E-mail: <a href=\"https:\/\/umfst.ro\/universitate\/managementul-calitatii\/departamentul-de-asigurare-a-calitatii\/linkTo_UnCryptMailto(%27nbjmup%2Bboobnbsjb%5C%2FnbhzbsjAvngtu%5C%2Fsp%27);\">annamaria.magyari@umfst.ro<\/a><\/p>\n<p>Cornelia Mitache<br \/>Cl\u0103direa Central\u0103<br \/>Tel: +40 265.215551, int. 207\u00a0<br \/>E-mail:\u00a0<a href=\"mailto:cornelia.mitache@umfst.ro\">cornelia.mitache@umfst.ro<\/a><\/p><\/div>\n\t\t\t\t\t\t\t<\/div>\n\t\t\t\t\t\t<\/div>\t\t\t<\/div>\n\t\t<\/div>\n\t\t\t\t\t\t<\/div>\n\t\t\t\t<\/div>\n\t\t\t\t\t<\/div>\n\t\t<\/div>\n\t\t\t\t\t<\/div>\n\t\t<\/section>\n\t\t\t\t<\/div>","protected":false},"excerpt":{"rendered":"<p>Departamentul de Asigurare a Calit\u0103\u021bii este o structur\u0103 func\u021bional\u0103, cu rol important \u00een activitatea academic\u0103, cu responsabilit\u0103\u021bi \u00een implementarea \u0219i monitorizarea cerin\u021belor calit\u0103\u021bii \u00een cadrul tuturor proceselor care se desf\u0103\u0219oar\u0103 \u00een universitate. OBIECTIVE Obiective strategice\u00a0 Promovarea excelen\u0163ei prin controlul calit\u0103\u021bii la nivelul tuturor proceselor didactice \u0219i suport. Fundamentarea \u0219i dezvoltarea unui sistem de management al [&hellip;]<\/p>\n","protected":false},"author":3,"featured_media":0,"parent":313,"menu_order":1,"comment_status":"closed","ping_status":"closed","template":"","meta":{"_relevanssi_hide_post":"","_relevanssi_hide_content":"","_relevanssi_pin_for_all":"","_relevanssi_pin_keywords":"","_relevanssi_unpin_keywords":"","_relevanssi_related_keywords":"","_relevanssi_related_include_ids":"","_relevanssi_related_exclude_ids":"","_relevanssi_related_no_append":"","_relevanssi_related_not_related":"","_relevanssi_related_posts":"2389,2391,5940,2384,6273,2388","_relevanssi_noindex_reason":"","footnotes":""},"categories":[16,143],"tags":[],"class_list":["post-326","page","type-page","status-publish","hentry","category-pagina-sidebar","category-pagina-managementul-calitatii"],"meta_box":[],"_links":{"self":[{"href":"https:\/\/umfst.ro\/hu\/wp-json\/wp\/v2\/pages\/326","targetHints":{"allow":["GET"]}}],"collection":[{"href":"https:\/\/umfst.ro\/hu\/wp-json\/wp\/v2\/pages"}],"about":[{"href":"https:\/\/umfst.ro\/hu\/wp-json\/wp\/v2\/types\/page"}],"author":[{"embeddable":true,"href":"https:\/\/umfst.ro\/hu\/wp-json\/wp\/v2\/users\/3"}],"replies":[{"embeddable":true,"href":"https:\/\/umfst.ro\/hu\/wp-json\/wp\/v2\/comments?post=326"}],"version-history":[{"count":77,"href":"https:\/\/umfst.ro\/hu\/wp-json\/wp\/v2\/pages\/326\/revisions"}],"predecessor-version":[{"id":43323,"href":"https:\/\/umfst.ro\/hu\/wp-json\/wp\/v2\/pages\/326\/revisions\/43323"}],"up":[{"embeddable":true,"href":"https:\/\/umfst.ro\/hu\/wp-json\/wp\/v2\/pages\/313"}],"wp:attachment":[{"href":"https:\/\/umfst.ro\/hu\/wp-json\/wp\/v2\/media?parent=326"}],"wp:term":[{"taxonomy":"category","embeddable":true,"href":"https:\/\/umfst.ro\/hu\/wp-json\/wp\/v2\/categories?post=326"},{"taxonomy":"post_tag","embeddable":true,"href":"https:\/\/umfst.ro\/hu\/wp-json\/wp\/v2\/tags?post=326"}],"curies":[{"name":"wp","href":"https:\/\/api.w.org\/{rel}","templated":true}]}}