{"id":343,"date":"2022-11-08T14:46:37","date_gmt":"2022-11-08T12:46:37","guid":{"rendered":"https:\/\/dev.umfst.ro\/?page_id=343"},"modified":"2025-12-18T15:02:07","modified_gmt":"2025-12-18T13:02:07","slug":"evaluari-aracis","status":"publish","type":"page","link":"https:\/\/umfst.ro\/hu\/universitate\/managementul-calitatii\/evaluari-institutionale\/evaluari-aracis\/","title":{"rendered":"Evalu\u0103ri ARACIS"},"content":{"rendered":"<div data-elementor-type=\"wp-page\" data-elementor-id=\"343\" class=\"elementor elementor-343\" data-elementor-post-type=\"page\">\n\t\t\t\t\t\t<section class=\"elementor-section elementor-top-section elementor-element elementor-element-ab7a1a2 elementor-section-boxed elementor-section-height-default elementor-section-height-default\" data-id=\"ab7a1a2\" data-element_type=\"section\" data-e-type=\"section\">\n\t\t\t\t\t\t<div class=\"elementor-container elementor-column-gap-default\">\n\t\t\t\t\t<div class=\"elementor-column elementor-col-100 elementor-top-column elementor-element elementor-element-f283a11\" data-id=\"f283a11\" data-element_type=\"column\" data-e-type=\"column\">\n\t\t\t<div class=\"elementor-widget-wrap elementor-element-populated\">\n\t\t\t\t\t\t<div class=\"elementor-element elementor-element-1a5400d elementor-widget elementor-widget-text-editor\" data-id=\"1a5400d\" data-element_type=\"widget\" data-e-type=\"widget\" data-widget_type=\"text-editor.default\">\n\t\t\t\t<div class=\"elementor-widget-container\">\n\t\t\t\t\t\t\t\t\t<p>Situa\u021bia de acreditare a programelor de studii din oferta educa\u021bional\u0103 a facult\u0103\u021bilor Universit\u0103\u021bii de Medicin\u0103, Farmacie, \u0218tiin\u021be \u0219i Tehnologie \u201eGeorge Emil Palade\u201d din T\u00e2rgu Mure\u0219<\/p>\t\t\t\t\t\t\t\t<\/div>\n\t\t\t\t<\/div>\n\t\t\t\t\t<\/div>\n\t\t<\/div>\n\t\t\t\t\t<\/div>\n\t\t<\/section>\n\t\t\t\t<section class=\"elementor-section elementor-top-section elementor-element elementor-element-4268509 elementor-section-boxed elementor-section-height-default elementor-section-height-default\" data-id=\"4268509\" data-element_type=\"section\" data-e-type=\"section\">\n\t\t\t\t\t\t<div class=\"elementor-container elementor-column-gap-default\">\n\t\t\t\t\t<div class=\"elementor-column elementor-col-100 elementor-top-column elementor-element elementor-element-9ff5b70\" data-id=\"9ff5b70\" data-element_type=\"column\" data-e-type=\"column\">\n\t\t\t<div class=\"elementor-widget-wrap elementor-element-populated\">\n\t\t\t\t\t\t<div class=\"elementor-element elementor-element-d18759d elementor-widget elementor-widget-text-editor\" data-id=\"d18759d\" data-element_type=\"widget\" data-e-type=\"widget\" data-widget_type=\"text-editor.default\">\n\t\t\t\t<div class=\"elementor-widget-container\">\n\t\t\t\t\t\t\t\t\t<p><a href=\"https:\/\/www.umfst.ro\/fileadmin\/man_calit\/2025\/Programe_acreditate_2025.pdf\">Programe de studii acreditate<\/a><\/p>\t\t\t\t\t\t\t\t<\/div>\n\t\t\t\t<\/div>\n\t\t\t\t\t<\/div>\n\t\t<\/div>\n\t\t\t\t\t<\/div>\n\t\t<\/section>\n\t\t\t\t<section class=\"elementor-section elementor-top-section elementor-element elementor-element-5de8b572 elementor-hidden-widescreen elementor-hidden-desktop elementor-hidden-tablet elementor-hidden-mobile elementor-section-boxed elementor-section-height-default elementor-section-height-default\" data-id=\"5de8b572\" data-element_type=\"section\" data-e-type=\"section\">\n\t\t\t\t\t\t<div class=\"elementor-container elementor-column-gap-default\">\n\t\t\t\t\t<div class=\"elementor-column elementor-col-100 elementor-top-column elementor-element elementor-element-4c89f11c\" data-id=\"4c89f11c\" data-element_type=\"column\" data-e-type=\"column\">\n\t\t\t<div class=\"elementor-widget-wrap elementor-element-populated\">\n\t\t\t\t\t\t<div class=\"elementor-element elementor-element-555d8c9c elementor-widget elementor-widget-text-editor\" data-id=\"555d8c9c\" data-element_type=\"widget\" data-e-type=\"widget\" data-widget_type=\"text-editor.default\">\n\t\t\t\t<div class=\"elementor-widget-container\">\n\t\t\t\t\t\t\t\t\t<p>Situa\u021bia de acreditare a programelor de studii din oferta educa\u021bional\u0103 a facult\u0103\u021bilor Universit\u0103\u021bii de Medicin\u0103, Farmacie, \u0218tiin\u021be \u0219i Tehnologie \u201eGeorge Emil Palade\u201d din T\u00e2rgu Mure\u0219<\/p>\n<table width=\"787\">\n<tbody>\n<tr>\n<td>\n<p><strong>Facultate<\/strong><\/p>\n<\/td>\n<td>\n<p><strong>Nivel<\/strong><\/p>\n<\/td>\n<td>\n<p><strong>Program de studiu<\/strong><\/p>\n<\/td>\n<td>\n<p><strong>Situa\u021bie<\/strong><\/p>\n<p><strong>acreditare<\/strong><\/p>\n<\/td>\n<td>\n<p><strong>Limba de studiu<\/strong><\/p>\n<\/td>\n<td>\n<p><strong>Forma de \u00eenv\u0103\u021b\u0103m\u00e2nt<\/strong><\/p>\n<\/td>\n<\/tr>\n<tr>\n<td rowspan=\"11\">\n<p><strong>Orvosi Kar<\/strong><\/p>\n<\/td>\n<td rowspan=\"5\">\n<p>Licen\u021b\u0103<\/p>\n<\/td>\n<td>\n<p>Medicin\u0103<\/p>\n<\/td>\n<td>\n<p>Acreditat<\/p>\n<\/td>\n<td>\n<p>Rom\u00e2n\u0103\/Maghiar\u0103<\/p>\n<\/td>\n<td>\n<p>Cu frecven\u021b\u0103<\/p>\n<\/td>\n<\/tr>\n<tr>\n<td>\n<p>Medicin\u0103 militar\u0103<\/p>\n<\/td>\n<td>\n<p>Acreditat<\/p>\n<\/td>\n<td>\n<p>Rom\u00e2n\u0103\/ Englez\u0103<\/p>\n<\/td>\n<td>\n<p>Cu frecven\u021b\u0103<\/p>\n<\/td>\n<\/tr>\n<tr>\n<td>\n<p>Asisten\u0163\u0103 medical\u0103 general\u0103<\/p>\n<\/td>\n<td>\n<p>Acreditat<\/p>\n<\/td>\n<td>\n<p>Rom\u00e2n\u0103\/ Maghiar\u0103<\/p>\n<\/td>\n<td>\n<p>Cu frecven\u021b\u0103<\/p>\n<\/td>\n<\/tr>\n<tr>\n<td>\n<p>Balnefiziokinetoterapie \u015fi recuperare<\/p>\n<\/td>\n<td>\n<p>Acreditat<\/p>\n<\/td>\n<td>\n<p>Rom\u00e2n\u0103<\/p>\n<\/td>\n<td>\n<p>Cu frecven\u021b\u0103<\/p>\n<\/td>\n<\/tr>\n<tr>\n<td>\n<p>Asisten\u0163\u0103 medical\u0103 general\u0103 Bistri\u021ba<\/p>\n<\/td>\n<td>\n<p>Autorizat<\/p>\n<\/td>\n<td>\n<p>Rom\u00e2n\u0103<\/p>\n<\/td>\n<td>\n<p>Cu frecven\u021b\u0103<\/p>\n<\/td>\n<\/tr>\n<tr>\n<td rowspan=\"6\">\n<p>Master<\/p>\n<\/td>\n<td>\n<p>Cercetare \u0219tiin\u021bific\u0103 avansat\u0103 medico-farmaceutic\u0103<\/p>\n<\/td>\n<td>\n<p>Acreditat<\/p>\n<\/td>\n<td>\n<p>Rom\u00e2n\u0103<\/p>\n<\/td>\n<td>\n<p>Cu frecven\u021b\u0103<\/p>\n<\/td>\n<\/tr>\n<tr>\n<td>\n<p>Tehnici avansate de laborator<\/p>\n<\/td>\n<td>\n<p>Acreditat<\/p>\n<\/td>\n<td>\n<p>Rom\u00e2n\u0103<\/p>\n<\/td>\n<td>\n<p>Cu frecven\u021b\u0103<\/p>\n<\/td>\n<\/tr>\n<tr>\n<td>\n<p>Managementul serviciilor de s\u0103n\u0103tate<\/p>\n<\/td>\n<td>\n<p>Acreditat<\/p>\n<\/td>\n<td>\n<p>Rom\u00e2n\u0103<\/p>\n<\/td>\n<td>\n<p>Cu frecven\u021b\u0103<\/p>\n<\/td>\n<\/tr>\n<tr>\n<td>\n<p>Terapie fizic\u0103 \u015fi reabilitare func\u0163ional\u0103<\/p>\n<\/td>\n<td>\n<p>Acreditat<\/p>\n<\/td>\n<td>\n<p>Rom\u00e2n\u0103<\/p>\n<\/td>\n<td>\n<p>Cu frecven\u021b\u0103<\/p>\n<\/td>\n<\/tr>\n<tr>\n<td>\n<p>Nutri\u0163ie clinic\u0103 \u015fi comunitar\u0103<\/p>\n<\/td>\n<td>\n<p>Acreditat<\/p>\n<\/td>\n<td>\n<p>Rom\u00e2n\u0103<\/p>\n<\/td>\n<td>\n<p>Cu frecven\u021b\u0103<\/p>\n<\/td>\n<\/tr>\n<tr>\n<td>\n<p>Asisten\u021b\u0103 medical\u0103 de specialitate<\/p>\n<\/td>\n<td>\n<p>Acreditat<\/p>\n<p>\u00a0<\/p>\n<\/td>\n<td>\n<p>Rom\u00e2n\u0103<\/p>\n<\/td>\n<td>\n<p>Cu frecven\u021b\u0103<\/p>\n<\/td>\n<\/tr>\n<tr>\n<td rowspan=\"2\">\n<p><strong>Facultatea de Medicin\u0103\u00a0\u00een Limba Englez\u0103<\/strong><\/p>\n<\/td>\n<td rowspan=\"2\">\n<p>Licen\u021b\u0103<\/p>\n<\/td>\n<td>\n<p>Medicin\u0103 Limba Englez\u0103<\/p>\n<\/td>\n<td>\n<p>Acreditat<\/p>\n<\/td>\n<td>\n<p>Englez\u0103<\/p>\n<\/td>\n<td>\n<p>Cu frecven\u021b\u0103<\/p>\n<\/td>\n<\/tr>\n<tr>\n<td>\n<p>Medicin\u0103 Limba Englez\u0103 Hamburg<\/p>\n<\/td>\n<td>\n<p>Autorizat<\/p>\n<\/td>\n<td>\n<p>Englez\u0103<\/p>\n<\/td>\n<td>\n<p>Cu frecven\u021b\u0103<\/p>\n<\/td>\n<\/tr>\n<tr>\n<td rowspan=\"5\">\n<p><strong>Fogorvosi Kar<\/strong><\/p>\n<\/td>\n<td rowspan=\"4\">\n<p>Licen\u021b\u0103<\/p>\n<\/td>\n<td>\n<p>Medicin\u0103 dentar\u0103<\/p>\n<\/td>\n<td>\n<p>Acreditat<\/p>\n<\/td>\n<td>\n<p>Rom\u00e2n\u0103\/ Maghiar\u0103<\/p>\n<\/td>\n<td>\n<p>Cu frecven\u021b\u0103<\/p>\n<\/td>\n<\/tr>\n<tr>\n<td>\n<p>Medicin\u0103 dentar\u0103 \u2013 limba englez\u0103<\/p>\n<\/td>\n<td>\n<p>Autorizat<\/p>\n<\/td>\n<td>\n<p>Englez\u0103<\/p>\n<\/td>\n<td>\n<p>Cu frecven\u021b\u0103<\/p>\n<\/td>\n<\/tr>\n<tr>\n<td>\n<p>Tehnic\u0103 dentar\u0103<\/p>\n<\/td>\n<td>\n<p>Acreditat<\/p>\n<\/td>\n<td>\n<p>Rom\u00e2n\u0103<\/p>\n<\/td>\n<td>\n<p>Cu frecven\u021b\u0103<\/p>\n<\/td>\n<\/tr>\n<tr>\n<td>\n<p>Tehnic\u0103 dentar\u0103 extensia Bistri\u021ba<\/p>\n<\/td>\n<td>\n<p>Autorizat<\/p>\n<\/td>\n<td>\n<p>Rom\u00e2n\u0103<\/p>\n<\/td>\n<td>\n<p>Cu frecven\u021b\u0103<\/p>\n<\/td>\n<\/tr>\n<tr>\n<td>\n<p><strong>Mesterk\u00e9pz\u00e9s<\/strong><\/p>\n<\/td>\n<td>\n<p>Reabilitare oral\u0103 estetic\u0103<\/p>\n<\/td>\n<td>\n<p>Acreditat<\/p>\n<\/td>\n<td>\n<p>Rom\u00e2n\u0103<\/p>\n<\/td>\n<td>\n<p>Cu frecven\u021b\u0103<\/p>\n<\/td>\n<\/tr>\n<tr>\n<td rowspan=\"10\">\n<p><strong>Gy\u00f3gyszer\u00e9szeti Kar<\/strong><\/p>\n<\/td>\n<td rowspan=\"6\">\n<p><strong>Licen\u021b\u0103<\/strong><\/p>\n<\/td>\n<td>\n<p>Gy\u00f3gyszer\u00e9szet<\/p>\n<\/td>\n<td>\n<p>Acreditat<\/p>\n<\/td>\n<td>\n<p>Rom\u00e2n\u0103 \/ Maghiar\u0103<\/p>\n<\/td>\n<td>\n<p>Cu frecven\u021b\u0103<\/p>\n<\/td>\n<\/tr>\n<tr>\n<td>\n<p>Cosmetic\u0103 medical\u0103 \u0219i tehnologia produsului cosmetic<\/p>\n<\/td>\n<td>\n<p>Acreditat<\/p>\n<\/td>\n<td>\n<p>Rom\u00e2n\u0103<\/p>\n<\/td>\n<td>\n<p>Cu frecven\u021b\u0103<\/p>\n<\/td>\n<\/tr>\n<tr>\n<td>\n<p>Chimie medical\u0103<\/p>\n<\/td>\n<td>\n<p>Autorizat<\/p>\n<\/td>\n<td>\n<p>Rom\u00e2n\u0103<\/p>\n<\/td>\n<td>\n<p>Cu frecven\u021b\u0103<\/p>\n<\/td>\n<\/tr>\n<tr>\n<td>\n<p>Chimie tehnologic\u0103<\/p>\n<\/td>\n<td>\n<p>Autorizat<\/p>\n<\/td>\n<td>\n<p>Rom\u00e2n\u0103<\/p>\n<\/td>\n<td>\n<p>Cu frecven\u021b\u0103<\/p>\n<\/td>\n<\/tr>\n<tr>\n<td>\n<p>Asisten\u021b\u0103 de farmacie -extensie Bistri\u021ba<\/p>\n<\/td>\n<td>\n<p>Autorizat<\/p>\n<\/td>\n<td>\n<p>Rom\u00e2n\u0103<\/p>\n<\/td>\n<td>\n<p>Cu frecven\u021b\u0103<\/p>\n<\/td>\n<\/tr>\n<tr>\n<td>\n<p>Nutri\u021bie \u0219i dietetic\u0103<\/p>\n<\/td>\n<td>\n<p>Acreditat<\/p>\n<\/td>\n<td>\n<p>Rom\u00e2n\u0103<\/p>\n<\/td>\n<td>\n<p>Cu frecven\u021b\u0103<\/p>\n<\/td>\n<\/tr>\n<tr>\n<td rowspan=\"4\">\n<p>Mesterk\u00e9pz\u00e9s<\/p>\n<\/td>\n<td>\n<p>Orvosi biotechnol\u00f3gia<\/p>\n<\/td>\n<td>\n<p>Acreditat<\/p>\n<\/td>\n<td>\n<p>Maghiar\u0103<\/p>\n<\/td>\n<td>\n<p>Cu frecven\u021b\u0103<\/p>\n<\/td>\n<\/tr>\n<tr>\n<td>\n<p>Kozmetol\u00f3gia \u00e9s dermofarm\u00e1cia<\/p>\n<\/td>\n<td>\n<p>Acreditat<\/p>\n<\/td>\n<td>\n<p>Rom\u00e2n\u0103<\/p>\n<\/td>\n<td>\n<p>Cu frecven\u021b\u0103<\/p>\n<\/td>\n<\/tr>\n<tr>\n<td>\n<p>Calitatea medicamentului, alimentului \u0219i mediului<\/p>\n<\/td>\n<td>\n<p>Acreditat<\/p>\n<\/td>\n<td>\n<p>Rom\u00e2n\u0103<\/p>\n<\/td>\n<td>\n<p>Cu frecven\u021b\u0103<\/p>\n<\/td>\n<\/tr>\n<tr>\n<td>\n<p>Medicamentul de la uz la abuz. Farmacovigilen\u021b\u0103 \u0219i reglementare<\/p>\n<\/td>\n<td>\n<p>Acreditat<\/p>\n<\/td>\n<td>\n<p>Rom\u00e2n\u0103<\/p>\n<\/td>\n<td>\n<p>Cu frecven\u021b\u0103<\/p>\n<\/td>\n<\/tr>\n<tr>\n<td rowspan=\"13\">\n<p class=\" translation-block\"><a href=\"\/inginerie\/\" target=\"_self\">Facultatea de <b>Inginerie<\/b><br><br><\/a><\/p>\n<\/td>\n<td rowspan=\"8\">\n<p>Licen\u021b\u0103<\/p>\n<\/td>\n<td>\n<p>Tehnologia construc\u0163iilor de ma\u015fini<\/p>\n<\/td>\n<td>\n<p>Acreditat<\/p>\n<\/td>\n<td>\n<p>Rom\u00e2n\u0103<\/p>\n<\/td>\n<td>\n<p>Cu frecven\u021b\u0103<\/p>\n<\/td>\n<\/tr>\n<tr>\n<td>\n<p>Inginerie economic\u0103 industrial\u0103<\/p>\n<\/td>\n<td>\n<p>Acreditat<\/p>\n<\/td>\n<td>\n<p>Rom\u00e2n\u0103<\/p>\n<\/td>\n<td>\n<p>Cu frecven\u021b\u0103<\/p>\n<\/td>\n<\/tr>\n<tr>\n<td>\n<p>Energetic\u0103 \u0219i tehnologii informatice<\/p>\n<\/td>\n<td>\n<p>Autorizat<\/p>\n<\/td>\n<td>\n<p>Rom\u00e2n\u0103<\/p>\n<\/td>\n<td>\n<p>Cu frecven\u021b\u0103<\/p>\n<\/td>\n<\/tr>\n<tr>\n<td>\n<p>Automatic\u0103 \u015fi informatic\u0103 aplicat\u0103<\/p>\n<\/td>\n<td>\n<p>Acreditat<\/p>\n<\/td>\n<td>\n<p>Rom\u00e2n\u0103<\/p>\n<\/td>\n<td>\n<p>Cu frecven\u021b\u0103<\/p>\n<\/td>\n<\/tr>\n<tr>\n<td>\n<p>Inginerie medical\u0103<\/p>\n<\/td>\n<td>\n<p>Autorizat<\/p>\n<\/td>\n<td>\n<p>Rom\u00e2n\u0103<\/p>\n<\/td>\n<td>\n<p>Cu frecven\u021b\u0103<\/p>\n<\/td>\n<\/tr>\n<tr>\n<td>\n<p>Arhitectura<\/p>\n<\/td>\n<td>\n<p>Autorizat<\/p>\n<\/td>\n<td>\n<p>Englez\u0103<\/p>\n<\/td>\n<td>\n<p>Cu frecven\u021b\u0103<\/p>\n<\/td>\n<\/tr>\n<tr>\n<td>\n<p>Informatic\u0103<\/p>\n<\/td>\n<td>\n<p>Acreditat<\/p>\n<\/td>\n<td>\n<p>Rom\u00e2n\u0103<\/p>\n<\/td>\n<td>\n<p>Cu frecven\u021b\u0103<\/p>\n<\/td>\n<\/tr>\n<tr>\n<td>\n<p>Informatic\u0103<\/p>\n<\/td>\n<td>\n<p>Autorizat<\/p>\n<\/td>\n<td>\n<p>Maghiar\u0103<\/p>\n<\/td>\n<td>\n<p>Cu frecven\u021b\u0103<\/p>\n<\/td>\n<\/tr>\n<tr>\n<td rowspan=\"5\">\n<p>Mesterk\u00e9pz\u00e9s<\/p>\n<\/td>\n<td>\n<p>Proiectare \u015fi fabrica\u0163ie asistate de calculator<\/p>\n<\/td>\n<td>\n<p>Acreditat<\/p>\n<\/td>\n<td>\n<p>Rom\u00e2n\u0103<\/p>\n<\/td>\n<td>\n<p>Cu frecven\u021b\u0103<\/p>\n<\/td>\n<\/tr>\n<tr>\n<td>\n<p>Managementul sistemelor calit\u0103\u0163ii<\/p>\n<\/td>\n<td>\n<p>Acreditat<\/p>\n<\/td>\n<td>\n<p>Rom\u00e2n\u0103<\/p>\n<\/td>\n<td>\n<p>Cu frecven\u021b\u0103<\/p>\n<\/td>\n<\/tr>\n<tr>\n<td>\n<p>Managementul sistemelor de energie<\/p>\n<\/td>\n<td>\n<p>Acreditat<\/p>\n<\/td>\n<td>\n<p>Rom\u00e2n\u0103<\/p>\n<\/td>\n<td>\n<p>Cu frecven\u021b\u0103<\/p>\n<\/td>\n<\/tr>\n<tr>\n<td>\n<p>Sisteme automate de conducere a proceselor industriale<\/p>\n<\/td>\n<td>\n<p>Acreditat<\/p>\n<\/td>\n<td>\n<p>Rom\u00e2n\u0103<\/p>\n<\/td>\n<td>\n<p>Cu frecven\u021b\u0103<\/p>\n<\/td>\n<\/tr>\n<tr>\n<td>\n<p>Informatic\u0103 Inteligen\u021b\u0103 artificial\u0103<\/p>\n<\/td>\n<td>\n<p>Acreditat<\/p>\n<\/td>\n<td>\n<p>Rom\u00e2n\u0103<\/p>\n<\/td>\n<td>\n<p>Cu frecven\u021b\u0103<\/p>\n<\/td>\n<\/tr>\n<tr>\n<td>\n<p><strong>Facultatea de \u015etiin\u0163e \u015fi Litere<\/strong><\/p>\n<\/td>\n<td>\n<p>Licen\u021b\u0103<\/p>\n<\/td>\n<td>\n<p>Istorie<\/p>\n<\/td>\n<td>\n<p>Acreditat<\/p>\n<\/td>\n<td>\n<p>Rom\u00e2n\u0103<\/p>\n<\/td>\n<td>\n<p>Cu frecven\u021b\u0103<\/p>\n<\/td>\n<\/tr>\n<tr>\n<td rowspan=\"14\">\u00a0<\/td>\n<td rowspan=\"9\">\u00a0<\/td>\n<td>\n<p>Limba \u015fi literatura rom\u00e2n\u0103 \u2013 Limba \u015fi literatura englez\u0103<\/p>\n<\/td>\n<td>\n<p>Acreditat<\/p>\n<\/td>\n<td>\n<p>Rom\u00e2n\u0103<\/p>\n<\/td>\n<td>\n<p>Cu frecven\u021b\u0103<\/p>\n<\/td>\n<\/tr>\n<tr>\n<td>\n<p>Limbi moderne aplicate (englez\u0103, francez\u0103, german\u0103, italian\u0103)<\/p>\n<\/td>\n<td>\n<p>Autorizat<\/p>\n<\/td>\n<td>\n<p>Rom\u00e2n\u0103+2 limbi<\/p>\n<\/td>\n<td>\n<p>Cu frecven\u021b\u0103<\/p>\n<\/td>\n<\/tr>\n<tr>\n<td>\n<p>Comunicare \u015fi rela\u0163ii publice<\/p>\n<\/td>\n<td>\n<p>Acreditat<\/p>\n<\/td>\n<td>\n<p>Rom\u00e2n\u0103<\/p>\n<\/td>\n<td>\n<p>Cu frecven\u021b\u0103<\/p>\n<\/td>\n<\/tr>\n<tr>\n<td>\n<p>Comunicare \u0219i media emergente<\/p>\n<\/td>\n<td>\n<p>Autorizat<\/p>\n<\/td>\n<td>\n<p>Rom\u00e2n\u0103<\/p>\n<\/td>\n<td>\n<p>Cu frecven\u021b\u0103<\/p>\n<\/td>\n<\/tr>\n<tr>\n<td>\n<p>Studii de securitate<\/p>\n<\/td>\n<td>\n<p>Acreditat<\/p>\n<\/td>\n<td>\n<p>Rom\u00e2n\u0103<\/p>\n<\/td>\n<td>\n<p>Cu frecven\u021b\u0103<\/p>\n<\/td>\n<\/tr>\n<tr>\n<td>\n<p>Pedagogia \u00eenv\u0103\u021b\u0103m\u00e2ntului primar \u0219i pre\u0219colar<\/p>\n<\/td>\n<td>\n<p>Autorizat<\/p>\n<\/td>\n<td>\n<p>Rom\u00e2n\u0103<\/p>\n<\/td>\n<td>\n<p>Cu frecven\u021b\u0103<\/p>\n<\/td>\n<\/tr>\n<tr>\n<td>\n<p>Educa\u0163ie fizic\u0103 \u015fi sportiv\u0103<\/p>\n<\/td>\n<td>\n<p>Acreditat<\/p>\n<\/td>\n<td>\n<p>Rom\u00e2n\u0103<\/p>\n<\/td>\n<td>\n<p>Cu frecven\u021b\u0103<\/p>\n<\/td>\n<\/tr>\n<tr>\n<td>\n<p>An preg\u0103titor de limba rom\u00e2n\u0103<\/p>\n<\/td>\n<td>\n<p>Acreditat<\/p>\n<\/td>\n<td>\n<p>Rom\u00e2n\u0103<\/p>\n<\/td>\n<td>\n<p>Cu frecven\u021b\u0103<\/p>\n<\/td>\n<\/tr>\n<tr>\n<td>\n<p>Psihologie<\/p>\n<\/td>\n<td>\n<p>Autorizat<\/p>\n<\/td>\n<td>\n<p>Rom\u00e2n\u0103<\/p>\n<\/td>\n<td>\n<p>Cu frecven\u021b\u0103<\/p>\n<\/td>\n<\/tr>\n<tr>\n<td rowspan=\"5\">\n<p>Mesterk\u00e9pz\u00e9s<\/p>\n<\/td>\n<td>\n<p>Scriere creatoare \u0219i compozi\u021bie digital\u0103<\/p>\n<\/td>\n<td>\n<p>Acreditat<\/p>\n<\/td>\n<td>\n<p>Rom\u00e2n\u0103<\/p>\n<\/td>\n<td>\n<p>Cu frecven\u021b\u0103<\/p>\n<\/td>\n<\/tr>\n<tr>\n<td>\n<p>Traducere multimodal\u0103<\/p>\n<\/td>\n<td>\n<p>Acreditat<\/p>\n<\/td>\n<td>\n<p>Englez\u0103<\/p>\n<\/td>\n<td>\n<p>Cu frecven\u021b\u0103<\/p>\n<\/td>\n<\/tr>\n<tr>\n<td>\n<p>Istorie \u0219i turism cultural<\/p>\n<\/td>\n<td>\n<p>Acreditat<\/p>\n<\/td>\n<td>\n<p>Rom\u00e2n\u0103<\/p>\n<\/td>\n<td>\n<p>Cu frecven\u021b\u0103<\/p>\n<\/td>\n<\/tr>\n<tr>\n<td>\n<p>Educa\u021bie fizic\u0103 \u0219i consiliere sportiv\u0103<\/p>\n<\/td>\n<td>\n<p>Acreditat<\/p>\n<\/td>\n<td>\n<p>Rom\u00e2n\u0103<\/p>\n<\/td>\n<td>\n<p>Cu frecven\u021b\u0103<\/p>\n<\/td>\n<\/tr>\n<tr>\n<td>\n<p>Medical Humanities<\/p>\n<\/td>\n<td>\n<p>Acreditat<\/p>\n<\/td>\n<td>\n<p>Rom\u00e2n\u0103<\/p>\n<\/td>\n<td>\n<p>Cu frecven\u021b\u0103<\/p>\n<\/td>\n<\/tr>\n<tr>\n<td rowspan=\"18\">\n<p><strong>Facultatea de Drept \u0219i Economie<\/strong><\/p>\n<\/td>\n<td rowspan=\"9\">\n<p>Licen\u021b\u0103<\/p>\n<\/td>\n<td>\n<p>Economia comer\u0163ului, turismului \u015fi serviciilor<\/p>\n<\/td>\n<td>\n<p>Acreditat<\/p>\n<\/td>\n<td>\n<p>Rom\u00e2n\u0103<\/p>\n<\/td>\n<td>\n<p>Cu frecven\u021b\u0103<\/p>\n<\/td>\n<\/tr>\n<tr>\n<td>\n<p>Contabilitate \u015fi informatic\u0103 de gestiune<\/p>\n<\/td>\n<td>\n<p>Acreditat<\/p>\n<\/td>\n<td>\n<p>Rom\u00e2n\u0103<\/p>\n<\/td>\n<td>\n<p>Cu frecven\u021b\u0103<\/p>\n<\/td>\n<\/tr>\n<tr>\n<td>\n<p>Contabilitate \u015fi informatic\u0103 de gestiune<\/p>\n<\/td>\n<td>\n<p>Autorizat<\/p>\n<\/td>\n<td>\n<p>Rom\u00e2n\u0103<\/p>\n<\/td>\n<td>\n<p>\u00cenv\u0103\u021b\u0103m\u00e2nt la distan\u021b\u0103<\/p>\n<\/td>\n<\/tr>\n<tr>\n<td>\n<p>Drept<\/p>\n<\/td>\n<td>\n<p>Acreditat<\/p>\n<\/td>\n<td>\n<p>Rom\u00e2n\u0103<\/p>\n<\/td>\n<td>\n<p>Cu frecven\u021b\u0103<\/p>\n<\/td>\n<\/tr>\n<tr>\n<td>\n<p>Drept<\/p>\n<\/td>\n<td>\n<p>Autorizat<\/p>\n<\/td>\n<td>\n<p>Rom\u00e2n\u0103<\/p>\n<\/td>\n<td>\n<p>\u00cenv\u0103\u021b\u0103m\u00e2nt la distan\u021b\u0103<\/p>\n<\/td>\n<\/tr>\n<tr>\n<td>\n<p>Finan\u0163e \u015fi b\u0103nci<\/p>\n<\/td>\n<td>\n<p>Acreditat<\/p>\n<\/td>\n<td>\n<p>Rom\u00e2n\u0103<\/p>\n<\/td>\n<td>\n<p>Cu frecven\u021b\u0103<\/p>\n<\/td>\n<\/tr>\n<tr>\n<td>\n<p>Management<\/p>\n<\/td>\n<td>\n<p>Acreditat<\/p>\n<\/td>\n<td>\n<p>Rom\u00e2n\u0103<\/p>\n<\/td>\n<td>\n<p>Cu frecven\u021b\u0103<\/p>\n<\/td>\n<\/tr>\n<tr>\n<td>\n<p>Management<\/p>\n<\/td>\n<td>\n<p>Autorizat<\/p>\n<\/td>\n<td>\n<p>Rom\u00e2n\u0103<\/p>\n<\/td>\n<td>\n<p>\u00cenv\u0103\u021b\u0103m\u00e2nt la distan\u021b\u0103<\/p>\n<\/td>\n<\/tr>\n<tr>\n<td>\n<p>Administra\u0163ie public\u0103<\/p>\n<\/td>\n<td>\n<p>Acreditat<\/p>\n<\/td>\n<td>\n<p>Rom\u00e2n\u0103<\/p>\n<\/td>\n<td>\n<p>Cu frecven\u021b\u0103<\/p>\n<\/td>\n<\/tr>\n<tr>\n<td>\n<p>Mastera<strong>t<\/strong><\/p>\n<\/td>\n<td>\n<p>Afaceri inovative \u00een turism \u0219i servicii<\/p>\n<\/td>\n<td>\n<p>Acreditat<\/p>\n<\/td>\n<td>\n<p>Rom\u00e2n\u0103<\/p>\n<\/td>\n<td>\n<p>Cu frecven\u021b\u0103<\/p>\n<\/td>\n<\/tr>\n<tr>\n<td rowspan=\"8\">\u00a0<\/td>\n<td>\n<p>Contabilitate \u015fi audit<\/p>\n<\/td>\n<td>\n<p>Acreditat<\/p>\n<\/td>\n<td>\n<p>Rom\u00e2n\u0103<\/p>\n<\/td>\n<td>\n<p>Cu frecven\u021b\u0103<\/p>\n<\/td>\n<\/tr>\n<tr>\n<td>\n<p>Institu\u0163ii judiciare \u015fi profesii liberale<\/p>\n<\/td>\n<td>\n<p>Acreditat<\/p>\n<\/td>\n<td>\n<p>Rom\u00e2n\u0103<\/p>\n<\/td>\n<td>\n<p>Cu frecven\u021b\u0103<\/p>\n<\/td>\n<\/tr>\n<tr>\n<td>\n<p>Achizi\u021bii publice<\/p>\n<\/td>\n<td>\n<p>Acreditat<\/p>\n<\/td>\n<td>\n<p>Rom\u00e2n\u0103<\/p>\n<\/td>\n<td>\n<p>Cu frecven\u021b\u0103<\/p>\n<\/td>\n<\/tr>\n<tr>\n<td>\n<p>Servicii \u0219i tehnologii financiare<\/p>\n<\/td>\n<td>\n<p>Acreditat<\/p>\n<\/td>\n<td>\n<p>Rom\u00e2n\u0103<\/p>\n<\/td>\n<td>\n<p>Cu frecven\u021b\u0103<\/p>\n<\/td>\n<\/tr>\n<tr>\n<td>\n<p>Managementul resurselor umane<\/p>\n<\/td>\n<td>\n<p>Acreditat<\/p>\n<\/td>\n<td>\n<p>Rom\u00e2n\u0103<\/p>\n<\/td>\n<td>\n<p>Cu frecven\u021b\u0103<\/p>\n<\/td>\n<\/tr>\n<tr>\n<td>\n<p>E-business management \u0219i marketing<\/p>\n<\/td>\n<td>\n<p>Acreditat<\/p>\n<\/td>\n<td>\n<p>Rom\u00e2n\u0103<\/p>\n<\/td>\n<td>\n<p>Cu frecven\u021b\u0103<\/p>\n<\/td>\n<\/tr>\n<tr>\n<td>\n<p>Administra\u021bie public\u0103 \u0219i politici europene<\/p>\n<\/td>\n<td>\n<p>Acreditat<\/p>\n<\/td>\n<td>\n<p>Rom\u00e2n\u0103<\/p>\n<\/td>\n<td>\n<p>Cu frecven\u021b\u0103<\/p>\n<\/td>\n<\/tr>\n<tr>\n<td>\n<p>Poli\u021bie local\u0103 \u0219i siguran\u021b\u0103 public\u0103<\/p>\n<\/td>\n<td>\n<p>Acreditat<\/p>\n<\/td>\n<td>\n<p>Rom\u00e2n\u0103<\/p>\n<\/td>\n<td>\n<p>Cu frecven\u021b\u0103<\/p>\n<\/td>\n<\/tr>\n<\/tbody>\n<\/table>\n<p><!-- \/wp:paragraph --><\/p>\t\t\t\t\t\t\t\t<\/div>\n\t\t\t\t<\/div>\n\t\t\t\t\t<\/div>\n\t\t<\/div>\n\t\t\t\t\t<\/div>\n\t\t<\/section>\n\t\t\t\t<\/div>","protected":false},"excerpt":{"rendered":"<p>Situa\u021bia de acreditare a programelor de studii din oferta educa\u021bional\u0103 a facult\u0103\u021bilor Universit\u0103\u021bii de Medicin\u0103, Farmacie, \u0218tiin\u021be \u0219i Tehnologie \u201eGeorge Emil Palade\u201d din T\u00e2rgu Mure\u0219 Programe de studii acreditate Situa\u021bia de acreditare a programelor de studii din oferta educa\u021bional\u0103 a facult\u0103\u021bilor Universit\u0103\u021bii de Medicin\u0103, Farmacie, \u0218tiin\u021be \u0219i Tehnologie \u201eGeorge Emil Palade\u201d din T\u00e2rgu Mure\u0219 Facultate [&hellip;]<\/p>\n","protected":false},"author":3,"featured_media":0,"parent":334,"menu_order":0,"comment_status":"closed","ping_status":"closed","template":"","meta":{"_relevanssi_hide_post":"","_relevanssi_hide_content":"","_relevanssi_pin_for_all":"","_relevanssi_pin_keywords":"","_relevanssi_unpin_keywords":"","_relevanssi_related_keywords":"","_relevanssi_related_include_ids":"","_relevanssi_related_exclude_ids":"","_relevanssi_related_no_append":"","_relevanssi_related_not_related":"","_relevanssi_related_posts":"154,150","_relevanssi_noindex_reason":"","footnotes":""},"categories":[16,143],"tags":[],"class_list":["post-343","page","type-page","status-publish","hentry","category-pagina-sidebar","category-pagina-managementul-calitatii"],"meta_box":[],"_links":{"self":[{"href":"https:\/\/umfst.ro\/hu\/wp-json\/wp\/v2\/pages\/343","targetHints":{"allow":["GET"]}}],"collection":[{"href":"https:\/\/umfst.ro\/hu\/wp-json\/wp\/v2\/pages"}],"about":[{"href":"https:\/\/umfst.ro\/hu\/wp-json\/wp\/v2\/types\/page"}],"author":[{"embeddable":true,"href":"https:\/\/umfst.ro\/hu\/wp-json\/wp\/v2\/users\/3"}],"replies":[{"embeddable":true,"href":"https:\/\/umfst.ro\/hu\/wp-json\/wp\/v2\/comments?post=343"}],"version-history":[{"count":13,"href":"https:\/\/umfst.ro\/hu\/wp-json\/wp\/v2\/pages\/343\/revisions"}],"predecessor-version":[{"id":45376,"href":"https:\/\/umfst.ro\/hu\/wp-json\/wp\/v2\/pages\/343\/revisions\/45376"}],"up":[{"embeddable":true,"href":"https:\/\/umfst.ro\/hu\/wp-json\/wp\/v2\/pages\/334"}],"wp:attachment":[{"href":"https:\/\/umfst.ro\/hu\/wp-json\/wp\/v2\/media?parent=343"}],"wp:term":[{"taxonomy":"category","embeddable":true,"href":"https:\/\/umfst.ro\/hu\/wp-json\/wp\/v2\/categories?post=343"},{"taxonomy":"post_tag","embeddable":true,"href":"https:\/\/umfst.ro\/hu\/wp-json\/wp\/v2\/tags?post=343"}],"curies":[{"name":"wp","href":"https:\/\/api.w.org\/{rel}","templated":true}]}}