{"id":348,"date":"2022-11-08T15:36:02","date_gmt":"2022-11-08T13:36:02","guid":{"rendered":"https:\/\/dev.umfst.ro\/?page_id=348"},"modified":"2026-03-11T12:32:51","modified_gmt":"2026-03-11T10:32:51","slug":"relatii-internationale","status":"publish","type":"page","link":"https:\/\/umfst.ro\/hu\/universitate\/relatii-internationale\/","title":{"rendered":"Rela\u021bii Interna\u021bionale"},"content":{"rendered":"<div data-elementor-type=\"wp-post\" data-elementor-id=\"348\" class=\"elementor elementor-348\" data-elementor-post-type=\"page\">\n\t\t\t\t\t\t<section class=\"elementor-section elementor-top-section elementor-element elementor-element-221f1b4e elementor-section-boxed elementor-section-height-default elementor-section-height-default\" data-id=\"221f1b4e\" data-element_type=\"section\" data-e-type=\"section\">\n\t\t\t\t\t\t<div class=\"elementor-container elementor-column-gap-default\">\n\t\t\t\t\t<div class=\"elementor-column elementor-col-50 elementor-top-column elementor-element elementor-element-44e72f3a\" data-id=\"44e72f3a\" data-element_type=\"column\" data-e-type=\"column\">\n\t\t\t<div class=\"elementor-widget-wrap elementor-element-populated\">\n\t\t\t\t\t\t<div class=\"elementor-element elementor-element-4af5b53d elementor-widget elementor-widget-text-editor\" data-id=\"4af5b53d\" data-element_type=\"widget\" data-e-type=\"widget\" data-widget_type=\"text-editor.default\">\n\t\t\t\t<div class=\"elementor-widget-container\">\n\t\t\t\t\t\t\t\t\t<p class=\" translation-block\"><strong>Interna\u021bionalizarea<\/strong> este un pilon strategic al UMFST G.E. Palade T\u00e2rgu Mure\u0219, av\u00e2nd un rol crucial \u00een dezvoltarea sa continu\u0103. Conceptul de \u201eSmart Internationalization\u201d adoptat de universitate face parte din viziunea sa inovatoare, prin care se urm\u0103re\u0219te consolidarea relevan\u021bei academice \u0219i de cercetare pe plan european \u0219i interna\u021bional.<\/p>\n<p>UMFST G.E. Palade T\u00e2rgu Mure\u0219 \u00ee\u0219i valorific\u0103 atuurile pe plan interna\u021bional prin:<\/p>\n<ul>\n<li class=\" translation-block\"><strong>Cooperare academic\u0103 interna\u021bional\u0103<\/strong> \u2013 parteneriate academice cu peste 200 de universit\u0103\u021bi \u0219i institu\u021bii de cercetare din \u00eentreaga lume, precum \u0219i afiliere la numeroase organiza\u021bii interna\u021bionale, care ofer\u0103 oportunit\u0103\u021bi de colaborare \u0219i integrare \u00een re\u021bele academice globale;<\/li>\n<li class=\" translation-block\"><strong>Mobilit\u0103\u021bi interna\u021bionale<\/strong> \u2013 prin programe precum Erasmus+ (cel mai mare buget din Rom\u00e2nia \u00een 2024), Leonardo da Vinci, CEEPUS, etc. peste 1000 de studen\u021bi \u0219i un num\u0103r semnificativ de cadre didactice \u00ee\u0219i \u00eembog\u0103\u021besc anual experien\u021ba academic\u0103 \u0219i profesional\u0103 la universit\u0103\u021bi \u0219i organiza\u021bii din str\u0103in\u0103tate, promov\u00e2nd \u0219i schimburile interculturale;<\/li>\n<li class=\" translation-block\"><strong>Programe de studii \u00een limbi str\u0103ine, <\/strong>\u00een special \u00een englez\u0103, cu preponderen\u021b\u0103 \u00een \u00eenv\u0103\u021b\u0103m\u00e2ntul medical \u2013 peste 1400 de studen\u021bi interna\u021bionali din peste 80 de \u021b\u0103ri studiaz\u0103 \u00eentr-o comunitate interconectat\u0103 \u0219i dinamic\u0103;<\/li>\n<li class=\" translation-block\"><strong>Participare la proiecte academice \u0219i de cercetare<\/strong> \u2013 prin finan\u021b\u0103ri atrase de cca. 100 milioane EUR, cu contribu\u021bie la avansarea cunoa\u0219terii \u0219i dezvoltarea de solu\u021bii inovatoare pentru diverse probleme globale din medicin\u0103, tehnologii sau antreprenoriat;<\/li>\n<li class=\" translation-block\"><strong>Filiala UMFST \u2013 UMCH deschis\u0103 la Hamburg, Germania \u00een 2019<\/strong>, prin care universitatea, prima din Rom\u00e2nia care a deschis o filial\u0103 \u00een str\u0103in\u0103tate, a dus \u00een Europa un model de excelen\u021b\u0103 academic\u0103 \u00een ceea ce prive\u0219te educa\u021bia medical\u0103<\/li>\n<li><strong>Evenimente academice \u0219i \u0219tiin\u021bifice de prestigiu interna\u021bional.<\/strong><\/li>\n<\/ul>\n<p>\u00a0<\/p>\n<p>Politica de interna\u021bionalizare a universit\u0103\u021bii \u0219i activit\u0103\u021bile specifice sunt realizate prin Departamentul de Rela\u021bii Interna\u021bionale, \u00een coordonarea Prorectoratului Rela\u021bii Interna\u021bionale, Re\u021bele Universitare \u0219i Rela\u021bii Publice.<\/p>\n<p>\u00a0<\/p>\n<p><!-- \/wp:paragraph --><\/p>\t\t\t\t\t\t\t\t<\/div>\n\t\t\t\t<\/div>\n\t\t\t\t\t<\/div>\n\t\t<\/div>\n\t\t\t\t<div class=\"elementor-column elementor-col-50 elementor-top-column elementor-element elementor-element-1320174\" data-id=\"1320174\" data-element_type=\"column\" data-e-type=\"column\">\n\t\t\t<div class=\"elementor-widget-wrap elementor-element-populated\">\n\t\t\t\t\t\t<section class=\"elementor-section elementor-inner-section elementor-element elementor-element-a52b04a elementor-section-boxed elementor-section-height-default elementor-section-height-default\" data-id=\"a52b04a\" data-element_type=\"section\" data-e-type=\"section\">\n\t\t\t\t\t\t<div class=\"elementor-container elementor-column-gap-default\">\n\t\t\t\t\t<div data-dce-background-color=\"#F2F7FF\" class=\"elementor-column elementor-col-100 elementor-inner-column elementor-element elementor-element-00aa184\" data-id=\"00aa184\" data-element_type=\"column\" data-e-type=\"column\" data-settings=\"{&quot;background_background&quot;:&quot;classic&quot;}\">\n\t\t\t<div class=\"elementor-widget-wrap elementor-element-populated\">\n\t\t\t\t\t\t<div class=\"elementor-element elementor-element-0579d30 elementor-widget elementor-widget-heading\" data-id=\"0579d30\" data-element_type=\"widget\" data-e-type=\"widget\" data-widget_type=\"heading.default\">\n\t\t\t\t<div class=\"elementor-widget-container\">\n\t\t\t\t\t<h5 class=\"elementor-heading-title elementor-size-default\">Kapcsolat<\/h5>\t\t\t\t<\/div>\n\t\t\t\t<\/div>\n\t\t\t\t<div class=\"elementor-element elementor-element-d8f2350 elementor-widget-divider--view-line elementor-widget elementor-widget-divider\" data-id=\"d8f2350\" data-element_type=\"widget\" data-e-type=\"widget\" data-widget_type=\"divider.default\">\n\t\t\t\t<div class=\"elementor-widget-container\">\n\t\t\t\t\t\t\t<div class=\"elementor-divider\">\n\t\t\t<span class=\"elementor-divider-separator\">\n\t\t\t\t\t\t<\/span>\n\t\t<\/div>\n\t\t\t\t\t\t<\/div>\n\t\t\t\t<\/div>\n\t\t\t\t<div class=\"elementor-element elementor-element-625bae8 elementor-widget elementor-widget-icon-box\" data-id=\"625bae8\" data-element_type=\"widget\" data-e-type=\"widget\" data-widget_type=\"icon-box.default\">\n\t\t\t\t<div class=\"elementor-widget-container\">\n\t\t\t\t\t\t\t<div class=\"elementor-icon-box-wrapper\">\n\n\t\t\t\n\t\t\t\t\t\t<div class=\"elementor-icon-box-content\">\n\n\t\t\t\t\t\t\t\t\t<h3 class=\"elementor-icon-box-title\">\n\t\t\t\t\t\t<span  >\n\t\t\t\t\t\t\tAdres\u0103\t\t\t\t\t\t<\/span>\n\t\t\t\t\t<\/h3>\n\t\t\t\t\n\t\t\t\t\t\t\t\t\t<p class=\"elementor-icon-box-description\">\n\t\t\t\t\t\tStr. Gheorghe Marinescu Nr. 38 <br>\nT\u00e2rgu Mure\u0219, 540142\nRom\u00e2nia\n\n\n\n\t\t\t\t\t<\/p>\n\t\t\t\t\n\t\t\t<\/div>\n\t\t\t\n\t\t<\/div>\n\t\t\t\t\t\t<\/div>\n\t\t\t\t<\/div>\n\t\t\t\t<div class=\"elementor-element elementor-element-04ebfdd elementor-widget elementor-widget-icon-box\" data-id=\"04ebfdd\" data-element_type=\"widget\" data-e-type=\"widget\" data-widget_type=\"icon-box.default\">\n\t\t\t\t<div class=\"elementor-widget-container\">\n\t\t\t\t\t\t\t<div class=\"elementor-icon-box-wrapper\">\n\n\t\t\t\n\t\t\t\t\t\t<div class=\"elementor-icon-box-content\">\n\n\t\t\t\t\t\t\t\t\t<h3 class=\"elementor-icon-box-title\">\n\t\t\t\t\t\t<span  >\n\t\t\t\t\t\t\tE-mail\t\t\t\t\t\t<\/span>\n\t\t\t\t\t<\/h3>\n\t\t\t\t\n\t\t\t\t\t\t\t\t\t<p class=\"elementor-icon-box-description\">\n\t\t\t\t\t\trel.int@umfst.ro\t\t\t\t\t<\/p>\n\t\t\t\t\n\t\t\t<\/div>\n\t\t\t\n\t\t<\/div>\n\t\t\t\t\t\t<\/div>\n\t\t\t\t<\/div>\n\t\t\t\t<div class=\"elementor-element elementor-element-5b7396c elementor-widget elementor-widget-icon-box\" data-id=\"5b7396c\" data-element_type=\"widget\" data-e-type=\"widget\" data-widget_type=\"icon-box.default\">\n\t\t\t\t<div class=\"elementor-widget-container\">\n\t\t\t\t\t\t\t<div class=\"elementor-icon-box-wrapper\">\n\n\t\t\t\n\t\t\t\t\t\t<div class=\"elementor-icon-box-content\">\n\n\t\t\t\t\t\t\t\t\t<h3 class=\"elementor-icon-box-title\">\n\t\t\t\t\t\t<span  >\n\t\t\t\t\t\t\tTelefon\t\t\t\t\t\t<\/span>\n\t\t\t\t\t<\/h3>\n\t\t\t\t\n\t\t\t\t\t\t\t\t\t<p class=\"elementor-icon-box-description\">\n\t\t\t\t\t\t+40-265-215.551, int. 235\t\t\t\t\t<\/p>\n\t\t\t\t\n\t\t\t<\/div>\n\t\t\t\n\t\t<\/div>\n\t\t\t\t\t\t<\/div>\n\t\t\t\t<\/div>\n\t\t\t\t\t<\/div>\n\t\t<\/div>\n\t\t\t\t\t<\/div>\n\t\t<\/section>\n\t\t\t\t\t<\/div>\n\t\t<\/div>\n\t\t\t\t\t<\/div>\n\t\t<\/section>\n\t\t\t\t<section class=\"elementor-section elementor-top-section elementor-element elementor-element-53c2b7d elementor-section-boxed elementor-section-height-default elementor-section-height-default\" data-id=\"53c2b7d\" data-element_type=\"section\" data-e-type=\"section\">\n\t\t\t\t\t\t<div class=\"elementor-container elementor-column-gap-default\">\n\t\t\t\t\t<div class=\"elementor-column elementor-col-50 elementor-top-column elementor-element elementor-element-2080c55\" data-id=\"2080c55\" data-element_type=\"column\" data-e-type=\"column\">\n\t\t\t<div class=\"elementor-widget-wrap elementor-element-populated\">\n\t\t\t\t\t\t<div class=\"elementor-element elementor-element-d0a2823 elementor-widget elementor-widget-text-editor\" data-id=\"d0a2823\" data-element_type=\"widget\" data-e-type=\"widget\" data-widget_type=\"text-editor.default\">\n\t\t\t\t<div class=\"elementor-widget-container\">\n\t\t\t\t\t\t\t\t\t<h2 style=\"text-align: justify;background: white\"><b><span lang=\"RO\" style=\"font-family: 'Lato',sans-serif;color: #0f0f0f\">Structure<\/span><\/b><\/h2>\t\t\t\t\t\t\t\t<\/div>\n\t\t\t\t<\/div>\n\t\t\t\t\t<\/div>\n\t\t<\/div>\n\t\t\t\t<div class=\"elementor-column elementor-col-50 elementor-top-column elementor-element elementor-element-79178fd\" data-id=\"79178fd\" data-element_type=\"column\" data-e-type=\"column\">\n\t\t\t<div class=\"elementor-widget-wrap\">\n\t\t\t\t\t\t\t<\/div>\n\t\t<\/div>\n\t\t\t\t\t<\/div>\n\t\t<\/section>\n\t\t\t\t<section class=\"elementor-section elementor-top-section elementor-element elementor-element-3f94ec2 elementor-section-boxed elementor-section-height-default elementor-section-height-default\" data-id=\"3f94ec2\" data-element_type=\"section\" data-e-type=\"section\">\n\t\t\t\t\t\t<div class=\"elementor-container elementor-column-gap-default\">\n\t\t\t\t\t<div class=\"elementor-column elementor-col-50 elementor-top-column elementor-element elementor-element-1ff3898\" data-id=\"1ff3898\" data-element_type=\"column\" data-e-type=\"column\">\n\t\t\t<div class=\"elementor-widget-wrap elementor-element-populated\">\n\t\t\t\t\t\t<div class=\"elementor-element elementor-element-f4b9a79 elementor-widget elementor-widget-text-editor\" data-id=\"f4b9a79\" data-element_type=\"widget\" data-e-type=\"widget\" data-widget_type=\"text-editor.default\">\n\t\t\t\t<div class=\"elementor-widget-container\">\n\t\t\t\t\t\t\t\t\t<p><strong>Vice-Rector<\/strong><br \/>International Relations, University Networks and Public Relations<br \/>Prof. univ. dr. Mihaela Kardos<br \/>E-mail: <a href=\"mailto:prorectorat.international@umfst.ro\">prorectorat.international@umfst.ro<\/a>; <a href=\"mailto:mihaela.kardos@umfst.ro\">mihaela.kardos@umfst.ro<\/a><\/p>\n<p><strong>Director \u00a0\u00a0<\/strong><br \/>ERASMUS+ Institutional Coordinator<br \/>Prof. univ. dr. Angela Borda<br \/>E-mail:\u00a0<a href=\"mailto:international@umfst.ro\">international@umfst.ro<\/a><br \/>Tel: +40-265-215.551, int. 235, 180<\/p>\n<p>\u00a0<\/p>\n<p><strong>Erasmus+ Coordinators<\/strong><\/p>\n<p><strong>Faculty of Medicine<\/strong><br \/>Prof. univ. dr. Szil\u00e1gyi Tibor<br \/>E-mail:\u00a0<a href=\"mailto:tibor.szilagyi@umfst.ro\">tibor.szilagyi@umfst.ro<\/a><br \/>Tel: +40-265-215.551, int. 235<\/p>\n<p><strong>Faculty of Medicine in English<br \/><\/strong>\u0218ef lucr. dr. Laura Chinezu<br \/>E-mail:\u00a0<a href=\"mailto:laura.chinezu@umfst.ro\">laura.chinezu@umfst.ro<\/a><br \/>Tel: +40-265-215.551, int. 235<\/p>\n<p><strong>Faculty of Dental Medicine<\/strong><br \/>\u0218ef lucr. dr. Alexandra-Mihaela Stoica<br \/>E-mail:\u00a0<a href=\"mailto:alexandra.stoica@umfst.ro\">alexandra.stoica@umfst.ro<\/a><br \/>Tel: +40-265-215.551, int. 322<\/p>\n<p><strong>Faculty of Pharmacy<\/strong><br \/>Prof. univ. dr. Silvia Imre<br \/>E-mail:\u00a0<a href=\"mailto:silvia.imre@umfst.ro\">silvia.imre@umfst.ro<\/a><br \/>Tel: +40-265-215.551, int. 380<\/p>\n<p><strong>Faculty of Engineering and Information Technology<\/strong><br \/>Prof. univ. eng. Liviu Moldovan, PhD<br \/>E-mail:\u00a0<a href=\"mailto:liviu.moldovan@umfst.ro\">liviu.moldovan@umfst.ro<\/a><br \/>Tel: +40-265-233.212<\/p>\n<p><strong>\u201ePetru Maior\u201d Faculty of Scince and Letters<br \/><\/strong>Prof. Giordano Altarozzi, PhD<br \/>E-mail: <a href=\"mailto:giordano.altarozzi@umfst.ro\">giordano.altarozzi@umfst.ro<\/a><br \/>Tel: + 40-265-236.034<\/p>\n<p><strong>Faculty of economics and Law<\/strong><br \/>Prof. Daniel \u0218tefan, PhD<br \/>E-mail:<a href=\"mailto:daniel.stefan@umfst.ro\">\u00a0daniel.stefan@umfst.ro<\/a><br \/>Tel: + 40-265-219.034<\/p>\n<p><strong>Incoming mobilities \u2013 Health<\/strong><br \/>Conf. univ. dr. Simona Mure\u0219an<br \/>E-mail:\u00a0<a href=\"mailto:simona.muresan@umfst.ro\">simona.muresan@umfst.ro<\/a><br \/>Tel: +40-265-215.551, int. 235<\/p>\n<p><strong>Outgoing mobilities \u2013 Health<\/strong><br \/>Conf. univ. dr. Andrada Loghin<br \/>E-mail:\u00a0<a href=\"mailto:andrada.loghin@umfst.ro\">andrada.loghin@umfst.ro<\/a><br \/>Tel: +40-265-215.551, int. 191<\/p>\t\t\t\t\t\t\t\t<\/div>\n\t\t\t\t<\/div>\n\t\t\t\t\t<\/div>\n\t\t<\/div>\n\t\t\t\t<div class=\"elementor-column elementor-col-50 elementor-top-column elementor-element elementor-element-e57db57\" data-id=\"e57db57\" data-element_type=\"column\" data-e-type=\"column\">\n\t\t\t<div class=\"elementor-widget-wrap elementor-element-populated\">\n\t\t\t\t\t\t\t<\/div>\n\t\t<\/div>\n\t\t\t\t\t<\/div>\n\t\t<\/section>\n\t\t\t\t<section class=\"elementor-section elementor-top-section elementor-element elementor-element-ac59be2 elementor-section-boxed elementor-section-height-default elementor-section-height-default\" data-id=\"ac59be2\" data-element_type=\"section\" data-e-type=\"section\">\n\t\t\t\t\t\t<div class=\"elementor-container elementor-column-gap-default\">\n\t\t\t\t\t<div class=\"elementor-column elementor-col-50 elementor-top-column elementor-element elementor-element-364aad9\" data-id=\"364aad9\" data-element_type=\"column\" data-e-type=\"column\">\n\t\t\t<div class=\"elementor-widget-wrap elementor-element-populated\">\n\t\t\t\t\t\t<div class=\"elementor-element elementor-element-b5f4ca9 elementor-widget elementor-widget-text-editor\" data-id=\"b5f4ca9\" data-element_type=\"widget\" data-e-type=\"widget\" data-widget_type=\"text-editor.default\">\n\t\t\t\t<div class=\"elementor-widget-container\">\n\t\t\t\t\t\t\t\t\t<p><strong>International\/Erasmus+ Officer<\/strong><br \/>Anca R\u0103chit\u0103<\/p>\n<ul>\n<li>Students OUTGOING mobilities, Bachelor (Faculty of Medicine, Faculty of Medicine in English)<\/li>\n<li>Students OUTGOING mobilities, Doctoral Studies, Health<\/li>\n<li>Academic Teaching Staff OUTGOING mobilities &#8211; Health<\/li>\n<\/ul>\n<p>Program with public:<br \/>Tuesday: 09:00 \u2013 12:00<br \/>Wednesday: 09:00 \u2013 12:00<br \/>Thursday: 09:00 \u2013 12:00<\/p>\n<p>\u00a0<br \/><strong>International\/Erasmus+ Officer<\/strong><br \/>Silviana Tulbure<\/p>\n<ul>\n<li>Students OUTGOING mobilities, Bachelor (Faculty of Dental Medicine, Faculty of Pharmacy)<\/li>\n<li>Management of bilateral agreements &#8211; Health<\/li>\n<\/ul>\n<p>E-mail:\u00a0<a href=\"mailto:silviana.tulbure@umfst.ro\">silviana.tulbure@umfst.ro<\/a><br \/>Program with public:<br \/>Tuesday: 09:00 \u2013 12:00<br \/>Wednesday: 09:00 \u2013 12:00<br \/>Thursday: 09:00 \u2013 12:00<\/p>\n<p><strong><br \/>International\/Erasmus+ Officer<\/strong><br \/>Lumini\u021ba S\u00eengeorzan<\/p>\n<ul>\n<li>Academic teaching and administrative staff INCOMING mobilities (Faculties of Medicine, Dental Medicine and Pharmacy)<\/li>\n<li>Academic Administrative Staff in University OUTGOING mobilities<\/li>\n<li>Students, Academic Teaching and Administrative Staff OUTGOING and INCOMING mobilities, Health, Erasmus+ KA171<\/li>\n<\/ul>\n<p>E-mail:\u00a0<a href=\"mailto:luminita.singeorzan@umfst.ro\">luminita.singeorzan@umfst.ro<\/a><br \/>Program with public:<br \/>Tuesday: 09:00 \u2013 12:00<br \/>Wednesday: 09:00 \u2013 12:00<br \/>Thursday: 09:00 \u2013 12:00<\/p>\t\t\t\t\t\t\t\t<\/div>\n\t\t\t\t<\/div>\n\t\t\t\t\t<\/div>\n\t\t<\/div>\n\t\t\t\t<div class=\"elementor-column elementor-col-50 elementor-top-column elementor-element elementor-element-d198a7a\" data-id=\"d198a7a\" data-element_type=\"column\" data-e-type=\"column\">\n\t\t\t<div class=\"elementor-widget-wrap\">\n\t\t\t\t\t\t\t<\/div>\n\t\t<\/div>\n\t\t\t\t\t<\/div>\n\t\t<\/section>\n\t\t\t\t<section class=\"elementor-section elementor-top-section elementor-element elementor-element-092ae8d elementor-section-boxed elementor-section-height-default elementor-section-height-default\" data-id=\"092ae8d\" data-element_type=\"section\" data-e-type=\"section\">\n\t\t\t\t\t\t<div class=\"elementor-container elementor-column-gap-default\">\n\t\t\t\t\t<div class=\"elementor-column elementor-col-100 elementor-top-column elementor-element elementor-element-25f70b0\" data-id=\"25f70b0\" data-element_type=\"column\" data-e-type=\"column\">\n\t\t\t<div class=\"elementor-widget-wrap elementor-element-populated\">\n\t\t\t\t\t\t<div class=\"elementor-element elementor-element-78302af elementor-widget__width-auto elementor-widget elementor-widget-button\" data-id=\"78302af\" data-element_type=\"widget\" data-e-type=\"widget\" data-widget_type=\"button.default\">\n\t\t\t\t<div class=\"elementor-widget-container\">\n\t\t\t\t\t\t\t\t\t<div class=\"elementor-button-wrapper\">\n\t\t\t\t\t<a class=\"elementor-button elementor-button-link elementor-size-sm\" href=\"https:\/\/www.umfst.ro\/fileadmin\/\/relatii_internationale\/org_rel_int.jpg\" target=\"_blank\">\n\t\t\t\t\t\t<span class=\"elementor-button-content-wrapper\">\n\t\t\t\t\t\t<span class=\"elementor-button-icon\">\n\t\t\t\t<i aria-hidden=\"true\" class=\"far fa-image\"><\/i>\t\t\t<\/span>\n\t\t\t\t\t\t\t\t\t<span class=\"elementor-button-text\">Organigrama<\/span>\n\t\t\t\t\t<\/span>\n\t\t\t\t\t<\/a>\n\t\t\t\t<\/div>\n\t\t\t\t\t\t\t\t<\/div>\n\t\t\t\t<\/div>\n\t\t\t\t\t<\/div>\n\t\t<\/div>\n\t\t\t\t\t<\/div>\n\t\t<\/section>\n\t\t\t\t<section class=\"elementor-section elementor-top-section elementor-element elementor-element-45aabaf elementor-section-boxed elementor-section-height-default elementor-section-height-default\" data-id=\"45aabaf\" data-element_type=\"section\" data-e-type=\"section\">\n\t\t\t\t\t\t<div class=\"elementor-container elementor-column-gap-default\">\n\t\t\t\t\t<div class=\"elementor-column elementor-col-100 elementor-top-column elementor-element elementor-element-b5ae98a\" data-id=\"b5ae98a\" data-element_type=\"column\" data-e-type=\"column\">\n\t\t\t<div class=\"elementor-widget-wrap elementor-element-populated\">\n\t\t\t\t\t\t<div class=\"elementor-element elementor-element-9f0d7fa elementor-widget elementor-widget-jet-tabs\" data-id=\"9f0d7fa\" data-element_type=\"widget\" data-e-type=\"widget\" data-settings=\"{&quot;no_active_tabs&quot;:&quot;yes&quot;,&quot;tabs_position&quot;:&quot;top&quot;}\" data-widget_type=\"jet-tabs.default\">\n\t\t\t\t<div class=\"elementor-widget-container\">\n\t\t\t\t\t\n\t\t<div class=\"jet-tabs jet-tabs-position-top jet-tabs-move-up-effect\" data-settings=\"{&quot;activeIndex&quot;:-1,&quot;event&quot;:&quot;click&quot;,&quot;autoSwitch&quot;:false,&quot;autoSwitchDelay&quot;:3000,&quot;ajaxTemplate&quot;:false,&quot;tabsPosition&quot;:&quot;top&quot;,&quot;switchScrolling&quot;:false,&quot;switchScrollingOffset&quot;:0}\">\n\t\t\t\t\t\t<div class=\"jet-tabs__control-wrapper\" role=\"tablist\">\n\n                                    <div id=\"jet-tabs-control-1661\" class=\"jet-tabs__control jet-tabs__control-icon-right elementor-menu-anchor\" data-tab=\"1\" tabindex=\"0\" role=\"tab\" aria-controls=\"jet-tabs-content-1661\" aria-expanded=\"true\" data-template-id=\"false\"><div class=\"jet-tabs__control-inner\"><div class=\"jet-tabs__label-text\">Regulamente<\/div><\/div><\/div>\n                    \t\t\t    <\/div>\n\t\t\t<div class=\"jet-tabs__content-wrapper\">\n\t\t\t\t<div id=\"jet-tabs-content-1661\" class=\"jet-tabs__content\" data-tab=\"1\" role=\"tabpanel\" aria-hidden=\"false\" data-template-id=\"false\"><p><a class=\"download\" href=\"https:\/\/www.umfst.ro\/fileadmin\/documente_oficiale\/regulamente\/UMFST-REG-43.pdf\">Regulament de organizare si functionare a Departamentului de Relatii Internationale<\/a><\/p>\n<p><a href=\"https:\/\/www.umfst.ro\/fileadmin\/documente_oficiale\/regulamente\/UMFST-REG-41.pdf\">Regulamentul privind organizarea \u0219i func\u021bionarea Biroului Erasmus+<\/a><\/p>\n<p><a href=\"https:\/\/www.umfst.ro\/fileadmin\/documente_oficiale\/regulamente\/UMFST-REG-42.pdf\">Regulament de recunoa\u0219tere a perioadelor de studii sau de plasament efectuate \u00een cadrul mobilit\u0103\u021bilor ERASMUS<\/a><\/p>\n<p><a class=\"download\" href=\"https:\/\/www.umfst.ro\/fileadmin\/documente_oficiale\/regulamente\/UMFST-REG-78.pdf\">Regulament privind recunoasterea studiilor efectuate in institutii de invatamant superior din strainatate prin burse obtinute in afara programului Erasmus<\/a><\/p><\/div>\t\t\t<\/div>\n\t\t\t\t\t<\/div>\n\t\t\t\t\t\t<\/div>\n\t\t\t\t<\/div>\n\t\t\t\t\t<\/div>\n\t\t<\/div>\n\t\t\t\t\t<\/div>\n\t\t<\/section>\n\t\t\t\t<\/div>","protected":false},"excerpt":{"rendered":"<p>Interna\u021bionalizarea este un pilon strategic al UMFST G.E. Palade T\u00e2rgu Mure\u0219, av\u00e2nd un rol crucial \u00een dezvoltarea sa continu\u0103. Conceptul de &#8222;Smart Internationalization&#8221; adoptat de universitate face parte din viziunea sa inovatoare, prin care se urm\u0103re\u0219te consolidarea relevan\u021bei academice \u0219i de cercetare pe plan european \u0219i interna\u021bional. UMFST G.E. Palade T\u00e2rgu Mure\u0219 \u00ee\u0219i valorific\u0103 atuurile [&hellip;]<\/p>\n","protected":false},"author":3,"featured_media":0,"parent":83,"menu_order":0,"comment_status":"closed","ping_status":"closed","template":"","meta":{"_relevanssi_hide_post":"","_relevanssi_hide_content":"","_relevanssi_pin_for_all":"","_relevanssi_pin_keywords":"","_relevanssi_unpin_keywords":"","_relevanssi_related_keywords":"","_relevanssi_related_include_ids":"","_relevanssi_related_exclude_ids":"","_relevanssi_related_no_append":"","_relevanssi_related_not_related":"","_relevanssi_related_posts":"5940,11989,11980,2386,2391,2388","_relevanssi_noindex_reason":"","footnotes":""},"categories":[16,146],"tags":[],"class_list":["post-348","page","type-page","status-publish","hentry","category-pagina-sidebar","category-pagina-international"],"meta_box":[],"_links":{"self":[{"href":"https:\/\/umfst.ro\/hu\/wp-json\/wp\/v2\/pages\/348","targetHints":{"allow":["GET"]}}],"collection":[{"href":"https:\/\/umfst.ro\/hu\/wp-json\/wp\/v2\/pages"}],"about":[{"href":"https:\/\/umfst.ro\/hu\/wp-json\/wp\/v2\/types\/page"}],"author":[{"embeddable":true,"href":"https:\/\/umfst.ro\/hu\/wp-json\/wp\/v2\/users\/3"}],"replies":[{"embeddable":true,"href":"https:\/\/umfst.ro\/hu\/wp-json\/wp\/v2\/comments?post=348"}],"version-history":[{"count":243,"href":"https:\/\/umfst.ro\/hu\/wp-json\/wp\/v2\/pages\/348\/revisions"}],"predecessor-version":[{"id":46969,"href":"https:\/\/umfst.ro\/hu\/wp-json\/wp\/v2\/pages\/348\/revisions\/46969"}],"up":[{"embeddable":true,"href":"https:\/\/umfst.ro\/hu\/wp-json\/wp\/v2\/pages\/83"}],"wp:attachment":[{"href":"https:\/\/umfst.ro\/hu\/wp-json\/wp\/v2\/media?parent=348"}],"wp:term":[{"taxonomy":"category","embeddable":true,"href":"https:\/\/umfst.ro\/hu\/wp-json\/wp\/v2\/categories?post=348"},{"taxonomy":"post_tag","embeddable":true,"href":"https:\/\/umfst.ro\/hu\/wp-json\/wp\/v2\/tags?post=348"}],"curies":[{"name":"wp","href":"https:\/\/api.w.org\/{rel}","templated":true}]}}