{"id":37930,"date":"2022-11-14T14:38:00","date_gmt":"2022-11-14T12:38:00","guid":{"rendered":"https:\/\/umfst.ro\/?page_id=37930"},"modified":"2026-03-23T14:17:14","modified_gmt":"2026-03-23T12:17:14","slug":"evenimente","status":"publish","type":"page","link":"https:\/\/umfst.ro\/hu\/universitate\/cercetare\/junior-researcher-academy\/evenimente\/","title":{"rendered":"Evenimente"},"content":{"rendered":"<div data-elementor-type=\"wp-page\" data-elementor-id=\"37930\" class=\"elementor elementor-37930\" data-elementor-post-type=\"page\">\n\t\t\t\t\t\t<section class=\"elementor-section elementor-top-section elementor-element elementor-element-19d1ff8 elementor-section-boxed elementor-section-height-default elementor-section-height-default\" data-id=\"19d1ff8\" data-element_type=\"section\" data-e-type=\"section\">\n\t\t\t\t\t\t<div class=\"elementor-container elementor-column-gap-default\">\n\t\t\t\t\t<div class=\"elementor-column elementor-col-100 elementor-top-column elementor-element elementor-element-d4882b9\" data-id=\"d4882b9\" data-element_type=\"column\" data-e-type=\"column\">\n\t\t\t<div class=\"elementor-widget-wrap elementor-element-populated\">\n\t\t\t\t\t\t<div class=\"elementor-element elementor-element-1de4b3d elementor-widget elementor-widget-text-editor\" data-id=\"1de4b3d\" data-element_type=\"widget\" data-e-type=\"widget\" data-widget_type=\"text-editor.default\">\n\t\t\t\t<div class=\"elementor-widget-container\">\n\t\t\t\t\t\t\t\t\t<h2><strong>Calendar activit\u0103\u021bi JRA Entry Level <\/strong><strong>2026<\/strong><\/h2><p><strong>20.02.2026<br \/><\/strong>The reality of journal publishing: expectations revisited<br \/>Prof. univ. dr. Mark Slevin<\/p><p><strong>06.03.2026<br \/><\/strong>De la idee la finan\u021bare \u2013 cum se redacteaz\u0103 o propunere de grant<br \/>Prof. univ. dr. Gabriel Hancu<\/p><p><strong>13.03.2026<br \/><\/strong>Cercetarea \u00een era AI: accelerare, scalare, inova\u021bie<br \/>Asist.univ.drd. Vlad Ani\u021bei<\/p><p><strong><span style=\"color: #ab1b1b;\">Evenimentul se va reprograma<\/span><br \/><\/strong>Protec\u021bia propriet\u0103\u021bii intelectuale \u0219i transferul tehnologic<br \/>\u0218ef de lucr\u0103ri dr. Irina Matran<\/p><p><strong>30.03.2026 <span style=\"color: #ab1b1b;\">&#8211; eveniment online<\/span><br \/><\/strong>Start-up-uri \u00een s\u0103n\u0103tate: perspective academice \u0219i aplicate<br \/>Mihai Sfin\u021bescu, \u0218ef de lucr\u0103ri dr. Irina Matran<\/p><p><strong>08.05.2026<br \/><\/strong>Diseminarea rezultatelor cercet\u0103rii \u0219i schimbul de know-how \u00een cadrul manifest\u0103rilor \u0219tiin\u021bifice<br \/>Prof. univ. dr. Claudia B\u0103nescu, \u0218ef de lucr\u0103ri dr. Andreea Pricopie<\/p><p><strong>15.05.2026<br \/><\/strong>Abord\u0103ri interdisciplinare \u00een cercetare: medicin\u0103, nutri\u021bie \u0219i inginerie<br \/>Dir. Gen. Ing. C\u0103t\u0103lin Bilbie<\/p><p><strong>22.05.2026<br \/><\/strong>Reglementarea dispozitivelor medicale: de la dezvoltare la utilizare clinic\u0103<br \/>Prof.univ.dr. Dorin Bic\u0103<\/p>\t\t\t\t\t\t\t\t<\/div>\n\t\t\t\t<\/div>\n\t\t\t\t<div class=\"elementor-element elementor-element-d6181f9 elementor-widget elementor-widget-text-editor\" data-id=\"d6181f9\" data-element_type=\"widget\" data-e-type=\"widget\" data-widget_type=\"text-editor.default\">\n\t\t\t\t<div class=\"elementor-widget-container\">\n\t\t\t\t\t\t\t\t\t<p><a href=\"https:\/\/www.umfst.ro\/fileadmin\/cercetare\/JRA\/Calendar_activitati_JRA_Entry_Level_2025.pdf\">Calendar activit\u0103\u021bi JRA Entry Level 2025<\/a><\/p>\t\t\t\t\t\t\t\t<\/div>\n\t\t\t\t<\/div>\n\t\t\t\t\t<\/div>\n\t\t<\/div>\n\t\t\t\t\t<\/div>\n\t\t<\/section>\n\t\t\t\t<\/div>","protected":false},"excerpt":{"rendered":"<p>Calendar activit\u0103\u021bi JRA Entry Level 2026 20.02.2026The reality of journal publishing: expectations revisitedProf. univ. dr. Mark Slevin 06.03.2026De la idee la finan\u021bare \u2013 cum se redacteaz\u0103 o propunere de grantProf. univ. dr. Gabriel Hancu 13.03.2026Cercetarea \u00een era AI: accelerare, scalare, inova\u021bieAsist.univ.drd. Vlad Ani\u021bei Evenimentul se va reprogramaProtec\u021bia propriet\u0103\u021bii intelectuale \u0219i transferul tehnologic\u0218ef de lucr\u0103ri dr. [&hellip;]<\/p>\n","protected":false},"author":25,"featured_media":0,"parent":746,"menu_order":-1,"comment_status":"closed","ping_status":"closed","template":"","meta":{"_relevanssi_hide_post":"","_relevanssi_hide_content":"","_relevanssi_pin_for_all":"","_relevanssi_pin_keywords":"","_relevanssi_unpin_keywords":"","_relevanssi_related_keywords":"","_relevanssi_related_include_ids":"","_relevanssi_related_exclude_ids":"","_relevanssi_related_no_append":"","_relevanssi_related_not_related":"","_relevanssi_related_posts":"150,154","_relevanssi_noindex_reason":"","footnotes":""},"categories":[145,16],"tags":[],"class_list":["post-37930","page","type-page","status-publish","hentry","category-pagina-cercetare","category-pagina-sidebar"],"meta_box":[],"_links":{"self":[{"href":"https:\/\/umfst.ro\/hu\/wp-json\/wp\/v2\/pages\/37930","targetHints":{"allow":["GET"]}}],"collection":[{"href":"https:\/\/umfst.ro\/hu\/wp-json\/wp\/v2\/pages"}],"about":[{"href":"https:\/\/umfst.ro\/hu\/wp-json\/wp\/v2\/types\/page"}],"author":[{"embeddable":true,"href":"https:\/\/umfst.ro\/hu\/wp-json\/wp\/v2\/users\/25"}],"replies":[{"embeddable":true,"href":"https:\/\/umfst.ro\/hu\/wp-json\/wp\/v2\/comments?post=37930"}],"version-history":[{"count":34,"href":"https:\/\/umfst.ro\/hu\/wp-json\/wp\/v2\/pages\/37930\/revisions"}],"predecessor-version":[{"id":47151,"href":"https:\/\/umfst.ro\/hu\/wp-json\/wp\/v2\/pages\/37930\/revisions\/47151"}],"up":[{"embeddable":true,"href":"https:\/\/umfst.ro\/hu\/wp-json\/wp\/v2\/pages\/746"}],"wp:attachment":[{"href":"https:\/\/umfst.ro\/hu\/wp-json\/wp\/v2\/media?parent=37930"}],"wp:term":[{"taxonomy":"category","embeddable":true,"href":"https:\/\/umfst.ro\/hu\/wp-json\/wp\/v2\/categories?post=37930"},{"taxonomy":"post_tag","embeddable":true,"href":"https:\/\/umfst.ro\/hu\/wp-json\/wp\/v2\/tags?post=37930"}],"curies":[{"name":"wp","href":"https:\/\/api.w.org\/{rel}","templated":true}]}}