{"id":39565,"date":"2025-05-12T08:42:13","date_gmt":"2025-05-12T05:42:13","guid":{"rendered":"https:\/\/umfst.ro\/?page_id=39565"},"modified":"2025-05-12T08:53:03","modified_gmt":"2025-05-12T05:53:03","slug":"active-methods-in-teaching-and-learning-mathematics-informatics-and-their-applications","status":"publish","type":"page","link":"https:\/\/umfst.ro\/hu\/universitate\/relatii-internationale\/alte-programe-internationale\/ceepus\/active-methods-in-teaching-and-learning-mathematics-informatics-and-their-applications\/","title":{"rendered":"Active Methods in Teaching and Learning Mathematics, Informatics and their\u00a0Applications"},"content":{"rendered":"<p><strong>Titlul proiectului<\/strong>: Active Methods in Teaching and Learning Mathematics, Informatics and their&nbsp;&nbsp; Applications<\/p>\n\n\n\n<p><strong>Num\u0103rul proiectului<\/strong>: HU-0028-17-2324<\/p>\n\n\n\n<p><strong>Data de \u00eenceput<\/strong>: 2021<\/p>\n\n\n\n<p><strong>Data de finalizare<\/strong>: derulat \u00een prezent<\/p>\n\n\n\n<p><strong>Parteneri<\/strong>: Universitatea din Miskolc, Universitatea Tehnic\u0103 din Viena, Universitatea Johannes Kepler (Jku) Linz, Colegiul Universitar pentru Formarea Profesorilor Austria Inferioar\u0103, Universitatea din Sarajevo, Universitatea Paisii Hilendarski din Plovdiv, Universitatea Angel Kanchev din Rousse, \u0218coala Superioar\u0103 de Asigur\u0103ri \u0219i Finan\u021be \u2013 Sofia, Universitatea din Zagreb, Universitatea Josip Juraj Strossmayer din Osijek, Universitatea de \u0218tiin\u021be Aplicate din Rijeka, Universitatea Carolin\u0103, Universitatea Palack\u00fd din Olomouc, Universitatea Tehnic\u0103 Ceh\u0103 din Praga, Universitatea Masaryk, Universitatea din Ostrava, Universitatea Jan Evangelista Purkyne din \u00dast\u00ed Nad Labem, Institutul de Tehnologie \u0219i Afaceri din \u010cesk\u00e9 Bud\u011bjovice, Universitatea din Sopron, Universitatea din P\u00e9cs, Universitatea Maghiar\u0103 de \u0218tiin\u021be Agricole \u0219i ale Vie\u021bii, Universitatea Pannonia, Universitatea G\u00e1l Ferenc, Universitatea din Tokaj, Universitatea Metropolitan\u0103 din Budapesta, Universitatea \u00d3buda, Universitatea din Debrecen, Universitatea Catolic\u0103 Eszterh\u00e1zy K\u00e1roly, Universitatea din Miskolc, Universitatea de Stat din Moldova, Universitatea din Muntenegru, Universitatea Ss. Chiril \u0219i Metodiu din Skopje, Universitatea de \u0218tiin\u021be ale Informa\u021biei \u0219i Tehnologii \u201eSf. Pavel Apostolul\u201d &#8211; Ohrid, Universitatea Maica Tereza, Universitatea din Rzesz\u00f3w, Universitatea din Siedlce, Universitatea Sileziei din Katowice, Universitatea Ignatianum din Cracovia, Universitatea Tehnic\u0103 de Construc\u021bii Bucure\u0219ti, Universitatea \u201e1 Decembrie 1918\u201d din Alba Iulia, Universitatea Tehnic\u0103 din Cluj-Napoca, Universitatea Babe\u0219-Bolyai din Cluj-Napoca, Universitatea \u201eOvidius\u201d din Constan\u021ba, Universitatea Politehnica din Timi\u0219oara, Universitatea \u201eSapientia\u201d din Cluj-Napoca, Universitatea din Novi Sad, Universitatea Catolic\u0103 din Ru\u017eomberok, Universitatea din Pre\u0161ov, Universitatea Tehnic\u0103 Slovac\u0103 din Bratislava, Universitatea J. Selye, Universitatea Comenius din Bratislava, Universitatea Constantin Filozoful din Nitra, Universitatea Tehnic\u0103 din Ko\u0161ice, Universitatea din Maribor, Universitatea \u201eGoce Delcev\u201d \u2013 \u0160tip, Universitatea Tehnologic\u0103 din Koszalin, Universitatea Josip Juraj Strossmayer din Osijek, Academia de Studii Tehnice Aplicate \u0219i de \u00cenv\u0103\u021b\u0103m\u00e2nt Pre\u0219colar.<\/p>\n\n\n\n<p><strong>Coordonator institu\u021bional local<\/strong>: Conferen\u021biar universitar dr. B\u00e9la Finta<\/p>\n\n\n\n<p><strong>Website<\/strong>: <a href=\"https:\/\/www.ceepus.info\/nw\/0028-2324\" target=\"_blank\" rel=\"noopener\">https:\/\/www.ceepus.info\/nw\/0028-2324<\/a><\/p>\n\n\n\n<p><strong>Descrierea proiectului<\/strong>:<\/p>\n\n\n\n<p><br><strong>1. Obiective<\/strong><\/p>\n\n\n\n<p>Acest proiect se concentreaz\u0103 pe \u00eembun\u0103t\u0103\u021birea pred\u0103rii \u0219i \u00eenv\u0103\u021b\u0103rii matematicii, informaticii \u0219i a aplica\u021biilor acestora prin integrarea metodelor active cu abord\u0103rile tradi\u021bionale de predare, prin mobilit\u0103\u021bile re\u021belei CEEPUS. Include 76 de parteneri din 14 \u021b\u0103ri membre CEEPUS \u0219i a primit de dou\u0103 ori Premiul de Excelen\u021b\u0103 al Mini\u0219trilor CEEPUS (\u00een 2006 \u0219i 2013).<\/p>\n\n\n\n<p>Se urm\u0103re\u0219te dezvoltarea unei baze de date partajabile cu videoclipuri didactice, prelegeri \u00eenregistrate, materiale de curs \u0219i lucr\u0103ri ale studen\u021bilor, precum \u0219i oferirea unui portofoliu virtual de profesori invita\u021bi pentru mobilit\u0103\u021bi hibride \u0219i predare la distan\u021b\u0103 \u00een caz de restric\u021bii. Activit\u0103\u021bile re\u021belei includ, de asemenea, organizarea de \u00eent\u00e2lniri online, conferin\u021be \u0219i universit\u0103\u021bi de var\u0103.<\/p>\n\n\n\n<p>Colaborarea \u00eentre universit\u0103\u021bile partenere asigur\u0103 programe de predare de \u00eenalt\u0103 calitate, care r\u0103spund nevoilor pie\u021bei muncii. Coordonatorii parteneri, mul\u021bi dintre ei \u00een func\u021bii de conducere, faciliteaz\u0103 o comunicare excelent\u0103 cu Birourile Na\u021bionale CEEPUS \u0219i cu Coordonatorii Centrali CEEPUS, schimb\u00e2nd experien\u021be valoroase \u00een cadrul \u00eent\u00e2lnirilor de coordonare.<\/p>\n\n\n\n<p><br><strong>2. Activit\u0103\u021bi principale<\/strong><\/p>\n\n\n\n<ul class=\"wp-block-list\">\n<li>Implementarea programului comun Biblioteca Virtual\u0103 Central-European\u0103 de Matematic\u0103 \u0219i Informatic\u0103<\/li>\n\n\n\n<li>Publica\u021bii \u0219tiin\u021bifice comune \u2013 Crearea de lucr\u0103ri \u0219tiin\u021bifice publicate \u00een reviste interna\u021bionale de prestigiu<\/li>\n\n\n\n<li>Recunoa\u0219terea mobilit\u0103\u021bilor \u2013 Calculul \u0219i recunoa\u0219terea mobilit\u0103\u021bilor \u00een cadrul re\u021belei<\/li>\n\n\n\n<li>Organizarea de cursuri \u2013 Cursuri oferite de diverse universit\u0103\u021bi, participarea la activit\u0103\u021bi educa\u021bionale \u0219i de cercetare la universit\u0103\u021bi partenere, implicarea studen\u021bilor \u00een educa\u021bie \u0219i cercetare la institu\u021biile gazd\u0103<\/li>\n\n\n\n<li>Organizarea de activit\u0103\u021bi de tip universitate de var\u0103 \u0219i planificarea unui num\u0103r mare de programe comune<\/li>\n<\/ul>\n\n\n\n<p><br><strong>3. Rezultate<\/strong><\/p>\n\n\n\n<ul class=\"wp-block-list\">\n<li>Mobilit\u0103\u021bi outgoing \u2013 1 mobilitate la Universitatea din Miskolc, Ungaria, Facultatea de Ingineria Materialelor<\/li>\n\n\n\n<li>Mobilit\u0103\u021bi incoming \u2013 1 mobilitate de la Departamentul de Geometrie, Universitatea din Rousse, Bulgaria \u0219i 1 mobilitate de la Universitatea din Miskolc, Ungaria<\/li>\n\n\n\n<li>Participare la \u0218coala de Var\u0103 pentru studen\u021bi, la Universitatea din Miskolc, Ungaria, unde a avut loc o \u00eent\u00e2lnire cu coordonatorii locali ai proiectului<\/li>\n<\/ul>","protected":false},"excerpt":{"rendered":"<p>Titlul proiectului: Active Methods in Teaching and Learning Mathematics, Informatics and their&nbsp;&nbsp; Applications Num\u0103rul proiectului: HU-0028-17-2324 Data de \u00eenceput: 2021 Data de finalizare: derulat \u00een prezent Parteneri: Universitatea din Miskolc, Universitatea Tehnic\u0103 din Viena, Universitatea Johannes Kepler (Jku) Linz, Colegiul Universitar pentru Formarea Profesorilor Austria Inferioar\u0103, Universitatea din Sarajevo, Universitatea Paisii Hilendarski din Plovdiv, Universitatea [&hellip;]<\/p>\n","protected":false},"author":25,"featured_media":0,"parent":429,"menu_order":0,"comment_status":"closed","ping_status":"closed","template":"","meta":{"_relevanssi_hide_post":"","_relevanssi_hide_content":"","_relevanssi_pin_for_all":"","_relevanssi_pin_keywords":"","_relevanssi_unpin_keywords":"","_relevanssi_related_keywords":"","_relevanssi_related_include_ids":"","_relevanssi_related_exclude_ids":"","_relevanssi_related_no_append":"","_relevanssi_related_not_related":"","_relevanssi_related_posts":"12881,37886,34633,21233,27430,25177","_relevanssi_noindex_reason":"","footnotes":""},"categories":[16,146],"tags":[],"class_list":["post-39565","page","type-page","status-publish","hentry","category-pagina-sidebar","category-pagina-international"],"meta_box":[],"_links":{"self":[{"href":"https:\/\/umfst.ro\/hu\/wp-json\/wp\/v2\/pages\/39565","targetHints":{"allow":["GET"]}}],"collection":[{"href":"https:\/\/umfst.ro\/hu\/wp-json\/wp\/v2\/pages"}],"about":[{"href":"https:\/\/umfst.ro\/hu\/wp-json\/wp\/v2\/types\/page"}],"author":[{"embeddable":true,"href":"https:\/\/umfst.ro\/hu\/wp-json\/wp\/v2\/users\/25"}],"replies":[{"embeddable":true,"href":"https:\/\/umfst.ro\/hu\/wp-json\/wp\/v2\/comments?post=39565"}],"version-history":[{"count":4,"href":"https:\/\/umfst.ro\/hu\/wp-json\/wp\/v2\/pages\/39565\/revisions"}],"predecessor-version":[{"id":39570,"href":"https:\/\/umfst.ro\/hu\/wp-json\/wp\/v2\/pages\/39565\/revisions\/39570"}],"up":[{"embeddable":true,"href":"https:\/\/umfst.ro\/hu\/wp-json\/wp\/v2\/pages\/429"}],"wp:attachment":[{"href":"https:\/\/umfst.ro\/hu\/wp-json\/wp\/v2\/media?parent=39565"}],"wp:term":[{"taxonomy":"category","embeddable":true,"href":"https:\/\/umfst.ro\/hu\/wp-json\/wp\/v2\/categories?post=39565"},{"taxonomy":"post_tag","embeddable":true,"href":"https:\/\/umfst.ro\/hu\/wp-json\/wp\/v2\/tags?post=39565"}],"curies":[{"name":"wp","href":"https:\/\/api.w.org\/{rel}","templated":true}]}}