{"id":39580,"date":"2025-05-12T09:00:15","date_gmt":"2025-05-12T06:00:15","guid":{"rendered":"https:\/\/umfst.ro\/?page_id=39580"},"modified":"2025-06-11T09:14:48","modified_gmt":"2025-06-11T06:14:48","slug":"food-safety-for-healthy-living","status":"publish","type":"page","link":"https:\/\/umfst.ro\/hu\/universitate\/relatii-internationale\/alte-programe-internationale\/ceepus\/food-safety-for-healthy-living\/","title":{"rendered":"Food Safety for Healthy Living"},"content":{"rendered":"<div data-elementor-type=\"wp-page\" data-elementor-id=\"39580\" class=\"elementor elementor-39580\" data-elementor-post-type=\"page\">\n\t\t\t\t\t\t<section class=\"elementor-section elementor-top-section elementor-element elementor-element-32f17980 elementor-section-boxed elementor-section-height-default elementor-section-height-default\" data-id=\"32f17980\" data-element_type=\"section\" data-e-type=\"section\">\n\t\t\t\t\t\t<div class=\"elementor-container elementor-column-gap-default\">\n\t\t\t\t\t<div class=\"elementor-column elementor-col-100 elementor-top-column elementor-element elementor-element-5c99ac9b\" data-id=\"5c99ac9b\" data-element_type=\"column\" data-e-type=\"column\">\n\t\t\t<div class=\"elementor-widget-wrap elementor-element-populated\">\n\t\t\t\t\t\t<div class=\"elementor-element elementor-element-7554d356 elementor-widget elementor-widget-text-editor\" data-id=\"7554d356\" data-element_type=\"widget\" data-e-type=\"widget\" data-no-translation=\"\" data-widget_type=\"text-editor.default\">\n\t\t\t\t<div class=\"elementor-widget-container\">\n\t\t\t\t\t<style>.elementor-element-7554d356{display:none !important}<\/style>\t\t\t\t<\/div>\n\t\t\t\t<\/div>\n\t\t\t\t<div class=\"elementor-element elementor-element-6118235 elementor-widget elementor-widget-text-editor\" data-id=\"6118235\" data-element_type=\"widget\" data-e-type=\"widget\" data-no-translation=\"\" data-widget_type=\"text-editor.default\">\n\t\t\t\t<div class=\"elementor-widget-container\">\n\t\t\t\t\t<style>.elementor-element-6118235{display:none !important}<\/style>\t\t\t\t<\/div>\n\t\t\t\t<\/div>\n\t\t\t\t\t<\/div>\n\t\t<\/div>\n\t\t\t\t\t<\/div>\n\t\t<\/section>\n\t\t\t\t<\/div>","protected":false},"excerpt":{"rendered":"<p>Titlul proiectului: Food Safety for Healthy Living Num\u0103r de proiect: RO-1111-08-2324 Data de \u00eenceput: 2018 Data de finalizare: 2024 Website-ul proiectului: https:\/\/www.ceepus.info\/nw\/1111-2324 Parteneri: Universitatea \u201eTransilvania\u201d din Bra\u0219ov, Universitatea Agricol\u0103 din Tirana, Universitatea din Rijeka, Universitatea din Pardubice, Universitatea Tehnic\u0103 a Moldovei, Universitatea \u201eSf. Kliment Ohridski\u201d \u2013 Bitola, Universitatea din \u0141\u00f3d\u017a, Universitatea de Medicin\u0103 \u0219i Farmacie [&hellip;]<\/p>\n","protected":false},"author":25,"featured_media":0,"parent":429,"menu_order":0,"comment_status":"closed","ping_status":"closed","template":"","meta":{"_relevanssi_hide_post":"","_relevanssi_hide_content":"","_relevanssi_pin_for_all":"","_relevanssi_pin_keywords":"","_relevanssi_unpin_keywords":"","_relevanssi_related_keywords":"","_relevanssi_related_include_ids":"","_relevanssi_related_exclude_ids":"","_relevanssi_related_no_append":"","_relevanssi_related_not_related":"","_relevanssi_related_posts":"22107,20244,39516,30086,39334,28435","_relevanssi_noindex_reason":"","footnotes":""},"categories":[16,146],"tags":[],"class_list":["post-39580","page","type-page","status-publish","hentry","category-pagina-sidebar","category-pagina-international"],"meta_box":[],"_links":{"self":[{"href":"https:\/\/umfst.ro\/hu\/wp-json\/wp\/v2\/pages\/39580","targetHints":{"allow":["GET"]}}],"collection":[{"href":"https:\/\/umfst.ro\/hu\/wp-json\/wp\/v2\/pages"}],"about":[{"href":"https:\/\/umfst.ro\/hu\/wp-json\/wp\/v2\/types\/page"}],"author":[{"embeddable":true,"href":"https:\/\/umfst.ro\/hu\/wp-json\/wp\/v2\/users\/25"}],"replies":[{"embeddable":true,"href":"https:\/\/umfst.ro\/hu\/wp-json\/wp\/v2\/comments?post=39580"}],"version-history":[{"count":5,"href":"https:\/\/umfst.ro\/hu\/wp-json\/wp\/v2\/pages\/39580\/revisions"}],"predecessor-version":[{"id":40687,"href":"https:\/\/umfst.ro\/hu\/wp-json\/wp\/v2\/pages\/39580\/revisions\/40687"}],"up":[{"embeddable":true,"href":"https:\/\/umfst.ro\/hu\/wp-json\/wp\/v2\/pages\/429"}],"wp:attachment":[{"href":"https:\/\/umfst.ro\/hu\/wp-json\/wp\/v2\/media?parent=39580"}],"wp:term":[{"taxonomy":"category","embeddable":true,"href":"https:\/\/umfst.ro\/hu\/wp-json\/wp\/v2\/categories?post=39580"},{"taxonomy":"post_tag","embeddable":true,"href":"https:\/\/umfst.ro\/hu\/wp-json\/wp\/v2\/tags?post=39580"}],"curies":[{"name":"wp","href":"https:\/\/api.w.org\/{rel}","templated":true}]}}