{"id":39584,"date":"2025-05-12T09:03:46","date_gmt":"2025-05-12T06:03:46","guid":{"rendered":"https:\/\/umfst.ro\/?page_id=39584"},"modified":"2025-06-11T09:22:07","modified_gmt":"2025-06-11T06:22:07","slug":"multidisciplinary-network-on-renewal-of-urban-brownfields","status":"publish","type":"page","link":"https:\/\/umfst.ro\/hu\/universitate\/relatii-internationale\/alte-programe-internationale\/ceepus\/multidisciplinary-network-on-renewal-of-urban-brownfields\/","title":{"rendered":"Multidisciplinary Network on Renewal of Urban Brownfields"},"content":{"rendered":"<div data-elementor-type=\"wp-page\" data-elementor-id=\"39584\" class=\"elementor elementor-39584\" data-elementor-post-type=\"page\">\n\t\t\t\t\t\t<section class=\"elementor-section elementor-top-section elementor-element elementor-element-29057890 elementor-section-boxed elementor-section-height-default elementor-section-height-default\" data-id=\"29057890\" data-element_type=\"section\" data-e-type=\"section\">\n\t\t\t\t\t\t<div class=\"elementor-container elementor-column-gap-default\">\n\t\t\t\t\t<div class=\"elementor-column elementor-col-100 elementor-top-column elementor-element elementor-element-3dae835f\" data-id=\"3dae835f\" data-element_type=\"column\" data-e-type=\"column\">\n\t\t\t<div class=\"elementor-widget-wrap elementor-element-populated\">\n\t\t\t\t\t\t<div class=\"elementor-element elementor-element-658a72c2 elementor-widget elementor-widget-text-editor\" data-id=\"658a72c2\" data-element_type=\"widget\" data-e-type=\"widget\" data-no-translation=\"\" data-widget_type=\"text-editor.default\">\n\t\t\t\t<div class=\"elementor-widget-container\">\n\t\t\t\t\t<style>.elementor-element-658a72c2{display:none !important}<\/style>\t\t\t\t<\/div>\n\t\t\t\t<\/div>\n\t\t\t\t<div class=\"elementor-element elementor-element-d60f7ef elementor-widget elementor-widget-text-editor\" data-id=\"d60f7ef\" data-element_type=\"widget\" data-e-type=\"widget\" data-no-translation=\"\" data-widget_type=\"text-editor.default\">\n\t\t\t\t<div class=\"elementor-widget-container\">\n\t\t\t\t\t<style>.elementor-element-d60f7ef{display:none !important}<\/style>\t\t\t\t<\/div>\n\t\t\t\t<\/div>\n\t\t\t\t\t<\/div>\n\t\t<\/div>\n\t\t\t\t\t<\/div>\n\t\t<\/section>\n\t\t\t\t<\/div>","protected":false},"excerpt":{"rendered":"<p>Titlul proiectului:\u00a0Multidisciplinary Network on Renewal of Urban Brownfields \/ Re\u021bea multidisciplinar\u0103 privind renovarea terenurilor industriale urbane Nr. proiect: HU-1905-02-2526 Data de incepere:\u00a001\/09\/2025 Data de incheiere:\u00a031\/08\/2026 Parteneri: Facultatea de Arhitectur\u0103 \u0219i Inginerie Civil\u0103 Ybl Mikl\u00f3s, Universitatea Obuda, Budapesta, Ungaria &#8211; (Coordinator) Facultatea de Arhitectur\u0103 \u0219i Design, Universitatea Tehnologic\u0103 Slovac\u0103 din Bratislava, Republica Slovac\u0103 Facultatea de Inginerie [&hellip;]<\/p>\n","protected":false},"author":25,"featured_media":0,"parent":429,"menu_order":0,"comment_status":"closed","ping_status":"closed","template":"","meta":{"_relevanssi_hide_post":"","_relevanssi_hide_content":"","_relevanssi_pin_for_all":"","_relevanssi_pin_keywords":"","_relevanssi_unpin_keywords":"","_relevanssi_related_keywords":"","_relevanssi_related_include_ids":"","_relevanssi_related_exclude_ids":"","_relevanssi_related_no_append":"","_relevanssi_related_not_related":"","_relevanssi_related_posts":"17554,38547,34881,19085,19914,21638","_relevanssi_noindex_reason":"","footnotes":""},"categories":[16,146],"tags":[],"class_list":["post-39584","page","type-page","status-publish","hentry","category-pagina-sidebar","category-pagina-international"],"meta_box":[],"_links":{"self":[{"href":"https:\/\/umfst.ro\/hu\/wp-json\/wp\/v2\/pages\/39584","targetHints":{"allow":["GET"]}}],"collection":[{"href":"https:\/\/umfst.ro\/hu\/wp-json\/wp\/v2\/pages"}],"about":[{"href":"https:\/\/umfst.ro\/hu\/wp-json\/wp\/v2\/types\/page"}],"author":[{"embeddable":true,"href":"https:\/\/umfst.ro\/hu\/wp-json\/wp\/v2\/users\/25"}],"replies":[{"embeddable":true,"href":"https:\/\/umfst.ro\/hu\/wp-json\/wp\/v2\/comments?post=39584"}],"version-history":[{"count":8,"href":"https:\/\/umfst.ro\/hu\/wp-json\/wp\/v2\/pages\/39584\/revisions"}],"predecessor-version":[{"id":40693,"href":"https:\/\/umfst.ro\/hu\/wp-json\/wp\/v2\/pages\/39584\/revisions\/40693"}],"up":[{"embeddable":true,"href":"https:\/\/umfst.ro\/hu\/wp-json\/wp\/v2\/pages\/429"}],"wp:attachment":[{"href":"https:\/\/umfst.ro\/hu\/wp-json\/wp\/v2\/media?parent=39584"}],"wp:term":[{"taxonomy":"category","embeddable":true,"href":"https:\/\/umfst.ro\/hu\/wp-json\/wp\/v2\/categories?post=39584"},{"taxonomy":"post_tag","embeddable":true,"href":"https:\/\/umfst.ro\/hu\/wp-json\/wp\/v2\/tags?post=39584"}],"curies":[{"name":"wp","href":"https:\/\/api.w.org\/{rel}","templated":true}]}}