{"id":40186,"date":"2025-05-30T09:44:40","date_gmt":"2025-05-30T06:44:40","guid":{"rendered":"https:\/\/umfst.ro\/?page_id=40186"},"modified":"2025-06-16T14:52:57","modified_gmt":"2025-06-16T11:52:57","slug":"alumni","status":"publish","type":"page","link":"https:\/\/umfst.ro\/hu\/alumni\/","title":{"rendered":"Alumni"},"content":{"rendered":"<div data-elementor-type=\"wp-page\" data-elementor-id=\"40186\" class=\"elementor elementor-40186\" data-elementor-post-type=\"page\">\n\t\t\t\t\t\t<section class=\"elementor-section elementor-top-section elementor-element elementor-element-5e66bd9 elementor-section-boxed elementor-section-height-default elementor-section-height-default\" data-id=\"5e66bd9\" data-element_type=\"section\" data-e-type=\"section\">\n\t\t\t\t\t\t<div class=\"elementor-container elementor-column-gap-default\">\n\t\t\t\t\t<div class=\"elementor-column elementor-col-50 elementor-top-column elementor-element elementor-element-0cd4f28\" data-id=\"0cd4f28\" data-element_type=\"column\" data-e-type=\"column\">\n\t\t\t<div class=\"elementor-widget-wrap elementor-element-populated\">\n\t\t\t\t\t\t<div class=\"elementor-element elementor-element-5cc24a1 elementor-widget__width-initial elementor-widget elementor-widget-text-editor\" data-id=\"5cc24a1\" data-element_type=\"widget\" data-e-type=\"widget\" data-widget_type=\"text-editor.default\">\n\t\t\t\t<div class=\"elementor-widget-container\">\n\t\t\t\t\t\t\t\t\t<h2 style=\"text-align: left\">Bine a\u021bi venit \u00een comunitatea Alumni UMFST<\/h2><h5 style=\"text-align: left\"><strong>Comunitatea Alumni UMFST \u2013 Unde trecutul devine viitor<\/strong><\/h5><p style=\"text-align: left\">Comunitatea Alumni UMFST e mai mult dec\u00e2t o re\u021bea de absolven\u021bi. Este inima vie a universit\u0103\u021bii, puntea de aur care leag\u0103 genera\u021biile care au construit excelen\u021ba academic\u0103 la T\u00e2rgu Mure\u0219, de cele care o duc mai departe \u2013 cu pasiune, curaj \u0219i viziune.<\/p><p style=\"text-align: left\">Fie c\u0103 ai p\u0103\u0219it \u00een lume ca absolvent recent sau ai \u00eencheiat studiile cu ani \u00een urm\u0103, r\u0103m\u00e2i parte dintr-o comunitate academic\u0103 solid\u0103, unit\u0103 prin experien\u021be, valori, idealuri \u0219i leg\u0103turi profunde. Aici este locul t\u0103u \u2013 unde te po\u021bi re\u00eent\u00e2lni cu trecutul, inspira viitorul, ghida genera\u021biile noi \u0219i primi recunoa\u0219terea cuvenit\u0103.<\/p><p style=\"text-align: left\">Compartimentul Alumni UMFST\u00a0e aici pentru tine: s\u0103-\u021bi ofere un spa\u021biu real de conectare \u0219i colaborare, s\u0103-\u021bi spun\u0103 \u201ebine ai revenit acas\u0103\u201d \u0219i s\u0103-\u021bi reaminteasc\u0103 mereu c\u00e2t de valoros e\u0219ti pentru noi.<\/p><p style=\"text-align: left\">To\u021bi absolven\u021bii programelor de licen\u021b\u0103, masterat sau doctorat \u2013 fie sub egida Institutului de Medicin\u0103 \u0219i Farmacie, a UMF T\u00e2rgu Mure\u0219, UMFST sau a fostei Universit\u0103\u021bi \u201ePetru Maior\u201d \u2013 sunt parte din aceast\u0103 poveste. Povestea noastr\u0103. Povestea ta.<\/p>\t\t\t\t\t\t\t\t<\/div>\n\t\t\t\t<\/div>\n\t\t\t\t<div class=\"elementor-element elementor-element-b1d1df2 elementor-widget elementor-widget-heading\" data-id=\"b1d1df2\" data-element_type=\"widget\" data-e-type=\"widget\" data-widget_type=\"heading.default\">\n\t\t\t\t<div class=\"elementor-widget-container\">\n\t\t\t\t\t<h2 class=\"elementor-heading-title elementor-size-default\"><b>R\u0103m\u00e2i conectat cu universitatea ta<\/b><\/h2>\t\t\t\t<\/div>\n\t\t\t\t<\/div>\n\t\t\t\t<div data-dce-background-color=\"#2359B317\" class=\"elementor-element elementor-element-0d1a6ee elementor-widget__width-auto elementor-widget elementor-widget-button\" data-id=\"0d1a6ee\" data-element_type=\"widget\" data-e-type=\"widget\" data-widget_type=\"button.default\">\n\t\t\t\t<div class=\"elementor-widget-container\">\n\t\t\t\t\t\t\t\t\t<div class=\"elementor-button-wrapper\">\n\t\t\t\t\t<a class=\"elementor-button elementor-button-link elementor-size-sm\" href=\"https:\/\/forms.office.com\/pages\/responsepage.aspx?id=ftE5uhw6yEOtrxFkeg7eYbEu5z-ARMJNgpy-Iavr26BURjJBTjJPTjBaRVpLTDhLS0YyOEFTMldCMy4u&#038;route=shorturl\" target=\"_blank\" rel=\"noopener\">\n\t\t\t\t\t\t<span class=\"elementor-button-content-wrapper\">\n\t\t\t\t\t\t<span class=\"elementor-button-icon\">\n\t\t\t\t<i aria-hidden=\"true\" class=\"fab fa-wpforms\"><\/i>\t\t\t<\/span>\n\t\t\t\t\t\t\t\t\t<span class=\"elementor-button-text\">\u00censcrie-te<\/span>\n\t\t\t\t\t<\/span>\n\t\t\t\t\t<\/a>\n\t\t\t\t<\/div>\n\t\t\t\t\t\t\t\t<\/div>\n\t\t\t\t<\/div>\n\t\t\t\t\t<\/div>\n\t\t<\/div>\n\t\t\t\t<div class=\"elementor-column elementor-col-50 elementor-top-column elementor-element elementor-element-c981093\" data-id=\"c981093\" data-element_type=\"column\" data-e-type=\"column\">\n\t\t\t<div class=\"elementor-widget-wrap elementor-element-populated\">\n\t\t\t\t\t\t<section class=\"elementor-section elementor-inner-section elementor-element elementor-element-afa1327 elementor-section-boxed elementor-section-height-default elementor-section-height-default\" data-id=\"afa1327\" data-element_type=\"section\" data-e-type=\"section\">\n\t\t\t\t\t\t<div class=\"elementor-container elementor-column-gap-default\">\n\t\t\t\t\t<div data-dce-background-color=\"#F2F7FF\" class=\"elementor-column elementor-col-100 elementor-inner-column elementor-element elementor-element-e707930\" data-id=\"e707930\" data-element_type=\"column\" data-e-type=\"column\" data-settings=\"{&quot;background_background&quot;:&quot;classic&quot;}\">\n\t\t\t<div class=\"elementor-widget-wrap elementor-element-populated\">\n\t\t\t\t\t\t<div class=\"elementor-element elementor-element-0c50d08 elementor-widget elementor-widget-heading\" data-id=\"0c50d08\" data-element_type=\"widget\" data-e-type=\"widget\" data-widget_type=\"heading.default\">\n\t\t\t\t<div class=\"elementor-widget-container\">\n\t\t\t\t\t<h5 class=\"elementor-heading-title elementor-size-default\">Kapcsolat<\/h5>\t\t\t\t<\/div>\n\t\t\t\t<\/div>\n\t\t\t\t<div class=\"elementor-element elementor-element-e21eea1 elementor-widget-divider--view-line elementor-widget elementor-widget-divider\" data-id=\"e21eea1\" data-element_type=\"widget\" data-e-type=\"widget\" data-widget_type=\"divider.default\">\n\t\t\t\t<div class=\"elementor-widget-container\">\n\t\t\t\t\t\t\t<div class=\"elementor-divider\">\n\t\t\t<span class=\"elementor-divider-separator\">\n\t\t\t\t\t\t<\/span>\n\t\t<\/div>\n\t\t\t\t\t\t<\/div>\n\t\t\t\t<\/div>\n\t\t\t\t<div class=\"elementor-element elementor-element-c468f85 elementor-widget elementor-widget-heading\" data-id=\"c468f85\" data-element_type=\"widget\" data-e-type=\"widget\" data-widget_type=\"heading.default\">\n\t\t\t\t<div class=\"elementor-widget-container\">\n\t\t\t\t\t<h5 class=\"elementor-heading-title elementor-size-default\">Adres\u0103<\/h5>\t\t\t\t<\/div>\n\t\t\t\t<\/div>\n\t\t\t\t<div class=\"elementor-element elementor-element-6d4fa49 elementor-widget elementor-widget-heading\" data-id=\"6d4fa49\" data-element_type=\"widget\" data-e-type=\"widget\" data-widget_type=\"heading.default\">\n\t\t\t\t<div class=\"elementor-widget-container\">\n\t\t\t\t\t<h6 class=\"elementor-heading-title elementor-size-default\">Strada Gheorghe Marinescu nr. 38,<br>\nCl\u0103direa Institutului de Medicin\u0103 Legal\u0103, etaj 1, <br>T\u00e2rgu Mure\u0219, Rom\u00e2nia\n<\/h6>\t\t\t\t<\/div>\n\t\t\t\t<\/div>\n\t\t\t\t<div class=\"elementor-element elementor-element-9d1b7e6 elementor-widget elementor-widget-heading\" data-id=\"9d1b7e6\" data-element_type=\"widget\" data-e-type=\"widget\" data-widget_type=\"heading.default\">\n\t\t\t\t<div class=\"elementor-widget-container\">\n\t\t\t\t\t<h5 class=\"elementor-heading-title elementor-size-default\">Persoane de contact<\/h5>\t\t\t\t<\/div>\n\t\t\t\t<\/div>\n\t\t\t\t<div class=\"elementor-element elementor-element-f0ce220 elementor-widget elementor-widget-heading\" data-id=\"f0ce220\" data-element_type=\"widget\" data-e-type=\"widget\" data-widget_type=\"heading.default\">\n\t\t\t\t<div class=\"elementor-widget-container\">\n\t\t\t\t\t<h6 class=\"elementor-heading-title elementor-size-default\">\u0218ef lucr. dr. Iuliu Gabriel Cocuz<br>\nEuxenia Alina Condrea<\/h6>\t\t\t\t<\/div>\n\t\t\t\t<\/div>\n\t\t\t\t<div class=\"elementor-element elementor-element-8318f7d elementor-widget elementor-widget-heading\" data-id=\"8318f7d\" data-element_type=\"widget\" data-e-type=\"widget\" data-widget_type=\"heading.default\">\n\t\t\t\t<div class=\"elementor-widget-container\">\n\t\t\t\t\t<h5 class=\"elementor-heading-title elementor-size-default\">Telefon<\/h5>\t\t\t\t<\/div>\n\t\t\t\t<\/div>\n\t\t\t\t<div data-dce-title-color=\"#2359B3\" class=\"elementor-element elementor-element-2e7d6ab elementor-widget elementor-widget-heading\" data-id=\"2e7d6ab\" data-element_type=\"widget\" data-e-type=\"widget\" data-widget_type=\"heading.default\">\n\t\t\t\t<div class=\"elementor-widget-container\">\n\t\t\t\t\t<h6 class=\"elementor-heading-title elementor-size-default\"><a href=\"tel:%20+40265215551\">+40-265-215.551, int. 104<\/a><\/h6>\t\t\t\t<\/div>\n\t\t\t\t<\/div>\n\t\t\t\t<div class=\"elementor-element elementor-element-f8d70aa elementor-widget elementor-widget-heading\" data-id=\"f8d70aa\" data-element_type=\"widget\" data-e-type=\"widget\" data-widget_type=\"heading.default\">\n\t\t\t\t<div class=\"elementor-widget-container\">\n\t\t\t\t\t<h5 class=\"elementor-heading-title elementor-size-default\">E-mail<\/h5>\t\t\t\t<\/div>\n\t\t\t\t<\/div>\n\t\t\t\t<div data-dce-title-color=\"#2359B3\" class=\"elementor-element elementor-element-4d8e333 elementor-widget elementor-widget-heading\" data-id=\"4d8e333\" data-element_type=\"widget\" data-e-type=\"widget\" data-widget_type=\"heading.default\">\n\t\t\t\t<div class=\"elementor-widget-container\">\n\t\t\t\t\t<h6 class=\"elementor-heading-title elementor-size-default\">alumni@umfst.ro, iuliu.cocuz@umfst.ro, euxenia.condrea@umfst.ro<\/h6>\t\t\t\t<\/div>\n\t\t\t\t<\/div>\n\t\t\t\t<div data-dce-title-color=\"#0F0F0F\" class=\"elementor-element elementor-element-bc0fe94 elementor-position-inline-start elementor-widget__width-initial elementor-view-default elementor-mobile-position-block-start elementor-widget elementor-widget-icon-box\" data-id=\"bc0fe94\" data-element_type=\"widget\" data-e-type=\"widget\" data-widget_type=\"icon-box.default\">\n\t\t\t\t<div class=\"elementor-widget-container\">\n\t\t\t\t\t\t\t<div class=\"elementor-icon-box-wrapper\">\n\n\t\t\t\t\t\t<div class=\"elementor-icon-box-icon\">\n\t\t\t\t<a href=\"https:\/\/www.facebook.com\/AlumniUMFST\/\" class=\"elementor-icon\" tabindex=\"-1\" target=\"_blank\" rel=\"noopener\">\n\t\t\t\t<i aria-hidden=\"true\" class=\"fab fa-facebook\"><\/i>\t\t\t\t<\/a>\n\t\t\t<\/div>\n\t\t\t\n\t\t\t\t\t\t<div class=\"elementor-icon-box-content\">\n\n\t\t\t\t\n\t\t\t\t\t\t\t\t\t<p class=\"elementor-icon-box-description\">\n\t\t\t\t\t\t\n\t\t\t\t\t<\/p>\n\t\t\t\t\n\t\t\t<\/div>\n\t\t\t\n\t\t<\/div>\n\t\t\t\t\t\t<\/div>\n\t\t\t\t<\/div>\n\t\t\t\t<div data-dce-title-color=\"#0F0F0F\" class=\"elementor-element elementor-element-525cb1c elementor-position-inline-start elementor-widget__width-initial elementor-view-default elementor-mobile-position-block-start elementor-widget elementor-widget-icon-box\" data-id=\"525cb1c\" data-element_type=\"widget\" data-e-type=\"widget\" data-widget_type=\"icon-box.default\">\n\t\t\t\t<div class=\"elementor-widget-container\">\n\t\t\t\t\t\t\t<div class=\"elementor-icon-box-wrapper\">\n\n\t\t\t\t\t\t<div class=\"elementor-icon-box-icon\">\n\t\t\t\t<a href=\"https:\/\/www.instagram.com\/alumni_umfst\/\" class=\"elementor-icon\" tabindex=\"-1\" target=\"_blank\" rel=\"noopener\">\n\t\t\t\t<i aria-hidden=\"true\" class=\"fab fa-instagram\"><\/i>\t\t\t\t<\/a>\n\t\t\t<\/div>\n\t\t\t\n\t\t\t\t\t\t<div class=\"elementor-icon-box-content\">\n\n\t\t\t\t\n\t\t\t\t\t\t\t\t\t<p class=\"elementor-icon-box-description\">\n\t\t\t\t\t\t\n\t\t\t\t\t<\/p>\n\t\t\t\t\n\t\t\t<\/div>\n\t\t\t\n\t\t<\/div>\n\t\t\t\t\t\t<\/div>\n\t\t\t\t<\/div>\n\t\t\t\t\t<\/div>\n\t\t<\/div>\n\t\t\t\t\t<\/div>\n\t\t<\/section>\n\t\t\t\t\t<\/div>\n\t\t<\/div>\n\t\t\t\t\t<\/div>\n\t\t<\/section>\n\t\t\t\t<\/div>","protected":false},"excerpt":{"rendered":"<p>Bine a\u021bi venit \u00een comunitatea Alumni UMFST Comunitatea Alumni UMFST \u2013 Unde trecutul devine viitor Comunitatea Alumni UMFST e mai mult dec\u00e2t o re\u021bea de absolven\u021bi. Este inima vie a universit\u0103\u021bii, puntea de aur care leag\u0103 genera\u021biile care au construit excelen\u021ba academic\u0103 la T\u00e2rgu Mure\u0219, de cele care o duc mai departe \u2013 cu pasiune, [&hellip;]<\/p>\n","protected":false},"author":25,"featured_media":40187,"parent":0,"menu_order":0,"comment_status":"closed","ping_status":"closed","template":"","meta":{"_relevanssi_hide_post":"","_relevanssi_hide_content":"","_relevanssi_pin_for_all":"","_relevanssi_pin_keywords":"","_relevanssi_unpin_keywords":"","_relevanssi_related_keywords":"","_relevanssi_related_include_ids":"","_relevanssi_related_exclude_ids":"","_relevanssi_related_no_append":"","_relevanssi_related_not_related":"","_relevanssi_related_posts":"27376,36381,35881,24241,22039,39006","_relevanssi_noindex_reason":"","footnotes":""},"categories":[292,16],"tags":[],"class_list":["post-40186","page","type-page","status-publish","has-post-thumbnail","hentry","category-pagina-alumni","category-pagina-sidebar"],"meta_box":[],"_links":{"self":[{"href":"https:\/\/umfst.ro\/hu\/wp-json\/wp\/v2\/pages\/40186","targetHints":{"allow":["GET"]}}],"collection":[{"href":"https:\/\/umfst.ro\/hu\/wp-json\/wp\/v2\/pages"}],"about":[{"href":"https:\/\/umfst.ro\/hu\/wp-json\/wp\/v2\/types\/page"}],"author":[{"embeddable":true,"href":"https:\/\/umfst.ro\/hu\/wp-json\/wp\/v2\/users\/25"}],"replies":[{"embeddable":true,"href":"https:\/\/umfst.ro\/hu\/wp-json\/wp\/v2\/comments?post=40186"}],"version-history":[{"count":41,"href":"https:\/\/umfst.ro\/hu\/wp-json\/wp\/v2\/pages\/40186\/revisions"}],"predecessor-version":[{"id":47235,"href":"https:\/\/umfst.ro\/hu\/wp-json\/wp\/v2\/pages\/40186\/revisions\/47235"}],"wp:featuredmedia":[{"embeddable":true,"href":"https:\/\/umfst.ro\/hu\/wp-json\/wp\/v2\/media\/40187"}],"wp:attachment":[{"href":"https:\/\/umfst.ro\/hu\/wp-json\/wp\/v2\/media?parent=40186"}],"wp:term":[{"taxonomy":"category","embeddable":true,"href":"https:\/\/umfst.ro\/hu\/wp-json\/wp\/v2\/categories?post=40186"},{"taxonomy":"post_tag","embeddable":true,"href":"https:\/\/umfst.ro\/hu\/wp-json\/wp\/v2\/tags?post=40186"}],"curies":[{"name":"wp","href":"https:\/\/api.w.org\/{rel}","templated":true}]}}