{"id":40246,"date":"2025-05-30T13:47:39","date_gmt":"2025-05-30T10:47:39","guid":{"rendered":"https:\/\/umfst.ro\/?page_id=40246"},"modified":"2025-06-16T14:55:24","modified_gmt":"2025-06-16T11:55:24","slug":"despre-noi","status":"publish","type":"page","link":"https:\/\/umfst.ro\/hu\/alumni\/despre-noi\/","title":{"rendered":"Despre noi"},"content":{"rendered":"<div data-elementor-type=\"wp-page\" data-elementor-id=\"40246\" class=\"elementor elementor-40246\" data-elementor-post-type=\"page\">\n\t\t\t\t\t\t<section class=\"elementor-section elementor-top-section elementor-element elementor-element-f1c4fcc elementor-section-boxed elementor-section-height-default elementor-section-height-default\" data-id=\"f1c4fcc\" data-element_type=\"section\" data-e-type=\"section\">\n\t\t\t\t\t\t<div class=\"elementor-container elementor-column-gap-default\">\n\t\t\t\t\t<div class=\"elementor-column elementor-col-100 elementor-top-column elementor-element elementor-element-3de150d\" data-id=\"3de150d\" data-element_type=\"column\" data-e-type=\"column\">\n\t\t\t<div class=\"elementor-widget-wrap elementor-element-populated\">\n\t\t\t\t\t\t<div class=\"elementor-element elementor-element-153eb7b elementor-widget__width-initial elementor-widget elementor-widget-text-editor\" data-id=\"153eb7b\" data-element_type=\"widget\" data-e-type=\"widget\" data-widget_type=\"text-editor.default\">\n\t\t\t\t<div class=\"elementor-widget-container\">\n\t\t\t\t\t\t\t\t\t<h2 style=\"text-align: left\"><strong>Ce facem?\u00a0<\/strong><\/h2><h5 style=\"text-align: left\"><strong>Suntem leg\u0103tura dintre ce a fost \u0219i tot ce urmeaz\u0103<\/strong><\/h5><p style=\"text-align: left\">La Compartimentul Alumni UMFST, misiunea noastr\u0103 este simpl\u0103 \u0219i frumoas\u0103: s\u0103 \u021binem vie leg\u0103tura dintre universitate \u0219i absolven\u021bii s\u0103i. Suntem aici pentru voi \u2013 to\u021bi cei care a\u021bi tr\u0103it emo\u021bia anilor de studiu la T\u00e2rgu Mure\u0219, indiferent de promo\u021bie, specializare sau denumirea oficial\u0103 a diplomei.<\/p><p style=\"text-align: left\">Organiz\u0103m reuniunile absolven\u021bilor, cre\u0103m evenimente speciale, sus\u021binem ini\u021biative de mentorat, ne implic\u0103m \u00een proiecte de dezvoltare profesional\u0103 \u0219i p\u0103str\u0103m un canal deschis pentru dialog \u0219i colaborare \u00eentre genera\u021bii.<\/p><p style=\"text-align: left\">Ne ocup\u0103m de tot ce \u00eenseamn\u0103 comunitatea Alumni \u2013 de la cereri de revedere, p\u00e2n\u0103 la aplauzele din sal\u0103. De la platforma UMFST Pulse (spa\u021biul t\u0103u digital de reconectare), p\u00e2n\u0103 la reviste, \u00eent\u00e2lniri, emo\u021bii \u0219i planuri.<\/p><p style=\"text-align: left\">Pentru noi, \u201eAlumni\u201d nu e doar un cuv\u00e2nt. E o energie. O apartenen\u021b\u0103. E locul \u00een care prietenii devin re\u021bea, amintirile devin resurs\u0103, iar drumul t\u0103u profesional r\u0103m\u00e2ne mereu conectat la alma mater.<\/p><h2 style=\"text-align: left\"><strong>Cine suntem?<\/strong><\/h2><p style=\"text-align: left\">Suntem echipa din spatele comunit\u0103\u021bii Alumni UMFST \u2013 o echip\u0103 mic\u0103, dar cu inima mare \u0219i idei c\u00e2t o promo\u021bie \u00eentreag\u0103!\u00a0<\/p><p style=\"text-align: left\">Cre\u0103m leg\u0103tura dintre genera\u021bii, sus\u021binem ini\u021biative, ascult\u0103m pove\u0219ti \u0219i construim altele noi. Pentru c\u0103 o comunitate vie are nevoie de grij\u0103, aten\u021bie \u0219i un strop de entuziasm \u2013 iar asta livr\u0103m noi, zi de zi.<\/p><p style=\"text-align: left\">Ai o idee, o \u00eentrebare sau vrei s\u0103-\u021bi re\u00eent\u00e2lne\u0219ti colegii? Scrie-ne. Suntem aici s\u0103 transform\u0103m inten\u021biile \u00een \u00eent\u00e2lniri, iar amintirile \u2013 \u00een proiecte noi.<\/p>\t\t\t\t\t\t\t\t<\/div>\n\t\t\t\t<\/div>\n\t\t\t\t<div class=\"elementor-element elementor-element-6357b80 elementor-widget__width-initial elementor-widget elementor-widget-text-editor\" data-id=\"6357b80\" data-element_type=\"widget\" data-e-type=\"widget\" data-widget_type=\"text-editor.default\">\n\t\t\t\t<div class=\"elementor-widget-container\">\n\t\t\t\t\t\t\t\t\t<h2 style=\"text-align: left\" class=\" translation-block\"><strong>Structur<\/strong><strong>\u0103 departament<\/strong><\/h2><p style=\"text-align: left\"><strong>Coordonator<br \/><\/strong>\u0218ef lucr. dr. Iuliu Gabriel Cocuz<br \/>E-mail:\u00a0<a href=\"mailto:alumni@umfst.ro\">alumni@umfst.ro<\/a>, <a href=\"mailto:iuliu.cocuz@umfst.ro\">iuliu.cocuz@umfst.ro<\/a><br \/>Program de audien\u021be: miercuri 12:00 \u2013 14:00 sau oric\u00e2nd ai nevoie de noi.<\/p><p style=\"text-align: left\"><strong>Coordonator adjunct<br \/><\/strong>Asist. univ. dr. Marius Alexandru Beleaua<br \/>E-mail:\u00a0<a href=\"mailto:marius.beleaua@umfst.ro\">marius.beleaua@umfst.ro<\/a><\/p><p style=\"text-align: left\"><strong>Alumni officer<br \/><\/strong>Euxenia Alina Condrea<br \/>Program: Luni \u2013 vineri, 08:00 \u2013 16:00<br \/>E-mail:\u00a0<a href=\"mailto:euxenia.condrea@umfst.ro\">euxenia.condrea@umfst.ro<\/a><\/p><p style=\"text-align: left\"><strong><br \/>Consiliul Alumni UMFST. Oameni care pun comunitatea \u00een mi\u0219care<\/strong>\u00a0<\/p><p style=\"text-align: left\" class=\" translation-block\">\u00cen spatele fiec\u0103rei ini\u021biative Alumni st\u0103 un grup de oameni dedica\u021bi, entuzia\u0219ti \u0219i conecta\u021bi la realitatea de azi \u2013 \u0219i la pove\u0219tile de ieri.<br>Consiliul Alumni UMFST este motorul comunit\u0103\u021bii noastre: o echip\u0103 inter-facult\u0103\u021bi care planific\u0103, sus\u021bine \u0219i dezvolt\u0103 tot ce \u00eenseamn\u0103 leg\u0103tura cu absolven\u021bii no\u0219tri din \u021bar\u0103 \u0219i din lume.<\/p><p style=\"text-align: left\">De la idei la proiecte. De la \u201ehai s\u0103 ne vedem\u201d la reviste, evenimente \u0219i Pulse. Ei sunt oamenii care transform\u0103 energia Alumni \u00eentr-o mi\u0219care real\u0103.<\/p><p>Fiecare facultate din cadrul UMFST G.E. Palade T\u00e2rgu Mure\u0219 \u00ee\u0219i p\u0103streaz\u0103 conexiunea cu absolven\u021bii s\u0103i printr-un reprezentant dedicat, un veritabil ambasador al valorilor \u0219i tradi\u021biei academice.<\/p><h2 style=\"text-align: left\"><strong><br \/>Membrii Consiliului Alumni UMFST\u00a0<\/strong><\/h2><p style=\"text-align: left\"><strong>Coordonator<\/strong><br \/>\u0218ef lucr. dr. Iuliu Gabriel Cocuz<\/p><p style=\"text-align: left\"><strong>Coordonator adjunct<\/strong><br \/>Asist. univ. dr. Marius Alexandru Beleaua<\/p><p style=\"text-align: left\"><strong>Alumni officer<\/strong><br \/>Euxenia Alina Condrea<\/p><p style=\"text-align: left\"><strong>Reprezentan\u021bi pe facult\u0103\u021bi<br \/><\/strong><\/p><ul style=\"text-align: left\"><li>Facultatea de Medicin\u0103 \u2013 Asist. univ. drd. Oana Tiuc\u0103<\/li><li>Facultatea de Medicin\u0103 \u00een Limba Englez\u0103 \u2013 Asist. univ. dr. Drago\u0219 Baba<\/li><li>Facultatea de Medicin\u0103 Dentar\u0103 \u2013 Asist. univ. drd. Aniela Cerghedi<\/li><li>Facultatea de Farmacie \u2013 \u0218ef lucr. dr. Marius Chereche\u0219<\/li><li>Facultatea de Inginerie \u0219i Tehnologia Informa\u021biei \u2013 Conf. univ. dr. Mihaela Bucur<\/li><li>Facultatea de \u0218tiin\u021be \u0219i Litere \u201ePetru Maior\u201d \u2013 Asist. univ. drd. Anca Rusu<\/li><li>Facultatea de Economie \u0219i Drept \u2013 Asist. univ. dr. Bogdan Baco\u0219<\/li><\/ul><p style=\"text-align: left\">Suntem aici ca s\u0103 conect\u0103m genera\u021bii, s\u0103 sus\u021binem ini\u021biative \u0219i s\u0103 cre\u0219tem \u00eempreun\u0103 cu voi, absolven\u021bii UMFST. Pentru c\u0103 Alumni nu e doar un capitol trecut. Este o poveste vie \u2013 \u0219i o construim \u00eempreun\u0103.<\/p><h2 style=\"text-align: left\"><strong><br \/>MOGyE hivatalos dokumentumok<\/strong><\/h2><p style=\"text-align: left\">Regulamentul Compartimentului Alumni &#8211; <a href=\"https:\/\/www.umfst.ro\/fileadmin\/documente_oficiale\/regulamente\/UMFST-REG-124.pdf\">UMFST-REG-124<\/a><\/p>\t\t\t\t\t\t\t\t<\/div>\n\t\t\t\t<\/div>\n\t\t\t\t\t<\/div>\n\t\t<\/div>\n\t\t\t\t\t<\/div>\n\t\t<\/section>\n\t\t\t\t<\/div>","protected":false},"excerpt":{"rendered":"<p>Ce facem?\u00a0 Suntem leg\u0103tura dintre ce a fost \u0219i tot ce urmeaz\u0103 La Compartimentul Alumni UMFST, misiunea noastr\u0103 este simpl\u0103 \u0219i frumoas\u0103: s\u0103 \u021binem vie leg\u0103tura dintre universitate \u0219i absolven\u021bii s\u0103i. Suntem aici pentru voi \u2013 to\u021bi cei care a\u021bi tr\u0103it emo\u021bia anilor de studiu la T\u00e2rgu Mure\u0219, indiferent de promo\u021bie, specializare sau denumirea oficial\u0103 [&hellip;]<\/p>\n","protected":false},"author":25,"featured_media":0,"parent":40186,"menu_order":0,"comment_status":"closed","ping_status":"closed","template":"","meta":{"_relevanssi_hide_post":"","_relevanssi_hide_content":"","_relevanssi_pin_for_all":"","_relevanssi_pin_keywords":"","_relevanssi_unpin_keywords":"","_relevanssi_related_keywords":"","_relevanssi_related_include_ids":"","_relevanssi_related_exclude_ids":"","_relevanssi_related_no_append":"","_relevanssi_related_not_related":"","_relevanssi_related_posts":"30650,36735,18731,28682,37749,21938","_relevanssi_noindex_reason":"","footnotes":""},"categories":[292,16],"tags":[],"class_list":["post-40246","page","type-page","status-publish","hentry","category-pagina-alumni","category-pagina-sidebar"],"meta_box":[],"_links":{"self":[{"href":"https:\/\/umfst.ro\/hu\/wp-json\/wp\/v2\/pages\/40246","targetHints":{"allow":["GET"]}}],"collection":[{"href":"https:\/\/umfst.ro\/hu\/wp-json\/wp\/v2\/pages"}],"about":[{"href":"https:\/\/umfst.ro\/hu\/wp-json\/wp\/v2\/types\/page"}],"author":[{"embeddable":true,"href":"https:\/\/umfst.ro\/hu\/wp-json\/wp\/v2\/users\/25"}],"replies":[{"embeddable":true,"href":"https:\/\/umfst.ro\/hu\/wp-json\/wp\/v2\/comments?post=40246"}],"version-history":[{"count":34,"href":"https:\/\/umfst.ro\/hu\/wp-json\/wp\/v2\/pages\/40246\/revisions"}],"predecessor-version":[{"id":40884,"href":"https:\/\/umfst.ro\/hu\/wp-json\/wp\/v2\/pages\/40246\/revisions\/40884"}],"up":[{"embeddable":true,"href":"https:\/\/umfst.ro\/hu\/wp-json\/wp\/v2\/pages\/40186"}],"wp:attachment":[{"href":"https:\/\/umfst.ro\/hu\/wp-json\/wp\/v2\/media?parent=40246"}],"wp:term":[{"taxonomy":"category","embeddable":true,"href":"https:\/\/umfst.ro\/hu\/wp-json\/wp\/v2\/categories?post=40246"},{"taxonomy":"post_tag","embeddable":true,"href":"https:\/\/umfst.ro\/hu\/wp-json\/wp\/v2\/tags?post=40246"}],"curies":[{"name":"wp","href":"https:\/\/api.w.org\/{rel}","templated":true}]}}