{"id":40277,"date":"2025-06-02T09:23:22","date_gmt":"2025-06-02T06:23:22","guid":{"rendered":"https:\/\/umfst.ro\/?page_id=40277"},"modified":"2025-11-19T10:59:55","modified_gmt":"2025-11-19T08:59:55","slug":"pulse","status":"publish","type":"page","link":"https:\/\/umfst.ro\/hu\/alumni\/pulse\/","title":{"rendered":"Ce este UMFST Pulse?"},"content":{"rendered":"<div data-elementor-type=\"wp-page\" data-elementor-id=\"40277\" class=\"elementor elementor-40277\" data-elementor-post-type=\"page\">\n\t\t\t\t\t\t<section class=\"elementor-section elementor-top-section elementor-element elementor-element-f1c4fcc elementor-section-boxed elementor-section-height-default elementor-section-height-default\" data-id=\"f1c4fcc\" data-element_type=\"section\" data-e-type=\"section\">\n\t\t\t\t\t\t<div class=\"elementor-container elementor-column-gap-default\">\n\t\t\t\t\t<div class=\"elementor-column elementor-col-100 elementor-top-column elementor-element elementor-element-3de150d\" data-id=\"3de150d\" data-element_type=\"column\" data-e-type=\"column\">\n\t\t\t<div class=\"elementor-widget-wrap elementor-element-populated\">\n\t\t\t\t\t\t<div class=\"elementor-element elementor-element-153eb7b elementor-widget__width-initial elementor-widget elementor-widget-text-editor\" data-id=\"153eb7b\" data-element_type=\"widget\" data-e-type=\"widget\" data-widget_type=\"text-editor.default\">\n\t\t\t\t<div class=\"elementor-widget-container\">\n\t\t\t\t\t\t\t\t\t<h5><strong>Descarc\u0103 aplica\u021bia Pulse!<\/strong><\/h5><p class=\" translation-block\">Fii conectat(\u0103) \u00een fiecare zi cu universitatea ta!&nbsp;<strong>UMFST Pulse<\/strong> este disponibil \u00een:<\/p><p><a href=\"https:\/\/play.google.com\/store\/search?q=umfst%20pulse&amp;c=apps\" target=\"_blank\" rel=\"noopener\"><img decoding=\"async\" class=\"alignnone wp-image-40319 size-full\" src=\"https:\/\/umfst.ro\/wp-content\/uploads\/2025\/06\/Store-download-button.png\" alt=\"\" width=\"120\" height=\"40\" srcset=\"https:\/\/umfst.ro\/wp-content\/uploads\/2025\/06\/Store-download-button.png 120w, https:\/\/umfst.ro\/wp-content\/uploads\/2025\/06\/Store-download-button-18x6.png 18w\" sizes=\"(max-width: 120px) 100vw, 120px\" \/><\/a>\u00a0 \u00a0 <a href=\"https:\/\/apps.apple.com\/ro\/app\/umfst-pulse\/id6738797090\" target=\"_blank\" rel=\"noopener\"><img decoding=\"async\" class=\"alignnone wp-image-40320 size-full\" src=\"https:\/\/umfst.ro\/wp-content\/uploads\/2025\/06\/Component-2.png\" alt=\"\" width=\"120\" height=\"40\" srcset=\"https:\/\/umfst.ro\/wp-content\/uploads\/2025\/06\/Component-2.png 120w, https:\/\/umfst.ro\/wp-content\/uploads\/2025\/06\/Component-2-18x6.png 18w\" sizes=\"(max-width: 120px) 100vw, 120px\" \/><\/a><\/p><p>sau pe aplica\u021bia web: <a href=\"https:\/\/pulse.umfst.ro\/\">pulse.umfst.ro<\/a><\/p><p>Creeaz\u0103-\u021bi contul, personalizeaz\u0103-\u021bi profilul \u0219i&#8230; hai s\u0103 fim din nou \u00eempreun\u0103!<\/p><p>\u00a0<\/p><h2>Ce este UMFST Pulse?<\/h2><p>O aplica\u021bie? Da.<br \/>O platform\u0103? \u0218i mai mult.<br \/>UMFST Pulse este podul care leag\u0103 trecutul t\u0103u universitar de viitorul t\u0103u profesional.<\/p><p>Este spa\u021biul digital oficial al comunit\u0103\u021bii Alumni UMFST, disponibil prin aplica\u021bie mobil\u0103 (iOS &amp; Android), unde po\u021bi:<\/p><ul><li>\u021aine leg\u0103tura cu universitatea \u0219i colegii t\u0103i<\/li><li>Primi invita\u021bii la evenimente, reuniuni, conferin\u021be<\/li><li>Participa la programe de mentorat \u0219i networking<\/li><li>Accesa resurse, nout\u0103\u021bi \u0219i ini\u021biative din mediul academic \u0219i profesional<\/li><li>Contribui activ la o comunitate global\u0103 de Alumni UMFST<\/li><\/ul><h5><strong><br \/>O platform\u0103 global\u0103 pentru o re\u021bea global\u0103<\/strong><\/h5><p class=\" translation-block\">Indiferent unde te afli \u2013 la T\u00e2rgu Mure\u0219, Londra sau New York \u2013 <strong>Pulse<\/strong>&nbsp;te \u021bine conectat(\u0103).<br>Este creat\u0103 pentru to\u021bi cei care au trecut prin b\u0103ncile universit\u0103\u021bii noastre:<\/p><ul><li>Absolven\u021bi de licen\u021b\u0103, masterat sau doctorat<\/li><li>Promo\u021biile Institutului de Medicin\u0103 \u0219i Farmacie din T\u00e2rgu Mure\u0219<\/li><li>Fosta Universitate \u201ePetru Maior\u201d<\/li><li>Universitatea de Medicin\u0103 \u0219i Farmacie T\u00e2rgu Mure\u0219<\/li><li>Actuala UMFST \u201eGeorge Emil Palade\u201d<\/li><\/ul><p><br \/>Dac\u0103 e\u0219ti unul dintre noi, Pulse e pentru tine.<\/p>\t\t\t\t\t\t\t\t<\/div>\n\t\t\t\t<\/div>\n\t\t\t\t<div class=\"elementor-element elementor-element-6357b80 elementor-widget elementor-widget-text-editor\" data-id=\"6357b80\" data-element_type=\"widget\" data-e-type=\"widget\" data-widget_type=\"text-editor.default\">\n\t\t\t\t<div class=\"elementor-widget-container\">\n\t\t\t\t\t\t\t\t\t<h2><strong>Misiunea Pulse = Misiunea noastr\u0103<\/strong><\/h2><ul><li>S\u0103 p\u0103str\u0103m vie leg\u0103tura dintre absolven\u021bi \u0219i Alma Mater<\/li><li>S\u0103 cre\u0103m o comunitate Alumni activ\u0103, vizibil\u0103, implicat\u0103<\/li><li>S\u0103 promov\u0103m mentoratul, colaborarea \u0219i reu\u0219ita \u00een re\u021bea<\/li><\/ul><p>Alumni UMFST Pulse \u00eenseamn\u0103 oportunit\u0103\u021bi. Prietenii vechi. Idei noi. \u0218i o comunitate care te sus\u021bine mereu.<\/p><p><strong>Hai \u00een comunitate!<\/strong><\/p><p>UMFST Pulse nu e doar despre ce a fost. E despre ce putem construi \u00eempreun\u0103 de aici \u00eenainte. F\u0103 parte din mi\u0219care. Intr\u0103 \u00een Pulse.<\/p>\t\t\t\t\t\t\t\t<\/div>\n\t\t\t\t<\/div>\n\t\t\t\t\t<\/div>\n\t\t<\/div>\n\t\t\t\t\t<\/div>\n\t\t<\/section>\n\t\t\t\t<\/div>","protected":false},"excerpt":{"rendered":"<p>Descarc\u0103 aplica\u021bia Pulse! Fii conectat(\u0103) \u00een fiecare zi cu universitatea ta!\u00a0UMFST Pulse este disponibil \u00een: \u00a0 \u00a0 sau pe aplica\u021bia web: pulse.umfst.ro Creeaz\u0103-\u021bi contul, personalizeaz\u0103-\u021bi profilul \u0219i&#8230; hai s\u0103 fim din nou \u00eempreun\u0103! \u00a0 Ce este UMFST Pulse? O aplica\u021bie? Da.O platform\u0103? \u0218i mai mult.UMFST Pulse este podul care leag\u0103 trecutul t\u0103u universitar de viitorul [&hellip;]<\/p>\n","protected":false},"author":25,"featured_media":0,"parent":40186,"menu_order":0,"comment_status":"closed","ping_status":"closed","template":"","meta":{"_relevanssi_hide_post":"","_relevanssi_hide_content":"","_relevanssi_pin_for_all":"","_relevanssi_pin_keywords":"","_relevanssi_unpin_keywords":"","_relevanssi_related_keywords":"","_relevanssi_related_include_ids":"","_relevanssi_related_exclude_ids":"","_relevanssi_related_no_append":"","_relevanssi_related_not_related":"","_relevanssi_related_posts":"30650,36735,18731,28682,37749,21938","_relevanssi_noindex_reason":"","footnotes":""},"categories":[292,16],"tags":[],"class_list":["post-40277","page","type-page","status-publish","hentry","category-pagina-alumni","category-pagina-sidebar"],"meta_box":[],"_links":{"self":[{"href":"https:\/\/umfst.ro\/hu\/wp-json\/wp\/v2\/pages\/40277","targetHints":{"allow":["GET"]}}],"collection":[{"href":"https:\/\/umfst.ro\/hu\/wp-json\/wp\/v2\/pages"}],"about":[{"href":"https:\/\/umfst.ro\/hu\/wp-json\/wp\/v2\/types\/page"}],"author":[{"embeddable":true,"href":"https:\/\/umfst.ro\/hu\/wp-json\/wp\/v2\/users\/25"}],"replies":[{"embeddable":true,"href":"https:\/\/umfst.ro\/hu\/wp-json\/wp\/v2\/comments?post=40277"}],"version-history":[{"count":42,"href":"https:\/\/umfst.ro\/hu\/wp-json\/wp\/v2\/pages\/40277\/revisions"}],"predecessor-version":[{"id":44849,"href":"https:\/\/umfst.ro\/hu\/wp-json\/wp\/v2\/pages\/40277\/revisions\/44849"}],"up":[{"embeddable":true,"href":"https:\/\/umfst.ro\/hu\/wp-json\/wp\/v2\/pages\/40186"}],"wp:attachment":[{"href":"https:\/\/umfst.ro\/hu\/wp-json\/wp\/v2\/media?parent=40277"}],"wp:term":[{"taxonomy":"category","embeddable":true,"href":"https:\/\/umfst.ro\/hu\/wp-json\/wp\/v2\/categories?post=40277"},{"taxonomy":"post_tag","embeddable":true,"href":"https:\/\/umfst.ro\/hu\/wp-json\/wp\/v2\/tags?post=40277"}],"curies":[{"name":"wp","href":"https:\/\/api.w.org\/{rel}","templated":true}]}}