{"id":40283,"date":"2025-06-02T09:26:44","date_gmt":"2025-06-02T06:26:44","guid":{"rendered":"https:\/\/umfst.ro\/?page_id=40283"},"modified":"2025-06-18T11:58:34","modified_gmt":"2025-06-18T08:58:34","slug":"revista-alumni","status":"publish","type":"page","link":"https:\/\/umfst.ro\/hu\/alumni\/revista-alumni\/","title":{"rendered":"Revista Alumni"},"content":{"rendered":"<div data-elementor-type=\"wp-page\" data-elementor-id=\"40283\" class=\"elementor elementor-40283\" data-elementor-post-type=\"page\">\n\t\t\t\t\t\t<section class=\"elementor-section elementor-top-section elementor-element elementor-element-f1c4fcc elementor-section-boxed elementor-section-height-default elementor-section-height-default\" data-id=\"f1c4fcc\" data-element_type=\"section\" data-e-type=\"section\">\n\t\t\t\t\t\t<div class=\"elementor-container elementor-column-gap-default\">\n\t\t\t\t\t<div class=\"elementor-column elementor-col-100 elementor-top-column elementor-element elementor-element-3de150d\" data-id=\"3de150d\" data-element_type=\"column\" data-e-type=\"column\">\n\t\t\t<div class=\"elementor-widget-wrap elementor-element-populated\">\n\t\t\t\t\t\t<div class=\"elementor-element elementor-element-153eb7b elementor-widget__width-initial elementor-widget elementor-widget-text-editor\" data-id=\"153eb7b\" data-element_type=\"widget\" data-e-type=\"widget\" data-widget_type=\"text-editor.default\">\n\t\t\t\t<div class=\"elementor-widget-container\">\n\t\t\t\t\t\t\t\t\t<h2 style=\"text-align: left\">O colec\u021bie de pove\u0219ti. O galerie de oameni. O surs\u0103 de inspira\u021bie.<\/h2><p style=\"text-align: left\">Proiectul Alumni UMFST s-a n\u0103scut din dorin\u021ba de a r\u0103m\u00e2ne conecta\u021bi \u2013 dincolo de ani, genera\u021bii sau continente. Ast\u0103zi, e mult mai mult dec\u00e2t un proiect. E o comunitate global\u0103 de absolven\u021bi, r\u0103sp\u00e2ndi\u021bi \u00een toate col\u021burile lumii, dar uni\u021bi de aceea\u0219i r\u0103d\u0103cin\u0103: UMFST G.E. Palade T\u00e2rgu Mure\u0219.<\/p><p style=\"text-align: left\" class=\" translation-block\">Din aceast\u0103 comunitate a crescut \u0219i&nbsp;<strong>Revista Alumni<\/strong>&nbsp;\u2013 un spa\u021biu \u00een care vocile absolven\u021bilor se aud clar, emo\u021bionant \u0219i puternic. Pagini pline de pove\u0219ti de succes, interviuri autentice \u0219i drumuri profesionale impresionante.<\/p><p style=\"text-align: left\">Ei sunt ambasadorii no\u0219tri. Oameni care au plecat din amfiteatrele UMFST \u0219i au ajuns s\u0103 inspire, s\u0103 vindece, s\u0103 educe, s\u0103 creeze. Sunt modele reale pentru studen\u021bii de azi \u2013 tineri curio\u0219i, ambi\u021bio\u0219i, dornici s\u0103 ajung\u0103 departe.<\/p><h2 style=\"text-align: left\"><strong>Alumni \u00eenseamn\u0103 leg\u0103turi care nu se rup<\/strong><\/h2><p style=\"text-align: left\" class=\" translation-block\">\u00cen fiecare num\u0103r al revistei, celebr\u0103m leg\u0103tura dintre ce a fost \u0219i ce poate fi.<br>Reunim genera\u021bii, pove\u0219ti, cariere \u0219i idealuri. To\u021bi cei care apar \u00een paginile revistei au un lucru \u00een comun: dragostea \u0219i recuno\u0219tin\u021ba fa\u021b\u0103 de universitatea care i-a format.<\/p><p style=\"text-align: left\">Pentru c\u0103, dincolo de diplome \u0219i titluri, UMFST r\u0103m\u00e2ne acas\u0103. Iar Revista Alumni e jurnalul nostru de familie.<\/p>\t\t\t\t\t\t\t\t<\/div>\n\t\t\t\t<\/div>\n\t\t\t\t<div class=\"elementor-element elementor-element-6357b80 elementor-widget__width-initial elementor-widget elementor-widget-text-editor\" data-id=\"6357b80\" data-element_type=\"widget\" data-e-type=\"widget\" data-widget_type=\"text-editor.default\">\n\t\t\t\t<div class=\"elementor-widget-container\">\n\t\t\t\t\t\t\t\t\t<h2 style=\"text-align: left\" role=\"heading\" data-uw-rm-heading=\"level\"><strong>Arhiva revistei Alumni<\/strong><\/h2><p class=\" translation-block\">Fiecare edi\u021bie a Revistei <em>Alumni<\/em> surprinde pove\u0219ti autentice, experien\u021be valoroase \u0219i momente de reconectare cu membrii comunit\u0103\u021bii UMFST. Mai jos reg\u0103se\u0219ti toate numerele publicate p\u00e2n\u0103 \u00een prezent \u2013 o colec\u021bie de interviuri, inspira\u021bie \u0219i parcursuri care vorbesc despre evolu\u021bie \u0219i apartenen\u021b\u0103.<\/p><p><em><a href=\"https:\/\/www.umfst.ro\/fileadmin\/alumni\/ALUMNI nr. 6.pdf\"><img fetchpriority=\"high\" decoding=\"async\" class=\"alignnone wp-image-40984 size-full\" src=\"https:\/\/umfst.ro\/wp-content\/uploads\/2025\/06\/ALUMNI-nr-6-coperta.jpg\" alt=\"\" width=\"212\" height=\"300\" srcset=\"https:\/\/umfst.ro\/wp-content\/uploads\/2025\/06\/ALUMNI-nr-6-coperta.jpg 1249w, https:\/\/umfst.ro\/wp-content\/uploads\/2025\/06\/ALUMNI-nr-6-coperta-212x300.jpg 212w, https:\/\/umfst.ro\/wp-content\/uploads\/2025\/06\/ALUMNI-nr-6-coperta-724x1024.jpg 724w, https:\/\/umfst.ro\/wp-content\/uploads\/2025\/06\/ALUMNI-nr-6-coperta-768x1086.jpg 768w, https:\/\/umfst.ro\/wp-content\/uploads\/2025\/06\/ALUMNI-nr-6-coperta-1086x1536.jpg 1086w, https:\/\/umfst.ro\/wp-content\/uploads\/2025\/06\/ALUMNI-nr-6-coperta-8x12.jpg 8w\" sizes=\"(max-width: 212px) 100vw, 212px\" \/><\/a><br \/><\/em><em><small>**Click pe copert\u0103 pentru a r\u0103sfoi revista \u00een format digital<\/small><br \/><\/em><\/p>\t\t\t\t\t\t\t\t<\/div>\n\t\t\t\t<\/div>\n\t\t\t\t<div data-dce-background-color=\"#2359B317\" class=\"elementor-element elementor-element-5923d71 elementor-widget__width-auto elementor-widget elementor-widget-button\" data-id=\"5923d71\" data-element_type=\"widget\" data-e-type=\"widget\" data-widget_type=\"button.default\">\n\t\t\t\t<div class=\"elementor-widget-container\">\n\t\t\t\t\t\t\t\t\t<div class=\"elementor-button-wrapper\">\n\t\t\t\t\t<a class=\"elementor-button elementor-button-link elementor-size-sm\" href=\"https:\/\/umfst.ro\/alumni\/revista-alumni\/arhiva\/\" target=\"_blank\">\n\t\t\t\t\t\t<span class=\"elementor-button-content-wrapper\">\n\t\t\t\t\t\t\t\t\t<span class=\"elementor-button-text\">Edi\u021bii anterioare<\/span>\n\t\t\t\t\t<\/span>\n\t\t\t\t\t<\/a>\n\t\t\t\t<\/div>\n\t\t\t\t\t\t\t\t<\/div>\n\t\t\t\t<\/div>\n\t\t\t\t<div class=\"elementor-element elementor-element-e5dd0ea elementor-widget elementor-widget-text-editor\" data-id=\"e5dd0ea\" data-element_type=\"widget\" data-e-type=\"widget\" data-widget_type=\"text-editor.default\">\n\t\t\t\t<div class=\"elementor-widget-container\">\n\t\t\t\t\t\t\t\t\t<h2><strong>Construim \u00eempreun\u0103 prin pove\u0219ti care conteaz\u0103<\/strong><\/h2><p>E\u0219ti absolvent UMFST G.E. Palade T\u00e2rgu Mure\u0219 \u0219i vrei s\u0103 inspiri urm\u0103toarea genera\u021bie de studen\u021bi \u0219i absolven\u021bi?\u00a0<\/p><p class=\" translation-block\">Dac\u0103 raspunsul este DA, scrie-ne un e-mail la adresa <a href=\"mailto:alumni@umfst.ro\" target=\"_self\">alumni@umfst.ro<\/a> \u0219i spune-ne povestea ta.<\/p><p>Suntem ner\u0103bd\u0103tori s\u0103 \u00ee\u021bi facem vocea auzit\u0103 \u00een viitorul num\u0103r al revistei Alumni.<\/p><p>Fii parte din schimbare. Contribuie. Inspir\u0103. Motiveaz\u0103.<\/p>\t\t\t\t\t\t\t\t<\/div>\n\t\t\t\t<\/div>\n\t\t\t\t\t<\/div>\n\t\t<\/div>\n\t\t\t\t\t<\/div>\n\t\t<\/section>\n\t\t\t\t<\/div>","protected":false},"excerpt":{"rendered":"<p>O colec\u021bie de pove\u0219ti. O galerie de oameni. O surs\u0103 de inspira\u021bie. Proiectul Alumni UMFST s-a n\u0103scut din dorin\u021ba de a r\u0103m\u00e2ne conecta\u021bi \u2013 dincolo de ani, genera\u021bii sau continente. Ast\u0103zi, e mult mai mult dec\u00e2t un proiect. E o comunitate global\u0103 de absolven\u021bi, r\u0103sp\u00e2ndi\u021bi \u00een toate col\u021burile lumii, dar uni\u021bi de aceea\u0219i r\u0103d\u0103cin\u0103: UMFST [&hellip;]<\/p>\n","protected":false},"author":25,"featured_media":0,"parent":40186,"menu_order":0,"comment_status":"closed","ping_status":"closed","template":"","meta":{"_relevanssi_hide_post":"","_relevanssi_hide_content":"","_relevanssi_pin_for_all":"","_relevanssi_pin_keywords":"","_relevanssi_unpin_keywords":"","_relevanssi_related_keywords":"","_relevanssi_related_include_ids":"","_relevanssi_related_exclude_ids":"","_relevanssi_related_no_append":"","_relevanssi_related_not_related":"","_relevanssi_related_posts":"30650,36735,18731,28682,37749,21938","_relevanssi_noindex_reason":"","footnotes":""},"categories":[292,16],"tags":[],"class_list":["post-40283","page","type-page","status-publish","hentry","category-pagina-alumni","category-pagina-sidebar"],"meta_box":[],"_links":{"self":[{"href":"https:\/\/umfst.ro\/hu\/wp-json\/wp\/v2\/pages\/40283","targetHints":{"allow":["GET"]}}],"collection":[{"href":"https:\/\/umfst.ro\/hu\/wp-json\/wp\/v2\/pages"}],"about":[{"href":"https:\/\/umfst.ro\/hu\/wp-json\/wp\/v2\/types\/page"}],"author":[{"embeddable":true,"href":"https:\/\/umfst.ro\/hu\/wp-json\/wp\/v2\/users\/25"}],"replies":[{"embeddable":true,"href":"https:\/\/umfst.ro\/hu\/wp-json\/wp\/v2\/comments?post=40283"}],"version-history":[{"count":31,"href":"https:\/\/umfst.ro\/hu\/wp-json\/wp\/v2\/pages\/40283\/revisions"}],"predecessor-version":[{"id":40990,"href":"https:\/\/umfst.ro\/hu\/wp-json\/wp\/v2\/pages\/40283\/revisions\/40990"}],"up":[{"embeddable":true,"href":"https:\/\/umfst.ro\/hu\/wp-json\/wp\/v2\/pages\/40186"}],"wp:attachment":[{"href":"https:\/\/umfst.ro\/hu\/wp-json\/wp\/v2\/media?parent=40283"}],"wp:term":[{"taxonomy":"category","embeddable":true,"href":"https:\/\/umfst.ro\/hu\/wp-json\/wp\/v2\/categories?post=40283"},{"taxonomy":"post_tag","embeddable":true,"href":"https:\/\/umfst.ro\/hu\/wp-json\/wp\/v2\/tags?post=40283"}],"curies":[{"name":"wp","href":"https:\/\/api.w.org\/{rel}","templated":true}]}}