{"id":41393,"date":"2025-07-07T13:16:09","date_gmt":"2025-07-07T10:16:09","guid":{"rendered":"https:\/\/umfst.ro\/?page_id=41393"},"modified":"2026-03-26T13:40:13","modified_gmt":"2026-03-26T11:40:13","slug":"arhiva-evenimente","status":"publish","type":"page","link":"https:\/\/umfst.ro\/hu\/alumni\/evenimente-viitoare\/arhiva-evenimente\/","title":{"rendered":"Arhiv\u0103 evenimente"},"content":{"rendered":"\t\t<div data-elementor-type=\"wp-page\" data-elementor-id=\"41393\" class=\"elementor elementor-41393\" data-elementor-post-type=\"page\">\n\t\t\t\t\t\t<section class=\"elementor-section elementor-top-section elementor-element elementor-element-b00176f elementor-section-boxed elementor-section-height-default elementor-section-height-default\" data-id=\"b00176f\" data-element_type=\"section\" data-e-type=\"section\">\n\t\t\t\t\t\t<div class=\"elementor-container elementor-column-gap-default\">\n\t\t\t\t\t<div class=\"elementor-column elementor-col-100 elementor-top-column elementor-element elementor-element-1a8c1a2\" data-id=\"1a8c1a2\" data-element_type=\"column\" data-e-type=\"column\">\n\t\t\t<div class=\"elementor-widget-wrap elementor-element-populated\">\n\t\t\t\t\t\t<div class=\"elementor-element elementor-element-71f507c elementor-grid-2 elementor-grid-tablet-2 elementor-grid-mobile-1 elementor-widget elementor-widget-loop-grid\" data-id=\"71f507c\" data-element_type=\"widget\" data-e-type=\"widget\" data-settings=\"{&quot;template_id&quot;:&quot;41564&quot;,&quot;columns&quot;:&quot;2&quot;,&quot;_skin&quot;:&quot;post&quot;,&quot;columns_tablet&quot;:&quot;2&quot;,&quot;columns_mobile&quot;:&quot;1&quot;,&quot;edit_handle_selector&quot;:&quot;[data-elementor-type=\\&quot;loop-item\\&quot;]&quot;,&quot;row_gap&quot;:{&quot;unit&quot;:&quot;px&quot;,&quot;size&quot;:&quot;&quot;,&quot;sizes&quot;:[]},&quot;row_gap_widescreen&quot;:{&quot;unit&quot;:&quot;px&quot;,&quot;size&quot;:&quot;&quot;,&quot;sizes&quot;:[]},&quot;row_gap_tablet&quot;:{&quot;unit&quot;:&quot;px&quot;,&quot;size&quot;:&quot;&quot;,&quot;sizes&quot;:[]},&quot;row_gap_mobile&quot;:{&quot;unit&quot;:&quot;px&quot;,&quot;size&quot;:&quot;&quot;,&quot;sizes&quot;:[]}}\" data-no-translation=\"\" data-widget_type=\"loop-grid.post\">\n\t\t\t\t<div class=\"elementor-widget-container\">\n\t\t\t\t\t<style>.elementor-element-71f507c{display:none !important}<\/style>\t\t\t\t<\/div>\n\t\t\t\t<\/div>\n\t\t\t\t<div class=\"elementor-element elementor-element-c4eeb1a elementor-grid-2 elementor-grid-tablet-2 elementor-grid-mobile-1 elementor-widget elementor-widget-loop-grid\" data-id=\"c4eeb1a\" data-element_type=\"widget\" data-e-type=\"widget\" data-settings=\"{&quot;template_id&quot;:&quot;41564&quot;,&quot;columns&quot;:&quot;2&quot;,&quot;_skin&quot;:&quot;post&quot;,&quot;columns_tablet&quot;:&quot;2&quot;,&quot;columns_mobile&quot;:&quot;1&quot;,&quot;edit_handle_selector&quot;:&quot;[data-elementor-type=\\&quot;loop-item\\&quot;]&quot;,&quot;row_gap&quot;:{&quot;unit&quot;:&quot;px&quot;,&quot;size&quot;:&quot;&quot;,&quot;sizes&quot;:[]},&quot;row_gap_widescreen&quot;:{&quot;unit&quot;:&quot;px&quot;,&quot;size&quot;:&quot;&quot;,&quot;sizes&quot;:[]},&quot;row_gap_tablet&quot;:{&quot;unit&quot;:&quot;px&quot;,&quot;size&quot;:&quot;&quot;,&quot;sizes&quot;:[]},&quot;row_gap_mobile&quot;:{&quot;unit&quot;:&quot;px&quot;,&quot;size&quot;:&quot;&quot;,&quot;sizes&quot;:[]}}\" data-no-translation=\"\" data-widget_type=\"loop-grid.post\">\n\t\t\t\t<div class=\"elementor-widget-container\">\n\t\t\t\t\t<style>.elementor-element-c4eeb1a{display:none !important}<\/style>\t\t\t\t<\/div>\n\t\t\t\t<\/div>\n\t\t\t\t\t<\/div>\n\t\t<\/div>\n\t\t\t\t\t<\/div>\n\t\t<\/section>\n\t\t\t\t<section class=\"elementor-section elementor-top-section elementor-element elementor-element-dbaa864 elementor-section-boxed elementor-section-height-default elementor-section-height-default\" data-id=\"dbaa864\" data-element_type=\"section\" data-e-type=\"section\">\n\t\t\t\t\t\t<div class=\"elementor-container elementor-column-gap-default\">\n\t\t\t\t\t<div class=\"elementor-column elementor-col-100 elementor-top-column elementor-element elementor-element-4bef473\" data-id=\"4bef473\" data-element_type=\"column\" data-e-type=\"column\">\n\t\t\t<div class=\"elementor-widget-wrap elementor-element-populated\">\n\t\t\t\t\t\t<div class=\"elementor-element elementor-element-d6d9162 elementor-widget__width-initial elementor-hidden-mobile elementor-widget elementor-widget-image\" data-id=\"d6d9162\" data-element_type=\"widget\" data-e-type=\"widget\" data-widget_type=\"image.default\">\n\t\t\t\t<div class=\"elementor-widget-container\">\n\t\t\t\t\t\t\t\t\t\t\t\t\t\t\t<img fetchpriority=\"high\" decoding=\"async\" width=\"1240\" height=\"698\" src=\"https:\/\/umfst.ro\/wp-content\/uploads\/2025\/11\/banner-web-zumfst-alumni_ev2.jpg\" class=\"attachment-full size-full wp-image-44822\" alt=\"\" srcset=\"https:\/\/umfst.ro\/wp-content\/uploads\/2025\/11\/banner-web-zumfst-alumni_ev2.jpg 1240w, https:\/\/umfst.ro\/wp-content\/uploads\/2025\/11\/banner-web-zumfst-alumni_ev2-300x169.jpg 300w, https:\/\/umfst.ro\/wp-content\/uploads\/2025\/11\/banner-web-zumfst-alumni_ev2-1024x576.jpg 1024w, https:\/\/umfst.ro\/wp-content\/uploads\/2025\/11\/banner-web-zumfst-alumni_ev2-768x432.jpg 768w, https:\/\/umfst.ro\/wp-content\/uploads\/2025\/11\/banner-web-zumfst-alumni_ev2-18x10.jpg 18w\" sizes=\"(max-width: 1240px) 100vw, 1240px\" \/>\t\t\t\t\t\t\t\t\t\t\t\t\t\t\t<\/div>\n\t\t\t\t<\/div>\n\t\t\t\t<div class=\"elementor-element elementor-element-8fa2f40 elementor-hidden-widescreen elementor-hidden-desktop elementor-hidden-tablet elementor-widget elementor-widget-image\" data-id=\"8fa2f40\" data-element_type=\"widget\" data-e-type=\"widget\" data-widget_type=\"image.default\">\n\t\t\t\t<div class=\"elementor-widget-container\">\n\t\t\t\t\t\t\t\t\t\t\t\t\t\t\t<img decoding=\"async\" width=\"1080\" height=\"1350\" src=\"https:\/\/umfst.ro\/wp-content\/uploads\/2025\/11\/insta-zumfst-alumni3_.jpg\" class=\"attachment-full size-full wp-image-44860\" alt=\"\" srcset=\"https:\/\/umfst.ro\/wp-content\/uploads\/2025\/11\/insta-zumfst-alumni3_.jpg 1080w, https:\/\/umfst.ro\/wp-content\/uploads\/2025\/11\/insta-zumfst-alumni3_-240x300.jpg 240w, https:\/\/umfst.ro\/wp-content\/uploads\/2025\/11\/insta-zumfst-alumni3_-819x1024.jpg 819w, https:\/\/umfst.ro\/wp-content\/uploads\/2025\/11\/insta-zumfst-alumni3_-768x960.jpg 768w, https:\/\/umfst.ro\/wp-content\/uploads\/2025\/11\/insta-zumfst-alumni3_-10x12.jpg 10w\" sizes=\"(max-width: 1080px) 100vw, 1080px\" \/>\t\t\t\t\t\t\t\t\t\t\t\t\t\t\t<\/div>\n\t\t\t\t<\/div>\n\t\t\t\t<div class=\"elementor-element elementor-element-2545615 elementor-widget elementor-widget-text-editor\" data-id=\"2545615\" data-element_type=\"widget\" data-e-type=\"widget\" data-widget_type=\"text-editor.default\">\n\t\t\t\t<div class=\"elementor-widget-container\">\n\t\t\t\t\t\t\t\t\t<h2>UMFST Alumni Summit 2025<\/h2><p>\u00cen cadrul Zilelor Universit\u0103\u021bii \u201eGeorge Emil Palade\u201d din T\u00e2rgu Mure\u0219, sub egida celor 80 de ani de excelen\u021b\u0103 academic\u0103, invit\u0103m cu bucurie to\u021bi absolven\u021bii s\u0103 revin\u0103 \u201eacas\u0103\u201d, la prima edi\u021bie a UMFST Alumni Summit \u2013 un eveniment dedicat reconect\u0103rii, inspira\u021biei \u0219i apartenen\u021bei.<\/p><p>Summitul aduce \u00eempreun\u0103 absolven\u021bi din toate genera\u021biile, cadre didactice \u0219i studen\u021bi, \u00eentr-un dialog despre parcursuri profesionale, reu\u0219ite \u0219i viitorul comunit\u0103\u021bii noastre.<\/p><p>\ud83d\udcc5 C\u00e2nd? <strong>09 Decembrie 2025 ora 16:00<\/strong><\/p><p>\ud83d\udccd Unde? <strong>Sala Senatului \u2013 UMFST G.E. Palade din T\u00e2rgu Mure\u0219<\/strong><\/p><p>V\u0103 invit\u0103m pe fiecare dintre dumneavoastr\u0103, studen\u021bi, membrii ai comunit\u0103\u021bii academice \u0219i absolven\u021bi s\u0103 celebr\u0103m \u00eempreun\u0103 apartenen\u021ba la comunitatea UMFST, s\u0103 redescoperim leg\u0103tura dintre genera\u021bii \u0219i s\u0103 construim noi pun\u021bi \u00eentre experien\u021b\u0103, educa\u021bie \u0219i viitor.<\/p><p>\ud83d\udd17 Participarea este gratuit\u0103, \u00eens\u0103 locurile sunt limitate, a\u0219a c\u0103 v\u0103 rug\u0103m s\u0103 completa\u021bi formularul urm\u0103tor pentru a v\u0103 confirma prezen\u021ba: <a href=\"https:\/\/forms.office.com\/e\/RKtGnQfVAt\" target=\"_blank\" rel=\"noopener\">https:\/\/forms.office.com\/e\/RKtGnQfVAt<\/a><\/p>\t\t\t\t\t\t\t\t<\/div>\n\t\t\t\t<\/div>\n\t\t\t\t\t<\/div>\n\t\t<\/div>\n\t\t\t\t\t<\/div>\n\t\t<\/section>\n\t\t\t\t<\/div>\n\t\t","protected":false},"excerpt":{"rendered":"<p>UMFST Alumni Summit 2025 \u00cen cadrul Zilelor Universit\u0103\u021bii \u201eGeorge Emil Palade\u201d din T\u00e2rgu Mure\u0219, sub egida celor 80 de ani de excelen\u021b\u0103 academic\u0103, invit\u0103m cu bucurie to\u021bi absolven\u021bii s\u0103 revin\u0103 \u201eacas\u0103\u201d, la prima edi\u021bie a UMFST Alumni Summit \u2013 un eveniment dedicat reconect\u0103rii, inspira\u021biei \u0219i apartenen\u021bei. Summitul aduce \u00eempreun\u0103 absolven\u021bi din toate genera\u021biile, cadre didactice [&hellip;]<\/p>\n","protected":false},"author":25,"featured_media":0,"parent":40309,"menu_order":0,"comment_status":"closed","ping_status":"closed","template":"","meta":{"_relevanssi_hide_post":"","_relevanssi_hide_content":"","_relevanssi_pin_for_all":"","_relevanssi_pin_keywords":"","_relevanssi_unpin_keywords":"","_relevanssi_related_keywords":"","_relevanssi_related_include_ids":"","_relevanssi_related_exclude_ids":"","_relevanssi_related_no_append":"","_relevanssi_related_not_related":"","_relevanssi_related_posts":"","_relevanssi_noindex_reason":"","footnotes":""},"categories":[292],"tags":[],"class_list":["post-41393","page","type-page","status-publish","hentry","category-pagina-alumni"],"meta_box":[],"_links":{"self":[{"href":"https:\/\/umfst.ro\/hu\/wp-json\/wp\/v2\/pages\/41393","targetHints":{"allow":["GET"]}}],"collection":[{"href":"https:\/\/umfst.ro\/hu\/wp-json\/wp\/v2\/pages"}],"about":[{"href":"https:\/\/umfst.ro\/hu\/wp-json\/wp\/v2\/types\/page"}],"author":[{"embeddable":true,"href":"https:\/\/umfst.ro\/hu\/wp-json\/wp\/v2\/users\/25"}],"replies":[{"embeddable":true,"href":"https:\/\/umfst.ro\/hu\/wp-json\/wp\/v2\/comments?post=41393"}],"version-history":[{"count":25,"href":"https:\/\/umfst.ro\/hu\/wp-json\/wp\/v2\/pages\/41393\/revisions"}],"predecessor-version":[{"id":47289,"href":"https:\/\/umfst.ro\/hu\/wp-json\/wp\/v2\/pages\/41393\/revisions\/47289"}],"up":[{"embeddable":true,"href":"https:\/\/umfst.ro\/hu\/wp-json\/wp\/v2\/pages\/40309"}],"wp:attachment":[{"href":"https:\/\/umfst.ro\/hu\/wp-json\/wp\/v2\/media?parent=41393"}],"wp:term":[{"taxonomy":"category","embeddable":true,"href":"https:\/\/umfst.ro\/hu\/wp-json\/wp\/v2\/categories?post=41393"},{"taxonomy":"post_tag","embeddable":true,"href":"https:\/\/umfst.ro\/hu\/wp-json\/wp\/v2\/tags?post=41393"}],"curies":[{"name":"wp","href":"https:\/\/api.w.org\/{rel}","templated":true}]}}