{"id":429,"date":"2022-11-10T14:44:32","date_gmt":"2022-11-10T12:44:32","guid":{"rendered":"https:\/\/dev.umfst.ro\/?page_id=429"},"modified":"2025-06-11T09:40:46","modified_gmt":"2025-06-11T06:40:46","slug":"ceepus","status":"publish","type":"page","link":"https:\/\/umfst.ro\/hu\/universitate\/relatii-internationale\/alte-programe-internationale\/ceepus\/","title":{"rendered":"CEEPUS"},"content":{"rendered":"<div data-elementor-type=\"wp-page\" data-elementor-id=\"429\" class=\"elementor elementor-429\" data-elementor-post-type=\"page\">\n\t\t\t\t\t\t<section class=\"elementor-section elementor-top-section elementor-element elementor-element-3ed66ce9 elementor-section-boxed elementor-section-height-default elementor-section-height-default\" data-id=\"3ed66ce9\" data-element_type=\"section\" data-e-type=\"section\">\n\t\t\t\t\t\t<div class=\"elementor-container elementor-column-gap-default\">\n\t\t\t\t\t<div class=\"elementor-column elementor-col-100 elementor-top-column elementor-element elementor-element-6cfd29c8\" data-id=\"6cfd29c8\" data-element_type=\"column\" data-e-type=\"column\">\n\t\t\t<div class=\"elementor-widget-wrap elementor-element-populated\">\n\t\t\t\t\t\t<div class=\"elementor-element elementor-element-9bca932 elementor-widget elementor-widget-text-editor\" data-id=\"9bca932\" data-element_type=\"widget\" data-e-type=\"widget\" data-widget_type=\"text-editor.default\">\n\t\t\t\t<div class=\"elementor-widget-container\">\n\t\t\t\t\t\t\t\t\t<p><strong>CEEPUS &#8211; Central European Exchange Program for University Studies este un program multilateral de schimb universitar \u00een regiunea extins\u0103 a Dun\u0103rii, bazat pe un acord interna\u021bional, pentru promovarea cooper\u0103rii \u00een domeniul \u00eenv\u0103\u0163\u0103m\u00e2ntului superior.\u00a0Detalii privind acest program se reg\u0103sesc pe adresa:\u00a0<a href=\"http:\/\/www.ceepus.info\/\" target=\"_blank\" rel=\"noopener\">http:\/\/www.ceepus.info<\/a>.<\/strong><\/p>\t\t\t\t\t\t\t\t<\/div>\n\t\t\t\t<\/div>\n\t\t\t\t<div class=\"elementor-element elementor-element-18a32fe elementor-widget elementor-widget-text-editor\" data-id=\"18a32fe\" data-element_type=\"widget\" data-e-type=\"widget\" data-no-translation=\"\" data-widget_type=\"text-editor.default\">\n\t\t\t\t<div class=\"elementor-widget-container\">\n\t\t\t\t\t<style>.elementor-element-18a32fe{display:none !important}<\/style>\t\t\t\t<\/div>\n\t\t\t\t<\/div>\n\t\t\t\t<div class=\"elementor-element elementor-element-f3469d4 elementor-widget elementor-widget-text-editor\" data-id=\"f3469d4\" data-element_type=\"widget\" data-e-type=\"widget\" data-no-translation=\"\" data-widget_type=\"text-editor.default\">\n\t\t\t\t<div class=\"elementor-widget-container\">\n\t\t\t\t\t<style>.elementor-element-f3469d4{display:none !important}<\/style>\t\t\t\t<\/div>\n\t\t\t\t<\/div>\n\t\t\t\t<div class=\"elementor-element elementor-element-2bda7f22 elementor-hidden-widescreen elementor-hidden-desktop elementor-hidden-tablet elementor-hidden-mobile elementor-widget elementor-widget-text-editor\" data-id=\"2bda7f22\" data-element_type=\"widget\" data-e-type=\"widget\" data-widget_type=\"text-editor.default\">\n\t\t\t\t<div class=\"elementor-widget-container\">\n\t\t\t\t\t\t\t\t\t\n<p>CEEPUS (Central European Exchange Program for University Studies) este un program interna\u0163ional pentru promovarea cooper\u0103rii \u00een domeniul \u00eenv\u0103\u0163\u0103m\u00e2ntului superior. Detalii privind programul se pot citi pe adresa:\u00a0<a href=\"http:\/\/www.ceepus.info\/\" target=\"_blank\" rel=\"noreferrer noopener\">http:\/\/www.ceepus.info<\/a><\/p>\n\n<p>Acest program a cunoscut trei etape, CEEPUS I: \u00eentre anii 1998-2005, CEEPUS II: 2005-2010 \u015fi CEEPUS III din 2011 p\u00e2n\u0103 \u00een prezent.<\/p>\n\n<p>Contractul de colaborare CEEPUS III a fost semnat de urm\u0103toarele \u0163\u0103ri central \u015fi est-europene: \u00a0Albania, Austria, Bulgaria, Bosnia-Herzegovina, Croatia, Republica Ceh\u0103, Ungaria, Macedonia, Montenegro, Polonia, Romania, serbia, Slovacia, \u015fi Slovenia, la care au aderat mai t\u00e2rziu Pristina-Kosovo \u015fi Republica Moldova. Detalii privind contractul de colaborare se pot citi pe adresa:<\/p>\n\n<p><a href=\"http:\/\/www.ceepus.info\/files\/c3\/gi\/C3Agreement.pdf\" target=\"_blank\" rel=\"noreferrer noopener\">http:\/\/www.ceepus.info\/files\/c3\/gi\/C3Agreement.pdf<\/a><\/p>\n\n<p>Organiza\u0163ia CEEPUS care ia cele mai importante decizii privind func\u0163ionarea programului, este Comitetul de Mini\u015ftri (Joint Committee of Ministers). Oficiile Na\u0163ionale CEEPUS (National CEEPUS Office) coordoneaz\u0103 activit\u0103\u0163ile de schimb din re\u0163elele \u00een care particip\u0103 parteneri din \u0163ara respectiv\u0103. Coordonatorii generali ai re\u0163elelor supravegheaz\u0103 activit\u0103\u0163ile din re\u0163eaua respectiv\u0103, \u00eentocmesc rapoartele anuale pentru Comitetul de Mini\u015ftri, coordoneaz\u0103 \u015fi \u00eentocmesc proiectul pe anul urm\u0103tor. Coordonatorii locali supravegheaz\u0103 activit\u0103\u0163ile de schimb din cadrul Universit\u0103\u0163ilor respective. Bursele CEEPUS se pl\u0103tesc de c\u0103tre statul primitor (host Country), iar cheltuielile de transport de c\u0103tre \u0163ara de origine (trimi\u0163\u0103toare) (home Country).<\/p>\n\t\t\t\t\t\t\t\t<\/div>\n\t\t\t\t<\/div>\n\t\t\t\t\t<\/div>\n\t\t<\/div>\n\t\t\t\t\t<\/div>\n\t\t<\/section>\n\t\t\t\t<\/div>","protected":false},"excerpt":{"rendered":"<p>CEEPUS &#8211; Central European Exchange Program for University Studies este un program multilateral de schimb universitar \u00een regiunea extins\u0103 a Dun\u0103rii, bazat pe un acord interna\u021bional, pentru promovarea cooper\u0103rii \u00een domeniul \u00eenv\u0103\u0163\u0103m\u00e2ntului superior.\u00a0Detalii privind acest program se reg\u0103sesc pe adresa:\u00a0http:\/\/www.ceepus.info. Proiecte &#8211; Active Methods in Teaching and Learning Mathematics, Informatics and their Applications &#8211; Healthcare [&hellip;]<\/p>\n","protected":false},"author":3,"featured_media":0,"parent":27683,"menu_order":2,"comment_status":"closed","ping_status":"closed","template":"","meta":{"_relevanssi_hide_post":"","_relevanssi_hide_content":"","_relevanssi_pin_for_all":"","_relevanssi_pin_keywords":"","_relevanssi_unpin_keywords":"","_relevanssi_related_keywords":"","_relevanssi_related_include_ids":"","_relevanssi_related_exclude_ids":"","_relevanssi_related_no_append":"","_relevanssi_related_not_related":"","_relevanssi_related_posts":"154,150","_relevanssi_noindex_reason":"","footnotes":""},"categories":[16,146],"tags":[],"class_list":["post-429","page","type-page","status-publish","hentry","category-pagina-sidebar","category-pagina-international"],"meta_box":[],"_links":{"self":[{"href":"https:\/\/umfst.ro\/hu\/wp-json\/wp\/v2\/pages\/429","targetHints":{"allow":["GET"]}}],"collection":[{"href":"https:\/\/umfst.ro\/hu\/wp-json\/wp\/v2\/pages"}],"about":[{"href":"https:\/\/umfst.ro\/hu\/wp-json\/wp\/v2\/types\/page"}],"author":[{"embeddable":true,"href":"https:\/\/umfst.ro\/hu\/wp-json\/wp\/v2\/users\/3"}],"replies":[{"embeddable":true,"href":"https:\/\/umfst.ro\/hu\/wp-json\/wp\/v2\/comments?post=429"}],"version-history":[{"count":28,"href":"https:\/\/umfst.ro\/hu\/wp-json\/wp\/v2\/pages\/429\/revisions"}],"predecessor-version":[{"id":40716,"href":"https:\/\/umfst.ro\/hu\/wp-json\/wp\/v2\/pages\/429\/revisions\/40716"}],"up":[{"embeddable":true,"href":"https:\/\/umfst.ro\/hu\/wp-json\/wp\/v2\/pages\/27683"}],"wp:attachment":[{"href":"https:\/\/umfst.ro\/hu\/wp-json\/wp\/v2\/media?parent=429"}],"wp:term":[{"taxonomy":"category","embeddable":true,"href":"https:\/\/umfst.ro\/hu\/wp-json\/wp\/v2\/categories?post=429"},{"taxonomy":"post_tag","embeddable":true,"href":"https:\/\/umfst.ro\/hu\/wp-json\/wp\/v2\/tags?post=429"}],"curies":[{"name":"wp","href":"https:\/\/api.w.org\/{rel}","templated":true}]}}