{"id":44369,"date":"2025-10-29T13:16:26","date_gmt":"2025-10-29T11:16:26","guid":{"rendered":"https:\/\/umfst.ro\/?page_id=44369"},"modified":"2026-02-16T11:19:33","modified_gmt":"2026-02-16T09:19:33","slug":"publicatii-stiintifice","status":"publish","type":"page","link":"https:\/\/umfst.ro\/hu\/universitate\/cercetare\/publicatii-stiintifice\/","title":{"rendered":"Publica\u021bii \u0219tiin\u021bifice"},"content":{"rendered":"<div data-elementor-type=\"wp-post\" data-elementor-id=\"44369\" class=\"elementor elementor-44369\" data-elementor-post-type=\"page\">\n\t\t\t\t\t\t<section class=\"elementor-section elementor-top-section elementor-element elementor-element-ff420c8 elementor-section-boxed elementor-section-height-default elementor-section-height-default\" data-id=\"ff420c8\" data-element_type=\"section\" data-e-type=\"section\">\n\t\t\t\t\t\t<div class=\"elementor-container elementor-column-gap-default\">\n\t\t\t\t\t<div class=\"elementor-column elementor-col-50 elementor-top-column elementor-element elementor-element-a931b03\" data-id=\"a931b03\" data-element_type=\"column\" data-e-type=\"column\">\n\t\t\t<div class=\"elementor-widget-wrap elementor-element-populated\">\n\t\t\t\t\t\t<div class=\"elementor-element elementor-element-364044c elementor-widget elementor-widget-text-editor\" data-id=\"364044c\" data-element_type=\"widget\" data-e-type=\"widget\" data-widget_type=\"text-editor.default\">\n\t\t\t\t<div class=\"elementor-widget-container\">\n\t\t\t\t\t\t\t\t\t<p><\/p>\n<p><strong>Compartimentul Publica\u021bii \u0218tiin\u021bifice<\/strong> func\u021bioneaz\u0103 \u00een cadrul Universit\u0103\u021bii de Medicin\u0103, Farmacie, \u0218tiin\u021be \u0219i Tehnologie \u201eGeorge Emil Palade\u201d din T\u00e2rgu Mure\u0219, fiind \u00eenfiin\u021bat cu scopul de a crea un cadru organizatoric \u0219i institu\u021bional \u00een care echipa de lucru s\u0103 g\u0103seasc\u0103 \u0219i s\u0103 aplice metode, tehnici \u0219i proceduri de lucru care s\u0103 asigure transparen\u021ba \u0219i informarea mediului academic referitor la urm\u0103toarele reviste \u0219tiin\u021bifice ale universit\u0103\u021bii:<\/p>\n<ul>\n<li><a href=\"http:\/\/actamedicamarisiensis.ro\/\" data-uw-rm-brl=\"PR\" data-uw-original-href=\"http:\/\/actamedicamarisiensis.ro\/\" data-uw-original- target=\"_blank\" rel=\"noopener\">Acta Marisiensis. Seria Medica (AMM)<\/a><\/li>\n<li><a href=\"https:\/\/jccm.ro\/\" data-uw-rm-brl=\"PR\" data-uw-original-href=\"https:\/\/jccm.ro\/\" data-uw-original- target=\"_blank\" rel=\"noopener\">The Journal of Critical Care Medicine (JCCM)<\/a><\/li>\n<li><a href=\"https:\/\/abmj.ro\/\" data-uw-rm-brl=\"PR\" data-uw-original-href=\"https:\/\/abmj.ro\/\" data-uw-original- target=\"_blank\" rel=\"noopener\">Acta Biologica Marisiensis (ABM)<\/a><\/li>\n<li><a href=\"https:\/\/asmj.ro\/\" data-uw-rm-brl=\"PR\" data-uw-original-href=\"https:\/\/asmj.ro\/\" data-uw-original- target=\"_blank\" rel=\"noopener\">Acta Stomatologica Marisiensis (ASM)<\/a><\/li>\n<li><a href=\"https:\/\/actaphilologia.umfst.ro\/\" data-uw-rm-brl=\"PR\" data-uw-original-href=\"https:\/\/actaphilologia.umfst.ro\/\" data-uw-original->Acta Marisiensis. Seria Philologia (AMP)<\/a><\/li>\n<li><a href=\"https:\/\/actahistoria.umfst.ro\/\" data-uw-rm-brl=\"PR\" data-uw-original-href=\"https:\/\/actahistoria.umfst.ro\/\" data-uw-original->Acta Marisiensis. Seria Historia (AMH)<\/a><\/li>\n<li><a href=\"http:\/\/oeconomica.umfst.ro\/\" data-uw-rm-brl=\"PR\" data-uw-original-href=\"http:\/\/oeconomica.umfst.ro\/\" data-uw-original->Acta Marisiensis. Seria Oeconomica (AMO)<\/a><\/li>\n<li><a href=\"http:\/\/amset.umfst.ro\/\" data-uw-rm-brl=\"PR\" data-uw-original-href=\"http:\/\/amset.umfst.ro\/\" data-uw-original->Acta Marisiensis. Seria Technologica (AMSeT)<\/a><\/li>\n<li><a href=\"http:\/\/revcurentjur.ro\/\" data-uw-rm-brl=\"PR\" data-uw-original-href=\"http:\/\/revcurentjur.ro\/\" data-uw-original- target=\"_blank\" rel=\"noopener\">Curentul Juridic<\/a><\/li><li><a href=\"https:\/\/www.umfstlawreview.ro\/\" target=\"_blank\" rel=\"noopener\">UMFST Law Review<\/a><\/li>\n<\/ul>\n<p><br><\/p>\n<p>Compartimentul Publica\u021bii \u0218tiin\u021bifice asigur\u0103 evaluarea activit\u0103\u021bii publica\u021biilor periodice ale universit\u0103\u021bii, precum \u0219i monitorizarea activit\u0103\u021bii acestora \u0219i utilizarea eficient\u0103 a infrastructurii \u00een vederea cre\u0219terii impactului \u0219tiin\u021bific \u0219i a vizibilit\u0103\u021bii, at\u00e2t a revistelor, c\u00e2t \u0219i a comunit\u0103\u021bii academice.&nbsp;<\/p>\n<h2 data-uw-rm-heading=\"level\" role=\"heading\">Personal<\/h2>\n<p><strong>Coordonator<\/strong><br>Prof. univ. dr. Claudia B\u0103nescu<\/p>\n<p><strong>Secretar<\/strong><br>Adriana Simon<\/p>\n<p><\/p>\n<p><\/p>\n<p><\/p>\t\t\t\t\t\t\t\t<\/div>\n\t\t\t\t<\/div>\n\t\t\t\t\t<\/div>\n\t\t<\/div>\n\t\t\t\t<div class=\"elementor-column elementor-col-50 elementor-top-column elementor-element elementor-element-784227c\" data-id=\"784227c\" data-element_type=\"column\" data-e-type=\"column\">\n\t\t\t<div class=\"elementor-widget-wrap elementor-element-populated\">\n\t\t\t\t\t\t<section class=\"elementor-section elementor-inner-section elementor-element elementor-element-eff84b4 elementor-section-boxed elementor-section-height-default elementor-section-height-default\" data-id=\"eff84b4\" data-element_type=\"section\" data-e-type=\"section\">\n\t\t\t\t\t\t<div class=\"elementor-container elementor-column-gap-default\">\n\t\t\t\t\t<div data-dce-background-color=\"#F2F7FF\" class=\"elementor-column elementor-col-100 elementor-inner-column elementor-element elementor-element-1314e70\" data-id=\"1314e70\" data-element_type=\"column\" data-e-type=\"column\" data-settings=\"{&quot;background_background&quot;:&quot;classic&quot;}\">\n\t\t\t<div class=\"elementor-widget-wrap elementor-element-populated\">\n\t\t\t\t\t\t<div class=\"elementor-element elementor-element-08be0fe elementor-widget elementor-widget-heading\" data-id=\"08be0fe\" data-element_type=\"widget\" data-e-type=\"widget\" data-widget_type=\"heading.default\">\n\t\t\t\t<div class=\"elementor-widget-container\">\n\t\t\t\t\t<h5 class=\"elementor-heading-title elementor-size-default\">Kapcsolat<\/h5>\t\t\t\t<\/div>\n\t\t\t\t<\/div>\n\t\t\t\t<div class=\"elementor-element elementor-element-7397f4d elementor-widget-divider--view-line elementor-widget elementor-widget-divider\" data-id=\"7397f4d\" data-element_type=\"widget\" data-e-type=\"widget\" data-widget_type=\"divider.default\">\n\t\t\t\t<div class=\"elementor-widget-container\">\n\t\t\t\t\t\t\t<div class=\"elementor-divider\">\n\t\t\t<span class=\"elementor-divider-separator\">\n\t\t\t\t\t\t<\/span>\n\t\t<\/div>\n\t\t\t\t\t\t<\/div>\n\t\t\t\t<\/div>\n\t\t\t\t<div class=\"elementor-element elementor-element-6e5ad82 elementor-widget elementor-widget-icon-box\" data-id=\"6e5ad82\" data-element_type=\"widget\" data-e-type=\"widget\" data-widget_type=\"icon-box.default\">\n\t\t\t\t<div class=\"elementor-widget-container\">\n\t\t\t\t\t\t\t<div class=\"elementor-icon-box-wrapper\">\n\n\t\t\t\n\t\t\t\t\t\t<div class=\"elementor-icon-box-content\">\n\n\t\t\t\t\t\t\t\t\t<h3 class=\"elementor-icon-box-title\">\n\t\t\t\t\t\t<span  >\n\t\t\t\t\t\t\tAdres\u0103\t\t\t\t\t\t<\/span>\n\t\t\t\t\t<\/h3>\n\t\t\t\t\n\t\t\t\t\t\t\t\t\t<p class=\"elementor-icon-box-description\">\n\t\t\t\t\t\tUMFST G.E. Palade T\u00e2rgu Mure\u0219\nStr. Gh. Marinescu, nr. 38, Biblioteca Central\u0103, sala E 010\n\n\n\n\n\t\t\t\t\t<\/p>\n\t\t\t\t\n\t\t\t<\/div>\n\t\t\t\n\t\t<\/div>\n\t\t\t\t\t\t<\/div>\n\t\t\t\t<\/div>\n\t\t\t\t<div class=\"elementor-element elementor-element-d1abf79 elementor-widget__width-initial elementor-widget elementor-widget-icon-box\" data-id=\"d1abf79\" data-element_type=\"widget\" data-e-type=\"widget\" data-widget_type=\"icon-box.default\">\n\t\t\t\t<div class=\"elementor-widget-container\">\n\t\t\t\t\t\t\t<div class=\"elementor-icon-box-wrapper\">\n\n\t\t\t\n\t\t\t\t\t\t<div class=\"elementor-icon-box-content\">\n\n\t\t\t\t\t\t\t\t\t<h3 class=\"elementor-icon-box-title\">\n\t\t\t\t\t\t<span  >\n\t\t\t\t\t\t\tE-mail\t\t\t\t\t\t<\/span>\n\t\t\t\t\t<\/h3>\n\t\t\t\t\n\t\t\t\t\n\t\t\t<\/div>\n\t\t\t\n\t\t<\/div>\n\t\t\t\t\t\t<\/div>\n\t\t\t\t<\/div>\n\t\t\t\t<div data-dce-title-color=\"#2359B3\" class=\"elementor-element elementor-element-a49f1a3 elementor-widget elementor-widget-heading\" data-id=\"a49f1a3\" data-element_type=\"widget\" data-e-type=\"widget\" data-widget_type=\"heading.default\">\n\t\t\t\t<div class=\"elementor-widget-container\">\n\t\t\t\t\t<h6 class=\"elementor-heading-title elementor-size-default\"><a href=\"mailto:resurseumane@umfst.ro\">publicatiistiintifice@umfst.ro\nadriana.simon@umfst.ro\n<\/a><\/h6>\t\t\t\t<\/div>\n\t\t\t\t<\/div>\n\t\t\t\t<div class=\"elementor-element elementor-element-18e88cd elementor-widget__width-initial elementor-widget elementor-widget-icon-box\" data-id=\"18e88cd\" data-element_type=\"widget\" data-e-type=\"widget\" data-widget_type=\"icon-box.default\">\n\t\t\t\t<div class=\"elementor-widget-container\">\n\t\t\t\t\t\t\t<div class=\"elementor-icon-box-wrapper\">\n\n\t\t\t\n\t\t\t\t\t\t<div class=\"elementor-icon-box-content\">\n\n\t\t\t\t\t\t\t\t\t<h3 class=\"elementor-icon-box-title\">\n\t\t\t\t\t\t<span  >\n\t\t\t\t\t\t\tTelefon\t\t\t\t\t\t<\/span>\n\t\t\t\t\t<\/h3>\n\t\t\t\t\n\t\t\t\t\n\t\t\t<\/div>\n\t\t\t\n\t\t<\/div>\n\t\t\t\t\t\t<\/div>\n\t\t\t\t<\/div>\n\t\t\t\t<div data-dce-title-color=\"#2359B3\" class=\"elementor-element elementor-element-c9b45ce elementor-widget elementor-widget-heading\" data-id=\"c9b45ce\" data-element_type=\"widget\" data-e-type=\"widget\" data-widget_type=\"heading.default\">\n\t\t\t\t<div class=\"elementor-widget-container\">\n\t\t\t\t\t<h6 class=\"elementor-heading-title elementor-size-default\"><a href=\"tel:+40265215551\">+40-265-21.55.51, int. 119\n<\/a><\/h6>\t\t\t\t<\/div>\n\t\t\t\t<\/div>\n\t\t\t\t<div class=\"elementor-element elementor-element-36d417c elementor-widget__width-initial elementor-widget elementor-widget-icon-box\" data-id=\"36d417c\" data-element_type=\"widget\" data-e-type=\"widget\" data-widget_type=\"icon-box.default\">\n\t\t\t\t<div class=\"elementor-widget-container\">\n\t\t\t\t\t\t\t<div class=\"elementor-icon-box-wrapper\">\n\n\t\t\t\n\t\t\t\t\t\t<div class=\"elementor-icon-box-content\">\n\n\t\t\t\t\t\t\t\t\t<h3 class=\"elementor-icon-box-title\">\n\t\t\t\t\t\t<span  >\n\t\t\t\t\t\t\tFax\t\t\t\t\t\t<\/span>\n\t\t\t\t\t<\/h3>\n\t\t\t\t\n\t\t\t\t\n\t\t\t<\/div>\n\t\t\t\n\t\t<\/div>\n\t\t\t\t\t\t<\/div>\n\t\t\t\t<\/div>\n\t\t\t\t<div data-dce-title-color=\"#2359B3\" class=\"elementor-element elementor-element-443b2b7 elementor-widget elementor-widget-heading\" data-id=\"443b2b7\" data-element_type=\"widget\" data-e-type=\"widget\" data-widget_type=\"heading.default\">\n\t\t\t\t<div class=\"elementor-widget-container\">\n\t\t\t\t\t<h6 class=\"elementor-heading-title elementor-size-default\"><a href=\"tel:+40265210407\">+40-265-21.04.07<\/a><\/h6>\t\t\t\t<\/div>\n\t\t\t\t<\/div>\n\t\t\t\t\t<\/div>\n\t\t<\/div>\n\t\t\t\t\t<\/div>\n\t\t<\/section>\n\t\t\t\t\t<\/div>\n\t\t<\/div>\n\t\t\t\t\t<\/div>\n\t\t<\/section>\n\t\t\t\t<section class=\"elementor-section elementor-top-section elementor-element elementor-element-7cbf702 elementor-section-boxed elementor-section-height-default elementor-section-height-default\" data-id=\"7cbf702\" data-element_type=\"section\" data-e-type=\"section\">\n\t\t\t\t\t\t<div class=\"elementor-container elementor-column-gap-default\">\n\t\t\t\t\t<div class=\"elementor-column elementor-col-100 elementor-top-column elementor-element elementor-element-172306e\" data-id=\"172306e\" data-element_type=\"column\" data-e-type=\"column\">\n\t\t\t<div class=\"elementor-widget-wrap elementor-element-populated\">\n\t\t\t\t\t\t<div class=\"elementor-element elementor-element-f7a8c2a elementor-widget elementor-widget-text-editor\" data-id=\"f7a8c2a\" data-element_type=\"widget\" data-e-type=\"widget\" data-widget_type=\"text-editor.default\">\n\t\t\t\t<div class=\"elementor-widget-container\">\n\t\t\t\t\t\t\t\t\t<h2>Rapoarte<\/h2>\t\t\t\t\t\t\t\t<\/div>\n\t\t\t\t<\/div>\n\t\t\t\t<div data-dce-background-color=\"#2359B317\" class=\"elementor-element elementor-element-a9a7c28 elementor-widget__width-auto elementor-widget elementor-widget-button\" data-id=\"a9a7c28\" data-element_type=\"widget\" data-e-type=\"widget\" data-widget_type=\"button.default\">\n\t\t\t\t<div class=\"elementor-widget-container\">\n\t\t\t\t\t\t\t\t\t<div class=\"elementor-button-wrapper\">\n\t\t\t\t\t<a class=\"elementor-button elementor-button-link elementor-size-sm\" href=\"https:\/\/www.umfst.ro\/fileadmin\/cercetare\/publicatii_stiintifice\/Raport_de_activitate_CPS_an_2025.pdf\" target=\"_blank\">\n\t\t\t\t\t\t<span class=\"elementor-button-content-wrapper\">\n\t\t\t\t\t\t<span class=\"elementor-button-icon\">\n\t\t\t\t<i aria-hidden=\"true\" class=\"fas fa-file-pdf\"><\/i>\t\t\t<\/span>\n\t\t\t\t\t\t\t\t\t<span class=\"elementor-button-text\">2025<\/span>\n\t\t\t\t\t<\/span>\n\t\t\t\t\t<\/a>\n\t\t\t\t<\/div>\n\t\t\t\t\t\t\t\t<\/div>\n\t\t\t\t<\/div>\n\t\t\t\t\t<\/div>\n\t\t<\/div>\n\t\t\t\t\t<\/div>\n\t\t<\/section>\n\t\t\t\t<\/div>","protected":false},"excerpt":{"rendered":"<p>Compartimentul Publica\u021bii \u0218tiin\u021bifice func\u021bioneaz\u0103 \u00een cadrul Universit\u0103\u021bii de Medicin\u0103, Farmacie, \u0218tiin\u021be \u0219i Tehnologie \u201eGeorge Emil Palade\u201d din T\u00e2rgu Mure\u0219, fiind \u00eenfiin\u021bat cu scopul de a crea un cadru organizatoric \u0219i institu\u021bional \u00een care echipa de lucru s\u0103 g\u0103seasc\u0103 \u0219i s\u0103 aplice metode, tehnici \u0219i proceduri de lucru care s\u0103 asigure transparen\u021ba \u0219i informarea mediului academic [&hellip;]<\/p>\n","protected":false},"author":25,"featured_media":0,"parent":657,"menu_order":9,"comment_status":"closed","ping_status":"closed","template":"","meta":{"_relevanssi_hide_post":"","_relevanssi_hide_content":"","_relevanssi_pin_for_all":"","_relevanssi_pin_keywords":"","_relevanssi_unpin_keywords":"","_relevanssi_related_keywords":"","_relevanssi_related_include_ids":"","_relevanssi_related_exclude_ids":"","_relevanssi_related_no_append":"","_relevanssi_related_not_related":"","_relevanssi_related_posts":"154,150","_relevanssi_noindex_reason":"","footnotes":""},"categories":[145,16],"tags":[],"class_list":["post-44369","page","type-page","status-publish","hentry","category-pagina-cercetare","category-pagina-sidebar"],"meta_box":[],"_links":{"self":[{"href":"https:\/\/umfst.ro\/hu\/wp-json\/wp\/v2\/pages\/44369","targetHints":{"allow":["GET"]}}],"collection":[{"href":"https:\/\/umfst.ro\/hu\/wp-json\/wp\/v2\/pages"}],"about":[{"href":"https:\/\/umfst.ro\/hu\/wp-json\/wp\/v2\/types\/page"}],"author":[{"embeddable":true,"href":"https:\/\/umfst.ro\/hu\/wp-json\/wp\/v2\/users\/25"}],"replies":[{"embeddable":true,"href":"https:\/\/umfst.ro\/hu\/wp-json\/wp\/v2\/comments?post=44369"}],"version-history":[{"count":10,"href":"https:\/\/umfst.ro\/hu\/wp-json\/wp\/v2\/pages\/44369\/revisions"}],"predecessor-version":[{"id":46404,"href":"https:\/\/umfst.ro\/hu\/wp-json\/wp\/v2\/pages\/44369\/revisions\/46404"}],"up":[{"embeddable":true,"href":"https:\/\/umfst.ro\/hu\/wp-json\/wp\/v2\/pages\/657"}],"wp:attachment":[{"href":"https:\/\/umfst.ro\/hu\/wp-json\/wp\/v2\/media?parent=44369"}],"wp:term":[{"taxonomy":"category","embeddable":true,"href":"https:\/\/umfst.ro\/hu\/wp-json\/wp\/v2\/categories?post=44369"},{"taxonomy":"post_tag","embeddable":true,"href":"https:\/\/umfst.ro\/hu\/wp-json\/wp\/v2\/tags?post=44369"}],"curies":[{"name":"wp","href":"https:\/\/api.w.org\/{rel}","templated":true}]}}