{"id":468,"date":"2022-11-13T09:55:23","date_gmt":"2022-11-13T07:55:23","guid":{"rendered":"https:\/\/dev.umfst.ro\/?page_id=468"},"modified":"2024-07-11T10:44:34","modified_gmt":"2024-07-11T07:44:34","slug":"mobilitati-non-erasmus-studenti","status":"publish","type":"page","link":"https:\/\/umfst.ro\/hu\/universitate\/relatii-internationale\/alte-programe-internationale\/mobilitati-non-erasmus-studenti\/","title":{"rendered":"Burse Ungaria"},"content":{"rendered":"<div data-elementor-type=\"wp-page\" data-elementor-id=\"468\" class=\"elementor elementor-468\" data-elementor-post-type=\"page\">\n\t\t\t\t\t\t<section class=\"elementor-section elementor-top-section elementor-element elementor-element-61bdf89f elementor-section-boxed elementor-section-height-default elementor-section-height-default\" data-id=\"61bdf89f\" data-element_type=\"section\" data-e-type=\"section\">\n\t\t\t\t\t\t<div class=\"elementor-container elementor-column-gap-default\">\n\t\t\t\t\t<div class=\"elementor-column elementor-col-100 elementor-top-column elementor-element elementor-element-2c964e28\" data-id=\"2c964e28\" data-element_type=\"column\" data-e-type=\"column\">\n\t\t\t<div class=\"elementor-widget-wrap elementor-element-populated\">\n\t\t\t\t\t\t<div class=\"elementor-element elementor-element-4bf5d15f elementor-widget elementor-widget-text-editor\" data-id=\"4bf5d15f\" data-element_type=\"widget\" data-e-type=\"widget\" data-widget_type=\"text-editor.default\">\n\t\t\t\t<div class=\"elementor-widget-container\">\n\t\t\t\t\t\t\t\t\t<p><\/p>\n<p>Mobilit\u0103\u021bile de studiu efectuate \u00een afara programului Erasmus+ sunt mobilit\u0103\u021bi de studiu de un semestru sau un an universitar care se desf\u0103\u0219oar\u0103 la universit\u0103\u021bi partenere din str\u0103in\u0103tate \u00een cadrul altor programe dec\u00e2t Erasmus+ (de exemplu burse oferite de Institutul Balassi \u0219i Ministerul resurselor umane din Ungaria).<\/p>\n<p><\/p>\n<p>Pentru a efectua o astfel de mobilitate studentul trebuie s\u0103 ob\u021bin\u0103 aprobarea decanatului facult\u0103\u021bii la care este \u00eenmatriculat. Aprobarea se ob\u021bine \u00een baza cererii depuse la registratura universit\u0103\u021bii. Cererea trebuie s\u0103 fie \u00eenso\u021bit\u0103 de Learning Agreement-ul completat, dovada ob\u021binerii bursei \u0219i acceptul universit\u0103\u021bii gazd\u0103.<\/p>\n<p><\/p>\n<p class=\" translation-block\"><strong>Cererile se depun la Departamentul de Rela\u021bii <\/strong><strong>Interna\u021bionale, camera 226, p\u00e2n\u0103 cel t\u00e2rziu cu o zi \u00eenainte de \u00eenceperea semestrului \u00een care urmeaz\u0103 s\u0103 se efectueze mobilitatea.<\/strong><\/p>\n<p><\/p>\n<p>Pentru informa\u021bii suplimentare:<br>Departamentul de Rela\u021bii Interna\u021bionale, camera 226<br>Tel: +40-265-215.551, interior 235<br>E-mail: <a href=\"linkTo_UnCryptMailto(%27nbjmup%2Bmvnjojub%5C%2FtjohfpsaboAvngtu%5C%2Fsp%27);\">luminita.singeorzan@umfst.ro<\/a><\/p>\n<p><\/p>\t\t\t\t\t\t\t\t<\/div>\n\t\t\t\t<\/div>\n\t\t\t\t\t<\/div>\n\t\t<\/div>\n\t\t\t\t\t<\/div>\n\t\t<\/section>\n\t\t\t\t<section class=\"elementor-section elementor-top-section elementor-element elementor-element-cec5944 elementor-section-boxed elementor-section-height-default elementor-section-height-default\" data-id=\"cec5944\" data-element_type=\"section\" data-e-type=\"section\">\n\t\t\t\t\t\t<div class=\"elementor-container elementor-column-gap-default\">\n\t\t\t\t\t<div class=\"elementor-column elementor-col-100 elementor-top-column elementor-element elementor-element-3f35e71\" data-id=\"3f35e71\" data-element_type=\"column\" data-e-type=\"column\">\n\t\t\t<div class=\"elementor-widget-wrap elementor-element-populated\">\n\t\t\t\t\t\t<div class=\"elementor-element elementor-element-fd02b10 elementor-widget__width-auto elementor-widget elementor-widget-button\" data-id=\"fd02b10\" data-element_type=\"widget\" data-e-type=\"widget\" data-widget_type=\"button.default\">\n\t\t\t\t<div class=\"elementor-widget-container\">\n\t\t\t\t\t\t\t\t\t<div class=\"elementor-button-wrapper\">\n\t\t\t\t\t<a class=\"elementor-button elementor-button-link elementor-size-sm\" href=\"https:\/\/www.umfst.ro\/fileadmin\/relatii_internationale\/non_erasmus\/Cerere_mobilitatii_non_ERASMUS.doc\" target=\"_blank\">\n\t\t\t\t\t\t<span class=\"elementor-button-content-wrapper\">\n\t\t\t\t\t\t<span class=\"elementor-button-icon\">\n\t\t\t\t<i aria-hidden=\"true\" class=\"fas fa-file-pdf\"><\/i>\t\t\t<\/span>\n\t\t\t\t\t\t\t\t\t<span class=\"elementor-button-text\">Cerere mobilit\u0103\u021bi<\/span>\n\t\t\t\t\t<\/span>\n\t\t\t\t\t<\/a>\n\t\t\t\t<\/div>\n\t\t\t\t\t\t\t\t<\/div>\n\t\t\t\t<\/div>\n\t\t\t\t<div class=\"elementor-element elementor-element-9d14079 elementor-widget__width-auto elementor-widget elementor-widget-button\" data-id=\"9d14079\" data-element_type=\"widget\" data-e-type=\"widget\" data-widget_type=\"button.default\">\n\t\t\t\t<div class=\"elementor-widget-container\">\n\t\t\t\t\t\t\t\t\t<div class=\"elementor-button-wrapper\">\n\t\t\t\t\t<a class=\"elementor-button elementor-button-link elementor-size-sm\" href=\"https:\/\/www.umfst.ro\/fileadmin\/relatii_internationale\/non_erasmus\/Learning_Agreement_non_ERASMUS.doc\" target=\"_blank\">\n\t\t\t\t\t\t<span class=\"elementor-button-content-wrapper\">\n\t\t\t\t\t\t<span class=\"elementor-button-icon\">\n\t\t\t\t<i aria-hidden=\"true\" class=\"fas fa-file-pdf\"><\/i>\t\t\t<\/span>\n\t\t\t\t\t\t\t\t\t<span class=\"elementor-button-text\">Learning Agreement<\/span>\n\t\t\t\t\t<\/span>\n\t\t\t\t\t<\/a>\n\t\t\t\t<\/div>\n\t\t\t\t\t\t\t\t<\/div>\n\t\t\t\t<\/div>\n\t\t\t\t\t<\/div>\n\t\t<\/div>\n\t\t\t\t\t<\/div>\n\t\t<\/section>\n\t\t\t\t<\/div>","protected":false},"excerpt":{"rendered":"<p>Mobilit\u0103\u021bile de studiu efectuate \u00een afara programului Erasmus+ sunt mobilit\u0103\u021bi de studiu de un semestru sau un an universitar care se desf\u0103\u0219oar\u0103 la universit\u0103\u021bi partenere din str\u0103in\u0103tate \u00een cadrul altor programe dec\u00e2t Erasmus+ (de exemplu burse oferite de Institutul Balassi \u0219i Ministerul resurselor umane din Ungaria). Pentru a efectua o astfel de mobilitate studentul trebuie [&hellip;]<\/p>\n","protected":false},"author":3,"featured_media":0,"parent":27683,"menu_order":1,"comment_status":"closed","ping_status":"closed","template":"","meta":{"_relevanssi_hide_post":"","_relevanssi_hide_content":"","_relevanssi_pin_for_all":"","_relevanssi_pin_keywords":"","_relevanssi_unpin_keywords":"","_relevanssi_related_keywords":"","_relevanssi_related_include_ids":"","_relevanssi_related_exclude_ids":"","_relevanssi_related_no_append":"","_relevanssi_related_not_related":"","_relevanssi_related_posts":"150,154","_relevanssi_noindex_reason":"","footnotes":""},"categories":[16,146],"tags":[],"class_list":["post-468","page","type-page","status-publish","hentry","category-pagina-sidebar","category-pagina-international"],"meta_box":[],"_links":{"self":[{"href":"https:\/\/umfst.ro\/hu\/wp-json\/wp\/v2\/pages\/468","targetHints":{"allow":["GET"]}}],"collection":[{"href":"https:\/\/umfst.ro\/hu\/wp-json\/wp\/v2\/pages"}],"about":[{"href":"https:\/\/umfst.ro\/hu\/wp-json\/wp\/v2\/types\/page"}],"author":[{"embeddable":true,"href":"https:\/\/umfst.ro\/hu\/wp-json\/wp\/v2\/users\/3"}],"replies":[{"embeddable":true,"href":"https:\/\/umfst.ro\/hu\/wp-json\/wp\/v2\/comments?post=468"}],"version-history":[{"count":8,"href":"https:\/\/umfst.ro\/hu\/wp-json\/wp\/v2\/pages\/468\/revisions"}],"predecessor-version":[{"id":27693,"href":"https:\/\/umfst.ro\/hu\/wp-json\/wp\/v2\/pages\/468\/revisions\/27693"}],"up":[{"embeddable":true,"href":"https:\/\/umfst.ro\/hu\/wp-json\/wp\/v2\/pages\/27683"}],"wp:attachment":[{"href":"https:\/\/umfst.ro\/hu\/wp-json\/wp\/v2\/media?parent=468"}],"wp:term":[{"taxonomy":"category","embeddable":true,"href":"https:\/\/umfst.ro\/hu\/wp-json\/wp\/v2\/categories?post=468"},{"taxonomy":"post_tag","embeddable":true,"href":"https:\/\/umfst.ro\/hu\/wp-json\/wp\/v2\/tags?post=468"}],"curies":[{"name":"wp","href":"https:\/\/api.w.org\/{rel}","templated":true}]}}