{"id":47364,"date":"2026-03-30T12:59:45","date_gmt":"2026-03-30T09:59:45","guid":{"rendered":"https:\/\/umfst.ro\/?page_id=47364"},"modified":"2026-03-30T14:06:25","modified_gmt":"2026-03-30T11:06:25","slug":"echipa","status":"publish","type":"page","link":"https:\/\/umfst.ro\/hu\/institutul-de-studii-religioase-ioan-petru-culianu\/echipa\/","title":{"rendered":"Echip\u0103"},"content":{"rendered":"<div data-elementor-type=\"wp-page\" data-elementor-id=\"47364\" class=\"elementor elementor-47364\" data-elementor-post-type=\"page\">\n\t\t\t\t\t\t<section class=\"elementor-section elementor-top-section elementor-element elementor-element-93d619d elementor-section-boxed elementor-section-height-default elementor-section-height-default\" data-id=\"93d619d\" data-element_type=\"section\" data-e-type=\"section\">\n\t\t\t\t\t\t<div class=\"elementor-container elementor-column-gap-default\">\n\t\t\t\t\t<div class=\"elementor-column elementor-col-100 elementor-top-column elementor-element elementor-element-ae378fa\" data-id=\"ae378fa\" data-element_type=\"column\" data-e-type=\"column\">\n\t\t\t<div class=\"elementor-widget-wrap elementor-element-populated\">\n\t\t\t\t\t\t<div class=\"elementor-element elementor-element-6a76d3d elementor-widget elementor-widget-jet-accordion\" data-id=\"6a76d3d\" data-element_type=\"widget\" data-e-type=\"widget\" data-widget_type=\"jet-accordion.default\">\n\t\t\t\t<div class=\"elementor-widget-container\">\n\t\t\t\t\t\t\t\t\t<div class=\"jet-accordion\" data-settings=\"{&quot;collapsible&quot;:false,&quot;ajaxTemplate&quot;:false,&quot;switchScrolling&quot;:false,&quot;switchScrollingTablet&quot;:false,&quot;switchScrollingMobile&quot;:false,&quot;switchScrollingOffset&quot;:{&quot;size&quot;:0,&quot;unit&quot;:&quot;px&quot;},&quot;switchScrollingOffsetTablet&quot;:{&quot;size&quot;:0,&quot;unit&quot;:&quot;px&quot;},&quot;switchScrollingOffsetMobile&quot;:{&quot;size&quot;:0,&quot;unit&quot;:&quot;px&quot;},&quot;switchScrollingDelay&quot;:500,&quot;switchScrollingDelayTablet&quot;:500,&quot;switchScrollingDelayMobile&quot;:500}\">\n\t\t\t<div class=\"jet-accordion__inner\">\n\t\t\t\t<div class=\"jet-accordion__item jet-toggle jet-toggle-move-up-effect\">\n\t\t\t\t\t\t\t<div id=\"jet-toggle-control-1111\" class=\"jet-toggle__control elementor-menu-anchor\" data-toggle=\"1\" role=\"button\" tabindex=\"0\" aria-controls=\"jet-toggle-content-1111\" aria-expanded=\"false\" data-template-id=\"false\">\n\t\t\t\t\t\t\t\t<h5 class=\"jet-toggle__label-text\"><div class=\"accordion__flex\" style=\"align-items:center;justify-content:center;column-gap:20px\"><img decoding=\"async\" src=\"https:\/\/umfst.ro\/wp-content\/uploads\/2026\/03\/IMG_3273.jpeg\" style=\"width:70px;border-radius:50%\"><span>Dr. Anca \u0218incan<span><\/div><\/h5>\t\t\t\t\t\t\t<\/div>\n\t\t\t\t\t\t\t<div id=\"jet-toggle-content-1111\" class=\"jet-toggle__content\" data-toggle=\"1\" role=\"region\" data-template-id=\"false\">\n\t\t\t\t\t\t\t\t<div class=\"jet-toggle__content-inner\"><p><img decoding=\"async\" class=\"padding-img-echipa aligncenter wp-image-47366\" src=\"https:\/\/umfst.ro\/wp-content\/uploads\/2026\/03\/IMG_3273-300x269.jpeg\" alt=\"\" width=\"218\" height=\"196\" srcset=\"https:\/\/umfst.ro\/wp-content\/uploads\/2026\/03\/IMG_3273-300x269.jpeg 300w, https:\/\/umfst.ro\/wp-content\/uploads\/2026\/03\/IMG_3273-768x690.jpeg 768w, https:\/\/umfst.ro\/wp-content\/uploads\/2026\/03\/IMG_3273-13x12.jpeg 13w, https:\/\/umfst.ro\/wp-content\/uploads\/2026\/03\/IMG_3273.jpeg 882w\" sizes=\"(max-width: 218px) 100vw, 218px\" \/><strong>Dr. Anca \u0218incan<\/strong> este cercet\u0103tor principal \u0219i cadru didactic asociat la Institutul de Studii Religioase \u201eIoan Petru Culianu\u201d din cadrul Universit\u0103\u021bii \u201eGeorge Emil Palade\u201d din T\u00e2rgu Mure\u0219. Istoric \u0219i specialist \u00een studii religioase, desf\u0103\u0219oar\u0103 cercet\u0103ri de arhiv\u0103 \u0219i etnografice asupra comunit\u0103\u021bilor religioase minoritare din Rom\u00e2nia. A fost expert \u00een cadrul Comisiei Preziden\u021biale pentru Analiza Dictaturii Comuniste din Rom\u00e2nia. \u00centre 2017 \u0219i 2022, a fost cercet\u0103tor \u00een proiectul european\u00a0<em>Hidden Galleries<\/em>, dedicat comunit\u0103\u021bilor religioase clandestine din Rom\u00e2nia secolului al XX-lea. \u00cen prezent, este cercet\u0103tor \u00een cadrul proiectului Consiliului European pentru Cercetare (<em>European Research Council<\/em>)\u00a0<em>Negotiating Sovereignty<\/em>, care analizeaz\u0103 rela\u021bia dintre stat \u0219i Biserica Catolic\u0103 \u00een Europa Central\u0103 \u0219i de Est, la Centrul de Cercetare \u00een \u0218tiin\u021be Umaniste din Budapesta.<\/p><p>Publica\u021bii recente includ: Coeditare cu Ioana Macrea-Toma num\u0103rul de revist\u0103 <a href=\"https:\/\/doi.org\/10.30965\/18763308-20252001\" target=\"_blank\" rel=\"noopener\">Methodology of Working in Cold War Archives, \u00een East Central Europe<\/a>, 52:2\/3, 2025;\u00a0<\/p><p>Anca \u0218incan, <em><a href=\"https:\/\/libraria.ubbcluj.ro\/eticheta-produs\/sincan-anca\/\" target=\"_blank\" rel=\"noopener\">Of Middlemen and intermediaries. State and Church in Communist Romania<\/a><\/em>, Cluj-Napoca, Presa Universitara Clujean\u0103, 2025;<\/p><p>Coeditare cu James Kapalo <em><a href=\"https:\/\/humanitas.ro\/humanitas\/carte\/religia-clandestina-in-documentele-politiei-secrete\" target=\"_blank\" rel=\"noopener\">Religia clandestin\u0103 \u00een documentele poli\u021biei secrete. O istorie \u00een imagini<\/a><\/em>, Bucure\u0219ti: Humanitas, 2024;<\/p><p>Coeditare cu Ionut Biliu\u021b\u01ce num\u0103rul de revist\u0103\u00a0<em><a href=\"https:\/\/sciendo.com\/issue\/RESS\/14\/2\" target=\"_blank\" rel=\"noopener\">Orthodoxy and Heterodoxy: The Religious Underground in the Twentieth Century East-Central Europe<\/a><\/em> \u00een Review of Ecumenical Studies, 14:2 (2022)<\/p><\/div>\n\t\t\t\t\t\t\t<\/div>\n\t\t\t\t\t\t<\/div><div class=\"jet-accordion__item jet-toggle jet-toggle-move-up-effect\">\n\t\t\t\t\t\t\t<div id=\"jet-toggle-control-1112\" class=\"jet-toggle__control elementor-menu-anchor\" data-toggle=\"2\" role=\"button\" tabindex=\"0\" aria-controls=\"jet-toggle-content-1112\" aria-expanded=\"false\" data-template-id=\"false\">\n\t\t\t\t\t\t\t\t<h5 class=\"jet-toggle__label-text\"><div class=\"accordion__flex\" style=\"align-items:center;justify-content:center;column-gap:20px\"><img decoding=\"async\" src=\"https:\/\/umfst.ro\/wp-content\/uploads\/2026\/03\/Ionut-Biliuta-e1774863874384.jpg\" style=\"width:70px;border-radius:50%\">Dr. Ionu\u021b Bilu\u021b\u0103<\/div><\/h5>\t\t\t\t\t\t\t<\/div>\n\t\t\t\t\t\t\t<div id=\"jet-toggle-content-1112\" class=\"jet-toggle__content\" data-toggle=\"2\" role=\"region\" data-template-id=\"false\">\n\t\t\t\t\t\t\t\t<div class=\"jet-toggle__content-inner\"><p><img decoding=\"async\" class=\"padding-img-echipa aligncenter wp-image-47367\" src=\"https:\/\/umfst.ro\/wp-content\/uploads\/2026\/03\/Ionut-Biliuta-e1774863874384-300x287.jpg\" alt=\"\" width=\"224\" height=\"214\" srcset=\"https:\/\/umfst.ro\/wp-content\/uploads\/2026\/03\/Ionut-Biliuta-e1774863874384-300x287.jpg 300w, https:\/\/umfst.ro\/wp-content\/uploads\/2026\/03\/Ionut-Biliuta-e1774863874384-13x12.jpg 13w, https:\/\/umfst.ro\/wp-content\/uploads\/2026\/03\/Ionut-Biliuta-e1774863874384.jpg 593w\" sizes=\"(max-width: 224px) 100vw, 224px\" \/><\/p><p><strong>Ionu\u021b Biliu\u021b\u0103<\/strong> este cercet\u0103tor principal (CS II) \u0219i cadru didactic asociat la Institutul de Studii Religioase \u201eIoan Petru Culianu\u201d din cadrul Universit\u0103\u021bii \u201eGeorge Emil Palade\u201d din T\u00e2rgu Mure\u0219. Istoric al fascismului religios \u0219i cercet\u0103tor rom\u00e2n \u00een domeniul studiilor religioase, acesta a fost angrenat \u00een numeroase proiecte de cercetare interne \u0219i interna\u021bionale. Studii doctorale \u00een istorie la Universitatea Central European\u0103 din Budapesta (2007-2013), urmate de un doctorat \u00een istoria Bisericii la Universitatea Babe\u0219-Bolyai din Cluj-Napoca (2010-2017). Interesele sale \u0219tiin\u021bifice se concentreaz\u0103 asupra rela\u021biei dintre extrema dreapt\u0103 interbelic\u0103 \u0219i cea contemporan\u0103 \u0219i religie \u00een secolele al XIX-lea \u0219i al XX-lea, Holocaustul \u0219i Bisericile cre\u0219tine, manifest\u0103ri religioase clandestine \u0219i hibridiz\u0103ri ale religiei tradi\u021bionale sub impactul totalitarismului \u0219i seculariz\u0103rii. Dintre publica\u021biile sale cele mai importante men\u021bion\u0103m:<\/p><p>Ionu\u021b Biliu\u021b\u0103, <em><a href=\"https:\/\/libraria.ubbcluj.ro\/eticheta-produs\/biliuta-ionut\/\" target=\"_blank\" rel=\"noopener\">The Archangel\u2019s Priests: Investigating the Relationship between the Orthodox Church and the Iron Guard in Interwar Romania<\/a><\/em> (1930-1941), Presa Universitar\u0103 Clujean\u0103, Cluj-Napoca, 2025.<\/p><p>Ionu\u021b Biliu\u021b\u0103 (ed.), In God We Trust: Romanian American Religious Interferences in the Twentieth Century, Presa Universitar\u0103 Clujean\u0103, Cluj-Napoca, 2025.<\/p><p>Ionu\u021b Biliu\u021b\u0103, \u201cA Schism in the Making? Orthodox Diplomacy, Jurisdictional Conflict, and Geopolitical Negotiations Between Romanian and Russian Orthodoxy in the Post-Communist Era,\u201d in Fault Lines in the Orthodox World: Geopolitics, Theology, and Diplomacy in Light of the War in Ukraine, eds. Sebastian Rimestad, Emil Hilton Saggau (Cham: Palgrave, 2026), 285-306.<\/p><p>\u201cConstructing Fascist Hagiographies: The Genealogy of the Prison Saints Movement in Contemporary Romania,\u201d Contemporary European History 31:3 (August 2022): 435-455, DOI:<br \/>10.1017\/S0960777321000424<\/p><\/div>\n\t\t\t\t\t\t\t<\/div>\n\t\t\t\t\t\t<\/div><div class=\"jet-accordion__item jet-toggle jet-toggle-move-up-effect\">\n\t\t\t\t\t\t\t<div id=\"jet-toggle-control-1113\" class=\"jet-toggle__control elementor-menu-anchor\" data-toggle=\"3\" role=\"button\" tabindex=\"0\" aria-controls=\"jet-toggle-content-1113\" aria-expanded=\"false\" data-template-id=\"false\">\n\t\t\t\t\t\t\t\t<h5 class=\"jet-toggle__label-text\"><div class=\"accordion__flex\" style=\"align-items:center;justify-content:center;column-gap:20px\"><img decoding=\"async\" src=\"https:\/\/umfst.ro\/wp-content\/uploads\/2026\/03\/Iulia.jpg\" style=\"width:70px;border-radius:50%\">Iuliana Nagy (Cindrea)<\/div><\/h5>\t\t\t\t\t\t\t<\/div>\n\t\t\t\t\t\t\t<div id=\"jet-toggle-content-1113\" class=\"jet-toggle__content\" data-toggle=\"3\" role=\"region\" data-template-id=\"false\">\n\t\t\t\t\t\t\t\t<div class=\"jet-toggle__content-inner\"><p><img decoding=\"async\" class=\"padding-img-echipa aligncenter wp-image-47368\" src=\"https:\/\/umfst.ro\/wp-content\/uploads\/2026\/03\/Iulia-300x290.jpg\" alt=\"\" width=\"206\" height=\"199\" srcset=\"https:\/\/umfst.ro\/wp-content\/uploads\/2026\/03\/Iulia-300x290.jpg 300w, https:\/\/umfst.ro\/wp-content\/uploads\/2026\/03\/Iulia-1024x990.jpg 1024w, https:\/\/umfst.ro\/wp-content\/uploads\/2026\/03\/Iulia-768x743.jpg 768w, https:\/\/umfst.ro\/wp-content\/uploads\/2026\/03\/Iulia-12x12.jpg 12w, https:\/\/umfst.ro\/wp-content\/uploads\/2026\/03\/Iulia.jpg 1117w\" sizes=\"(max-width: 206px) 100vw, 206px\" \/><\/p><p style=\"margin: 0cm; text-align: justify; line-height: 150%;\"><strong>Iuliana Nagy (Cindrea)<\/strong> este absolvent\u0103 a programului de masterat din cadrul Departamentului de Istorie, Patrimoniu \u0219i Teologie Protestant\u0103 al Universit\u0103\u021bii \u201eLucian Blaga\u201d din Sibiu, Rom\u00e2nia, \u0219i de\u021bine titlul de doctor ob\u021binut la University College Cork, Irlanda, cu o tez\u0103 intitulat\u0103 <em>Hidden Galleries, Silenced Communities: Religious Communities and the Secret Police in 20th Century Romania<\/em>. Principalele sale direc\u021bii de cercetare includ istoria minorit\u0103\u021bilor religioase din Rom\u00e2nia, precum comunit\u0103\u021bile vechi calendariste, tudoriste \u0219i neoprotestante\/evanghelice, modul \u00een care acestea au fost percepute de regimurile totalitare \u0219i de poli\u021biile secrete ale secolului al XX-lea, precum \u0219i mecanismele de represiune utilizate \u00eempotriva lor.<\/p><p>A fost membr\u0103 a proiectului ERC <em>Creative Agency and Religious Minorities: Hidden Galleries in the Secret Police Archives in Central and Eastern Europe (Hidden Galleries)<\/em> (2016\u20132020) \u0219i a proiectului <em>O etnografie a \u201estatului dual\u201d: starea de asediu \u0219i ascensiunea autoritarismului \u00een Rom\u00e2nia (1933\u20131944)<\/em> (2022\u20132024). \u00cen prezent, este bursier\u0103 postdoctoral\u0103 a NEC (New Europe College), \u00een cadrul programului \u0218tefan Odobleja.<\/p><\/div>\n\t\t\t\t\t\t\t<\/div>\n\t\t\t\t\t\t<\/div><div class=\"jet-accordion__item jet-toggle jet-toggle-move-up-effect\">\n\t\t\t\t\t\t\t<div id=\"jet-toggle-control-1114\" class=\"jet-toggle__control elementor-menu-anchor\" data-toggle=\"4\" role=\"button\" tabindex=\"0\" aria-controls=\"jet-toggle-content-1114\" aria-expanded=\"false\" data-template-id=\"false\">\n\t\t\t\t\t\t\t\t<h5 class=\"jet-toggle__label-text\"><div class=\"accordion__flex\" style=\"align-items:center;justify-content:center;column-gap:20px\"><img decoding=\"async\" src=\"https:\/\/umfst.ro\/wp-content\/uploads\/2026\/03\/Calian.jpeg\" style=\"width:70px;height:70px;object-fit:cover;border-radius:50%\">Dr. Florin George C\u0103lian <\/div><\/h5>\t\t\t\t\t\t\t<\/div>\n\t\t\t\t\t\t\t<div id=\"jet-toggle-content-1114\" class=\"jet-toggle__content\" data-toggle=\"4\" role=\"region\" data-template-id=\"false\">\n\t\t\t\t\t\t\t\t<div class=\"jet-toggle__content-inner\"><p><img loading=\"lazy\" decoding=\"async\" class=\"padding-img-echipa aligncenter wp-image-47369\" src=\"https:\/\/umfst.ro\/wp-content\/uploads\/2026\/03\/Calian-253x300.jpeg\" alt=\"\" width=\"194\" height=\"230\" srcset=\"https:\/\/umfst.ro\/wp-content\/uploads\/2026\/03\/Calian-253x300.jpeg 253w, https:\/\/umfst.ro\/wp-content\/uploads\/2026\/03\/Calian-862x1024.jpeg 862w, https:\/\/umfst.ro\/wp-content\/uploads\/2026\/03\/Calian-768x912.jpeg 768w, https:\/\/umfst.ro\/wp-content\/uploads\/2026\/03\/Calian-10x12.jpeg 10w, https:\/\/umfst.ro\/wp-content\/uploads\/2026\/03\/Calian.jpeg 909w\" sizes=\"(max-width: 194px) 100vw, 194px\" \/><\/p><p><strong>Dr. Florin George C\u0103lian<\/strong> este cadru didactic asociat la Institutul de Studii Religioase \u201eIoan Petru Culianu\u201d din cadrul Universit\u0103\u021bii \u201eGeorge Emil Palade\u201d din T\u00e2rgu Mure\u0219. Cercet\u0103tor \u00een domeniul istoriei filosofiei \u0219i al studiilor religioase, acesta este doctor \u00een filosofie al Universit\u0103\u021bii Centrale Europene din Budapesta (CEU). Este absolvent al unui program de master \u00een Istorie Greco-Roman\u0103 \u0219i Arheologie al Universit\u0103\u021bii din Bucure\u0219ti, precum \u0219i al unui program de master \u00een Studii Medievale, cu specializare \u00een studii religioase, al Universit\u0103\u021bii Central Europene. A efectuat stagii de cercetare la Trinity College (Dublin), New Europe College (Bucure\u0219ti), Trinity College (Oxford), Le D\u00e9partement de philosophie (Freiburg) etc. Interesele sale de cercetare vizeaz\u0103 istoria filosofiei, \u00een special raporturile acesteia cu istoria religiilor.<\/p><p>A sus\u021binut conferin\u021be \u0219i a publicat articole \u0219tiin\u021bifice \u0219i recenzii \u00een domeniile filosofiei platonice \u0219i neoplatonice, filologiei clasice, studiilor religioase, rela\u021biei dintre teologie \u0219i filosofie, a problemei r\u0103ului etc. Este editor consultant al Editurii Ratio et Revelatio \u0219i coordonator al colec\u021biei de filosofie a acestei edituri. Membru al echipei editoriale a <em>Review of Ecumenical Studies<\/em> (Sibiu \u2013 Joensuu).<\/p><\/div>\n\t\t\t\t\t\t\t<\/div>\n\t\t\t\t\t\t<\/div><div class=\"jet-accordion__item jet-toggle jet-toggle-move-up-effect\">\n\t\t\t\t\t\t\t<div id=\"jet-toggle-control-1115\" class=\"jet-toggle__control elementor-menu-anchor\" data-toggle=\"5\" role=\"button\" tabindex=\"0\" aria-controls=\"jet-toggle-content-1115\" aria-expanded=\"false\" data-template-id=\"false\">\n\t\t\t\t\t\t\t\t<h5 class=\"jet-toggle__label-text\">Dumitru Lisnic<\/h5>\t\t\t\t\t\t\t<\/div>\n\t\t\t\t\t\t\t<div id=\"jet-toggle-content-1115\" class=\"jet-toggle__content\" data-toggle=\"5\" role=\"region\" data-template-id=\"false\">\n\t\t\t\t\t\t\t\t<div class=\"jet-toggle__content-inner\"><p>Dumitru Lisnic este cercet\u0103tor junior \u0219i cadru didactic asociat la Institutul de Studii Religioase \u201eIoan Petru Culianu\u201d din cadrul Universit\u0103\u021bii \u201eGeorge Emil Palade\u201d din T\u00e2rgu Mure\u0219. De-a lungul anilor, a participat la mai multe proiecte de cercetare, cel mai important fiind proiectul ERC \u201eCreative Agency and Religious Minorities: \u2018Hidden Galleries\u2019 in the Secret Police Archives in Central and Eastern Europe\u201d (ERC Starter Grant 677355) desf\u0103\u0219urat la University College Cork (Irlanda), av\u00e2ndu-l ca investigator principal pe profesorul James Alexander Kapal\u00f3. De\u021bine un doctorat \u00een Studiul Religiilor de la University College Cork, Irlanda, precum \u0219i un doctorat \u00een Istorie de la Universitatea din Ia\u0219i, Rom\u00e2nia. Interesele sale de cercetare includ istoria sovietic\u0103, rela\u021biile dintre Biseric\u0103 \u0219i stat \u00een Europa de Est \u0219i minorit\u0103\u021bile etno-religioase din Europa de Est. Publica\u021bii reprezentative:<\/p><p><em>Elitele Moldovei Sovietice. Recrutare, Re\u021bele Informale, Identit\u0103\u021bi Sociale \u0219i Etnice<\/em><em> \u00een B\u0103l\u021bi, 1940-41; 1944-50<\/em>, Editura ARC, Chi\u0219in\u0103u, 2019, 284 pp.<\/p><p>\u201cBolshevism on religious ground\u2019: Religious dissenters, state security, and border-making in Romanian Bessarabia, 1918-1928,\u201d <em>Archiva Moldaviae<\/em> 15, (2025): 119-150.<\/p><p>\u201cOrganizing Religious Resistance: Contingent Procedures, Material Religion and early Soviet Repression against Religion, <em>Review of Ecumenical Studies<\/em> 14, no 2: Special Issue: \u2018Between Orthodoxy and Heterodoxy: The Religious Underground in the Twentieth Century East-Central Europe,\u2019 (September 2022): 197-217.<\/p><p>\u201cShifting images of a harmful sect: Operations against Inochentism in Soviet Ukraine, 1920 23,\u201d in <em>The Secret Police and the Religious Underground in Communist and Post-communist Eastern Europe<\/em>, James Kapal\u00f3 and Kinga Poved\u00e1k, (eds.), Routledge, London, 2021, pp. 39-59.\u00a0\u00a0\u00a0\u00a0\u00a0<\/p><\/div>\n\t\t\t\t\t\t\t<\/div>\n\t\t\t\t\t\t<\/div>\t\t\t<\/div>\n\t\t<\/div>\n\t\t\t\t\t\t<\/div>\n\t\t\t\t<\/div>\n\t\t\t\t\t<\/div>\n\t\t<\/div>\n\t\t\t\t\t<\/div>\n\t\t<\/section>\n\t\t\t\t<\/div>","protected":false},"excerpt":{"rendered":"<p>Dr. Anca \u0218incan Dr. Anca \u0218incan este cercet\u0103tor principal \u0219i cadru didactic asociat la Institutul de Studii Religioase \u201eIoan Petru Culianu\u201d din cadrul Universit\u0103\u021bii \u201eGeorge Emil Palade\u201d din T\u00e2rgu Mure\u0219. Istoric \u0219i specialist \u00een studii religioase, desf\u0103\u0219oar\u0103 cercet\u0103ri de arhiv\u0103 \u0219i etnografice asupra comunit\u0103\u021bilor religioase minoritare din Rom\u00e2nia. A fost expert \u00een cadrul Comisiei Preziden\u021biale [&hellip;]<\/p>\n","protected":false},"author":25,"featured_media":0,"parent":47233,"menu_order":0,"comment_status":"closed","ping_status":"closed","template":"","meta":{"_relevanssi_hide_post":"","_relevanssi_hide_content":"","_relevanssi_pin_for_all":"","_relevanssi_pin_keywords":"","_relevanssi_unpin_keywords":"","_relevanssi_related_keywords":"","_relevanssi_related_include_ids":"","_relevanssi_related_exclude_ids":"","_relevanssi_related_no_append":"","_relevanssi_related_not_related":"","_relevanssi_related_posts":"40092,45454,42474,35356,42180,46796","_relevanssi_noindex_reason":"","footnotes":""},"categories":[307],"tags":[],"class_list":["post-47364","page","type-page","status-publish","hentry","category-pagina-institutul-i-p-culianu"],"meta_box":[],"_links":{"self":[{"href":"https:\/\/umfst.ro\/hu\/wp-json\/wp\/v2\/pages\/47364","targetHints":{"allow":["GET"]}}],"collection":[{"href":"https:\/\/umfst.ro\/hu\/wp-json\/wp\/v2\/pages"}],"about":[{"href":"https:\/\/umfst.ro\/hu\/wp-json\/wp\/v2\/types\/page"}],"author":[{"embeddable":true,"href":"https:\/\/umfst.ro\/hu\/wp-json\/wp\/v2\/users\/25"}],"replies":[{"embeddable":true,"href":"https:\/\/umfst.ro\/hu\/wp-json\/wp\/v2\/comments?post=47364"}],"version-history":[{"count":19,"href":"https:\/\/umfst.ro\/hu\/wp-json\/wp\/v2\/pages\/47364\/revisions"}],"predecessor-version":[{"id":47391,"href":"https:\/\/umfst.ro\/hu\/wp-json\/wp\/v2\/pages\/47364\/revisions\/47391"}],"up":[{"embeddable":true,"href":"https:\/\/umfst.ro\/hu\/wp-json\/wp\/v2\/pages\/47233"}],"wp:attachment":[{"href":"https:\/\/umfst.ro\/hu\/wp-json\/wp\/v2\/media?parent=47364"}],"wp:term":[{"taxonomy":"category","embeddable":true,"href":"https:\/\/umfst.ro\/hu\/wp-json\/wp\/v2\/categories?post=47364"},{"taxonomy":"post_tag","embeddable":true,"href":"https:\/\/umfst.ro\/hu\/wp-json\/wp\/v2\/tags?post=47364"}],"curies":[{"name":"wp","href":"https:\/\/api.w.org\/{rel}","templated":true}]}}