{"id":662,"date":"2022-11-15T12:31:52","date_gmt":"2022-11-15T10:31:52","guid":{"rendered":"https:\/\/dev.umfst.ro\/?page_id=662"},"modified":"2024-10-08T09:31:39","modified_gmt":"2024-10-08T06:31:39","slug":"strategia-de-cercetare","status":"publish","type":"page","link":"https:\/\/umfst.ro\/hu\/universitate\/cercetare\/strategia-de-cercetare\/","title":{"rendered":"Strategia de cercetare"},"content":{"rendered":"<div data-elementor-type=\"wp-page\" data-elementor-id=\"662\" class=\"elementor elementor-662\" data-elementor-post-type=\"page\">\n\t\t\t\t\t\t<section class=\"elementor-section elementor-top-section elementor-element elementor-element-192699a0 elementor-section-boxed elementor-section-height-default elementor-section-height-default\" data-id=\"192699a0\" data-element_type=\"section\" data-e-type=\"section\">\n\t\t\t\t\t\t<div class=\"elementor-container elementor-column-gap-default\">\n\t\t\t\t\t<div class=\"elementor-column elementor-col-100 elementor-top-column elementor-element elementor-element-27a3fd9b\" data-id=\"27a3fd9b\" data-element_type=\"column\" data-e-type=\"column\">\n\t\t\t<div class=\"elementor-widget-wrap elementor-element-populated\">\n\t\t\t\t\t\t<div class=\"elementor-element elementor-element-6f1ba71c elementor-widget elementor-widget-text-editor\" data-id=\"6f1ba71c\" data-element_type=\"widget\" data-e-type=\"widget\" data-widget_type=\"text-editor.default\">\n\t\t\t\t<div class=\"elementor-widget-container\">\n\t\t\t\t\t\t\t\t\t<p><\/p>\n<p>\u00cen spiritul misiunii Universit\u0103\u021bii de Medicin\u0103, Farmacie, \u0218tiin\u021be \u0219i Tehnologie din T\u00e2rgu-Mure\u0219 s-a promovat educa\u021bia (cre\u0219terea calit\u0103\u021bii procesului de \u00eenv\u0103\u021b\u0103m\u00e2nt, a nivelului de competen\u021b\u0103 \u0219i performan\u021b\u0103 al absolven\u021bilor no\u0219tri \u0219i a serviciilor de instruire) \u0219i cercetarea \u0219tiin\u021bific\u0103 \u00een acord cu cerin\u021bele de integrare \u00een societatea cunoa\u0219terii, care presupune consolidarea \u0219i dezvoltarea Spa\u021biului European al Educa\u021biei \u0219i\u00a0 Cercet\u0103rii \u0218tiin\u021bifice prin promovarea excelen\u021bei la nivelul tuturor activit\u0103\u021bilor. \u00a0<\/p>\n<p>Cercetarea medical\u0103 \u0219i farmaceutic\u0103:<\/p>\n<ul>\n<li>are un caracter complex \u00een raport cu dinamica realit\u0103\u021bii<\/li>\n<li>formarea,dotarea echipelor interdisciplinare, planificarea obiectivelor prioritare ale cercet\u0103rii sunt ast\u0103zi fenomene condi\u021bionate de necesit\u0103\u021bile generale ale societ\u0103\u021bii<\/li>\n<li>sensul orient\u0103rii \u00een cercetarea medical\u0103 se alege pe baze realiste lu\u00e2nd \u00een considerare aspectul fundamental sau aplicativ dictat de realitatea prezent\u0103<\/li>\n<\/ul>\n<p>Cercetarea \u0219tiin\u021bific\u0103 a c\u00e2\u0219tigat \u00een dimensiuni \u0219i \u00een substan\u021b\u0103, \u00een concep\u021bie \u0219i evaluare \u00eencep\u00e2nd cu noul plan strategic institu\u021bional 2008-2012, exist\u00e2nd perspectiva cert\u0103 de echilibrare cu celelalte componente de activitate universitar\u0103 \u00een 2009\/2010, c\u00e2nd rata de succes a proiectelor \u0219tiin\u021bifice aplicate a fost \u00een continu\u0103 cre\u0219tere.<\/p>\n<p>Tradi\u021bia\u00a0 universit\u0103\u021bii noastre \u00een cercetare-inovare a dezvoltat \u00een timp\u00a0 o cultur\u0103 a cercet\u0103rii \u0219i preocup\u0103ri pentru valorificarea rezultatelor cercet\u0103rii \u00een folosul s\u0103n\u0103t\u0103\u021bii semenilor no\u0219trii. Priorit\u0103\u021bi na\u021bionale dezvoltate \u0219i colabor\u0103ri prestigioase, unele \u00een extensii universitare interna\u021bionale, a c\u0103ror beneficiari suntem \u0219i \u00een prezent, sunt rezultatul \u0219i al politicii promovate de conducerea universit\u0103\u021bii.<\/p>\n<p>Principalele direc\u021bii \u0219i preocup\u0103ri de cercetare \u0219tiin\u021bific\u0103 fundamental\u0103 \u0219i aplicat\u0103 at\u00e2t \u00een\u00a0 asisten\u021ba medical\u0103 \u0219i farmaceutic\u0103, c\u00e2t \u0219i \u00een laboratoarele de cercetare disponibile acestor activit\u0103\u021bi, respectiv strategia pe termen lung \u0219i programele pe termen mediu \u0219i scurt privind cercetarea sunt adoptate de Senat (la propunerea comisiilor acestuia, \u00een spe\u021b\u0103 a Consiliului \u0218tiin\u021bific) \u0219i Consiliile facult\u0103\u021bilor, odat\u0103 cu specificarea practicilor de ob\u021binere \u0219i de alocare ale resurselor de realizare \u0219i a modalit\u0103\u021bilor de \u0219i sunt sus\u021binute de infrastructura de cercetare existent\u0103.<\/p>\n<p>Interesele de cercetare sunt predominant institu\u021bionale, pentru a sublinia\/asigura caracterul interdisciplinar al acestor demersuri, respectiv constituirea unor echipe de cercetare capabile s\u0103 performeze pe plan na\u021bional \u0219i interna\u021bional.<\/p>\n<h2 class=\"wp-block-heading\">Strategia de cercetare<\/h2>\n<p><\/p>\n<p><\/p>\n<p><\/p>\t\t\t\t\t\t\t\t<\/div>\n\t\t\t\t<\/div>\n\t\t\t\t<div class=\"elementor-element elementor-element-8a22f96 elementor-widget__width-auto elementor-widget elementor-widget-button\" data-id=\"8a22f96\" data-element_type=\"widget\" data-e-type=\"widget\" data-widget_type=\"button.default\">\n\t\t\t\t<div class=\"elementor-widget-container\">\n\t\t\t\t\t\t\t\t\t<div class=\"elementor-button-wrapper\">\n\t\t\t\t\t<a class=\"elementor-button elementor-button-link elementor-size-sm\" href=\"https:\/\/www.umfst.ro\/fileadmin\/cercetare\/Strategie_cercetare_2024_2029.pdf\" target=\"_blank\">\n\t\t\t\t\t\t<span class=\"elementor-button-content-wrapper\">\n\t\t\t\t\t\t<span class=\"elementor-button-icon\">\n\t\t\t\t<i aria-hidden=\"true\" class=\"fas fa-file-download\"><\/i>\t\t\t<\/span>\n\t\t\t\t\t\t\t\t\t<span class=\"elementor-button-text\">2024-2029<\/span>\n\t\t\t\t\t<\/span>\n\t\t\t\t\t<\/a>\n\t\t\t\t<\/div>\n\t\t\t\t\t\t\t\t<\/div>\n\t\t\t\t<\/div>\n\t\t\t\t<div class=\"elementor-element elementor-element-7153004 elementor-widget__width-auto elementor-widget elementor-widget-button\" data-id=\"7153004\" data-element_type=\"widget\" data-e-type=\"widget\" data-widget_type=\"button.default\">\n\t\t\t\t<div class=\"elementor-widget-container\">\n\t\t\t\t\t\t\t\t\t<div class=\"elementor-button-wrapper\">\n\t\t\t\t\t<a class=\"elementor-button elementor-button-link elementor-size-sm\" href=\"https:\/\/www.umfst.ro\/fileadmin\/cercetare\/Strategia_privind_cercetarea_stiintifica_2020_2024_finala.pdf\" target=\"_blank\">\n\t\t\t\t\t\t<span class=\"elementor-button-content-wrapper\">\n\t\t\t\t\t\t<span class=\"elementor-button-icon\">\n\t\t\t\t<i aria-hidden=\"true\" class=\"fas fa-file-download\"><\/i>\t\t\t<\/span>\n\t\t\t\t\t\t\t\t\t<span class=\"elementor-button-text\">2020-2024<\/span>\n\t\t\t\t\t<\/span>\n\t\t\t\t\t<\/a>\n\t\t\t\t<\/div>\n\t\t\t\t\t\t\t\t<\/div>\n\t\t\t\t<\/div>\n\t\t\t\t<div class=\"elementor-element elementor-element-5668378 elementor-widget__width-auto elementor-widget elementor-widget-button\" data-id=\"5668378\" data-element_type=\"widget\" data-e-type=\"widget\" data-widget_type=\"button.default\">\n\t\t\t\t<div class=\"elementor-widget-container\">\n\t\t\t\t\t\t\t\t\t<div class=\"elementor-button-wrapper\">\n\t\t\t\t\t<a class=\"elementor-button elementor-button-link elementor-size-sm\" href=\"https:\/\/www.umfst.ro\/fileadmin\/cercetare\/2016\/Planul_strategic_de_cercetare_al_Universitatii_pe_perioada_2016-2020.pdf\" target=\"_blank\">\n\t\t\t\t\t\t<span class=\"elementor-button-content-wrapper\">\n\t\t\t\t\t\t<span class=\"elementor-button-icon\">\n\t\t\t\t<i aria-hidden=\"true\" class=\"fas fa-file-download\"><\/i>\t\t\t<\/span>\n\t\t\t\t\t\t\t\t\t<span class=\"elementor-button-text\">2016-2020<\/span>\n\t\t\t\t\t<\/span>\n\t\t\t\t\t<\/a>\n\t\t\t\t<\/div>\n\t\t\t\t\t\t\t\t<\/div>\n\t\t\t\t<\/div>\n\t\t\t\t\t<\/div>\n\t\t<\/div>\n\t\t\t\t\t<\/div>\n\t\t<\/section>\n\t\t\t\t<section class=\"elementor-section elementor-top-section elementor-element elementor-element-74a37fc elementor-section-boxed elementor-section-height-default elementor-section-height-default\" data-id=\"74a37fc\" data-element_type=\"section\" data-e-type=\"section\">\n\t\t\t\t\t\t<div class=\"elementor-container elementor-column-gap-default\">\n\t\t\t\t\t<div class=\"elementor-column elementor-col-100 elementor-top-column elementor-element elementor-element-e2f11cb\" data-id=\"e2f11cb\" data-element_type=\"column\" data-e-type=\"column\">\n\t\t\t<div class=\"elementor-widget-wrap\">\n\t\t\t\t\t\t\t<\/div>\n\t\t<\/div>\n\t\t\t\t\t<\/div>\n\t\t<\/section>\n\t\t\t\t<section class=\"elementor-section elementor-top-section elementor-element elementor-element-4c651d2 elementor-section-boxed elementor-section-height-default elementor-section-height-default\" data-id=\"4c651d2\" data-element_type=\"section\" data-e-type=\"section\">\n\t\t\t\t\t\t<div class=\"elementor-container elementor-column-gap-default\">\n\t\t\t\t\t<div class=\"elementor-column elementor-col-100 elementor-top-column elementor-element elementor-element-71ac230\" data-id=\"71ac230\" data-element_type=\"column\" data-e-type=\"column\">\n\t\t\t<div class=\"elementor-widget-wrap elementor-element-populated\">\n\t\t\t\t\t\t\t<\/div>\n\t\t<\/div>\n\t\t\t\t\t<\/div>\n\t\t<\/section>\n\t\t\t\t<\/div>","protected":false},"excerpt":{"rendered":"<p>\u00cen spiritul misiunii Universit\u0103\u021bii de Medicin\u0103, Farmacie, \u0218tiin\u021be \u0219i Tehnologie din T\u00e2rgu-Mure\u0219 s-a promovat educa\u021bia (cre\u0219terea calit\u0103\u021bii procesului de \u00eenv\u0103\u021b\u0103m\u00e2nt, a nivelului de competen\u021b\u0103 \u0219i performan\u021b\u0103 al absolven\u021bilor no\u0219tri \u0219i a serviciilor de instruire) \u0219i cercetarea \u0219tiin\u021bific\u0103 \u00een acord cu cerin\u021bele de integrare \u00een societatea cunoa\u0219terii, care presupune consolidarea \u0219i dezvoltarea Spa\u021biului European al Educa\u021biei [&hellip;]<\/p>\n","protected":false},"author":3,"featured_media":0,"parent":657,"menu_order":3,"comment_status":"closed","ping_status":"closed","template":"","meta":{"_relevanssi_hide_post":"","_relevanssi_hide_content":"","_relevanssi_pin_for_all":"","_relevanssi_pin_keywords":"","_relevanssi_unpin_keywords":"","_relevanssi_related_keywords":"","_relevanssi_related_include_ids":"","_relevanssi_related_exclude_ids":"","_relevanssi_related_no_append":"","_relevanssi_related_not_related":"","_relevanssi_related_posts":"154,150","_relevanssi_noindex_reason":"","footnotes":""},"categories":[145,16],"tags":[],"class_list":["post-662","page","type-page","status-publish","hentry","category-pagina-cercetare","category-pagina-sidebar"],"meta_box":[],"_links":{"self":[{"href":"https:\/\/umfst.ro\/hu\/wp-json\/wp\/v2\/pages\/662","targetHints":{"allow":["GET"]}}],"collection":[{"href":"https:\/\/umfst.ro\/hu\/wp-json\/wp\/v2\/pages"}],"about":[{"href":"https:\/\/umfst.ro\/hu\/wp-json\/wp\/v2\/types\/page"}],"author":[{"embeddable":true,"href":"https:\/\/umfst.ro\/hu\/wp-json\/wp\/v2\/users\/3"}],"replies":[{"embeddable":true,"href":"https:\/\/umfst.ro\/hu\/wp-json\/wp\/v2\/comments?post=662"}],"version-history":[{"count":22,"href":"https:\/\/umfst.ro\/hu\/wp-json\/wp\/v2\/pages\/662\/revisions"}],"predecessor-version":[{"id":32041,"href":"https:\/\/umfst.ro\/hu\/wp-json\/wp\/v2\/pages\/662\/revisions\/32041"}],"up":[{"embeddable":true,"href":"https:\/\/umfst.ro\/hu\/wp-json\/wp\/v2\/pages\/657"}],"wp:attachment":[{"href":"https:\/\/umfst.ro\/hu\/wp-json\/wp\/v2\/media?parent=662"}],"wp:term":[{"taxonomy":"category","embeddable":true,"href":"https:\/\/umfst.ro\/hu\/wp-json\/wp\/v2\/categories?post=662"},{"taxonomy":"post_tag","embeddable":true,"href":"https:\/\/umfst.ro\/hu\/wp-json\/wp\/v2\/tags?post=662"}],"curies":[{"name":"wp","href":"https:\/\/api.w.org\/{rel}","templated":true}]}}