{"id":746,"date":"2022-11-15T13:29:34","date_gmt":"2022-11-15T11:29:34","guid":{"rendered":"https:\/\/dev.umfst.ro\/?page_id=746"},"modified":"2025-10-08T13:09:23","modified_gmt":"2025-10-08T10:09:23","slug":"junior-researcher-academy","status":"publish","type":"page","link":"https:\/\/umfst.ro\/hu\/universitate\/cercetare\/junior-researcher-academy\/","title":{"rendered":"Junior Researcher Academy"},"content":{"rendered":"<div data-elementor-type=\"wp-post\" data-elementor-id=\"746\" class=\"elementor elementor-746\" data-elementor-post-type=\"page\">\n\t\t\t\t\t\t<section class=\"elementor-section elementor-top-section elementor-element elementor-element-4e535fad elementor-section-boxed elementor-section-height-default elementor-section-height-default\" data-id=\"4e535fad\" data-element_type=\"section\" data-e-type=\"section\">\n\t\t\t\t\t\t<div class=\"elementor-container elementor-column-gap-default\">\n\t\t\t\t\t<div class=\"elementor-column elementor-col-100 elementor-top-column elementor-element elementor-element-5eecfe71\" data-id=\"5eecfe71\" data-element_type=\"column\" data-e-type=\"column\">\n\t\t\t<div class=\"elementor-widget-wrap elementor-element-populated\">\n\t\t\t\t\t\t<div class=\"elementor-element elementor-element-4af8def6 elementor-widget elementor-widget-text-editor\" data-id=\"4af8def6\" data-element_type=\"widget\" data-e-type=\"widget\" data-widget_type=\"text-editor.default\">\n\t\t\t\t<div class=\"elementor-widget-container\">\n\t\t\t\t\t\t\t\t\t\n<h2 class=\"wp-block-heading\">\u00cenrol\u0103ri Junior Researcher Academy<\/h2>\n\n<ul>\n<li>\u00cenrol\u0103ri JRA \u2013 <a href=\"https:\/\/www.umfst.ro\/universitate\/cercetare\/junior-researcher-academy\/entry-level\">Entry level<\/a><\/li>\n<li>\u00cenrol\u0103ri JRA \u2013 <a href=\"https:\/\/www.umfst.ro\/universitate\/cercetare\/junior-researcher-academy\/involved-level\">Involved level<\/a><\/li>\n<\/ul>\n<p><\/p>\n\n<p><\/p>\n<p><\/p>\n<p><\/p>\n<p><\/p>\n\t\t\t\t\t\t\t\t<\/div>\n\t\t\t\t<\/div>\n\t\t\t\t<div class=\"elementor-element elementor-element-9238a2f elementor-widget elementor-widget-text-editor\" data-id=\"9238a2f\" data-element_type=\"widget\" data-e-type=\"widget\" data-no-translation=\"\" data-widget_type=\"text-editor.default\">\n\t\t\t\t<div class=\"elementor-widget-container\">\n\t\t\t\t\t<style>.elementor-element-9238a2f{display:none !important}<\/style>\t\t\t\t<\/div>\n\t\t\t\t<\/div>\n\t\t\t\t<div class=\"elementor-element elementor-element-500d7d2 elementor-widget elementor-widget-text-editor\" data-id=\"500d7d2\" data-element_type=\"widget\" data-e-type=\"widget\" data-no-translation=\"\" data-widget_type=\"text-editor.default\">\n\t\t\t\t<div class=\"elementor-widget-container\">\n\t\t\t\t\t<style>.elementor-element-500d7d2{display:none !important}<\/style>\t\t\t\t<\/div>\n\t\t\t\t<\/div>\n\t\t\t\t\t<\/div>\n\t\t<\/div>\n\t\t\t\t\t<\/div>\n\t\t<\/section>\n\t\t\t\t<\/div>","protected":false},"excerpt":{"rendered":"<p>\u00cenrol\u0103ri Junior Researcher Academy \u00cenrol\u0103ri JRA \u2013 Entry level \u00cenrol\u0103ri JRA \u2013 Involved level V\u0103 inform\u0103m c\u0103 s-a lansat Junior Researcher Academy &#8211; JRA Obiectivul JRA este sus\u021binerea excelen\u021bei \u00een cercetare\/inovare a studen\u021bilor UMFST G.E. Palade T\u00e2rgu Mure\u0219 din ciclul de licen\u021b\u0103 \u0219i masterat. V\u0103 invit\u0103m s\u0103 consulta\u021bi Regulamentele \u0219i metodologiile aferente desf\u0103\u0219ur\u0103rii activit\u0103\u021bii \u00een [&hellip;]<\/p>\n","protected":false},"author":3,"featured_media":0,"parent":657,"menu_order":9,"comment_status":"closed","ping_status":"closed","template":"","meta":{"_relevanssi_hide_post":"","_relevanssi_hide_content":"","_relevanssi_pin_for_all":"","_relevanssi_pin_keywords":"","_relevanssi_unpin_keywords":"","_relevanssi_related_keywords":"","_relevanssi_related_include_ids":"","_relevanssi_related_exclude_ids":"","_relevanssi_related_no_append":"","_relevanssi_related_not_related":"","_relevanssi_related_posts":"154,150","_relevanssi_noindex_reason":"","footnotes":""},"categories":[145,16],"tags":[],"class_list":["post-746","page","type-page","status-publish","hentry","category-pagina-cercetare","category-pagina-sidebar"],"meta_box":[],"_links":{"self":[{"href":"https:\/\/umfst.ro\/hu\/wp-json\/wp\/v2\/pages\/746","targetHints":{"allow":["GET"]}}],"collection":[{"href":"https:\/\/umfst.ro\/hu\/wp-json\/wp\/v2\/pages"}],"about":[{"href":"https:\/\/umfst.ro\/hu\/wp-json\/wp\/v2\/types\/page"}],"author":[{"embeddable":true,"href":"https:\/\/umfst.ro\/hu\/wp-json\/wp\/v2\/users\/3"}],"replies":[{"embeddable":true,"href":"https:\/\/umfst.ro\/hu\/wp-json\/wp\/v2\/comments?post=746"}],"version-history":[{"count":51,"href":"https:\/\/umfst.ro\/hu\/wp-json\/wp\/v2\/pages\/746\/revisions"}],"predecessor-version":[{"id":43551,"href":"https:\/\/umfst.ro\/hu\/wp-json\/wp\/v2\/pages\/746\/revisions\/43551"}],"up":[{"embeddable":true,"href":"https:\/\/umfst.ro\/hu\/wp-json\/wp\/v2\/pages\/657"}],"wp:attachment":[{"href":"https:\/\/umfst.ro\/hu\/wp-json\/wp\/v2\/media?parent=746"}],"wp:term":[{"taxonomy":"category","embeddable":true,"href":"https:\/\/umfst.ro\/hu\/wp-json\/wp\/v2\/categories?post=746"},{"taxonomy":"post_tag","embeddable":true,"href":"https:\/\/umfst.ro\/hu\/wp-json\/wp\/v2\/tags?post=746"}],"curies":[{"name":"wp","href":"https:\/\/api.w.org\/{rel}","templated":true}]}}