{"id":753,"date":"2022-11-15T13:43:54","date_gmt":"2022-11-15T11:43:54","guid":{"rendered":"https:\/\/dev.umfst.ro\/?page_id=753"},"modified":"2025-12-19T11:12:35","modified_gmt":"2025-12-19T09:12:35","slug":"granturi-de-initiere-in-cercetarea-stiintifica","status":"publish","type":"page","link":"https:\/\/umfst.ro\/hu\/universitate\/cercetare\/junior-researcher-academy\/involved-level\/granturi-de-initiere-in-cercetarea-stiintifica\/","title":{"rendered":"Granturi de initiere in cercetarea stiintifica"},"content":{"rendered":"<div data-elementor-type=\"wp-page\" data-elementor-id=\"753\" class=\"elementor elementor-753\" data-elementor-post-type=\"page\">\n\t\t\t\t\t\t<section class=\"elementor-section elementor-top-section elementor-element elementor-element-c483dc9 elementor-section-boxed elementor-section-height-default elementor-section-height-default\" data-id=\"c483dc9\" data-element_type=\"section\" data-e-type=\"section\">\n\t\t\t\t\t\t<div class=\"elementor-container elementor-column-gap-default\">\n\t\t\t\t\t<div class=\"elementor-column elementor-col-100 elementor-top-column elementor-element elementor-element-fe2a8da\" data-id=\"fe2a8da\" data-element_type=\"column\" data-e-type=\"column\">\n\t\t\t<div class=\"elementor-widget-wrap elementor-element-populated\">\n\t\t\t\t\t\t<div class=\"elementor-element elementor-element-0d27d79 elementor-widget elementor-widget-text-editor\" data-id=\"0d27d79\" data-element_type=\"widget\" data-e-type=\"widget\" data-widget_type=\"text-editor.default\">\n\t\t\t\t<div class=\"elementor-widget-container\">\n\t\t\t\t\t\t\t\t\t<h2><strong>Rezultate competi\u021bie granturi de ini\u021biere \u00een cercetarea \u0219tiin\u021bific\u0103 \u2013 2025<\/strong><\/h2><p class=\" translation-block\">Conform Hot\u0103r\u00e2rii CA nr. 15&nbsp;din data de 15.12.2025, se aprob\u0103 finan\u021barea granturilor de ini\u021biere \u00een cercetarea \u0219tiin\u021bific\u0103 acordate prin intermediul Junior Researcher Academy, competi\u021bia 2025, care au ob\u021binut minim&nbsp;<strong>80 de puncte.<\/strong><\/p><p><a href=\"https:\/\/umfst.ro\/fileadmin\/cercetare\/2025\/Rezultate_finale_granturi_JRA_de_initiere_2025_clasament_fn.pdf\" target=\"_blank\" rel=\"noopener noreferrer\">Rezultate finale competi\u021bie granturi de ini\u021biere \u00een cercetarea \u0219tiin\u021bific\u0103<\/a><\/p>\t\t\t\t\t\t\t\t<\/div>\n\t\t\t\t<\/div>\n\t\t\t\t\t<\/div>\n\t\t<\/div>\n\t\t\t\t\t<\/div>\n\t\t<\/section>\n\t\t\t\t<section class=\"elementor-section elementor-top-section elementor-element elementor-element-50cbe2c elementor-section-boxed elementor-section-height-default elementor-section-height-default\" data-id=\"50cbe2c\" data-element_type=\"section\" data-e-type=\"section\">\n\t\t\t\t\t\t<div class=\"elementor-container elementor-column-gap-default\">\n\t\t\t\t\t<div class=\"elementor-column elementor-col-100 elementor-top-column elementor-element elementor-element-5428a75\" data-id=\"5428a75\" data-element_type=\"column\" data-e-type=\"column\">\n\t\t\t<div class=\"elementor-widget-wrap elementor-element-populated\">\n\t\t\t\t\t\t<div class=\"elementor-element elementor-element-b702fce elementor-widget elementor-widget-text-editor\" data-id=\"b702fce\" data-element_type=\"widget\" data-e-type=\"widget\" data-widget_type=\"text-editor.default\">\n\t\t\t\t<div class=\"elementor-widget-container\">\n\t\t\t\t\t\t\t\t\t<h2>Rezultatele evalu\u0103rii proiectelor depuse \u2013 edi\u021bia 2025<\/h2><p><a href=\"https:\/\/umfst.ro\/fileadmin\/cercetare\/2025\/Rezultate_evaluare_granturi_JRA_de_initiere_2025_clasament_fn.pdf\">Rezultatele evaluarii proiectelor depuse in competitia de granturi de initiere \u00een cercetarea stiintifica, editia 2025<\/a><\/p><p>Contesta\u021biile se transmit prin email la adresa:\u00a0<a href=\"mailto:jra_granturi_initiere@umfst.ro\">jra_granturi_initiere@umfst.ro<\/a>, \u00een perioada<strong>\u00a009-11 decembrie 2025, ora 14.<\/strong><\/p><p>Contesta\u021biile pot avea ca obiect exclusiv viciile de procedur\u0103 pe care candidatul le consider\u0103 neconforme cu preciz\u0103rile din metodologie.<\/p>\t\t\t\t\t\t\t\t<\/div>\n\t\t\t\t<\/div>\n\t\t\t\t\t<\/div>\n\t\t<\/div>\n\t\t\t\t\t<\/div>\n\t\t<\/section>\n\t\t\t\t<section class=\"elementor-section elementor-top-section elementor-element elementor-element-997bc8e elementor-section-boxed elementor-section-height-default elementor-section-height-default\" data-id=\"997bc8e\" data-element_type=\"section\" data-e-type=\"section\">\n\t\t\t\t\t\t<div class=\"elementor-container elementor-column-gap-default\">\n\t\t\t\t\t<div class=\"elementor-column elementor-col-100 elementor-top-column elementor-element elementor-element-6f4b4adb\" data-id=\"6f4b4adb\" data-element_type=\"column\" data-e-type=\"column\">\n\t\t\t<div class=\"elementor-widget-wrap elementor-element-populated\">\n\t\t\t\t\t\t<div class=\"elementor-element elementor-element-0c1dbea elementor-widget elementor-widget-text-editor\" data-id=\"0c1dbea\" data-element_type=\"widget\" data-e-type=\"widget\" data-no-translation=\"\" data-widget_type=\"text-editor.default\">\n\t\t\t\t<div class=\"elementor-widget-container\">\n\t\t\t\t\t<style>.elementor-element-0c1dbea{display:none !important}<\/style>\t\t\t\t<\/div>\n\t\t\t\t<\/div>\n\t\t\t\t<div class=\"elementor-element elementor-element-92d0855 elementor-widget elementor-widget-text-editor\" data-id=\"92d0855\" data-element_type=\"widget\" data-e-type=\"widget\" data-no-translation=\"\" data-widget_type=\"text-editor.default\">\n\t\t\t\t<div class=\"elementor-widget-container\">\n\t\t\t\t\t<style>.elementor-element-92d0855{display:none !important}<\/style>\t\t\t\t<\/div>\n\t\t\t\t<\/div>\n\t\t\t\t<div class=\"elementor-element elementor-element-01be1e5 elementor-widget elementor-widget-text-editor\" data-id=\"01be1e5\" data-element_type=\"widget\" data-e-type=\"widget\" data-no-translation=\"\" data-widget_type=\"text-editor.default\">\n\t\t\t\t<div class=\"elementor-widget-container\">\n\t\t\t\t\t<style>.elementor-element-01be1e5{display:none !important}<\/style>\t\t\t\t<\/div>\n\t\t\t\t<\/div>\n\t\t\t\t<div class=\"elementor-element elementor-element-2845d6eb elementor-widget elementor-widget-text-editor\" data-id=\"2845d6eb\" data-element_type=\"widget\" data-e-type=\"widget\" data-no-translation=\"\" data-widget_type=\"text-editor.default\">\n\t\t\t\t<div class=\"elementor-widget-container\">\n\t\t\t\t\t<style>.elementor-element-2845d6eb{display:none !important}<\/style>\t\t\t\t<\/div>\n\t\t\t\t<\/div>\n\t\t\t\t\t<\/div>\n\t\t<\/div>\n\t\t\t\t\t<\/div>\n\t\t<\/section>\n\t\t\t\t<\/div>","protected":false},"excerpt":{"rendered":"<p>Rezultate competi\u021bie granturi de ini\u021biere \u00een cercetarea \u0219tiin\u021bific\u0103 \u2013 2025 Conform Hot\u0103r\u00e2rii CA nr. 15\u00a0din data de 15.12.2025, se aprob\u0103 finan\u021barea granturilor de ini\u021biere \u00een cercetarea \u0219tiin\u021bific\u0103 acordate prin intermediul Junior Researcher Academy, competi\u021bia 2025, care au ob\u021binut minim\u00a080 de puncte. Rezultate finale competi\u021bie granturi de ini\u021biere \u00een cercetarea \u0219tiin\u021bific\u0103 Rezultatele evalu\u0103rii proiectelor depuse \u2013 [&hellip;]<\/p>\n","protected":false},"author":3,"featured_media":0,"parent":751,"menu_order":0,"comment_status":"closed","ping_status":"closed","template":"","meta":{"_relevanssi_hide_post":"","_relevanssi_hide_content":"","_relevanssi_pin_for_all":"","_relevanssi_pin_keywords":"","_relevanssi_unpin_keywords":"","_relevanssi_related_keywords":"","_relevanssi_related_include_ids":"","_relevanssi_related_exclude_ids":"","_relevanssi_related_no_append":"","_relevanssi_related_not_related":"","_relevanssi_related_posts":"154,150","_relevanssi_noindex_reason":"","footnotes":""},"categories":[145,16],"tags":[],"class_list":["post-753","page","type-page","status-publish","hentry","category-pagina-cercetare","category-pagina-sidebar"],"meta_box":[],"_links":{"self":[{"href":"https:\/\/umfst.ro\/hu\/wp-json\/wp\/v2\/pages\/753","targetHints":{"allow":["GET"]}}],"collection":[{"href":"https:\/\/umfst.ro\/hu\/wp-json\/wp\/v2\/pages"}],"about":[{"href":"https:\/\/umfst.ro\/hu\/wp-json\/wp\/v2\/types\/page"}],"author":[{"embeddable":true,"href":"https:\/\/umfst.ro\/hu\/wp-json\/wp\/v2\/users\/3"}],"replies":[{"embeddable":true,"href":"https:\/\/umfst.ro\/hu\/wp-json\/wp\/v2\/comments?post=753"}],"version-history":[{"count":91,"href":"https:\/\/umfst.ro\/hu\/wp-json\/wp\/v2\/pages\/753\/revisions"}],"predecessor-version":[{"id":45399,"href":"https:\/\/umfst.ro\/hu\/wp-json\/wp\/v2\/pages\/753\/revisions\/45399"}],"up":[{"embeddable":true,"href":"https:\/\/umfst.ro\/hu\/wp-json\/wp\/v2\/pages\/751"}],"wp:attachment":[{"href":"https:\/\/umfst.ro\/hu\/wp-json\/wp\/v2\/media?parent=753"}],"wp:term":[{"taxonomy":"category","embeddable":true,"href":"https:\/\/umfst.ro\/hu\/wp-json\/wp\/v2\/categories?post=753"},{"taxonomy":"post_tag","embeddable":true,"href":"https:\/\/umfst.ro\/hu\/wp-json\/wp\/v2\/tags?post=753"}],"curies":[{"name":"wp","href":"https:\/\/api.w.org\/{rel}","templated":true}]}}