{"id":764,"date":"2022-11-15T14:48:29","date_gmt":"2022-11-15T12:48:29","guid":{"rendered":"https:\/\/dev.umfst.ro\/?page_id=764"},"modified":"2026-03-02T11:10:30","modified_gmt":"2026-03-02T09:10:30","slug":"ranking-academic","status":"publish","type":"page","link":"https:\/\/umfst.ro\/hu\/universitate\/ranking-academic\/","title":{"rendered":"Ranking Academic"},"content":{"rendered":"<div data-elementor-type=\"wp-page\" data-elementor-id=\"764\" class=\"elementor elementor-764\" data-elementor-post-type=\"page\">\n\t\t\t\t\t\t<section class=\"elementor-section elementor-top-section elementor-element elementor-element-23bf8cd9 elementor-section-boxed elementor-section-height-default elementor-section-height-default\" data-id=\"23bf8cd9\" data-element_type=\"section\" data-e-type=\"section\">\n\t\t\t\t\t\t<div class=\"elementor-container elementor-column-gap-default\">\n\t\t\t\t\t<div class=\"elementor-column elementor-col-50 elementor-top-column elementor-element elementor-element-61edbda4\" data-id=\"61edbda4\" data-element_type=\"column\" data-e-type=\"column\">\n\t\t\t<div class=\"elementor-widget-wrap elementor-element-populated\">\n\t\t\t\t\t\t<div class=\"elementor-element elementor-element-7401a6f1 elementor-widget elementor-widget-text-editor\" data-id=\"7401a6f1\" data-element_type=\"widget\" data-e-type=\"widget\" data-widget_type=\"text-editor.default\">\n\t\t\t\t<div class=\"elementor-widget-container\">\n\t\t\t\t\t\t\t\t\t<p>Compartimentul de Scientometrie \u0219i Ranking Universitar din cadrul Universit\u0103\u021bii de Medicin\u0103, Farmacie, \u0218tiin\u021be \u0219i Tehnologie \u201eGeorge Emil Palade\u201d din T\u00e2rgu Mure\u0219 a fost \u00eenfiin\u021bat \u00een vederea cre\u0103rii unui cadru organizatoric \u0219i institu\u021bional \u00een care echipa de lucru s\u0103 g\u0103seasc\u0103 \u0219i s\u0103 aplice metode, tehnici \u0219i proceduri de lucru care s\u0103 duc\u0103 la confirmarea extern\u0103 a excelen\u021bei universit\u0103\u021bii prin prezen\u021ba \u00een clasamentele universitare interna\u021bionale.<\/p><p>Membr\u0103 IREG Observatory on Academic Ranking and Excellence, universitatea noastr\u0103 este prezent\u0103 \u00een urm\u0103toarele clasamente interna\u021bionale:<b><\/b><\/p>\t\t\t\t\t\t\t\t<\/div>\n\t\t\t\t<\/div>\n\t\t\t\t<div class=\"elementor-element elementor-element-ccb7daf elementor-position-left elementor-vertical-align-middle elementor-widget elementor-widget-image-box\" data-id=\"ccb7daf\" data-element_type=\"widget\" data-e-type=\"widget\" data-widget_type=\"image-box.default\">\n\t\t\t\t<div class=\"elementor-widget-container\">\n\t\t\t\t\t<div class=\"elementor-image-box-wrapper\"><figure class=\"elementor-image-box-img\"><a href=\"https:\/\/greenmetric.ui.ac.id\/rankings\/overall-rankings-2025\" tabindex=\"-1\" target=\"_blank\" rel=\"noopener\"><img decoding=\"async\" width=\"180\" height=\"133\" src=\"https:\/\/umfst.ro\/wp-content\/uploads\/2025\/10\/UI-Green-Metric.jpg\" class=\"attachment-full size-full wp-image-44353\" alt=\"\" srcset=\"https:\/\/umfst.ro\/wp-content\/uploads\/2025\/10\/UI-Green-Metric.jpg 180w, https:\/\/umfst.ro\/wp-content\/uploads\/2025\/10\/UI-Green-Metric-16x12.jpg 16w\" sizes=\"(max-width: 180px) 100vw, 180px\" \/><\/a><\/figure><div class=\"elementor-image-box-content\"><h3 class=\"elementor-image-box-title\"><a href=\"https:\/\/greenmetric.ui.ac.id\/rankings\/overall-rankings-2025\" target=\"_blank\" rel=\"noopener\">UI Green Metric<\/a><\/h3><\/div><\/div>\t\t\t\t<\/div>\n\t\t\t\t<\/div>\n\t\t\t\t<div class=\"elementor-element elementor-element-926738d elementor-position-left elementor-vertical-align-middle elementor-widget elementor-widget-image-box\" data-id=\"926738d\" data-element_type=\"widget\" data-e-type=\"widget\" data-widget_type=\"image-box.default\">\n\t\t\t\t<div class=\"elementor-widget-container\">\n\t\t\t\t\t<div class=\"elementor-image-box-wrapper\"><figure class=\"elementor-image-box-img\"><a href=\"https:\/\/www.scimagoir.com\/institution.php?idp=11897\" tabindex=\"-1\" target=\"_blank\" rel=\"noopener\"><img decoding=\"async\" width=\"183\" height=\"69\" src=\"https:\/\/umfst.ro\/wp-content\/uploads\/2025\/10\/Scimago.jpg\" class=\"attachment-full size-full wp-image-44355\" alt=\"\" srcset=\"https:\/\/umfst.ro\/wp-content\/uploads\/2025\/10\/Scimago.jpg 183w, https:\/\/umfst.ro\/wp-content\/uploads\/2025\/10\/Scimago-18x7.jpg 18w\" sizes=\"(max-width: 183px) 100vw, 183px\" \/><\/a><\/figure><div class=\"elementor-image-box-content\"><h3 class=\"elementor-image-box-title\"><a href=\"https:\/\/www.scimagoir.com\/institution.php?idp=11897\" target=\"_blank\" rel=\"noopener\">Scimago Institutions Ranking<\/a><\/h3><\/div><\/div>\t\t\t\t<\/div>\n\t\t\t\t<\/div>\n\t\t\t\t<div class=\"elementor-element elementor-element-015e0d4 elementor-position-left elementor-vertical-align-middle elementor-widget elementor-widget-image-box\" data-id=\"015e0d4\" data-element_type=\"widget\" data-e-type=\"widget\" data-widget_type=\"image-box.default\">\n\t\t\t\t<div class=\"elementor-widget-container\">\n\t\t\t\t\t<div class=\"elementor-image-box-wrapper\"><figure class=\"elementor-image-box-img\"><a href=\"https:\/\/www.4icu.org\/reviews\/3943.htm\" tabindex=\"-1\" target=\"_blank\" rel=\"noopener\"><img decoding=\"async\" width=\"155\" height=\"47\" src=\"https:\/\/umfst.ro\/wp-content\/uploads\/2025\/10\/UniRank.jpg\" class=\"attachment-full size-full wp-image-44356\" alt=\"\" srcset=\"https:\/\/umfst.ro\/wp-content\/uploads\/2025\/10\/UniRank.jpg 155w, https:\/\/umfst.ro\/wp-content\/uploads\/2025\/10\/UniRank-18x5.jpg 18w\" sizes=\"(max-width: 155px) 100vw, 155px\" \/><\/a><\/figure><div class=\"elementor-image-box-content\"><h3 class=\"elementor-image-box-title\"><a href=\"https:\/\/www.4icu.org\/reviews\/3943.htm\" target=\"_blank\" rel=\"noopener\">uniRank<\/a><\/h3><\/div><\/div>\t\t\t\t<\/div>\n\t\t\t\t<\/div>\n\t\t\t\t<div class=\"elementor-element elementor-element-a7ab338 elementor-position-left elementor-vertical-align-middle elementor-widget elementor-widget-image-box\" data-id=\"a7ab338\" data-element_type=\"widget\" data-e-type=\"widget\" data-widget_type=\"image-box.default\">\n\t\t\t\t<div class=\"elementor-widget-container\">\n\t\t\t\t\t<div class=\"elementor-image-box-wrapper\"><figure class=\"elementor-image-box-img\"><a href=\"https:\/\/roundranking.com\/universities\/%60%60george-emil-palade%60%60-university-of-medicine,-pharmacy,-science,-and-technology--of-targu-mures.html?year=2025&#038;subj=1&#038;dimens=T&#038;1761731541945&#038;1761731541945\" tabindex=\"-1\" target=\"_blank\" rel=\"noopener\"><img loading=\"lazy\" decoding=\"async\" width=\"312\" height=\"77\" src=\"https:\/\/umfst.ro\/wp-content\/uploads\/2025\/10\/Round-University-Ranking.jpg\" class=\"attachment-full size-full wp-image-44357\" alt=\"\" srcset=\"https:\/\/umfst.ro\/wp-content\/uploads\/2025\/10\/Round-University-Ranking.jpg 312w, https:\/\/umfst.ro\/wp-content\/uploads\/2025\/10\/Round-University-Ranking-300x74.jpg 300w, https:\/\/umfst.ro\/wp-content\/uploads\/2025\/10\/Round-University-Ranking-18x4.jpg 18w\" sizes=\"(max-width: 312px) 100vw, 312px\" \/><\/a><\/figure><div class=\"elementor-image-box-content\"><h3 class=\"elementor-image-box-title\"><a href=\"https:\/\/roundranking.com\/universities\/%60%60george-emil-palade%60%60-university-of-medicine,-pharmacy,-science,-and-technology--of-targu-mures.html?year=2025&#038;subj=1&#038;dimens=T&#038;1761731541945&#038;1761731541945\" target=\"_blank\" rel=\"noopener\">Round University Ranking<\/a><\/h3><\/div><\/div>\t\t\t\t<\/div>\n\t\t\t\t<\/div>\n\t\t\t\t<div class=\"elementor-element elementor-element-d3c12be elementor-position-left elementor-vertical-align-middle elementor-widget elementor-widget-image-box\" data-id=\"d3c12be\" data-element_type=\"widget\" data-e-type=\"widget\" data-widget_type=\"image-box.default\">\n\t\t\t\t<div class=\"elementor-widget-container\">\n\t\t\t\t\t<div class=\"elementor-image-box-wrapper\"><figure class=\"elementor-image-box-img\"><a href=\"https:\/\/www.timeshighereducation.com\/world-university-rankings\/george-emil-palade-university-medicine-pharmacy-science-and-technology\" tabindex=\"-1\" target=\"_blank\" rel=\"noopener\"><img loading=\"lazy\" decoding=\"async\" width=\"620\" height=\"413\" src=\"https:\/\/umfst.ro\/wp-content\/uploads\/2025\/10\/the_wur_2026_rgb_col.jpg\" class=\"attachment-full size-full wp-image-44360\" alt=\"\" srcset=\"https:\/\/umfst.ro\/wp-content\/uploads\/2025\/10\/the_wur_2026_rgb_col.jpg 620w, https:\/\/umfst.ro\/wp-content\/uploads\/2025\/10\/the_wur_2026_rgb_col-300x200.jpg 300w, https:\/\/umfst.ro\/wp-content\/uploads\/2025\/10\/the_wur_2026_rgb_col-18x12.jpg 18w\" sizes=\"(max-width: 620px) 100vw, 620px\" \/><\/a><\/figure><div class=\"elementor-image-box-content\"><h3 class=\"elementor-image-box-title\"><a href=\"https:\/\/www.timeshighereducation.com\/world-university-rankings\/george-emil-palade-university-medicine-pharmacy-science-and-technology\" target=\"_blank\" rel=\"noopener\">Times Higher Education World University Ranking<\/a><\/h3><\/div><\/div>\t\t\t\t<\/div>\n\t\t\t\t<\/div>\n\t\t\t\t<div class=\"elementor-element elementor-element-e93981a elementor-position-left elementor-vertical-align-middle elementor-widget elementor-widget-image-box\" data-id=\"e93981a\" data-element_type=\"widget\" data-e-type=\"widget\" data-widget_type=\"image-box.default\">\n\t\t\t\t<div class=\"elementor-widget-container\">\n\t\t\t\t\t<div class=\"elementor-image-box-wrapper\"><figure class=\"elementor-image-box-img\"><a href=\"https:\/\/www.topuniversities.com\/universities\/george-emil-palade-university-medicine-pharmacy-science-technology-targu-mures\" tabindex=\"-1\" target=\"_blank\" rel=\"noopener\"><img loading=\"lazy\" decoding=\"async\" width=\"72\" height=\"73\" src=\"https:\/\/umfst.ro\/wp-content\/uploads\/2025\/10\/QS.jpg\" class=\"attachment-full size-full wp-image-44361\" alt=\"\" srcset=\"https:\/\/umfst.ro\/wp-content\/uploads\/2025\/10\/QS.jpg 72w, https:\/\/umfst.ro\/wp-content\/uploads\/2025\/10\/QS-12x12.jpg 12w\" sizes=\"(max-width: 72px) 100vw, 72px\" \/><\/a><\/figure><div class=\"elementor-image-box-content\"><h3 class=\"elementor-image-box-title\"><a href=\"https:\/\/www.topuniversities.com\/universities\/george-emil-palade-university-medicine-pharmacy-science-technology-targu-mures\" target=\"_blank\" rel=\"noopener\">QS World University Rankings: Eastern Europe 2025 <\/a><\/h3><\/div><\/div>\t\t\t\t<\/div>\n\t\t\t\t<\/div>\n\t\t\t\t<div class=\"elementor-element elementor-element-c81535d elementor-vertical-align-middle elementor-widget elementor-widget-image-box\" data-id=\"c81535d\" data-element_type=\"widget\" data-e-type=\"widget\" data-widget_type=\"image-box.default\">\n\t\t\t\t<div class=\"elementor-widget-container\">\n\t\t\t\t\t<div class=\"elementor-image-box-wrapper\"><div class=\"elementor-image-box-content\"><h3 class=\"elementor-image-box-title\"><a href=\"https:\/\/www.edu.ro\/sites\/default\/files\/Metaranking_2024.pdf\" target=\"_blank\" rel=\"noopener\">Metarankingul Universitar \u2013 Clasamentul Universit\u0103\u021bilor din Rom\u00e2nia<\/a><\/h3><\/div><\/div>\t\t\t\t<\/div>\n\t\t\t\t<\/div>\n\t\t\t\t<div class=\"elementor-element elementor-element-c854bda elementor-position-left elementor-vertical-align-middle elementor-widget elementor-widget-image-box\" data-id=\"c854bda\" data-element_type=\"widget\" data-e-type=\"widget\" data-widget_type=\"image-box.default\">\n\t\t\t\t<div class=\"elementor-widget-container\">\n\t\t\t\t\t<div class=\"elementor-image-box-wrapper\"><figure class=\"elementor-image-box-img\"><a href=\"https:\/\/studyabroadaide.com\/institutions\/george-emil-palade-university-of-medicine-pharmacy-science-and-technology-of-targu-mures\/\" tabindex=\"-1\" target=\"_blank\" rel=\"noopener\"><img loading=\"lazy\" decoding=\"async\" width=\"249\" height=\"86\" src=\"https:\/\/umfst.ro\/wp-content\/uploads\/2025\/10\/StudyAbroadAide.jpg\" class=\"attachment-full size-full wp-image-44362\" alt=\"\" srcset=\"https:\/\/umfst.ro\/wp-content\/uploads\/2025\/10\/StudyAbroadAide.jpg 249w, https:\/\/umfst.ro\/wp-content\/uploads\/2025\/10\/StudyAbroadAide-18x6.jpg 18w\" sizes=\"(max-width: 249px) 100vw, 249px\" \/><\/a><\/figure><div class=\"elementor-image-box-content\"><h3 class=\"elementor-image-box-title\"><a href=\"https:\/\/studyabroadaide.com\/institutions\/george-emil-palade-university-of-medicine-pharmacy-science-and-technology-of-targu-mures\/\" target=\"_blank\" rel=\"noopener\">Study Abroad Aide Ranking<\/a><\/h3><\/div><\/div>\t\t\t\t<\/div>\n\t\t\t\t<\/div>\n\t\t\t\t<div class=\"elementor-element elementor-element-6ef641c elementor-widget elementor-widget-text-editor\" data-id=\"6ef641c\" data-element_type=\"widget\" data-e-type=\"widget\" data-widget_type=\"text-editor.default\">\n\t\t\t\t<div class=\"elementor-widget-container\">\n\t\t\t\t\t\t\t\t\t<h2 role=\"heading\" data-uw-rm-heading=\"level\"><strong>Personal<\/strong><\/h2><p><strong>Coordonator<br \/><\/strong>Prof. univ. dr.\u00a0Carmen Muntean<\/p><p><strong>Secretar<br \/><\/strong>Adriana Simon<\/p>\t\t\t\t\t\t\t\t<\/div>\n\t\t\t\t<\/div>\n\t\t\t\t<div class=\"elementor-element elementor-element-9ba0b39 elementor-hidden-widescreen elementor-hidden-desktop elementor-hidden-tablet elementor-hidden-mobile elementor-widget elementor-widget-text-editor\" data-id=\"9ba0b39\" data-element_type=\"widget\" data-e-type=\"widget\" data-widget_type=\"text-editor.default\">\n\t\t\t\t<div class=\"elementor-widget-container\">\n\t\t\t\t\t\t\t\t\t<p>\u00a0<\/p><ul><li><a href=\"https:\/\/greenmetric.ui.ac.id\/rankings\/overall-rankings-2024\" target=\"_blank\" rel=\"noopener\" data-uw-rm-brl=\"PR\" data-uw-original-href=\"https:\/\/greenmetric.ui.ac.id\/rankings\/overall-rankings-2024\" aria-label=\"Green Metric - deschide \u00eentr-o fil\u0103 nou\u0103\" data-uw-rm-ext-link=\"\" data-uw-original-><b>UI Green Metric<\/b><\/a><\/li><li><a href=\"https:\/\/www.scimagoir.com\/institution.php?idp=11897\" data-uw-rm-brl=\"PR\" data-uw-original-href=\"https:\/\/www.scimagoir.com\/institution.php?idp=11897\" data-uw-original- target=\"_blank\" rel=\"noopener\"><strong>Scimago Institutions Ranking<\/strong><\/a><\/li><li><a href=\"https:\/\/www.webometrics.info\/en\/detalles\/009maf963\" data-uw-rm-brl=\"PR\" data-uw-original-href=\"https:\/\/www.webometrics.info\/en\/detalles\/009maf963\" data-uw-original- target=\"_blank\" rel=\"noopener\"><strong>Webometric \u2013 ranking web of universities<\/strong><\/a><\/li><li><a href=\"https:\/\/www.4icu.org\/reviews\/3943.htm\" data-uw-rm-brl=\"PR\" data-uw-original-href=\"https:\/\/www.4icu.org\/reviews\/3943.htm\" data-uw-original- target=\"_blank\" rel=\"noopener\"><strong>uniRank<\/strong><\/a><\/li><li><a href=\"https:\/\/roundranking.com\/universities\/george-emil-palade-university-of-medicine-pharmacy-science-and-technology-of-targu-mures.html?highlight=WyJnZW9yZ2UiLCJlbWlsIiwicGFsYWRlIiwiZ2VvcmdlIGVtaWwiLCJnZW9yZ2UgZW1pbCBwYWxhZGUiLCJlbWlsIHBhbGFkZSJd\" data-uw-rm-brl=\"PR\" data-uw-original-href=\"https:\/\/roundranking.com\/universities\/george-emil-palade-university-of-medicine-pharmacy-science-and-technology-of-targu-mures.html?highlight=WyJnZW9yZ2UiLCJlbWlsIiwicGFsYWRlIiwiZ2VvcmdlIGVtaWwiLCJnZW9yZ2UgZW1pbCBwYWxhZGUiLCJlbWlsIHBhbGFkZSJd\" data-uw-original- target=\"_blank\" rel=\"noopener\"><strong>Round University Ranking<\/strong><\/a><\/li><li><a href=\"https:\/\/www.timeshighereducation.com\/world-university-rankings\/george-emil-palade-university-medicine-pharmacy-science-and-technology\" data-uw-rm-brl=\"PR\" data-uw-original-href=\"https:\/\/www.timeshighereducation.com\/world-university-rankings\/george-emil-palade-university-medicine-pharmacy-science-and-technology\" data-uw-original- target=\"_blank\" rel=\"noopener\"><strong>The Times Higher Education\u00a0World University Rankings<\/strong><\/a><\/li><li><a href=\"https:\/\/qa.ubbcluj.ro\/documents\/calitate_competitivitate\/Metaranking_Universitar_2023_Clasamentul-Universitatilor-Romanesti.pdf\" data-uw-pdf-br=\"2\" data-uw-pdf-doc=\"\" target=\"_blank\" rel=\"noopener\"><strong>Metarankingul Universitar \u2013 Clasamentul Universit\u0103\u021bilor din Rom\u00e2nia<\/strong><\/a><\/li><li><a href=\"https:\/\/studyabroadaide.com\/institutions\/george-emil-palade-university-of-medicine-pharmacy-science-and-technology-of-targu-mures\/\" data-uw-rm-brl=\"PR\" data-uw-original-href=\"https:\/\/studyabroadaide.com\/institutions\/george-emil-palade-university-of-medicine-pharmacy-science-and-technology-of-targu-mures\/\" data-uw-original- target=\"_blank\" rel=\"noopener\"><strong>Study Abroad Aide Ranking<\/strong><\/a><\/li><\/ul>\t\t\t\t\t\t\t\t<\/div>\n\t\t\t\t<\/div>\n\t\t\t\t\t<\/div>\n\t\t<\/div>\n\t\t\t\t<div class=\"elementor-column elementor-col-50 elementor-top-column elementor-element elementor-element-3469adb\" data-id=\"3469adb\" data-element_type=\"column\" data-e-type=\"column\">\n\t\t\t<div class=\"elementor-widget-wrap elementor-element-populated\">\n\t\t\t\t\t\t<section class=\"elementor-section elementor-inner-section elementor-element elementor-element-2865a57 elementor-section-boxed elementor-section-height-default elementor-section-height-default\" data-id=\"2865a57\" data-element_type=\"section\" data-e-type=\"section\">\n\t\t\t\t\t\t<div class=\"elementor-container elementor-column-gap-default\">\n\t\t\t\t\t<div data-dce-background-color=\"#F2F7FF\" class=\"elementor-column elementor-col-100 elementor-inner-column elementor-element elementor-element-4e07a17\" data-id=\"4e07a17\" data-element_type=\"column\" data-e-type=\"column\" data-settings=\"{&quot;background_background&quot;:&quot;classic&quot;}\">\n\t\t\t<div class=\"elementor-widget-wrap elementor-element-populated\">\n\t\t\t\t\t\t<div class=\"elementor-element elementor-element-f0e650c elementor-widget elementor-widget-heading\" data-id=\"f0e650c\" data-element_type=\"widget\" data-e-type=\"widget\" data-widget_type=\"heading.default\">\n\t\t\t\t<div class=\"elementor-widget-container\">\n\t\t\t\t\t<h5 class=\"elementor-heading-title elementor-size-default\">Kapcsolat<\/h5>\t\t\t\t<\/div>\n\t\t\t\t<\/div>\n\t\t\t\t<div class=\"elementor-element elementor-element-e4c26ca elementor-widget-divider--view-line elementor-widget elementor-widget-divider\" data-id=\"e4c26ca\" data-element_type=\"widget\" data-e-type=\"widget\" data-widget_type=\"divider.default\">\n\t\t\t\t<div class=\"elementor-widget-container\">\n\t\t\t\t\t\t\t<div class=\"elementor-divider\">\n\t\t\t<span class=\"elementor-divider-separator\">\n\t\t\t\t\t\t<\/span>\n\t\t<\/div>\n\t\t\t\t\t\t<\/div>\n\t\t\t\t<\/div>\n\t\t\t\t<div class=\"elementor-element elementor-element-c88b8db elementor-widget__width-initial elementor-widget elementor-widget-icon-box\" data-id=\"c88b8db\" data-element_type=\"widget\" data-e-type=\"widget\" data-widget_type=\"icon-box.default\">\n\t\t\t\t<div class=\"elementor-widget-container\">\n\t\t\t\t\t\t\t<div class=\"elementor-icon-box-wrapper\">\n\n\t\t\t\n\t\t\t\t\t\t<div class=\"elementor-icon-box-content\">\n\n\t\t\t\t\t\t\t\t\t<h3 class=\"elementor-icon-box-title\">\n\t\t\t\t\t\t<span  >\n\t\t\t\t\t\t\tAdres\u0103\t\t\t\t\t\t<\/span>\n\t\t\t\t\t<\/h3>\n\t\t\t\t\n\t\t\t\t\t\t\t\t\t<p class=\"elementor-icon-box-description\">\n\t\t\t\t\t\tUMFST G.E. Palade T\u00e2rgu Mure\u0219, Str. Gheorghe Marinescu Nr. 38 , cam.   E 010, T\u00e2rgu Mure\u0219, jud. Mure\u0219\t\t\t\t\t<\/p>\n\t\t\t\t\n\t\t\t<\/div>\n\t\t\t\n\t\t<\/div>\n\t\t\t\t\t\t<\/div>\n\t\t\t\t<\/div>\n\t\t\t\t<div class=\"elementor-element elementor-element-003aa63 elementor-widget elementor-widget-icon-box\" data-id=\"003aa63\" data-element_type=\"widget\" data-e-type=\"widget\" data-widget_type=\"icon-box.default\">\n\t\t\t\t<div class=\"elementor-widget-container\">\n\t\t\t\t\t\t\t<div class=\"elementor-icon-box-wrapper\">\n\n\t\t\t\n\t\t\t\t\t\t<div class=\"elementor-icon-box-content\">\n\n\t\t\t\t\t\t\t\t\t<h3 class=\"elementor-icon-box-title\">\n\t\t\t\t\t\t<span  >\n\t\t\t\t\t\t\tEmail\t\t\t\t\t\t<\/span>\n\t\t\t\t\t<\/h3>\n\t\t\t\t\n\t\t\t\t\t\t\t\t\t<p class=\"elementor-icon-box-description\">\n\t\t\t\t\t\tranking@umfst.ro; \nadriana.simon@umfst.ro\t\t\t\t\t<\/p>\n\t\t\t\t\n\t\t\t<\/div>\n\t\t\t\n\t\t<\/div>\n\t\t\t\t\t\t<\/div>\n\t\t\t\t<\/div>\n\t\t\t\t<div class=\"elementor-element elementor-element-58ef956 elementor-widget elementor-widget-icon-box\" data-id=\"58ef956\" data-element_type=\"widget\" data-e-type=\"widget\" data-widget_type=\"icon-box.default\">\n\t\t\t\t<div class=\"elementor-widget-container\">\n\t\t\t\t\t\t\t<div class=\"elementor-icon-box-wrapper\">\n\n\t\t\t\n\t\t\t\t\t\t<div class=\"elementor-icon-box-content\">\n\n\t\t\t\t\t\t\t\t\t<h3 class=\"elementor-icon-box-title\">\n\t\t\t\t\t\t<span  >\n\t\t\t\t\t\t\tTelefon\t\t\t\t\t\t<\/span>\n\t\t\t\t\t<\/h3>\n\t\t\t\t\n\t\t\t\t\t\t\t\t\t<p class=\"elementor-icon-box-description\">\n\t\t\t\t\t\t+40-265-21.55.51, int. 119\t\t\t\t\t<\/p>\n\t\t\t\t\n\t\t\t<\/div>\n\t\t\t\n\t\t<\/div>\n\t\t\t\t\t\t<\/div>\n\t\t\t\t<\/div>\n\t\t\t\t<div class=\"elementor-element elementor-element-dc4c517 elementor-widget elementor-widget-icon-box\" data-id=\"dc4c517\" data-element_type=\"widget\" data-e-type=\"widget\" data-widget_type=\"icon-box.default\">\n\t\t\t\t<div class=\"elementor-widget-container\">\n\t\t\t\t\t\t\t<div class=\"elementor-icon-box-wrapper\">\n\n\t\t\t\n\t\t\t\t\t\t<div class=\"elementor-icon-box-content\">\n\n\t\t\t\t\t\t\t\t\t<h3 class=\"elementor-icon-box-title\">\n\t\t\t\t\t\t<span  >\n\t\t\t\t\t\t\tFax\t\t\t\t\t\t<\/span>\n\t\t\t\t\t<\/h3>\n\t\t\t\t\n\t\t\t\t\t\t\t\t\t<p class=\"elementor-icon-box-description\">\n\t\t\t\t\t\t+40-265-21.04.07\t\t\t\t\t<\/p>\n\t\t\t\t\n\t\t\t<\/div>\n\t\t\t\n\t\t<\/div>\n\t\t\t\t\t\t<\/div>\n\t\t\t\t<\/div>\n\t\t\t\t\t<\/div>\n\t\t<\/div>\n\t\t\t\t\t<\/div>\n\t\t<\/section>\n\t\t\t\t\t<\/div>\n\t\t<\/div>\n\t\t\t\t\t<\/div>\n\t\t<\/section>\n\t\t\t\t<section class=\"elementor-section elementor-top-section elementor-element elementor-element-9044bff elementor-section-boxed elementor-section-height-default elementor-section-height-default\" data-id=\"9044bff\" data-element_type=\"section\" data-e-type=\"section\">\n\t\t\t\t\t\t<div class=\"elementor-container elementor-column-gap-default\">\n\t\t\t\t\t<div class=\"elementor-column elementor-col-100 elementor-top-column elementor-element elementor-element-39458f1\" data-id=\"39458f1\" data-element_type=\"column\" data-e-type=\"column\">\n\t\t\t<div class=\"elementor-widget-wrap elementor-element-populated\">\n\t\t\t\t\t\t<div class=\"elementor-element elementor-element-7861117 elementor-widget elementor-widget-text-editor\" data-id=\"7861117\" data-element_type=\"widget\" data-e-type=\"widget\" data-widget_type=\"text-editor.default\">\n\t\t\t\t<div class=\"elementor-widget-container\">\n\t\t\t\t\t\t\t\t\t<h2>Rapoarte<\/h2>\t\t\t\t\t\t\t\t<\/div>\n\t\t\t\t<\/div>\n\t\t\t\t<div data-dce-background-color=\"#2359B317\" class=\"elementor-element elementor-element-1844de4 elementor-widget__width-auto elementor-widget elementor-widget-button\" data-id=\"1844de4\" data-element_type=\"widget\" data-e-type=\"widget\" data-widget_type=\"button.default\">\n\t\t\t\t<div class=\"elementor-widget-container\">\n\t\t\t\t\t\t\t\t\t<div class=\"elementor-button-wrapper\">\n\t\t\t\t\t<a class=\"elementor-button elementor-button-link elementor-size-sm\" href=\"https:\/\/www.umfst.ro\/fileadmin\/ranking_academic\/Raport_de_activitate_CSRU_an_2025.pdf\" target=\"_blank\">\n\t\t\t\t\t\t<span class=\"elementor-button-content-wrapper\">\n\t\t\t\t\t\t<span class=\"elementor-button-icon\">\n\t\t\t\t<i aria-hidden=\"true\" class=\"fas fa-file-pdf\"><\/i>\t\t\t<\/span>\n\t\t\t\t\t\t\t\t\t<span class=\"elementor-button-text\">2025<\/span>\n\t\t\t\t\t<\/span>\n\t\t\t\t\t<\/a>\n\t\t\t\t<\/div>\n\t\t\t\t\t\t\t\t<\/div>\n\t\t\t\t<\/div>\n\t\t\t\t\t<\/div>\n\t\t<\/div>\n\t\t\t\t\t<\/div>\n\t\t<\/section>\n\t\t\t\t<\/div>","protected":false},"excerpt":{"rendered":"<p>Compartimentul de Scientometrie \u0219i Ranking Universitar din cadrul Universit\u0103\u021bii de Medicin\u0103, Farmacie, \u0218tiin\u021be \u0219i Tehnologie \u201eGeorge Emil Palade\u201d din T\u00e2rgu Mure\u0219 a fost \u00eenfiin\u021bat \u00een vederea cre\u0103rii unui cadru organizatoric \u0219i institu\u021bional \u00een care echipa de lucru s\u0103 g\u0103seasc\u0103 \u0219i s\u0103 aplice metode, tehnici \u0219i proceduri de lucru care s\u0103 duc\u0103 la confirmarea extern\u0103 a [&hellip;]<\/p>\n","protected":false},"author":3,"featured_media":0,"parent":83,"menu_order":9,"comment_status":"closed","ping_status":"closed","template":"","meta":{"_relevanssi_hide_post":"","_relevanssi_hide_content":"","_relevanssi_pin_for_all":"","_relevanssi_pin_keywords":"","_relevanssi_unpin_keywords":"","_relevanssi_related_keywords":"","_relevanssi_related_include_ids":"","_relevanssi_related_exclude_ids":"","_relevanssi_related_no_append":"","_relevanssi_related_not_related":"","_relevanssi_related_posts":"150,154","_relevanssi_noindex_reason":"","footnotes":""},"categories":[16],"tags":[],"class_list":["post-764","page","type-page","status-publish","hentry","category-pagina-sidebar"],"meta_box":[],"_links":{"self":[{"href":"https:\/\/umfst.ro\/hu\/wp-json\/wp\/v2\/pages\/764","targetHints":{"allow":["GET"]}}],"collection":[{"href":"https:\/\/umfst.ro\/hu\/wp-json\/wp\/v2\/pages"}],"about":[{"href":"https:\/\/umfst.ro\/hu\/wp-json\/wp\/v2\/types\/page"}],"author":[{"embeddable":true,"href":"https:\/\/umfst.ro\/hu\/wp-json\/wp\/v2\/users\/3"}],"replies":[{"embeddable":true,"href":"https:\/\/umfst.ro\/hu\/wp-json\/wp\/v2\/comments?post=764"}],"version-history":[{"count":79,"href":"https:\/\/umfst.ro\/hu\/wp-json\/wp\/v2\/pages\/764\/revisions"}],"predecessor-version":[{"id":46709,"href":"https:\/\/umfst.ro\/hu\/wp-json\/wp\/v2\/pages\/764\/revisions\/46709"}],"up":[{"embeddable":true,"href":"https:\/\/umfst.ro\/hu\/wp-json\/wp\/v2\/pages\/83"}],"wp:attachment":[{"href":"https:\/\/umfst.ro\/hu\/wp-json\/wp\/v2\/media?parent=764"}],"wp:term":[{"taxonomy":"category","embeddable":true,"href":"https:\/\/umfst.ro\/hu\/wp-json\/wp\/v2\/categories?post=764"},{"taxonomy":"post_tag","embeddable":true,"href":"https:\/\/umfst.ro\/hu\/wp-json\/wp\/v2\/tags?post=764"}],"curies":[{"name":"wp","href":"https:\/\/api.w.org\/{rel}","templated":true}]}}