{"id":2060,"date":"2023-07-18T08:58:43","date_gmt":"2023-07-18T08:58:43","guid":{"rendered":"https:\/\/dev.umfst.ro\/inginerie\/?page_id=2060"},"modified":"2025-03-06T11:46:48","modified_gmt":"2025-03-06T11:46:48","slug":"secretariat","status":"publish","type":"page","link":"https:\/\/umfst.ro\/inginerie\/en\/organizare\/secretariat\/","title":{"rendered":"Ancillary academic staff"},"content":{"rendered":"<div data-elementor-type=\"wp-page\" data-elementor-id=\"2060\" class=\"elementor elementor-2060\" data-elementor-post-type=\"page\">\n\t\t\t\t\t\t<section class=\"elementor-section elementor-top-section elementor-element elementor-element-51a1e9b elementor-section-boxed elementor-section-height-default elementor-section-height-default\" data-id=\"51a1e9b\" data-element_type=\"section\" data-e-type=\"section\">\n\t\t\t\t\t\t<div class=\"elementor-container elementor-column-gap-default\">\n\t\t\t\t\t<div class=\"elementor-column elementor-col-100 elementor-top-column elementor-element elementor-element-01cf894\" data-id=\"01cf894\" data-element_type=\"column\" data-e-type=\"column\">\n\t\t\t<div class=\"elementor-widget-wrap elementor-element-populated\">\n\t\t\t\t\t\t<div class=\"elementor-element elementor-element-d49ef18 elementor-widget elementor-widget-text-editor\" data-id=\"d49ef18\" data-element_type=\"widget\" data-e-type=\"widget\" data-widget_type=\"text-editor.default\">\n\t\t\t\t<div class=\"elementor-widget-container\">\n\t\t\t\t\t\t\t\t\t<h2>SECRETARIAT<\/h2>\n<p><!-- \/wp:heading --><\/p>\n<p><!-- wp:paragraph --><\/p>\n<p><!-- \/wp:paragraph --><\/p>\n<p><!-- wp:paragraph --><\/p>\n<p><strong>Tel: +40-0265-20.89.54<\/strong><\/p>\n<p><strong>Faculty Secretary-in-Chief<\/strong> Sab\u0103u Nicoleta<br \/><br \/><\/p>\n<p><strong>Secretary:<\/strong> Baias Dana<\/p>\n<p>Tel: +40-265-215.551, int. 512<\/p>\n<ul>\n<li>Automation and applied informatics<\/li>\n<li>Medical engineering<\/li>\n<li>Energy Systems and Information Technology<br \/><br \/><\/li>\n<\/ul>\n<p><strong>Secretary:<\/strong> G\u00eerlon\u021ba Kinga<\/p>\n<p>Tel: +40-265-215.551, int. 558<\/p>\n<ul>\n<li>Machine building technology<\/li>\n<li>Industrial Economic Engineering<\/li>\n<li>Informatic\u0103 (LR)<\/li>\n<li>Informatic\u0103 (LM)<\/li>\n<\/ul>\n<p><strong><br \/>Secretary:<\/strong>\u00a0Pa\u0219ca Andrada<\/p>\n<p>Tel: +40-265-215.551, int. 512<\/p>\n<ul>\n<li>Arhitectur\u0103 (LE)<\/li>\n<li>Industrial processes automation control systems<\/li>\n<li>Energy Systems Management<\/li>\n<li>Computer Aided Design\/Computer Aided Manufacturing<\/li>\n<li>Quality System Management<\/li>\n<li>Artificial Intelligence<\/li>\n<\/ul>\n<p><strong><br \/>Program cu publicul:\u00a0\u00a0\u00a0\u00a0\u00a0 <\/strong><\/p>\n<p style=\"padding-left: 40px\"><strong>Luni, orele 11-14<\/strong><\/p>\n<p style=\"padding-left: 40px\"><strong>Mar\u021bi, orele 11-16<\/strong><\/p>\n<p style=\"padding-left: 40px\"><strong>Miercuri, orele 11-14<\/strong><\/p>\n<p style=\"padding-left: 40px\"><strong>Joi, orele 11-16<\/strong><\/p>\n<p style=\"padding-left: 40px\"><strong>Vineri, orele 11-14<\/strong><\/p>\n<p><!-- \/wp:paragraph --><\/p>\t\t\t\t\t\t\t\t<\/div>\n\t\t\t\t<\/div>\n\t\t\t\t\t<\/div>\n\t\t<\/div>\n\t\t\t\t\t<\/div>\n\t\t<\/section>\n\t\t\t\t<section class=\"elementor-section elementor-top-section elementor-element elementor-element-c38e38c elementor-section-boxed elementor-section-height-default elementor-section-height-default\" data-id=\"c38e38c\" data-element_type=\"section\" data-e-type=\"section\">\n\t\t\t\t\t\t<div class=\"elementor-container elementor-column-gap-default\">\n\t\t\t\t\t<div class=\"elementor-column elementor-col-100 elementor-top-column elementor-element elementor-element-0b5addc\" data-id=\"0b5addc\" data-element_type=\"column\" data-e-type=\"column\">\n\t\t\t<div class=\"elementor-widget-wrap elementor-element-populated\">\n\t\t\t\t\t\t<div class=\"elementor-element elementor-element-1fef171 elementor-widget elementor-widget-text-editor\" data-id=\"1fef171\" data-element_type=\"widget\" data-e-type=\"widget\" data-widget_type=\"text-editor.default\">\n\t\t\t\t<div class=\"elementor-widget-container\">\n\t\t\t\t\t\t\t\t\t<p><!-- wp:heading --><\/p>\n<h2>CONTACT DETAILS<\/h2>\n<p><!-- \/wp:heading --><\/p>\n<p><!-- wp:paragraph --><\/p>\n<p>Nicolae Iorga, 1, T\u00e2rgu Mure\u0219, Mure\u0219, 540088, Rom\u00e2nia<br \/>Tel: +40-265-215.551, +40-265-208.954 <br \/>E-mail: <a href=\"mailto:decanat.farmacie@umfst.ro\">decanat.inginerie@umfst.ro<\/a><\/p>\n<p style=\"font-size: 14px !important;font-family: 'Open Sans', sans-serif;margin: 0px !important;padding: 0px 0px 10px;color: #747474;font-weight: 400;font-style: normal;letter-spacing: normal;text-align: start;text-indent: 0px;text-transform: none\">\u00a0<\/p>\n<p><!-- \/wp:paragraph --><\/p>\n<p><!-- wp:paragraph --><\/p>\n<p><strong>\u00a0<\/strong><\/p>\n<p><!-- \/wp:paragraph --><\/p>\t\t\t\t\t\t\t\t<\/div>\n\t\t\t\t<\/div>\n\t\t\t\t\t<\/div>\n\t\t<\/div>\n\t\t\t\t\t<\/div>\n\t\t<\/section>\n\t\t\t\t<\/div>","protected":false},"excerpt":{"rendered":"<p>SECRETARIAT Tel: +40-0265-20.89.54 Secretar-\u0219ef Sab\u0103u Nicoleta Secretar Baias Dana Tel: +40-265-215.551, int. 512 Automatic\u0103 \u0219i informatic\u0103 aplicat\u0103 Inginerie medical\u0103 Energetic\u0103 \u0219i tehnologii informatice Secretar G\u00eerlon\u021ba Kinga Tel: +40-265-215.551, int. 558 Tehnologia construc\u021biilor de ma\u0219ini Inginerie economic\u0103 industrial\u0103 Informatic\u0103 (LR) Informatic\u0103 (LM) Secretar\u00a0Pa\u0219ca Andrada Tel: +40-265-215.551, int. 512 Arhitectur\u0103 (LE) Sisteme automate de conducere a proceselor [&hellip;]<\/p>\n","protected":false},"author":25,"featured_media":0,"parent":29,"menu_order":4,"comment_status":"closed","ping_status":"closed","template":"","meta":{"_relevanssi_hide_post":"","_relevanssi_hide_content":"","_relevanssi_pin_for_all":"","_relevanssi_pin_keywords":"","_relevanssi_unpin_keywords":"","_relevanssi_related_keywords":"","_relevanssi_related_include_ids":"","_relevanssi_related_exclude_ids":"","_relevanssi_related_no_append":"","_relevanssi_related_not_related":"","_relevanssi_related_posts":"1","_relevanssi_noindex_reason":"","footnotes":""},"categories":[13,43],"tags":[],"class_list":["post-2060","page","type-page","status-publish","hentry","category-pagina-cu-sidebar","category-pagina-organizare"],"meta_box":[],"_links":{"self":[{"href":"https:\/\/umfst.ro\/inginerie\/en\/wp-json\/wp\/v2\/pages\/2060","targetHints":{"allow":["GET"]}}],"collection":[{"href":"https:\/\/umfst.ro\/inginerie\/en\/wp-json\/wp\/v2\/pages"}],"about":[{"href":"https:\/\/umfst.ro\/inginerie\/en\/wp-json\/wp\/v2\/types\/page"}],"author":[{"embeddable":true,"href":"https:\/\/umfst.ro\/inginerie\/en\/wp-json\/wp\/v2\/users\/25"}],"replies":[{"embeddable":true,"href":"https:\/\/umfst.ro\/inginerie\/en\/wp-json\/wp\/v2\/comments?post=2060"}],"version-history":[{"count":51,"href":"https:\/\/umfst.ro\/inginerie\/en\/wp-json\/wp\/v2\/pages\/2060\/revisions"}],"predecessor-version":[{"id":3749,"href":"https:\/\/umfst.ro\/inginerie\/en\/wp-json\/wp\/v2\/pages\/2060\/revisions\/3749"}],"up":[{"embeddable":true,"href":"https:\/\/umfst.ro\/inginerie\/en\/wp-json\/wp\/v2\/pages\/29"}],"wp:attachment":[{"href":"https:\/\/umfst.ro\/inginerie\/en\/wp-json\/wp\/v2\/media?parent=2060"}],"wp:term":[{"taxonomy":"category","embeddable":true,"href":"https:\/\/umfst.ro\/inginerie\/en\/wp-json\/wp\/v2\/categories?post=2060"},{"taxonomy":"post_tag","embeddable":true,"href":"https:\/\/umfst.ro\/inginerie\/en\/wp-json\/wp\/v2\/tags?post=2060"}],"curies":[{"name":"wp","href":"https:\/\/api.w.org\/{rel}","templated":true}]}}